{"id":361288,"date":"2022-09-01T16:38:33","date_gmt":"2022-09-01T23:38:33","guid":{"rendered":"https:\/\/www.santamonica.com\/?page_id=361288"},"modified":"2026-01-09T08:07:04","modified_gmt":"2026-01-09T16:07:04","slug":"formulaire-afm","status":"publish","type":"page","link":"https:\/\/www.santamonica.com\/fr\/afm-form\/","title":{"rendered":"Formulaire sp\u00e9cial AFM"},"content":{"rendered":"<div class=\"wp-block-columns is-layout-flex wp-container-core-columns-is-layout-28f84493 wp-block-columns-is-layout-flex base-block\">\n<div class=\"wp-block-column is-layout-flow wp-block-column-is-layout-flow base-block\">\n<h3 class=\"wp-block-heading base-block\">Types de produits sp\u00e9ciaux \u00e0 inclure :<\/h3>\n\n\n\n<ul class=\"wp-block-list base-block\">\n<li class=\"base-block\">Pourcentage de r\u00e9duction sur l'ensemble de l'achat\/du repas (les pourcentages d\u00e9sign\u00e9s varient entre 5%-20%)&nbsp;<\/li>\n\n\n\n<li class=\"base-block\">Valeur mon\u00e9taire sur l'ensemble de l'achat\/du repas (les valeurs d\u00e9sign\u00e9es varient entre $5 et $20)&nbsp;<\/li>\n\n\n\n<li class=\"base-block\">Article gratuit (ex. entr\u00e9e gratuite \u00e0 l'achat d'un plat principal, cadeau gratuit \u00e0 l'achat de $50 ou plus, etc.)<\/li>\n\n\n\n<li class=\"base-block\">Service sp\u00e9cial (par exemple, places assises garanties dans 15 minutes pour les participants \u00e0 l'AFM, menu \u00e0 prix fixe personnalis\u00e9 pour l'AFM, etc.)<\/li>\n<\/ul>\n\n\n\n<p class=\"base-block\">*Veuillez noter qu'en raison des contrats de l'AFM avec les h\u00f4tels, les tarifs des chambres d'h\u00f4tel ne sont pas \u00e9ligibles pour cette promotion.<\/p>\n<\/div>\n\n\n\n<div class=\"wp-block-column is-layout-flow wp-block-column-is-layout-flow base-block\">\n<h3 class=\"wp-block-heading base-block\">Qu'obtenez-vous en participant ?<\/h3>\n\n\n\n<ul class=\"wp-block-list base-block\">\n<li class=\"base-block\">Inclusion gratuite sur&nbsp;<a href=\"https:\/\/www.santamonica.com\/fr\/afm\/\" target=\"_blank\" rel=\"noreferrer noopener\">santamonica.com\/AFM<\/a><\/li>\n\n\n\n<li class=\"base-block\">Promotion aupr\u00e8s des participants par le biais d'entreprises locales et de chambres d'h\u00f4tel, ainsi que par le comit\u00e9 d'accueil au d\u00e9but du march\u00e9.<\/li>\n\n\n\n<li class=\"base-block\">Promotion dans des lieux tr\u00e8s fr\u00e9quent\u00e9s du march\u00e9&nbsp;<\/li>\n<\/ul>\n\n\n\n<p class=\"base-block\"><\/p>\n<\/div>\n<\/div>\n\n\n\n<section class=\"simpleview-form-block sm-block\">\n        <h2 class=\"simpleview-form-block__heading\">\n            March\u00e9 du film am\u00e9ricain 2023        <\/h2>\n    <div class=\"simpleview-form-block__form sm-form\">\n        <form action=\"\" method=\"post\" name=\"frm_83\" class=\"simpleForm\" onsubmit=\"return svcrm.formBuilderScripts.validateForm(this);\" data-trp-original-action=\"\">\r\n\t\t\t\t<input id=\"formid\" name=\"formid\" type=\"hidden\" value=\"83\">\r\n\t\t\t\t<input id=\"groupid\" name=\"groupid\" type=\"hidden\" value=\"16\">\r\n\t\t\t\t<input id=\"isSubmitted\" name=\"isSubmitted\" value=\"1\" type=\"hidden\">\r\n\t\t\t\t\r\n\t\t\t\t\r\n\t\t\t\t\t<h3>Soumission \u00e0 l'AFM<\/h3>\r\n\t\t\t\t\t\r\n\t\t\t\t\t\t<p class=\"text-center\"><\/p><p style=\"text-align: center;\">Les offres sp\u00e9ciales doivent \u00eatre diffus\u00e9es pendant toute la dur\u00e9e du spectacle, du 31 octobre au 5 novembre 2023.<\/p>\t\t\t\r\n\t\t\t\t\t\r\n\t\t\t\t\t\t\t\t<div id=\"rowcontainer_udf_647\" class=\"row\">\t\t\t\t\t\t\t\t\t\r\n\t\t\t\t\t\t\t\t\t\r\n\t\t\t\t\t\t\t\t\t\t<div id=\"labelcontainer_udf_647\" class=\"medium-3 columns\">\r\n\t\t\t\t\t\t\t\t\t\t\t<div id=\"td_udf_647\">\r\n\t\t\t\t\t\t\t\t\t\t\t\t<label id=\"label_udf_647\" for=\"udf_647\" class=\"formreq\">Type d'AFM Sp\u00e9cial* :<\/label>\r\n\t\t\t\t\t\t\t\t\t\t\t\t\r\n\t\t\t\t\t\t\t\t\t\t\t<\/div>\r\n\t\t\t\t\t\t\t\t\t\t<\/div>\t\r\n\t\t\t\t\t\t\t\t\t\r\n\t\t\t\t\t\t\t\t\t<div id=\"fieldcontainer_udf_647\" class=\"medium-9 columns\">\r\n\t\t\t\t\t\t\t\t\t\t\t\t\t\t\t\r\n\t\t\t\t\t<select class=\"\" id=\"udf_647\" name=\"udf_647\">\r\n\t\t\t\t\t<option value=\"\">-None-<\/option> \r\n\t\t\t\t\t<option value=\"760\">Pourcentage de r\u00e9duction sur l'ensemble de l'achat\/facture<\/option>\r\n\t\t\t\t\t\r\n\t\t\t\t\t<option value=\"762\">R\u00e9duction d'un dollar sur l'ensemble de l'achat\/facture<\/option>\r\n\t\t\t\t\t\r\n\t\t\t\t\t<option value=\"761\">Article gratuit (ex. entr\u00e9e gratuite \u00e0 l'achat d'une entr\u00e9e, cadeau gratuit \u00e0 l'achat de $50 ou plus, etc.)<\/option>\r\n\t\t\t\t\t\r\n\t\t\t\t\t<option value=\"775\">Service sp\u00e9cial (par exemple, garantie d'une place assise dans 15 minutes, menu \u00e0 prix fixe personnalis\u00e9 de l'AFM, etc.)<\/option>\r\n\t\t\t\t\t\r\n\t\t\t\t\t<\/select>\r\n\t\t\t\t<p class=\"hint\">Veuillez s\u00e9lectionner la valeur en dollars d\u00e9sign\u00e9e\/le pourcentage de r\u00e9duction ci-dessous ou d\u00e9crivez votre article gratuit ou votre offre de service sp\u00e9cial.<\/p>\r\n\t\t\t\t\t\t\t\t\t<\/div>\t\t\t\t\t\t\t\t\t\r\n\t\t\t\t\t\t\t\t<\/div>\r\n\t\t\t\t\t\t\t\r\n\t\t\t\t\t\t\t\t<div id=\"rowcontainer_udf_651\" class=\"row\">\t\t\t\t\t\t\t\t\t\r\n\t\t\t\t\t\t\t\t\t\r\n\t\t\t\t\t\t\t\t\t\t<div id=\"labelcontainer_udf_651\" class=\"medium-3 columns\">\r\n\t\t\t\t\t\t\t\t\t\t\t<div id=\"td_udf_651\">\r\n\t\t\t\t\t\t\t\t\t\t\t\t<label id=\"label_udf_651\" for=\"udf_651\" class=\"formtext\">Pourcentage de r\u00e9duction sur l'ensemble des achats\/repas :<\/label>\r\n\t\t\t\t\t\t\t\t\t\t\t\t\r\n\t\t\t\t\t\t\t\t\t\t\t<\/div>\r\n\t\t\t\t\t\t\t\t\t\t<\/div>\t\r\n\t\t\t\t\t\t\t\t\t\r\n\t\t\t\t\t\t\t\t\t<div id=\"fieldcontainer_udf_651\" class=\"medium-9 columns\">\r\n\t\t\t\t\t\t\t\t\t\t\t\t\t\t\t\r\n\t\t\t\t\t<select class=\"\" id=\"udf_651\" name=\"udf_651\">\r\n\t\t\t\t\t<option value=\"\">-None-<\/option> \r\n\t\t\t\t\t<option value=\"771\">5% off<\/option>\r\n\t\t\t\t\t\r\n\t\t\t\t\t<option value=\"772\">10% off<\/option>\r\n\t\t\t\t\t\r\n\t\t\t\t\t<option value=\"773\">15% off<\/option>\r\n\t\t\t\t\t\r\n\t\t\t\t\t<option value=\"774\">20% off<\/option>\r\n\t\t\t\t\t\r\n\t\t\t\t\t<option value=\"824\">Autres<\/option>\r\n\t\t\t\t\t\r\n\t\t\t\t\t<\/select>\r\n\t\t\t\t<p class=\"hint\">Si autre, veuillez le pr\u00e9ciser dans le champ \u201cDescription\u201d ci-dessous.<\/p>\r\n\t\t\t\t\t\t\t\t\t<\/div>\t\t\t\t\t\t\t\t\t\r\n\t\t\t\t\t\t\t\t<\/div>\r\n\t\t\t\t\t\t\t\r\n\t\t\t\t\t\t\t\t<div id=\"rowcontainer_udf_649\" class=\"row\">\t\t\t\t\t\t\t\t\t\r\n\t\t\t\t\t\t\t\t\t\r\n\t\t\t\t\t\t\t\t\t\t<div id=\"labelcontainer_udf_649\" class=\"medium-3 columns\">\r\n\t\t\t\t\t\t\t\t\t\t\t<div id=\"td_udf_649\">\r\n\t\t\t\t\t\t\t\t\t\t\t\t<label id=\"label_udf_649\" for=\"udf_649\" class=\"formtext\">Valeur mon\u00e9taire sur l'ensemble des achats\/repas :<\/label>\r\n\t\t\t\t\t\t\t\t\t\t\t\t\r\n\t\t\t\t\t\t\t\t\t\t\t<\/div>\r\n\t\t\t\t\t\t\t\t\t\t<\/div>\t\r\n\t\t\t\t\t\t\t\t\t\r\n\t\t\t\t\t\t\t\t\t<div id=\"fieldcontainer_udf_649\" class=\"medium-9 columns\">\r\n\t\t\t\t\t\t\t\t\t\t\t\t\t\t\t\r\n\t\t\t\t\t<select class=\"\" id=\"udf_649\" name=\"udf_649\">\r\n\t\t\t\t\t<option value=\"\">-None-<\/option> \r\n\t\t\t\t\t<option value=\"767\">$5 Off<\/option>\r\n\t\t\t\t\t\r\n\t\t\t\t\t<option value=\"768\">$10 Off<\/option>\r\n\t\t\t\t\t\r\n\t\t\t\t\t<option value=\"769\">$15 Off<\/option>\r\n\t\t\t\t\t\r\n\t\t\t\t\t<option value=\"770\">$20 Off<\/option>\r\n\t\t\t\t\t\r\n\t\t\t\t\t<option value=\"825\">Autres<\/option>\r\n\t\t\t\t\t\r\n\t\t\t\t\t<\/select>\r\n\t\t\t\t<p class=\"hint\">Si autre, veuillez le pr\u00e9ciser dans le champ \u201cDescription\u201d ci-dessous.<\/p>\r\n\t\t\t\t\t\t\t\t\t<\/div>\t\t\t\t\t\t\t\t\t\r\n\t\t\t\t\t\t\t\t<\/div>\r\n\t\t\t\t\t\t\t\r\n\t\t\t\t\t\t\t\t<div id=\"rowcontainer_udf_396\" class=\"row\">\t\t\t\t\t\t\t\t\t\r\n\t\t\t\t\t\t\t\t\t\r\n\t\t\t\t\t\t\t\t\t\t<div id=\"labelcontainer_udf_396\" class=\"medium-3 columns\">\r\n\t\t\t\t\t\t\t\t\t\t\t<div id=\"td_udf_396\">\r\n\t\t\t\t\t\t\t\t\t\t\t\t<label id=\"label_udf_396\" for=\"udf_396\" class=\"formreq\">Description de l'offre d'articles gratuits ou du service sp\u00e9cial (si s\u00e9lectionn\u00e9)* :<\/label>\r\n\t\t\t\t\t\t\t\t\t\t\t\t\r\n\t\t\t\t\t\t\t\t\t\t\t<\/div>\r\n\t\t\t\t\t\t\t\t\t\t<\/div>\t\r\n\t\t\t\t\t\t\t\t\t\r\n\t\t\t\t\t\t\t\t\t<div id=\"fieldcontainer_udf_396\" class=\"medium-9 columns\">\r\n\t\t\t\t\t\t\t\t\t\t\t\t\t\r\n\t\t\t<textarea class=\"\" id=\"udf_396\" name=\"udf_396\" cols=\"40\" rows=\"6\"><\/textarea>\r\n\t\t\t\r\n\t\t\t\t\t\t\t\t\t<\/div>\t\t\t\t\t\t\t\t\t\r\n\t\t\t\t\t\t\t\t<\/div>\r\n\t\t\t\t\t\t\t\r\n\t\t\t\t\t\t\t\t<div id=\"rowcontainer_udf_403\" class=\"row\">\t\t\t\t\t\t\t\t\t\r\n\t\t\t\t\t\t\t\t\t\r\n\t\t\t\t\t\t\t\t\t\t<div id=\"labelcontainer_udf_403\" class=\"medium-3 columns\">\r\n\t\t\t\t\t\t\t\t\t\t\t<div id=\"td_udf_403\">\r\n\t\t\t\t\t\t\t\t\t\t\t\t<label id=\"label_udf_403\" for=\"udf_403\" class=\"formtext\">Restrictions :<\/label>\r\n\t\t\t\t\t\t\t\t\t\t\t\t<p class=\"hint\">Veuillez noter que la restriction suivante s'applique \u00e0 toutes les offres sp\u00e9ciales : L'offre est valable sur pr\u00e9sentation du badge AFM ou d'une pi\u00e8ce d'identit\u00e9.<\/p>\r\n\t\t\t\t\t\t\t\t\t\t\t<\/div>\r\n\t\t\t\t\t\t\t\t\t\t<\/div>\t\r\n\t\t\t\t\t\t\t\t\t\r\n\t\t\t\t\t\t\t\t\t<div id=\"fieldcontainer_udf_403\" class=\"medium-9 columns\">\r\n\t\t\t\t\t\t\t\t\t\t\t\t\t\r\n\t\t\t<textarea class=\"\" id=\"udf_403\" name=\"udf_403\" cols=\"40\" rows=\"6\"><\/textarea>\r\n\t\t\t\r\n\t\t\t\t\t\t\t\t\t<\/div>\t\t\t\t\t\t\t\t\t\r\n\t\t\t\t\t\t\t\t<\/div>\r\n\t\t\t\t\t\t\t\r\n\t\t\t\t\t\t\t\t<div id=\"rowcontainer_udf_397\" class=\"row\">\t\t\t\t\t\t\t\t\t\r\n\t\t\t\t\t\t\t\t\t\r\n\t\t\t\t\t\t\t\t\t\t<div id=\"labelcontainer_udf_397\" class=\"medium-3 columns\">\r\n\t\t\t\t\t\t\t\t\t\t\t<div id=\"td_udf_397\">\r\n\t\t\t\t\t\t\t\t\t\t\t\t<label id=\"label_udf_397\" for=\"udf_397\" class=\"formreq\">Nom de l'entreprise* :<\/label>\r\n\t\t\t\t\t\t\t\t\t\t\t\t\r\n\t\t\t\t\t\t\t\t\t\t\t<\/div>\r\n\t\t\t\t\t\t\t\t\t\t<\/div>\t\r\n\t\t\t\t\t\t\t\t\t\r\n\t\t\t\t\t\t\t\t\t<div id=\"fieldcontainer_udf_397\" class=\"medium-9 columns\">\r\n\t\t\t\t\t\t\t\t\t\t\r\n\t\t\t\r\n\t\t\t<input class=\"\" id=\"udf_397\" name=\"udf_397\" type=\"text\" size=\"25\" value=\"\">\r\n\t\t\t\r\n\t\t\t\t\t\t\t\t\t<\/div>\t\t\t\t\t\t\t\t\t\r\n\t\t\t\t\t\t\t\t<\/div>\r\n\t\t\t\t\t\t\t\r\n\t\t\t\t\t\t\t\t<div id=\"rowcontainer_contact_addr1\" class=\"row\">\t\t\t\t\t\t\t\t\t\r\n\t\t\t\t\t\t\t\t\t\r\n\t\t\t\t\t\t\t\t\t\t<div id=\"labelcontainer_contact_addr1\" class=\"medium-3 columns\">\r\n\t\t\t\t\t\t\t\t\t\t\t<div id=\"td_contact_addr1\">\r\n\t\t\t\t\t\t\t\t\t\t\t\t<label id=\"label_contact_addr1\" for=\"contact_addr1\" class=\"formreq\">Adresse professionnelle* :<\/label>\r\n\t\t\t\t\t\t\t\t\t\t\t\t\r\n\t\t\t\t\t\t\t\t\t\t\t<\/div>\r\n\t\t\t\t\t\t\t\t\t\t<\/div>\t\r\n\t\t\t\t\t\t\t\t\t\r\n\t\t\t\t\t\t\t\t\t<div id=\"fieldcontainer_contact_addr1\" class=\"medium-9 columns\">\r\n\t\t\t\t\t\t\t\t\t\t\r\n\t\t\t\r\n\t\t\t<input class=\"\" id=\"contact_addr1\" name=\"contact_addr1\" type=\"text\" size=\"25\" value=\"\">\r\n\t\t\t\r\n\t\t\t\t\t\t\t\t\t<\/div>\t\t\t\t\t\t\t\t\t\r\n\t\t\t\t\t\t\t\t<\/div>\r\n\t\t\t\t\t\t\t\r\n\t\t\t\t\t\t\t\t<div id=\"rowcontainer_udf_398\" class=\"row\">\t\t\t\t\t\t\t\t\t\r\n\t\t\t\t\t\t\t\t\t\r\n\t\t\t\t\t\t\t\t\t\t<div id=\"labelcontainer_udf_398\" class=\"medium-3 columns\">\r\n\t\t\t\t\t\t\t\t\t\t\t<div id=\"td_udf_398\">\r\n\t\t\t\t\t\t\t\t\t\t\t\t<label id=\"label_udf_398\" for=\"udf_398\" class=\"formreq\">T\u00e9l\u00e9phone pour les demandes de renseignements* :<\/label>\r\n\t\t\t\t\t\t\t\t\t\t\t\t\r\n\t\t\t\t\t\t\t\t\t\t\t<\/div>\r\n\t\t\t\t\t\t\t\t\t\t<\/div>\t\r\n\t\t\t\t\t\t\t\t\t\r\n\t\t\t\t\t\t\t\t\t<div id=\"fieldcontainer_udf_398\" class=\"medium-9 columns\">\r\n\t\t\t\t\t\t\t\t\t\t\r\n\t\t\t\r\n\t\t\t<input class=\"\" id=\"udf_398\" name=\"udf_398\" type=\"text\" size=\"25\" value=\"\" onblur=\"svcrm.formBuilderScripts.checkPhone(this); svcrm.formBuilderScripts.fmtPhone(this,'xxx-xxx-xxxx'); \">\r\n\t\t\t\r\n\t\t\t\t\t\t\t\t\t<\/div>\t\t\t\t\t\t\t\t\t\r\n\t\t\t\t\t\t\t\t<\/div>\r\n\t\t\t\t\t\t\t\r\n\t\t\t\t\t<h3>Informations sur le contact<\/h3>\r\n\t\t\t\t\t\r\n\t\t\t\t\t\t\t\t<div id=\"rowcontainer_contact_fullname\" class=\"row\">\t\t\t\t\t\t\t\t\t\r\n\t\t\t\t\t\t\t\t\t\r\n\t\t\t\t\t\t\t\t\t\t<div id=\"labelcontainer_contact_fullname\" class=\"medium-3 columns\">\r\n\t\t\t\t\t\t\t\t\t\t\t<div id=\"td_contact_fullname\">\r\n\t\t\t\t\t\t\t\t\t\t\t\t<label id=\"label_contact_fullname\" for=\"contact_fullname\" class=\"formreq\">Nom* :<\/label>\r\n\t\t\t\t\t\t\t\t\t\t\t\t\r\n\t\t\t\t\t\t\t\t\t\t\t<\/div>\r\n\t\t\t\t\t\t\t\t\t\t<\/div>\t\r\n\t\t\t\t\t\t\t\t\t\r\n\t\t\t\t\t\t\t\t\t<div id=\"fieldcontainer_contact_fullname\" class=\"medium-9 columns\">\r\n\t\t\t\t\t\t\t\t\t\t\r\n\t\t\t\r\n\t\t\t<input class=\"\" id=\"contact_fullname\" name=\"contact_fullname\" type=\"text\" size=\"25\" value=\"\">\r\n\t\t\t\r\n\t\t\t\t\t\t\t\t\t<\/div>\t\t\t\t\t\t\t\t\t\r\n\t\t\t\t\t\t\t\t<\/div>\r\n\t\t\t\t\t\t\t\r\n\t\t\t\t\t\t\t\t<div id=\"rowcontainer_contact_title\" class=\"row\">\t\t\t\t\t\t\t\t\t\r\n\t\t\t\t\t\t\t\t\t\r\n\t\t\t\t\t\t\t\t\t\t<div id=\"labelcontainer_contact_title\" class=\"medium-3 columns\">\r\n\t\t\t\t\t\t\t\t\t\t\t<div id=\"td_contact_title\">\r\n\t\t\t\t\t\t\t\t\t\t\t\t<label id=\"label_contact_title\" for=\"contact_title\" class=\"formreq\">Titre* :<\/label>\r\n\t\t\t\t\t\t\t\t\t\t\t\t\r\n\t\t\t\t\t\t\t\t\t\t\t<\/div>\r\n\t\t\t\t\t\t\t\t\t\t<\/div>\t\r\n\t\t\t\t\t\t\t\t\t\r\n\t\t\t\t\t\t\t\t\t<div id=\"fieldcontainer_contact_title\" class=\"medium-9 columns\">\r\n\t\t\t\t\t\t\t\t\t\t\r\n\t\t\t\r\n\t\t\t<input class=\"\" id=\"contact_title\" name=\"contact_title\" type=\"text\" size=\"25\" value=\"\">\r\n\t\t\t\r\n\t\t\t\t\t\t\t\t\t<\/div>\t\t\t\t\t\t\t\t\t\r\n\t\t\t\t\t\t\t\t<\/div>\r\n\t\t\t\t\t\t\t\r\n\t\t\t\t\t\t\t\t<div id=\"rowcontainer_contact_company\" class=\"row\">\t\t\t\t\t\t\t\t\t\r\n\t\t\t\t\t\t\t\t\t\r\n\t\t\t\t\t\t\t\t\t\t<div id=\"labelcontainer_contact_company\" class=\"medium-3 columns\">\r\n\t\t\t\t\t\t\t\t\t\t\t<div id=\"td_contact_company\">\r\n\t\t\t\t\t\t\t\t\t\t\t\t<label id=\"label_contact_company\" for=\"contact_company\" class=\"formreq\">Entreprise* :<\/label>\r\n\t\t\t\t\t\t\t\t\t\t\t\t\r\n\t\t\t\t\t\t\t\t\t\t\t<\/div>\r\n\t\t\t\t\t\t\t\t\t\t<\/div>\t\r\n\t\t\t\t\t\t\t\t\t\r\n\t\t\t\t\t\t\t\t\t<div id=\"fieldcontainer_contact_company\" class=\"medium-9 columns\">\r\n\t\t\t\t\t\t\t\t\t\t\r\n\t\t\t\r\n\t\t\t<input class=\"\" id=\"contact_company\" name=\"contact_company\" type=\"text\" size=\"25\" value=\"\">\r\n\t\t\t\r\n\t\t\t\t\t\t\t\t\t<\/div>\t\t\t\t\t\t\t\t\t\r\n\t\t\t\t\t\t\t\t<\/div>\r\n\t\t\t\t\t\t\t\r\n\t\t\t\t\t\t\t\t<div id=\"rowcontainer_contact_phone\" class=\"row\">\t\t\t\t\t\t\t\t\t\r\n\t\t\t\t\t\t\t\t\t\r\n\t\t\t\t\t\t\t\t\t\t<div id=\"labelcontainer_contact_phone\" class=\"medium-3 columns\">\r\n\t\t\t\t\t\t\t\t\t\t\t<div id=\"td_contact_phone\">\r\n\t\t\t\t\t\t\t\t\t\t\t\t<label id=\"label_contact_phone\" for=\"contact_phone\" class=\"formreq\">T\u00e9l\u00e9phone* :<\/label>\r\n\t\t\t\t\t\t\t\t\t\t\t\t\r\n\t\t\t\t\t\t\t\t\t\t\t<\/div>\r\n\t\t\t\t\t\t\t\t\t\t<\/div>\t\r\n\t\t\t\t\t\t\t\t\t\r\n\t\t\t\t\t\t\t\t\t<div id=\"fieldcontainer_contact_phone\" class=\"medium-9 columns\">\r\n\t\t\t\t\t\t\t\t\t\t\r\n\t\t\t\r\n\t\t\t<input class=\"\" id=\"contact_phone\" name=\"contact_phone\" type=\"text\" size=\"25\" value=\"\" onblur=\"svcrm.formBuilderScripts.checkPhone(this); svcrm.formBuilderScripts.fmtPhone(this,'xxx-xxx-xxxx'); \">\r\n\t\t\t\r\n\t\t\t\t\t\t\t\t\t<\/div>\t\t\t\t\t\t\t\t\t\r\n\t\t\t\t\t\t\t\t<\/div>\r\n\t\t\t\t\t\t\t\r\n\t\t\t\t\t\t\t\t<div id=\"rowcontainer_contact_email\" class=\"row\">\t\t\t\t\t\t\t\t\t\r\n\t\t\t\t\t\t\t\t\t\r\n\t\t\t\t\t\t\t\t\t\t<div id=\"labelcontainer_contact_email\" class=\"medium-3 columns\">\r\n\t\t\t\t\t\t\t\t\t\t\t<div id=\"td_contact_email\">\r\n\t\t\t\t\t\t\t\t\t\t\t\t<label id=\"label_contact_email\" for=\"contact_email\" class=\"formreq\">Courriel* :<\/label>\r\n\t\t\t\t\t\t\t\t\t\t\t\t\r\n\t\t\t\t\t\t\t\t\t\t\t<\/div>\r\n\t\t\t\t\t\t\t\t\t\t<\/div>\t\r\n\t\t\t\t\t\t\t\t\t\r\n\t\t\t\t\t\t\t\t\t<div id=\"fieldcontainer_contact_email\" class=\"medium-9 columns\">\r\n\t\t\t\t\t\t\t\t\t\t\r\n\t\t\t\r\n\t\t\t<input class=\"\" id=\"contact_email\" name=\"contact_email\" type=\"text\" size=\"25\" value=\"\" onblur=\"svcrm.formBuilderScripts.checkEmail(this); \">\r\n\t\t\t\r\n\t\t\t\t\t\t\t\t\t<\/div>\t\t\t\t\t\t\t\t\t\r\n\t\t\t\t\t\t\t\t<\/div>\r\n\t\t\t\t\t\t\t\r\n\r\n\t\t\t\t<p class=\"hint formreq text-center\">* Indique un champ obligatoire.<\/p>\r\n\t\t\t\t<hr size=\"1\" color=\"cccccc\" width=\"100%\">\r\n\t\t\t\t<div class=\"row\">\r\n\t\t\t\t\t<div class=\"medium-6 small-centered captcha columns\">\r\n\t\t\t\t\t\t\r\n                    <div id=\"g-recaptcha\" class=\"g-recaptcha\"><\/div>\r\n                \r\n            <input type=\"hidden\" name=\"code\" id=\"code\" value=\"1234\">\r\n            <input type=\"hidden\" name=\"code_key\" id=\"code_key\" value=\"rO0ABXQABDEyMzQ=\">\r\n            \r\n\t\t\t\t\t<\/div>\r\n\t\t\t\t<\/div>\r\n\r\n\t\t\t\t<hr size=\"1\" color=\"cccccc\" width=\"100%\">\r\n\t\t\t\t<div class=\"row\">\r\n\t\t\t\t\t<div class=\"medium-6 small-centered columns formCntrls\">\r\n\t\t\t\t\t\t<label for=\"savefrm_button\" style=\"display:none;\">Soumettre<\/label>\r\n\t\t\t\t\t\t<input class=\"button\" id=\"savefrm_button\" name=\"savefrm\" type=\"Submit\" value=\"Submit\">\r\n\t\t\t\t\t\t<label for=\"resetfrm_button\" style=\"display:none;\">Remise \u00e0 z\u00e9ro<\/label>\r\n\t\t\t\t\t\t<input class=\"button\" id=\"resetfrm_button\" type=\"Reset\" value=\"Reset\">\r\n\t\t\t\t\t<\/div>\r\n\t\t\t\t<\/div>\r\n\t\t\t<input type=\"hidden\" name=\"trp-form-language\" value=\"fr\"\/><\/form>    <\/div>\n<\/section>","protected":false},"excerpt":{"rendered":"<p>Types of specials to include: *Please note that due to AFM contracts with hotels, hotel room rate offers are not eligible for this promotion. What do you get by participating?<\/p>","protected":false},"author":1421,"featured_media":340392,"parent":0,"menu_order":0,"comment_status":"closed","ping_status":"closed","template":"template-editorial.php","meta":{"_acf_changed":false,"inline_featured_image":false,"footnotes":""},"silos":[],"class_list":["post-361288","page","type-page","status-publish","has-post-thumbnail","hentry"],"acf":[],"_links":{"self":[{"href":"https:\/\/www.santamonica.com\/fr\/wp-json\/wp\/v2\/pages\/361288","targetHints":{"allow":["GET"]}}],"collection":[{"href":"https:\/\/www.santamonica.com\/fr\/wp-json\/wp\/v2\/pages"}],"about":[{"href":"https:\/\/www.santamonica.com\/fr\/wp-json\/wp\/v2\/types\/page"}],"author":[{"embeddable":true,"href":"https:\/\/www.santamonica.com\/fr\/wp-json\/wp\/v2\/users\/1421"}],"replies":[{"embeddable":true,"href":"https:\/\/www.santamonica.com\/fr\/wp-json\/wp\/v2\/comments?post=361288"}],"version-history":[{"count":21,"href":"https:\/\/www.santamonica.com\/fr\/wp-json\/wp\/v2\/pages\/361288\/revisions"}],"predecessor-version":[{"id":383552,"href":"https:\/\/www.santamonica.com\/fr\/wp-json\/wp\/v2\/pages\/361288\/revisions\/383552"}],"wp:featuredmedia":[{"embeddable":true,"href":"https:\/\/www.santamonica.com\/fr\/wp-json\/wp\/v2\/media\/340392"}],"wp:attachment":[{"href":"https:\/\/www.santamonica.com\/fr\/wp-json\/wp\/v2\/media?parent=361288"}],"wp:term":[{"taxonomy":"silos","embeddable":true,"href":"https:\/\/www.santamonica.com\/fr\/wp-json\/wp\/v2\/silos?post=361288"}],"curies":[{"name":"wp","href":"https:\/\/api.w.org\/{rel}","templated":true}]}}