{"id":351225,"date":"2022-08-05T16:40:35","date_gmt":"2022-08-05T23:40:35","guid":{"rendered":"https:\/\/www.santamonica.com\/?page_id=351225"},"modified":"2026-02-09T08:43:38","modified_gmt":"2026-02-09T16:43:38","slug":"golf","status":"publish","type":"page","link":"https:\/\/www.santamonica.com\/fr\/things-to-do\/golf\/","title":{"rendered":"Golf de Santa Monica"},"content":{"rendered":"<h2 class=\"wp-block-heading base-block\">Terrains de golf publics pr\u00e8s de Santa Monica<\/h2>\n\n\n\n<div class=\"wp-block-columns is-layout-flex wp-container-core-columns-is-layout-28f84493 wp-block-columns-is-layout-flex base-block\">\n<div class=\"wp-block-column is-layout-flow wp-block-column-is-layout-flow base-block\">\n<h4 class=\"wp-block-heading base-block\">Los Angeles<\/h4>\n\n\n\n<p class=\"base-block\"><a href=\"https:\/\/heroesgolfcourse.com\/\" target=\"_blank\" rel=\"noreferrer noopener\">Terrain de golf Heroes<\/a> est ouvert tous les jours de la semaine et tous les v\u00e9t\u00e9rans militaires sont invit\u00e9s \u00e0 jouer gratuitement !<\/p>\n<\/div>\n\n\n\n<div class=\"wp-block-column is-layout-flow wp-block-column-is-layout-flow base-block\">\n<h4 class=\"wp-block-heading base-block\">Westchester <\/h4>\n\n\n\n<p class=\"base-block\">Le <a href=\"https:\/\/www.westchestergc.com\/\" target=\"_blank\" rel=\"noreferrer noopener\">Terrain de golf de Westchester<\/a> Ce parcours d\u00e9contract\u00e9 est situ\u00e9 pr\u00e8s de LAX et est r\u00e9put\u00e9 pour \u00eatre abordable et sans pr\u00e9tention.<\/p>\n<\/div>\n\n\n\n<div class=\"wp-block-column is-layout-flow wp-block-column-is-layout-flow base-block\">\n<h4 class=\"wp-block-heading base-block\">Van Nuys <\/h4>\n\n\n\n<p class=\"base-block\"><a href=\"https:\/\/www.scga.org\/courses\/details\/van-nuys-golf-course\" target=\"_blank\" rel=\"noreferrer noopener\">Terrain de golf Van Nuys <\/a>compte au total 27 trous et convient aux golfeurs de tous niveaux. Si vous avez de la chance, vous pourrez m\u00eame apercevoir des animaux sauvages sur ce parcours abordable.<\/p>\n<\/div>\n\n\n\n<div class=\"wp-block-column is-layout-flow wp-block-column-is-layout-flow base-block\">\n<h4 class=\"wp-block-heading base-block\">Manhattan Beach<\/h4>\n\n\n\n<p class=\"base-block\"><a href=\"https:\/\/westdrift.com\/experience\/golf\/\" target=\"_blank\" rel=\"noreferrer noopener\">Terrain de golf Westdrift<\/a> est un parcours de golf public situ\u00e9 \u00e0 Manhattan Beach et offre une journ\u00e9e amusante et stimulante \u00e0 tous les joueurs de golf, quel que soit leur niveau.<\/p>\n<\/div>\n\n\n\n<div class=\"wp-block-column is-layout-flow wp-block-column-is-layout-flow base-block\">\n<h4 class=\"wp-block-heading base-block\">Studio City<\/h4>\n\n\n\n<p class=\"base-block\">Propri\u00e9t\u00e9 d'une seule famille depuis plus de 100 ans, la <a href=\"https:\/\/www.weddingtongolfandtennis.com\/\" target=\"_blank\" rel=\"noreferrer noopener\">Weddington Golf &amp; Tennis<\/a> Le club propose 9 trous ainsi qu'un terrain d'entra\u00eenement de 25 places.<\/p>\n<\/div>\n<\/div>\n\n\n\n<h2 class=\"wp-block-heading base-block\">Terrains de golf municipaux pr\u00e8s de Santa Monica<\/h2>\n\n\n\n<div class=\"wp-block-columns is-layout-flex wp-container-core-columns-is-layout-28f84493 wp-block-columns-is-layout-flex base-block\">\n<div class=\"wp-block-column is-layout-flow wp-block-column-is-layout-flow base-block\">\n<h4 class=\"wp-block-heading base-block\">Rancho Park<\/h4>\n\n\n\n<p class=\"base-block\"><a href=\"https:\/\/golf.lacity.org\/course_rancho_park\/\" target=\"_blank\" rel=\"noreferrer noopener\">Rancho Park Golf Course and Golf Club<\/a>, Il s'agit d'un parcours PAR-3 de 18 trous, ouvert depuis plus de 70 ans.<\/p>\n<\/div>\n\n\n\n<div class=\"wp-block-column is-layout-flow wp-block-column-is-layout-flow base-block\">\n<h4 class=\"wp-block-heading base-block\">Venise<\/h4>\n\n\n\n<p class=\"base-block\">Le <a href=\"https:\/\/penmargolf.com\/\" target=\"_blank\" rel=\"noreferrer noopener\">Penmar Golf Club et Penmar Golf Course<\/a> comprend 9 trous et est situ\u00e9 \u00e0 proximit\u00e9 de Venice, en Californie, \u00e0 15 minutes en voiture ou en v\u00e9lo de la plupart des h\u00f4tels de Santa Monica.<\/p>\n<\/div>\n\n\n\n<div class=\"wp-block-column is-layout-flow wp-block-column-is-layout-flow base-block\">\n<h4 class=\"wp-block-heading base-block\">Parc Griffth<\/h4>\n\n\n\n<p class=\"base-block\">Le <a href=\"https:\/\/golf.lacity.org\/course_roosevelt\/\" target=\"_blank\" rel=\"noreferrer noopener\">Terrain de golf municipal de Roosevelt<\/a> est situ\u00e9 \u00e0 deux pas du Greek Theatre dans Griffith Park. Ce parcours comporte 9 trous et offre une vue imprenable sur Los Angeles.<\/p>\n<\/div>\n\n\n\n<div class=\"wp-block-column is-layout-flow wp-block-column-is-layout-flow base-block\">\n<h4 class=\"wp-block-heading base-block\">El Segundo<\/h4>\n\n\n\n<p class=\"base-block\">Le <a href=\"https:\/\/www.golfthelakes.com\/\" target=\"_blank\" rel=\"noreferrer noopener\">Lacs d'El Segundo <\/a>Ouvert depuis plus de 25 ans, il propose des cours, des stages et un driving range en plus de ses 9 trous.<\/p>\n<\/div>\n<\/div>\n\n\n\n<h2 class=\"wp-block-heading base-block\">Terrains de golf priv\u00e9s pr\u00e8s de Santa Monica<\/h2>\n\n\n\n<div class=\"wp-block-columns is-layout-flex wp-container-core-columns-is-layout-28f84493 wp-block-columns-is-layout-flex base-block\">\n<div class=\"wp-block-column is-layout-flow wp-block-column-is-layout-flow base-block\">\n<h4 class=\"wp-block-heading base-block\">Pacific Palisades<\/h4>\n\n\n\n<p class=\"base-block\">L'Open de Los Angeles s'y d\u00e9roule, le <a href=\"https:\/\/www.therivieracountryclub.com\/\" target=\"_blank\" rel=\"noreferrer noopener\">Riveria Country Club<\/a> organise chaque ann\u00e9e, en f\u00e9vrier, le fameux Genesis Invitational.<\/p>\n<\/div>\n\n\n\n<div class=\"wp-block-column is-layout-flow wp-block-column-is-layout-flow base-block\">\n<h4 class=\"wp-block-heading base-block\">Brentwood<\/h4>\n\n\n\n<p class=\"base-block\">Le <a href=\"https:\/\/www.brentwoodcc.net\/\" target=\"_blank\" rel=\"noreferrer noopener\">Brentwood Country Club<\/a>, un country club priv\u00e9, est consid\u00e9r\u00e9 comme luxueux par les membres et les invit\u00e9s qui jouent sur ses terrains de golf et ses courts de tennis.<\/p>\n<\/div>\n\n\n\n<div class=\"wp-block-column is-layout-flow wp-block-column-is-layout-flow base-block\">\n<h4 class=\"wp-block-heading base-block\">Bel-Air<\/h4>\n\n\n\n<p class=\"base-block\">Le <a href=\"https:\/\/www.bel-aircc.golf\/\" target=\"_blank\" rel=\"noreferrer noopener\">Bel-Air Country Club<\/a> est un parcours de golf priv\u00e9 et un club qui offre un air de sophistication \u00e0 ses membres et \u00e0 ses invit\u00e9s.<\/p>\n<\/div>\n\n\n\n<div class=\"wp-block-column is-layout-flow wp-block-column-is-layout-flow base-block\">\n<h4 class=\"wp-block-heading base-block\">Los Angeles<\/h4>\n\n\n\n<p class=\"base-block\">En tant que plus ancien terrain de golf pr\u00e8s de Santa Monica, le <a href=\"https:\/\/www.thelacc.org\/\" target=\"_blank\" rel=\"noreferrer noopener\">Los Angeles Country Club<\/a>, Il a \u00e9t\u00e9 cr\u00e9\u00e9 par George C. Thomas et fonctionne depuis plus de 120 ans !<\/p>\n<\/div>\n<\/div>\n\n\n\n<section class=\"image-section-break sm-block\">\n    <div class=\"image-section-break__image-wrapper\">\n                    <picture>\n                    <source\n                        media=\"(min-width: 768px)\"\n                        srcset=\"https:\/\/www.santamonica.com\/wp-content\/uploads\/2022\/07\/Downtown-Santa-Monica-Aerial-1656x574-1.png\"\n                    >\n                    <img decoding=\"async\" src=\"https:\/\/www.santamonica.com\/wp-content\/uploads\/2022\/07\/Downtown-Santa-Monica-Aerial-650x866-1.png\" class=\"image-section-break__image\" alt=\"Vue a\u00e9rienne du centre-ville de Santa Monica.\" title=\"\">\n            <\/picture>\n                \n\n    <\/div>\n    <div class=\"image-section-break__text-content\">\n        <div class=\"image-section-break__first-content --theme3\">\n                                        <h2 class=\"image-section-break__title\">Autres activit\u00e9s de golf \u00e0 Santa Monica<\/h2>\n                                        <div class=\"image-section-break__body-copy wysiwyg\"><p>Si vous recherchez d'autres exp\u00e9riences de golf uniques \u00e0 Santa Monica, consultez ces options de golf virtuel !<\/p>\n<p>Si vous \u00eates int\u00e9ress\u00e9 par une le\u00e7on de golf ou une \u00e9valuation de votre swing, visitez le site suivant\u00a0<a href=\"https:\/\/www.santamonica.com\/fr\/ce-quil-faut-faire\/golftec-santa-monica\/\"><strong>GOLFTEC Santa Monica<\/strong><\/a>\u00a0et l'un de leurs entra\u00eeneurs professionnels qualifi\u00e9s peut vous aider \u00e0 am\u00e9liorer votre swing gr\u00e2ce \u00e0 une technologie de pointe.<\/p>\n<\/div>\n                                <\/div>\n        <div class=\"image-section-break__second-content\">\n                            <div class=\"image-section-break__body-copy wysiwyg\"><p>Si vous \u00eates \u00e0 la recherche d'un ajustement personnalis\u00e9 de votre club de golf, consultez les sites suivants\u00a0<a href=\"https:\/\/www.santamonica.com\/fr\/boutique-2\/champion-de-club\/\"><strong>Champion de club<\/strong><\/a>\u00a0\u00e0 Santa Monica pour tous vos besoins personnalis\u00e9s en mati\u00e8re de golf.<\/p>\n<p>Vous pouvez \u00e9galement profiter d'une vari\u00e9t\u00e9 de terrains de golf prestigieux \u00e0 l'int\u00e9rieur lors de votre visite.\u00a0<a href=\"https:\/\/www.santamonica.com\/fr\/ce-quil-faut-faire\/golf-cable\/\"><strong>Golf c\u00e2bl\u00e9<\/strong><\/a>\u00a0\u00e0 Santa Monica. Wired Golf est un club de golf enti\u00e8rement couvert o\u00f9 vous pouvez vous entra\u00eener sur un practice virtuel, jouer 18 trous sur un parcours simul\u00e9 et m\u00eame vous entra\u00eener avec les professionnels de la PGA de Wired Golf !<\/p>\n<p>Visiter <a href=\"https:\/\/topgolf.com\/us\/el-segundo\/\" target=\"_blank\" rel=\"noopener\">Top Golf<\/a> \u00e0 El Segundo pour un confort tout au long de l'ann\u00e9e, des aires de frappe climatis\u00e9es, un bar sportif et un restaurant. Visez les \u00e9normes cibles du champ ext\u00e9rieur en utilisant les clubs gratuits ou les v\u00f4tres, tandis que les balles de golf de haute technologie se marquent elles-m\u00eames.<\/p>\n<\/div>\n                                <\/div>\n    <\/div>\n<\/section>\n\n\n<section class=\"blog-feed --theme8 sm-block\">\n    <div class=\"blog-feed__content\">\n        <div class=\"blog-feed__intro\">\n                            <div class=\"blog-feed__eyebrow eyebrow\">Choses \u00e0 faire autour de Santa Monica<\/div>                                        <h1 class=\"blog-feed__headline\">Conseils d'initi\u00e9s<\/h1>                                        <div class=\"blog-feed__body\"><p>Trouvez des itin\u00e9raires, des conseils locaux et des aventures passionnantes pour vous aider \u00e0 organiser votre emploi du temps \u00e0 Santa Monica.<\/p>\n<\/div>\n                                        <a class=\"blog-feed__cta\" href=\"https:\/\/www.santamonica.com\/fr\/articles-de-blog\/\">Voir tous les blogs<\/a>\n                    <\/div>\n\n        <ul class=\"blog-feed__list\">\n                                                <li class=\"blog-feed__item\">\n                        <a href=\"https:\/\/www.santamonica.com\/fr\/things-to-do\/outdoors\/\" class=\"blog-feed__item-link\">\n                            <div class=\"blog-feed__image-ratio\">\n                                <img decoding=\"async\" class=\"blog-feed__image\" src=\"https:\/\/www.santamonica.com\/wp-content\/uploads\/2020\/04\/Santa-Monica-Virtual-Beach-blog-post-featured-400x400.jpg\" alt=\"Sortez et profitez de l&#039;air frais et de la brise marine \u00e0 Santa Monica\" title=\"\">\n                            <\/div>\n                            <div class=\"blog-feed__card-title\">Sortez et profitez de l'air frais et de la brise marine \u00e0 Santa Monica<\/div>\n                        <\/a>\n                    <\/li>\n                                                                <li class=\"blog-feed__item\">\n                        <a href=\"https:\/\/www.santamonica.com\/fr\/things-to-do\/coastal-chronicles-the-history-of-santa-monicas-libraries\/\" class=\"blog-feed__item-link\">\n                            <div class=\"blog-feed__image-ratio\">\n                                <img decoding=\"async\" class=\"blog-feed__image\" src=\"https:\/\/www.santamonica.com\/wp-content\/uploads\/2024\/04\/Untitled-design-34-400x400.jpg\" alt=\"Chroniques c\u00f4ti\u00e8res : L&#039;histoire des biblioth\u00e8ques de Santa Monica\" title=\"\">\n                            <\/div>\n                            <div class=\"blog-feed__card-title\">Chroniques c\u00f4ti\u00e8res : L'histoire des biblioth\u00e8ques de Santa Monica<\/div>\n                        <\/a>\n                    <\/li>\n                                                                <li class=\"blog-feed__item\">\n                        <a href=\"https:\/\/www.santamonica.com\/fr\/experience-santa-monica\/15-movies-to-satiate-your-santa-monica-wanderlust\/\" class=\"blog-feed__item-link\">\n                            <div class=\"blog-feed__image-ratio\">\n                                <img decoding=\"async\" class=\"blog-feed__image\" src=\"https:\/\/www.santamonica.com\/wp-content\/uploads\/2020\/03\/Movies-Filmed-in-Santa-Monica-blog-post-featured-400x400.jpg\" alt=\"Films et s\u00e9ries t\u00e9l\u00e9vis\u00e9es pour satisfaire votre envie d&#039;explorer Santa Monica\" title=\"\">\n                            <\/div>\n                            <div class=\"blog-feed__card-title\">Films et s\u00e9ries t\u00e9l\u00e9vis\u00e9es pour satisfaire votre envie d'explorer Santa Monica<\/div>\n                        <\/a>\n                    <\/li>\n                                    <\/ul>\n    <\/div>\n<\/section>\n\n\n    <section class=\"booking-cta --theme5 sm-block\">\n    <div id=\"widget-container-2070\"><\/div>\n<script type=\"text\/javascript\">\n  (function() {\n    var script = document.createElement('script');\n    script.type = 'text\/javascript';\n    script.async = 'true';\n    script.src = \"https:\/\/admin.bookdirect.net\/hs4\/widgets\/2070.js?widget_element=widget-container-2070\";\n    document.body.appendChild(script);\n  })();\n<\/script>\n    <\/section>","protected":false},"excerpt":{"rendered":"<p>Public Golf Courses near Santa Monica Los Angeles Heroes Golf Course is open every day of the week and all military veterans are welcomed to play for no cost! Westchester The Westchester Golf Course is casual course is located near LAX and is known for being affordable and unpretentious. Van Nuys Van Nuys Golf Course has a total of 27 holes and is great for golfers of any skill level. If you\u2019re lucky, you may even have a chance to spot some wildlife at this affordable course. Manhattan Beach Westdrift Golf Course is a public golf course located in Manhattan [\u2026]<\/p>\n","protected":false},"author":1421,"featured_media":336928,"parent":0,"menu_order":0,"comment_status":"closed","ping_status":"closed","template":"template-editorial.php","meta":{"_acf_changed":false,"inline_featured_image":false,"footnotes":""},"silos":[3899],"class_list":["post-351225","page","type-page","status-publish","has-post-thumbnail","hentry"],"acf":[],"_links":{"self":[{"href":"https:\/\/www.santamonica.com\/fr\/wp-json\/wp\/v2\/pages\/351225","targetHints":{"allow":["GET"]}}],"collection":[{"href":"https:\/\/www.santamonica.com\/fr\/wp-json\/wp\/v2\/pages"}],"about":[{"href":"https:\/\/www.santamonica.com\/fr\/wp-json\/wp\/v2\/types\/page"}],"author":[{"embeddable":true,"href":"https:\/\/www.santamonica.com\/fr\/wp-json\/wp\/v2\/users\/1421"}],"replies":[{"embeddable":true,"href":"https:\/\/www.santamonica.com\/fr\/wp-json\/wp\/v2\/comments?post=351225"}],"version-history":[{"count":32,"href":"https:\/\/www.santamonica.com\/fr\/wp-json\/wp\/v2\/pages\/351225\/revisions"}],"predecessor-version":[{"id":785076,"href":"https:\/\/www.santamonica.com\/fr\/wp-json\/wp\/v2\/pages\/351225\/revisions\/785076"}],"wp:featuredmedia":[{"embeddable":true,"href":"https:\/\/www.santamonica.com\/fr\/wp-json\/wp\/v2\/media\/336928"}],"wp:attachment":[{"href":"https:\/\/www.santamonica.com\/fr\/wp-json\/wp\/v2\/media?parent=351225"}],"wp:term":[{"taxonomy":"silos","embeddable":true,"href":"https:\/\/www.santamonica.com\/fr\/wp-json\/wp\/v2\/silos?post=351225"}],"curies":[{"name":"wp","href":"https:\/\/api.w.org\/{rel}","templated":true}]}}