{"id":351204,"date":"2022-08-05T16:15:09","date_gmt":"2022-08-05T23:15:09","guid":{"rendered":"https:\/\/www.santamonica.com\/?page_id=351204"},"modified":"2026-04-08T11:30:40","modified_gmt":"2026-04-08T18:30:40","slug":"randonnees","status":"publish","type":"page","link":"https:\/\/www.santamonica.com\/fr\/things-to-do\/hikes\/","title":{"rendered":"Randonn\u00e9es \u00e0 Santa Monica"},"content":{"rendered":"<section class=\"image-section-break sm-block\">\n    <div class=\"image-section-break__image-wrapper\">\n                    <picture>\n                    <source\n                        media=\"(min-width: 768px)\"\n                        srcset=\"https:\/\/www.santamonica.com\/wp-content\/uploads\/2023\/09\/santa-monica-hiking-trails-1.jpg\"\n                    >\n                    <img decoding=\"async\" src=\"https:\/\/www.santamonica.com\/wp-content\/uploads\/2023\/09\/santa-monica-hiking-trails-M.jpg\" class=\"image-section-break__image\" alt=\"sentiers de randonn\u00e9e de santa monica\" title=\"\">\n            <\/picture>\n                \n\n    <\/div>\n    <div class=\"image-section-break__text-content\">\n        <div class=\"image-section-break__first-content --theme3\">\n                                        <h2 class=\"image-section-break__title\">Peut-on faire de la randonn\u00e9e dans les montagnes de Santa Monica ?<\/h2>\n                                        <div class=\"image-section-break__body-copy wysiwyg\"><p>Certaines des randonn\u00e9es les plus impressionnantes et les plus belles pr\u00e8s de Santa Monica se trouvent dans la r\u00e9gion du <strong><a href=\"https:\/\/www.santamonica.com\/fr\/experience-santa-monica\/montagnes-de-santa-monica\/\">Zone de loisirs nationale des monts Santa Monica<\/a><\/strong>\u2019Les collines c\u00f4ti\u00e8res de Los Angeles et les r\u00e9gions avoisinantes sont connues pour leurs vues panoramiques sur Los Angeles et la c\u00f4te. La r\u00e9gion est connue pour ses vues panoramiques de Los Angeles et de la c\u00f4te, et pour ses centaines de possibilit\u00e9s de randonn\u00e9es qui s'\u00e9tendent sur des milliers d'hectares.<\/p>\n<\/div>\n                                <\/div>\n        <div class=\"image-section-break__second-content\">\n                            <div class=\"image-section-break__body-copy wysiwyg\"><p>Peu importe lequel de ces \u00e9l\u00e9ments ou des nombreux autres <strong><a href=\"https:\/\/www.santamonica.com\/fr\/experience-santa-monica\/montagnes-de-santa-monica\/\">Randonn\u00e9es \u00e0 Santa Monica<\/a><\/strong>\u00a0Quel que soit votre choix, vous \u00eates s\u00fbr de profiter des vues magnifiques et de la beaut\u00e9 naturelle de la r\u00e9gion. Les randonn\u00e9es pr\u00e8s de Santa Monica sont nombreuses et il y en a pour tous les go\u00fbts. <strong><a href=\"https:\/\/www.santamonica.com\/fr\/experience-santa-monica\/excursions-dune-journee\/\">passer une journ\u00e9e<\/a><\/strong> lors de votre visite \u00e0 Santa Monica, Californie !<\/p>\n<p>Poursuivez votre lecture pour d\u00e9couvrir quelques-unes des plus belles randonn\u00e9es de Santa Monica que la r\u00e9gion a \u00e0 offrir.<\/p>\n<\/div>\n                                <\/div>\n    <\/div>\n<\/section>\n\n\n<section class=\"sun-title sm-block --theme6 sm-block\">\n            <h2 class=\"sun-title__headline\">Sentiers de randonn\u00e9e de Santa Monica<\/h2>    \n    <\/section>\n\n\n\n<div class=\"wp-block-columns is-layout-flex wp-container-core-columns-is-layout-28f84493 wp-block-columns-is-layout-flex base-block\">\n<div class=\"wp-block-column is-layout-flow wp-block-column-is-layout-flow base-block\">\n<h3 class=\"wp-block-heading base-block\"><strong>Sentier Los Leones<\/strong><\/h3>\n\n\n\n<p class=\"base-block\">Los Leones Trail est un sentier de randonn\u00e9e pittoresque situ\u00e9 \u00e0 environ 6 miles de Santa Monica. Il s'agit d'un parcours de 4,4 miles avec un d\u00e9nivel\u00e9 positif d'environ 1 190 pieds. Il s'agit d'un sentier populaire et vous trouverez souvent d'autres randonneurs, des observateurs d'oiseaux ou des coureurs le long du chemin. Vous aurez une vue imprenable sur Santa Monica et l'oc\u00e9an Pacifique.<\/p>\n<\/div>\n\n\n\n<div class=\"wp-block-column is-layout-flow wp-block-column-is-layout-flow base-block\">\n<h3 class=\"wp-block-heading base-block\">Sentier Mishe Mokwa<\/h3>\n\n\n\n<p class=\"base-block\"><a href=\"https:\/\/www.alltrails.com\/trail\/us\/california\/mishe-mokwa-to-tri-peaks-and-sandstone-peak\" target=\"_blank\" rel=\"noopener\">La piste Mishe Mokwa<\/a> est ouvert aux randonneurs et \u00e0 leurs chiens tenus en laisse tout au long de l'ann\u00e9e et pr\u00e9sente des paysages magnifiques et diversifi\u00e9s. Avec un d\u00e9nivel\u00e9 positif d'environ 1 500 pieds, il est consid\u00e9r\u00e9 comme un bon sentier pour les randonneurs d'un niveau mod\u00e9r\u00e9. Vous pouvez suivre les balises du sentier jusqu'\u00e0 quelques points de rep\u00e8re c\u00e9l\u00e8bres, le premier \u00e9tant Split Rock, pr\u00e8s de magnifiques ch\u00eanes, et le second \u00e9tant Sandstone Peak, le point le plus \u00e9lev\u00e9 de la Santa Monica Mountains National Recreation Area, \u00e0 plus de 3 100 pieds d'altitude ! N'oubliez pas d'apporter de l'eau et un en-cas - ce sentier de randonn\u00e9e de Santa Monica fait presque 7 miles si vous continuez pour voir les points de rep\u00e8re mentionn\u00e9s.<\/p>\n<\/div>\n\n\n\n<div class=\"wp-block-column is-layout-flow wp-block-column-is-layout-flow base-block\">\n<h3 class=\"wp-block-heading base-block\">Boucle du canyon Solstice<\/h3>\n\n\n\n<p class=\"base-block\"><a href=\"https:\/\/www.alltrails.com\/trail\/us\/california\/solstice-canyon-loop-trail\" target=\"_blank\" rel=\"noopener\">La boucle du canyon du Solstice <\/a>est une randonn\u00e9e familiale consid\u00e9r\u00e9e comme mod\u00e9r\u00e9e, bien qu'elle soit relativement courte. Vous profiterez d'un magnifique ruisseau gazouillant tout au long de votre parcours jusqu'\u00e0 ce que vous atteigniez une chute d'eau pittoresque. Le d\u00e9nivel\u00e9 est d'environ 800 pieds sur cette boucle de 3 miles, et le sentier est bien entretenu. Cette randonn\u00e9e offre \u00e9galement des vues panoramiques sur l'oc\u00e9an et les ruines d'une ancienne maison de ranch que les habitants appellent \u201cTropical Terrace\u201d. Le Service des parcs nationaux entretient ces ruines afin que les visiteurs puissent explorer cette attraction unique lors de leurs randonn\u00e9es \u00e0 Santa Monica.<\/p>\n<\/div>\n\n\n\n<div class=\"wp-block-column is-layout-flow wp-block-column-is-layout-flow base-block\">\n<h3 class=\"wp-block-heading base-block\">Paramount Ranch<\/h3>\n\n\n\n<p class=\"base-block\">Une autre attraction unique que l'on peut voir lors des randonn\u00e9es pr\u00e8s de Santa Monica est le <a href=\"https:\/\/www.nps.gov\/samo\/planyourvisit\/paramountranch.htm\" target=\"_blank\" rel=\"noopener\">Paramount Ranch <\/a>dans la zone de loisirs nationale des Santa Monica Mountains. La Paramount Pictures Corporation a utilis\u00e9 cette zone pour tourner de nombreux films et s\u00e9ries t\u00e9l\u00e9vis\u00e9es embl\u00e9matiques au fil des d\u00e9cennies. Aujourd'hui, l'attraction est entretenue par le National Park Service, o\u00f9 les visiteurs peuvent emprunter plusieurs sentiers de randonn\u00e9e autour du ranch et voir o\u00f9 ont \u00e9t\u00e9 tourn\u00e9s des titres c\u00e9l\u00e8bres comme M*A*S*H et Westworld. D'autres possibilit\u00e9s s'offrent \u00e0 vous, comme les pistes de VTT, l'observation de la faune et de la flore et les promenades \u00e0 cheval.<\/p>\n<\/div>\n<\/div>\n\n\n\n<div class=\"wp-block-columns is-layout-flex wp-container-core-columns-is-layout-28f84493 wp-block-columns-is-layout-flex base-block\">\n<div class=\"wp-block-column is-layout-flow wp-block-column-is-layout-flow base-block\">\n<h3 class=\"wp-block-heading base-block\">Boucle du canyon Temescal <\/h3>\n\n\n\n<p class=\"base-block\">Une belle randonn\u00e9e dans le parc d'\u00c9tat de Topanga est la <a href=\"https:\/\/www.alltrails.com\/trail\/us\/california\/temescal-canyon-loop-trail\" target=\"_blank\" rel=\"noopener\">Sentier de la boucle du canyon Temescal<\/a>, Ce sentier est situ\u00e9 pr\u00e8s du parc Temescal Gateway. Le sentier dispose d'un parking payant et pr\u00e9sente un d\u00e9nivel\u00e9 positif d'un peu moins de 900 pieds sur une distance d'environ 3 miles. Si vous souhaitez effectuer une extension plus longue et l\u00e9g\u00e8rement plus difficile de cette randonn\u00e9e, vous pourrez voir le c\u00e9l\u00e8bre Skull Rock et des vues \u00e0 couper le souffle sur la baie de Santa Monica.<\/p>\n<\/div>\n\n\n\n<div class=\"wp-block-column is-layout-flow wp-block-column-is-layout-flow base-block\">\n<h3 class=\"wp-block-heading base-block\">Paseo Miramar Trail<\/h3>\n\n\n\n<p class=\"base-block\">Un autre sentier de randonn\u00e9e de Santa Monica \u00e0 ne pas manquer dans le parc d'\u00c9tat de Topanga est le <a href=\"https:\/\/www.alltrails.com\/trail\/us\/california\/paseo-miramar-trail\" target=\"_blank\" rel=\"noopener\">Paseo Miramar Trail<\/a>. Elle est r\u00e9put\u00e9e pour \u00eatre extr\u00eamement pittoresque, bien qu'elle soit l\u00e9g\u00e8rement plus difficile qu'une randonn\u00e9e mod\u00e9r\u00e9e. Les randonneurs peuvent s'attendre \u00e0 gagner plus de 1 200 pieds d'altitude au cours de cette randonn\u00e9e de 5 miles. Elle offre des vues magnifiques sur les maisons du quartier de Pacific Palisades, ainsi que des vues panoramiques sur la mer qui \u00e9merveilleront tous ceux qui participent \u00e0 cette randonn\u00e9e \u00e0 Santa Monica.<\/p>\n<\/div>\n\n\n\n<div class=\"wp-block-column is-layout-flow wp-block-column-is-layout-flow base-block\">\n<h3 class=\"wp-block-heading base-block\">Sentier du canyon rustique<\/h3>\n\n\n\n<p class=\"base-block\">Will Rogers State Park est un parc d'\u00c9tat historique qui propose de nombreuses randonn\u00e9es pr\u00e8s de Santa Monica. C'est \u00e9galement le point de d\u00e9part de l'une des randonn\u00e9es les plus difficiles de Santa Monica dans la r\u00e9gion, <a href=\"https:\/\/www.alltrails.com\/trail\/us\/california\/rustic-canyon-loop-trail\" target=\"_blank\" rel=\"noopener\">Sentier du canyon rustique<\/a>, qui conduit les randonneurs le long de vues magnifiques et d'un site historique de la Seconde Guerre mondiale. Cet itin\u00e9raire n'est cependant pas pour les \u00e2mes sensibles. Il s'agit d'un parcours d'environ 4,5 miles avec un d\u00e9nivel\u00e9 positif d'environ 1 000 pieds sur un terrain accident\u00e9. Bien qu'il soit ouvert toute l'ann\u00e9e, v\u00e9rifiez les conditions avant de vous lancer, car la qualit\u00e9 du sentier varie en fonction du temps.<\/p>\n<\/div>\n\n\n\n<div class=\"wp-block-column is-layout-flow wp-block-column-is-layout-flow base-block\">\n<h3 class=\"wp-block-heading base-block\">Sentier de la Pointe de l'Inspiration<\/h3>\n\n\n\n<p class=\"base-block\"><a href=\"https:\/\/www.alltrails.com\/trail\/us\/california\/will-rogers-state-park-inspiration-point-trail\" target=\"_blank\" rel=\"noopener\">Sentier de la Pointe de l'Inspiration<\/a> est une randonn\u00e9e plus rapide et plus mod\u00e9r\u00e9e pr\u00e8s de Santa Monica, dans le Will Rogers State Park, qui convient aux randonneurs de tous niveaux. Elle est adapt\u00e9e aux familles, avec un peu plus de 2 miles et un d\u00e9nivel\u00e9 tr\u00e8s faible d'un peu plus de 300 pieds. Ce sentier de randonn\u00e9e de Santa Monica permet \u00e9galement aux visiteurs de voir le ranch Will Rogers et d'avoir une vue panoramique sur les environs de Los Angeles.<\/p>\n<\/div>\n<\/div>\n\n\n<section class=\"blog-feed --theme8 sm-block\">\n    <div class=\"blog-feed__content\">\n        <div class=\"blog-feed__intro\">\n                            <div class=\"blog-feed__eyebrow eyebrow\">Choses \u00e0 faire autour de Santa Monica<\/div>                                        <h1 class=\"blog-feed__headline\">Conseils d'initi\u00e9s<\/h1>                                        <div class=\"blog-feed__body\"><p>Trouvez des itin\u00e9raires, des conseils locaux et des aventures passionnantes pour vous aider \u00e0 organiser votre emploi du temps \u00e0 Santa Monica.<\/p>\n<\/div>\n                                        <a class=\"blog-feed__cta\" href=\"https:\/\/www.santamonica.com\/fr\/articles-de-blog\/\">Voir tous les blogs<\/a>\n                    <\/div>\n\n        <ul class=\"blog-feed__list\">\n                                                <li class=\"blog-feed__item\">\n                        <a href=\"https:\/\/www.santamonica.com\/fr\/things-to-do\/outdoors\/\" class=\"blog-feed__item-link\">\n                            <div class=\"blog-feed__image-ratio\">\n                                <img decoding=\"async\" class=\"blog-feed__image\" src=\"https:\/\/www.santamonica.com\/wp-content\/uploads\/2020\/04\/Santa-Monica-Virtual-Beach-blog-post-featured-400x400.jpg\" alt=\"Sortez et profitez de l&#039;air frais et de la brise marine \u00e0 Santa Monica\" title=\"\">\n                            <\/div>\n                            <div class=\"blog-feed__card-title\">Sortez et profitez de l'air frais et de la brise marine \u00e0 Santa Monica<\/div>\n                        <\/a>\n                    <\/li>\n                                                                <li class=\"blog-feed__item\">\n                        <a href=\"https:\/\/www.santamonica.com\/fr\/things-to-do\/coastal-chronicles-the-history-of-santa-monicas-libraries\/\" class=\"blog-feed__item-link\">\n                            <div class=\"blog-feed__image-ratio\">\n                                <img decoding=\"async\" class=\"blog-feed__image\" src=\"https:\/\/www.santamonica.com\/wp-content\/uploads\/2024\/04\/Untitled-design-34-400x400.jpg\" alt=\"Chroniques c\u00f4ti\u00e8res : L&#039;histoire des biblioth\u00e8ques de Santa Monica\" title=\"\">\n                            <\/div>\n                            <div class=\"blog-feed__card-title\">Chroniques c\u00f4ti\u00e8res : L'histoire des biblioth\u00e8ques de Santa Monica<\/div>\n                        <\/a>\n                    <\/li>\n                                                                <li class=\"blog-feed__item\">\n                        <a href=\"https:\/\/www.santamonica.com\/fr\/experience-santa-monica\/15-movies-to-satiate-your-santa-monica-wanderlust\/\" class=\"blog-feed__item-link\">\n                            <div class=\"blog-feed__image-ratio\">\n                                <img decoding=\"async\" class=\"blog-feed__image\" src=\"https:\/\/www.santamonica.com\/wp-content\/uploads\/2020\/03\/Movies-Filmed-in-Santa-Monica-blog-post-featured-400x400.jpg\" alt=\"Films et s\u00e9ries t\u00e9l\u00e9vis\u00e9es pour satisfaire votre envie d&#039;explorer Santa Monica\" title=\"\">\n                            <\/div>\n                            <div class=\"blog-feed__card-title\">Films et s\u00e9ries t\u00e9l\u00e9vis\u00e9es pour satisfaire votre envie d'explorer Santa Monica<\/div>\n                        <\/a>\n                    <\/li>\n                                    <\/ul>\n    <\/div>\n<\/section>\n\n\n    <section class=\"booking-cta --theme5 sm-block\">\n    <div id=\"widget-container-2070\"><\/div>\n<script type=\"text\/javascript\">\n  (function() {\n    var script = document.createElement('script');\n    script.type = 'text\/javascript';\n    script.async = 'true';\n    script.src = \"https:\/\/admin.bookdirect.net\/hs4\/widgets\/2070.js?widget_element=widget-container-2070\";\n    document.body.appendChild(script);\n  })();\n<\/script>\n    <\/section>","protected":false},"excerpt":{"rendered":"<p>Los Leones Trail Los Leones Trail is a scenic hiking trail about 6 miles from Santa Monica. It Is a 4.4 mile train with an elevation gain of around 1190 feet. This is a popular trail and you will often find other hiker, bird watchers or runners along the way. Here you will get some amazing views of Santa Monica and the Pacific Ocean. Mishe Mokwa Trail The Mishe Mokwa Trail is open to hikers and their leashed dogs all year-round and features beautiful and diverse landscapes. It has an elevation gain of around 1,500 feet, so it is considered [\u2026]<\/p>\n","protected":false},"author":1421,"featured_media":388870,"parent":0,"menu_order":0,"comment_status":"closed","ping_status":"closed","template":"template-editorial.php","meta":{"_acf_changed":false,"inline_featured_image":false,"footnotes":""},"silos":[3899],"class_list":["post-351204","page","type-page","status-publish","has-post-thumbnail","hentry"],"acf":[],"_links":{"self":[{"href":"https:\/\/www.santamonica.com\/fr\/wp-json\/wp\/v2\/pages\/351204","targetHints":{"allow":["GET"]}}],"collection":[{"href":"https:\/\/www.santamonica.com\/fr\/wp-json\/wp\/v2\/pages"}],"about":[{"href":"https:\/\/www.santamonica.com\/fr\/wp-json\/wp\/v2\/types\/page"}],"author":[{"embeddable":true,"href":"https:\/\/www.santamonica.com\/fr\/wp-json\/wp\/v2\/users\/1421"}],"replies":[{"embeddable":true,"href":"https:\/\/www.santamonica.com\/fr\/wp-json\/wp\/v2\/comments?post=351204"}],"version-history":[{"count":38,"href":"https:\/\/www.santamonica.com\/fr\/wp-json\/wp\/v2\/pages\/351204\/revisions"}],"predecessor-version":[{"id":794636,"href":"https:\/\/www.santamonica.com\/fr\/wp-json\/wp\/v2\/pages\/351204\/revisions\/794636"}],"wp:featuredmedia":[{"embeddable":true,"href":"https:\/\/www.santamonica.com\/fr\/wp-json\/wp\/v2\/media\/388870"}],"wp:attachment":[{"href":"https:\/\/www.santamonica.com\/fr\/wp-json\/wp\/v2\/media?parent=351204"}],"wp:term":[{"taxonomy":"silos","embeddable":true,"href":"https:\/\/www.santamonica.com\/fr\/wp-json\/wp\/v2\/silos?post=351204"}],"curies":[{"name":"wp","href":"https:\/\/api.w.org\/{rel}","templated":true}]}}