{"id":351176,"date":"2022-08-05T16:52:41","date_gmt":"2022-08-05T23:52:41","guid":{"rendered":"https:\/\/www.santamonica.com\/?page_id=351176"},"modified":"2026-02-09T08:37:17","modified_gmt":"2026-02-09T16:37:17","slug":"pickleball","status":"publish","type":"page","link":"https:\/\/www.santamonica.com\/fr\/things-to-do\/pickleball\/","title":{"rendered":"Pickleball"},"content":{"rendered":"<div class=\"wp-block-columns is-layout-flex wp-container-core-columns-is-layout-28f84493 wp-block-columns-is-layout-flex base-block\">\n<div class=\"wp-block-column is-layout-flow wp-block-column-is-layout-flow base-block\">\n<h4 class=\"wp-block-heading base-block\">Qu'est-ce que le pickleball ?<\/h4>\n\n\n\n<p class=\"base-block\">Le pickleball a \u00e9t\u00e9 invent\u00e9 sur l'\u00eele de Bainbridge, dans l'\u00c9tat de Washington, en 1965. Ce sport peut \u00eatre pratiqu\u00e9 \u00e0 l'int\u00e9rieur ou \u00e0 l'ext\u00e9rieur et utilise une balle Wiffle et une raquette l\u00e9g\u00e8rement plus grande et plus longue qu'une raquette de ping-pong.<\/p>\n\n\n\n<p class=\"base-block\">Un terrain de pickleball est identique \u00e0 un terrain de badminton, soit 6,1 m\u00e8tres de large sur 13,4 m\u00e8tres de long, avec un filet de 86,4 centim\u00e8tres de haut au milieu. Il doit y avoir une zone de non-volley de 2,1 m\u00e8tres pr\u00e8s des filets, ainsi que des zones de service \u00e0 droite et \u00e0 gauche, comme sur un court de tennis.<\/p>\n<\/div>\n\n\n\n<div class=\"wp-block-column is-layout-flow wp-block-column-is-layout-flow base-block\">\n<h4 class=\"wp-block-heading base-block\">R\u00e8gles du pickleball<\/h4>\n\n\n\n<p class=\"base-block\">Les r\u00e8gles du pickleball sont simples : vous pouvez jouer en double ou en simple, et le premier service est effectu\u00e9 en diagonale depuis le court droit du camp qui sert. D\u00e8s qu'un point est marqu\u00e9, le serveur change de c\u00f4t\u00e9 et sert depuis le court gauche. Les joueurs continuent jusqu'\u00e0 ce qu'une \u00e9quipe commette une faute et perde le service au profit de l'autre \u00e9quipe. Seule l'\u00e9quipe qui sert peut marquer des points, et l'\u00e9quipe qui re\u00e7oit doit laisser la balle rebondir avant de la frapper. Les parties se jouent en 11 points.<\/p>\n<\/div>\n<\/div>\n\n\n\n<div class=\"wp-block-columns is-layout-flex wp-container-core-columns-is-layout-28f84493 wp-block-columns-is-layout-flex base-block\">\n<div class=\"wp-block-column is-layout-flow wp-block-column-is-layout-flow base-block\">\n<h4 class=\"wp-block-heading base-block\">Comment s'y rendre<\/h4>\n\n\n\n<p class=\"base-block\">La 17e rue&nbsp;<a href=\"https:\/\/www.santamonica.com\/fr\/le-transport\/metro-de-santa-monica\/\">Ligne E du m\u00e9tro<\/a>&nbsp;est id\u00e9alement situ\u00e9 \u00e0 proximit\u00e9 des terrains de pickleball de Memorial Park, alors montez dans le m\u00e9tro pour vous rendre facilement \u00e0 votre match ! Ensuite, remontez dans le train pour un trajet rapide jusqu'\u00e0&nbsp;<a href=\"https:\/\/www.santamonica.com\/fr\/quartiers-de-santa-monica\/downtown-santa-monica-third-street-promenade\/\">Centre-ville de Santa Monica<\/a>&nbsp;pour manger un morceau et s'amuser en ville !<\/p>\n<\/div>\n<\/div>\n\n\n\n<section class=\"image-section-break sm-block\">\n    <div class=\"image-section-break__image-wrapper\">\n                    <picture>\n                    <source\n                        media=\"(min-width: 768px)\"\n                        srcset=\"https:\/\/www.santamonica.com\/wp-content\/uploads\/2024\/03\/Santa-Monica-Pickleball-Center-1656x574-1.png\"\n                    >\n                    <img decoding=\"async\" src=\"https:\/\/www.santamonica.com\/wp-content\/uploads\/2024\/03\/Santa-Monica-Pickleball-Center-650x866px.png\" class=\"image-section-break__image\" alt=\"personnes jouant au pickleball au centre de pickleball de santa monica\" title=\"\">\n            <\/picture>\n                \n\n    <\/div>\n    <div class=\"image-section-break__text-content\">\n        <div class=\"image-section-break__first-content --theme3\">\n                            <div class=\"image-section-break__eyebrow-text\">O\u00f9 jouer<\/div>\n                                        <h2 class=\"image-section-break__title\">Terrains de pickleball \u00e0 Santa Monica<\/h2>\n                                        <div class=\"image-section-break__body-copy wysiwyg\"><p>Les pros et les d\u00e9butants peuvent profiter de la vie \u00e0\u00a0<a href=\"https:\/\/www.santamonica.com\/fr\/choses-a-faire\/centre-de-pickleball-de-santa-monica\/\">Centre de Pickleball de Santa Monica<\/a>. Acc\u00e9dez \u00e0 quatre courts ext\u00e9rieurs et int\u00e9rieurs et inscrivez-vous \u00e0 des cours priv\u00e9s ou collectifs. Faisant partie de l'une des entreprises de tennis les plus reconnues du sud de la Californie, cet \u00e9tablissement propose \u00e9galement des services de vente au d\u00e9tail et un stock d'\u00e9quipements de pickleball parmi les plus vari\u00e9s de toute l'agglom\u00e9ration de Los Angeles.<br data-rich-text-line-break=\"true\" \/><br data-rich-text-line-break=\"true\" \/>Trois courts de pickleball int\u00e9rieurs, boutique, approuv\u00e9s par la PPA, des tournois \u00e0 la ronde, des \u00e9v\u00e9nements sociaux de West LA et des f\u00eates priv\u00e9es, le tout sur la Third Street Promenade...<a href=\"https:\/\/www.santamonica.com\/fr\/pop-cornichon\/\">Pops aux cornichons<\/a> a tout pour plaire. Pour ajouter au plaisir, les joueurs sont invit\u00e9s \u00e0 rejoindre une ligue personnalis\u00e9e ou \u00e0 cr\u00e9er leur propre ligue.<\/p>\n<\/div>\n                                <\/div>\n        <div class=\"image-section-break__second-content\">\n                            <div class=\"image-section-break__body-copy wysiwyg\"><p>Le week-end, les terrains de pickleball de l'\u00e9cole John Adams Middle School sont accessibles gratuitement de 8 \u00e0 12 heures. Les week-ends apr\u00e8s 12 heures et les jours de semaine, de 17 heures \u00e0 la tomb\u00e9e de la nuit, sont disponibles selon le principe du premier arriv\u00e9, premier servi.<\/p>\n<p>Situ\u00e9 dans le centre-ville de Santa Monica, les fanatiques de pickleball peuvent s'inscrire \u00e0 des stages pour adultes et au liveball, \u00e0 des stages de pickleball pour enfants, \u00e0 des mini-camps de 3 heures, une fois par mois, et r\u00e9server du temps de jeu sur les courts int\u00e9rieurs et ext\u00e9rieurs \u00e0 l'adresse suivante <a href=\"https:\/\/www.santamonica.com\/fr\/pickletown-la\/\">Pickletown LA<\/a>. C'est l'endroit id\u00e9al pour jouer en famille, avec des amis ou de nouvelles connaissances.<\/p>\n<p><a href=\"https:\/\/www.santamonica.com\/fr\/ce-quil-faut-faire\/parc-commemoratif\/\">Parc comm\u00e9moratif<\/a>\u00a0dispose de quatre courts de tennis peints avec des lignes de pickleball, et chacun d'entre eux peut accueillir quatre courts de pickleball. Ces courts sont les premiers arriv\u00e9s, les premiers servis lorsqu'ils ne sont pas utilis\u00e9s par les programmes et les r\u00e9servations de la ville. Consultez les ressources de la ville de Santa Monica pour obtenir des informations sur la r\u00e9servation des courts de tennis et de pickleball.\u00a0<a href=\"https:\/\/www.santamonica.gov\/programs\/tennis-and-pickleball\" target=\"_blank\" rel=\"noreferrer noopener\">ici<\/a>.<\/p>\n<\/div>\n                                <\/div>\n    <\/div>\n<\/section>\n\n\n    <section class=\"booking-cta --theme5 sm-block\">\n    <div id=\"widget-container-2070\"><\/div>\n<script type=\"text\/javascript\">\n  (function() {\n    var script = document.createElement('script');\n    script.type = 'text\/javascript';\n    script.async = 'true';\n    script.src = \"https:\/\/admin.bookdirect.net\/hs4\/widgets\/2070.js?widget_element=widget-container-2070\";\n    document.body.appendChild(script);\n  })();\n<\/script>\n    <\/section>\n\n\n\n<section class=\"blog-feed --theme8 sm-block\">\n    <div class=\"blog-feed__content\">\n        <div class=\"blog-feed__intro\">\n                            <div class=\"blog-feed__eyebrow eyebrow\">Choses \u00e0 faire \u00e0 Santa Monica<\/div>                                        <h1 class=\"blog-feed__headline\">Conseils d'initi\u00e9s<\/h1>                                        <div class=\"blog-feed__body\"><p>Trouvez des itin\u00e9raires, des conseils locaux et des aventures passionnantes pour vous aider \u00e0 organiser votre emploi du temps \u00e0 Santa Monica.<\/p>\n<\/div>\n                                        <a class=\"blog-feed__cta\" href=\"https:\/\/www.santamonica.com\/fr\/articles-de-blog\/\">Voir tous les blogs<\/a>\n                    <\/div>\n\n        <ul class=\"blog-feed__list\">\n                                                <li class=\"blog-feed__item\">\n                        <a href=\"https:\/\/www.santamonica.com\/fr\/things-to-do\/outdoors\/\" class=\"blog-feed__item-link\">\n                            <div class=\"blog-feed__image-ratio\">\n                                <img decoding=\"async\" class=\"blog-feed__image\" src=\"https:\/\/www.santamonica.com\/wp-content\/uploads\/2020\/04\/Santa-Monica-Virtual-Beach-blog-post-featured-400x400.jpg\" alt=\"Sortez et profitez de l&#039;air frais et de la brise marine \u00e0 Santa Monica\" title=\"\">\n                            <\/div>\n                            <div class=\"blog-feed__card-title\">Sortez et profitez de l'air frais et de la brise marine \u00e0 Santa Monica<\/div>\n                        <\/a>\n                    <\/li>\n                                                                <li class=\"blog-feed__item\">\n                        <a href=\"https:\/\/www.santamonica.com\/fr\/things-to-do\/coastal-chronicles-the-history-of-santa-monicas-libraries\/\" class=\"blog-feed__item-link\">\n                            <div class=\"blog-feed__image-ratio\">\n                                <img decoding=\"async\" class=\"blog-feed__image\" src=\"https:\/\/www.santamonica.com\/wp-content\/uploads\/2024\/04\/Untitled-design-34-400x400.jpg\" alt=\"Chroniques c\u00f4ti\u00e8res : L&#039;histoire des biblioth\u00e8ques de Santa Monica\" title=\"\">\n                            <\/div>\n                            <div class=\"blog-feed__card-title\">Chroniques c\u00f4ti\u00e8res : L'histoire des biblioth\u00e8ques de Santa Monica<\/div>\n                        <\/a>\n                    <\/li>\n                                                                <li class=\"blog-feed__item\">\n                        <a href=\"https:\/\/www.santamonica.com\/fr\/experience-santa-monica\/15-movies-to-satiate-your-santa-monica-wanderlust\/\" class=\"blog-feed__item-link\">\n                            <div class=\"blog-feed__image-ratio\">\n                                <img decoding=\"async\" class=\"blog-feed__image\" src=\"https:\/\/www.santamonica.com\/wp-content\/uploads\/2020\/03\/Movies-Filmed-in-Santa-Monica-blog-post-featured-400x400.jpg\" alt=\"Films et s\u00e9ries t\u00e9l\u00e9vis\u00e9es pour satisfaire votre envie d&#039;explorer Santa Monica\" title=\"\">\n                            <\/div>\n                            <div class=\"blog-feed__card-title\">Films et s\u00e9ries t\u00e9l\u00e9vis\u00e9es pour satisfaire votre envie d'explorer Santa Monica<\/div>\n                        <\/a>\n                    <\/li>\n                                    <\/ul>\n    <\/div>\n<\/section>","protected":false},"excerpt":{"rendered":"<p>What is pickleball? Pickleball was invented on Bainbridge Island in Washington state in 1965. The sport can be played indoors or outdoors and uses a Wiffle ball and a paddle that is slightly larger and longer than a ping pong paddle. A pickleball court is the same as a badminton-sized court, 20 feet (6.1 meters) wide by 44 feet (13.4 meters) long, with a net measuring 34 inches (86.4 centimeters) tall in the middle. There should be a 7-foot (2.1-meter) no volley zone nearest the nets and right and left service courts, similar to a tennis court layout. Pickleball rules [\u2026]<\/p>\n","protected":false},"author":1421,"featured_media":351191,"parent":0,"menu_order":0,"comment_status":"closed","ping_status":"closed","template":"template-editorial.php","meta":{"_acf_changed":false,"inline_featured_image":false,"footnotes":""},"silos":[3899],"class_list":["post-351176","page","type-page","status-publish","has-post-thumbnail","hentry"],"acf":[],"_links":{"self":[{"href":"https:\/\/www.santamonica.com\/fr\/wp-json\/wp\/v2\/pages\/351176","targetHints":{"allow":["GET"]}}],"collection":[{"href":"https:\/\/www.santamonica.com\/fr\/wp-json\/wp\/v2\/pages"}],"about":[{"href":"https:\/\/www.santamonica.com\/fr\/wp-json\/wp\/v2\/types\/page"}],"author":[{"embeddable":true,"href":"https:\/\/www.santamonica.com\/fr\/wp-json\/wp\/v2\/users\/1421"}],"replies":[{"embeddable":true,"href":"https:\/\/www.santamonica.com\/fr\/wp-json\/wp\/v2\/comments?post=351176"}],"version-history":[{"count":52,"href":"https:\/\/www.santamonica.com\/fr\/wp-json\/wp\/v2\/pages\/351176\/revisions"}],"predecessor-version":[{"id":785059,"href":"https:\/\/www.santamonica.com\/fr\/wp-json\/wp\/v2\/pages\/351176\/revisions\/785059"}],"wp:featuredmedia":[{"embeddable":true,"href":"https:\/\/www.santamonica.com\/fr\/wp-json\/wp\/v2\/media\/351191"}],"wp:attachment":[{"href":"https:\/\/www.santamonica.com\/fr\/wp-json\/wp\/v2\/media?parent=351176"}],"wp:term":[{"taxonomy":"silos","embeddable":true,"href":"https:\/\/www.santamonica.com\/fr\/wp-json\/wp\/v2\/silos?post=351176"}],"curies":[{"name":"wp","href":"https:\/\/api.w.org\/{rel}","templated":true}]}}