{"id":349028,"date":"2022-07-25T12:49:54","date_gmt":"2022-07-25T19:49:54","guid":{"rendered":"https:\/\/www.santamonica.com\/?page_id=349028"},"modified":"2024-06-03T21:03:07","modified_gmt":"2024-06-04T04:03:07","slug":"voyager-de-maniere-responsable","status":"publish","type":"page","link":"https:\/\/www.santamonica.com\/fr\/travel-responsibly\/","title":{"rendered":"Voyager de mani\u00e8re responsable"},"content":{"rendered":"<section class=\"sun-title sm-block --theme6 --2col sm-block\">\n            <h2 class=\"sun-title__headline\">Voyager de mani\u00e8re responsable \u00e0 Santa Monica<\/h2>    \n            <div class=\"sun-title__body  --2col wysiwyg\">\n                    <div class=\"column-1\">\n                <p><!-- wp:heading {\"level\":4} --><\/p>\n<h3 class=\"wp-block-heading\"><strong>Planifier \u00e0 l'avance<\/strong><\/h3>\n<p>Faites des recherches sur l'entreprise ou l'activit\u00e9 qui vous int\u00e9resse avant de partir. Appelez l'entreprise directement ou consultez son site web et ses canaux de m\u00e9dias sociaux pour savoir si ses activit\u00e9s sont diff\u00e9rentes.<\/p>\n<p><!-- \/wp:paragraph --> <!-- wp:paragraph --><\/p>\n<p>Si vous voulez aller dans un certain restaurant ou mus\u00e9e, essayez de r\u00e9server \u00e0 l'avance ou d'y aller pendant les heures creuses. Si vous voulez \u00e9viter les foules, essayez de visiter l'un des sites suivants <a href=\"https:\/\/www.santamonica.com\/fr\/experience-santa-monica\/quartiers\/\">Les huit quartiers de Santa Monica<\/a>, qui offrent une vari\u00e9t\u00e9 d'options de restauration et de vente au d\u00e9tail aux visiteurs et aux habitants de la r\u00e9gion.<\/p>\n<p><!-- \/wp:paragraph --> <!-- wp:paragraph --><\/p>\n<p>Si vous avez encore des questions, appelez notre centre d'accueil au 310-319-6263 ou envoyez un SMS au 424-443-8830 sept jours sur sept de 9h \u00e0 17h, ou passez au 2427 Main Street, ouvert du lundi au vendredi de 9h \u00e0 17h30 et le samedi et le dimanche de 9h \u00e0 17h. Nous serons heureux de r\u00e9pondre \u00e0 toutes les questions que vous vous posez sur la visite de Santa Monica en ce moment.<\/p>\n<p><!-- \/wp:paragraph --> <!-- wp:heading {\"level\":5} --><\/p>\n<h3 class=\"wp-block-heading\"><strong>Fixer des attentes pour votre visite<\/strong><\/h3>\n<p>Nous vous demandons d'\u00eatre patient et de faire preuve d'une certaine souplesse dans vos projets de voyage et d'activit\u00e9s. La communaut\u00e9 de Santa Monica accueille les visiteurs avec gentillesse et appr\u00e9cie qu'ils lui rendent la pareille. Faites preuve de g\u00e9n\u00e9rosit\u00e9 envers les entreprises locales et contribuez \u00e0 pr\u00e9server la prosp\u00e9rit\u00e9 \u00e0 long terme des lieux que vous visitez.<\/p>\n<p><!-- \/wp:paragraph --> <!-- wp:paragraph --><\/p>\n<p>Si la plage et la jet\u00e9e sont des lieux incontournables de vos vacances, il existe de nombreux autres quartiers uniques de Santa Monica \u00e0 explorer, qui sont peut-\u00eatre moins fr\u00e9quent\u00e9s. D\u00e9couvrez les nombreuses peintures murales de rue sur\u00a0<a href=\"https:\/\/www.santamonica.com\/fr\/experience-santa-monica\/quartiers\/boulevard-pico\/\">Boulevard Pico<\/a>\u00a0avec une visite \u00e0 pied autoguid\u00e9e, faire des folies dans les boutiques et les caf\u00e9s de l'h\u00f4tel\u00a0<a href=\"https:\/\/www.santamonica.com\/fr\/experience-santa-monica\/quartiers\/avenue-montana\/\">Avenue Montana<\/a>, Vous pouvez \u00e9galement d\u00eener en plein air dans l'un des nombreux restaurants de la ville.\u00a0<a href=\"https:\/\/www.santamonica.com\/fr\/experience-santa-monica\/quartiers\/rue-principale\/\">Rue principale<\/a>, Vous pouvez \u00e9galement vous arr\u00eater dans une ou deux galeries d'art de l'Union europ\u00e9enne.\u00a0<a href=\"https:\/\/www.santamonica.com\/fr\/experience-santa-monica\/quartiers\/ville-moyenne\/\">Mid-City<\/a>\u2019Le quartier des arts florissants de la ville, l'achat de produits frais de saison dans l'un des centres d'art de la ville.\u00a0<a href=\"https:\/\/www.santamonica.com\/fr\/experience-santa-monica\/quartiers\/centre-ville-de-santa-monica-promenade-de-la-3e-rue\/\">Centre-ville de Santa Monica<\/a>\u2019s\u00a0<a href=\"https:\/\/www.santamonica.com\/fr\/experience-santa-monica\/marches-de-producteurs\/\">march\u00e9s de producteurs<\/a>\u00a0ou faire des emplettes dans le\u00a0<a href=\"https:\/\/www.santamonica.com\/fr\/experience-santa-monica\/quartiers\/parc-oceanique\/\">Ocean Park Boulevard\/zone de l'a\u00e9roport de Santa Monica<\/a>.<\/p>\n<h3 class=\"wp-block-heading\"><strong>Sans voiture<\/strong><\/h3>\n<p><!-- \/wp:heading --> <!-- wp:paragraph --><\/p>\n<p>Il est facile de se passer de voiture dans les 8,3 kilom\u00e8tres carr\u00e9s de Santa Monica, qui offrent des trottoirs accueillants pour les pi\u00e9tons, des kilom\u00e8tres et des kilom\u00e8tres de pistes cyclables, un m\u00e9tro l\u00e9ger reliant Santa Monica au centre-ville de Los Angeles, des services de covoiturage, ainsi que des scooters \u00e9lectriques. Voir toutes les villes de Santa Monica\u00a0<a href=\"https:\/\/www.santamonica.com\/fr\/le-transport\/les-transports-publics\/\">options de transport public<\/a>\u00a0et examen\u00a0<a href=\"https:\/\/www.santamonica.com\/fr\/experience-santa-monica\/la-securite\/\">informations sur la s\u00e9curit\u00e9<\/a>\u00a0pour se d\u00e9placer dans la ville.<\/p>\n<p><!-- \/wp:paragraph --> <!-- wp:paragraph --><\/p>\n<p>Si vous devez amener un v\u00e9hicule, veuillez lire notre\u00a0<a href=\"https:\/\/www.santamonica.com\/fr\/le-transport\/stationnement\/\">page de stationnement<\/a>\u00a0pour plus d'informations.<\/p>\n<p><!-- \/wp:paragraph --><\/p>\n                            <\/div>\n            <div class=\"column-2\">\n                <p><!-- wp:heading {\"level\":4} --><\/p>\n<h3 class=\"wp-block-heading\"><strong>Aidez-nous \u00e0 garder Santa Monica propre<\/strong><\/h3>\n<p>Gardez le plus grand respect pour toute personne et tout ce que vous rencontrez \u00e0 Santa Monica. Cela inclut l'environnement dans lequel nous vivons. Afin de pr\u00e9server l'\u00e9clat de notre ville situ\u00e9e en bord de mer, ramassez vos d\u00e9chets et jetez-les dans les poubelles pr\u00e9vues \u00e0 cet effet le long de la plage et dans toute la ville, ou emportez-les avec vous. Nous partageons tous la responsabilit\u00e9 de la protection de Santa Monica.<\/p>\n<p><!-- \/wp:paragraph --> <!-- wp:heading {\"level\":5} --><\/p>\n<h3 class=\"wp-block-heading\"><strong>Soutenir les entreprises locales et c\u00e9l\u00e9brer la culture<\/strong><\/h3>\n<p class=\"wp-block-heading\">Assister \u00e0 des \u00e9v\u00e9nements locaux, manger dans des restaurants locaux et faire des achats dans des magasins locaux contribuent tous au bien-\u00eatre et \u00e0 l'\u00e9conomie de la communaut\u00e9 locale. L'immersion dans les nombreuses cultures et traditions locales de Santa Monica contribue \u00e0 la croissance de la ville en tant que destination baln\u00e9aire distincte que les g\u00e9n\u00e9rations futures pourront visiter et appr\u00e9cier.<\/p>\n<p><!-- \/wp:paragraph --> <!-- wp:paragraph --><\/p>\n<p>Saviez-vous que pour chaque $10 d\u00e9pens\u00e9 dans une entreprise de Santa Monica, $7 reste dans la communaut\u00e9 sous forme d'imp\u00f4ts, de salaires et d'autres d\u00e9penses ? Avec chaque achat effectu\u00e9 \u00e0 Santa Monica pendant votre visite, vous investissez dans notre \u00e9conomie locale, vous gagnez du temps et vous r\u00e9duisez votre empreinte carbone.<\/p>\n<p><!-- \/wp:paragraph --> <!-- wp:heading {\"level\":5} --><\/p>\n<h3 class=\"wp-block-heading\">Rester en bonne sant\u00e9<\/h3>\n<p class=\"wp-block-heading\">Depuis le\u00a0<a href=\"http:\/\/publichealth.lacounty.gov\/phcommon\/public\/media\/mediapubdetail.cfm?unit=media&amp;ou=ph&amp;prog=media&amp;prid=4344\" target=\"_blank\" rel=\"noreferrer noopener\">31 mars 2023<\/a>, Apr\u00e8s l'adoption du COVID-19, les d\u00e9clarations d'urgence locales, r\u00e9gionales, \u00e9tatiques et f\u00e9d\u00e9rales ont pris fin. Bien que le port du masque ne soit plus obligatoire dans les lieux publics, dans les transports en commun et \u00e0 l'entr\u00e9e et \u00e0 la sortie des \u00c9tats-Unis, Santa Monica continue d'encourager les voyages responsables et le bien-\u00eatre g\u00e9n\u00e9ral de sa communaut\u00e9 locale et des personnes qui voyagent vers cette destination. Pour se prot\u00e9ger et prot\u00e9ger les autres, il faut se faire d\u00e9pister si l'on pr\u00e9sente des sympt\u00f4mes ou si l'on a \u00e9t\u00e9 expos\u00e9 \u00e0 une personne dont le test est positif. Le meilleur moyen de pr\u00e9venir la propagation du COVID-19 et de s'en prot\u00e9ger est de se faire vacciner. Vous pouvez vous faire vacciner contre la grippe <a href=\"https:\/\/www.vaccines.gov\/\" target=\"_blank\" rel=\"noopener\">en m\u00eame temps<\/a> en tant que vaccin COVID-19.<\/p>\n<p><!-- \/wp:paragraph --><\/p>\n                            <\/div>\n            <\/div>\n    <\/section>\n\n\n\n<p class=\"base-block\"><\/p>\n\n\n\n<p class=\"has-text-align-center base-block\">Si vous souhaitez poursuivre votre voyage apr\u00e8s avoir visit\u00e9 Santa Monica, veuillez consulter le site suivant\u00a0<a href=\"https:\/\/www.visitcalifornia.com\/things-to-do\/travel-california-respect-california\/\" target=\"_blank\" rel=\"noreferrer noopener\">Code de voyage responsable de la Californie<\/a>.<\/p>\n\n\n    <section class=\"booking-cta --theme5 sm-block\">\n    <div id=\"widget-container-2070\"><\/div>\n<script type=\"text\/javascript\">\n  (function() {\n    var script = document.createElement('script');\n    script.type = 'text\/javascript';\n    script.async = 'true';\n    script.src = \"https:\/\/admin.bookdirect.net\/hs4\/widgets\/2070.js?widget_element=widget-container-2070\";\n    document.body.appendChild(script);\n  })();\n<\/script>\n    <\/section>\n\n\n\n<section class=\"blog-feed --theme8 sm-block\">\n    <div class=\"blog-feed__content\">\n        <div class=\"blog-feed__intro\">\n                            <div class=\"blog-feed__eyebrow eyebrow\">Blogs<\/div>                                        <h2 class=\"blog-feed__headline\">D\u00e9couvrir Santa Monica<\/h2>                                        <div class=\"blog-feed__body\"><p>Explorez les itin\u00e9raires, les conseils locaux, les points chauds et les aventures organis\u00e9es pour \u00eatre s\u00fbr de profiter au maximum de votre exp\u00e9rience \u00e0 Santa Monica.<\/p>\n<\/div>\n                                        <a class=\"blog-feed__cta\" href=\"https:\/\/www.santamonica.com\/fr\/articles-de-blog\/\">Voir tous les blogs<\/a>\n                    <\/div>\n\n        <ul class=\"blog-feed__list\">\n                                                <li class=\"blog-feed__item\">\n                        <a href=\"https:\/\/www.santamonica.com\/fr\/mother-road-modern-meetings-route-66-meeting-spaces-set-to-shine-for-centennial-in-santa-monica\/\" class=\"blog-feed__item-link\">\n                            <div class=\"blog-feed__image-ratio\">\n                                <img decoding=\"async\" class=\"blog-feed__image\" src=\"https:\/\/www.santamonica.com\/wp-content\/uploads\/2025\/12\/untitledJuly20162C2020180010-182-2-400x400.jpg\" alt=\"ROUTE MATERNELLE, R\u00c9UNIONS MODERNES : LES ESPACES DE R\u00c9UNION DE LA ROUTE 66 S&#039;APPR\u00caTENT \u00c0 BRILLER POUR LE CENTENAIRE \u00c0 SANTA MONICA\" title=\"\">\n                            <\/div>\n                            <div class=\"blog-feed__card-title\">ROUTE MATERNELLE, R\u00c9UNIONS MODERNES : LES ESPACES DE R\u00c9UNION DE LA ROUTE 66 S'APPR\u00caTENT \u00c0 BRILLER POUR LE CENTENAIRE \u00c0 SANTA MONICA<\/div>\n                        <\/a>\n                    <\/li>\n                                                                <li class=\"blog-feed__item\">\n                        <a href=\"https:\/\/www.santamonica.com\/fr\/media\/news-release\/santa-monica-announces-song-contest-in-celebration-of-route-66-centennial\/\" class=\"blog-feed__item-link\">\n                            <div class=\"blog-feed__image-ratio\">\n                                <img decoding=\"async\" class=\"blog-feed__image\" src=\"https:\/\/www.santamonica.com\/wp-content\/uploads\/2025\/11\/DSC01084-400x400.jpg\" alt=\"SANTA MONICA ANNONCE UN CONCOURS DE CHANSONS POUR C\u00c9L\u00c9BRER LE CENTENAIRE DE LA ROUTE 66\" title=\"\">\n                            <\/div>\n                            <div class=\"blog-feed__card-title\">SANTA MONICA ANNONCE UN CONCOURS DE CHANSONS POUR C\u00c9L\u00c9BRER LE CENTENAIRE DE LA ROUTE 66<\/div>\n                        <\/a>\n                    <\/li>\n                                                                <li class=\"blog-feed__item\">\n                        <a href=\"https:\/\/www.santamonica.com\/fr\/media\/news-release\/where-to-watch-the-world-series-in-santa-monica\/\" class=\"blog-feed__item-link\">\n                            <div class=\"blog-feed__image-ratio\">\n                                <img decoding=\"async\" class=\"blog-feed__image\" src=\"https:\/\/www.santamonica.com\/wp-content\/uploads\/2025\/10\/dodgers-logo-1-400x400.jpg\" alt=\"O\u00d9 REGARDER LES CHAMPIONNATS DU MONDE \u00c0 SANTA MONICA\" title=\"\">\n                            <\/div>\n                            <div class=\"blog-feed__card-title\">O\u00d9 REGARDER LES CHAMPIONNATS DU MONDE \u00c0 SANTA MONICA<\/div>\n                        <\/a>\n                    <\/li>\n                                    <\/ul>\n    <\/div>\n<\/section>","protected":false},"excerpt":{"rendered":"<p>If you want to continue your journey after visiting Santa Monica, please review\u00a0Visit California\u2019s Travel Responsibly Code.<\/p>","protected":false},"author":1421,"featured_media":349681,"parent":0,"menu_order":0,"comment_status":"closed","ping_status":"closed","template":"","meta":{"_acf_changed":false,"inline_featured_image":false,"footnotes":""},"silos":[],"class_list":["post-349028","page","type-page","status-publish","has-post-thumbnail","hentry"],"acf":[],"_links":{"self":[{"href":"https:\/\/www.santamonica.com\/fr\/wp-json\/wp\/v2\/pages\/349028","targetHints":{"allow":["GET"]}}],"collection":[{"href":"https:\/\/www.santamonica.com\/fr\/wp-json\/wp\/v2\/pages"}],"about":[{"href":"https:\/\/www.santamonica.com\/fr\/wp-json\/wp\/v2\/types\/page"}],"author":[{"embeddable":true,"href":"https:\/\/www.santamonica.com\/fr\/wp-json\/wp\/v2\/users\/1421"}],"replies":[{"embeddable":true,"href":"https:\/\/www.santamonica.com\/fr\/wp-json\/wp\/v2\/comments?post=349028"}],"version-history":[{"count":112,"href":"https:\/\/www.santamonica.com\/fr\/wp-json\/wp\/v2\/pages\/349028\/revisions"}],"predecessor-version":[{"id":416707,"href":"https:\/\/www.santamonica.com\/fr\/wp-json\/wp\/v2\/pages\/349028\/revisions\/416707"}],"wp:featuredmedia":[{"embeddable":true,"href":"https:\/\/www.santamonica.com\/fr\/wp-json\/wp\/v2\/media\/349681"}],"wp:attachment":[{"href":"https:\/\/www.santamonica.com\/fr\/wp-json\/wp\/v2\/media?parent=349028"}],"wp:term":[{"taxonomy":"silos","embeddable":true,"href":"https:\/\/www.santamonica.com\/fr\/wp-json\/wp\/v2\/silos?post=349028"}],"curies":[{"name":"wp","href":"https:\/\/api.w.org\/{rel}","templated":true}]}}