{"id":347698,"date":"2022-07-22T13:01:18","date_gmt":"2022-07-22T20:01:18","guid":{"rendered":"https:\/\/www.santamonica.com\/?page_id=347698"},"modified":"2026-01-13T13:33:17","modified_gmt":"2026-01-13T21:33:17","slug":"surf","status":"publish","type":"page","link":"https:\/\/www.santamonica.com\/fr\/things-to-do\/surfing\/","title":{"rendered":"Surf"},"content":{"rendered":"<section class=\"two-images container-max sm-block --flip sm-block\">\n    <div class=\"two-images__container --flip\">\n\n        <div class=\"two-images__column\">\n            <div class=\"two-images__content\">\n                <div class=\"two-images__content-header-container\">\n                                                                                <\/div>\n                                    <div class=\"two-images__content-body wysiwyg\">\n                        <p>Nomm\u00e9e sport officiel de l'\u00c9tat en 2018, la culture du surf \u00e0 Santa Monica existe depuis toujours et le surf est depuis longtemps un \u00e9l\u00e9ment embl\u00e9matique du mode de vie californien. Attrapez des vagues et participez \u00e0 des \u00e9v\u00e9nements de surf tout au long de l'ann\u00e9e, et ne manquez pas de rejoindre les locaux chaque ann\u00e9e au mois de mai pour l'\u00e9v\u00e9nement embl\u00e9matique de Santa Monica, la <a href=\"https:\/\/www.santamonicapier.org\/pier360\" target=\"_blank\" rel=\"noopener\">Quai 360<\/a> qui pr\u00e9sentera des comp\u00e9titions de surf classiques et des courses de surf TANDM amicales.<\/p>\n<p>La plage de Santa Monica, d'une longueur de 3,5 miles, est situ\u00e9e \u00e0 quelques pas de nombreuses attractions de la ville. <a href=\"https:\/\/www.santamonica.com\/fr\/hotels\/\" rel=\"noopener\">h\u00f4tels<\/a> en fait un spot de surf facile d'acc\u00e8s pour les visiteurs. Les d\u00e9butants et les amateurs avanc\u00e9s trouveront des \u00e9coles de surf pratiques et professionnelles qui proposent des cours de surf. <a href=\"#surflessons\">le\u00e7ons de surf<\/a> \u00e0 Santa Monica, avec un moniteur de surf expert \u00e0 leur disposition pour parfaire leurs connaissances.<\/p>\n                    <\/div>\n                                            <\/div>\n        <\/div>\n\n        <div class=\"two-images__column\">\n                            <div class=\"two-images__image-container\">\n                    <img decoding=\"async\" width=\"425\" height=\"505\" src=\"https:\/\/www.santamonica.com\/wp-content\/uploads\/2022\/06\/surfing-1.jpg\" class=\"two-images__image\" alt=\"Homme surfant sur une vague dans l&#039;oc\u00e9an\" loading=\"lazy\" srcset=\"https:\/\/www.santamonica.com\/wp-content\/uploads\/2022\/06\/surfing-1.jpg 425w, https:\/\/www.santamonica.com\/wp-content\/uploads\/2022\/06\/surfing-1-252x300.jpg 252w, https:\/\/www.santamonica.com\/wp-content\/uploads\/2022\/06\/surfing-1-126x150.jpg 126w\" sizes=\"auto, (max-width: 425px) 100vw, 425px\" title=\"\">                    \n\n                <\/div>\n                    <\/div>\n\n        <div class=\"two-images__column\">\n                            <div class=\"two-images__image-container\">\n                    <img decoding=\"async\" width=\"600\" height=\"565\" src=\"https:\/\/www.santamonica.com\/wp-content\/uploads\/2022\/05\/surfing-santa-monica-1.jpg\" class=\"two-images__image\" alt=\"surf santa monica\" loading=\"lazy\" srcset=\"https:\/\/www.santamonica.com\/wp-content\/uploads\/2022\/05\/surfing-santa-monica-1.jpg 600w, https:\/\/www.santamonica.com\/wp-content\/uploads\/2022\/05\/surfing-santa-monica-1-300x283.jpg 300w, https:\/\/www.santamonica.com\/wp-content\/uploads\/2022\/05\/surfing-santa-monica-1-159x150.jpg 159w\" sizes=\"auto, (max-width: 600px) 100vw, 600px\" title=\"\">                    \n\n                <\/div>\n                    <\/div>\n\n    <\/div>\n<\/section>\n\n\n\n<section class=\"image-section-break sm-block\">\n    <div class=\"image-section-break__image-wrapper\">\n                    <picture>\n                    <source\n                        media=\"(min-width: 768px)\"\n                        srcset=\"https:\/\/www.santamonica.com\/wp-content\/uploads\/2022\/06\/surf-lessons-santa-monica.jpg\"\n                    >\n                    <img decoding=\"async\" src=\"https:\/\/www.santamonica.com\/wp-content\/uploads\/2022\/06\/surf-lessons-santa-monica-M.jpg\" class=\"image-section-break__image\" alt=\"le\u00e7ons de surf-santa-monica\" title=\"\">\n            <\/picture>\n                \n\n    <\/div>\n    <div class=\"image-section-break__text-content\">\n        <div class=\"image-section-break__first-content --theme3\">\n                            <div class=\"image-section-break__eyebrow-text\">Conseils pour l'accrochage de dix<\/div>\n                                        <h2 class=\"image-section-break__title\">Pas de r\u00e8gles, juste des vagues<\/h2>\n                                        <div class=\"image-section-break__body-copy wysiwyg\"><p>\u201cLe surf est diff\u00e9rent des autres sports en ce sens qu'il n'y a pas de r\u00e8gles \u00e9crites\u201d, explique Eric Gross, surfeur, adepte du stand-up paddleboard et g\u00e9rant du magasin Poseidon Paddle &amp; Surf. \u201cIl faut absolument faire appel \u00e0 un moniteur pour la premi\u00e8re fois afin d'apprendre non seulement \u00e0 surfer, mais aussi \u00e0 respecter l'\u00e9tiquette du surf.\u201d<\/p>\n<\/div>\n                                <\/div>\n        <div class=\"image-section-break__second-content\">\n                            <div class=\"image-section-break__body-copy wysiwyg\"><p>Il propose ces conseils pour naviguer sur le surf de Santa Monica :<\/p>\n<ul>\n<li>Partez en mer le matin, lorsque les vents sont susceptibles d'\u00eatre calmes. Consultez les bulletins de surf et les pr\u00e9visions m\u00e9t\u00e9orologiques avant de partir.<\/li>\n<li>Pour vous aider \u00e0 maintenir votre \u00e9quilibre sur l'un ou l'autre type de planche, gardez la t\u00eate haute. \u201cRegardez en haut, restez en haut\u201d, dit Gross. \u201cRegardez vers le bas, tombez\u201d.\u201d<\/li>\n<li>Sur une planche \u00e0 pagaie, \u201cla vitesse est votre amie\u201d, dit Gross. \u201cComme sur un v\u00e9lo, plus vous allez lentement, moins vous avez de stabilit\u00e9.\u201d<\/li>\n<\/ul>\n<\/div>\n                                <\/div>\n    <\/div>\n<\/section>\n\n\n\n<section class=\"two-images container-max sm-block  sm-block\">\n    <div class=\"two-images__container\">\n\n        <div class=\"two-images__column\">\n            <div class=\"two-images__content\">\n                <div class=\"two-images__content-header-container\">\n                                            <h1 class=\"two-images__content-header\">L'intelligence du bord de mer<\/h1>                                    <\/div>\n                                    <div class=\"two-images__content-body wysiwyg\">\n                        <p>Veillez \u00e0 <a href=\"http:\/\/ph.lacounty.gov\/beach\" target=\"_blank\" rel=\"noopener\">v\u00e9rifier l'\u00e9tat et la temp\u00e9rature de l'eau<\/a> avant de plonger, car les temp\u00e9ratures moyennes de l'oc\u00e9an \u00e0 Santa Monica vont de 54\u00b0F - 61\u00b0F d\u00e9but f\u00e9vrier \u00e0 63\u00b0F - 70\u00b0F d\u00e9but septembre. Si les conditions sont r\u00e9unies, appliquez de la cr\u00e8me solaire et portez une combinaison int\u00e9grale. Prendre <a href=\"https:\/\/www.santamonica.com\/fr\/choses-a-faire\/velo-et-location-de-velos\/\" rel=\"noopener\">deux roues<\/a> au lieu de quatre \u00e0 la plage et n'oubliez pas de vous hydrater. Lorsque vous serez pr\u00eat \u00e0 manger, faites le plein dans les restaurants pr\u00e9f\u00e9r\u00e9s des fans <a href=\"https:\/\/www.santamonica.com\/fr\/restaurants\/retour-sur-la-plage\/\" rel=\"noopener\">Retour au caf\u00e9 de la plage<\/a> ou <a href=\"https:\/\/www.santamonica.com\/fr\/reunions\/perrys-cafe-and-beach-rentals-lieu\/\" target=\"_blank\" rel=\"noopener\">Perry's \u00e0 la plage<\/a>, o\u00f9 vous pourrez vous restaurer les pieds dans le sable ou profiter de l'une des nombreuses autres attractions de Santa Monica. <a href=\"https:\/\/www.santamonica.com\/fr\/restaurants\/restaurants-de-plage\/\" rel=\"noopener\">restaurants en bord de mer<\/a>.<\/p>\n                    <\/div>\n                                            <\/div>\n        <\/div>\n\n        <div class=\"two-images__column\">\n                            <div class=\"two-images__image-container\">\n                    <img decoding=\"async\" width=\"424\" height=\"504\" src=\"https:\/\/www.santamonica.com\/wp-content\/uploads\/2022\/07\/Surf424x504.jpg\" class=\"two-images__image\" alt=\"Homme sur la plage de Santa Monica tenant une planche de surf et se dirigeant vers l&#039;oc\u00e9an\" loading=\"lazy\" srcset=\"https:\/\/www.santamonica.com\/wp-content\/uploads\/2022\/07\/Surf424x504.jpg 424w, https:\/\/www.santamonica.com\/wp-content\/uploads\/2022\/07\/Surf424x504-252x300.jpg 252w, https:\/\/www.santamonica.com\/wp-content\/uploads\/2022\/07\/Surf424x504-126x150.jpg 126w\" sizes=\"auto, (max-width: 424px) 100vw, 424px\" title=\"\">                    \n\n                <\/div>\n                    <\/div>\n\n        <div class=\"two-images__column\">\n                            <div class=\"two-images__image-container\">\n                    <img decoding=\"async\" width=\"600\" height=\"464\" src=\"https:\/\/www.santamonica.com\/wp-content\/uploads\/2022\/07\/Perrys600x464.jpg\" class=\"two-images__image\" alt=\"D\u00eener en plein air sur le sable de la plage de Santa Monica ; des parasols orange font de l&#039;ombre aux personnes assises et en train de manger.\" loading=\"lazy\" srcset=\"https:\/\/www.santamonica.com\/wp-content\/uploads\/2022\/07\/Perrys600x464.jpg 600w, https:\/\/www.santamonica.com\/wp-content\/uploads\/2022\/07\/Perrys600x464-300x232.jpg 300w, https:\/\/www.santamonica.com\/wp-content\/uploads\/2022\/07\/Perrys600x464-194x150.jpg 194w\" sizes=\"auto, (max-width: 600px) 100vw, 600px\" title=\"\">                    \n\n                <\/div>\n                    <\/div>\n\n    <\/div>\n<\/section>\n\n\n<section class=\"stakeholder-feed sm-block js-stk-root sm-block\" id=\"surflessons\">\n    <div class=\"stakeholder-feed__top\">\n        <div class=\"stakeholder-feed__intro\">\n                            <h1 class=\"stakeholder-feed__headline\">Cours de surf \u00e0 Santa Monica<\/h1>                                        <div class=\"stakeholder-feed__intro-body wysiwyg\">\n                    <p>Si vous cherchez un magasin de surf pr\u00e8s de Santa Monica, ne cherchez pas plus loin que ces entreprises de la r\u00e9gion de Los Angeles. Ces magasins de surf locaux \u00e0 Santa Monica proposent la location de mat\u00e9riel et\/ou des le\u00e7ons de surf.<\/p>\n                <\/div>\n                    <\/div>\n        <div class=\"stakeholder-feed__nav-section\">\n                            <h1 class=\"stakeholder-feed__feed-title\">Location de mat\u00e9riel de surf et le\u00e7ons<\/h1>                        \n                        <div class=\"stakeholder-feed__pagination\">\n                <div class=\"swiper-button-prev stakeholder-feed__pagination-prev\"><\/div>\n                <div class=\"swiper-button-next stakeholder-feed__pagination-next\"><\/div>\n            <\/div>\n        <\/div>\n    <\/div>\n    <div class=\"stakeholder-feed__bottom\">\n        <div class=\"stakeholder-feed__feed-list-wrapper swiper js-stk-swiper\">\n            <ul class=\"stakeholder-feed__feed-list swiper-wrapper js-stk-wrapper\">\n                    <li class=\"swiper-slide stakeholder-card --theme3\">\n        <a class=\"stakeholder-card__link\" href=\"https:\/\/www.santamonica.com\/fr\/things-to-do\/aqua-surf-school\/\">\n            <div class=\"stakeholder-card__image\">\n                <img decoding=\"async\" src=\"https:\/\/assets.simpleviewinc.com\/simpleview\/image\/upload\/crm\/santamonica\/Lesson-One15000_c005d575-5056-b365-ab14ff2b996337c9.jpg\" alt=\"\u00c9cole de surf Aqua\" title=\"\">\n            <\/div>\n            <div class=\"stakeholder-card__stk-info\">\n                <div class=\"stakeholder-card__stk-name\">\u00c9cole de surf Aqua<\/div>\n                <div class=\"stakeholder-card__stk-cat\">Choses \u00e0 faire<\/div>\n            <\/div>\n        <\/a>\n    <\/li>\n        <li class=\"swiper-slide stakeholder-card --theme3\">\n        <a class=\"stakeholder-card__link\" href=\"https:\/\/www.santamonica.com\/fr\/things-to-do\/learn-to-surf-la\/\">\n            <div class=\"stakeholder-card__image\">\n                <img decoding=\"async\" src=\"https:\/\/assets.simpleviewinc.com\/simpleview\/image\/upload\/crm\/santamonica\/DSC080340_bf5a3c6f-5056-b365-aba6df99e5febc95.jpg\" alt=\"Apprendre \u00e0 surfer \u00e0 LA\" title=\"\">\n            <\/div>\n            <div class=\"stakeholder-card__stk-info\">\n                <div class=\"stakeholder-card__stk-name\">Apprendre \u00e0 surfer \u00e0 LA<\/div>\n                <div class=\"stakeholder-card__stk-cat\">Choses \u00e0 faire<\/div>\n            <\/div>\n        <\/a>\n    <\/li>\n        <li class=\"swiper-slide stakeholder-card --theme3\">\n        <a class=\"stakeholder-card__link\" href=\"https:\/\/www.santamonica.com\/fr\/things-to-do\/poseidon-paddle-and-surf\/\">\n            <div class=\"stakeholder-card__image\">\n                <img decoding=\"async\" src=\"https:\/\/api.threshold360.com\/step\/v2\/locations\/1324111\/thumbnail\" alt=\"Poseidon Paddle and Surf\" title=\"\">\n            <\/div>\n            <div class=\"stakeholder-card__stk-info\">\n                <div class=\"stakeholder-card__stk-name\">Poseidon Paddle and Surf<\/div>\n                <div class=\"stakeholder-card__stk-cat\">Choses \u00e0 faire<\/div>\n            <\/div>\n        <\/a>\n    <\/li>\n                <\/ul>\n        <\/div>\n    <\/div>\n<\/section>\n\n\n<section class=\"blog-feed --theme8 sm-block\">\n    <div class=\"blog-feed__content\">\n        <div class=\"blog-feed__intro\">\n                            <div class=\"blog-feed__eyebrow eyebrow\">Blogs<\/div>                                        <h2 class=\"blog-feed__headline\">D\u00e9couvrir Santa Monica<\/h2>                                        <div class=\"blog-feed__body\"><p>Explorez les itin\u00e9raires, les conseils locaux, les points chauds et les aventures organis\u00e9es pour \u00eatre s\u00fbr de profiter au maximum de votre exp\u00e9rience \u00e0 Santa Monica.<\/p>\n<\/div>\n                                        <a class=\"blog-feed__cta\" href=\"https:\/\/www.santamonica.com\/fr\/articles-de-blog\/\">Voir tous les blogs<\/a>\n                    <\/div>\n\n        <ul class=\"blog-feed__list\">\n                                                <li class=\"blog-feed__item\">\n                        <a href=\"https:\/\/www.santamonica.com\/fr\/mother-road-modern-meetings-route-66-meeting-spaces-set-to-shine-for-centennial-in-santa-monica\/\" class=\"blog-feed__item-link\">\n                            <div class=\"blog-feed__image-ratio\">\n                                <img decoding=\"async\" class=\"blog-feed__image\" src=\"https:\/\/www.santamonica.com\/wp-content\/uploads\/2025\/12\/untitledJuly20162C2020180010-182-2-400x400.jpg\" alt=\"ROUTE MATERNELLE, R\u00c9UNIONS MODERNES : LES ESPACES DE R\u00c9UNION DE LA ROUTE 66 S&#039;APPR\u00caTENT \u00c0 BRILLER POUR LE CENTENAIRE \u00c0 SANTA MONICA\" title=\"\">\n                            <\/div>\n                            <div class=\"blog-feed__card-title\">ROUTE MATERNELLE, R\u00c9UNIONS MODERNES : LES ESPACES DE R\u00c9UNION DE LA ROUTE 66 S'APPR\u00caTENT \u00c0 BRILLER POUR LE CENTENAIRE \u00c0 SANTA MONICA<\/div>\n                        <\/a>\n                    <\/li>\n                                                                <li class=\"blog-feed__item\">\n                        <a href=\"https:\/\/www.santamonica.com\/fr\/media\/news-release\/santa-monica-announces-song-contest-in-celebration-of-route-66-centennial\/\" class=\"blog-feed__item-link\">\n                            <div class=\"blog-feed__image-ratio\">\n                                <img decoding=\"async\" class=\"blog-feed__image\" src=\"https:\/\/www.santamonica.com\/wp-content\/uploads\/2025\/11\/DSC01084-400x400.jpg\" alt=\"SANTA MONICA ANNONCE UN CONCOURS DE CHANSONS POUR C\u00c9L\u00c9BRER LE CENTENAIRE DE LA ROUTE 66\" title=\"\">\n                            <\/div>\n                            <div class=\"blog-feed__card-title\">SANTA MONICA ANNONCE UN CONCOURS DE CHANSONS POUR C\u00c9L\u00c9BRER LE CENTENAIRE DE LA ROUTE 66<\/div>\n                        <\/a>\n                    <\/li>\n                                                                <li class=\"blog-feed__item\">\n                        <a href=\"https:\/\/www.santamonica.com\/fr\/media\/news-release\/where-to-watch-the-world-series-in-santa-monica\/\" class=\"blog-feed__item-link\">\n                            <div class=\"blog-feed__image-ratio\">\n                                <img decoding=\"async\" class=\"blog-feed__image\" src=\"https:\/\/www.santamonica.com\/wp-content\/uploads\/2025\/10\/dodgers-logo-1-400x400.jpg\" alt=\"O\u00d9 REGARDER LES CHAMPIONNATS DU MONDE \u00c0 SANTA MONICA\" title=\"\">\n                            <\/div>\n                            <div class=\"blog-feed__card-title\">O\u00d9 REGARDER LES CHAMPIONNATS DU MONDE \u00c0 SANTA MONICA<\/div>\n                        <\/a>\n                    <\/li>\n                                    <\/ul>\n    <\/div>\n<\/section>","protected":false},"excerpt":{"rendered":"","protected":false},"author":1421,"featured_media":347789,"parent":0,"menu_order":0,"comment_status":"closed","ping_status":"closed","template":"template-editorial.php","meta":{"_acf_changed":false,"inline_featured_image":false,"footnotes":""},"silos":[3899],"class_list":["post-347698","page","type-page","status-publish","has-post-thumbnail","hentry"],"acf":[],"_links":{"self":[{"href":"https:\/\/www.santamonica.com\/fr\/wp-json\/wp\/v2\/pages\/347698","targetHints":{"allow":["GET"]}}],"collection":[{"href":"https:\/\/www.santamonica.com\/fr\/wp-json\/wp\/v2\/pages"}],"about":[{"href":"https:\/\/www.santamonica.com\/fr\/wp-json\/wp\/v2\/types\/page"}],"author":[{"embeddable":true,"href":"https:\/\/www.santamonica.com\/fr\/wp-json\/wp\/v2\/users\/1421"}],"replies":[{"embeddable":true,"href":"https:\/\/www.santamonica.com\/fr\/wp-json\/wp\/v2\/comments?post=347698"}],"version-history":[{"count":31,"href":"https:\/\/www.santamonica.com\/fr\/wp-json\/wp\/v2\/pages\/347698\/revisions"}],"predecessor-version":[{"id":415362,"href":"https:\/\/www.santamonica.com\/fr\/wp-json\/wp\/v2\/pages\/347698\/revisions\/415362"}],"wp:featuredmedia":[{"embeddable":true,"href":"https:\/\/www.santamonica.com\/fr\/wp-json\/wp\/v2\/media\/347789"}],"wp:attachment":[{"href":"https:\/\/www.santamonica.com\/fr\/wp-json\/wp\/v2\/media?parent=347698"}],"wp:term":[{"taxonomy":"silos","embeddable":true,"href":"https:\/\/www.santamonica.com\/fr\/wp-json\/wp\/v2\/silos?post=347698"}],"curies":[{"name":"wp","href":"https:\/\/api.w.org\/{rel}","templated":true}]}}