{"id":346357,"date":"2022-07-20T14:35:48","date_gmt":"2022-07-20T21:35:48","guid":{"rendered":"https:\/\/www.santamonica.com\/?page_id=346357"},"modified":"2022-08-04T13:33:23","modified_gmt":"2022-08-04T20:33:23","slug":"soumettre-un-appel-doffres","status":"publish","type":"page","link":"https:\/\/www.santamonica.com\/fr\/meetings-conventions\/submit-an-rfp\/","title":{"rendered":"Soumettre un appel d'offres"},"content":{"rendered":"<script type=\"text\/javascript\" charset=\"utf-8\" class=\"base-block\">\nvar srfp_prot = ((\"https:\" == document.location.protocol) ? \"https:\/\/\" : \"http:\/\/\");\ndocument.write(unescape(\"%3Cscript src='\" + srfp_prot + \"www.speedrfp.com\/irfps\/js\/widget\/' type='text\/javascript'%3E%3C\/script%3E\"));\n<\/script>\n\n<script type=\"text\/javascript\" charset=\"utf-8\">\nvar options = {};\noptions.display = \"inline\";\noptions.key = \"f901d87615c8ff1d\"; \noptions.uid = \"MFLZB\";\nvar srfp_widget = new srfp.widget(options);\n<\/script>\n\n\n<section class=\"stakeholder-feed sm-block js-stk-root sm-block\">\n    <div class=\"stakeholder-feed__top\">\n        <div class=\"stakeholder-feed__intro\">\n                            <h1 class=\"stakeholder-feed__headline\">Explorer les lieux de r\u00e9union de Santa Monica<\/h1>                                        <div class=\"stakeholder-feed__intro-body wysiwyg\">\n                    <p>Nos experts en lieux de r\u00e9union \u00e0 Santa Monica peuvent vous aider \u00e0 trouver l'endroit id\u00e9al pour votre r\u00e9union, votre mariage ou votre \u00e9v\u00e9nement ! Vous pouvez consulter ci-dessous quelques-unes des offres de lieux de Santa Monica.<\/p>\n                <\/div>\n                    <\/div>\n        <div class=\"stakeholder-feed__nav-section\">\n                            <h1 class=\"stakeholder-feed__feed-title\">O\u00f9 organiser votre \u00e9v\u00e9nement<\/h1>                                        <a href=\"https:\/\/www.santamonica.com\/fr\/reunions-conventions\/sites-hoteliers\/\" class=\"stakeholder-feed__feed-cta button --primary-teal-button\" >Voir tous les lieux<\/a>            \n                        <div class=\"stakeholder-feed__pagination xxx--desktop-hide\">\n                <div class=\"swiper-button-prev stakeholder-feed__pagination-prev\"><\/div>\n                <div class=\"swiper-button-next stakeholder-feed__pagination-next\"><\/div>\n            <\/div>\n        <\/div>\n    <\/div>\n    <div class=\"stakeholder-feed__bottom\">\n        <div class=\"stakeholder-feed__feed-list-wrapper swiper js-stk-swiper\">\n            <ul class=\"stakeholder-feed__feed-list swiper-wrapper js-stk-wrapper\">\n                    <li class=\"swiper-slide stakeholder-card --theme3\">\n        <a class=\"stakeholder-card__link\" href=\"https:\/\/www.santamonica.com\/fr\/things-to-do\/pacific-park\/\">\n            <div class=\"stakeholder-card__image\">\n                <img decoding=\"async\" src=\"https:\/\/assets.simpleviewinc.com\/simpleview\/image\/upload\/crm\/santamonica\/L1010936_C1F99628-73EB-42BE-A85D03413B4AB10D_b79534a8-4261-4832-887afb00a51a57ac.jpg\" alt=\"Parc du Pacifique\" title=\"\">\n            <\/div>\n            <div class=\"stakeholder-card__stk-info\">\n                <div class=\"stakeholder-card__stk-name\">Parc du Pacifique<\/div>\n                <div class=\"stakeholder-card__stk-cat\">Familial<\/div>\n            <\/div>\n        <\/a>\n    <\/li>\n        <li class=\"swiper-slide stakeholder-card --theme3\">\n        <a class=\"stakeholder-card__link\" href=\"https:\/\/www.santamonica.com\/fr\/shopping\/santa-monica-place-2\/\">\n            <div class=\"stakeholder-card__image\">\n                <img decoding=\"async\" src=\"https:\/\/assets.simpleviewinc.com\/simpleview\/image\/upload\/crm\/santamonica\/QUIKSPACE_03_20_20221888_74098668-6E0E-469D-901344F1E5F73346_74fa4f02-dcf9-4889-a3afbfe569263f18.jpg\" alt=\"Place Santa Monica\" title=\"\">\n            <\/div>\n            <div class=\"stakeholder-card__stk-info\">\n                <div class=\"stakeholder-card__stk-name\">Place Santa Monica<\/div>\n                <div class=\"stakeholder-card__stk-cat\">Achats<\/div>\n            <\/div>\n        <\/a>\n    <\/li>\n        <li class=\"swiper-slide stakeholder-card --theme3\">\n        <a class=\"stakeholder-card__link\" href=\"https:\/\/www.santamonica.com\/fr\/hotels\/shore-hotel\/\">\n            <div class=\"stakeholder-card__image\">\n                <img decoding=\"async\" src=\"https:\/\/assets.simpleviewinc.com\/simpleview\/image\/upload\/crm\/santamonica\/Shore-Hotel_c03e4672-5056-b365-abb9adcea4348630.jpg\" alt=\"H\u00f4tel Shore\" title=\"\">\n            <\/div>\n            <div class=\"stakeholder-card__stk-info\">\n                <div class=\"stakeholder-card__stk-name\">H\u00f4tel Shore<\/div>\n                <div class=\"stakeholder-card__stk-cat\">H\u00f4tel<\/div>\n            <\/div>\n        <\/a>\n    <\/li>\n        <li class=\"swiper-slide stakeholder-card --theme3\">\n        <a class=\"stakeholder-card__link\" href=\"https:\/\/www.santamonica.com\/fr\/hotels\/fairmont-miramar-hotel-bungalows\/\">\n            <div class=\"stakeholder-card__image\">\n                <img decoding=\"async\" src=\"https:\/\/assets.simpleviewinc.com\/simpleview\/image\/upload\/crm\/santamonica\/FMH2-EXTERIOR-CHRISTIANHORNA-HEROSHOT-40_bf5c09e4-5056-b365-ab72b15d89b3b806.jpg\" alt=\"Fairmont Miramar Hotel &amp; Bungalows\" title=\"\">\n            <\/div>\n            <div class=\"stakeholder-card__stk-info\">\n                <div class=\"stakeholder-card__stk-name\">Fairmont Miramar Hotel &amp; Bungalows<\/div>\n                <div class=\"stakeholder-card__stk-cat\">O\u00f9 se rencontrer<\/div>\n            <\/div>\n        <\/a>\n    <\/li>\n                <\/ul>\n        <\/div>\n    <\/div>\n<\/section>","protected":false},"excerpt":{"rendered":"","protected":false},"author":1421,"featured_media":347396,"parent":0,"menu_order":0,"comment_status":"closed","ping_status":"closed","template":"template-meetings-default.php","meta":{"_acf_changed":false,"inline_featured_image":false,"footnotes":""},"silos":[3894],"class_list":["post-346357","page","type-page","status-publish","has-post-thumbnail","hentry"],"acf":[],"_links":{"self":[{"href":"https:\/\/www.santamonica.com\/fr\/wp-json\/wp\/v2\/pages\/346357","targetHints":{"allow":["GET"]}}],"collection":[{"href":"https:\/\/www.santamonica.com\/fr\/wp-json\/wp\/v2\/pages"}],"about":[{"href":"https:\/\/www.santamonica.com\/fr\/wp-json\/wp\/v2\/types\/page"}],"author":[{"embeddable":true,"href":"https:\/\/www.santamonica.com\/fr\/wp-json\/wp\/v2\/users\/1421"}],"replies":[{"embeddable":true,"href":"https:\/\/www.santamonica.com\/fr\/wp-json\/wp\/v2\/comments?post=346357"}],"version-history":[{"count":32,"href":"https:\/\/www.santamonica.com\/fr\/wp-json\/wp\/v2\/pages\/346357\/revisions"}],"predecessor-version":[{"id":355268,"href":"https:\/\/www.santamonica.com\/fr\/wp-json\/wp\/v2\/pages\/346357\/revisions\/355268"}],"wp:featuredmedia":[{"embeddable":true,"href":"https:\/\/www.santamonica.com\/fr\/wp-json\/wp\/v2\/media\/347396"}],"wp:attachment":[{"href":"https:\/\/www.santamonica.com\/fr\/wp-json\/wp\/v2\/media?parent=346357"}],"wp:term":[{"taxonomy":"silos","embeddable":true,"href":"https:\/\/www.santamonica.com\/fr\/wp-json\/wp\/v2\/silos?post=346357"}],"curies":[{"name":"wp","href":"https:\/\/api.w.org\/{rel}","templated":true}]}}