{"id":346291,"date":"2022-07-20T13:24:37","date_gmt":"2022-07-20T20:24:37","guid":{"rendered":"https:\/\/www.santamonica.com\/?page_id=346291"},"modified":"2024-08-22T10:23:35","modified_gmt":"2024-08-22T17:23:35","slug":"contact-avec-les-medias","status":"publish","type":"page","link":"https:\/\/www.santamonica.com\/fr\/media-contact\/","title":{"rendered":"Contact presse"},"content":{"rendered":"<section class=\"sun-title sm-block --theme6 --2col sm-block\">\n            <h2 class=\"sun-title__headline\">Rencontrez notre \u00e9quipe de relations avec les m\u00e9dias<\/h2>    \n            <div class=\"sun-title__body  --2col wysiwyg\">\n                    <div class=\"column-1\">\n                <p><strong>Lauren Salisbury<br \/>\n<\/strong><em>Vice-pr\u00e9sident de la communication<br \/>\n<\/em><a href=\"mailto:lsalisbury@santamonica.com\">lsalisbury@santamonica.com<\/a><em>\u00a0<\/em><\/p>\n<p><strong>Emily Ohara<\/strong><em><br \/>\nResponsable des relations publiques<\/em><br \/>\n<a href=\"mailto:eohara@santamonica.com\">eohara@santamonica.com<\/a><\/p>\n                            <\/div>\n            <div class=\"column-2\">\n                <p><strong>Michelle Cassidy<\/strong><em><br \/>\nResponsable de la communication<\/em><br \/>\n<a href=\"mailto:mcassidy@santamonica.com\">mcassidy@santamonica.com<\/a><\/p>\n<p><strong>Jamie Hogan<\/strong><em><br \/>\nCoordinateur des relations publiques<\/em><br \/>\n<a href=\"mailto:jhogan@santamonica.com\" target=\"_blank\" rel=\"noopener\">jhogan@santamonica.com<\/a><\/p>\n                            <\/div>\n            <\/div>\n    <\/section>\n\n\n<section class=\"links-grid --theme3 sm-block\">\n    <div class=\"links-grid__wrapper\">\n                                                    <a href=\"https:\/\/www.santamonica.com\/fr\/media\/press-kit\/\" class=\"links-grid__card-link\" aria-label=\"Dossier de presse\" >\n                    <div class=\"links-grid__card\">\n                                                    <div class=\"links-grid__card-image-wrapper\">\n                                <img decoding=\"async\" width=\"400\" height=\"400\" src=\"https:\/\/www.santamonica.com\/wp-content\/uploads\/2022\/07\/Santa-Monica-Picnic-Co-940x700-1-400x400.jpg\" class=\"links-grid__card-image\" alt=\"Dossier de presse\" loading=\"lazy\" title=\"\">                            <\/div>\n                                                <div class=\"links-grid__card-text\">\n                                                            <div class=\"links-grid__card-title\">Dossier de presse<\/div>\n                                                                                        <div class=\"links-grid__card-description\">Le dossier de presse t\u00e9l\u00e9chargeable de SMTT contient les faits, les chiffres et les id\u00e9es d'articles n\u00e9cessaires pour compl\u00e9ter l'histoire de la destination Santa Monica.<\/div>\n                                                    <\/div>\n                    <\/div>\n                <\/a>\n                                            <a href=\"https:\/\/www.santamonica.com\/fr\/media\/media-library\/\" class=\"links-grid__card-link\" aria-label=\"Biblioth\u00e8que des m\u00e9dias\" >\n                    <div class=\"links-grid__card\">\n                                                    <div class=\"links-grid__card-image-wrapper\">\n                                <img decoding=\"async\" width=\"400\" height=\"400\" src=\"https:\/\/www.santamonica.com\/wp-content\/uploads\/2022\/07\/Santa-Monica-Public-Library-540x540-1-400x400.jpg\" class=\"links-grid__card-image\" alt=\"Biblioth\u00e8que des m\u00e9dias\" loading=\"lazy\" srcset=\"https:\/\/www.santamonica.com\/wp-content\/uploads\/2022\/07\/Santa-Monica-Public-Library-540x540-1-400x400.jpg 400w, https:\/\/www.santamonica.com\/wp-content\/uploads\/2022\/07\/Santa-Monica-Public-Library-540x540-1-300x300.jpg 300w, https:\/\/www.santamonica.com\/wp-content\/uploads\/2022\/07\/Santa-Monica-Public-Library-540x540-1-150x150.jpg 150w, https:\/\/www.santamonica.com\/wp-content\/uploads\/2022\/07\/Santa-Monica-Public-Library-540x540-1.jpg 540w\" sizes=\"auto, (max-width: 400px) 100vw, 400px\" title=\"\">                            <\/div>\n                                                <div class=\"links-grid__card-text\">\n                                                            <div class=\"links-grid__card-title\">Biblioth\u00e8que des m\u00e9dias<\/div>\n                                                                                        <div class=\"links-grid__card-description\">Vous \u00e9crivez un article sur Santa Monica et avez besoin de photos haute r\u00e9solution ? Vous avez besoin d'un rouleau compresseur pour un segment ? Vous pouvez demander l'acc\u00e8s \u00e0 notre banque d'images et de clips ici.<\/div>\n                                                    <\/div>\n                    <\/div>\n                <\/a>\n                                            <a href=\"https:\/\/www.santamonica.com\/fr\/media\/media-visit-rfp\/\" class=\"links-grid__card-link\" aria-label=\"Appel d&#039;offres pour les m\u00e9dias\" >\n                    <div class=\"links-grid__card\">\n                                                    <div class=\"links-grid__card-image-wrapper\">\n                                <img decoding=\"async\" width=\"400\" height=\"400\" src=\"https:\/\/www.santamonica.com\/wp-content\/uploads\/2022\/07\/Flowers-540x540-1-400x400.jpg\" class=\"links-grid__card-image\" alt=\"Appel d&#039;offres pour les m\u00e9dias\" loading=\"lazy\" srcset=\"https:\/\/www.santamonica.com\/wp-content\/uploads\/2022\/07\/Flowers-540x540-1-400x400.jpg 400w, https:\/\/www.santamonica.com\/wp-content\/uploads\/2022\/07\/Flowers-540x540-1-300x300.jpg 300w, https:\/\/www.santamonica.com\/wp-content\/uploads\/2022\/07\/Flowers-540x540-1-150x150.jpg 150w, https:\/\/www.santamonica.com\/wp-content\/uploads\/2022\/07\/Flowers-540x540-1.jpg 540w\" sizes=\"auto, (max-width: 400px) 100vw, 400px\" title=\"\">                            <\/div>\n                                                <div class=\"links-grid__card-text\">\n                                                            <div class=\"links-grid__card-title\">Appel d'offres pour les m\u00e9dias<\/div>\n                                                                                        <div class=\"links-grid__card-description\">Vous voulez d\u00e9couvrir tout ce que Santa Monica a \u00e0 offrir avec vos lecteurs ? Envoyez-nous une demande et voyons comment nous pouvons travailler ensemble.<\/div>\n                                                    <\/div>\n                    <\/div>\n                <\/a>\n                        <\/div>\n<\/section>","protected":false},"excerpt":{"rendered":"","protected":false},"author":1431,"featured_media":349626,"parent":0,"menu_order":0,"comment_status":"closed","ping_status":"closed","template":"template-editorial.php","meta":{"_acf_changed":false,"inline_featured_image":false,"footnotes":""},"silos":[],"class_list":["post-346291","page","type-page","status-publish","has-post-thumbnail","hentry"],"acf":[],"_links":{"self":[{"href":"https:\/\/www.santamonica.com\/fr\/wp-json\/wp\/v2\/pages\/346291","targetHints":{"allow":["GET"]}}],"collection":[{"href":"https:\/\/www.santamonica.com\/fr\/wp-json\/wp\/v2\/pages"}],"about":[{"href":"https:\/\/www.santamonica.com\/fr\/wp-json\/wp\/v2\/types\/page"}],"author":[{"embeddable":true,"href":"https:\/\/www.santamonica.com\/fr\/wp-json\/wp\/v2\/users\/1431"}],"replies":[{"embeddable":true,"href":"https:\/\/www.santamonica.com\/fr\/wp-json\/wp\/v2\/comments?post=346291"}],"version-history":[{"count":85,"href":"https:\/\/www.santamonica.com\/fr\/wp-json\/wp\/v2\/pages\/346291\/revisions"}],"predecessor-version":[{"id":428239,"href":"https:\/\/www.santamonica.com\/fr\/wp-json\/wp\/v2\/pages\/346291\/revisions\/428239"}],"wp:featuredmedia":[{"embeddable":true,"href":"https:\/\/www.santamonica.com\/fr\/wp-json\/wp\/v2\/media\/349626"}],"wp:attachment":[{"href":"https:\/\/www.santamonica.com\/fr\/wp-json\/wp\/v2\/media?parent=346291"}],"wp:term":[{"taxonomy":"silos","embeddable":true,"href":"https:\/\/www.santamonica.com\/fr\/wp-json\/wp\/v2\/silos?post=346291"}],"curies":[{"name":"wp","href":"https:\/\/api.w.org\/{rel}","templated":true}]}}