{"id":346289,"date":"2022-07-20T13:24:32","date_gmt":"2022-07-20T20:24:32","guid":{"rendered":"https:\/\/www.santamonica.com\/?page_id=346289"},"modified":"2024-10-08T12:14:50","modified_gmt":"2024-10-08T19:14:50","slug":"mediatheque","status":"publish","type":"page","link":"https:\/\/www.santamonica.com\/fr\/media\/media-library\/","title":{"rendered":"Biblioth\u00e8que des m\u00e9dias"},"content":{"rendered":"<h2 class=\"wp-block-heading base-block\">Demande d'informations sur les actifs de Santa Monica<\/h2>\n\n\n\n<p class=\"base-block\">Nous vous remercions de l'int\u00e9r\u00eat que vous portez \u00e0 la photographie et au rouleau B de Santa Monica. Veuillez acc\u00e9der aux liens ci-dessous pour demander l'utilisation d'images et de vid\u00e9os pour vos besoins en mati\u00e8re de m\u00e9dias et d'articles. Les photographies et les vid\u00e9os ne peuvent \u00eatre utilis\u00e9es que par les m\u00e9dias pour promouvoir les voyages et le tourisme \u00e0 Santa Monica.<\/p>\n\n\n\n<p class=\"has-text-align-center base-block\"><a href=\"https:\/\/www.santamonica.com\/fr\/medias\/formulaire-de-demande-de-photos-et-de-videos\/\">Formulaire de demande de photos et de vid\u00e9os<\/a><\/p>\n\n\n\n<p class=\"has-text-align-center base-block\">Vous trouverez ci-dessous quelques exemples de nos photos libres de droits :<\/p>\n\n\n\n<figure class=\"wp-block-image aligncenter size-full is-resized base-block\"><img decoding=\"async\" width=\"500\" height=\"111\" src=\"https:\/\/www.santamonica.com\/wp-content\/uploads\/2022\/07\/Santa-Monica-sample-media-library-images.jpg\" alt=\"\" class=\"wp-image-348609\" style=\"width:500px;height:auto\" title=\"\" srcset=\"https:\/\/www.santamonica.com\/wp-content\/uploads\/2022\/07\/Santa-Monica-sample-media-library-images.jpg 500w, https:\/\/www.santamonica.com\/wp-content\/uploads\/2022\/07\/Santa-Monica-sample-media-library-images-300x67.jpg 300w, https:\/\/www.santamonica.com\/wp-content\/uploads\/2022\/07\/Santa-Monica-sample-media-library-images-270x60.jpg 270w\" sizes=\"(max-width: 500px) 100vw, 500px\" \/><\/figure>\n\n\n<\/figure>\n\n\n<p class=\"base-block\"><\/p>\n\n\n\n<p style=\"font-size:10px\" class=\"base-block\"><em>Accord juridiquement contraignant : L'utilisation des images accompagnant cette communication (individuellement et collectivement, les \u201cimages\") est soumise \u00e0 l'accord des autorit\u00e9s comp\u00e9tentes.\u201c<strong>L'imagerie<\/strong>\u201d) est soumis aux conditions g\u00e9n\u00e9rales suivantes, qui sont juridiquement contraignantes. Santa Monica Travel &amp; Tourism (\u201c<strong>SMTT<\/strong>\u201d) accorde \u00e0 l'entit\u00e9 qui contr\u00f4le l'adresse \u00e9lectronique \u00e0 laquelle cette communication est adress\u00e9e (le \u201c<strong>Entreprises<\/strong>\u201d) une licence limit\u00e9e, non exclusive, non transf\u00e9rable et ne pouvant donner lieu \u00e0 l'octroi d'une sous-licence pour reproduire et afficher l'imagerie uniquement dans le cadre du mat\u00e9riel de marketing et de promotion de l'entreprise, \u00e0 condition que : (i) l'imagerie ne soit pas alt\u00e9r\u00e9e ou modifi\u00e9e de quelque mani\u00e8re que ce soit, ni utilis\u00e9e pour cr\u00e9er des \u0153uvres d\u00e9riv\u00e9es ; (ii) l'entreprise s'assure que tous ces mat\u00e9riels de marketing et de promotion sont conformes \u00e0 toutes les lois applicables ; (iii) tous ces mat\u00e9riels de marketing et de promotion soient distribu\u00e9s et\/ou offerts gratuitement ; (iv) dans tous ces mat\u00e9riels de marketing et de promotion distribu\u00e9s et\/ou offerts aux membres du public, l'entreprise doit inclure un cr\u00e9dit pour l'imagerie qui identifie SMTT comme la source et le propri\u00e9taire des droits d'auteur ; et (v) la personne qui re\u00e7oit cette communication est l\u00e9galement autoris\u00e9e \u00e0 lier l'entreprise \u00e0 ces termes et conditions. La licence susmentionn\u00e9e : (i) ne conf\u00e8re aucun droit, titre ou int\u00e9r\u00eat, y compris, mais sans s'y limiter, aucun droit d'auteur, sur l'imagerie, tous \u00e9tant express\u00e9ment r\u00e9serv\u00e9s \u00e0 SMTT ; (ii) peut \u00eatre r\u00e9voqu\u00e9e par SMTT \u00e0 tout moment ; et (iii) est offerte sans aucune repr\u00e9sentation ou garantie de quelque nature que ce soit, expresse ou implicite, en ce qui concerne l'imagerie. Si l'entreprise n'est pas d'accord avec toutes les conditions susmentionn\u00e9es, elle ne doit pas utiliser l'imagerie et n'est pas autoris\u00e9e \u00e0 le faire.<\/em><\/p>\n\n\n<section class=\"links-grid --theme3 sm-block\">\n    <div class=\"links-grid__wrapper\">\n                                                    <a href=\"https:\/\/www.santamonica.com\/fr\/media\/press-kit\/\" class=\"links-grid__card-link\" aria-label=\"Dossier de presse\" >\n                    <div class=\"links-grid__card\">\n                                                    <div class=\"links-grid__card-image-wrapper\">\n                                <img decoding=\"async\" width=\"400\" height=\"400\" src=\"https:\/\/www.santamonica.com\/wp-content\/uploads\/2022\/07\/Santa-Monica-Picnic-Co-940x700-1-400x400.jpg\" class=\"links-grid__card-image\" alt=\"Dossier de presse\" loading=\"lazy\" title=\"\">                            <\/div>\n                                                <div class=\"links-grid__card-text\">\n                                                            <div class=\"links-grid__card-title\">Dossier de presse<\/div>\n                                                                                        <div class=\"links-grid__card-description\">Le dossier de presse t\u00e9l\u00e9chargeable de SMTT contient les faits, les chiffres et les id\u00e9es d'articles n\u00e9cessaires pour compl\u00e9ter l'histoire de la destination Santa Monica.<\/div>\n                                                    <\/div>\n                    <\/div>\n                <\/a>\n                                            <a href=\"https:\/\/www.santamonica.com\/fr\/media\/media-visit-rfp\/\" class=\"links-grid__card-link\" aria-label=\"Appel d&#039;offres pour les m\u00e9dias\" >\n                    <div class=\"links-grid__card\">\n                                                    <div class=\"links-grid__card-image-wrapper\">\n                                <img decoding=\"async\" width=\"400\" height=\"400\" src=\"https:\/\/www.santamonica.com\/wp-content\/uploads\/2022\/07\/Flowers-540x540-1-400x400.jpg\" class=\"links-grid__card-image\" alt=\"Appel d&#039;offres pour les m\u00e9dias\" loading=\"lazy\" srcset=\"https:\/\/www.santamonica.com\/wp-content\/uploads\/2022\/07\/Flowers-540x540-1-400x400.jpg 400w, https:\/\/www.santamonica.com\/wp-content\/uploads\/2022\/07\/Flowers-540x540-1-300x300.jpg 300w, https:\/\/www.santamonica.com\/wp-content\/uploads\/2022\/07\/Flowers-540x540-1-150x150.jpg 150w, https:\/\/www.santamonica.com\/wp-content\/uploads\/2022\/07\/Flowers-540x540-1.jpg 540w\" sizes=\"auto, (max-width: 400px) 100vw, 400px\" title=\"\">                            <\/div>\n                                                <div class=\"links-grid__card-text\">\n                                                            <div class=\"links-grid__card-title\">Appel d'offres pour les m\u00e9dias<\/div>\n                                                                                        <div class=\"links-grid__card-description\">Vous voulez d\u00e9couvrir tout ce que Santa Monica a \u00e0 offrir et le partager avec vos lecteurs ? Envoyez-nous une demande et voyons comment nous pouvons travailler ensemble.<\/div>\n                                                    <\/div>\n                    <\/div>\n                <\/a>\n                                            <a href=\"https:\/\/www.santamonica.com\/fr\/media-contact\/\" class=\"links-grid__card-link\" aria-label=\"Contact presse\" >\n                    <div class=\"links-grid__card\">\n                                                    <div class=\"links-grid__card-image-wrapper\">\n                                <img decoding=\"async\" width=\"400\" height=\"400\" src=\"https:\/\/www.santamonica.com\/wp-content\/uploads\/2022\/07\/Feature-Pier-And-Bike-Path-400x400.png\" class=\"links-grid__card-image\" alt=\"Caract\u00e9ristiques de l&#039;embarcad\u00e8re et de la piste cyclable\" loading=\"lazy\" srcset=\"https:\/\/www.santamonica.com\/wp-content\/uploads\/2022\/07\/Feature-Pier-And-Bike-Path-400x400.png 400w, https:\/\/www.santamonica.com\/wp-content\/uploads\/2022\/07\/Feature-Pier-And-Bike-Path-300x300.png 300w, https:\/\/www.santamonica.com\/wp-content\/uploads\/2022\/07\/Feature-Pier-And-Bike-Path-150x150.png 150w, https:\/\/www.santamonica.com\/wp-content\/uploads\/2022\/07\/Feature-Pier-And-Bike-Path.png 540w\" sizes=\"auto, (max-width: 400px) 100vw, 400px\" title=\"\">                            <\/div>\n                                                <div class=\"links-grid__card-text\">\n                                                            <div class=\"links-grid__card-title\">Contact presse<\/div>\n                                                                                        <div class=\"links-grid__card-description\">L'\u00e9quipe des relations avec les m\u00e9dias de SMTT est heureuse d'\u00eatre une ressource pour tout ce qui concerne Santa Monica. Pour toute question relative aux m\u00e9dias, contactez-nous ici.<\/div>\n                                                    <\/div>\n                    <\/div>\n                <\/a>\n                        <\/div>\n<\/section>","protected":false},"excerpt":{"rendered":"<p>Request Santa Monica Assets Thank you for your interest in photography and b-roll footage of Santa Monica. Please access the links below&nbsp;to request image and video usage for your media [&hellip;]<\/p>\n","protected":false},"author":1431,"featured_media":348188,"parent":0,"menu_order":0,"comment_status":"closed","ping_status":"closed","template":"template-editorial.php","meta":{"_acf_changed":false,"inline_featured_image":false,"footnotes":""},"silos":[3891],"class_list":["post-346289","page","type-page","status-publish","has-post-thumbnail","hentry"],"acf":[],"_links":{"self":[{"href":"https:\/\/www.santamonica.com\/fr\/wp-json\/wp\/v2\/pages\/346289","targetHints":{"allow":["GET"]}}],"collection":[{"href":"https:\/\/www.santamonica.com\/fr\/wp-json\/wp\/v2\/pages"}],"about":[{"href":"https:\/\/www.santamonica.com\/fr\/wp-json\/wp\/v2\/types\/page"}],"author":[{"embeddable":true,"href":"https:\/\/www.santamonica.com\/fr\/wp-json\/wp\/v2\/users\/1431"}],"replies":[{"embeddable":true,"href":"https:\/\/www.santamonica.com\/fr\/wp-json\/wp\/v2\/comments?post=346289"}],"version-history":[{"count":49,"href":"https:\/\/www.santamonica.com\/fr\/wp-json\/wp\/v2\/pages\/346289\/revisions"}],"predecessor-version":[{"id":431715,"href":"https:\/\/www.santamonica.com\/fr\/wp-json\/wp\/v2\/pages\/346289\/revisions\/431715"}],"wp:featuredmedia":[{"embeddable":true,"href":"https:\/\/www.santamonica.com\/fr\/wp-json\/wp\/v2\/media\/348188"}],"wp:attachment":[{"href":"https:\/\/www.santamonica.com\/fr\/wp-json\/wp\/v2\/media?parent=346289"}],"wp:term":[{"taxonomy":"silos","embeddable":true,"href":"https:\/\/www.santamonica.com\/fr\/wp-json\/wp\/v2\/silos?post=346289"}],"curies":[{"name":"wp","href":"https:\/\/api.w.org\/{rel}","templated":true}]}}