{"id":346288,"date":"2022-07-20T13:24:27","date_gmt":"2022-07-20T20:24:27","guid":{"rendered":"https:\/\/www.santamonica.com\/?page_id=346288"},"modified":"2024-10-04T16:18:57","modified_gmt":"2024-10-04T23:18:57","slug":"dossier-de-presse","status":"publish","type":"page","link":"https:\/\/www.santamonica.com\/fr\/media\/press-kit\/","title":{"rendered":"Dossier de presse"},"content":{"rendered":"<h2 class=\"wp-block-heading base-block\">Id\u00e9es d'histoires :<\/h2>\n\n\n\n<h3 class=\"wp-block-heading base-block\">S\u00e9journer \u00e0 Santa Monica pour d\u00e9couvrir Los Angeles<\/h3>\n\n\n\n<p class=\"base-block\">Santa Monica est perch\u00e9e sur l'oc\u00e9an Pacifique, au croisement de la Pacific Coast Highway et de la California Interstate Highway 10, \u00e0 seulement huit kilom\u00e8tres de l'a\u00e9roport international de Los Angeles et \u00e0 proximit\u00e9 de tous les sites et attractions les plus c\u00e9l\u00e8bres de Los Angeles.<\/p>\n\n\n\n<p class=\"base-block\">La situation privil\u00e9gi\u00e9e de Santa Monica au sein de l'agglom\u00e9ration de Los Angeles permet facilement de&nbsp;<a href=\"https:\/\/www.santamonica.com\/fr\/experience-santa-monica\/excursions-dune-journee\/\">Excursions d'une journ\u00e9e<\/a>&nbsp;pour profiter des paillettes et du glamour de Beverly Hills, de la vie nocturne de West Hollywood, des sensations fortes des studios Universal ou d'une randonn\u00e9e derri\u00e8re le panneau Hollywood, sans avoir \u00e0 sacrifier une base paradisiaque au bord de la mer.<\/p>\n\n\n\n<p class=\"base-block\">En mai 2016, la nouvelle <a href=\"https:\/\/www.santamonica.com\/fr\/le-transport\/metro-de-santa-monica\/\">M\u00e9tro Expo Light Rail<\/a>&nbsp;a \u00e9t\u00e9 inaugur\u00e9e, reliant le centre-ville de Santa Monica \u00e0 l'agglom\u00e9ration de Los Angeles par voie ferr\u00e9e pour la premi\u00e8re fois depuis plus de 50 ans. Les visiteurs et les habitants peuvent d\u00e9sormais se rendre au centre-ville de Los Angeles (o\u00f9 se trouvent le Staples Center, le Nokia Theater et une sc\u00e8ne gastronomique et nocturne de renomm\u00e9e mondiale) en moins de 50 minutes, quelle que soit l'heure de la journ\u00e9e.<\/p>\n\n\n\n<h3 class=\"wp-block-heading base-block\">Les huit quartiers uniques de Santa Monica<\/h3>\n\n\n\n<p class=\"base-block\">Si vous avez visit\u00e9 Los Angeles, il y a de fortes chances que vous ayez pass\u00e9 un peu de temps \u00e0 l'int\u00e9rieur de la ville.&nbsp;<a href=\"https:\/\/www.santamonica.com\/fr\/choses-a-faire\/plage-de-santa-monica\/\">Plage de Santa Monica<\/a>, La ville de Santa Monica ne se r\u00e9sume pas \u00e0 ce que l'on croit. Sortez des sentiers battus et d\u00e9couvrez&nbsp;<a href=\"https:\/\/www.santamonica.com\/fr\/experience-santa-monica\/quartiers\/\">huit quartiers uniques<\/a>&nbsp;qui donnent vie au caract\u00e8re authentique et aux saveurs locales de Santa Monica. Choisissez votre sc\u00e8ne et vivez cette ville au bord de la mer comme un vrai local.<\/p>\n\n\n\n<ul class=\"wp-block-list base-block\">\n<li class=\"base-block\">Assister \u00e0 un spectacle d'improvisation dans le centre-ville de Santa Monica<\/li>\n\n\n\n<li class=\"base-block\">Profitez d'une journ\u00e9e de soins inspir\u00e9s par les c\u00e9l\u00e9brit\u00e9s le long de l'avenue Montana<\/li>\n\n\n\n<li class=\"base-block\">Voler au-dessus de l'oc\u00e9an Pacifique \u00e0 l'\u00e9cole de trap\u00e8ze de la jet\u00e9e de Santa Monica<\/li>\n\n\n\n<li class=\"base-block\">Assister \u00e0 l'un des spectacles musicaux hebdomadaires de McCabe sur Pico Boulevard<\/li>\n\n\n\n<li class=\"base-block\">D\u00e9couvrez le berceau de l'aviation moderne au mus\u00e9e de l'aviation de l'a\u00e9roport de Santa Monica.<\/li>\n\n\n\n<li class=\"base-block\">Rencontrez des surfeurs, des yogis et des chefs c\u00e9l\u00e8bres au march\u00e9 fermier de la rue principale de Santa Monica.<\/li>\n\n\n\n<li class=\"base-block\">Assistez \u00e0 un spectacle \u00e0 Mid-City \u00e0 l'intime Broad Stage, une salle moderne de 499 places qui accueille des spectacles allant de l'op\u00e9ra et des concerts de jazz \u00e0 la danse contemporaine et aux premi\u00e8res de films.<\/li>\n\n\n\n<li class=\"base-block\">Entra\u00eenez-vous au bowling sur gazon au Douglas Park sur Wilshire Boulevard<\/li>\n<\/ul>\n\n\n\n<h3 class=\"wp-block-heading base-block\">Cheap &amp; Chic Santa Monica<\/h3>\n\n\n\n<p class=\"base-block\">Bien que les plages \u00e9tincelantes et les quartiers c\u00e9l\u00e8bres de la ville donnent une impression de luxe, il est facile de profiter d'un s\u00e9jour \u00e0 l'\u00e9tranger.\u00a0<a href=\"https:\/\/www.santamonica.com\/fr\/hotels\/sejour-a-santa-monica\/\">Escapade \u00e0 Santa Monica<\/a>\u00a0sans se ruiner. R\u00e9servez une chambre pour moins de $200 par nuit \u00e0 l'Hotel Carmel ou au Sea Shore Motel pour profiter des couchers de soleil \u00e0 quelques pas du sable. Promenez-vous le long de l'idyllique\u00a0<a href=\"https:\/\/www.santamonica.com\/fr\/experience-santa-monica\/quartiers\/avenue-montana\/\">Avenue Montana<\/a>, Vous pouvez vous rendre \u00e0 Santa Monica, un quartier qui regorge d'exp\u00e9riences glamour en mati\u00e8re de bien-\u00eatre, de restauration et de commerce de d\u00e9tail, pour fl\u00e2ner dans les boutiques pr\u00e9f\u00e9r\u00e9es des c\u00e9l\u00e9brit\u00e9s locales. Profitez des avantages sanitaires et financiers de l'achat de produits locaux sur les march\u00e9s fermiers de Santa Monica, mondialement connus, puis faites de l'exercice gratuitement \u00e0 l'Original Muscle Beach, au pied de l'\u00e9glise de Santa Monica, dans la ville de Santa Monica.\u00a0<a href=\"https:\/\/www.santamonica.com\/fr\/choses-a-faire\/visite-de-la-jetee-de-santa-monica\/\">Jet\u00e9e de Santa Monica<\/a>. Terminez votre journ\u00e9e par un tour sur la Pacific Wheel, la seule grande roue solaire au monde, pour seulement $5 par tour, suivi d'un happy hour dans un cadre luxueux \u00e0 l'adresse suivante\u00a0<a href=\"https:\/\/www.santamonica.com\/fr\/restaurants\/le-penthouse\/\">Le Penthouse<\/a>, Le restaurant de l'h\u00f4tel Huntley Santa Monica Beach offre une vue imprenable sur la baie de Santa Monica et propose des boissons $5 \u00e0 l'heure de l'ap\u00e9ritif.<\/p>\n\n\n\n<h3 class=\"wp-block-heading base-block\">Exp\u00e9riences culinaires interactives<\/h3>\n\n\n\n<p class=\"base-block\">Santa Monica est devenue une destination culinaire internationale dans les ann\u00e9es 1980 et est rest\u00e9e dans le peloton de t\u00eate de la gastronomie am\u00e9ricaine gr\u00e2ce aux innovateurs culinaires locaux, \u00e0 un engagement ferme en faveur de la restauration de la ferme \u00e0 la table et \u00e0 un acc\u00e8s tout au long de l'ann\u00e9e aux ingr\u00e9dients les plus fins du monde. L'importance de la sc\u00e8ne culinaire de Santa Monica est devenue un \u00e9l\u00e9ment central de la culture de la destination, et les exp\u00e9riences culinaires interactives offrent aux visiteurs une occasion passionnante de s'y int\u00e9grer de mani\u00e8re authentique. Voici quelques exemples d'exp\u00e9riences :<\/p>\n\n\n\n<ul class=\"wp-block-list base-block\">\n<li class=\"base-block\">Promenez-vous dans l'un des c\u00e9l\u00e8bres quartiers de Santa Monica.&nbsp;<a href=\"https:\/\/www.santamonica.com\/fr\/experience-santa-monica\/marches-de-producteurs\/\">march\u00e9s de producteurs<\/a>&nbsp;pour acheter un \u00e9chantillon des produits les plus frais du pays, des fleurs, des viandes, des fromages, des noix et bien d'autres choses encore.<\/li>\n\n\n\n<li class=\"base-block\">La croisi\u00e8re&nbsp;<a href=\"https:\/\/www.santamonica.com\/fr\/choses-a-faire\/centre-de-velo-de-santa-monica\/\">Centre de v\u00e9lo de Santa Monica<\/a>\u2018Le Sweet Spots Tour de Santa Monica est une visite guid\u00e9e \u00e0 travers les principaux quartiers commer\u00e7ants et les quartiers embl\u00e9matiques de Santa Monica, ainsi qu'un guide d'initi\u00e9s sur les secrets les plus sucr\u00e9s de la ville.<\/li>\n\n\n\n<li class=\"base-block\">Cours culinaires pratiques \u00e0&nbsp;<a href=\"https:\/\/www.santamonica.com\/fr\/choses-a-faire\/lecole-de-la-gourmandise\/\">L'\u00e9cole de la Gourmandise<\/a>, situ\u00e9 \u00e0 Santa Monica Place, enseigne aux \u00e9tudiants les techniques classiques de cuisine et de p\u00e2tisserie en utilisant uniquement des ingr\u00e9dients de saison et d'origine locale. Parmi les cours les plus populaires, citons \u201cIntro to French Macaroons\u201d (initiation aux macarons fran\u00e7ais) et \u201cFarmers Market Meals\u201d (repas du march\u00e9).\u201d<\/li>\n<\/ul>\n\n\n\n<p class=\"base-block\"><\/p>\n\n\n<section class=\"links-grid --theme3 sm-block\">\n    <div class=\"links-grid__wrapper\">\n                                                    <a href=\"https:\/\/www.santamonica.com\/fr\/media\/media-library\/\" class=\"links-grid__card-link\" aria-label=\"Biblioth\u00e8que des m\u00e9dias\" >\n                    <div class=\"links-grid__card\">\n                                                    <div class=\"links-grid__card-image-wrapper\">\n                                <img decoding=\"async\" width=\"400\" height=\"400\" src=\"https:\/\/www.santamonica.com\/wp-content\/uploads\/2022\/07\/Santa-Monica-Public-Library-540x540-1-400x400.jpg\" class=\"links-grid__card-image\" alt=\"Biblioth\u00e8que des m\u00e9dias\" loading=\"lazy\" srcset=\"https:\/\/www.santamonica.com\/wp-content\/uploads\/2022\/07\/Santa-Monica-Public-Library-540x540-1-400x400.jpg 400w, https:\/\/www.santamonica.com\/wp-content\/uploads\/2022\/07\/Santa-Monica-Public-Library-540x540-1-300x300.jpg 300w, https:\/\/www.santamonica.com\/wp-content\/uploads\/2022\/07\/Santa-Monica-Public-Library-540x540-1-150x150.jpg 150w, https:\/\/www.santamonica.com\/wp-content\/uploads\/2022\/07\/Santa-Monica-Public-Library-540x540-1.jpg 540w\" sizes=\"auto, (max-width: 400px) 100vw, 400px\" title=\"\">                            <\/div>\n                                                <div class=\"links-grid__card-text\">\n                                                            <div class=\"links-grid__card-title\">Biblioth\u00e8que des m\u00e9dias<\/div>\n                                                                                        <div class=\"links-grid__card-description\">Vous \u00e9crivez un article sur Santa Monica et avez besoin de photos haute r\u00e9solution ? Vous avez besoin d'un rouleau compresseur pour un segment ? Vous pouvez demander l'acc\u00e8s \u00e0 notre banque d'images et de clips ici.<\/div>\n                                                    <\/div>\n                    <\/div>\n                <\/a>\n                                            <a href=\"https:\/\/www.santamonica.com\/fr\/media\/media-visit-rfp\/\" class=\"links-grid__card-link\" aria-label=\"Appel d&#039;offres pour les m\u00e9dias\" >\n                    <div class=\"links-grid__card\">\n                                                    <div class=\"links-grid__card-image-wrapper\">\n                                <img decoding=\"async\" width=\"400\" height=\"400\" src=\"https:\/\/www.santamonica.com\/wp-content\/uploads\/2022\/07\/Flowers-540x540-1-400x400.jpg\" class=\"links-grid__card-image\" alt=\"Appel d&#039;offres pour les m\u00e9dias\" loading=\"lazy\" srcset=\"https:\/\/www.santamonica.com\/wp-content\/uploads\/2022\/07\/Flowers-540x540-1-400x400.jpg 400w, https:\/\/www.santamonica.com\/wp-content\/uploads\/2022\/07\/Flowers-540x540-1-300x300.jpg 300w, https:\/\/www.santamonica.com\/wp-content\/uploads\/2022\/07\/Flowers-540x540-1-150x150.jpg 150w, https:\/\/www.santamonica.com\/wp-content\/uploads\/2022\/07\/Flowers-540x540-1.jpg 540w\" sizes=\"auto, (max-width: 400px) 100vw, 400px\" title=\"\">                            <\/div>\n                                                <div class=\"links-grid__card-text\">\n                                                            <div class=\"links-grid__card-title\">Appel d'offres pour les m\u00e9dias<\/div>\n                                                                                        <div class=\"links-grid__card-description\">Vous voulez d\u00e9couvrir tout ce que Santa Monica a \u00e0 offrir et le partager avec vos lecteurs ? Envoyez-nous une demande et voyons comment nous pouvons travailler ensemble.<\/div>\n                                                    <\/div>\n                    <\/div>\n                <\/a>\n                                            <a href=\"https:\/\/www.santamonica.com\/fr\/media-contact\/\" class=\"links-grid__card-link\" aria-label=\"Contact presse\" >\n                    <div class=\"links-grid__card\">\n                                                    <div class=\"links-grid__card-image-wrapper\">\n                                <img decoding=\"async\" width=\"400\" height=\"400\" src=\"https:\/\/www.santamonica.com\/wp-content\/uploads\/2022\/07\/Feature-Pier-And-Bike-Path-400x400.png\" class=\"links-grid__card-image\" alt=\"Caract\u00e9ristiques de l&#039;embarcad\u00e8re et de la piste cyclable\" loading=\"lazy\" srcset=\"https:\/\/www.santamonica.com\/wp-content\/uploads\/2022\/07\/Feature-Pier-And-Bike-Path-400x400.png 400w, https:\/\/www.santamonica.com\/wp-content\/uploads\/2022\/07\/Feature-Pier-And-Bike-Path-300x300.png 300w, https:\/\/www.santamonica.com\/wp-content\/uploads\/2022\/07\/Feature-Pier-And-Bike-Path-150x150.png 150w, https:\/\/www.santamonica.com\/wp-content\/uploads\/2022\/07\/Feature-Pier-And-Bike-Path.png 540w\" sizes=\"auto, (max-width: 400px) 100vw, 400px\" title=\"\">                            <\/div>\n                                                <div class=\"links-grid__card-text\">\n                                                            <div class=\"links-grid__card-title\">Contact presse<\/div>\n                                                                                        <div class=\"links-grid__card-description\">L'\u00e9quipe des relations avec les m\u00e9dias de SMTT est heureuse d'\u00eatre une ressource pour tout ce qui concerne Santa Monica. Pour toute question relative aux m\u00e9dias, contactez-nous ici.<\/div>\n                                                    <\/div>\n                    <\/div>\n                <\/a>\n                        <\/div>\n<\/section>","protected":false},"excerpt":{"rendered":"<p>Story Ideas: Stay in Santa Monica to Explore Los Angeles Santa Monica sits perched on the Pacific Ocean at the crossroads of Pacific Coast Highway and California Interstate Highway 10, [&hellip;]<\/p>\n","protected":false},"author":1431,"featured_media":348183,"parent":0,"menu_order":0,"comment_status":"closed","ping_status":"closed","template":"template-editorial.php","meta":{"_acf_changed":false,"inline_featured_image":false,"footnotes":""},"silos":[3891],"class_list":["post-346288","page","type-page","status-publish","has-post-thumbnail","hentry"],"acf":[],"_links":{"self":[{"href":"https:\/\/www.santamonica.com\/fr\/wp-json\/wp\/v2\/pages\/346288","targetHints":{"allow":["GET"]}}],"collection":[{"href":"https:\/\/www.santamonica.com\/fr\/wp-json\/wp\/v2\/pages"}],"about":[{"href":"https:\/\/www.santamonica.com\/fr\/wp-json\/wp\/v2\/types\/page"}],"author":[{"embeddable":true,"href":"https:\/\/www.santamonica.com\/fr\/wp-json\/wp\/v2\/users\/1431"}],"replies":[{"embeddable":true,"href":"https:\/\/www.santamonica.com\/fr\/wp-json\/wp\/v2\/comments?post=346288"}],"version-history":[{"count":39,"href":"https:\/\/www.santamonica.com\/fr\/wp-json\/wp\/v2\/pages\/346288\/revisions"}],"predecessor-version":[{"id":431478,"href":"https:\/\/www.santamonica.com\/fr\/wp-json\/wp\/v2\/pages\/346288\/revisions\/431478"}],"wp:featuredmedia":[{"embeddable":true,"href":"https:\/\/www.santamonica.com\/fr\/wp-json\/wp\/v2\/media\/348183"}],"wp:attachment":[{"href":"https:\/\/www.santamonica.com\/fr\/wp-json\/wp\/v2\/media?parent=346288"}],"wp:term":[{"taxonomy":"silos","embeddable":true,"href":"https:\/\/www.santamonica.com\/fr\/wp-json\/wp\/v2\/silos?post=346288"}],"curies":[{"name":"wp","href":"https:\/\/api.w.org\/{rel}","templated":true}]}}