{"id":346145,"date":"2022-07-20T14:33:41","date_gmt":"2022-07-20T21:33:41","guid":{"rendered":"https:\/\/www.santamonica.com\/?page_id=346145"},"modified":"2025-01-14T12:39:31","modified_gmt":"2025-01-14T20:39:31","slug":"medias","status":"publish","type":"page","link":"https:\/\/www.santamonica.com\/fr\/media\/","title":{"rendered":"Les m\u00e9dias"},"content":{"rendered":"<section class=\"links-grid --theme3 sm-block\">\n    <div class=\"links-grid__wrapper\">\n                                                    <a href=\"https:\/\/www.santamonica.com\/fr\/media\/press-kit\/\" class=\"links-grid__card-link\" aria-label=\"Dossier de presse\" >\n                    <div class=\"links-grid__card\">\n                                                    <div class=\"links-grid__card-image-wrapper\">\n                                <img decoding=\"async\" width=\"400\" height=\"400\" src=\"https:\/\/www.santamonica.com\/wp-content\/uploads\/2022\/07\/Santa-Monica-Picnic-Co-940x700-1-400x400.jpg\" class=\"links-grid__card-image\" alt=\"Dossier de presse\" loading=\"lazy\" title=\"\">                            <\/div>\n                                                <div class=\"links-grid__card-text\">\n                                                            <div class=\"links-grid__card-title\">Dossier de presse<\/div>\n                                                                                        <div class=\"links-grid__card-description\">Le dossier de presse t\u00e9l\u00e9chargeable de SMTT contient les faits, les chiffres et les id\u00e9es d'articles n\u00e9cessaires pour compl\u00e9ter l'histoire de la destination Santa Monica.<\/div>\n                                                    <\/div>\n                    <\/div>\n                <\/a>\n                                            <a href=\"https:\/\/www.santamonica.com\/fr\/media\/media-library\/\" class=\"links-grid__card-link\" aria-label=\"Biblioth\u00e8que des m\u00e9dias\" >\n                    <div class=\"links-grid__card\">\n                                                    <div class=\"links-grid__card-image-wrapper\">\n                                <img decoding=\"async\" width=\"400\" height=\"400\" src=\"https:\/\/www.santamonica.com\/wp-content\/uploads\/2022\/07\/Santa-Monica-Public-Library-540x540-1-400x400.jpg\" class=\"links-grid__card-image\" alt=\"Biblioth\u00e8que des m\u00e9dias\" loading=\"lazy\" srcset=\"https:\/\/www.santamonica.com\/wp-content\/uploads\/2022\/07\/Santa-Monica-Public-Library-540x540-1-400x400.jpg 400w, https:\/\/www.santamonica.com\/wp-content\/uploads\/2022\/07\/Santa-Monica-Public-Library-540x540-1-300x300.jpg 300w, https:\/\/www.santamonica.com\/wp-content\/uploads\/2022\/07\/Santa-Monica-Public-Library-540x540-1-150x150.jpg 150w, https:\/\/www.santamonica.com\/wp-content\/uploads\/2022\/07\/Santa-Monica-Public-Library-540x540-1.jpg 540w\" sizes=\"auto, (max-width: 400px) 100vw, 400px\" title=\"\">                            <\/div>\n                                                <div class=\"links-grid__card-text\">\n                                                            <div class=\"links-grid__card-title\">Biblioth\u00e8que des m\u00e9dias<\/div>\n                                                                                        <div class=\"links-grid__card-description\">Vous \u00e9crivez un article sur Santa Monica et avez besoin de photos haute r\u00e9solution ? Vous avez besoin d'un rouleau compresseur pour un segment ? Vous pouvez demander l'acc\u00e8s \u00e0 notre banque d'images et de clips ici.<\/div>\n                                                    <\/div>\n                    <\/div>\n                <\/a>\n                                            <a href=\"https:\/\/www.santamonica.com\/fr\/media\/media-visit-rfp\/\" class=\"links-grid__card-link\" aria-label=\"Appel d&#039;offres pour les m\u00e9dias\" >\n                    <div class=\"links-grid__card\">\n                                                    <div class=\"links-grid__card-image-wrapper\">\n                                <img decoding=\"async\" width=\"400\" height=\"400\" src=\"https:\/\/www.santamonica.com\/wp-content\/uploads\/2022\/07\/Flowers-540x540-1-400x400.jpg\" class=\"links-grid__card-image\" alt=\"Appel d&#039;offres pour les m\u00e9dias\" loading=\"lazy\" srcset=\"https:\/\/www.santamonica.com\/wp-content\/uploads\/2022\/07\/Flowers-540x540-1-400x400.jpg 400w, https:\/\/www.santamonica.com\/wp-content\/uploads\/2022\/07\/Flowers-540x540-1-300x300.jpg 300w, https:\/\/www.santamonica.com\/wp-content\/uploads\/2022\/07\/Flowers-540x540-1-150x150.jpg 150w, https:\/\/www.santamonica.com\/wp-content\/uploads\/2022\/07\/Flowers-540x540-1.jpg 540w\" sizes=\"auto, (max-width: 400px) 100vw, 400px\" title=\"\">                            <\/div>\n                                                <div class=\"links-grid__card-text\">\n                                                            <div class=\"links-grid__card-title\">Appel d'offres pour les m\u00e9dias<\/div>\n                                                                                        <div class=\"links-grid__card-description\">Vous voulez d\u00e9couvrir tout ce que Santa Monica a \u00e0 offrir et le partager avec vos lecteurs ? Envoyez-nous une demande et voyons comment nous pouvons travailler ensemble.<\/div>\n                                                    <\/div>\n                    <\/div>\n                <\/a>\n                                            <a href=\"https:\/\/www.santamonica.com\/fr\/media-contact\/\" class=\"links-grid__card-link\" aria-label=\"Contact presse\" >\n                    <div class=\"links-grid__card\">\n                                                    <div class=\"links-grid__card-image-wrapper\">\n                                <img decoding=\"async\" width=\"400\" height=\"400\" src=\"https:\/\/www.santamonica.com\/wp-content\/uploads\/2022\/07\/Feature-Pier-And-Bike-Path-400x400.png\" class=\"links-grid__card-image\" alt=\"Caract\u00e9ristiques de l&#039;embarcad\u00e8re et de la piste cyclable\" loading=\"lazy\" srcset=\"https:\/\/www.santamonica.com\/wp-content\/uploads\/2022\/07\/Feature-Pier-And-Bike-Path-400x400.png 400w, https:\/\/www.santamonica.com\/wp-content\/uploads\/2022\/07\/Feature-Pier-And-Bike-Path-300x300.png 300w, https:\/\/www.santamonica.com\/wp-content\/uploads\/2022\/07\/Feature-Pier-And-Bike-Path-150x150.png 150w, https:\/\/www.santamonica.com\/wp-content\/uploads\/2022\/07\/Feature-Pier-And-Bike-Path.png 540w\" sizes=\"auto, (max-width: 400px) 100vw, 400px\" title=\"\">                            <\/div>\n                                                <div class=\"links-grid__card-text\">\n                                                            <div class=\"links-grid__card-title\">Contact presse<\/div>\n                                                                                        <div class=\"links-grid__card-description\">L'\u00e9quipe des relations avec les m\u00e9dias de SMTT est heureuse d'\u00eatre une ressource pour tout ce qui concerne Santa Monica. Pour toute question relative aux m\u00e9dias, contactez-nous ici.<\/div>\n                                                    <\/div>\n                    <\/div>\n                <\/a>\n                        <\/div>\n<\/section>\n\n\n\n\n<figure class=\"wp-block-image aligncenter size-full is-resized base-block\"><img decoding=\"async\" src=\"https:\/\/www.santamonica.com\/wp-content\/uploads\/2022\/12\/AdrianAwards_2022_Winners_PR_Com.png\" alt=\"\" class=\"wp-image-371149\" width=\"250\" height=\"117\" title=\"\" srcset=\"https:\/\/www.santamonica.com\/wp-content\/uploads\/2022\/12\/AdrianAwards_2022_Winners_PR_Com.png 400w, https:\/\/www.santamonica.com\/wp-content\/uploads\/2022\/12\/AdrianAwards_2022_Winners_PR_Com-300x140.png 300w, https:\/\/www.santamonica.com\/wp-content\/uploads\/2022\/12\/AdrianAwards_2022_Winners_PR_Com-270x126.png 270w\" sizes=\"(max-width: 250px) 100vw, 250px\" \/><\/figure>\n\n\n<\/figure>","protected":false},"excerpt":{"rendered":"","protected":false},"author":1431,"featured_media":348619,"parent":0,"menu_order":0,"comment_status":"closed","ping_status":"closed","template":"template-editorial.php","meta":{"_acf_changed":false,"inline_featured_image":false,"footnotes":""},"silos":[],"class_list":["post-346145","page","type-page","status-publish","has-post-thumbnail","hentry"],"acf":[],"_links":{"self":[{"href":"https:\/\/www.santamonica.com\/fr\/wp-json\/wp\/v2\/pages\/346145","targetHints":{"allow":["GET"]}}],"collection":[{"href":"https:\/\/www.santamonica.com\/fr\/wp-json\/wp\/v2\/pages"}],"about":[{"href":"https:\/\/www.santamonica.com\/fr\/wp-json\/wp\/v2\/types\/page"}],"author":[{"embeddable":true,"href":"https:\/\/www.santamonica.com\/fr\/wp-json\/wp\/v2\/users\/1431"}],"replies":[{"embeddable":true,"href":"https:\/\/www.santamonica.com\/fr\/wp-json\/wp\/v2\/comments?post=346145"}],"version-history":[{"count":56,"href":"https:\/\/www.santamonica.com\/fr\/wp-json\/wp\/v2\/pages\/346145\/revisions"}],"predecessor-version":[{"id":379756,"href":"https:\/\/www.santamonica.com\/fr\/wp-json\/wp\/v2\/pages\/346145\/revisions\/379756"}],"wp:featuredmedia":[{"embeddable":true,"href":"https:\/\/www.santamonica.com\/fr\/wp-json\/wp\/v2\/media\/348619"}],"wp:attachment":[{"href":"https:\/\/www.santamonica.com\/fr\/wp-json\/wp\/v2\/media?parent=346145"}],"wp:term":[{"taxonomy":"silos","embeddable":true,"href":"https:\/\/www.santamonica.com\/fr\/wp-json\/wp\/v2\/silos?post=346145"}],"curies":[{"name":"wp","href":"https:\/\/api.w.org\/{rel}","templated":true}]}}