{"id":345870,"date":"2022-07-18T23:12:57","date_gmt":"2022-07-19T06:12:57","guid":{"rendered":"https:\/\/www.santamonica.com\/?page_id=345870"},"modified":"2023-06-27T19:39:47","modified_gmt":"2023-06-28T02:39:47","slug":"activites-de-renforcement-de-lesprit-dequipe","status":"publish","type":"page","link":"https:\/\/www.santamonica.com\/fr\/meetings-conventions\/team-building-activities\/","title":{"rendered":"Activit\u00e9s de renforcement de l'esprit d'\u00e9quipe"},"content":{"rendered":"<section class=\"sun-title sm-block --theme6 sm-block\">\n            <h2 class=\"sun-title__headline\">Connexion et collaboration<\/h2>    \n            <div class=\"sun-title__body  wysiwyg\">\n                    <p>Santa Monica cr\u00e9e naturellement l'environnement parfait pour renforcer votre \u00e9quipe et promouvoir la connexion et la collaboration. Qu'il s'agisse d'exp\u00e9riences sur le sable ou d'aventures de haut vol, chaque \u00e9quipe est s\u00fbre de repartir avec des exp\u00e9riences partag\u00e9es et des souvenirs amusants.<\/p>\n                        <\/div>\n    <\/section>\n\n\n\n<section class=\"two-images container-max sm-block  sm-block\">\n    <div class=\"two-images__container\">\n\n        <div class=\"two-images__column\">\n            <div class=\"two-images__content\">\n                <div class=\"two-images__content-header-container\">\n                                            <h1 class=\"two-images__content-header\">De la mer au ciel<\/h1>                                    <\/div>\n                                    <div class=\"two-images__content-body wysiwyg\">\n                        <p>R\u00e9unir l'\u00e9quipe pour des exp\u00e9riences uniques \u00e0 <a href=\"https:\/\/www.santamonica.com\/fr\/choses-a-faire\/plage-de-santa-monica\/\">Plage de Santa Monica<\/a>. Renforcez votre capacit\u00e9 \u00e0 travailler en \u00e9quipe en participant \u00e0 un cours de beach-volley avec <a href=\"https:\/\/www.santamonica.com\/fr\/lieu-2\/santa-monica-beach-volleyball\/\">Santa Monica Beach Volleyball<\/a> ou amenez votre \u00e9quipe en toute ind\u00e9pendance pour profiter d'une comp\u00e9tition amicale sur l'un des courts publics de la plage. De nombreux sports de plage peuvent \u00eatre pratiqu\u00e9s, notamment <a href=\"https:\/\/www.santamonica.com\/fr\/choses-a-faire\/ola-beach-tennis\/\">tennis de plage<\/a>, le football et <a href=\"https:\/\/www.santamonica.com\/fr\/choses-a-faire\/pickleball\/\">pickleball<\/a>. Vous cherchez quelque chose de plus d\u00e9contract\u00e9 ? Transportez facilement les exercices et jeux classiques de consolidation d'\u00e9quipe sur le sable et ajoutez-y une touche suppl\u00e9mentaire en r\u00e9servant un pique-nique sur la plage sur mesure avec <a href=\"https:\/\/www.santamonica.com\/fr\/choses-a-faire\/santa-monica-picnic-co\/\">Santa Monica Picnic Co<\/a>. Ajoutez des jeux \u00e0 votre pique-nique, comme le badminton, les \u00e9chelles, le cornhole et le spike ball, pour ajouter du plaisir \u00e0 vos exercices de renforcement de l'esprit d'\u00e9quipe. Les \u00e9quipes \u00e0 la recherche d'autres aventures de haut vol ne doivent pas chercher plus loin que le <a href=\"https:\/\/www.santamonica.com\/fr\/lieu-2\/ecole-de-trapeze-new-york-2\/\">\u00c9cole de trap\u00e8ze New York<\/a>. Situ\u00e9 sur la jet\u00e9e de Santa Monica, des groupes de toutes tailles peuvent s'inscrire \u00e0 des cours de trap\u00e8ze et de soie et faire l'exp\u00e9rience de l'ultime chute de confiance.<\/p>\n                    <\/div>\n                                            <\/div>\n        <\/div>\n\n        <div class=\"two-images__column\">\n                            <div class=\"two-images__image-container\">\n                    <img decoding=\"async\" width=\"424\" height=\"504\" src=\"https:\/\/www.santamonica.com\/wp-content\/uploads\/2022\/07\/Volleyball424x504.jpg\" class=\"two-images__image\" alt=\"Homme et femme sautant l&#039;un de l&#039;autre \u00e0 travers le filet de volley-ball ; homme frappant le ballon ; femme et homme jouant au volley-ball de plage\" loading=\"lazy\" srcset=\"https:\/\/www.santamonica.com\/wp-content\/uploads\/2022\/07\/Volleyball424x504.jpg 424w, https:\/\/www.santamonica.com\/wp-content\/uploads\/2022\/07\/Volleyball424x504-252x300.jpg 252w, https:\/\/www.santamonica.com\/wp-content\/uploads\/2022\/07\/Volleyball424x504-126x150.jpg 126w\" sizes=\"auto, (max-width: 424px) 100vw, 424px\" title=\"\">                    \n\n                <\/div>\n                    <\/div>\n\n        <div class=\"two-images__column\">\n                            <div class=\"two-images__image-container\">\n                    <img decoding=\"async\" width=\"600\" height=\"464\" src=\"https:\/\/www.santamonica.com\/wp-content\/uploads\/2022\/07\/Trapeze600x464.jpg\" class=\"two-images__image\" alt=\"Femme \u00e0 l&#039;envers faisant un saut de trap\u00e8ze ; la Pacific Wheel de la jet\u00e9e de Santa Monica en arri\u00e8re-plan.\" loading=\"lazy\" srcset=\"https:\/\/www.santamonica.com\/wp-content\/uploads\/2022\/07\/Trapeze600x464.jpg 600w, https:\/\/www.santamonica.com\/wp-content\/uploads\/2022\/07\/Trapeze600x464-300x232.jpg 300w, https:\/\/www.santamonica.com\/wp-content\/uploads\/2022\/07\/Trapeze600x464-194x150.jpg 194w\" sizes=\"auto, (max-width: 600px) 100vw, 600px\" title=\"\">                    \n\n                <\/div>\n                    <\/div>\n\n    <\/div>\n<\/section>\n\n\n\n<div class=\"wp-block-columns is-layout-flex wp-container-core-columns-is-layout-28f84493 wp-block-columns-is-layout-flex base-block\">\n<div class=\"wp-block-column is-layout-flow wp-block-column-is-layout-flow base-block\">\n<h2 class=\"wp-block-heading base-block\"><strong>Briser le moule<\/strong><\/h2>\n\n\n\n<p class=\"base-block\">Enflammer l'imagination avec <a href=\"https:\/\/www.santamonica.com\/fr\/arts-et-culture\/\">cours d'art et de poterie<\/a> \u00e0 Santa Monica pour inspirer des pens\u00e9es introspectives, une r\u00e9flexion personnelle et un sentiment d'accomplissement. Pour des activit\u00e9s qui renforcent la familiarit\u00e9, la collaboration et la confiance, les cours d'improvisation \u00e0 <a href=\"https:\/\/www.santamonica.com\/fr\/lieu-2\/m-i-s-westside-comedy-theater-8\/\">M.I. Westside Comedy Theater<\/a> ne manqueront pas de rapprocher les \u00e9quipes gr\u00e2ce \u00e0 l'humour et \u00e0 la l\u00e9g\u00e8ret\u00e9.<\/p>\n<\/div>\n\n\n\n<div class=\"wp-block-column is-layout-flow wp-block-column-is-layout-flow base-block\">\n<h2 class=\"wp-block-heading base-block\"><strong>Plaisirs de la table<\/strong><\/h2>\n\n\n\n<p class=\"base-block\">S'inscrire aux cours sur <a href=\"https:\/\/www.santamonica.com\/fr\/lieu-2\/k-food-junior-chef-cuisinier\/\">L'\u00e9cole de la Gourmandise<\/a> o\u00f9 les \u00e9quipes peuvent cuisiner leur propre nourriture et la manger aussi ! Mettez au d\u00e9fi la communication et la coh\u00e9sion des \u00e9quipes en travaillant ensemble pour suivre diff\u00e9rentes recettes uniques sous l'\u0153il attentif d'un ma\u00eetre cuisinier. Une fois les plats cuisin\u00e9s, savourez le go\u00fbt de l'accomplissement en vous asseyant ensemble pour un d\u00eener d'\u00e9quipe.<\/p>\n<\/div>\n\n\n\n<div class=\"wp-block-column is-layout-flow wp-block-column-is-layout-flow base-block\">\n<h2 class=\"wp-block-heading base-block\"><strong>Repos et d\u00e9tente<\/strong><\/h2>\n\n\n\n<p class=\"base-block\">Profitez d'un moment de d\u00e9tente avec des cours de yoga en studio ou sur la plage. <a href=\"https:\/\/www.santamonica.com\/fr\/lieu-2\/beach-yoga-socal\/\">Beach Yoga So Cal<\/a> organisent une vari\u00e9t\u00e9 de cours tout au long de la semaine pour des groupes de diff\u00e9rents niveaux d'exp\u00e9rience. Participez \u00e0 un cours de yoga sur la plage du coucher du soleil pour des moments calmes de r\u00e9flexion en \u00e9quipe ou renforcez votre confiance en vous avec un cours de Beach Power Flow. <\/p>\n<\/div>\n<\/div>\n\n\n<section class=\"links-grid --theme3 sm-block\">\n    <div class=\"links-grid__wrapper\">\n                                                    <a href=\"https:\/\/www.santamonica.com\/fr\/meetings-conventions\/transportation-accessibility\/\" class=\"links-grid__card-link\" aria-label=\"Accessibilit\u00e9 et transport\" >\n                    <div class=\"links-grid__card\">\n                                                    <div class=\"links-grid__card-image-wrapper\">\n                                <img decoding=\"async\" width=\"366\" height=\"330\" src=\"https:\/\/www.santamonica.com\/wp-content\/uploads\/2022\/07\/Bike366x330.jpg\" class=\"links-grid__card-image\" alt=\"Grand groupe \u00e0 v\u00e9lo le long de la plage\" loading=\"lazy\" srcset=\"https:\/\/www.santamonica.com\/wp-content\/uploads\/2022\/07\/Bike366x330.jpg 366w, https:\/\/www.santamonica.com\/wp-content\/uploads\/2022\/07\/Bike366x330-300x270.jpg 300w, https:\/\/www.santamonica.com\/wp-content\/uploads\/2022\/07\/Bike366x330-166x150.jpg 166w\" sizes=\"auto, (max-width: 366px) 100vw, 366px\" title=\"\">                            <\/div>\n                                                <div class=\"links-grid__card-text\">\n                                                            <div class=\"links-grid__card-title\">Accessibilit\u00e9 et transport<\/div>\n                                                                                        <div class=\"links-grid__card-description\">Trouvez les meilleurs moyens de faire circuler votre \u00e9quipe dans Santa Monica.<\/div>\n                                                    <\/div>\n                    <\/div>\n                <\/a>\n                                            <a href=\"https:\/\/www.santamonica.com\/fr\/travel-trade\/group-tours\/\" class=\"links-grid__card-link\" aria-label=\"Voyages en groupe\" >\n                    <div class=\"links-grid__card\">\n                                                    <div class=\"links-grid__card-image-wrapper\">\n                                <img decoding=\"async\" width=\"366\" height=\"330\" src=\"https:\/\/www.santamonica.com\/wp-content\/uploads\/2022\/07\/GroupTour366x330.jpg\" class=\"links-grid__card-image\" alt=\"Groupe \u00e9coutant une femme faisant une visite ; mur de briques avec \u00e9criture d\u00e9labr\u00e9e \u00e0 l&#039;arri\u00e8re-plan\" loading=\"lazy\" srcset=\"https:\/\/www.santamonica.com\/wp-content\/uploads\/2022\/07\/GroupTour366x330.jpg 366w, https:\/\/www.santamonica.com\/wp-content\/uploads\/2022\/07\/GroupTour366x330-300x270.jpg 300w, https:\/\/www.santamonica.com\/wp-content\/uploads\/2022\/07\/GroupTour366x330-166x150.jpg 166w\" sizes=\"auto, (max-width: 366px) 100vw, 366px\" title=\"\">                            <\/div>\n                                                <div class=\"links-grid__card-text\">\n                                                            <div class=\"links-grid__card-title\">Voyages en groupe<\/div>\n                                                                                        <div class=\"links-grid__card-description\">D\u00e9couvrez des circuits pour petits et grands groupes.<\/div>\n                                                    <\/div>\n                    <\/div>\n                <\/a>\n                                            <a href=\"https:\/\/www.santamonica.com\/fr\/dining-guide-2\/\" class=\"links-grid__card-link\" aria-label=\"Guide des repas\" >\n                    <div class=\"links-grid__card\">\n                                                    <div class=\"links-grid__card-image-wrapper\">\n                                <img decoding=\"async\" width=\"366\" height=\"330\" src=\"https:\/\/www.santamonica.com\/wp-content\/uploads\/2022\/07\/PartnerBrunch366x330.jpg\" class=\"links-grid__card-image\" alt=\"Martini rouge avec garniture ; pizza en arri\u00e8re-plan\" loading=\"lazy\" srcset=\"https:\/\/www.santamonica.com\/wp-content\/uploads\/2022\/07\/PartnerBrunch366x330.jpg 366w, https:\/\/www.santamonica.com\/wp-content\/uploads\/2022\/07\/PartnerBrunch366x330-300x270.jpg 300w, https:\/\/www.santamonica.com\/wp-content\/uploads\/2022\/07\/PartnerBrunch366x330-166x150.jpg 166w\" sizes=\"auto, (max-width: 366px) 100vw, 366px\" title=\"\">                            <\/div>\n                                                <div class=\"links-grid__card-text\">\n                                                            <div class=\"links-grid__card-title\">Guide des repas<\/div>\n                                                                                        <div class=\"links-grid__card-description\">Explorez les options de restauration qui ne manqueront pas de plaire \u00e0 tous les palais.<\/div>\n                                                    <\/div>\n                    <\/div>\n                <\/a>\n                                            <a href=\"https:\/\/www.santamonica.com\/fr\/travel-trade\/planning-toolkit\/\" class=\"links-grid__card-link\" aria-label=\"Bo\u00eete \u00e0 outils de planification\" >\n                    <div class=\"links-grid__card\">\n                                                    <div class=\"links-grid__card-image-wrapper\">\n                                <img decoding=\"async\" width=\"366\" height=\"330\" src=\"https:\/\/www.santamonica.com\/wp-content\/uploads\/2022\/07\/Partner366x330-1.jpg\" class=\"links-grid__card-image\" alt=\"Plage et vagues de l&#039;oc\u00e9an ; personnes sur la plage ; prise de vue a\u00e9rienne\" loading=\"lazy\" srcset=\"https:\/\/www.santamonica.com\/wp-content\/uploads\/2022\/07\/Partner366x330-1.jpg 366w, https:\/\/www.santamonica.com\/wp-content\/uploads\/2022\/07\/Partner366x330-1-300x270.jpg 300w, https:\/\/www.santamonica.com\/wp-content\/uploads\/2022\/07\/Partner366x330-1-166x150.jpg 166w\" sizes=\"auto, (max-width: 366px) 100vw, 366px\" title=\"\">                            <\/div>\n                                                <div class=\"links-grid__card-text\">\n                                                            <div class=\"links-grid__card-title\">Bo\u00eete \u00e0 outils de planification<\/div>\n                                                                                        <div class=\"links-grid__card-description\">Planifiez votre prochain voyage \u00e0 Santa Monica en toute simplicit\u00e9 gr\u00e2ce \u00e0 la bo\u00eete \u00e0 outils de planification.<\/div>\n                                                    <\/div>\n                    <\/div>\n                <\/a>\n                        <\/div>\n<\/section>\n\n\n\n<section class=\"meetings-contact-us sm-block\">\n    <div class=\"meetings-contact-us__inner\">\n        <div class=\"meetings-contact-us__image-wrap\">\n            <img decoding=\"async\" width=\"1024\" height=\"304\" src=\"https:\/\/www.santamonica.com\/wp-content\/uploads\/2022\/07\/Help1280x380-1024x304.jpg\" class=\"attachment-large size-large\" alt=\"Image du b\u00e2timent du centre des visiteurs ; b\u00e2timent gris avec un panneau d&#039;information au-dessus.\" srcset=\"https:\/\/www.santamonica.com\/wp-content\/uploads\/2022\/07\/Help1280x380-1024x304.jpg 1024w, https:\/\/www.santamonica.com\/wp-content\/uploads\/2022\/07\/Help1280x380-300x89.jpg 300w, https:\/\/www.santamonica.com\/wp-content\/uploads\/2022\/07\/Help1280x380-270x80.jpg 270w, https:\/\/www.santamonica.com\/wp-content\/uploads\/2022\/07\/Help1280x380-768x228.jpg 768w, https:\/\/www.santamonica.com\/wp-content\/uploads\/2022\/07\/Help1280x380.jpg 1280w\" sizes=\"(max-width: 1024px) 100vw, 1024px\" title=\"\">        <\/div>\n        <div class=\"meetings-contact-us__body\">\n            <h1 class=\"meetings-contact-us__heading\">\n                Vous avez des questions ?            <\/h1>\n            <p class=\"meetings-contact-us__intro\">\n                Vous vous sentirez soutenu lorsque vous contacterez l'\u00e9quipe d'experts de Santa Monica Travel &amp; Tourism d\u00e8s aujourd'hui !            <\/p>\n            <div class=\"meetings-contact-us__phone-numbers wysiwyg\">\n                                                            <\/div>\n            <div class=\"meetings-contact-us__ctas\">\n                                            <a class=\"meetings-contact-us__primary-cta\" href=\"https:\/\/www.santamonica.com\/fr\/reunions-conventions\/reunions-nous-contacter\/\">Nous contacter<\/a>\n                                                    <\/div>\n        <\/div>\n    <\/div>\n\n<\/section>\n\n\n<section class=\"blog-feed --theme8 sm-block\">\n    <div class=\"blog-feed__content\">\n        <div class=\"blog-feed__intro\">\n                            <div class=\"blog-feed__eyebrow eyebrow\">Blogs<\/div>                                        <h2 class=\"blog-feed__headline\">D\u00e9couvrir Santa Monica<\/h2>                                        <div class=\"blog-feed__body\"><p>Explorez les itin\u00e9raires, les conseils locaux, les points chauds et les aventures organis\u00e9es pour \u00eatre s\u00fbr de profiter au maximum de votre exp\u00e9rience \u00e0 Santa Monica.<\/p>\n<\/div>\n                                        <a class=\"blog-feed__cta\" href=\"https:\/\/www.santamonica.com\/fr\/articles-de-blog\/\">Voir tous les blogs<\/a>\n                    <\/div>\n\n        <ul class=\"blog-feed__list\">\n                                                <li class=\"blog-feed__item\">\n                        <a href=\"https:\/\/www.santamonica.com\/fr\/mother-road-modern-meetings-route-66-meeting-spaces-set-to-shine-for-centennial-in-santa-monica\/\" class=\"blog-feed__item-link\">\n                            <div class=\"blog-feed__image-ratio\">\n                                <img decoding=\"async\" class=\"blog-feed__image\" src=\"https:\/\/www.santamonica.com\/wp-content\/uploads\/2025\/12\/untitledJuly20162C2020180010-182-2-400x400.jpg\" alt=\"ROUTE MATERNELLE, R\u00c9UNIONS MODERNES : LES ESPACES DE R\u00c9UNION DE LA ROUTE 66 S&#039;APPR\u00caTENT \u00c0 BRILLER POUR LE CENTENAIRE \u00c0 SANTA MONICA\" title=\"\">\n                            <\/div>\n                            <div class=\"blog-feed__card-title\">ROUTE MATERNELLE, R\u00c9UNIONS MODERNES : LES ESPACES DE R\u00c9UNION DE LA ROUTE 66 S'APPR\u00caTENT \u00c0 BRILLER POUR LE CENTENAIRE \u00c0 SANTA MONICA<\/div>\n                        <\/a>\n                    <\/li>\n                                                                <li class=\"blog-feed__item\">\n                        <a href=\"https:\/\/www.santamonica.com\/fr\/media\/news-release\/santa-monica-announces-song-contest-in-celebration-of-route-66-centennial\/\" class=\"blog-feed__item-link\">\n                            <div class=\"blog-feed__image-ratio\">\n                                <img decoding=\"async\" class=\"blog-feed__image\" src=\"https:\/\/www.santamonica.com\/wp-content\/uploads\/2025\/11\/DSC01084-400x400.jpg\" alt=\"SANTA MONICA ANNONCE UN CONCOURS DE CHANSONS POUR C\u00c9L\u00c9BRER LE CENTENAIRE DE LA ROUTE 66\" title=\"\">\n                            <\/div>\n                            <div class=\"blog-feed__card-title\">SANTA MONICA ANNONCE UN CONCOURS DE CHANSONS POUR C\u00c9L\u00c9BRER LE CENTENAIRE DE LA ROUTE 66<\/div>\n                        <\/a>\n                    <\/li>\n                                                                <li class=\"blog-feed__item\">\n                        <a href=\"https:\/\/www.santamonica.com\/fr\/media\/news-release\/where-to-watch-the-world-series-in-santa-monica\/\" class=\"blog-feed__item-link\">\n                            <div class=\"blog-feed__image-ratio\">\n                                <img decoding=\"async\" class=\"blog-feed__image\" src=\"https:\/\/www.santamonica.com\/wp-content\/uploads\/2025\/10\/dodgers-logo-1-400x400.jpg\" alt=\"O\u00d9 REGARDER LES CHAMPIONNATS DU MONDE \u00c0 SANTA MONICA\" title=\"\">\n                            <\/div>\n                            <div class=\"blog-feed__card-title\">O\u00d9 REGARDER LES CHAMPIONNATS DU MONDE \u00c0 SANTA MONICA<\/div>\n                        <\/a>\n                    <\/li>\n                                    <\/ul>\n    <\/div>\n<\/section>","protected":false},"excerpt":{"rendered":"<p>Break the Mold Ignite imagination with art and pottery classes throughout Santa Monica to inspire introspective thoughts, personal reflection and a sense of accomplishment. For activities that strengthen familiarity, collaboration [&hellip;]<\/p>\n","protected":false},"author":1421,"featured_media":348981,"parent":0,"menu_order":0,"comment_status":"closed","ping_status":"closed","template":"template-editorial.php","meta":{"_acf_changed":false,"inline_featured_image":false,"footnotes":""},"silos":[3894],"class_list":["post-345870","page","type-page","status-publish","has-post-thumbnail","hentry"],"acf":[],"_links":{"self":[{"href":"https:\/\/www.santamonica.com\/fr\/wp-json\/wp\/v2\/pages\/345870","targetHints":{"allow":["GET"]}}],"collection":[{"href":"https:\/\/www.santamonica.com\/fr\/wp-json\/wp\/v2\/pages"}],"about":[{"href":"https:\/\/www.santamonica.com\/fr\/wp-json\/wp\/v2\/types\/page"}],"author":[{"embeddable":true,"href":"https:\/\/www.santamonica.com\/fr\/wp-json\/wp\/v2\/users\/1421"}],"replies":[{"embeddable":true,"href":"https:\/\/www.santamonica.com\/fr\/wp-json\/wp\/v2\/comments?post=345870"}],"version-history":[{"count":29,"href":"https:\/\/www.santamonica.com\/fr\/wp-json\/wp\/v2\/pages\/345870\/revisions"}],"predecessor-version":[{"id":383158,"href":"https:\/\/www.santamonica.com\/fr\/wp-json\/wp\/v2\/pages\/345870\/revisions\/383158"}],"wp:featuredmedia":[{"embeddable":true,"href":"https:\/\/www.santamonica.com\/fr\/wp-json\/wp\/v2\/media\/348981"}],"wp:attachment":[{"href":"https:\/\/www.santamonica.com\/fr\/wp-json\/wp\/v2\/media?parent=345870"}],"wp:term":[{"taxonomy":"silos","embeddable":true,"href":"https:\/\/www.santamonica.com\/fr\/wp-json\/wp\/v2\/silos?post=345870"}],"curies":[{"name":"wp","href":"https:\/\/api.w.org\/{rel}","templated":true}]}}