{"id":345236,"date":"2022-07-14T15:01:34","date_gmt":"2022-07-14T22:01:34","guid":{"rendered":"https:\/\/www.santamonica.com\/?page_id=345236"},"modified":"2022-09-28T10:40:11","modified_gmt":"2022-09-28T17:40:11","slug":"temoignages","status":"publish","type":"page","link":"https:\/\/www.santamonica.com\/fr\/i-am-santa-monica\/testimonials\/","title":{"rendered":"I Am Santa Monica - T\u00e9moignages"},"content":{"rendered":"<div class=\"wp-block-columns is-layout-flex wp-container-core-columns-is-layout-28f84493 wp-block-columns-is-layout-flex base-block\">\n<div class=\"wp-block-column is-layout-flow wp-block-column-is-layout-flow base-block\">\n<p class=\"base-block\"><em>\u201cTr\u00e8s instructif, avec des informations utiles pour les travailleurs du secteur de l'h\u00f4tellerie et de la restauration qui ne vivent pas \u00e0 Santa Monica ou n'y sont pas familiers.\u201d <\/em>- <strong>Claudio Henrique, H\u00f4tel Ambrose<\/strong><\/p>\n<\/div>\n\n\n\n<div class=\"wp-block-column is-layout-flow wp-block-column-is-layout-flow base-block\">\n<p class=\"base-block\">\u201cCe serait une excellente id\u00e9e que la plupart des employ\u00e9s de l'h\u00f4tellerie de Santa Monica suivent cette formation !\u201d -&nbsp;<strong>Katharine Vazquez, Pacific Park<\/strong><\/p>\n<\/div>\n\n\n\n<div class=\"wp-block-column is-layout-flow wp-block-column-is-layout-flow base-block\">\n<p class=\"base-block\"><em>\u201cExcellente occasion de conna\u00eetre les r\u00e9gions o\u00f9 nous envoyons nos invit\u00e9s.\u201d<\/em> -\u00a0<strong>Enriques Cardenas, Sandbourne Santa Monica<\/strong> <strong>Santa Monica<\/strong><\/p>\n<\/div>\n\n\n\n<div class=\"wp-block-column is-layout-flow wp-block-column-is-layout-flow base-block\">\n<p class=\"base-block\"><em>\u201cC'\u00e9tait une excellente source d'information pour les visiteurs et les r\u00e9sidents du comt\u00e9 de Los Angeles. C'\u00e9tait vraiment une fa\u00e7on fantastique et amusante d'en apprendre plus sur la ville de Santa Monica\u201d.\u201d<\/em> -&nbsp;<strong>David Garcia, Holiday Inn<\/strong><\/p>\n<\/div>\n<\/div>\n\n\n\n<div class=\"wp-block-columns is-layout-flex wp-container-core-columns-is-layout-28f84493 wp-block-columns-is-layout-flex base-block\">\n<div class=\"wp-block-column is-layout-flow wp-block-column-is-layout-flow base-block\">\n<p class=\"base-block\"><em>\u201cEnvoyer notre \u00e9quipe \u00e0 \u201cI am Santa Monica\u201d n'\u00e9tait pas seulement \u00e9ducatif, mais aussi amusant. C'est une introduction fantastique \u00e0 la ville et \u00e0 l'histoire qui l'entoure. Cet atelier nous permet de promouvoir Santa Monica avec enthousiasme et connaissance aupr\u00e8s de nos visiteurs du monde entier !\u201d<\/em>&nbsp;- <strong>Christina Maranon, H\u00f4tel Shore<\/strong><\/p>\n<\/div>\n\n\n\n<div class=\"wp-block-column is-layout-flow wp-block-column-is-layout-flow base-block\">\n<p class=\"base-block\"><em>\u201cCe serait excellent pour le personnel de mon bureau qui travaille beaucoup avec le public et les clients autres que ceux de Santa Monica.\u201d<\/em> - <strong>Donn Umber, D\u00e9partement de police de Santa Monica<\/strong><\/p>\n<\/div>\n\n\n\n<div class=\"wp-block-column is-layout-flow wp-block-column-is-layout-flow base-block\">\n<p class=\"base-block\"><em>\u201cLa discussion sur le service \u00e0 la client\u00e8le a \u00e9t\u00e9 tr\u00e8s efficace et est venue du c\u0153ur. Il est tr\u00e8s important d'\u00eatre positif, de mettre les gens \u00e0 l'aise et d'anticiper leurs besoins.\u201d<\/em> -&nbsp;<strong>Carrie Weil, Maguire Properties<\/strong><\/p>\n<\/div>\n\n\n\n<div class=\"wp-block-column is-layout-flow wp-block-column-is-layout-flow base-block\">\n<p class=\"base-block\"><em>\u201cCe programme vous aide \u00e0 trouver votre chemin si vous n'avez pas d'informations sur Santa Monica. Je ne savais rien de Santa Monica, mais maintenant je sais beaucoup de choses et je commence \u00e0 me plaire ici !\u201d<\/em> -&nbsp;<strong>Tugce Cakir, employ\u00e9 international, Pacific Park<\/strong><\/p>\n<\/div>\n<\/div>\n\n\n\n<div class=\"wp-block-columns is-layout-flex wp-container-core-columns-is-layout-28f84493 wp-block-columns-is-layout-flex base-block\">\n<div class=\"wp-block-column is-layout-flow wp-block-column-is-layout-flow base-block\">\n<h4 class=\"wp-block-heading base-block\">S'inscrire<\/h4>\n\n\n\n<p class=\"base-block\"><a href=\"https:\/\/www.santamonica.com\/fr\/je-suis-santa-monica\/sinscrire\/\">Inscrivez vous ou votre \u00e9quipe<\/a> maintenant \u00e0 l'atelier gratuit \"I Am Santa Monica\", organis\u00e9 par Santa Monica Travel &amp; Tourism.<\/p>\n<\/div>\n\n\n\n<div class=\"wp-block-column is-layout-flow wp-block-column-is-layout-flow base-block\">\n<h4 class=\"wp-block-heading base-block\">Demande de r\u00e9union<\/h4>\n\n\n\n<p class=\"base-block\"><a href=\"https:\/\/www.santamonica.com\/fr\/je-suis-santa-monica\/demande-de-reunion\/\">Accueillir un atelier \"Je suis Santa Monica<\/a> dans votre entreprise. Des sessions de formation hors site sont disponibles pour des groupes d'un minimum de 20 personnes.<\/p>\n<\/div>\n\n\n\n<div class=\"wp-block-column is-layout-flow wp-block-column-is-layout-flow base-block\">\n<h4 class=\"wp-block-heading base-block\">Prix du tourisme<\/h4>\n\n\n\n<p class=\"base-block\">Chaque ann\u00e9e, nous mettons \u00e0 l'honneur certains employ\u00e9s en les nommant pour le prix de l'innovation de l'Union europ\u00e9enne. <a href=\"https:\/\/www.santamonica.com\/fr\/prix-de-lesprit\/\">Prix Thelma Parks de l'esprit touristique<\/a>.<\/p>\n<\/div>\n\n\n\n<div class=\"wp-block-column is-layout-flow wp-block-column-is-layout-flow base-block\">\n<h4 class=\"wp-block-heading base-block\">\u00c9largir mon champ d'action<\/h4>\n\n\n\n<p class=\"base-block\"><a href=\"https:\/\/www.santamonica.com\/fr\/je-suis-santa-monica\/votre-destination\/\">Cr\u00e9ez votre propre \u201cJe suis\u201d<\/a> con\u00e7u pour \u00e9duquer et informer les entreprises et les employ\u00e9s qui vivent et travaillent dans votre destination.<\/p>\n<\/div>\n<\/div>","protected":false},"excerpt":{"rendered":"<p>&#8220;Highly informative with useful information for hospitality workers who don&#8217;t live or are not familiar with Santa Monica.&#8221; &#8211; Claudio Henrique, The Ambrose Hotel &#8220;It would be a great idea [&hellip;]<\/p>\n","protected":false},"author":1421,"featured_media":336928,"parent":0,"menu_order":0,"comment_status":"closed","ping_status":"closed","template":"template-editorial.php","meta":{"_acf_changed":false,"inline_featured_image":false,"footnotes":""},"silos":[3922],"class_list":["post-345236","page","type-page","status-publish","has-post-thumbnail","hentry"],"acf":[],"_links":{"self":[{"href":"https:\/\/www.santamonica.com\/fr\/wp-json\/wp\/v2\/pages\/345236","targetHints":{"allow":["GET"]}}],"collection":[{"href":"https:\/\/www.santamonica.com\/fr\/wp-json\/wp\/v2\/pages"}],"about":[{"href":"https:\/\/www.santamonica.com\/fr\/wp-json\/wp\/v2\/types\/page"}],"author":[{"embeddable":true,"href":"https:\/\/www.santamonica.com\/fr\/wp-json\/wp\/v2\/users\/1421"}],"replies":[{"embeddable":true,"href":"https:\/\/www.santamonica.com\/fr\/wp-json\/wp\/v2\/comments?post=345236"}],"version-history":[{"count":10,"href":"https:\/\/www.santamonica.com\/fr\/wp-json\/wp\/v2\/pages\/345236\/revisions"}],"predecessor-version":[{"id":365188,"href":"https:\/\/www.santamonica.com\/fr\/wp-json\/wp\/v2\/pages\/345236\/revisions\/365188"}],"wp:featuredmedia":[{"embeddable":true,"href":"https:\/\/www.santamonica.com\/fr\/wp-json\/wp\/v2\/media\/336928"}],"wp:attachment":[{"href":"https:\/\/www.santamonica.com\/fr\/wp-json\/wp\/v2\/media?parent=345236"}],"wp:term":[{"taxonomy":"silos","embeddable":true,"href":"https:\/\/www.santamonica.com\/fr\/wp-json\/wp\/v2\/silos?post=345236"}],"curies":[{"name":"wp","href":"https:\/\/api.w.org\/{rel}","templated":true}]}}