{"id":345210,"date":"2022-07-14T14:13:00","date_gmt":"2022-07-14T21:13:00","guid":{"rendered":"https:\/\/www.santamonica.com\/?page_id=345210"},"modified":"2024-08-16T12:43:19","modified_gmt":"2024-08-16T19:43:19","slug":"votre-destination","status":"publish","type":"page","link":"https:\/\/www.santamonica.com\/fr\/i-am-santa-monica\/your-destination\/","title":{"rendered":"Je suis votre destination"},"content":{"rendered":"<section class=\"sun-title sm-block --theme6 --2col sm-block\">\n            <h2 class=\"sun-title__headline\">Qu'est-ce que \u201cJe suis votre destination\u201d et quels sont ses avantages ?<\/h2>    \n            <div class=\"sun-title__body  --2col wysiwyg\">\n                    <div class=\"column-1\">\n                <ul>\n<li style=\"font-weight: 400;\" aria-level=\"1\"><span style=\"font-weight: 400;\">Un programme de formation interactif et personnalisable con\u00e7u pour l'industrie du tourisme et de l'h\u00f4tellerie.<\/span><\/li>\n<li style=\"font-weight: 400;\" aria-level=\"1\"><span style=\"font-weight: 400;\">Il permet de familiariser les destinations avec les messages de votre marque, directement aupr\u00e8s des employ\u00e9s au service des visiteurs, notamment les principales parties prenantes, les employ\u00e9s de l'h\u00f4tellerie de premi\u00e8re ligne et les b\u00e9n\u00e9voles.<\/span><\/li>\n<li style=\"font-weight: 400;\" aria-level=\"1\"><span style=\"font-weight: 400;\">Positionne votre DMO comme \u201cla\u201d source d'information touristique sur la marque de votre destination.<\/span><\/li>\n<li style=\"font-weight: 400;\" aria-level=\"1\"><span style=\"font-weight: 400;\">Engage tous les niveaux de la communaut\u00e9, du personnel de s\u00e9curit\u00e9 aux leaders civiques, en passant par l'\u00e9ducation, les entreprises et les organisations \u00e0 but non lucratif.<\/span><\/li>\n<li style=\"font-weight: 400;\" aria-level=\"1\"><span style=\"font-weight: 400;\">Cr\u00e9er des \u201cd\u00e9fenseurs du tourisme\u201d qui disposent d'informations sur la destination.<\/span><\/li>\n<li style=\"font-weight: 400;\" aria-level=\"1\"><span style=\"font-weight: 400;\">D\u00e9veloppe une synergie et une communication permanentes avec les dipl\u00f4m\u00e9s du programme.<\/span><\/li>\n<li>Un format \u00e9prouv\u00e9 et des modules de formation cr\u00e9\u00e9s pour les DMO par un DMO, et disponibles en classe uniquement, en format num\u00e9rique uniquement, ou en format combin\u00e9 classe\/num\u00e9rique.<\/li>\n<li>Facile \u00e0 adapter \u00e0 chaque ville ou comt\u00e9, il est rentable et comprend une consultation et une assistance \u00e0 la mise en place.<\/li>\n<\/ul>\n                            <\/div>\n            <div class=\"column-2\">\n                <p><strong>Participants r\u00e9cents \u00e0 l'action \u201cJe suis votre destination<\/strong><\/p>\n<p><span style=\"font-weight: 400;\">Pr\u00e8s de 2 500 employ\u00e9s de l'h\u00f4tellerie de Santa Monica sont form\u00e9s \u00e0 la marque de la destination. Rejoignez d'autres destinations \u201cI Am\u201d, notamment<\/span><\/p>\n<ul>\n<li style=\"font-weight: 400;\" aria-level=\"1\"><span style=\"font-weight: 400;\">CVB du comt\u00e9 de Macon-Bibb<\/span><\/li>\n<li style=\"font-weight: 400;\" aria-level=\"1\"><span style=\"font-weight: 400;\">Visiter Oakland<\/span><\/li>\n<li style=\"font-weight: 400;\" aria-level=\"1\"><span style=\"font-weight: 400;\">Visiter Newport Beach<\/span><\/li>\n<li style=\"font-weight: 400;\" aria-level=\"1\"><span style=\"font-weight: 400;\">Visiter West Hollywood<\/span><\/li>\n<li aria-level=\"1\">CVB du Grand Ontario<\/li>\n<li style=\"font-weight: 400;\" aria-level=\"1\"><span style=\"font-weight: 400;\">Visiter Santa Barbara<\/span><\/li>\n<li aria-level=\"1\">CVB Fargo-Moorhead<\/li>\n<li style=\"font-weight: 400;\" aria-level=\"1\"><span style=\"font-weight: 400;\">Visiter la Tri-Valley<\/span><\/li>\n<\/ul>\n<p><!-- wp:paragraph --><\/p>\n<p><!-- \/wp:paragraph --><\/p>\n                            <\/div>\n            <\/div>\n    <\/section>\n\n\n\n<figure class=\"wp-block-image aligncenter size-large base-block\"><img decoding=\"async\" width=\"1024\" height=\"307\" src=\"https:\/\/www.santamonica.com\/wp-content\/uploads\/2022\/09\/I-Am-Your-Destination-Logo-Horizontal-1024x307.png\" alt=\"Logo &quot;Je suis votre destination&quot;.\" class=\"wp-image-361265\" title=\"\" srcset=\"https:\/\/www.santamonica.com\/wp-content\/uploads\/2022\/09\/I-Am-Your-Destination-Logo-Horizontal-1024x307.png 1024w, https:\/\/www.santamonica.com\/wp-content\/uploads\/2022\/09\/I-Am-Your-Destination-Logo-Horizontal-300x90.png 300w, https:\/\/www.santamonica.com\/wp-content\/uploads\/2022\/09\/I-Am-Your-Destination-Logo-Horizontal-270x81.png 270w, https:\/\/www.santamonica.com\/wp-content\/uploads\/2022\/09\/I-Am-Your-Destination-Logo-Horizontal-768x230.png 768w, https:\/\/www.santamonica.com\/wp-content\/uploads\/2022\/09\/I-Am-Your-Destination-Logo-Horizontal-1536x461.png 1536w, https:\/\/www.santamonica.com\/wp-content\/uploads\/2022\/09\/I-Am-Your-Destination-Logo-Horizontal.png 2000w\" sizes=\"(max-width: 1024px) 100vw, 1024px\" \/><\/figure>\n\n\n<\/figure>\n\n<section class=\"sun-title sm-block --theme6 --2col sm-block\">\n            <h2 class=\"sun-title__headline\">\u00c9couter les destinations qui utilisent \u201cI Am Your Destination\u201d (Je suis votre destination)\u201d<\/h2>    \n            <div class=\"sun-title__body  --2col wysiwyg\">\n                    <div class=\"column-1\">\n                <p>\u201cNous avons toujours su que nos \u00e9quipes d'accueil locales \u00e9taient les meilleurs ambassadeurs de la Tri-Valley. Gr\u00e2ce au programme I Am, nous avons pu former et divertir nos h\u00f4tes de premi\u00e8re ligne et les faire adh\u00e9rer \u00e0 notre mission, qui est de faire revenir les visiteurs dans la Tri-Valley, encore et encore.\u201d<\/p>\n<p><!-- \/wp:paragraph --> <!-- wp:paragraph --><\/p>\n<p>\u2013 <em>Robin Fahr, directeur du marketing et de la communication, Visit Tri-Valley<\/em><\/p>\n<p><!-- \/wp:paragraph --> <!-- wp:paragraph --><\/p>\n<p>\u201cLe programme \u201dJe suis Santa Monica\" s'est r\u00e9v\u00e9l\u00e9 \u00eatre un outil pr\u00e9cieux pour l'ensemble de mon personnel. Ceux qui vivent et travaillent dans cette ville depuis des ann\u00e9es sont sortis de l'atelier en ayant appris quelque chose de nouveau sur cette grande ville et sur la mani\u00e8re de mieux aider nos visiteurs.\"<\/p>\n<p><!-- \/wp:paragraph --> <!-- wp:paragraph --><\/p>\n<p>\u2013 <em>Timothy Jackman, Chef \u00e0 la retraite, D\u00e9partement de police de Santa Monica<\/em><\/p>\n                            <\/div>\n            <div class=\"column-2\">\n                <p><!-- wp:paragraph --><\/p>\n<p class=\"p1\">\u201cLe programme d'ambassadeurs I Am West Hollywood apprend aux propri\u00e9taires d'entreprises de West Hollywood et \u00e0 leurs employ\u00e9s \u00e0 conna\u00eetre West Hollywood et tout ce qu'elle a \u00e0 offrir. Depuis son lancement en septembre 2014, I Am West Hollywood a form\u00e9 pr\u00e8s de 200 ambassadeurs, leur donnant des outils qu'ils peuvent utiliser pour mieux \u00e9duquer les visiteurs sur West Hollywood et repr\u00e9senter la ville dans leur travail et leur vie personnelle. Je suis tr\u00e8s fi\u00e8re de faire partie de ce programme \u00e9tonnant et florissant.\u201d<\/p>\n<p class=\"p1\">\u2013 <i>Erin Hennessay, responsable marketing, Visit West Hollywood<\/i><\/p>\n<p><!-- \/wp:paragraph --><\/p>\n                            <\/div>\n            <\/div>\n    <\/section>","protected":false},"excerpt":{"rendered":"","protected":false},"author":1421,"featured_media":336928,"parent":0,"menu_order":0,"comment_status":"closed","ping_status":"closed","template":"template-editorial.php","meta":{"_acf_changed":false,"inline_featured_image":false,"footnotes":""},"silos":[3922],"class_list":["post-345210","page","type-page","status-publish","has-post-thumbnail","hentry"],"acf":[],"_links":{"self":[{"href":"https:\/\/www.santamonica.com\/fr\/wp-json\/wp\/v2\/pages\/345210","targetHints":{"allow":["GET"]}}],"collection":[{"href":"https:\/\/www.santamonica.com\/fr\/wp-json\/wp\/v2\/pages"}],"about":[{"href":"https:\/\/www.santamonica.com\/fr\/wp-json\/wp\/v2\/types\/page"}],"author":[{"embeddable":true,"href":"https:\/\/www.santamonica.com\/fr\/wp-json\/wp\/v2\/users\/1421"}],"replies":[{"embeddable":true,"href":"https:\/\/www.santamonica.com\/fr\/wp-json\/wp\/v2\/comments?post=345210"}],"version-history":[{"count":97,"href":"https:\/\/www.santamonica.com\/fr\/wp-json\/wp\/v2\/pages\/345210\/revisions"}],"predecessor-version":[{"id":427945,"href":"https:\/\/www.santamonica.com\/fr\/wp-json\/wp\/v2\/pages\/345210\/revisions\/427945"}],"wp:featuredmedia":[{"embeddable":true,"href":"https:\/\/www.santamonica.com\/fr\/wp-json\/wp\/v2\/media\/336928"}],"wp:attachment":[{"href":"https:\/\/www.santamonica.com\/fr\/wp-json\/wp\/v2\/media?parent=345210"}],"wp:term":[{"taxonomy":"silos","embeddable":true,"href":"https:\/\/www.santamonica.com\/fr\/wp-json\/wp\/v2\/silos?post=345210"}],"curies":[{"name":"wp","href":"https:\/\/api.w.org\/{rel}","templated":true}]}}