{"id":345205,"date":"2022-07-14T13:56:11","date_gmt":"2022-07-14T20:56:11","guid":{"rendered":"https:\/\/www.santamonica.com\/?page_id=345205"},"modified":"2023-10-30T17:34:07","modified_gmt":"2023-10-31T00:34:07","slug":"sinscrire","status":"publish","type":"page","link":"https:\/\/www.santamonica.com\/fr\/i-am-santa-monica\/enroll\/","title":{"rendered":"Je suis Santa Monica - Inscription"},"content":{"rendered":"<div class=\"wp-block-columns is-layout-flex wp-container-core-columns-is-layout-28f84493 wp-block-columns-is-layout-flex base-block\">\n<div class=\"wp-block-column is-layout-flow wp-block-column-is-layout-flow base-block\">\n<h4 class=\"wp-block-heading base-block\">\u00c0 propos de Je suis<\/h4>\n\n\n\n<p class=\"base-block\">En savoir plus sur la <a href=\"https:\/\/www.santamonica.com\/fr\/je-suis-santa-monica\/\">Atelier \"Je suis Santa Monica<\/a>. D\u00e9couvrez comment le programme peut aider les entreprises et les employ\u00e9s \u00e0 mieux conna\u00eetre la ville dans laquelle ils travaillent et vivent.<\/p>\n<\/div>\n\n\n\n<div class=\"wp-block-column is-layout-flow wp-block-column-is-layout-flow base-block\">\n<h4 class=\"wp-block-heading base-block\">Prix du tourisme<\/h4>\n\n\n\n<p class=\"base-block\">Chaque ann\u00e9e, nous mettons \u00e0 l'honneur certains employ\u00e9s en les nommant pour le prix de l'innovation de l'Union europ\u00e9enne. <a href=\"https:\/\/www.santamonica.com\/fr\/prix-de-lesprit\/\">Prix Thelma Parks de l'esprit touristique<\/a>.<\/p>\n<\/div>\n\n\n\n<div class=\"wp-block-column is-layout-flow wp-block-column-is-layout-flow base-block\">\n<h4 class=\"wp-block-heading base-block\">T\u00e9moignages<\/h4>\n\n\n\n<p class=\"base-block\"><a href=\"https:\/\/www.santamonica.com\/fr\/je-suis-santa-monica\/temoignages\/\">\u00c9couter les ambassadeurs de l'information \"Je suis Santa Monica\".<\/a> qui partagent leurs exp\u00e9riences et les avantages du programme I Am.<\/p>\n<\/div>\n\n\n\n<div class=\"wp-block-column is-layout-flow wp-block-column-is-layout-flow base-block\">\n<h4 class=\"wp-block-heading base-block\">\u00c9largir mon champ d'action<\/h4>\n\n\n\n<p class=\"base-block\"><a href=\"https:\/\/www.santamonica.com\/fr\/je-suis-santa-monica\/votre-destination\/\">Cr\u00e9ez votre propre \u201cJe suis\u201d <\/a>con\u00e7u pour \u00e9duquer et informer les entreprises et les employ\u00e9s qui vivent et travaillent dans votre destination.<\/p>\n<\/div>\n<\/div>\n\n\n\n<figure class=\"wp-block-image aligncenter size-large is-resized base-block\"><img decoding=\"async\" src=\"https:\/\/www.santamonica.com\/wp-content\/uploads\/2023\/10\/I-Am-SM-Logo-Horiz_BLACK-1024x406.png\" alt=\"\" class=\"wp-image-394504\" width=\"414\" height=\"164\" title=\"\" srcset=\"https:\/\/www.santamonica.com\/wp-content\/uploads\/2023\/10\/I-Am-SM-Logo-Horiz_BLACK-1024x406.png 1024w, https:\/\/www.santamonica.com\/wp-content\/uploads\/2023\/10\/I-Am-SM-Logo-Horiz_BLACK-300x119.png 300w, https:\/\/www.santamonica.com\/wp-content\/uploads\/2023\/10\/I-Am-SM-Logo-Horiz_BLACK-270x107.png 270w, https:\/\/www.santamonica.com\/wp-content\/uploads\/2023\/10\/I-Am-SM-Logo-Horiz_BLACK-768x304.png 768w, https:\/\/www.santamonica.com\/wp-content\/uploads\/2023\/10\/I-Am-SM-Logo-Horiz_BLACK-1536x609.png 1536w, https:\/\/www.santamonica.com\/wp-content\/uploads\/2023\/10\/I-Am-SM-Logo-Horiz_BLACK-2048x812.png 2048w\" sizes=\"(max-width: 414px) 100vw, 414px\" \/><\/figure>\n\n\n<\/figure>","protected":false},"excerpt":{"rendered":"<p>About I Am Learn more about the I Am Santa Monica Workshop. See how the program can help businesses &amp; employees learn more about the city they work &amp; live [&hellip;]<\/p>\n","protected":false},"author":1421,"featured_media":349572,"parent":0,"menu_order":0,"comment_status":"closed","ping_status":"closed","template":"template-editorial.php","meta":{"_acf_changed":false,"inline_featured_image":false,"footnotes":""},"silos":[3922],"class_list":["post-345205","page","type-page","status-publish","has-post-thumbnail","hentry"],"acf":[],"_links":{"self":[{"href":"https:\/\/www.santamonica.com\/fr\/wp-json\/wp\/v2\/pages\/345205","targetHints":{"allow":["GET"]}}],"collection":[{"href":"https:\/\/www.santamonica.com\/fr\/wp-json\/wp\/v2\/pages"}],"about":[{"href":"https:\/\/www.santamonica.com\/fr\/wp-json\/wp\/v2\/types\/page"}],"author":[{"embeddable":true,"href":"https:\/\/www.santamonica.com\/fr\/wp-json\/wp\/v2\/users\/1421"}],"replies":[{"embeddable":true,"href":"https:\/\/www.santamonica.com\/fr\/wp-json\/wp\/v2\/comments?post=345205"}],"version-history":[{"count":20,"href":"https:\/\/www.santamonica.com\/fr\/wp-json\/wp\/v2\/pages\/345205\/revisions"}],"predecessor-version":[{"id":394523,"href":"https:\/\/www.santamonica.com\/fr\/wp-json\/wp\/v2\/pages\/345205\/revisions\/394523"}],"wp:featuredmedia":[{"embeddable":true,"href":"https:\/\/www.santamonica.com\/fr\/wp-json\/wp\/v2\/media\/349572"}],"wp:attachment":[{"href":"https:\/\/www.santamonica.com\/fr\/wp-json\/wp\/v2\/media?parent=345205"}],"wp:term":[{"taxonomy":"silos","embeddable":true,"href":"https:\/\/www.santamonica.com\/fr\/wp-json\/wp\/v2\/silos?post=345205"}],"curies":[{"name":"wp","href":"https:\/\/api.w.org\/{rel}","templated":true}]}}