{"id":345148,"date":"2022-07-13T17:14:38","date_gmt":"2022-07-14T00:14:38","guid":{"rendered":"https:\/\/www.santamonica.com\/?page_id=345148"},"modified":"2025-12-09T08:27:35","modified_gmt":"2025-12-09T16:27:35","slug":"je-suis-santa-monica","status":"publish","type":"page","link":"https:\/\/www.santamonica.com\/fr\/i-am-santa-monica\/","title":{"rendered":"Je suis Santa Monica"},"content":{"rendered":"<section class=\"two-images container-max sm-block  sm-block\">\n    <div class=\"two-images__container\">\n\n        <div class=\"two-images__column\">\n            <div class=\"two-images__content\">\n                <div class=\"two-images__content-header-container\">\n                                            <h2 class=\"two-images__content-header\">Se donner les moyens d'agir<\/h2>                                    <\/div>\n                                    <div class=\"two-images__content-body wysiwyg\">\n                        <p><span style=\"font-weight: 400;\">Dirigez votre \u00e9quipe en participant \u00e0 un atelier gratuit et \u00e0 une visite de Santa Monica et devenez un ambassadeur de l'information. Il est important de se rappeler que plus nous aidons les visiteurs pendant leur s\u00e9jour, plus ils seront heureux pendant leur s\u00e9jour. Les clients heureux d\u00e9pensent plus d'argent !<\/span><\/p>\n<p><span style=\"font-weight: 400;\">Voici pourquoi <\/span><a href=\"https:\/\/santamonicatraveltourism.formstack.com\/forms\/i_am_santa_monica\" target=\"_blank\" rel=\"noopener\"><span style=\"font-weight: 400;\"><strong>s'inscrire maintenant<\/strong>!<\/span><\/a><\/p>\n<ul>\n<li>Atelier gratuit et visite en bus<\/li>\n<li>S'informer sur Santa Monica<\/li>\n<li>Apprendre des faits amusants et des ressources pr\u00e9cieuses \u00e0 partager avec les clients et les consommateurs<\/li>\n<li>Connectez-vous avec la communaut\u00e9 dans laquelle vous travaillez<\/li>\n<li>Recevoir un certificat attestant de l'ach\u00e8vement du cours et l'inclure dans votre CV<\/li>\n<li>En savoir plus sur le d\u00e9veloppement durable, les options de transport local, les ressources disponibles pour les sans-abri, etc.<\/li>\n<li>En savoir plus sur les possibilit\u00e9s de volontariat \u00e0 Santa Monica<\/li>\n<\/ul>\n                    <\/div>\n                                            <\/div>\n        <\/div>\n\n        <div class=\"two-images__column\">\n                            <div class=\"two-images__image-container\">\n                    <img decoding=\"async\" width=\"424\" height=\"504\" src=\"https:\/\/www.santamonica.com\/wp-content\/uploads\/2022\/07\/Carlos-Bakery-Employee424x504-e1658448873692.png\" class=\"two-images__image\" alt=\"Employ\u00e9 de la boulangerie Carlos\" loading=\"lazy\" srcset=\"https:\/\/www.santamonica.com\/wp-content\/uploads\/2022\/07\/Carlos-Bakery-Employee424x504-e1658448873692.png 424w, https:\/\/www.santamonica.com\/wp-content\/uploads\/2022\/07\/Carlos-Bakery-Employee424x504-e1658448873692-252x300.png 252w, https:\/\/www.santamonica.com\/wp-content\/uploads\/2022\/07\/Carlos-Bakery-Employee424x504-e1658448873692-126x150.png 126w\" sizes=\"auto, (max-width: 424px) 100vw, 424px\" title=\"\">                    \n\n                <\/div>\n                    <\/div>\n\n        <div class=\"two-images__column\">\n                            <div class=\"two-images__image-container\">\n                    <img decoding=\"async\" width=\"424\" height=\"504\" src=\"https:\/\/www.santamonica.com\/wp-content\/uploads\/2022\/07\/Hot-Dog-on-a-Stick-Employee-424x504-1-e1658449364260.png\" class=\"two-images__image\" alt=\"Employ\u00e9 du hot-dog sur b\u00e2tonnet\" loading=\"lazy\" srcset=\"https:\/\/www.santamonica.com\/wp-content\/uploads\/2022\/07\/Hot-Dog-on-a-Stick-Employee-424x504-1-e1658449364260.png 424w, https:\/\/www.santamonica.com\/wp-content\/uploads\/2022\/07\/Hot-Dog-on-a-Stick-Employee-424x504-1-e1658449364260-252x300.png 252w, https:\/\/www.santamonica.com\/wp-content\/uploads\/2022\/07\/Hot-Dog-on-a-Stick-Employee-424x504-1-e1658449364260-126x150.png 126w\" sizes=\"auto, (max-width: 424px) 100vw, 424px\" title=\"\">                    \n\n                <\/div>\n                    <\/div>\n\n    <\/div>\n<\/section>\n\n\n\n<section class=\"two-images container-max sm-block --flip sm-block\">\n    <div class=\"two-images__container --flip\">\n\n        <div class=\"two-images__column\">\n            <div class=\"two-images__content\">\n                <div class=\"two-images__content-header-container\">\n                                            <h2 class=\"two-images__content-header\">Responsabiliser les employ\u00e9s<\/h2>                                    <\/div>\n                                    <div class=\"two-images__content-body wysiwyg\">\n                        <p><span style=\"font-weight: 400;\">Un atelier gratuit de 2 heures <\/span>L'atelier interactif et la visite de Santa Monica permettent d'enseigner et d'\u00e9duquer les employ\u00e9s sur Santa Monica, en mettant l'accent sur le service \u00e0 la client\u00e8le et l'hospitalit\u00e9. Les personnes form\u00e9es deviennent des \u201cambassadeurs officiels de l'information\u201d et disposent de faits, de chiffres et d'anecdotes amusantes sur Santa Monica qu'ils peuvent utiliser dans leurs relations avec les clients.<\/p>\n<p><span style=\"font-weight: 400;\">Voici pourquoi <\/span><a href=\"https:\/\/santamonicatraveltourism.formstack.com\/forms\/i_am_santa_monica\" target=\"_blank\" rel=\"noopener\"><span style=\"font-weight: 400;\"><strong>s'inscrire maintenant<\/strong>!<\/span><\/a><\/p>\n<ul>\n<li>Atelier gratuit et visite en bus<\/li>\n<li>Mieux conna\u00eetre Santa Monica pour mieux servir nos clients et la communaut\u00e9<\/li>\n<li>Apprendre des faits amusants et des ressources pr\u00e9cieuses \u00e0 partager avec les clients et les consommateurs<\/li>\n<li>Connectez-vous avec la communaut\u00e9 dans laquelle vous travaillez<\/li>\n<li>En savoir plus sur le d\u00e9veloppement durable, les options de transport local, les ressources disponibles pour les sans-abri, etc.<\/li>\n<li>En savoir plus sur les possibilit\u00e9s de volontariat \u00e0 Santa Monica<\/li>\n<\/ul>\n                    <\/div>\n                                            <\/div>\n        <\/div>\n\n        <div class=\"two-images__column\">\n                            <div class=\"two-images__image-container\">\n                    <img decoding=\"async\" width=\"424\" height=\"504\" src=\"https:\/\/www.santamonica.com\/wp-content\/uploads\/2022\/07\/Cheese-Shop-Employee-424x504-1-e1658449346603.png\" class=\"two-images__image\" alt=\"Employ\u00e9 du Cheese Shop\" loading=\"lazy\" srcset=\"https:\/\/www.santamonica.com\/wp-content\/uploads\/2022\/07\/Cheese-Shop-Employee-424x504-1-e1658449346603.png 424w, https:\/\/www.santamonica.com\/wp-content\/uploads\/2022\/07\/Cheese-Shop-Employee-424x504-1-e1658449346603-252x300.png 252w, https:\/\/www.santamonica.com\/wp-content\/uploads\/2022\/07\/Cheese-Shop-Employee-424x504-1-e1658449346603-126x150.png 126w\" sizes=\"auto, (max-width: 424px) 100vw, 424px\" title=\"\">                    \n\n                <\/div>\n                    <\/div>\n\n        <div class=\"two-images__column\">\n                            <div class=\"two-images__image-container\">\n                    <img decoding=\"async\" width=\"424\" height=\"504\" src=\"https:\/\/www.santamonica.com\/wp-content\/uploads\/2022\/07\/Coffee-Shop-Employee-424x504-1-e1658449324216.png\" class=\"two-images__image\" alt=\"Employ\u00e9 de caf\u00e9\" loading=\"lazy\" srcset=\"https:\/\/www.santamonica.com\/wp-content\/uploads\/2022\/07\/Coffee-Shop-Employee-424x504-1-e1658449324216.png 424w, https:\/\/www.santamonica.com\/wp-content\/uploads\/2022\/07\/Coffee-Shop-Employee-424x504-1-e1658449324216-252x300.png 252w, https:\/\/www.santamonica.com\/wp-content\/uploads\/2022\/07\/Coffee-Shop-Employee-424x504-1-e1658449324216-126x150.png 126w\" sizes=\"auto, (max-width: 424px) 100vw, 424px\" title=\"\">                    \n\n                <\/div>\n                    <\/div>\n\n    <\/div>\n<\/section>\n\n\n\n<div class=\"wp-block-columns is-layout-flex wp-container-core-columns-is-layout-28f84493 wp-block-columns-is-layout-flex base-block\">\n<div class=\"wp-block-column is-layout-flow wp-block-column-is-layout-flow base-block\">\n<h5 class=\"wp-block-heading base-block\">S'inscrire<\/h5>\n\n\n\n<p class=\"base-block\"><a href=\"https:\/\/santamonicatraveltourism.formstack.com\/forms\/i_am_santa_monica\" target=\"_blank\" rel=\"noreferrer noopener\">Inscrivez vous ou votre \u00e9quipe<\/a> maintenant dans l'atelier gratuit I Am Santa Monica, organis\u00e9 par SMTT.<\/p>\n<\/div>\n\n\n\n<div class=\"wp-block-column is-layout-flow wp-block-column-is-layout-flow base-block\">\n<h5 class=\"wp-block-heading base-block\">Demande de r\u00e9union<\/h5>\n\n\n\n<p class=\"base-block\"><a href=\"https:\/\/www.santamonica.com\/fr\/je-suis-santa-monica\/demande-de-reunion\/\">Accueillir un atelier \"Je suis Santa Monica<\/a> dans votre entreprise. Des sessions de formation hors site sont disponibles pour des groupes d'un minimum de 20 personnes.<\/p>\n<\/div>\n\n\n\n<div class=\"wp-block-column is-layout-flow wp-block-column-is-layout-flow base-block\">\n<h5 class=\"wp-block-heading base-block\">Prix du tourisme<\/h5>\n\n\n\n<p class=\"base-block\">Chaque ann\u00e9e, nous mettons \u00e0 l'honneur certains employ\u00e9s en les nommant pour le prix de l'innovation de l'Union europ\u00e9enne. <a href=\"https:\/\/www.santamonica.com\/fr\/prix-de-lesprit\/\">Prix Thelma Parks de l'esprit touristique<\/a>.<\/p>\n<\/div>\n\n\n\n<div class=\"wp-block-column is-layout-flow wp-block-column-is-layout-flow base-block\">\n<h5 class=\"wp-block-heading base-block\">T\u00e9moignages<\/h5>\n\n\n\n<p class=\"base-block\"><a href=\"https:\/\/www.santamonica.com\/fr\/je-suis-santa-monica\/temoignages\/\">\u00c9couter les ambassadeurs de l'information \"Je suis Santa Monica\".<\/a> en partageant leurs exp\u00e9riences et les avantages du programme Je suis...<\/p>\n<\/div>\n\n\n\n<div class=\"wp-block-column is-layout-flow wp-block-column-is-layout-flow base-block\">\n<h5 class=\"wp-block-heading base-block\">\u00c9largir mon champ d'action<\/h5>\n\n\n\n<p class=\"base-block\"><a href=\"https:\/\/www.santamonica.com\/fr\/je-suis-santa-monica\/votre-destination\/\">Cr\u00e9ez votre propre \u201cJe suis\u201d <\/a>con\u00e7u pour \u00e9duquer et informer les entreprises et les employ\u00e9s qui vivent et travaillent dans votre destination.<\/p>\n<\/div>\n<\/div>\n\n\n\n<figure class=\"wp-block-image aligncenter size-large is-resized base-block\"><img decoding=\"async\" width=\"1024\" height=\"406\" src=\"https:\/\/www.santamonica.com\/wp-content\/uploads\/2023\/10\/I-Am-SM-Logo-Horiz_BLACK-1024x406.png\" alt=\"\" class=\"wp-image-394504\" style=\"width:371px;height:148px\" title=\"\" srcset=\"https:\/\/www.santamonica.com\/wp-content\/uploads\/2023\/10\/I-Am-SM-Logo-Horiz_BLACK-1024x406.png 1024w, https:\/\/www.santamonica.com\/wp-content\/uploads\/2023\/10\/I-Am-SM-Logo-Horiz_BLACK-300x119.png 300w, https:\/\/www.santamonica.com\/wp-content\/uploads\/2023\/10\/I-Am-SM-Logo-Horiz_BLACK-270x107.png 270w, https:\/\/www.santamonica.com\/wp-content\/uploads\/2023\/10\/I-Am-SM-Logo-Horiz_BLACK-768x304.png 768w, https:\/\/www.santamonica.com\/wp-content\/uploads\/2023\/10\/I-Am-SM-Logo-Horiz_BLACK-1536x609.png 1536w, https:\/\/www.santamonica.com\/wp-content\/uploads\/2023\/10\/I-Am-SM-Logo-Horiz_BLACK-2048x812.png 2048w\" sizes=\"(max-width: 1024px) 100vw, 1024px\" \/><\/figure>\n\n\n<\/figure>","protected":false},"excerpt":{"rendered":"<p>Enroll Enroll yourself or your team now in the free I Am Santa Monica workshop, hosted by SMTT. Request Meeting Host an I Am Santa Monica workshop at your business. Offsite training sessions are available for groups with a minimum of 20 people. Tourism Award Every year, we honor specific employees by nominating them for the Thelma Parks Tourism Spirit Award. Testimonials Hear from I Am Santa Monica Information Ambassadors as they share their experiences and the benefits of the I Am program.. Expand I Am Create your own \u201cI Am\u201d program, designed to educate and inform businesses and employees [\u2026]<\/p>\n","protected":false},"author":1421,"featured_media":349569,"parent":0,"menu_order":0,"comment_status":"closed","ping_status":"closed","template":"template-editorial.php","meta":{"_acf_changed":false,"inline_featured_image":false,"footnotes":""},"silos":[],"class_list":["post-345148","page","type-page","status-publish","has-post-thumbnail","hentry"],"acf":[],"_links":{"self":[{"href":"https:\/\/www.santamonica.com\/fr\/wp-json\/wp\/v2\/pages\/345148","targetHints":{"allow":["GET"]}}],"collection":[{"href":"https:\/\/www.santamonica.com\/fr\/wp-json\/wp\/v2\/pages"}],"about":[{"href":"https:\/\/www.santamonica.com\/fr\/wp-json\/wp\/v2\/types\/page"}],"author":[{"embeddable":true,"href":"https:\/\/www.santamonica.com\/fr\/wp-json\/wp\/v2\/users\/1421"}],"replies":[{"embeddable":true,"href":"https:\/\/www.santamonica.com\/fr\/wp-json\/wp\/v2\/comments?post=345148"}],"version-history":[{"count":66,"href":"https:\/\/www.santamonica.com\/fr\/wp-json\/wp\/v2\/pages\/345148\/revisions"}],"predecessor-version":[{"id":778659,"href":"https:\/\/www.santamonica.com\/fr\/wp-json\/wp\/v2\/pages\/345148\/revisions\/778659"}],"wp:featuredmedia":[{"embeddable":true,"href":"https:\/\/www.santamonica.com\/fr\/wp-json\/wp\/v2\/media\/349569"}],"wp:attachment":[{"href":"https:\/\/www.santamonica.com\/fr\/wp-json\/wp\/v2\/media?parent=345148"}],"wp:term":[{"taxonomy":"silos","embeddable":true,"href":"https:\/\/www.santamonica.com\/fr\/wp-json\/wp\/v2\/silos?post=345148"}],"curies":[{"name":"wp","href":"https:\/\/api.w.org\/{rel}","templated":true}]}}