{"id":345131,"date":"2022-07-13T16:24:41","date_gmt":"2022-07-13T23:24:41","guid":{"rendered":"https:\/\/www.santamonica.com\/?page_id=345131"},"modified":"2022-07-26T23:23:26","modified_gmt":"2022-07-27T06:23:26","slug":"volontaire","status":"publish","type":"page","link":"https:\/\/www.santamonica.com\/fr\/partners\/volunteer\/","title":{"rendered":"Possibilit\u00e9s de b\u00e9n\u00e9volat"},"content":{"rendered":"<section class=\"simpleview-form-block sm-block\">\n        <h2 class=\"simpleview-form-block__heading\">\n                    <\/h2>\n    <div class=\"simpleview-form-block__form sm-form\">\n        <form action=\"\" method=\"post\" name=\"frm_141\" class=\"simpleForm\" onsubmit=\"return svcrm.formBuilderScripts.validateForm(this);\" data-trp-original-action=\"\">\r\n\t\t\t\t<input id=\"formid\" name=\"formid\" type=\"hidden\" value=\"141\">\r\n\t\t\t\t<input id=\"groupid\" name=\"groupid\" type=\"hidden\" value=\"16\">\r\n\t\t\t\t<input id=\"isSubmitted\" name=\"isSubmitted\" value=\"1\" type=\"hidden\">\r\n\t\t\t\t\r\n\t\t\t\t\r\n\t\t\t\t\t<h3>Informations sur le b\u00e9n\u00e9volat<\/h3>\r\n\t\t\t\t\t\r\n\t\t\t\t\t\t\t\t<div id=\"rowcontainer_contact_fname\" class=\"row\">\t\t\t\t\t\t\t\t\t\r\n\t\t\t\t\t\t\t\t\t\r\n\t\t\t\t\t\t\t\t\t\t<div id=\"labelcontainer_contact_fname\" class=\"medium-3 columns\">\r\n\t\t\t\t\t\t\t\t\t\t\t<div id=\"td_contact_fname\">\r\n\t\t\t\t\t\t\t\t\t\t\t\t<label id=\"label_contact_fname\" for=\"contact_fname\" class=\"formreq\">Pr\u00e9nom* :<\/label>\r\n\t\t\t\t\t\t\t\t\t\t\t\t\r\n\t\t\t\t\t\t\t\t\t\t\t<\/div>\r\n\t\t\t\t\t\t\t\t\t\t<\/div>\t\r\n\t\t\t\t\t\t\t\t\t\r\n\t\t\t\t\t\t\t\t\t<div id=\"fieldcontainer_contact_fname\" class=\"medium-9 columns\">\r\n\t\t\t\t\t\t\t\t\t\t\r\n\t\t\t\r\n\t\t\t<input class=\"\" id=\"contact_fname\" name=\"contact_fname\" type=\"text\" size=\"25\" value=\"\">\r\n\t\t\t\r\n\t\t\t\t\t\t\t\t\t<\/div>\t\t\t\t\t\t\t\t\t\r\n\t\t\t\t\t\t\t\t<\/div>\r\n\t\t\t\t\t\t\t\r\n\t\t\t\t\t\t\t\t<div id=\"rowcontainer_contact_lname\" class=\"row\">\t\t\t\t\t\t\t\t\t\r\n\t\t\t\t\t\t\t\t\t\r\n\t\t\t\t\t\t\t\t\t\t<div id=\"labelcontainer_contact_lname\" class=\"medium-3 columns\">\r\n\t\t\t\t\t\t\t\t\t\t\t<div id=\"td_contact_lname\">\r\n\t\t\t\t\t\t\t\t\t\t\t\t<label id=\"label_contact_lname\" for=\"contact_lname\" class=\"formreq\">Nom de famille* :<\/label>\r\n\t\t\t\t\t\t\t\t\t\t\t\t\r\n\t\t\t\t\t\t\t\t\t\t\t<\/div>\r\n\t\t\t\t\t\t\t\t\t\t<\/div>\t\r\n\t\t\t\t\t\t\t\t\t\r\n\t\t\t\t\t\t\t\t\t<div id=\"fieldcontainer_contact_lname\" class=\"medium-9 columns\">\r\n\t\t\t\t\t\t\t\t\t\t\r\n\t\t\t\r\n\t\t\t<input class=\"\" id=\"contact_lname\" name=\"contact_lname\" type=\"text\" size=\"25\" value=\"\">\r\n\t\t\t\r\n\t\t\t\t\t\t\t\t\t<\/div>\t\t\t\t\t\t\t\t\t\r\n\t\t\t\t\t\t\t\t<\/div>\r\n\t\t\t\t\t\t\t\r\n\t\t\t\t\t\t\t\t<div id=\"rowcontainer_contact_email\" class=\"row\">\t\t\t\t\t\t\t\t\t\r\n\t\t\t\t\t\t\t\t\t\r\n\t\t\t\t\t\t\t\t\t\t<div id=\"labelcontainer_contact_email\" class=\"medium-3 columns\">\r\n\t\t\t\t\t\t\t\t\t\t\t<div id=\"td_contact_email\">\r\n\t\t\t\t\t\t\t\t\t\t\t\t<label id=\"label_contact_email\" for=\"contact_email\" class=\"formreq\">Courriel* :<\/label>\r\n\t\t\t\t\t\t\t\t\t\t\t\t\r\n\t\t\t\t\t\t\t\t\t\t\t<\/div>\r\n\t\t\t\t\t\t\t\t\t\t<\/div>\t\r\n\t\t\t\t\t\t\t\t\t\r\n\t\t\t\t\t\t\t\t\t<div id=\"fieldcontainer_contact_email\" class=\"medium-9 columns\">\r\n\t\t\t\t\t\t\t\t\t\t\r\n\t\t\t\r\n\t\t\t<input class=\"\" id=\"contact_email\" name=\"contact_email\" type=\"text\" size=\"25\" value=\"\" onblur=\"svcrm.formBuilderScripts.checkEmail(this); \">\r\n\t\t\t\r\n\t\t\t\t\t\t\t\t\t<\/div>\t\t\t\t\t\t\t\t\t\r\n\t\t\t\t\t\t\t\t<\/div>\r\n\t\t\t\t\t\t\t\r\n\t\t\t\t\t\t\t\t<div id=\"rowcontainer_contact_phone\" class=\"row\">\t\t\t\t\t\t\t\t\t\r\n\t\t\t\t\t\t\t\t\t\r\n\t\t\t\t\t\t\t\t\t\t<div id=\"labelcontainer_contact_phone\" class=\"medium-3 columns\">\r\n\t\t\t\t\t\t\t\t\t\t\t<div id=\"td_contact_phone\">\r\n\t\t\t\t\t\t\t\t\t\t\t\t<label id=\"label_contact_phone\" for=\"contact_phone\" class=\"formreq\">Num\u00e9ro de t\u00e9l\u00e9phone* :<\/label>\r\n\t\t\t\t\t\t\t\t\t\t\t\t\r\n\t\t\t\t\t\t\t\t\t\t\t<\/div>\r\n\t\t\t\t\t\t\t\t\t\t<\/div>\t\r\n\t\t\t\t\t\t\t\t\t\r\n\t\t\t\t\t\t\t\t\t<div id=\"fieldcontainer_contact_phone\" class=\"medium-9 columns\">\r\n\t\t\t\t\t\t\t\t\t\t\r\n\t\t\t\r\n\t\t\t<input class=\"\" id=\"contact_phone\" name=\"contact_phone\" type=\"text\" size=\"25\" value=\"\" onblur=\"svcrm.formBuilderScripts.checkPhone(this); svcrm.formBuilderScripts.fmtPhone(this,'xxx-xxx-xxxx'); \">\r\n\t\t\t\r\n\t\t\t\t\t\t\t\t\t<\/div>\t\t\t\t\t\t\t\t\t\r\n\t\t\t\t\t\t\t\t<\/div>\r\n\t\t\t\t\t\t\t\r\n\t\t\t\t\t\t\t\t<div id=\"rowcontainer_contact_addr1\" class=\"row\">\t\t\t\t\t\t\t\t\t\r\n\t\t\t\t\t\t\t\t\t\r\n\t\t\t\t\t\t\t\t\t\t<div id=\"labelcontainer_contact_addr1\" class=\"medium-3 columns\">\r\n\t\t\t\t\t\t\t\t\t\t\t<div id=\"td_contact_addr1\">\r\n\t\t\t\t\t\t\t\t\t\t\t\t<label id=\"label_contact_addr1\" for=\"contact_addr1\" class=\"formreq\">Adresse* :<\/label>\r\n\t\t\t\t\t\t\t\t\t\t\t\t\r\n\t\t\t\t\t\t\t\t\t\t\t<\/div>\r\n\t\t\t\t\t\t\t\t\t\t<\/div>\t\r\n\t\t\t\t\t\t\t\t\t\r\n\t\t\t\t\t\t\t\t\t<div id=\"fieldcontainer_contact_addr1\" class=\"medium-9 columns\">\r\n\t\t\t\t\t\t\t\t\t\t\r\n\t\t\t\r\n\t\t\t<input class=\"\" id=\"contact_addr1\" name=\"contact_addr1\" type=\"text\" size=\"25\" value=\"\">\r\n\t\t\t\r\n\t\t\t\t\t\t\t\t\t<\/div>\t\t\t\t\t\t\t\t\t\r\n\t\t\t\t\t\t\t\t<\/div>\r\n\t\t\t\t\t\t\t\r\n\t\t\t\t\t\t\t\t<div id=\"rowcontainer_contact_city\" class=\"row\">\t\t\t\t\t\t\t\t\t\r\n\t\t\t\t\t\t\t\t\t\r\n\t\t\t\t\t\t\t\t\t\t<div id=\"labelcontainer_contact_city\" class=\"medium-3 columns\">\r\n\t\t\t\t\t\t\t\t\t\t\t<div id=\"td_contact_city\">\r\n\t\t\t\t\t\t\t\t\t\t\t\t<label id=\"label_contact_city\" for=\"contact_city\" class=\"formreq\">Ville* :<\/label>\r\n\t\t\t\t\t\t\t\t\t\t\t\t\r\n\t\t\t\t\t\t\t\t\t\t\t<\/div>\r\n\t\t\t\t\t\t\t\t\t\t<\/div>\t\r\n\t\t\t\t\t\t\t\t\t\r\n\t\t\t\t\t\t\t\t\t<div id=\"fieldcontainer_contact_city\" class=\"medium-9 columns\">\r\n\t\t\t\t\t\t\t\t\t\t\r\n\t\t\t\r\n\t\t\t<input class=\"\" id=\"contact_city\" name=\"contact_city\" type=\"text\" size=\"25\" value=\"\">\r\n\t\t\t\r\n\t\t\t\t\t\t\t\t\t<\/div>\t\t\t\t\t\t\t\t\t\r\n\t\t\t\t\t\t\t\t<\/div>\r\n\t\t\t\t\t\t\t\r\n\t\t\t\t\t\t\t\t<div id=\"rowcontainer_contact_state\" class=\"row\">\t\t\t\t\t\t\t\t\t\r\n\t\t\t\t\t\t\t\t\t\r\n\t\t\t\t\t\t\t\t\t\t<div id=\"labelcontainer_contact_state\" class=\"medium-3 columns\">\r\n\t\t\t\t\t\t\t\t\t\t\t<div id=\"td_contact_state\">\r\n\t\t\t\t\t\t\t\t\t\t\t\t<label id=\"label_contact_state\" for=\"contact_state\" class=\"formreq\">\u00c9tat* :<\/label>\r\n\t\t\t\t\t\t\t\t\t\t\t\t\r\n\t\t\t\t\t\t\t\t\t\t\t<\/div>\r\n\t\t\t\t\t\t\t\t\t\t<\/div>\t\r\n\t\t\t\t\t\t\t\t\t\r\n\t\t\t\t\t\t\t\t\t<div id=\"fieldcontainer_contact_state\" class=\"medium-9 columns\">\r\n\t\t\t\t\t\t\t\t\t\t\t\t\t\t\t\r\n\t\t\t\t\t<select class=\"\" id=\"contact_state\" name=\"contact_state\">\r\n\t\t\t\t\t<option value=\"\">-None-<\/option> \r\n\t\t\t\t\t<option value=\"**\">** - **<\/option>\r\n\t\t\t\t\t\r\n\t\t\t\t\t<option value=\"AB\">AB - Alberta<\/option>\r\n\t\t\t\t\t\r\n\t\t\t\t\t<option value=\"AK\">AK - Alaska<\/option>\r\n\t\t\t\t\t\r\n\t\t\t\t\t<option value=\"AL\">AL - Alabama<\/option>\r\n\t\t\t\t\t\r\n\t\t\t\t\t<option value=\"AR\">AR - Arkansas<\/option>\r\n\t\t\t\t\t\r\n\t\t\t\t\t<option value=\"AZ\">AZ - Arizona<\/option>\r\n\t\t\t\t\t\r\n\t\t\t\t\t<option value=\"BC\">BC - Colombie-Britannique<\/option>\r\n\t\t\t\t\t\r\n\t\t\t\t\t<option value=\"CA\">CA - Californie<\/option>\r\n\t\t\t\t\t\r\n\t\t\t\t\t<option value=\"CO\">CO - Colorado<\/option>\r\n\t\t\t\t\t\r\n\t\t\t\t\t<option value=\"CT\">CT - Connecticut<\/option>\r\n\t\t\t\t\t\r\n\t\t\t\t\t<option value=\"DC\">DC - District de Columbia<\/option>\r\n\t\t\t\t\t\r\n\t\t\t\t\t<option value=\"DE\">DE - Delaware<\/option>\r\n\t\t\t\t\t\r\n\t\t\t\t\t<option value=\"FL\">FL - Floride<\/option>\r\n\t\t\t\t\t\r\n\t\t\t\t\t<option value=\"GA\">GA - G\u00e9orgie<\/option>\r\n\t\t\t\t\t\r\n\t\t\t\t\t<option value=\"HI\">HI - Hawa\u00ef<\/option>\r\n\t\t\t\t\t\r\n\t\t\t\t\t<option value=\"IA\">IA - Iowa<\/option>\r\n\t\t\t\t\t\r\n\t\t\t\t\t<option value=\"ID\">ID - Idaho<\/option>\r\n\t\t\t\t\t\r\n\t\t\t\t\t<option value=\"IL\">IL - Illinois<\/option>\r\n\t\t\t\t\t\r\n\t\t\t\t\t<option value=\"IN\">IN - Indiana<\/option>\r\n\t\t\t\t\t\r\n\t\t\t\t\t<option value=\"KS\">KS - Kansas<\/option>\r\n\t\t\t\t\t\r\n\t\t\t\t\t<option value=\"KY\">KY - Kentucky<\/option>\r\n\t\t\t\t\t\r\n\t\t\t\t\t<option value=\"LA\">LA - Louisiane<\/option>\r\n\t\t\t\t\t\r\n\t\t\t\t\t<option value=\"MA\">MA - Massachusetts<\/option>\r\n\t\t\t\t\t\r\n\t\t\t\t\t<option value=\"MB\">MB - Manitoba<\/option>\r\n\t\t\t\t\t\r\n\t\t\t\t\t<option value=\"MD\">MD - Maryland<\/option>\r\n\t\t\t\t\t\r\n\t\t\t\t\t<option value=\"ME\">ME - Maine<\/option>\r\n\t\t\t\t\t\r\n\t\t\t\t\t<option value=\"MH\">MH - \u00celes Marshall<\/option>\r\n\t\t\t\t\t\r\n\t\t\t\t\t<option value=\"MI\">MI - Michigan<\/option>\r\n\t\t\t\t\t\r\n\t\t\t\t\t<option value=\"MN\">MN - Minnesota<\/option>\r\n\t\t\t\t\t\r\n\t\t\t\t\t<option value=\"MO\">MO - Missouri<\/option>\r\n\t\t\t\t\t\r\n\t\t\t\t\t<option value=\"MS\">MS - Mississippi<\/option>\r\n\t\t\t\t\t\r\n\t\t\t\t\t<option value=\"MT\">MT - Montana<\/option>\r\n\t\t\t\t\t\r\n\t\t\t\t\t<option value=\"NB\">NB - Nouveau-Brunswick<\/option>\r\n\t\t\t\t\t\r\n\t\t\t\t\t<option value=\"NC\">NC - Caroline du Nord<\/option>\r\n\t\t\t\t\t\r\n\t\t\t\t\t<option value=\"ND\">ND - Dakota du Nord<\/option>\r\n\t\t\t\t\t\r\n\t\t\t\t\t<option value=\"NE\">NE - Nebraska<\/option>\r\n\t\t\t\t\t\r\n\t\t\t\t\t<option value=\"NH\">NH - New Hampshire<\/option>\r\n\t\t\t\t\t\r\n\t\t\t\t\t<option value=\"NJ\">NJ - New Jersey<\/option>\r\n\t\t\t\t\t\r\n\t\t\t\t\t<option value=\"NL\">NL - Terre-Neuve et Labrador<\/option>\r\n\t\t\t\t\t\r\n\t\t\t\t\t<option value=\"NM\">NM - Nouveau Mexique<\/option>\r\n\t\t\t\t\t\r\n\t\t\t\t\t<option value=\"NS\">NS - Nouvelle-\u00c9cosse<\/option>\r\n\t\t\t\t\t\r\n\t\t\t\t\t<option value=\"NSW\">NSW - Nouvelle-Galles du Sud<\/option>\r\n\t\t\t\t\t\r\n\t\t\t\t\t<option value=\"NT\">NT - Territoire du Nord-Ouest<\/option>\r\n\t\t\t\t\t\r\n\t\t\t\t\t<option value=\"NU\">NU - Nunavut<\/option>\r\n\t\t\t\t\t\r\n\t\t\t\t\t<option value=\"NV\">NV - Nevada<\/option>\r\n\t\t\t\t\t\r\n\t\t\t\t\t<option value=\"NY\">NY - New York<\/option>\r\n\t\t\t\t\t\r\n\t\t\t\t\t<option value=\"OH\">OH - Ohio<\/option>\r\n\t\t\t\t\t\r\n\t\t\t\t\t<option value=\"OK\">OK - Oklahoma<\/option>\r\n\t\t\t\t\t\r\n\t\t\t\t\t<option value=\"ON\">ON - Ontario<\/option>\r\n\t\t\t\t\t\r\n\t\t\t\t\t<option value=\"OR\">OR - Oregon<\/option>\r\n\t\t\t\t\t\r\n\t\t\t\t\t<option value=\"PA\">PA - Pennsylvanie<\/option>\r\n\t\t\t\t\t\r\n\t\t\t\t\t<option value=\"PE\">PE - \u00cele-du-Prince-\u00c9douard<\/option>\r\n\t\t\t\t\t\r\n\t\t\t\t\t<option value=\"QC\">QC - Qu\u00e9bec<\/option>\r\n\t\t\t\t\t\r\n\t\t\t\t\t<option value=\"Qld\">Qld - Queensland<\/option>\r\n\t\t\t\t\t\r\n\t\t\t\t\t<option value=\"RI\">RI - Rhode Island<\/option>\r\n\t\t\t\t\t\r\n\t\t\t\t\t<option value=\"SA\">SA - Australie du Sud<\/option>\r\n\t\t\t\t\t\r\n\t\t\t\t\t<option value=\"SC\">SC - Caroline du Sud<\/option>\r\n\t\t\t\t\t\r\n\t\t\t\t\t<option value=\"SD\">SD - Dakota du Sud<\/option>\r\n\t\t\t\t\t\r\n\t\t\t\t\t<option value=\"SK\">SK - Saskatchewan<\/option>\r\n\t\t\t\t\t\r\n\t\t\t\t\t<option value=\"Tas\">Tas - Tasmanie<\/option>\r\n\t\t\t\t\t\r\n\t\t\t\t\t<option value=\"TN\">TN - Tennessee<\/option>\r\n\t\t\t\t\t\r\n\t\t\t\t\t<option value=\"TX\">TX - Texas<\/option>\r\n\t\t\t\t\t\r\n\t\t\t\t\t<option value=\"UT\">UT - Utah<\/option>\r\n\t\t\t\t\t\r\n\t\t\t\t\t<option value=\"VA\">VA - Virginie<\/option>\r\n\t\t\t\t\t\r\n\t\t\t\t\t<option value=\"Vic\">Vic - Victoria<\/option>\r\n\t\t\t\t\t\r\n\t\t\t\t\t<option value=\"VT\">VT - Vermont<\/option>\r\n\t\t\t\t\t\r\n\t\t\t\t\t<option value=\"WA\">WA - Washington<\/option>\r\n\t\t\t\t\t\r\n\t\t\t\t\t<option value=\"WA\">WA - Australie occidentale<\/option>\r\n\t\t\t\t\t\r\n\t\t\t\t\t<option value=\"WI\">WI - Wisconsin<\/option>\r\n\t\t\t\t\t\r\n\t\t\t\t\t<option value=\"WV\">WV - Virginie occidentale<\/option>\r\n\t\t\t\t\t\r\n\t\t\t\t\t<option value=\"WY\">WY - Wyoming<\/option>\r\n\t\t\t\t\t\r\n\t\t\t\t\t<option value=\"YT\">YT - Yukon<\/option>\r\n\t\t\t\t\t\r\n\t\t\t\t\t<\/select>\r\n\t\t\t\t\r\n\t\t\t\t\t\t\t\t\t<\/div>\t\t\t\t\t\t\t\t\t\r\n\t\t\t\t\t\t\t\t<\/div>\r\n\t\t\t\t\t\t\t\r\n\t\t\t\t\t\t\t\t<div id=\"rowcontainer_contact_zip\" class=\"row\">\t\t\t\t\t\t\t\t\t\r\n\t\t\t\t\t\t\t\t\t\r\n\t\t\t\t\t\t\t\t\t\t<div id=\"labelcontainer_contact_zip\" class=\"medium-3 columns\">\r\n\t\t\t\t\t\t\t\t\t\t\t<div id=\"td_contact_zip\">\r\n\t\t\t\t\t\t\t\t\t\t\t\t<label id=\"label_contact_zip\" for=\"contact_zip\" class=\"formreq\">Code postal* :<\/label>\r\n\t\t\t\t\t\t\t\t\t\t\t\t\r\n\t\t\t\t\t\t\t\t\t\t\t<\/div>\r\n\t\t\t\t\t\t\t\t\t\t<\/div>\t\r\n\t\t\t\t\t\t\t\t\t\r\n\t\t\t\t\t\t\t\t\t<div id=\"fieldcontainer_contact_zip\" class=\"medium-9 columns\">\r\n\t\t\t\t\t\t\t\t\t\t\r\n\t\t\t\r\n\t\t\t<input class=\"\" id=\"contact_zip\" name=\"contact_zip\" type=\"text\" size=\"20\" value=\"\" onblur=\"svcrm.formBuilderScripts.zipLookup('\/', this.value, document.frm_141.contact_city, document.frm_141.contact_state, true); \">\r\n\t\t\t\r\n\t\t\t\t\t\t\t\t\t<\/div>\t\t\t\t\t\t\t\t\t\r\n\t\t\t\t\t\t\t\t<\/div>\r\n\t\t\t\t\t\t\t\r\n\t\t\t\t\t\t\t\t<div id=\"rowcontainer_contact_company\" class=\"row\">\t\t\t\t\t\t\t\t\t\r\n\t\t\t\t\t\t\t\t\t\r\n\t\t\t\t\t\t\t\t\t\t<div id=\"labelcontainer_contact_company\" class=\"medium-3 columns\">\r\n\t\t\t\t\t\t\t\t\t\t\t<div id=\"td_contact_company\">\r\n\t\t\t\t\t\t\t\t\t\t\t\t<label id=\"label_contact_company\" for=\"contact_company\" class=\"formreq\">Entreprise* :<\/label>\r\n\t\t\t\t\t\t\t\t\t\t\t\t\r\n\t\t\t\t\t\t\t\t\t\t\t<\/div>\r\n\t\t\t\t\t\t\t\t\t\t<\/div>\t\r\n\t\t\t\t\t\t\t\t\t\r\n\t\t\t\t\t\t\t\t\t<div id=\"fieldcontainer_contact_company\" class=\"medium-9 columns\">\r\n\t\t\t\t\t\t\t\t\t\t\r\n\t\t\t\r\n\t\t\t<input class=\"\" id=\"contact_company\" name=\"contact_company\" type=\"text\" size=\"25\" value=\"\">\r\n\t\t\t\r\n\t\t\t\t\t\t\t\t\t<\/div>\t\t\t\t\t\t\t\t\t\r\n\t\t\t\t\t\t\t\t<\/div>\r\n\t\t\t\t\t\t\t\r\n\t\t\t\t\t\t\t\t<div id=\"rowcontainer_udf_606\" class=\"row\">\t\t\t\t\t\t\t\t\t\r\n\t\t\t\t\t\t\t\t\t\r\n\t\t\t\t\t\t\t\t\t\t<div id=\"labelcontainer_udf_606\" class=\"medium-3 columns\">\r\n\t\t\t\t\t\t\t\t\t\t\t<div id=\"td_udf_606\">\r\n\t\t\t\t\t\t\t\t\t\t\t\t<label id=\"label_udf_606\" for=\"udf_606\" class=\"formreq\">Comment avez-vous entendu parler de notre programme d'ambassadeurs b\u00e9n\u00e9voles ?<\/label>\r\n\t\t\t\t\t\t\t\t\t\t\t\t\r\n\t\t\t\t\t\t\t\t\t\t\t<\/div>\r\n\t\t\t\t\t\t\t\t\t\t<\/div>\t\r\n\t\t\t\t\t\t\t\t\t\r\n\t\t\t\t\t\t\t\t\t<div id=\"fieldcontainer_udf_606\" class=\"medium-9 columns\">\r\n\t\t\t\t\t\t\t\t\t\t\r\n\t\t\t\r\n\t\t\t<input class=\"\" id=\"udf_606\" name=\"udf_606\" type=\"text\" size=\"25\" value=\"\">\r\n\t\t\t\r\n\t\t\t\t\t\t\t\t\t<\/div>\t\t\t\t\t\t\t\t\t\r\n\t\t\t\t\t\t\t\t<\/div>\r\n\t\t\t\t\t\t\t\r\n\t\t\t\t\t\t\t\t<div id=\"rowcontainer_udf_609\" class=\"row\">\t\t\t\t\t\t\t\t\t\r\n\t\t\t\t\t\t\t\t\t\r\n\t\t\t\t\t\t\t\t\t\t<div id=\"labelcontainer_udf_609\" class=\"medium-3 columns\">\r\n\t\t\t\t\t\t\t\t\t\t\t<div id=\"td_udf_609\">\r\n\t\t\t\t\t\t\t\t\t\t\t\t<label id=\"label_udf_609\" for=\"udf_609\" class=\"formreq\">Taille de la chemise* :<\/label>\r\n\t\t\t\t\t\t\t\t\t\t\t\t\r\n\t\t\t\t\t\t\t\t\t\t\t<\/div>\r\n\t\t\t\t\t\t\t\t\t\t<\/div>\t\r\n\t\t\t\t\t\t\t\t\t\r\n\t\t\t\t\t\t\t\t\t<div id=\"fieldcontainer_udf_609\" class=\"medium-9 columns\">\r\n\t\t\t\t\t\t\t\t\t\t\t\t\t\t\t\r\n\t\t\t\t\t<select class=\"\" id=\"udf_609\" name=\"udf_609\">\r\n\t\t\t\t\t<option value=\"\">-None-<\/option> \r\n\t\t\t\t\t<option value=\"700\">Petit<\/option>\r\n\t\t\t\t\t\r\n\t\t\t\t\t<option value=\"701\">Moyen<\/option>\r\n\t\t\t\t\t\r\n\t\t\t\t\t<option value=\"702\">Grandes dimensions<\/option>\r\n\t\t\t\t\t\r\n\t\t\t\t\t<option value=\"703\">X-Large<\/option>\r\n\t\t\t\t\t\r\n\t\t\t\t\t<\/select>\r\n\t\t\t\t\r\n\t\t\t\t\t\t\t\t\t<\/div>\t\t\t\t\t\t\t\t\t\r\n\t\t\t\t\t\t\t\t<\/div>\r\n\t\t\t\t\t\t\t\r\n\t\t\t\t\t\t\t\t<div id=\"rowcontainer_udf_608\" class=\"row\">\t\t\t\t\t\t\t\t\t\r\n\t\t\t\t\t\t\t\t\t\r\n\t\t\t\t\t\t\t\t\t\t<div id=\"labelcontainer_udf_608\" class=\"medium-3 columns\">\r\n\t\t\t\t\t\t\t\t\t\t\t<div id=\"td_udf_608\">\r\n\t\t\t\t\t\t\t\t\t\t\t\t<label id=\"label_udf_608\" class=\"formreq\">N'h\u00e9sitez pas \u00e0 me contacter pour de futures opportunit\u00e9s de b\u00e9n\u00e9volat.* :<\/label>\r\n\t\t\t\t\t\t\t\t\t\t\t\t\r\n\t\t\t\t\t\t\t\t\t\t\t<\/div>\r\n\t\t\t\t\t\t\t\t\t\t<\/div>\t\r\n\t\t\t\t\t\t\t\t\t\r\n\t\t\t\t\t\t\t\t\t<div id=\"fieldcontainer_udf_608\" class=\"medium-9 columns\">\r\n\t\t\t\t\t\t\t\t\t\t\r\n\t\t\t\t\t\t<fieldset style=\"border:0px;\">\r\n\t\t\t\t\t\t\t<legend style=\"display:none;\">udf_608<\/legend>\r\n\t\t\t\t\t<input checked class=\"\" id=\"udf_608_1\" name=\"udf_608\" type=\"radio\" value=\"1\"><label class=\"formreq\" for=\"udf_608_1\"> Oui <\/label>\r\n\t\t\t\t\t<input class=\"\" id=\"udf_608_0\" name=\"udf_608\" type=\"radio\" value=\"0\"><label class=\"formreq\" for=\"udf_608_0\"> Non <\/label>\r\n\t\t\t\t\t\t<\/fieldset>\r\n\t\t\t\t\t\r\n\t\t\t\t\t\t\t\t\t<\/div>\t\t\t\t\t\t\t\t\t\r\n\t\t\t\t\t\t\t\t<\/div>\r\n\t\t\t\t\t\t\t\r\n\r\n\t\t\t\t<p class=\"hint formreq text-center\">* Indique un champ obligatoire.<\/p>\r\n\t\t\t\t<hr size=\"1\" color=\"cccccc\" width=\"100%\">\r\n\t\t\t\t<div class=\"row\">\r\n\t\t\t\t\t<div class=\"medium-6 small-centered captcha columns\">\r\n\t\t\t\t\t\t\r\n                    <div id=\"g-recaptcha\" class=\"g-recaptcha\"><\/div>\r\n                \r\n            <input type=\"hidden\" name=\"code\" id=\"code\" value=\"1234\">\r\n            <input type=\"hidden\" name=\"code_key\" id=\"code_key\" value=\"rO0ABXQABDEyMzQ=\">\r\n            \r\n\t\t\t\t\t<\/div>\r\n\t\t\t\t<\/div>\r\n\r\n\t\t\t\t<hr size=\"1\" color=\"cccccc\" width=\"100%\">\r\n\t\t\t\t<div class=\"row\">\r\n\t\t\t\t\t<div class=\"medium-6 small-centered columns formCntrls\">\r\n\t\t\t\t\t\t<label for=\"savefrm_button\" style=\"display:none;\">Soumettre<\/label>\r\n\t\t\t\t\t\t<input class=\"button\" id=\"savefrm_button\" name=\"savefrm\" type=\"Submit\" value=\"Submit\">\r\n\t\t\t\t\t\t<label for=\"resetfrm_button\" style=\"display:none;\">Remise \u00e0 z\u00e9ro<\/label>\r\n\t\t\t\t\t\t<input class=\"button\" id=\"resetfrm_button\" type=\"Reset\" value=\"Reset\">\r\n\t\t\t\t\t<\/div>\r\n\t\t\t\t<\/div>\r\n\t\t\t<input type=\"hidden\" name=\"trp-form-language\" value=\"fr\"\/><\/form>    <\/div>\n<\/section>","protected":false},"excerpt":{"rendered":"","protected":false},"author":1421,"featured_media":350812,"parent":0,"menu_order":0,"comment_status":"closed","ping_status":"closed","template":"template-editorial.php","meta":{"_acf_changed":false,"inline_featured_image":false,"footnotes":""},"silos":[3910],"class_list":["post-345131","page","type-page","status-publish","has-post-thumbnail","hentry"],"acf":[],"_links":{"self":[{"href":"https:\/\/www.santamonica.com\/fr\/wp-json\/wp\/v2\/pages\/345131","targetHints":{"allow":["GET"]}}],"collection":[{"href":"https:\/\/www.santamonica.com\/fr\/wp-json\/wp\/v2\/pages"}],"about":[{"href":"https:\/\/www.santamonica.com\/fr\/wp-json\/wp\/v2\/types\/page"}],"author":[{"embeddable":true,"href":"https:\/\/www.santamonica.com\/fr\/wp-json\/wp\/v2\/users\/1421"}],"replies":[{"embeddable":true,"href":"https:\/\/www.santamonica.com\/fr\/wp-json\/wp\/v2\/comments?post=345131"}],"version-history":[{"count":14,"href":"https:\/\/www.santamonica.com\/fr\/wp-json\/wp\/v2\/pages\/345131\/revisions"}],"predecessor-version":[{"id":349624,"href":"https:\/\/www.santamonica.com\/fr\/wp-json\/wp\/v2\/pages\/345131\/revisions\/349624"}],"wp:featuredmedia":[{"embeddable":true,"href":"https:\/\/www.santamonica.com\/fr\/wp-json\/wp\/v2\/media\/350812"}],"wp:attachment":[{"href":"https:\/\/www.santamonica.com\/fr\/wp-json\/wp\/v2\/media?parent=345131"}],"wp:term":[{"taxonomy":"silos","embeddable":true,"href":"https:\/\/www.santamonica.com\/fr\/wp-json\/wp\/v2\/silos?post=345131"}],"curies":[{"name":"wp","href":"https:\/\/api.w.org\/{rel}","templated":true}]}}