{"id":344733,"date":"2022-07-11T21:48:00","date_gmt":"2022-07-12T04:48:00","guid":{"rendered":"https:\/\/www.santamonica.com\/?page_id=344733"},"modified":"2026-03-06T15:43:41","modified_gmt":"2026-03-06T23:43:41","slug":"formulaire-dopportunites-de-partenariat","status":"publish","type":"page","link":"https:\/\/www.santamonica.com\/fr\/partners\/partnership-opportunities-form\/","title":{"rendered":"Formulaire d'opportunit\u00e9s de partenariat"},"content":{"rendered":"<section class=\"sun-title sm-block --theme6 sm-block\">\n            <h2 class=\"sun-title__headline\">Opportunit\u00e9s \u00e0 venir :<\/h2>    \n            <div class=\"sun-title__body  wysiwyg\">\n                    <p style=\"font-weight: 400;\">Commerce de voyage :<\/p>\n<ul style=\"font-weight: 400;\">\n<li>Mission commerciale et m\u00e9diatique en France et au Royaume-Uni : 2-6 mars 2026 | Paris, France et Londres, Royaume-Uni<\/li>\n<li>Forum de luxe de Visit California : 22-24 mars 2026 | Lake Tahoe, CA<\/li>\n<li>Salon professionnel\/\u00e9v\u00e9nement client IPW : 18-21 mai 2026 | Fort Lauderdale, FL<\/li>\n<li>\u00c9v\u00e9nement r\u00e9serv\u00e9 aux clients de l'IPW : 18 mai 2026 | Fort Lauderdale, FL<\/li>\n<li>ILTM Asie Pacifique : Du 29 juin au 2 juillet 2026 | Marina Bay Sands, Singapour<\/li>\n<li>Mission commerciale et m\u00e9diatique en Australie : 7-11 septembre 2026 | Sydney et Melbourne, Australie<\/li>\n<li>ILTM Am\u00e9rique du Nord : 28 septembre-1er octobre 2026 | Baha Mar, Bahamas<\/li>\n<li>Virtuose en tourn\u00e9e \u00e0 Toronto : 22 octobre 2026 | Toronto, Canada<\/li>\n<li>Mission des ventes et des m\u00e9dias au Canada : TBD October 2026 | Greater Toronto, Canada<\/li>\n<li>ILTM Cannes : 30 novembre - 3 d\u00e9cembre 2026 | Cannes, France<\/li>\n<\/ul>\n<p style=\"font-weight: 400;\">Ventes group\u00e9es :<\/p>\n<ul>\n<li>Helmsbriscoe ABC : 27-20 avril 2026 | Los Angeles, CA<\/li>\n<li>Mission de vente \u00e0 Phoenix : TBD septembre 2026 | Phoenix, AZ<\/li>\n<li>IMEX Americas : 13-15 octobre 2026 | Las Vegas, NV<\/li>\n<li>Mission MICE de Vancouver : 14-18 sept. 2026 | Vancouver, Canada<\/li>\n<li>SITE SoCal Holiday : TBD D\u00e9cembre 2026 | TBD<\/li>\n<li style=\"list-style-type: none;\">\n<ul>\n<li style=\"list-style-type: none;\"><\/li>\n<\/ul>\n<\/li>\n<\/ul>\n                        <\/div>\n    <\/section>\n\n\n\n<div class=\"wp-block-columns is-layout-flex wp-container-core-columns-is-layout-28f84493 wp-block-columns-is-layout-flex base-block\">\n<div class=\"wp-block-column is-layout-flow wp-block-column-is-layout-flow base-block\">\n<section class=\"simpleview-form-block sm-block\">\n        <h2 class=\"simpleview-form-block__heading\">\n            Possibilit\u00e9s de partenariat        <\/h2>\n    <div class=\"simpleview-form-block__form sm-form\">\n        <form action=\"\" method=\"post\" name=\"frm_172\" class=\"simpleForm\" onsubmit=\"return svcrm.formBuilderScripts.validateForm(this);\" data-trp-original-action=\"\">\r\n\t\t\t\t<input id=\"formid\" name=\"formid\" type=\"hidden\" value=\"172\">\r\n\t\t\t\t<input id=\"groupid\" name=\"groupid\" type=\"hidden\" value=\"16\">\r\n\t\t\t\t<input id=\"isSubmitted\" name=\"isSubmitted\" value=\"1\" type=\"hidden\">\r\n\t\t\t\t\r\n\t\t\t\t\r\n\t\t\t\t\t<h3>Inscription<\/h3>\r\n\t\t\t\t\t\r\n\t\t\t\t\t\t<p class=\"text-center\"><\/p><p>Avant de remplir le formulaire ci-dessous, veuillez lire <a href=\"https:\/\/www.santamonica.com\/wp-content\/uploads\/2024\/06\/SMTT-Partnership-Guidelines-2024.pdf\">Accord et lignes directrices pour les partenaires du SMTT<\/a>.<\/p>\t\t\t\r\n\t\t\t\t\t\r\n\t\t\t\t\t\t\t\t<div id=\"rowcontainer_contact_fullname\" class=\"row\">\r\n\t\t\t\t\t\t\t\t\t\r\n\t\t\t\t\t\t\t\t\t\t\t<div id=\"labelcontainer_contact_fullname\" class=\"medium-3 columns\">\r\n\t\t\t\t\t\t\t\t\t\t\t\t<div id=\"td_contact_fullname\">\r\n\t\t\t\t\t\t\t\t\t\t\t\t\t<label id=\"label_contact_fullname\" for=\"contact_fullname\" class=\"formreq\">Nom* :<\/label>\r\n\t\t\t\t\t\t\t\t\t\t\t\t\t\r\n\t\t\t\t\t\t\t\t\t\t\t\t<\/div>\r\n\t\t\t\t\t\t\t\t\t\t\t<\/div>\t\r\n\t\t\t\t\t\t\t\t\t\t\r\n\t\t\t\t\t\t\t\t\t<div id=\"fieldcontainer_contact_fullname\" class=\"medium-9 columns\">\r\n\t\t\t\t\t\t\t\t\t\t\r\n\t\t\t\r\n\t\t\t<input class=\"\" id=\"contact_fullname\" name=\"contact_fullname\" type=\"text\" size=\"25\" value=\"\">\r\n\t\t\t\r\n\t\t\t\t\t\t\t\t\t<\/div>\t\t\t\t\t\t\t\t\t\r\n\t\t\t\t\t\t\t\t<\/div>\r\n\t\t\t\t\t\t\t\r\n\t\t\t\t\t\t\t\t<div id=\"rowcontainer_contact_title\" class=\"row\">\r\n\t\t\t\t\t\t\t\t\t\r\n\t\t\t\t\t\t\t\t\t\t\t<div id=\"labelcontainer_contact_title\" class=\"medium-3 columns\">\r\n\t\t\t\t\t\t\t\t\t\t\t\t<div id=\"td_contact_title\">\r\n\t\t\t\t\t\t\t\t\t\t\t\t\t<label id=\"label_contact_title\" for=\"contact_title\" class=\"formreq\">Titre* :<\/label>\r\n\t\t\t\t\t\t\t\t\t\t\t\t\t\r\n\t\t\t\t\t\t\t\t\t\t\t\t<\/div>\r\n\t\t\t\t\t\t\t\t\t\t\t<\/div>\t\r\n\t\t\t\t\t\t\t\t\t\t\r\n\t\t\t\t\t\t\t\t\t<div id=\"fieldcontainer_contact_title\" class=\"medium-9 columns\">\r\n\t\t\t\t\t\t\t\t\t\t\r\n\t\t\t\r\n\t\t\t<input class=\"\" id=\"contact_title\" name=\"contact_title\" type=\"text\" size=\"25\" value=\"\">\r\n\t\t\t\r\n\t\t\t\t\t\t\t\t\t<\/div>\t\t\t\t\t\t\t\t\t\r\n\t\t\t\t\t\t\t\t<\/div>\r\n\t\t\t\t\t\t\t\r\n\t\t\t\t\t\t\t\t<div id=\"rowcontainer_contact_company\" class=\"row\">\r\n\t\t\t\t\t\t\t\t\t\r\n\t\t\t\t\t\t\t\t\t\t\t<div id=\"labelcontainer_contact_company\" class=\"medium-3 columns\">\r\n\t\t\t\t\t\t\t\t\t\t\t\t<div id=\"td_contact_company\">\r\n\t\t\t\t\t\t\t\t\t\t\t\t\t<label id=\"label_contact_company\" for=\"contact_company\" class=\"formreq\">Entreprise* :<\/label>\r\n\t\t\t\t\t\t\t\t\t\t\t\t\t\r\n\t\t\t\t\t\t\t\t\t\t\t\t<\/div>\r\n\t\t\t\t\t\t\t\t\t\t\t<\/div>\t\r\n\t\t\t\t\t\t\t\t\t\t\r\n\t\t\t\t\t\t\t\t\t<div id=\"fieldcontainer_contact_company\" class=\"medium-9 columns\">\r\n\t\t\t\t\t\t\t\t\t\t\r\n\t\t\t\r\n\t\t\t<input class=\"\" id=\"contact_company\" name=\"contact_company\" type=\"text\" size=\"25\" value=\"\">\r\n\t\t\t\r\n\t\t\t\t\t\t\t\t\t<\/div>\t\t\t\t\t\t\t\t\t\r\n\t\t\t\t\t\t\t\t<\/div>\r\n\t\t\t\t\t\t\t\r\n\t\t\t\t\t\t\t\t<div id=\"rowcontainer_contact_email\" class=\"row\">\r\n\t\t\t\t\t\t\t\t\t\r\n\t\t\t\t\t\t\t\t\t\t\t<div id=\"labelcontainer_contact_email\" class=\"medium-3 columns\">\r\n\t\t\t\t\t\t\t\t\t\t\t\t<div id=\"td_contact_email\">\r\n\t\t\t\t\t\t\t\t\t\t\t\t\t<label id=\"label_contact_email\" for=\"contact_email\" class=\"formreq\">Courriel* :<\/label>\r\n\t\t\t\t\t\t\t\t\t\t\t\t\t\r\n\t\t\t\t\t\t\t\t\t\t\t\t<\/div>\r\n\t\t\t\t\t\t\t\t\t\t\t<\/div>\t\r\n\t\t\t\t\t\t\t\t\t\t\r\n\t\t\t\t\t\t\t\t\t<div id=\"fieldcontainer_contact_email\" class=\"medium-9 columns\">\r\n\t\t\t\t\t\t\t\t\t\t\r\n\t\t\t\r\n\t\t\t<input class=\"\" id=\"contact_email\" name=\"contact_email\" type=\"text\" size=\"25\" value=\"\" onblur=\"svcrm.formBuilderScripts.checkEmail(this); \">\r\n\t\t\t\r\n\t\t\t\t\t\t\t\t\t<\/div>\t\t\t\t\t\t\t\t\t\r\n\t\t\t\t\t\t\t\t<\/div>\r\n\t\t\t\t\t\t\t\r\n\t\t\t\t\t\t\t\t<div id=\"rowcontainer_udf_775\" class=\"row\">\r\n\t\t\t\t\t\t\t\t\t\r\n\t\t\t\t\t\t\t\t\t\t\t<div id=\"labelcontainer_udf_775\" class=\"medium-3 columns\">\r\n\t\t\t\t\t\t\t\t\t\t\t\t<div id=\"td_udf_775\">\r\n\t\t\t\t\t\t\t\t\t\t\t\t\t<label id=\"label_udf_775\" for=\"udf_775\" class=\"label_hidden\">\u00e9tiquette cach\u00e9e<\/label>\r\n\t\t\t\t\t\t\t\t\t\t\t\t<\/div>\r\n\t\t\t\t\t\t\t\t\t\t\t<\/div>\r\n\t\t\t\t\t\t\t\t\t\t\r\n\t\t\t\t\t\t\t\t\t<div id=\"fieldcontainer_udf_775\" class=\"medium-9 columns\">\r\n\t\t\t\t\t\t\t\t\t\t<fieldset><legend>Possibilit\u00e9s de partenariat<\/legend> \r\n\t\t\t\t\t<table border=\"0\" cellpadding=\"2\" cellspacing=\"0\" width=\"100%\">\r\n\t\t\t\t\t\t<tr valign=\"top\">\r\n\t\t\t\t\t\t\t<td width=\"100%\" nowrap>\r\n\t\t\t\t\t\t\t\t\t\t\t\r\n\t\t\t\t\t\t\t<input class=\"\" id=\"udf_775_1443\" name=\"udf_775\" type=\"checkbox\" value=\"1443\"><label for=\"udf_775_1443\"> Mission commerciale et m\u00e9diatique en France et au Royaume-Uni : 2-6 mars 2026 | Paris, France et Londres, Royaume-Uni <\/label><br>\r\n\t\t\t\t\t\t\t\t\t\t\t\r\n\t\t\t\t\t\t\t<input class=\"\" id=\"udf_775_1457\" name=\"udf_775\" type=\"checkbox\" value=\"1457\"><label for=\"udf_775_1457\"> Forum de luxe de Visit California : 22-24 mars 2026 | Lake Tahoe, CA <\/label><br>\r\n\t\t\t\t\t\t\t\t\t\t\t\r\n\t\t\t\t\t\t\t<input class=\"\" id=\"udf_775_1458\" name=\"udf_775\" type=\"checkbox\" value=\"1458\"><label for=\"udf_775_1458\"> Salon professionnel\/\u00e9v\u00e9nement client IPW : 18-21 mai 2026 | Fort Lauderdale, FL <\/label><br>\r\n\t\t\t\t\t\t\t\t\t\t\t\r\n\t\t\t\t\t\t\t<input class=\"\" id=\"udf_775_1459\" name=\"udf_775\" type=\"checkbox\" value=\"1459\"><label for=\"udf_775_1459\"> \u00c9v\u00e9nement r\u00e9serv\u00e9 aux clients de l'IPW : 18 mai 2026 | Fort Lauderdale, FL <\/label><br>\r\n\t\t\t\t\t\t\t\t\t\t\t\r\n\t\t\t\t\t\t\t<input class=\"\" id=\"udf_775_1460\" name=\"udf_775\" type=\"checkbox\" value=\"1460\"><label for=\"udf_775_1460\"> ILTM Asie Pacifique : Du 29 juin au 2 juillet 2026 | Marina Bay Sands, Singapour <\/label><br>\r\n\t\t\t\t\t\t\t\t\t\t\t\r\n\t\t\t\t\t\t\t<input class=\"\" id=\"udf_775_1461\" name=\"udf_775\" type=\"checkbox\" value=\"1461\"><label for=\"udf_775_1461\"> Mission commerciale et m\u00e9diatique en Australie : 7-11 septembre 2026 | Sydney et Melbourne, Australie <\/label><br>\r\n\t\t\t\t\t\t\t\t\t\t\t\r\n\t\t\t\t\t\t\t<input class=\"\" id=\"udf_775_1462\" name=\"udf_775\" type=\"checkbox\" value=\"1462\"><label for=\"udf_775_1462\"> ILTM Am\u00e9rique du Nord : 28 septembre-1er octobre 2026 | Baha Mar, Bahamas <\/label><br>\r\n\t\t\t\t\t\t\t\t\t\t\t\r\n\t\t\t\t\t\t\t<input class=\"\" id=\"udf_775_1463\" name=\"udf_775\" type=\"checkbox\" value=\"1463\"><label for=\"udf_775_1463\"> Virtuose en tourn\u00e9e \u00e0 Toronto : 22 octobre 2026 | Toronto, Canada <\/label><br>\r\n\t\t\t\t\t\t\t\t\t\t\t\r\n\t\t\t\t\t\t\t<input class=\"\" id=\"udf_775_1464\" name=\"udf_775\" type=\"checkbox\" value=\"1464\"><label for=\"udf_775_1464\"> Mission des ventes et des m\u00e9dias au Canada : TBD October 2026 | Greater Toronto, Canada <\/label><br>\r\n\t\t\t\t\t\t\t\t\t\t\t\r\n\t\t\t\t\t\t\t<input class=\"\" id=\"udf_775_1465\" name=\"udf_775\" type=\"checkbox\" value=\"1465\"><label for=\"udf_775_1465\"> ILTM Cannes : 30 novembre \u00e2 3 d\u00e9cembre 2026 | Cannes, France <\/label><br>\r\n\t\t\t\t\t\t\t\t\t\t\t\r\n\t\t\t\t\t\t\t<input class=\"\" id=\"udf_775_1466\" name=\"udf_775\" type=\"checkbox\" value=\"1466\"><label for=\"udf_775_1466\"> Helmsbriscoe ABC : 27-20 avril 2026 | Los Angeles, CA <\/label><br>\r\n\t\t\t\t\t\t\t\t\t\t\t\r\n\t\t\t\t\t\t\t<input class=\"\" id=\"udf_775_1467\" name=\"udf_775\" type=\"checkbox\" value=\"1467\"><label for=\"udf_775_1467\"> Mission de vente \u00e0 Phoenix : TBD septembre 2026 | Phoenix, AZ <\/label><br>\r\n\t\t\t\t\t\t\t\t\t\t\t\r\n\t\t\t\t\t\t\t<input class=\"\" id=\"udf_775_1468\" name=\"udf_775\" type=\"checkbox\" value=\"1468\"><label for=\"udf_775_1468\"> IMEX Americas : 13-15 octobre 2026 | Las Vegas, NV <\/label><br>\r\n\t\t\t\t\t\t\t\t\t\t\t\r\n\t\t\t\t\t\t\t<input class=\"\" id=\"udf_775_1469\" name=\"udf_775\" type=\"checkbox\" value=\"1469\"><label for=\"udf_775_1469\"> Mission MICE de Vancouver : 14-18 sept. 2026 | Vancouver, Canada <\/label><br>\r\n\t\t\t\t\t\t\t\t\t\t\t\r\n\t\t\t\t\t\t\t<input class=\"\" id=\"udf_775_1470\" name=\"udf_775\" type=\"checkbox\" value=\"1470\"><label for=\"udf_775_1470\"> SITE SoCal Holiday : TBD D\u00e9cembre 2026 | TBD <\/label><br>\r\n\t\t\t\t\t\t\t\t\r\n\t\r\n\t\t\t\t\t\t<\/td><\/tr>\r\n\t\t\t\t\t<\/table>\r\n\t\t\t\t<\/fieldset>\r\n\t\t\t\t\t\t\t\t\t<\/div>\t\t\t\t\t\t\t\t\t\r\n\t\t\t\t\t\t\t\t<\/div>\r\n\t\t\t\t\t\t\t\r\n\t\t\t\t\t\t\t\t<div id=\"rowcontainer_udf_1038\" class=\"row\">\r\n\t\t\t\t\t\t\t\t\t\r\n\t\t\t\t\t\t\t\t\t\t\t<div id=\"labelcontainer_udf_1038\" class=\"medium-3 columns\">\r\n\t\t\t\t\t\t\t\t\t\t\t\t<div id=\"td_udf_1038\">\r\n\t\t\t\t\t\t\t\t\t\t\t\t\t<label id=\"label_udf_1038\" for=\"udf_1038\" class=\"label_hidden\">\u00e9tiquette cach\u00e9e<\/label>\r\n\t\t\t\t\t\t\t\t\t\t\t\t<\/div>\r\n\t\t\t\t\t\t\t\t\t\t\t<\/div>\r\n\t\t\t\t\t\t\t\t\t\t\r\n\t\t\t\t\t\t\t\t\t<div id=\"fieldcontainer_udf_1038\" class=\"medium-9 columns\">\r\n\t\t\t\t\t\t\t\t\t\t<fieldset><legend>Possibilit\u00e9s de partenariat - Accepter les lignes directrices<\/legend> \r\n\t\t\t\t\t<table border=\"0\" cellpadding=\"2\" cellspacing=\"0\" width=\"100%\">\r\n\t\t\t\t\t\t<tr valign=\"top\">\r\n\t\t\t\t\t\t\t<td width=\"100%\" nowrap>\r\n\t\t\t\t\t\t\t\t\t\t\t\r\n\t\t\t\t\t\t\t<input class=\"\" id=\"udf_1038_1345\" name=\"udf_1038\" type=\"checkbox\" value=\"1345\"><label for=\"udf_1038_1345\"> J'ai lu et j'accepte l'accord de partenariat et les lignes directrices du SMTT. <\/label><br>\r\n\t\t\t\t\t\t\t\t\r\n\t\r\n\t\t\t\t\t\t<\/td><\/tr>\r\n\t\t\t\t\t<\/table>\r\n\t\t\t\t<\/fieldset>\r\n\t\t\t\t\t\t\t\t\t<\/div>\t\t\t\t\t\t\t\t\t\r\n\t\t\t\t\t\t\t\t<\/div>\r\n\t\t\t\t\t\t\t\r\n\r\n\t\t\t\t<p class=\"hint formreq text-center\">* Indique un champ obligatoire.<\/p>\r\n\t\t\t\t<hr size=\"1\" color=\"cccccc\" width=\"100%\">\r\n\t\t\t\t<div class=\"row\">\r\n\t\t\t\t\t<div class=\"medium-6 small-centered captcha columns\">\r\n\t\t\t\t\t\t\r\n                    <div id=\"g-recaptcha\" class=\"g-recaptcha\"><\/div>\r\n                \r\n            <input type=\"hidden\" name=\"code\" id=\"code\" value=\"1234\">\r\n            <input type=\"hidden\" name=\"code_key\" id=\"code_key\" value=\"rO0ABXQABDEyMzQ=\">\r\n            \r\n\t\t\t\t\t<\/div>\r\n\t\t\t\t<\/div>\r\n\r\n\t\t\t\t<hr size=\"1\" color=\"cccccc\" width=\"100%\">\r\n\t\t\t\t<div class=\"row\">\r\n\t\t\t\t\t<div class=\"medium-6 small-centered columns formCntrls\">\r\n\t\t\t\t\t\t<label for=\"savefrm_button\" class=\"label_hidden\">Soumettre<\/label>\r\n\t\t\t\t\t\t<input class=\"button Submit\" id=\"savefrm_button\" name=\"savefrm\" type=\"Submit\" value=\"Submit\">\r\n\t\t\t\t\t\t<label for=\"resetfrm_button\" class=\"label_hidden\">Remise \u00e0 z\u00e9ro<\/label>\r\n\t\t\t\t\t\t<input class=\"button\" id=\"resetfrm_button\" type=\"Reset\" value=\"Reset\">\r\n\t\t\t\t\t<\/div>\r\n\t\t\t\t<\/div>\r\n\t\t\t<input type=\"hidden\" name=\"trp-form-language\" value=\"fr\"\/><\/form>    <\/div>\n<\/section>\n<\/div>\n<\/div>","protected":false},"excerpt":{"rendered":"","protected":false},"author":1421,"featured_media":414964,"parent":0,"menu_order":0,"comment_status":"closed","ping_status":"closed","template":"template-editorial.php","meta":{"_acf_changed":false,"inline_featured_image":false,"footnotes":""},"silos":[3910],"class_list":["post-344733","page","type-page","status-publish","has-post-thumbnail","hentry"],"acf":[],"_links":{"self":[{"href":"https:\/\/www.santamonica.com\/fr\/wp-json\/wp\/v2\/pages\/344733","targetHints":{"allow":["GET"]}}],"collection":[{"href":"https:\/\/www.santamonica.com\/fr\/wp-json\/wp\/v2\/pages"}],"about":[{"href":"https:\/\/www.santamonica.com\/fr\/wp-json\/wp\/v2\/types\/page"}],"author":[{"embeddable":true,"href":"https:\/\/www.santamonica.com\/fr\/wp-json\/wp\/v2\/users\/1421"}],"replies":[{"embeddable":true,"href":"https:\/\/www.santamonica.com\/fr\/wp-json\/wp\/v2\/comments?post=344733"}],"version-history":[{"count":176,"href":"https:\/\/www.santamonica.com\/fr\/wp-json\/wp\/v2\/pages\/344733\/revisions"}],"predecessor-version":[{"id":788020,"href":"https:\/\/www.santamonica.com\/fr\/wp-json\/wp\/v2\/pages\/344733\/revisions\/788020"}],"wp:featuredmedia":[{"embeddable":true,"href":"https:\/\/www.santamonica.com\/fr\/wp-json\/wp\/v2\/media\/414964"}],"wp:attachment":[{"href":"https:\/\/www.santamonica.com\/fr\/wp-json\/wp\/v2\/media?parent=344733"}],"wp:term":[{"taxonomy":"silos","embeddable":true,"href":"https:\/\/www.santamonica.com\/fr\/wp-json\/wp\/v2\/silos?post=344733"}],"curies":[{"name":"wp","href":"https:\/\/api.w.org\/{rel}","templated":true}]}}