{"id":344327,"date":"2022-07-15T13:31:14","date_gmt":"2022-07-15T20:31:14","guid":{"rendered":"https:\/\/www.santamonica.com\/?page_id=344327"},"modified":"2024-07-23T14:56:41","modified_gmt":"2024-07-23T21:56:41","slug":"boite-a-outils","status":"publish","type":"page","link":"https:\/\/www.santamonica.com\/fr\/travel-trade\/toolkit\/","title":{"rendered":"Bo\u00eete \u00e0 outils pour les partenaires"},"content":{"rendered":"<section class=\"sun-title sm-block --theme6 sm-block\">\n            <h2 class=\"sun-title__headline\">T\u00e9l\u00e9charger la signal\u00e9tique<\/h2>    \n            <div class=\"sun-title__body  wysiwyg\">\n                    <p><a href=\"https:\/\/www.santamonica.com\/wp-content\/uploads\/2022\/09\/SMTT_Welcome_Windows.pdf\" target=\"_blank\" rel=\"noopener\">Download We Welcome All signage<\/a> \u00e0 afficher dans votre entreprise.<\/p>\n                        <\/div>\n    <\/section>\n\n\n<section class=\"links-grid --theme3 sm-block\">\n    <div class=\"links-grid__wrapper\">\n                                                    <a href=\"https:\/\/www.santamonica.com\/fr\/request-santa-monica-vistors-guide\/\" class=\"links-grid__card-link\" aria-label=\"Guide du visiteur\" >\n                    <div class=\"links-grid__card\">\n                                                    <div class=\"links-grid__card-image-wrapper\">\n                                <img decoding=\"async\" width=\"366\" height=\"330\" src=\"https:\/\/www.santamonica.com\/wp-content\/uploads\/2022\/07\/PartnerVisitor366x330.jpg\" class=\"links-grid__card-image\" alt=\"Femme faisant semblant d&#039;avoir peur d&#039;une vague peinte sur un grand mur ; peinture murale de rue\" loading=\"lazy\" srcset=\"https:\/\/www.santamonica.com\/wp-content\/uploads\/2022\/07\/PartnerVisitor366x330.jpg 366w, https:\/\/www.santamonica.com\/wp-content\/uploads\/2022\/07\/PartnerVisitor366x330-300x270.jpg 300w, https:\/\/www.santamonica.com\/wp-content\/uploads\/2022\/07\/PartnerVisitor366x330-166x150.jpg 166w\" sizes=\"auto, (max-width: 366px) 100vw, 366px\" title=\"\">                            <\/div>\n                                                <div class=\"links-grid__card-text\">\n                                                            <div class=\"links-grid__card-title\">Guide du visiteur<\/div>\n                                                                                        <div class=\"links-grid__card-description\">Demandez des guides et des cartes gratuites et imprim\u00e9es pour les visiteurs de Santa Monica.<\/div>\n                                                    <\/div>\n                    <\/div>\n                <\/a>\n                                            <a href=\"https:\/\/www.santamonica.com\/fr\/partners\/promote-your-business\/\" class=\"links-grid__card-link\" aria-label=\"Promouvoir votre entreprise\" >\n                    <div class=\"links-grid__card\">\n                                                    <div class=\"links-grid__card-image-wrapper\">\n                                <img decoding=\"async\" width=\"366\" height=\"330\" src=\"https:\/\/www.santamonica.com\/wp-content\/uploads\/2022\/07\/Partner366x330.jpg\" class=\"links-grid__card-image\" alt=\"Salle ouverte \u00e0 la convention avec l&#039;image de marque de Santa Monica\" loading=\"lazy\" srcset=\"https:\/\/www.santamonica.com\/wp-content\/uploads\/2022\/07\/Partner366x330.jpg 366w, https:\/\/www.santamonica.com\/wp-content\/uploads\/2022\/07\/Partner366x330-300x270.jpg 300w, https:\/\/www.santamonica.com\/wp-content\/uploads\/2022\/07\/Partner366x330-166x150.jpg 166w\" sizes=\"auto, (max-width: 366px) 100vw, 366px\" title=\"\">                            <\/div>\n                                                <div class=\"links-grid__card-text\">\n                                                            <div class=\"links-grid__card-title\">Promouvoir votre entreprise<\/div>\n                                                                                        <div class=\"links-grid__card-description\">Utilisez les ressources du SMTT pour maximiser la port\u00e9e de votre entreprise.<\/div>\n                                                    <\/div>\n                    <\/div>\n                <\/a>\n                                            <a href=\"https:\/\/www.santamonica.com\/fr\/2024-tourism-summit-follow-up\/\" class=\"links-grid__card-link\" aria-label=\"Suivi du Sommet du tourisme 2025\" >\n                    <div class=\"links-grid__card\">\n                                                    <div class=\"links-grid__card-image-wrapper\">\n                                <img decoding=\"async\" width=\"400\" height=\"400\" src=\"https:\/\/www.santamonica.com\/wp-content\/uploads\/2025\/06\/Adobe-Express-file-2-copy-1-400x400.jpg\" class=\"links-grid__card-image\" alt=\"Suivi du Sommet du tourisme 2025\" loading=\"lazy\" title=\"\">                            <\/div>\n                                                <div class=\"links-grid__card-text\">\n                                                            <div class=\"links-grid__card-title\">Suivi du Sommet du tourisme 2025<\/div>\n                                                                                        <div class=\"links-grid__card-description\">Acc\u00e9dez aux ressources post-\u00e9v\u00e9nement du Sommet du tourisme de la SMTT.<\/div>\n                                                    <\/div>\n                    <\/div>\n                <\/a>\n                                            <a href=\"https:\/\/www.santamonica.com\/fr\/economic-value-of-tourism\/\" class=\"links-grid__card-link\" aria-label=\"Tourisme \u00e0 Santa Monica\" >\n                    <div class=\"links-grid__card\">\n                                                    <div class=\"links-grid__card-image-wrapper\">\n                                <img decoding=\"async\" width=\"366\" height=\"330\" src=\"https:\/\/www.santamonica.com\/wp-content\/uploads\/2022\/07\/Essential366x330.jpg\" class=\"links-grid__card-image\" alt=\"Vue a\u00e9rienne de la jet\u00e9e de Santa Monica, entour\u00e9e d&#039;un oc\u00e9an bleu et vert.\" loading=\"lazy\" srcset=\"https:\/\/www.santamonica.com\/wp-content\/uploads\/2022\/07\/Essential366x330.jpg 366w, https:\/\/www.santamonica.com\/wp-content\/uploads\/2022\/07\/Essential366x330-300x270.jpg 300w, https:\/\/www.santamonica.com\/wp-content\/uploads\/2022\/07\/Essential366x330-166x150.jpg 166w\" sizes=\"auto, (max-width: 366px) 100vw, 366px\" title=\"\">                            <\/div>\n                                                <div class=\"links-grid__card-text\">\n                                                            <div class=\"links-grid__card-title\">Tourisme \u00e0 Santa Monica<\/div>\n                                                                                        <div class=\"links-grid__card-description\">Obtenez les faits et d\u00e9couvrez l'impact \u00e9conomique du tourisme \u00e0 Santa Monica.<\/div>\n                                                    <\/div>\n                    <\/div>\n                <\/a>\n                                            <a href=\"https:\/\/www.santamonica.com\/fr\/about\/contact-us\/\" class=\"links-grid__card-link\" aria-label=\"Nous contacter\" >\n                    <div class=\"links-grid__card\">\n                                                    <div class=\"links-grid__card-image-wrapper\">\n                                <img decoding=\"async\" width=\"366\" height=\"330\" src=\"https:\/\/www.santamonica.com\/wp-content\/uploads\/2022\/07\/Partner366x330-1.jpg\" class=\"links-grid__card-image\" alt=\"Plage et vagues de l&#039;oc\u00e9an ; personnes sur la plage ; prise de vue a\u00e9rienne\" loading=\"lazy\" srcset=\"https:\/\/www.santamonica.com\/wp-content\/uploads\/2022\/07\/Partner366x330-1.jpg 366w, https:\/\/www.santamonica.com\/wp-content\/uploads\/2022\/07\/Partner366x330-1-300x270.jpg 300w, https:\/\/www.santamonica.com\/wp-content\/uploads\/2022\/07\/Partner366x330-1-166x150.jpg 166w\" sizes=\"auto, (max-width: 366px) 100vw, 366px\" title=\"\">                            <\/div>\n                                                <div class=\"links-grid__card-text\">\n                                                            <div class=\"links-grid__card-title\">Nous contacter<\/div>\n                                                                                        <div class=\"links-grid__card-description\">Consultez les derni\u00e8res mises \u00e0 jour sur le tourisme envoy\u00e9es par SMTT et inscrivez-vous pour recevoir des bulletins d'information.<\/div>\n                                                    <\/div>\n                    <\/div>\n                <\/a>\n                                            <a href=\"https:\/\/www.santamonica.com\/fr\/restaurants\/brunch-happy-hour-form\/\" class=\"links-grid__card-link\" aria-label=\"Formulaire Brunch\/Happy Hour\" >\n                    <div class=\"links-grid__card\">\n                                                    <div class=\"links-grid__card-image-wrapper\">\n                                <img decoding=\"async\" width=\"366\" height=\"330\" src=\"https:\/\/www.santamonica.com\/wp-content\/uploads\/2022\/07\/PartnerBrunch366x330.jpg\" class=\"links-grid__card-image\" alt=\"Martini rouge avec garniture ; pizza en arri\u00e8re-plan\" loading=\"lazy\" srcset=\"https:\/\/www.santamonica.com\/wp-content\/uploads\/2022\/07\/PartnerBrunch366x330.jpg 366w, https:\/\/www.santamonica.com\/wp-content\/uploads\/2022\/07\/PartnerBrunch366x330-300x270.jpg 300w, https:\/\/www.santamonica.com\/wp-content\/uploads\/2022\/07\/PartnerBrunch366x330-166x150.jpg 166w\" sizes=\"auto, (max-width: 366px) 100vw, 366px\" title=\"\">                            <\/div>\n                                                <div class=\"links-grid__card-text\">\n                                                            <div class=\"links-grid__card-title\">Formulaire Brunch\/Happy Hour<\/div>\n                                                                                        <div class=\"links-grid__card-description\">Soumettez le brunch ou le Happy Hour sp\u00e9cial de votre restaurant pour en faire la promotion sur le site Web de la SMTT.<\/div>\n                                                    <\/div>\n                    <\/div>\n                <\/a>\n                                            <a href=\"https:\/\/www.santamonica.com\/fr\/business-specials-submission-form\/\" class=\"links-grid__card-link\" aria-label=\"Soumettre des offres sp\u00e9ciales pour les entreprises\" >\n                    <div class=\"links-grid__card\">\n                                                    <div class=\"links-grid__card-image-wrapper\">\n                                <img decoding=\"async\" width=\"366\" height=\"330\" src=\"https:\/\/www.santamonica.com\/wp-content\/uploads\/2022\/07\/PartnerSpecial366x330.jpg\" class=\"links-grid__card-image\" alt=\"Femme versant du vin dans un verre au bar d&#039;un restaurant\" loading=\"lazy\" srcset=\"https:\/\/www.santamonica.com\/wp-content\/uploads\/2022\/07\/PartnerSpecial366x330.jpg 366w, https:\/\/www.santamonica.com\/wp-content\/uploads\/2022\/07\/PartnerSpecial366x330-300x270.jpg 300w, https:\/\/www.santamonica.com\/wp-content\/uploads\/2022\/07\/PartnerSpecial366x330-166x150.jpg 166w\" sizes=\"auto, (max-width: 366px) 100vw, 366px\" title=\"\">                            <\/div>\n                                                <div class=\"links-grid__card-text\">\n                                                            <div class=\"links-grid__card-title\">Soumettre des offres sp\u00e9ciales pour les entreprises<\/div>\n                                                                                        <div class=\"links-grid__card-description\">Soumettez votre sp\u00e9cialit\u00e9 commerciale et partagez-la avec la communaut\u00e9 sur le site web du SMTT.<\/div>\n                                                    <\/div>\n                    <\/div>\n                <\/a>\n                                            <a href=\"https:\/\/www.santamonica.com\/fr\/events\/\" class=\"links-grid__card-link\" aria-label=\"Ev\u00e9nements\" >\n                    <div class=\"links-grid__card\">\n                                                    <div class=\"links-grid__card-image-wrapper\">\n                                <img decoding=\"async\" width=\"366\" height=\"330\" src=\"https:\/\/www.santamonica.com\/wp-content\/uploads\/2022\/07\/PartnerEvents366x330.jpg\" class=\"links-grid__card-image\" alt=\"Homme courant sur la plage depuis l&#039;oc\u00e9an avec une pagaie ; APP World Tour ; Santa Monica Pier en arri\u00e8re-plan\" loading=\"lazy\" srcset=\"https:\/\/www.santamonica.com\/wp-content\/uploads\/2022\/07\/PartnerEvents366x330.jpg 366w, https:\/\/www.santamonica.com\/wp-content\/uploads\/2022\/07\/PartnerEvents366x330-300x270.jpg 300w, https:\/\/www.santamonica.com\/wp-content\/uploads\/2022\/07\/PartnerEvents366x330-166x150.jpg 166w\" sizes=\"auto, (max-width: 366px) 100vw, 366px\" title=\"\">                            <\/div>\n                                                <div class=\"links-grid__card-text\">\n                                                            <div class=\"links-grid__card-title\">Ev\u00e9nements<\/div>\n                                                                                        <div class=\"links-grid__card-description\">Vous organisez un \u00e9v\u00e9nement ? Faites-le figurer dans le calendrier des \u00e9v\u00e9nements du SMTT !<\/div>\n                                                    <\/div>\n                    <\/div>\n                <\/a>\n                        <\/div>\n<\/section>\n\n\n\n<section class=\"sun-title sm-block --theme6 sm-block\">\n            <h2 class=\"sun-title__headline\">Programmes communautaires<\/h2>    \n            <div class=\"sun-title__body  wysiwyg\">\n                    <p>Vous \u00eates une entreprise de Santa Monica et vous souhaitez vous impliquer davantage dans la communaut\u00e9 ? Consultez notre liste d'organisations locales pour savoir comment vous pouvez participer :<\/p>\n<ul>\n<li><a href=\"https:\/\/www.santamonica.gov\/programs\/buy-local-santa-monica\" target=\"_blank\" rel=\"noopener\">Buy Local Santa Monica<\/a><\/li>\n<li><a href=\"https:\/\/smchamber.com\/\" target=\"_blank\" rel=\"noopener\">Chambre de commerce<\/a><\/li>\n<li><a href=\"https:\/\/www.downtownsm.com\/about-us\" target=\"_blank\" rel=\"noopener\">Downtown Santa Monica, Inc. (DTSM)<\/a><\/li>\n<li><a href=\"https:\/\/www.mainstreetsm.com\/msbia\/\" target=\"_blank\" rel=\"noopener\">Association pour l'am\u00e9lioration des affaires de la rue principale<\/a><\/li>\n<li><a href=\"https:\/\/www.montanaave.com\/merchants\" target=\"_blank\" rel=\"noopener\">Association des commer\u00e7ants de l'avenue Montana<\/a><\/li>\n<li><a href=\"https:\/\/picopassport.com\/about\" target=\"_blank\" rel=\"noopener\">Organisation pour l'am\u00e9lioration de Pico<\/a><\/li>\n<li><a href=\"https:\/\/www.sustainableworks.org\/\" target=\"_blank\" rel=\"noopener\">Travaux durables<\/a><\/li>\n<\/ul>\n                        <\/div>\n    <\/section>\n\n\n<section class=\"meetings-contact-us sm-block\">\n    <div class=\"meetings-contact-us__inner\">\n        <div class=\"meetings-contact-us__image-wrap\">\n            <img decoding=\"async\" width=\"1024\" height=\"304\" src=\"https:\/\/www.santamonica.com\/wp-content\/uploads\/2022\/07\/Help1280x380-1024x304.jpg\" class=\"attachment-large size-large\" alt=\"Image du b\u00e2timent du centre des visiteurs ; b\u00e2timent gris avec un panneau d&#039;information au-dessus.\" srcset=\"https:\/\/www.santamonica.com\/wp-content\/uploads\/2022\/07\/Help1280x380-1024x304.jpg 1024w, https:\/\/www.santamonica.com\/wp-content\/uploads\/2022\/07\/Help1280x380-300x89.jpg 300w, https:\/\/www.santamonica.com\/wp-content\/uploads\/2022\/07\/Help1280x380-270x80.jpg 270w, https:\/\/www.santamonica.com\/wp-content\/uploads\/2022\/07\/Help1280x380-768x228.jpg 768w, https:\/\/www.santamonica.com\/wp-content\/uploads\/2022\/07\/Help1280x380.jpg 1280w\" sizes=\"(max-width: 1024px) 100vw, 1024px\" title=\"\">        <\/div>\n        <div class=\"meetings-contact-us__body\">\n            <h1 class=\"meetings-contact-us__heading\">\n                Vous avez des questions ?            <\/h1>\n            <p class=\"meetings-contact-us__intro\">\n                Vous vous sentirez soutenu lorsque vous contacterez l'\u00e9quipe d'experts de Santa Monica Travel &amp; Tourism d\u00e8s aujourd'hui !            <\/p>\n            <div class=\"meetings-contact-us__phone-numbers wysiwyg\">\n                                                            <\/div>\n            <div class=\"meetings-contact-us__ctas\">\n                                            <a class=\"meetings-contact-us__primary-cta\" href=\"https:\/\/www.santamonica.com\/fr\/reunions-conventions\/reunions-nous-contacter\/\">Nous contacter<\/a>\n                                                    <\/div>\n        <\/div>\n    <\/div>\n\n<\/section>\n\n\n<section class=\"blog-feed --theme8 sm-block\">\n    <div class=\"blog-feed__content\">\n        <div class=\"blog-feed__intro\">\n                                        <h1 class=\"blog-feed__headline\">Blogs<\/h1>                                            <\/div>\n\n        <ul class=\"blog-feed__list\">\n                                                <li class=\"blog-feed__item\">\n                        <a href=\"https:\/\/www.santamonica.com\/fr\/santa-monica-hotels-offer-spring-staycation-discounts-to-residents-of-los-angeles-county-2\/\" class=\"blog-feed__item-link\">\n                            <div class=\"blog-feed__image-ratio\">\n                                <img decoding=\"async\" class=\"blog-feed__image\" src=\"https:\/\/www.santamonica.com\/wp-content\/uploads\/2026\/03\/1-240423_01_SMTT_1143-400x400.jpg\" alt=\"LES H\u00d4TELS DE SANTA MONICA OFFRENT DES R\u00c9DUCTIONS POUR LES S\u00c9JOURS DE PRINTEMPS AUX R\u00c9SIDENTS DU COMT\u00c9 DE LOS ANGELES\" title=\"\">\n                            <\/div>\n                            <div class=\"blog-feed__card-title\">LES H\u00d4TELS DE SANTA MONICA OFFRENT DES R\u00c9DUCTIONS POUR LES S\u00c9JOURS DE PRINTEMPS AUX R\u00c9SIDENTS DU COMT\u00c9 DE LOS ANGELES<\/div>\n                        <\/a>\n                    <\/li>\n                                                                <li class=\"blog-feed__item\">\n                        <a href=\"https:\/\/www.santamonica.com\/fr\/whats-new-in-santa-monica-winter-2026\/\" class=\"blog-feed__item-link\">\n                            <div class=\"blog-feed__image-ratio\">\n                                <img decoding=\"async\" class=\"blog-feed__image\" src=\"https:\/\/www.santamonica.com\/wp-content\/uploads\/2026\/02\/Hotel-Casa-del-Mar-400x400.jpg\" alt=\"QUOI DE NEUF \u00c0 SANTA MONICA - HIVER 2026\" title=\"\">\n                            <\/div>\n                            <div class=\"blog-feed__card-title\">QUOI DE NEUF \u00c0 SANTA MONICA - HIVER 2026<\/div>\n                        <\/a>\n                    <\/li>\n                                                                <li class=\"blog-feed__item\">\n                        <a href=\"https:\/\/www.santamonica.com\/fr\/media\/news-release\/base-yourself-beachside-in-santa-monica-for-fifa-world-cup-2026\/\" class=\"blog-feed__item-link\">\n                            <div class=\"blog-feed__image-ratio\">\n                                <img decoding=\"async\" class=\"blog-feed__image\" src=\"https:\/\/www.santamonica.com\/wp-content\/uploads\/2026\/02\/0-4-1-400x400.jpg\" alt=\"BASEZ-VOUS SUR LA PLAGE \u00c0 SANTA MONICA POUR LA COUPE DU MONDE DE LA FIFA 2026\u2122\" title=\"\">\n                            <\/div>\n                            <div class=\"blog-feed__card-title\">BASEZ-VOUS SUR LA PLAGE \u00c0 SANTA MONICA POUR LA COUPE DU MONDE DE LA FIFA 2026\u2122<\/div>\n                        <\/a>\n                    <\/li>\n                                    <\/ul>\n    <\/div>\n<\/section>","protected":false},"excerpt":{"rendered":"","protected":false},"author":1421,"featured_media":348936,"parent":0,"menu_order":0,"comment_status":"closed","ping_status":"closed","template":"template-things-to-do.php","meta":{"_acf_changed":false,"inline_featured_image":false,"footnotes":""},"silos":[3908],"class_list":["post-344327","page","type-page","status-publish","has-post-thumbnail","hentry"],"acf":[],"_links":{"self":[{"href":"https:\/\/www.santamonica.com\/fr\/wp-json\/wp\/v2\/pages\/344327","targetHints":{"allow":["GET"]}}],"collection":[{"href":"https:\/\/www.santamonica.com\/fr\/wp-json\/wp\/v2\/pages"}],"about":[{"href":"https:\/\/www.santamonica.com\/fr\/wp-json\/wp\/v2\/types\/page"}],"author":[{"embeddable":true,"href":"https:\/\/www.santamonica.com\/fr\/wp-json\/wp\/v2\/users\/1421"}],"replies":[{"embeddable":true,"href":"https:\/\/www.santamonica.com\/fr\/wp-json\/wp\/v2\/comments?post=344327"}],"version-history":[{"count":75,"href":"https:\/\/www.santamonica.com\/fr\/wp-json\/wp\/v2\/pages\/344327\/revisions"}],"predecessor-version":[{"id":424437,"href":"https:\/\/www.santamonica.com\/fr\/wp-json\/wp\/v2\/pages\/344327\/revisions\/424437"}],"wp:featuredmedia":[{"embeddable":true,"href":"https:\/\/www.santamonica.com\/fr\/wp-json\/wp\/v2\/media\/348936"}],"wp:attachment":[{"href":"https:\/\/www.santamonica.com\/fr\/wp-json\/wp\/v2\/media?parent=344327"}],"wp:term":[{"taxonomy":"silos","embeddable":true,"href":"https:\/\/www.santamonica.com\/fr\/wp-json\/wp\/v2\/silos?post=344327"}],"curies":[{"name":"wp","href":"https:\/\/api.w.org\/{rel}","templated":true}]}}