{"id":344304,"date":"2022-07-08T12:40:45","date_gmt":"2022-07-08T19:40:45","guid":{"rendered":"https:\/\/www.santamonica.com\/?page_id=344304"},"modified":"2025-11-10T07:41:11","modified_gmt":"2025-11-10T15:41:11","slug":"metro-de-santa-monica","status":"publish","type":"page","link":"https:\/\/www.santamonica.com\/fr\/transportation\/santa-monica-metro\/","title":{"rendered":"M\u00e9tro de Santa Monica"},"content":{"rendered":"<div class=\"wp-block-columns is-layout-flex wp-container-core-columns-is-layout-28f84493 wp-block-columns-is-layout-flex base-block\">\n<div class=\"wp-block-column is-layout-flow wp-block-column-is-layout-flow base-block\">\n<h4 class=\"wp-block-heading base-block\">\u00c9tape 1 - Obtenir une carte TAP<\/h4>\n\n\n\n<p class=\"base-block\">Achetez une carte TAP dans les distributeurs automatiques situ\u00e9s dans les stations de m\u00e9tro ou commandez-la en ligne sur taptogo.net. Pour utiliser une carte TAP dans le m\u00e9tro ou le Big Blue Bus, chargez une valeur en dollars. Une fois que vous avez charg\u00e9 de l'argent dans la voiture, passez la carte aux valideurs avant de monter \u00e0 bord. Certaines plates-formes n'ont pas de tourniquet, assurez-vous de tapoter votre carte avant de monter \u00e0 bord.<\/p>\n<\/div>\n\n\n\n<div class=\"wp-block-column is-layout-flow wp-block-column-is-layout-flow base-block\">\n<h4 class=\"wp-block-heading base-block\">\u00c9tape 2 - Planifiez votre voyage<\/h4>\n\n\n\n<p class=\"base-block\">Il y a trois stations de la ligne E du m\u00e9tro \u00e0 Santa Monica : 26th St \/ Bergamot Station, 17th Street \/ Santa Monica College et Downtown Santa Monica. Vous pouvez vous connecter \u00e0 n'importe laquelle de ces stations via <strong><a href=\"https:\/\/www.santamonica.com\/fr\/le-transport\/les-transports-publics\/\">en bus, \u00e0 v\u00e9lo ou \u00e0 pied<\/a><\/strong>. Les v\u00e9los sont autoris\u00e9s sur la ligne E du m\u00e9tro \u00e0 Santa Monica. Pour conna\u00eetre les horaires des trains, les itin\u00e9raires, les horaires et les correspondances, consultez le site metro.net.<\/p>\n<\/div>\n\n\n\n<div class=\"wp-block-column is-layout-flow wp-block-column-is-layout-flow base-block\">\n<h4 class=\"wp-block-heading base-block\">\u00c9tape 3 - S'amuser<\/h4>\n\n\n\n<p class=\"base-block\">Il n'y a pas de limite \u00e0 la nourriture, \u00e0 la culture et \u00e0 l'amusement que l'on peut trouver sur la ligne E du m\u00e9tro. \u00c0 la station 26th St\/Bergamot, visitez le Bergamot Station Arts Center.  La station 17th St\/SMC propose le Memorial Park, le Eli and Edythe Broad Stage et le 18th Street Art Center. La ligne se termine \u00e0 la station Downtown Santa Monica, pr\u00e8s de Third Street Promenade et de Santa Monica Pier.<\/p>\n<\/div>\n<\/div>\n\n\n\n<section class=\"two-images container-max sm-block  sm-block\">\n    <div class=\"two-images__container\">\n\n        <div class=\"two-images__column\">\n            <div class=\"two-images__content\">\n                <div class=\"two-images__content-header-container\">\n                                            <h2 class=\"two-images__content-header\">Explorer Santa Monica jusqu'au centre-ville de Los Angeles<\/h2>                                    <\/div>\n                                    <div class=\"two-images__content-body wysiwyg\">\n                        <p><span style=\"font-weight: 400;\">N'oubliez pas d'explorer l'autre extr\u00e9mit\u00e9 de la ligne E du m\u00e9tro ! Si vous \u00eates \u00e0 Santa Monica, profitez d'un trajet sans voiture pour assister \u00e0 un spectacle au Kirk Douglas Theatre, \u00e0 un match au Crypto.com Arena (anciennement Staples Center) ou \u00e0 un concert au Walt Disney Concert Hall.\u00a0<\/span><\/p>\n<p><span style=\"font-weight: 400;\">Le train se termine \u00e0 la station 7th Street Metro Center sur Figueroa Street. Un trajet complet sur la ligne E du m\u00e9tro dure environ 46 minutes, ce qui est beaucoup plus rapide que de rester dans les embouteillages.<\/span><\/p>\n                    <\/div>\n                                            <\/div>\n        <\/div>\n\n        <div class=\"two-images__column\">\n                            <div class=\"two-images__image-container\">\n                    <img decoding=\"async\" width=\"424\" height=\"504\" src=\"https:\/\/www.santamonica.com\/wp-content\/uploads\/2022\/07\/Santa-Monica-Pier-Pacific-Park-424-504.png\" class=\"two-images__image\" alt=\"Journ\u00e9e ensoleill\u00e9e \u00e0 l&#039;entr\u00e9e du Pacific Park sur la jet\u00e9e de Santa Monica.\" loading=\"lazy\" srcset=\"https:\/\/www.santamonica.com\/wp-content\/uploads\/2022\/07\/Santa-Monica-Pier-Pacific-Park-424-504.png 424w, https:\/\/www.santamonica.com\/wp-content\/uploads\/2022\/07\/Santa-Monica-Pier-Pacific-Park-424-504-252x300.png 252w, https:\/\/www.santamonica.com\/wp-content\/uploads\/2022\/07\/Santa-Monica-Pier-Pacific-Park-424-504-126x150.png 126w\" sizes=\"auto, (max-width: 424px) 100vw, 424px\" title=\"\">                    \n\n                <\/div>\n                    <\/div>\n\n        <div class=\"two-images__column\">\n                            <div class=\"two-images__image-container\">\n                    <img decoding=\"async\" width=\"564\" height=\"530\" src=\"https:\/\/www.santamonica.com\/wp-content\/uploads\/2022\/07\/Kid-At-The-Aquarium.png\" class=\"two-images__image\" alt=\"Les enfants \u00e0 l&#039;aquarium\" loading=\"lazy\" srcset=\"https:\/\/www.santamonica.com\/wp-content\/uploads\/2022\/07\/Kid-At-The-Aquarium.png 564w, https:\/\/www.santamonica.com\/wp-content\/uploads\/2022\/07\/Kid-At-The-Aquarium-300x282.png 300w, https:\/\/www.santamonica.com\/wp-content\/uploads\/2022\/07\/Kid-At-The-Aquarium-160x150.png 160w\" sizes=\"auto, (max-width: 564px) 100vw, 564px\" title=\"\">                    \n\n                <\/div>\n                    <\/div>\n\n    <\/div>\n<\/section>\n\n\n\n<section class=\"image-section-break sm-block\">\n    <div class=\"image-section-break__image-wrapper\">\n                    <picture>\n                    <source\n                        media=\"(min-width: 768px)\"\n                        srcset=\"https:\/\/www.santamonica.com\/wp-content\/uploads\/2022\/07\/Santa-Monica-Metro-Expo-1565x574-1.png\"\n                    >\n                    <img decoding=\"async\" src=\"https:\/\/www.santamonica.com\/wp-content\/uploads\/2022\/07\/Santa-Monica-Metro-Expo-650x866-1.png\" class=\"image-section-break__image\" alt=\"Des personnes \u00e0 la station de la ligne Expo du m\u00e9tro de Santa Monica.\" title=\"\">\n            <\/picture>\n                \n\n    <\/div>\n    <div class=\"image-section-break__text-content\">\n        <div class=\"image-section-break__first-content --theme3\">\n                            <div class=\"image-section-break__eyebrow-text\">Transport vers la ligne E du m\u00e9tro<\/div>\n                                        <h2 class=\"image-section-break__title\">Se rendre \u00e0 la ligne E du m\u00e9tro<\/h2>\n                                        <div class=\"image-section-break__body-copy wysiwyg\"><p><span style=\"font-weight: 400;\">\u200b\u200b<\/span><span style=\"font-weight: 400;\">Montez dans le Big Blue Bus, faites du v\u00e9lo ou marchez pour rejoindre la ligne E du m\u00e9tro \u00e0 Santa Monica. Les trains circulant toutes les 8 minutes environ, vous n'\u00eates jamais \u00e0 plus de quelques minutes de votre prochain trajet. Votre carte TAP peut \u00eatre utilis\u00e9e \u00e0 la fois sur la ligne E du m\u00e9tro et sur le Big Blue Bus, alors chargez votre ticket, TAP et partez !<\/span><\/p>\n<\/div>\n                                <\/div>\n        <div class=\"image-section-break__second-content\">\n                            <div class=\"image-section-break__body-copy wysiwyg\"><p><span style=\"font-weight: 400;\">Vous pouvez vous rendre directement \u00e0 l'une des trois stations de m\u00e9tro de Santa Monica gr\u00e2ce aux plus de 100 miles de pistes cyclables de la ville. Les v\u00e9los sont autoris\u00e9s dans le train, et chaque voiture dispose d'un espace r\u00e9serv\u00e9 \u00e0 cet effet.<\/span><\/p>\n<p><strong><a href=\"https:\/\/www.santamonica.com\/fr\/le-transport\/stationnement\/\">Parking<\/a><\/strong><span style=\"font-weight: 400;\"> est \u00e9galement disponible \u00e0 Santa Monica \u00e0 la station 17th Street\/Santa Monica College pour une somme modique.  Si vous visitez Santa Monica pour la journ\u00e9e, pensez \u00e0 vous garer dans l'un des parkings suivants <\/span><a href=\"https:\/\/www.metro.net\/riding\/parking\/lotsbyline\/\" target=\"_blank\" rel=\"noopener\"><span style=\"font-weight: 400;\"><strong>plusieurs parkings<\/strong><\/span><\/a><span style=\"font-weight: 400;\"> le long de la ligne E et se rendre en ville pour une journ\u00e9e de plaisir \u00e0 la plage.<\/span><\/p>\n<\/div>\n                                <\/div>\n    <\/div>\n<\/section>\n\n\n<section class=\"crowdriff-gallery sm-block\">\n    <div class=\"crowdriff-gallery__content\">\n                    <h2 class=\"crowdriff-gallery__headline\">Explorer Santa Monica<\/h2>                            <script id=\"cr-init__186c78a6\" src=\"https:\/\/starling.crowdriff.com\/js\/crowdriff.js\" async><\/script>\n            <\/div>\n<\/section>\n\n\n<section class=\"blog-feed --theme8 sm-block\">\n    <div class=\"blog-feed__content\">\n        <div class=\"blog-feed__intro\">\n                            <div class=\"blog-feed__eyebrow eyebrow\">Blogs<\/div>                                        <h2 class=\"blog-feed__headline\">D\u00e9couvrir Santa Monica<\/h2>                                        <div class=\"blog-feed__body\"><p>Explorez les itin\u00e9raires, les conseils locaux, les points chauds et les aventures organis\u00e9es pour \u00eatre s\u00fbr de profiter au maximum de votre exp\u00e9rience \u00e0 Santa Monica.<\/p>\n<\/div>\n                                        <a class=\"blog-feed__cta\" href=\"https:\/\/www.santamonica.com\/fr\/articles-de-blog\/\">Voir tous les blogs<\/a>\n                    <\/div>\n\n        <ul class=\"blog-feed__list\">\n                                                <li class=\"blog-feed__item\">\n                        <a href=\"https:\/\/www.santamonica.com\/fr\/mother-road-modern-meetings-route-66-meeting-spaces-set-to-shine-for-centennial-in-santa-monica\/\" class=\"blog-feed__item-link\">\n                            <div class=\"blog-feed__image-ratio\">\n                                <img decoding=\"async\" class=\"blog-feed__image\" src=\"https:\/\/www.santamonica.com\/wp-content\/uploads\/2025\/12\/untitledJuly20162C2020180010-182-2-400x400.jpg\" alt=\"ROUTE MATERNELLE, R\u00c9UNIONS MODERNES : LES ESPACES DE R\u00c9UNION DE LA ROUTE 66 S&#039;APPR\u00caTENT \u00c0 BRILLER POUR LE CENTENAIRE \u00c0 SANTA MONICA\" title=\"\">\n                            <\/div>\n                            <div class=\"blog-feed__card-title\">ROUTE MATERNELLE, R\u00c9UNIONS MODERNES : LES ESPACES DE R\u00c9UNION DE LA ROUTE 66 S'APPR\u00caTENT \u00c0 BRILLER POUR LE CENTENAIRE \u00c0 SANTA MONICA<\/div>\n                        <\/a>\n                    <\/li>\n                                                                <li class=\"blog-feed__item\">\n                        <a href=\"https:\/\/www.santamonica.com\/fr\/media\/news-release\/santa-monica-announces-song-contest-in-celebration-of-route-66-centennial\/\" class=\"blog-feed__item-link\">\n                            <div class=\"blog-feed__image-ratio\">\n                                <img decoding=\"async\" class=\"blog-feed__image\" src=\"https:\/\/www.santamonica.com\/wp-content\/uploads\/2025\/11\/DSC01084-400x400.jpg\" alt=\"SANTA MONICA ANNONCE UN CONCOURS DE CHANSONS POUR C\u00c9L\u00c9BRER LE CENTENAIRE DE LA ROUTE 66\" title=\"\">\n                            <\/div>\n                            <div class=\"blog-feed__card-title\">SANTA MONICA ANNONCE UN CONCOURS DE CHANSONS POUR C\u00c9L\u00c9BRER LE CENTENAIRE DE LA ROUTE 66<\/div>\n                        <\/a>\n                    <\/li>\n                                                                <li class=\"blog-feed__item\">\n                        <a href=\"https:\/\/www.santamonica.com\/fr\/media\/news-release\/where-to-watch-the-world-series-in-santa-monica\/\" class=\"blog-feed__item-link\">\n                            <div class=\"blog-feed__image-ratio\">\n                                <img decoding=\"async\" class=\"blog-feed__image\" src=\"https:\/\/www.santamonica.com\/wp-content\/uploads\/2025\/10\/dodgers-logo-1-400x400.jpg\" alt=\"O\u00d9 REGARDER LES CHAMPIONNATS DU MONDE \u00c0 SANTA MONICA\" title=\"\">\n                            <\/div>\n                            <div class=\"blog-feed__card-title\">O\u00d9 REGARDER LES CHAMPIONNATS DU MONDE \u00c0 SANTA MONICA<\/div>\n                        <\/a>\n                    <\/li>\n                                    <\/ul>\n    <\/div>\n<\/section>","protected":false},"excerpt":{"rendered":"<p>Step 1 \u2013 Get a TAP Card Buy a TAP card at vending machines located at Metro Rail stations or order online at taptogo.net. To use a TAP card on the Metro or Big Blue Bus, load on a dollar value. Once you\u2019ve loaded money onto the car, TAP the card at the validators before boarding. Some platforms do not have a turnstile, make sure to still tap your card before boarding. Step 2 \u2013 Plan Your Trip There are three Metro E Line stations in Santa Monica: 26th St \/ Bergamot Station, 17th Street \/ Santa Monica College and [\u2026]<\/p>\n","protected":false},"author":1421,"featured_media":348590,"parent":0,"menu_order":0,"comment_status":"closed","ping_status":"closed","template":"template-editorial.php","meta":{"_acf_changed":false,"inline_featured_image":false,"footnotes":""},"silos":[3906],"class_list":["post-344304","page","type-page","status-publish","has-post-thumbnail","hentry"],"acf":[],"_links":{"self":[{"href":"https:\/\/www.santamonica.com\/fr\/wp-json\/wp\/v2\/pages\/344304","targetHints":{"allow":["GET"]}}],"collection":[{"href":"https:\/\/www.santamonica.com\/fr\/wp-json\/wp\/v2\/pages"}],"about":[{"href":"https:\/\/www.santamonica.com\/fr\/wp-json\/wp\/v2\/types\/page"}],"author":[{"embeddable":true,"href":"https:\/\/www.santamonica.com\/fr\/wp-json\/wp\/v2\/users\/1421"}],"replies":[{"embeddable":true,"href":"https:\/\/www.santamonica.com\/fr\/wp-json\/wp\/v2\/comments?post=344304"}],"version-history":[{"count":47,"href":"https:\/\/www.santamonica.com\/fr\/wp-json\/wp\/v2\/pages\/344304\/revisions"}],"predecessor-version":[{"id":775589,"href":"https:\/\/www.santamonica.com\/fr\/wp-json\/wp\/v2\/pages\/344304\/revisions\/775589"}],"wp:featuredmedia":[{"embeddable":true,"href":"https:\/\/www.santamonica.com\/fr\/wp-json\/wp\/v2\/media\/348590"}],"wp:attachment":[{"href":"https:\/\/www.santamonica.com\/fr\/wp-json\/wp\/v2\/media?parent=344304"}],"wp:term":[{"taxonomy":"silos","embeddable":true,"href":"https:\/\/www.santamonica.com\/fr\/wp-json\/wp\/v2\/silos?post=344304"}],"curies":[{"name":"wp","href":"https:\/\/api.w.org\/{rel}","templated":true}]}}