{"id":344205,"date":"2022-06-30T10:05:27","date_gmt":"2022-06-30T17:05:27","guid":{"rendered":"https:\/\/www.santamonica.com\/?page_id=344205"},"modified":"2024-05-23T17:16:01","modified_gmt":"2024-05-24T00:16:01","slug":"valeur-economique-du-tourisme","status":"publish","type":"page","link":"https:\/\/www.santamonica.com\/fr\/economic-value-of-tourism\/","title":{"rendered":"Tourisme \u00e0 Santa Monica"},"content":{"rendered":"<section class=\"sun-title sm-block --theme6 --2col sm-block\">\n            <h4 class=\"sun-title__headline\">Profil des visiteurs et \u00e9tudes d'impact \u00e9conomique<\/h4>    \n            <div class=\"sun-title__body  --2col wysiwyg\">\n                    <div class=\"column-1\">\n                <h4><strong>2023 Le tourisme en chiffres<\/strong><\/h4>\n<ul>\n<li>4,6 millions de visiteurs sont venus \u00e0 Santa Monica.<\/li>\n<li>1,1 million de visiteurs sont venus \u00e0 Santa Monica depuis l'\u00e9tranger.<\/li>\n<li>$938.1M g\u00e9n\u00e9r\u00e9 par le tourisme pour notre \u00e9conomie locale.<\/li>\n<li>7 182 emplois soutenus par le tourisme \u00e0 Santa Monica.<\/li>\n<\/ul>\n<p><a href=\"https:\/\/www.santamonica.com\/wp-content\/uploads\/2024\/05\/2023-Santa-Monica-Economic-Impact-Summary.pdf\" target=\"_blank\" rel=\"noopener\">T\u00e9l\u00e9charger le rapport de synth\u00e8se<\/a><\/p>\n                            <\/div>\n            <div class=\"column-2\">\n                <h4><strong>2022 Le tourisme en chiffres<\/strong><\/h4>\n<ul>\n<li>5,3 millions de visiteurs se sont rendus \u00e0 Santa Monica.<\/li>\n<li>1,1 million de visiteurs sont venus \u00e0 Santa Monica depuis l'\u00e9tranger.<\/li>\n<li>$961.7M g\u00e9n\u00e9r\u00e9 par le tourisme pour notre \u00e9conomie locale.<\/li>\n<li>8 049 emplois soutenus par le tourisme \u00e0 Santa Monica.<\/li>\n<\/ul>\n<p><a href=\"https:\/\/www.santamonica.com\/wp-content\/uploads\/2023\/06\/Econ-Imp-Summary-2022.pdf\" target=\"_blank\" rel=\"noopener\">T\u00e9l\u00e9charger le rapport de synth\u00e8se<\/a><\/p>\n                            <\/div>\n            <\/div>\n    <\/section>\n\n\n\n<p class=\"base-block\"><\/p>\n\n\n\n<p class=\"base-block\">Un rapport complet pour chaque ann\u00e9e est \u00e9galement disponible sur demande au prix de $600. Veuillez envoyer un courriel \u00e0 <a href=\"mailto:eedwards@santamonica.com\">eedwards@santamonica.com<\/a>.<\/p>\n\n\n<section class=\"blog-feed --theme8 sm-block\">\n    <div class=\"blog-feed__content\">\n        <div class=\"blog-feed__intro\">\n                            <div class=\"blog-feed__eyebrow eyebrow\">Blogs<\/div>                                        <h2 class=\"blog-feed__headline\">D\u00e9couvrir Santa Monica<\/h2>                                        <div class=\"blog-feed__body\"><p>Explorez les itin\u00e9raires, les conseils locaux, les points chauds et les aventures organis\u00e9es pour \u00eatre s\u00fbr de profiter au maximum de votre exp\u00e9rience \u00e0 Santa Monica.<\/p>\n<\/div>\n                                        <a class=\"blog-feed__cta\" href=\"https:\/\/www.santamonica.com\/fr\/articles-de-blog\/\">Voir tous les blogs<\/a>\n                    <\/div>\n\n        <ul class=\"blog-feed__list\">\n                                                <li class=\"blog-feed__item\">\n                        <a href=\"https:\/\/www.santamonica.com\/fr\/mother-road-modern-meetings-route-66-meeting-spaces-set-to-shine-for-centennial-in-santa-monica\/\" class=\"blog-feed__item-link\">\n                            <div class=\"blog-feed__image-ratio\">\n                                <img decoding=\"async\" class=\"blog-feed__image\" src=\"https:\/\/www.santamonica.com\/wp-content\/uploads\/2025\/12\/untitledJuly20162C2020180010-182-2-400x400.jpg\" alt=\"ROUTE MATERNELLE, R\u00c9UNIONS MODERNES : LES ESPACES DE R\u00c9UNION DE LA ROUTE 66 S&#039;APPR\u00caTENT \u00c0 BRILLER POUR LE CENTENAIRE \u00c0 SANTA MONICA\" title=\"\">\n                            <\/div>\n                            <div class=\"blog-feed__card-title\">ROUTE MATERNELLE, R\u00c9UNIONS MODERNES : LES ESPACES DE R\u00c9UNION DE LA ROUTE 66 S'APPR\u00caTENT \u00c0 BRILLER POUR LE CENTENAIRE \u00c0 SANTA MONICA<\/div>\n                        <\/a>\n                    <\/li>\n                                                                <li class=\"blog-feed__item\">\n                        <a href=\"https:\/\/www.santamonica.com\/fr\/media\/news-release\/santa-monica-announces-song-contest-in-celebration-of-route-66-centennial\/\" class=\"blog-feed__item-link\">\n                            <div class=\"blog-feed__image-ratio\">\n                                <img decoding=\"async\" class=\"blog-feed__image\" src=\"https:\/\/www.santamonica.com\/wp-content\/uploads\/2025\/11\/DSC01084-400x400.jpg\" alt=\"SANTA MONICA ANNONCE UN CONCOURS DE CHANSONS POUR C\u00c9L\u00c9BRER LE CENTENAIRE DE LA ROUTE 66\" title=\"\">\n                            <\/div>\n                            <div class=\"blog-feed__card-title\">SANTA MONICA ANNONCE UN CONCOURS DE CHANSONS POUR C\u00c9L\u00c9BRER LE CENTENAIRE DE LA ROUTE 66<\/div>\n                        <\/a>\n                    <\/li>\n                                                                <li class=\"blog-feed__item\">\n                        <a href=\"https:\/\/www.santamonica.com\/fr\/media\/news-release\/where-to-watch-the-world-series-in-santa-monica\/\" class=\"blog-feed__item-link\">\n                            <div class=\"blog-feed__image-ratio\">\n                                <img decoding=\"async\" class=\"blog-feed__image\" src=\"https:\/\/www.santamonica.com\/wp-content\/uploads\/2025\/10\/dodgers-logo-1-400x400.jpg\" alt=\"O\u00d9 REGARDER LES CHAMPIONNATS DU MONDE \u00c0 SANTA MONICA\" title=\"\">\n                            <\/div>\n                            <div class=\"blog-feed__card-title\">O\u00d9 REGARDER LES CHAMPIONNATS DU MONDE \u00c0 SANTA MONICA<\/div>\n                        <\/a>\n                    <\/li>\n                                    <\/ul>\n    <\/div>\n<\/section>","protected":false},"excerpt":{"rendered":"<p>A full report for each year is also available for a cost of $600 each upon request. Please email eedwards@santamonica.com.<\/p>","protected":false},"author":1450,"featured_media":343993,"parent":0,"menu_order":0,"comment_status":"closed","ping_status":"closed","template":"template-editorial.php","meta":{"_acf_changed":false,"inline_featured_image":false,"footnotes":""},"silos":[],"class_list":["post-344205","page","type-page","status-publish","has-post-thumbnail","hentry"],"acf":[],"_links":{"self":[{"href":"https:\/\/www.santamonica.com\/fr\/wp-json\/wp\/v2\/pages\/344205","targetHints":{"allow":["GET"]}}],"collection":[{"href":"https:\/\/www.santamonica.com\/fr\/wp-json\/wp\/v2\/pages"}],"about":[{"href":"https:\/\/www.santamonica.com\/fr\/wp-json\/wp\/v2\/types\/page"}],"author":[{"embeddable":true,"href":"https:\/\/www.santamonica.com\/fr\/wp-json\/wp\/v2\/users\/1450"}],"replies":[{"embeddable":true,"href":"https:\/\/www.santamonica.com\/fr\/wp-json\/wp\/v2\/comments?post=344205"}],"version-history":[{"count":56,"href":"https:\/\/www.santamonica.com\/fr\/wp-json\/wp\/v2\/pages\/344205\/revisions"}],"predecessor-version":[{"id":415982,"href":"https:\/\/www.santamonica.com\/fr\/wp-json\/wp\/v2\/pages\/344205\/revisions\/415982"}],"wp:featuredmedia":[{"embeddable":true,"href":"https:\/\/www.santamonica.com\/fr\/wp-json\/wp\/v2\/media\/343993"}],"wp:attachment":[{"href":"https:\/\/www.santamonica.com\/fr\/wp-json\/wp\/v2\/media?parent=344205"}],"wp:term":[{"taxonomy":"silos","embeddable":true,"href":"https:\/\/www.santamonica.com\/fr\/wp-json\/wp\/v2\/silos?post=344205"}],"curies":[{"name":"wp","href":"https:\/\/api.w.org\/{rel}","templated":true}]}}