{"id":343594,"date":"2022-06-24T17:21:51","date_gmt":"2022-06-25T00:21:51","guid":{"rendered":"https:\/\/www.santamonica.com\/?page_id=343594"},"modified":"2026-03-06T15:02:38","modified_gmt":"2026-03-06T23:02:38","slug":"jour-de-la-saint-patrick","status":"publish","type":"page","link":"https:\/\/www.santamonica.com\/fr\/things-to-do\/st-patricks-day\/","title":{"rendered":"La Saint-Patrick \u00e0 Santa Monica"},"content":{"rendered":"<section class=\"sun-title-images sm-block\">\n    <div class=\"sun-title-images__inner\">\n\n        <div class=\"sun-title-images__bottom\">\n            <div class=\"sun-title-images__bottom-content\">\n                <h2 class=\"sun-title-images__bottom-headline\">\n                    Offres sp\u00e9ciales pour la Saint-Patrick                <\/h2>\n                <div class=\"sun-title-images__bottom-text wysiwyg\">\n                    <p><strong>Holey Moley<br \/>\n<\/strong>Un peu de courage irlandais ne fait pas de mal <a href=\"https:\/\/www.santamonica.com\/fr\/choses-a-faire\/trou-du-cul\/\">Holey<\/a><a href=\"https:\/\/www.santamonica.com\/fr\/choses-a-faire\/trou-du-cul\/\"> Moley<\/a>. Choisissez parmi deux sp\u00e9cialit\u00e9s pour $8, ou accompagnez votre choix d'une bi\u00e8re pour seulement $12. C'est l'excuse parfaite pour r\u00e9unir votre \u00e9quipe, lever un verre et avoir de la chance entre deux parties de mini-golf. Disponible pour une dur\u00e9e limit\u00e9e - venez vous amuser avec nous !<\/p>\n<p><strong>Jameson's Pub<br \/>\n<\/strong>Consid\u00e9rez ceci comme votre excuse officielle pour commencer la f\u00eate plus t\u00f4t. Week-end de la Saint-Patrick \u00e0 <a href=\"https:\/\/www.santamonica.com\/fr\/restaurants\/jamesons-pub\/\">Jameson's Pub<\/a> signifie que la bi\u00e8re verte coule \u00e0 flots, que le whisky est vers\u00e9, et qu'il n'y a aucun regret. Nous ouvrons \u00e0 6 heures du matin le lundi 17 mars, car la Saint-Patrick n'attend personne. Venez profiter des promotions sur les boissons, de la bonne cuisine, des spectacles et de la chance qui vous accompagnera tout au long du week-end !<\/p>\n<p><strong>Arcade Playland<\/strong><br \/>\nPortez un v\u00eatement vert pour <a href=\"https:\/\/www.santamonica.com\/fr\/choses-a-faire\/playland-arcade\/\">Arcade Playland<\/a> et recevez 200 points suppl\u00e9mentaires sur votre carte de jeu ainsi qu'un collier gratuit en achetant l'une de nos offres sp\u00e9ciales de la St. Paddy's Day le mardi 17 mars.<\/p>\n                <\/div>\n            <\/div>\n            <div class=\"sun-title-images__bottom-images\">\n                <div class=\"sun-title-images__bottom-images-wrap\">\n                                    <img decoding=\"async\" class=\"sun-title-images__bottom-image-tall\" src=\"https:\/\/www.santamonica.com\/wp-content\/uploads\/2022\/06\/mcgregor-mural-santa-monica2.jpg\" alt=\"mcgregor-mural-santa-monica2\" title=\"\">\n                                                             <img decoding=\"async\" class=\"sun-title-images__bottom-image-square\" src=\"https:\/\/www.santamonica.com\/wp-content\/uploads\/2022\/06\/santa-monica-irish-pub.jpg\" alt=\"santa-monica-irish-pub\" title=\"\">\n                                    <\/div>\n            <\/div>\n        <\/div>\n\n    <\/div>\n<\/section>\n\n\n<section class=\"sun-title sm-block --theme6 --2col sm-block\" id=\"events\">\n            <h2 class=\"sun-title__headline\">\u00c9v\u00e9nements de la Saint-Patrick<\/h2>    \n            <div class=\"sun-title__body  --2col wysiwyg\">\n                    <div class=\"column-1\">\n                <p><strong>Cornemuses \u00e0 la Library Ale House<br \/>\n<\/strong><em>Dimanche 15 mars et mardi 17 mars<\/em><br \/>\nRejoindre <a href=\"https:\/\/www.santamonica.com\/fr\/restaurants\/la-bibliotheque-alehouse\/\">The Library Ale House<\/a> pour le week-end de la Saint-Patrick ! Profitez d'un spectacle de cornemuse \u00e0 15 heures le dimanche et \u00e0 18 heures le mardi, accompagn\u00e9 d'un sandwich Reuben sp\u00e9cial, d'un rago\u00fbt de corned beef et de Guiness et Jameson qui couleront \u00e0 flots toute la nuit.<\/p>\n<p><strong>Happy Hour au 1212 Santa Monica<br \/>\n<\/strong><em>Samedi 14 mars<br \/>\n<\/em>Santa Monica, se met au vert - le samedi 14 mars <a href=\"https:\/\/www.santamonica.com\/fr\/restaurants\/1212-santa-monica\/\">1212 Santa Monica<\/a> Paddy's avec des tours de bi\u00e8re verte, des boissons \u00e0 emporter et tous les plaisirs irlandais possibles. D\u00e9gustez des boissons en plein air dans la zone de divertissement pour vivre le week-end de la St-Paddy le plus \u00e9pique qui soit !<\/p>\n<p><strong>Festival du film irlandais \u00e0 Santa Monica<br \/>\n<\/strong><em>Du vendredi 20 mars au dimanche 22 mars<\/em><br \/>\nLe Festival du film irlandais de Los Angeles revient pour une c\u00e9l\u00e9bration passionnante de trois jours du cin\u00e9ma irlandais au <a href=\"https:\/\/www.santamonica.com\/fr\/choses-a-faire\/laemmles-monica-4-plex-theatres\/\">Laemmle Monica Film Center<\/a>. Le programme comprend six longs m\u00e9trages, trois documentaires et plus de 30 courts m\u00e9trages r\u00e9partis en quatre volets. Le programme comprend \u00e9galement du cin\u00e9ma en langue irlandaise, des s\u00e9ances de questions-r\u00e9ponses avec les r\u00e9alisateurs et des tables rondes sur les tendances \u00e9mergentes dans le domaine du cin\u00e9ma. Acheter des billets <a href=\"https:\/\/ciacla.com\/film\/\" target=\"_blank\" rel=\"noopener\">ici<\/a> maintenant !<\/p>\n<p><strong>La tourn\u00e9e des bars de Santa Monica \u00e0 l'occasion de la Saint-Patrick 2026<\/strong><br \/>\n<em>Vendredi 13 mars de 19h30 \u00e0 02h00 &amp; Samedi 14 mars de 19h30 \u00e0 02h00<\/em><br \/>\nC\u00e9l\u00e9brez la St. Paddy's Day avec une soir\u00e9e bien remplie \u00e0 Santa Monica. Visitez plus de 4 lieux participants, ne payez pas d'entr\u00e9e dans les lieux participants pendant les heures de la tourn\u00e9e des bars, et terminez ensemble \u00e0 l'arr\u00eat final pour faire la f\u00eate jusqu'\u00e0 tard dans la nuit. Acheter des billets <a href=\"https:\/\/www.eventbrite.ca\/e\/santa-monica-st-patricks-day-2026-bar-crawl-friday-march-13th-tickets-1980857407830?aff=odcleoeventsincollection\" target=\"_blank\" rel=\"noopener\">ici<\/a> maintenant !<\/p>\n                            <\/div>\n            <div class=\"column-2\">\n                <p><strong>La tourn\u00e9e des bars de Lucky pour la Saint-Patrick<\/strong><br \/>\n<em>Samedi 14 mars de 16h \u00e0 22h<\/em><br \/>\nFaites l'exp\u00e9rience d'une tourn\u00e9e des bars inoubliable, remplie de boissons vertes, de tr\u00e8fles et d'amusement non-stop ! D\u00e9part \u00e0 <a href=\"https:\/\/www.santamonica.com\/fr\/restaurants\/cabo-cantina\/\">Cabo Cantina<\/a>, Les visiteurs pourront ensuite se rendre dans les meilleurs bars de Santa Monica, profiter de promotions exclusives sur les boissons, de cadeaux festifs et de toute l'\u00e9nergie de la f\u00eate de la Saint-Patrick. Obtenir des billets <a href=\"https:\/\/crawlwith.us\/santamonica\/stpattys\/\" target=\"_blank\" rel=\"noopener\">ici.<\/a><\/p>\n<p><strong>Embrassez-moi, je suis irlandais ! F\u00eate des c\u00e9libataires de la Saint-Patrick chez Weary Livers<br \/>\n<\/strong><em>Samedi 14 mars de 19h \u00e0 23h<\/em><br \/>\nPr\u00e9parez-vous \u00e0 faire la f\u00eate sur le th\u00e8me du tr\u00e8fle et du roulis \u00e0 l'occasion de la f\u00eate de l'Europe. <a href=\"https:\/\/www.santamonica.com\/fr\/foies-fatigues\/\">Foie fatigu\u00e9\u2019<\/a> F\u00eate des c\u00e9libataires de la Saint-Patrick et soir\u00e9e karaok\u00e9 ! Que vous soyez l\u00e0 pour la bi\u00e8re verte, nos fameux shamrock shakes ou pour chanter vos chansons pr\u00e9f\u00e9r\u00e9es, c'est l'endroit o\u00f9 il faut \u00eatre ! En savoir plus <a href=\"https:\/\/www.santamonica.com\/fr\/evenement\/kiss-me-im-irish-singles-social-mixer-santa-monica\/\" target=\"_blank\" rel=\"noopener\">ici.<\/a><\/p>\n<p><strong>La f\u00eate de la Saint-Patrick chez Ye Olde King Head<\/strong><br \/>\n<em>Mardi 17 mars de 10h00 \u00e0 14h00<\/em><br \/>\nProfitez de la journ\u00e9e de la Saint-Patrick \u00e0 <a href=\"https:\/\/www.santamonica.com\/fr\/restaurants\/la-vieille-tete-des-rois\/\">Ye Olde King Head's<\/a> avec un DJ, un joueur de cornemuse, de la bi\u00e8re verte, du corned-beef et du chou, des boissons sp\u00e9ciales et bien d'autres choses encore ! Venez pour les manigances et restez pour l'humour ! En savoir plus <a href=\"https:\/\/www.yeoldekingshead.com\/events\/st-patricks-day-tuesday-march-17th\" target=\"_blank\" rel=\"noopener\">ici.<\/a><\/p>\n                            <\/div>\n            <\/div>\n    <\/section>\n\n\n<section class=\"stakeholder-feed sm-block js-stk-root sm-block\" id=\"irishbars\">\n    <div class=\"stakeholder-feed__top\">\n        <div class=\"stakeholder-feed__intro\">\n                            <h2 class=\"stakeholder-feed__headline\">Bars irlandais \u00e0 Santa Monica<\/h2>                                <\/div>\n        <div class=\"stakeholder-feed__nav-section\">\n                            <h3 class=\"stakeholder-feed__feed-title\">C\u00e9l\u00e9brez dans ces pubs<\/h3>                                        <a href=\"https:\/\/www.santamonica.com\/fr\/restaurants\/?stake-cat=3522&#038;stake-price=any&#038;page-num=1\" class=\"stakeholder-feed__feed-cta button --primary-teal-button\">Voir tous les bars de Santa Monica<\/a>            \n                        <div class=\"stakeholder-feed__pagination xxx--desktop-hide\">\n                <div class=\"swiper-button-prev stakeholder-feed__pagination-prev\"><\/div>\n                <div class=\"swiper-button-next stakeholder-feed__pagination-next\"><\/div>\n            <\/div>\n        <\/div>\n    <\/div>\n    <div class=\"stakeholder-feed__bottom\">\n        <div class=\"stakeholder-feed__feed-list-wrapper swiper js-stk-swiper\">\n            <ul class=\"stakeholder-feed__feed-list swiper-wrapper js-stk-wrapper\">\n                    <li class=\"swiper-slide stakeholder-card --theme3\">\n        <a class=\"stakeholder-card__link\" href=\"https:\/\/www.santamonica.com\/fr\/restaurants\/jamesons-pub\/\">\n            <div class=\"stakeholder-card__image\">\n                <img decoding=\"async\" src=\"https:\/\/assets.simpleviewinc.com\/simpleview\/image\/upload\/crm\/santamonica\/full-1_AC41F6E0-A2D1-B06A-387E52DCFBCF43B1-ac41f563ac0630e_ac41fe91-e034-7018-499f11fb0ec2ae09.jpg\" alt=\"Jameson&#039;s Pub\" title=\"\">\n            <\/div>\n            <div class=\"stakeholder-card__stk-info\">\n                <div class=\"stakeholder-card__stk-name\">Jameson's Pub<\/div>\n                <div class=\"stakeholder-card__stk-cat\">Choses \u00e0 faire<\/div>\n            <\/div>\n        <\/a>\n    <\/li>\n        <li class=\"swiper-slide stakeholder-card --theme3\">\n        <a class=\"stakeholder-card__link\" href=\"https:\/\/www.santamonica.com\/fr\/restaurants\/obriens-irish-pub\/\">\n            <div class=\"stakeholder-card__image\">\n                <img decoding=\"async\" src=\"https:\/\/api.threshold360.com\/step\/v2\/locations\/1323295\/thumbnail\" alt=\"O&#039;Briens Irish Pub &amp; Restaurant\" title=\"\">\n            <\/div>\n            <div class=\"stakeholder-card__stk-info\">\n                <div class=\"stakeholder-card__stk-name\">O'Briens Irish Pub &amp; Restaurant<\/div>\n                <div class=\"stakeholder-card__stk-cat\">Steak<\/div>\n            <\/div>\n        <\/a>\n    <\/li>\n        <li class=\"swiper-slide stakeholder-card --theme3\">\n        <a class=\"stakeholder-card__link\" href=\"https:\/\/www.santamonica.com\/fr\/restaurants\/sonny-mcleans-irish-pub\/\">\n            <div class=\"stakeholder-card__image\">\n                <img decoding=\"async\" src=\"https:\/\/api.threshold360.com\/step\/v2\/locations\/1323265\/thumbnail\" alt=\"Sonny McLean&#039;s Irish Pub\" title=\"\">\n            <\/div>\n            <div class=\"stakeholder-card__stk-info\">\n                <div class=\"stakeholder-card__stk-name\">Sonny McLean's Irish Pub<\/div>\n                <div class=\"stakeholder-card__stk-cat\">Bar\/salon<\/div>\n            <\/div>\n        <\/a>\n    <\/li>\n        <li class=\"swiper-slide stakeholder-card --theme3\">\n        <a class=\"stakeholder-card__link\" href=\"https:\/\/www.santamonica.com\/fr\/restaurants\/ye-olde-kings-head\/\">\n            <div class=\"stakeholder-card__image\">\n                <img decoding=\"async\" src=\"https:\/\/assets.simpleviewinc.com\/simpleview\/image\/upload\/crm\/santamonica\/Bangers-and-mash1_c6d37c8e-5056-b365-ab4ac1d494c3fd11.jpg\" alt=\"La vieille t\u00eate du roi\" title=\"\">\n            <\/div>\n            <div class=\"stakeholder-card__stk-info\">\n                <div class=\"stakeholder-card__stk-name\">La vieille t\u00eate du roi<\/div>\n                <div class=\"stakeholder-card__stk-cat\">Bar\/salon<\/div>\n            <\/div>\n        <\/a>\n    <\/li>\n                <\/ul>\n        <\/div>\n    <\/div>\n<\/section>\n\n\n<section class=\"blog-feed --theme8 sm-block\">\n    <div class=\"blog-feed__content\">\n        <div class=\"blog-feed__intro\">\n                            <div class=\"blog-feed__eyebrow eyebrow\">Blogs<\/div>                                        <h2 class=\"blog-feed__headline\">D\u00e9couvrir Santa Monica<\/h2>                                        <div class=\"blog-feed__body\"><p>Explorez les itin\u00e9raires, les conseils locaux, les points chauds et les aventures organis\u00e9es pour \u00eatre s\u00fbr de profiter au maximum de votre exp\u00e9rience \u00e0 Santa Monica.<\/p>\n<\/div>\n                                        <a class=\"blog-feed__cta\" href=\"https:\/\/www.santamonica.com\/fr\/articles-de-blog\/\">Voir tous les blogs<\/a>\n                    <\/div>\n\n        <ul class=\"blog-feed__list\">\n                                                <li class=\"blog-feed__item\">\n                        <a href=\"https:\/\/www.santamonica.com\/fr\/restaurants\/wine-craft-beer-craft-cocktails\/\" class=\"blog-feed__item-link\">\n                            <div class=\"blog-feed__image-ratio\">\n                                <img decoding=\"async\" class=\"blog-feed__image\" src=\"https:\/\/www.santamonica.com\/wp-content\/uploads\/2021\/06\/Santa-Monica-Local-Libations-Featured-400x400.jpg\" alt=\"Libations locales \u00e0 Santa Monica\" title=\"\">\n                            <\/div>\n                            <div class=\"blog-feed__card-title\">Libations locales \u00e0 Santa Monica<\/div>\n                        <\/a>\n                    <\/li>\n                                                                <li class=\"blog-feed__item\">\n                        <a href=\"https:\/\/www.santamonica.com\/fr\/restaurants\/a-guide-to-santa-monicas-hotel-bars\/\" class=\"blog-feed__item-link\">\n                            <div class=\"blog-feed__image-ratio\">\n                                <img decoding=\"async\" class=\"blog-feed__image\" src=\"https:\/\/www.santamonica.com\/wp-content\/uploads\/2019\/07\/desktop-1-e1563912356679-400x400.jpg\" alt=\"Guide des bars d&#039;h\u00f4tels de Santa Monica\" title=\"\">\n                            <\/div>\n                            <div class=\"blog-feed__card-title\">Guide des bars d'h\u00f4tels de Santa Monica<\/div>\n                        <\/a>\n                    <\/li>\n                                                                <li class=\"blog-feed__item\">\n                        <a href=\"https:\/\/www.santamonica.com\/fr\/things-to-do\/arts-culture\/live-music-santa-monica\/\" class=\"blog-feed__item-link\">\n                            <div class=\"blog-feed__image-ratio\">\n                                <img decoding=\"async\" class=\"blog-feed__image\" src=\"https:\/\/www.santamonica.com\/wp-content\/uploads\/2018\/05\/Live-Music-Blog-Featured-400x400.jpg\" alt=\"Musique live \u00e0 Santa Monica\" title=\"\">\n                            <\/div>\n                            <div class=\"blog-feed__card-title\">Musique live \u00e0 Santa Monica<\/div>\n                        <\/a>\n                    <\/li>\n                                    <\/ul>\n    <\/div>\n<\/section>","protected":false},"excerpt":{"rendered":"","protected":false},"author":1450,"featured_media":350202,"parent":0,"menu_order":0,"comment_status":"closed","ping_status":"closed","template":"template-editorial.php","meta":{"_acf_changed":false,"inline_featured_image":false,"footnotes":""},"silos":[3899],"class_list":["post-343594","page","type-page","status-publish","has-post-thumbnail","hentry"],"acf":[],"_links":{"self":[{"href":"https:\/\/www.santamonica.com\/fr\/wp-json\/wp\/v2\/pages\/343594","targetHints":{"allow":["GET"]}}],"collection":[{"href":"https:\/\/www.santamonica.com\/fr\/wp-json\/wp\/v2\/pages"}],"about":[{"href":"https:\/\/www.santamonica.com\/fr\/wp-json\/wp\/v2\/types\/page"}],"author":[{"embeddable":true,"href":"https:\/\/www.santamonica.com\/fr\/wp-json\/wp\/v2\/users\/1450"}],"replies":[{"embeddable":true,"href":"https:\/\/www.santamonica.com\/fr\/wp-json\/wp\/v2\/comments?post=343594"}],"version-history":[{"count":143,"href":"https:\/\/www.santamonica.com\/fr\/wp-json\/wp\/v2\/pages\/343594\/revisions"}],"predecessor-version":[{"id":789686,"href":"https:\/\/www.santamonica.com\/fr\/wp-json\/wp\/v2\/pages\/343594\/revisions\/789686"}],"wp:featuredmedia":[{"embeddable":true,"href":"https:\/\/www.santamonica.com\/fr\/wp-json\/wp\/v2\/media\/350202"}],"wp:attachment":[{"href":"https:\/\/www.santamonica.com\/fr\/wp-json\/wp\/v2\/media?parent=343594"}],"wp:term":[{"taxonomy":"silos","embeddable":true,"href":"https:\/\/www.santamonica.com\/fr\/wp-json\/wp\/v2\/silos?post=343594"}],"curies":[{"name":"wp","href":"https:\/\/api.w.org\/{rel}","templated":true}]}}