{"id":343591,"date":"2022-06-24T17:20:48","date_gmt":"2022-06-25T00:20:48","guid":{"rendered":"https:\/\/www.santamonica.com\/?page_id=343591"},"modified":"2025-11-25T16:06:16","modified_gmt":"2025-11-26T00:06:16","slug":"action-de-grace","status":"publish","type":"page","link":"https:\/\/www.santamonica.com\/fr\/things-to-do\/thanksgiving\/","title":{"rendered":"Thanksgiving \u00e0 Santa Monica"},"content":{"rendered":"<h2 class=\"wp-block-heading has-text-align-center base-block\" id=\"meal\">Restaurants ouverts pour le d\u00eener de Thanksgiving \u00e0 Santa Monica<\/h2>\n\n\n\n<div class=\"wp-block-columns is-layout-flex wp-container-core-columns-is-layout-28f84493 wp-block-columns-is-layout-flex base-block\">\n<div class=\"wp-block-column is-layout-flow wp-block-column-is-layout-flow base-block\">\n<h6 class=\"wp-block-heading base-block\"><a href=\"https:\/\/www.santamonica.com\/fr\/restaurants\/restaurant-one-pico\/\">1 Pico<\/a><\/h6>\n\n\n\n<p class=\"base-block\">Profitez d'un repas de Thanksgiving en bord de mer. Le 1 Pico sert des plats classiques, avec des options v\u00e9g\u00e9taliennes et sans gluten. Savourez des plats traditionnels ou m\u00e9langez-les avec des saveurs c\u00f4ti\u00e8res, notamment des coquilles Saint-Jacques du Maine po\u00eal\u00e9es. <a href=\"https:\/\/www.shuttersonthebeach.com\/dining\/1-pico\/\" target=\"_blank\" rel=\"noreferrer noopener\">Afficher le menu.<\/a><br><br><a href=\"https:\/\/www.shuttersonthebeach.com\/dining\/1-pico\/\" target=\"_blank\" rel=\"noreferrer noopener\">Faire une r\u00e9servation<\/a><\/p>\n\n\n\n<h6 class=\"wp-block-heading base-block\"><a href=\"https:\/\/www.santamonica.com\/fr\/restaurants\/1212-santa-monica\/\">1212 Santa Monica<\/a><\/h6>\n\n\n\n<p class=\"base-block\">Oubliez le stress de la cuisine et laissez le 1212 s'occuper du festin ! Savourez un menu sp\u00e9cial \u00e0 prix fixe comprenant tous vos plats pr\u00e9f\u00e9r\u00e9s pour les f\u00eates, accompagn\u00e9s de certains des plats les plus appr\u00e9ci\u00e9s du 1212. Le nombre de places \u00e9tant limit\u00e9, r\u00e9servez t\u00f4t ! <a href=\"https:\/\/www.1212santamonica.com\/menus\/#thanksgiving-day\" target=\"_blank\" rel=\"noreferrer noopener\">Afficher le menu.<\/a><br><br><a href=\"https:\/\/www.1212santamonica.com\/menus\/#thanksgiving-day\" target=\"_blank\" rel=\"noreferrer noopener\">Faire une r\u00e9servation<\/a><\/p>\n\n\n\n<h6 class=\"wp-block-heading base-block\"><a href=\"https:\/\/www.santamonica.com\/fr\/partie-prenante\/la-monique\/\">La Monique<\/a><\/h6>\n\n\n\n<p class=\"base-block\">Visitez l'un des plus r\u00e9cents restaurants de Santa Monica, situ\u00e9 \u00e0 Oceana Santa Monica ! La Monique propose des entr\u00e9es festives comme le homard et la bisque et le velout\u00e9 de ch\u00e2taignes, des plats de saison comme la roulade de dinde r\u00f4tie et le New York Strip r\u00f4ti, et des desserts gourmands comme la tarte Tatin \u00e0 la citrouille et la Pavlova aux pommes. <br><br><a href=\"https:\/\/www.opentable.com\/booking\/experiences-availability?rid=1243696&amp;restref=1243696&amp;experienceId=582195&amp;utm_source=opentable&amp;utm_medium=tms_email&amp;utm_campaign=shared\" target=\"_blank\" rel=\"noreferrer noopener\">Faire une r\u00e9servation<\/a><\/p>\n\n\n\n<h6 class=\"wp-block-heading base-block\"><a href=\"https:\/\/www.santamonica.com\/fr\/restaurants\/lunette\/\">Lunetta<\/a><\/h6>\n\n\n\n<p class=\"base-block\">Rendez gr\u00e2ce avec un d\u00eener californien \u00e0 trois plats servi de 14h \u00e0 19h. Profitez des services de restauration. <a href=\"http:\/\/chrome-extension:\/\/efaidnbmnnnibpcajpcglclefindmkaj\/https:\/\/www.lunettasm.com\/wp-content\/uploads\/2025\/10\/Thanksgiving2025.pdf\" target=\"_blank\" rel=\"noreferrer noopener\">Afficher le menu.<\/a><br><br><a href=\"http:\/\/opentable.com\/r\/lunetta-reservations-santa-monica?restref=985057&amp;lang=en-US&amp;ot_source=Restaurant%20website\" target=\"_blank\" rel=\"noreferrer noopener\">Faire une r\u00e9servation<\/a><\/p>\n\n\n\n<h6 class=\"wp-block-heading base-block\"><a href=\"https:\/\/www.santamonica.com\/fr\/restaurants\/marelle\/\">Marelle Santa Monica<\/a><\/h6>\n\n\n\n<p class=\"base-block\">Que vous vous r\u00e9unissiez en famille ou entre amis, ou que vous profitiez d'un d\u00eener de Thanksgiving romantique, c\u00e9l\u00e9brez l'\u00e9v\u00e9nement avec des plats d\u00e9licieux, un service exceptionnel et une touche de charme c\u00f4tier californien. R\u00e9servez votre table car les places se lib\u00e8rent rapidement ! <a href=\"https:\/\/www.marelle.com\/menus\/#thanksgiving\" target=\"_blank\" rel=\"noreferrer noopener\">Afficher le menu.<\/a><br><br><a href=\"https:\/\/www.marelle.com\/\" target=\"_blank\" rel=\"noreferrer noopener\">Faire une r\u00e9servation<\/a><\/p>\n<\/div>\n\n\n\n<div class=\"wp-block-column is-layout-flow wp-block-column-is-layout-flow base-block\">\n<h6 class=\"wp-block-heading base-block\"><a href=\"https:\/\/www.santamonica.com\/fr\/restaurants\/viande-sur-locean\/\">Viande sur l'oc\u00e9an<\/a><\/h6>\n\n\n\n<p class=\"base-block\">R\u00e9unissez-vous, d\u00eenez et rendez gr\u00e2ce \u00e0 Meat on Ocean, qui propose un menu sp\u00e9cial \u00e0 trois plats, en plus du menu complet propos\u00e9 tout au long de la journ\u00e9e. <a href=\"https:\/\/cdn.prod.website-files.com\/5be7bb74dc46209d37cfe185\/6905249d5664f1fd56b4b5f0_364e143ea7cdb7e501a4a63f4db0328c_MOO-menu.png\" target=\"_blank\" rel=\"noreferrer noopener\">Afficher le menu.<\/a><br><br><a href=\"https:\/\/www.opentable.com\/booking\/restref\/availability?searchdatetime=2025-11-27T12%3A00&amp;correlationId=922c133c-3391-48ef-8cb0-c3997cb14536&amp;restRef=449833&amp;dateTime=2025-11-27T12%3A00&amp;partySize=4&amp;otCampaign=Thnxgvn2025\" target=\"_blank\" rel=\"noreferrer noopener\">Faire une r\u00e9servation<\/a><\/p>\n\n\n\n<h6 class=\"wp-block-heading base-block\"><a href=\"https:\/\/www.santamonica.com\/fr\/restaurants\/le-renard-surfeur\/\">Solidarit\u00e9<\/a><\/h6>\n\n\n\n<p class=\"base-block\">Profitez d'un Thanksgiving chaleureux et accueillant au Solidarity de Santa Monica, o\u00f9 les f\u00eates sont c\u00e9l\u00e9br\u00e9es avec une authentique touche polonaise. Savourez des plats traditionnels, pr\u00e9par\u00e9s \u00e0 la main et inspir\u00e9s de recettes familiales, le tout servi dans un cadre chaleureux et festif o\u00f9 l'on se sent comme \u00e0 la maison. C'est le moyen id\u00e9al de vivre Thanksgiving avec de riches saveurs, une hospitalit\u00e9 sinc\u00e8re et l'esprit de la tradition polonaise.<\/p>\n\n\n\n<p class=\"base-block\"><a href=\"https:\/\/www.solidarityla.com\/\" target=\"_blank\" rel=\"noreferrer noopener\">Faire une r\u00e9servation<\/a><\/p>\n\n\n\n<h6 class=\"wp-block-heading base-block\"><a href=\"https:\/\/www.santamonica.com\/fr\/restaurants\/le-renard-surfeur\/\">Le renard surfeur<\/a><\/h6>\n\n\n\n<p class=\"base-block\">R\u00e9unissez vos proches dans la tani\u00e8re du renard et d\u00e9gustez un d\u00eener traditionnel de Thanksgiving compos\u00e9 de trois plats, avec tous les ingr\u00e9dients n\u00e9cessaires et les plats pr\u00e9f\u00e9r\u00e9s du public, notamment le ceviche et le sandwich au poulet chaud. <a href=\"https:\/\/www.thesurfingfoxsm.com\/events\/the-surfing-fox-thanksgiving-specials\/\" target=\"_blank\" rel=\"noreferrer noopener\">Afficher le menu.<\/a><\/p>\n\n\n\n<p class=\"base-block\"><a href=\"https:\/\/www.opentable.com\/restref\/client\/?restref=1272778&amp;lang=en-US&amp;ot_source=Restaurant%20website&amp;corrid=78d4c0c3-309f-4e74-b517-ec549f7d87bc\" target=\"_blank\" rel=\"noreferrer noopener\">Faire une r\u00e9servation<\/a><\/p>\n\n\n\n<h6 class=\"wp-block-heading base-block\"><a href=\"https:\/\/www.santamonica.com\/fr\/restaurants\/restaurant-terrazza\/\">Terrazza<\/a><\/h6>\n\n\n\n<p class=\"base-block\">Laissez Terrazza s'occuper des plats et profitez d'un repas de Thanksgiving en trois services sur la magnifique plage de Santa Monica. Options v\u00e9g\u00e9taliennes et v\u00e9g\u00e9tariennes disponibles. <a href=\"https:\/\/www.hotelcasadelmar.com\/dining\/terrazza\/\" target=\"_blank\" rel=\"noreferrer noopener\">Afficher le menu.<\/a><br><br><a href=\"https:\/\/www.hotelcasadelmar.com\/dining\/terrazza\/\" target=\"_blank\" rel=\"noreferrer noopener\">Faire une r\u00e9servation<\/a><\/p>\n\n\n\n<h6 class=\"wp-block-heading base-block\"><a href=\"https:\/\/www.santamonica.com\/fr\/restaurants\/gril-a-eau\/\">Gril \u00e0 eau<\/a><\/h6>\n\n\n\n<p class=\"base-block\">Rendez-vous au Water Grill le jour de Thanksgiving pour d\u00e9guster leur menu sp\u00e9cial de Thanksgiving \u00e0 trois plats, disponible toute la journ\u00e9e en plus de leur menu complet. <a href=\"https:\/\/cdn.prod.website-files.com\/5bd78ffdfc757ce771e4bf46\/6904ee403f49ac4bc82b7088_5ae8ba65e4ffc4b67b680304f1230f8e_wg-thanksgiving-menu.png\" target=\"_blank\" rel=\"noreferrer noopener\">Afficher le menu.<\/a><br><br><a href=\"https:\/\/www.opentable.com\/restref\/client\/?restref=108970&amp;datetime=2025-11-27T12%3A00&amp;searchdatetime=2025-11-27T12%3A00&amp;covers=4&amp;partysize=4&amp;corrid=1fbd68a5-2430-4370-8e7b-0729ba9cde11&amp;ot_campaign=Thnxgvn2025\" target=\"_blank\" rel=\"noreferrer noopener\">Faire une r\u00e9servation<\/a><\/p>\n<\/div>\n<\/div>\n\n\n\n<h2 class=\"wp-block-heading has-text-align-center base-block\" id=\"desserts\">Traiteur de Thanksgiving<\/h2>\n\n\n\n<div class=\"wp-block-columns is-layout-flex wp-container-core-columns-is-layout-28f84493 wp-block-columns-is-layout-flex base-block\">\n<div class=\"wp-block-column is-layout-flow wp-block-column-is-layout-flow base-block\">\n<h6 class=\"wp-block-heading base-block\"><a href=\"https:\/\/www.santamonica.com\/fr\/restaurants\/augies-on-main\/\">Augies sur le Main<\/a><\/h6>\n\n\n\n<p class=\"base-block\">Augie's on Main proposera plusieurs paquets \u00e0 emporter \u00e0 r\u00e9chauffer. Les options incluront un paquet de Dirty Chicken \u00e0 emporter ainsi qu'une option de c\u00f4te de b\u0153uf \u00e0 emporter. <br><br><a href=\"https:\/\/www.augiesonmain.com\/thanksgiving-2025\" target=\"_blank\" rel=\"noreferrer noopener\">Voir le menu complet et passer commande ici.<\/a><\/p>\n\n\n\n<h6 class=\"wp-block-heading base-block\"><a href=\"https:\/\/www.santamonica.com\/fr\/restaurants\/atelier-de-ferme\/\">atelier de ferme<\/a><\/h6>\n\n\n\n<p class=\"base-block\">C\u00e9l\u00e9brez la saison avec un repas de Thanksgiving enti\u00e8rement pr\u00e9par\u00e9, comprenant une dinde tendre, des accompagnements classiques et des desserts fra\u00eechement pr\u00e9par\u00e9s \u00e0 partir des meilleurs ingr\u00e9dients locaux. Commandez \u00e0 l'avance d\u00e8s aujourd'hui et faites en sorte que vos vacances se d\u00e9roulent sans effort. Veuillez pr\u00e9voir un d\u00e9lai de 48 heures pour toutes les commandes.<br><br><a href=\"https:\/\/www.toasttab.com\/catering\/farmshop-santa-monica-225-26th-street\/menu\/thanksgiving%202025\/?mode=fulfillment\" target=\"_blank\" rel=\"noreferrer noopener\">Voir le menu complet et passer commande ici.<\/a><\/p>\n\n\n\n<h6 class=\"wp-block-heading base-block\"><a href=\"https:\/\/www.santamonica.com\/fr\/restaurants\/restaurant-fia\/\">restaurant fia<\/a><\/h6>\n\n\n\n<p class=\"base-block\">Concentrez-vous sur la compagnie autour de la table avec les formules \u00e0 emporter de Fia qui proposent un d\u00eener de Thanksgiving classique ou un d\u00eener de Thanksgiving v\u00e9g\u00e9talien. Rehaussez le repas en commandant des accords mets-vins s\u00e9lectionn\u00e9s par le sommelier de Fia.<br><br><a href=\"https:\/\/www.fiarestaurant.com\/store\" target=\"_blank\" rel=\"noreferrer noopener\">Voir le menu complet et passer commande ici.<\/a><\/p>\n<\/div>\n\n\n\n<div class=\"wp-block-column is-layout-flow wp-block-column-is-layout-flow base-block\">\n<h6 class=\"wp-block-heading base-block\"><a href=\"https:\/\/www.santamonica.com\/fr\/restaurants\/melisse\/\">Melisse<\/a><\/h6>\n\n\n\n<p class=\"base-block\">Cette ann\u00e9e, r\u00e9unissez-vous autour d'un festin pr\u00e9par\u00e9 \u00e0 Melisse, un restaurant 2 \u00e9toiles Michelin, et profitez d'un d\u00eener d\u00e9bordant de saveurs saisonni\u00e8res, de d\u00e9tails bien pens\u00e9s et d'une attention intemporelle.<br><br><a href=\"https:\/\/www.exploretock.com\/melisse?tock_medium=search_nav&amp;tock_source=tock\" target=\"_blank\" rel=\"noreferrer noopener\">Voir le menu complet et passer commande ici.<\/a><\/p>\n\n\n\n<h6 class=\"wp-block-heading base-block\"><a href=\"https:\/\/www.santamonica.com\/fr\/restaurants\/socalo\/\">socalo<\/a><\/h6>\n\n\n\n<p class=\"base-block\">C\u00e9l\u00e9brez les f\u00eates de fin d'ann\u00e9e avec un festin rempli de plats pr\u00e9f\u00e9r\u00e9s des chefs Susan Feniger et Mary Sue Milliken. Passez votre commande et savourez votre d\u00eener \u00e0 la maison gr\u00e2ce \u00e0 des instructions simples de pr\u00e9paration et de service qui vous permettront de recevoir en toute simplicit\u00e9.<br><br><a href=\"https:\/\/www.toasttab.com\/catering\/socalo?mode=fulfillment\" target=\"_blank\" rel=\"noreferrer noopener\">Voir le menu complet et passer commande ici.<\/a><\/p>\n\n\n\n<h6 class=\"wp-block-heading base-block\"><a href=\"https:\/\/www.santamonica.com\/fr\/restaurants\/tiato-market-garden-cafe\/\">tiato<\/a><\/h6>\n\n\n\n<p class=\"base-block\">Vous organisez un Friendsgiving, vous f\u00eatez avec vos coll\u00e8gues ou votre famille ou vous avez envie de confort ? Les chefs de Tiato ont cr\u00e9\u00e9 le repas de f\u00eate id\u00e9al pour que vous puissiez vous concentrer sur la c\u00e9l\u00e9bration.<br><br><a href=\"https:\/\/www.toasttab.com\/catering\/tiato-kitchen-garden-2700-colorado-blvd\" target=\"_blank\" rel=\"noreferrer noopener\">Voir le menu complet et passer commande ici.<\/a><\/p>\n<\/div>\n<\/div>\n\n\n\n<h2 class=\"wp-block-heading has-text-align-center base-block\" id=\"activities\">Choses \u00e0 faire pendant Thanksgiving<\/h2>\n\n\n\n<div class=\"wp-block-columns is-layout-flex wp-container-core-columns-is-layout-28f84493 wp-block-columns-is-layout-flex base-block\">\n<div class=\"wp-block-column is-layout-flow wp-block-column-is-layout-flow base-block\">\n<h6 class=\"wp-block-heading base-block\"><a href=\"https:\/\/www.santamonica.com\/fr\/choses-a-faire\/lecole-de-la-gourmandise\/\">l'\u00e9cole de la gourmandise<\/a><\/h6>\n\n\n\n<p class=\"base-block\">Profitez d'une vari\u00e9t\u00e9 de cours sur Thanksgiving, des tartes d'automne aux accompagnements de Thanksgiving, en passant par le repas de Thanksgiving et bien plus encore. <a href=\"https:\/\/thegourmandiseschool.com\/\" target=\"_blank\" rel=\"noreferrer noopener\">Consultez le calendrier et r\u00e9servez votre arr\u00eat ici<\/a>.<\/p>\n\n\n\n<h6 class=\"wp-block-heading base-block\"><a href=\"https:\/\/www.santamonica.com\/fr\/evenement\/glace-a-santa-monica\/2025-01-20\/\">glace santa monica<\/a><\/h6>\n\n\n\n<p class=\"base-block\">Patinez pendant les vacances sur la plus grande patinoire de Santa Monica, situ\u00e9e au c\u0153ur du centre-ville de Santa Monica.<\/p>\n<\/div>\n\n\n\n<div class=\"wp-block-column is-layout-flow wp-block-column-is-layout-flow base-block\">\n<h6 class=\"wp-block-heading base-block\"><a href=\"https:\/\/www.santamonica.com\/fr\/evenement\/trot-de-la-dinde\/\">trot de la dinde<\/a><\/h6>\n\n\n\n<p class=\"base-block\">Participez au Turkey Trot Half Marathon, 15K, 10K et 5K et transpirez avant de vous plonger dans le festin de Thanksgiving.<\/p>\n<\/div>\n<\/div>\n\n\n\n<p class=\"has-text-align-center base-block\"><strong>Entreprises de Santa Monica :<\/strong><br>Soumettez une offre sp\u00e9ciale pour qu'elle soit ajout\u00e9e \u00e0 cette page,&nbsp;<a href=\"https:\/\/www.santamonica.com\/fr\/formulaire-de-soumission-des-offres-speciales-des-entreprises\/\">Veuillez soumettre vos offres ici<\/a>.<\/p>\n\n\n    <section class=\"booking-cta --theme5 sm-block\">\n    <div id=\"widget-container-2070\"><\/div>\n<script type=\"text\/javascript\">\n  (function() {\n    var script = document.createElement('script');\n    script.type = 'text\/javascript';\n    script.async = 'true';\n    script.src = \"https:\/\/admin.bookdirect.net\/hs4\/widgets\/2070.js?widget_element=widget-container-2070\";\n    document.body.appendChild(script);\n  })();\n<\/script>\n    <\/section>\n\n\n\n<section class=\"blog-feed --theme8 sm-block\">\n    <div class=\"blog-feed__content\">\n        <div class=\"blog-feed__intro\">\n                            <div class=\"blog-feed__eyebrow eyebrow\">Blogs<\/div>                                        <h2 class=\"blog-feed__headline\">D\u00e9couvrir Santa Monica<\/h2>                                        <div class=\"blog-feed__body\"><p>Explorez les itin\u00e9raires, les conseils locaux, les points chauds et les aventures organis\u00e9es pour \u00eatre s\u00fbr de profiter au maximum de votre exp\u00e9rience \u00e0 Santa Monica.<\/p>\n<\/div>\n                                        <a class=\"blog-feed__cta\" href=\"https:\/\/www.santamonica.com\/fr\/articles-de-blog\/\">Voir tous les blogs<\/a>\n                    <\/div>\n\n        <ul class=\"blog-feed__list\">\n                                                <li class=\"blog-feed__item\">\n                        <a href=\"https:\/\/www.santamonica.com\/fr\/trip-planner\/southern-california-road-trip\/\" class=\"blog-feed__item-link\">\n                            <div class=\"blog-feed__image-ratio\">\n                                <img decoding=\"async\" class=\"blog-feed__image\" src=\"https:\/\/www.santamonica.com\/wp-content\/uploads\/2021\/08\/Santa-Monica-Coast-Featured-400x400.jpg\" alt=\"Road Trip de 10 jours en Californie du Sud\" title=\"\">\n                            <\/div>\n                            <div class=\"blog-feed__card-title\">Road Trip de 10 jours en Californie du Sud<\/div>\n                        <\/a>\n                    <\/li>\n                                                                <li class=\"blog-feed__item\">\n                        <a href=\"https:\/\/www.santamonica.com\/fr\/restaurants\/santa-monica-coffee-shops\/\" class=\"blog-feed__item-link\">\n                            <div class=\"blog-feed__image-ratio\">\n                                <img decoding=\"async\" class=\"blog-feed__image\" src=\"https:\/\/www.santamonica.com\/wp-content\/uploads\/2023\/10\/best-santa-monica-coffee-shops-400x400.jpg\" alt=\"11 meilleurs caf\u00e9s et salons de th\u00e9 de Santa Monica\" title=\"\">\n                            <\/div>\n                            <div class=\"blog-feed__card-title\">11 meilleurs caf\u00e9s et salons de th\u00e9 de Santa Monica<\/div>\n                        <\/a>\n                    <\/li>\n                                                                <li class=\"blog-feed__item\">\n                        <a href=\"https:\/\/www.santamonica.com\/fr\/restaurants\/wine-craft-beer-craft-cocktails\/\" class=\"blog-feed__item-link\">\n                            <div class=\"blog-feed__image-ratio\">\n                                <img decoding=\"async\" class=\"blog-feed__image\" src=\"https:\/\/www.santamonica.com\/wp-content\/uploads\/2021\/06\/Santa-Monica-Local-Libations-Featured-400x400.jpg\" alt=\"Libations locales \u00e0 Santa Monica\" title=\"\">\n                            <\/div>\n                            <div class=\"blog-feed__card-title\">Libations locales \u00e0 Santa Monica<\/div>\n                        <\/a>\n                    <\/li>\n                                    <\/ul>\n    <\/div>\n<\/section>","protected":false},"excerpt":{"rendered":"<p>Restaurants Open for Thanksgiving Dinner in Santa Monica FIA Restaurant Fia will be open for Thanksgiving dining. See the menu here. Jameson\u2019s Pub Join Jameson\u2019s Pub for all you can eat holiday dinner on Thanksgiving Day for only $19.90 per person. Your choice of Roasted Turkey, Honey Baked Ham, or Prime Rib Roast with all the fixin\u2019s. Lunetta Enjoy Thanksgiving at Lunetta. Dine-in 2PM-7PM by reservations only. View menu here. Marelle Santa Monica Join Marelle for a festive Thanksgiving Brunch, available from 11AM to 3PM. From 4 PM to 10 PM, enjoy special Thanksgiving family dinner, featuring a pre-set menu [\u2026]<\/p>\n","protected":false},"author":1450,"featured_media":299767,"parent":0,"menu_order":0,"comment_status":"closed","ping_status":"closed","template":"template-editorial.php","meta":{"_acf_changed":false,"inline_featured_image":false,"footnotes":""},"silos":[3899],"class_list":["post-343591","page","type-page","status-publish","has-post-thumbnail","hentry"],"acf":[],"_links":{"self":[{"href":"https:\/\/www.santamonica.com\/fr\/wp-json\/wp\/v2\/pages\/343591","targetHints":{"allow":["GET"]}}],"collection":[{"href":"https:\/\/www.santamonica.com\/fr\/wp-json\/wp\/v2\/pages"}],"about":[{"href":"https:\/\/www.santamonica.com\/fr\/wp-json\/wp\/v2\/types\/page"}],"author":[{"embeddable":true,"href":"https:\/\/www.santamonica.com\/fr\/wp-json\/wp\/v2\/users\/1450"}],"replies":[{"embeddable":true,"href":"https:\/\/www.santamonica.com\/fr\/wp-json\/wp\/v2\/comments?post=343591"}],"version-history":[{"count":160,"href":"https:\/\/www.santamonica.com\/fr\/wp-json\/wp\/v2\/pages\/343591\/revisions"}],"predecessor-version":[{"id":777927,"href":"https:\/\/www.santamonica.com\/fr\/wp-json\/wp\/v2\/pages\/343591\/revisions\/777927"}],"wp:featuredmedia":[{"embeddable":true,"href":"https:\/\/www.santamonica.com\/fr\/wp-json\/wp\/v2\/media\/299767"}],"wp:attachment":[{"href":"https:\/\/www.santamonica.com\/fr\/wp-json\/wp\/v2\/media?parent=343591"}],"wp:term":[{"taxonomy":"silos","embeddable":true,"href":"https:\/\/www.santamonica.com\/fr\/wp-json\/wp\/v2\/silos?post=343591"}],"curies":[{"name":"wp","href":"https:\/\/api.w.org\/{rel}","templated":true}]}}