{"id":342957,"date":"2022-06-24T08:57:52","date_gmt":"2022-06-24T15:57:52","guid":{"rendered":"https:\/\/www.santamonica.com\/?page_id=342957"},"modified":"2026-04-08T11:29:19","modified_gmt":"2026-04-08T18:29:19","slug":"quatrieme-juillet","status":"publish","type":"page","link":"https:\/\/www.santamonica.com\/fr\/things-to-do\/fourth-of-july\/","title":{"rendered":"Le 4 juillet"},"content":{"rendered":"<section class=\"image-section-break sm-block\" id=\"goody\">\n    <div class=\"image-section-break__image-wrapper\">\n                    <picture>\n                    <source\n                        media=\"(min-width: 768px)\"\n                        srcset=\"https:\/\/www.santamonica.com\/wp-content\/uploads\/2024\/06\/smtt-4th-of-july-bag-1656x574-2.jpg\"\n                    >\n                    <img decoding=\"async\" src=\"https:\/\/www.santamonica.com\/wp-content\/uploads\/2024\/06\/smtt-4th-of-july-bag-650x866-2.jpg\" class=\"image-section-break__image\" alt=\"\" title=\"\">\n            <\/picture>\n                \n\n    <\/div>\n    <div class=\"image-section-break__text-content\">\n        <div class=\"image-section-break__first-content --theme3\">\n                            <div class=\"image-section-break__eyebrow-text\">C\u00e9l\u00e9brer les arts<\/div>\n                                        <h2 class=\"image-section-break__title\">Prenez votre sac \u00e0 surprises gratuit pour vous amuser en famille.<\/h2>\n                                        <div class=\"image-section-break__body-copy wysiwyg\"><p>Centre des visiteurs de la rue principale<br \/>\n2427 Main Street<br \/>\nSanta Monica, CA 90405<\/p>\n<\/div>\n                                <\/div>\n        <div class=\"image-section-break__second-content\">\n                            <div class=\"image-section-break__body-copy wysiwyg\"><p><em>C\u00e9l\u00e9brer les arts<\/em> avec Santa Monica ce 4 juillet ! Nous donnons le coup d'envoi avec 200 sacs \u00e0 surprises GRATUITS pour les enfants, comprenant un kit d'art, une feuille de coloriage et des friandises sur le th\u00e8me de Santa Monica. Passez au centre d'information des visiteurs de Main Street, situ\u00e9 au 2427 Main Street, ouvert de 9 h \u00e0 17 h sept jours sur sept, pour prendre votre sac et laisser libre cours \u00e0 votre cr\u00e9ativit\u00e9. N'oubliez pas de renvoyer votre chef-d'\u0153uvre termin\u00e9 pour qu'il soit expos\u00e9 dans la vitrine du centre d'accueil des visiteurs.<\/p>\n<\/div>\n                                <\/div>\n    <\/div>\n<\/section>\n\n\n\n<section class=\"two-images container-max sm-block --flip sm-block\">\n    <div class=\"two-images__container --flip\">\n\n        <div class=\"two-images__column\">\n            <div class=\"two-images__content\">\n                <div class=\"two-images__content-header-container\">\n                                            <h2 class=\"two-images__content-header\">\u00c9v\u00e9nements gratuits du 4 juillet<\/h2>                                    <\/div>\n                                    <div class=\"two-images__content-body wysiwyg\">\n                        <p>Rendez-vous \u00e0 Santa Monica Pier et Pacific Park, du 3 au 7 juillet, du cr\u00e9puscule \u00e0 0h30, pour voir les <a href=\"https:\/\/www.santamonica.com\/fr\/evenement\/les-roues-du-pacifique-celebrent-le-week-end-du-4-juillet\/2024-07-07\/\">Pacific Wheel's<\/a> une exposition sp\u00e9ciale rouge, blanche et bleue, en c\u00e9l\u00e9bration de la f\u00eate de l'Ind\u00e9pendance.<\/p>\n<p>Rejoignez les habitants de Santa Monica et les visiteurs dans le cadre de l'\u00e9v\u00e9nement tout public. <a href=\"https:\/\/www.santamonica.com\/fr\/evenement\/defile-du-4-juillet\/\" rel=\"noopener\">Parade annuelle du 4 juillet<\/a>, Le d\u00e9fil\u00e9, qui a lieu le mardi 4 juillet \u00e0 partir de 9 h 30, est une v\u00e9ritable manifestation de l'esprit rouge, blanc et bleu. Organis\u00e9 depuis 16 ans, ce d\u00e9fil\u00e9 est un v\u00e9ritable symbole de l'esprit rouge, blanc et bleu.<\/p>\n<p>Arr\u00eatez-vous \u00e0 l'Ocean View Hotel pour profiter de la <a href=\"https:\/\/www.santamonica.com\/fr\/evenement\/soiree-etoilee-du-4-juillet\/\">Soir\u00e9e \u00e9toil\u00e9e du 4 juillet<\/a>, Les festivit\u00e9s se d\u00e9rouleront sur le patio avant, de 15h \u00e0 17h, avec des maquillages professionnels, du son par Dani Rox DJ, et bien plus encore. Les festivit\u00e9s se d\u00e9rouleront sur le patio avant de 15 \u00e0 17 heures le 4 juillet.<\/p>\n                    <\/div>\n                                            <\/div>\n        <\/div>\n\n        <div class=\"two-images__column\">\n                            <div class=\"two-images__image-container\">\n                    <img decoding=\"async\" width=\"424\" height=\"504\" src=\"https:\/\/www.santamonica.com\/wp-content\/uploads\/2022\/06\/july-4-parade-santa-monica.jpg\" class=\"two-images__image\" alt=\"\" loading=\"lazy\" srcset=\"https:\/\/www.santamonica.com\/wp-content\/uploads\/2022\/06\/july-4-parade-santa-monica.jpg 424w, https:\/\/www.santamonica.com\/wp-content\/uploads\/2022\/06\/july-4-parade-santa-monica-252x300.jpg 252w, https:\/\/www.santamonica.com\/wp-content\/uploads\/2022\/06\/july-4-parade-santa-monica-126x150.jpg 126w\" sizes=\"auto, (max-width: 424px) 100vw, 424px\" title=\"\">                    \n\n            <div class=\"img-lctn-tag --no-link two-images__image-caption --right\">Parade du 4 juillet \u00e0 Santa Monica<\/div>\n                    <\/div>\n                    <\/div>\n\n        <div class=\"two-images__column\">\n                            <div class=\"two-images__image-container\">\n                    <img decoding=\"async\" width=\"600\" height=\"564\" src=\"https:\/\/www.santamonica.com\/wp-content\/uploads\/2022\/06\/santa-monica-college-independance.jpg\" class=\"two-images__image\" alt=\"Parade du 4 juillet \u00e0 Santa Monica\" loading=\"lazy\" srcset=\"https:\/\/www.santamonica.com\/wp-content\/uploads\/2022\/06\/santa-monica-college-independance.jpg 600w, https:\/\/www.santamonica.com\/wp-content\/uploads\/2022\/06\/santa-monica-college-independance-300x282.jpg 300w, https:\/\/www.santamonica.com\/wp-content\/uploads\/2022\/06\/santa-monica-college-independance-160x150.jpg 160w\" sizes=\"auto, (max-width: 600px) 100vw, 600px\" title=\"\">                    \n\n            <div class=\"img-lctn-tag --no-link two-images__image-caption --right\">Parade du 4 juillet \u00e0 Santa Monica<\/div>\n                    <\/div>\n                    <\/div>\n\n    <\/div>\n<\/section>\n\n\n<section class=\"sun-title sm-block --theme6 sm-block\">\n            <h3 class=\"sun-title__headline\">Une vue imprenable sur le 4 juillet \u00e0 Los Angeles depuis Santa Monica<\/h3>    \n            <div class=\"sun-title__body  wysiwyg\">\n                    <p>Rassemblez quelques amis ou toute la famille et organisez votre propre f\u00eate du 4 juillet ! Voici une poign\u00e9e d'endroits de Santa Monica connus pour leur vue imprenable sur l'oc\u00e9an Pacifique, afin que vous puissiez c\u00e9l\u00e9brer le Jour de l'Ind\u00e9pendance \u00e0 la mani\u00e8re de Los Angeles :<\/p>\n<ul>\n<li>Au sommet de la <a href=\"https:\/\/www.santamonica.com\/fr\/evenement\/les-roues-du-pacifique-celebrent-le-week-end-du-4-juillet\/2024-07-03\/\">Parc du Pacifique<\/a> Grande roue sur la jet\u00e9e de Santa Monica<\/li>\n<li>Sur <a href=\"http:\/\/www.smgov.net\/Portals\/Beach\/\" target=\"_blank\" rel=\"noopener noreferrer\">Plage de Santa Monica<\/a><\/li>\n<li>Le Penthouse \u00e0 <a href=\"https:\/\/www.santamonica.com\/fr\/hotel\/huntley-santa-monica-beach\/\">Huntley Santa Monica Beach<\/a><\/li>\n<li><a href=\"https:\/\/www.santamonica.com\/fr\/boutique-2\/santa-monica-place\/\">Place Santa Monica<\/a> pont de salle \u00e0 manger<\/li>\n<li>Se pr\u00e9lasser \u00e0 <a href=\"https:\/\/www.santamonica.com\/fr\/restaurant\/elephante-beach-house\/\">\u00c9lephante Beach House<\/a><\/li>\n<li>Le bar\/piscine sur le toit de <a href=\"https:\/\/www.santamonica.com\/fr\/hotel\/santa-monica-proper-hotel\/\">Santa Monica Proper Hotel<\/a><\/li>\n<li>Ou essayez l'un des <a href=\"https:\/\/www.santamonica.com\/fr\/restaurants-de-santa-monica\/#?filters=%7B%22neighborhood%22:%22santa-monica-pier-area-ocean-avenue%22%7D\">restaurants sur Ocean Avenue<\/a><\/li>\n<\/ul>\n                        <\/div>\n    <\/section>\n\n\n\n<p class=\"base-block\"><\/p>\n\n\n\n<section class=\"image-section-break sm-block\">\n    <div class=\"image-section-break__image-wrapper\">\n                    <picture>\n                    <source\n                        media=\"(min-width: 768px)\"\n                        srcset=\"https:\/\/www.santamonica.com\/wp-content\/uploads\/2022\/06\/july-fourth-fireworks-d.jpg\"\n                    >\n                    <img decoding=\"async\" src=\"https:\/\/www.santamonica.com\/wp-content\/uploads\/2022\/06\/july-fourth-fireworks-m.jpg\" class=\"image-section-break__image\" alt=\"\" title=\"\">\n            <\/picture>\n                \n\n    <\/div>\n    <div class=\"image-section-break__text-content\">\n        <div class=\"image-section-break__first-content --theme3\">\n                                        <h3 class=\"image-section-break__title\">Environs des feux d'artifice de Santa Monica<\/h3>\n                                        <div class=\"image-section-break__body-copy wysiwyg\"><p>Profitez de magnifiques feux d'artifice dans des lieux c\u00e9l\u00e8bres de Los Angeles comme Pacific Palisades et Marina Del Ray, avec de la musique en direct, des films et des parades.<\/p>\n<p><a href=\"https:\/\/www.visitlongbeach.com\/blog\/4th-of-july-in-long-beach\/\" target=\"_blank\" rel=\"noopener\">Feux d'artifice sur le front de mer de Long Beach<\/a><a href=\"http:\/\/palisades4th.com\/\" target=\"_blank\" rel=\"noopener noreferrer\"><br \/>\n<\/a>Le long du front de mer de Long Beach<br \/>\nVendredi 4 juillet - 21 heures<br \/>\nCo\u00fbt : Gratuit<\/p>\n<p><a href=\"https:\/\/www.universalstudioshollywood.com\/web\/en\/us\/things-to-do\/events-and-seasonal-activities\/fourth-of-july-celebration\" target=\"_blank\" rel=\"noopener\">C\u00e9l\u00e9bration du 4 juillet \u00e0 Universal Studios<\/a><br \/>\n100 Universal City Plaza<br \/>\nVendredi 4 juillet | Toute la journ\u00e9e<br \/>\nCo\u00fbt : Prix du billet d'entr\u00e9e<\/p>\n<\/div>\n                                <\/div>\n        <div class=\"image-section-break__second-content\">\n                            <div class=\"image-section-break__body-copy wysiwyg\"><p><a href=\"https:\/\/visitmdr.com\/events\/july-4-fireworks-marina-del-rey\" target=\"_blank\" rel=\"noopener noreferrer\">C\u00e9l\u00e9bration des feux d'artifice de Marina Del Rey<\/a><br \/>\nBurton Chace Park (13650 Mindanao Way) ou Fisherman's Village (13755 Fiji Way)<br \/>\nVendredi 4 juillet, de 21 h \u00e0 21 h 20<br \/>\nCo\u00fbt : Gratuit<\/p>\n<p><a href=\"https:\/\/www.sixflags.com\/magicmountain\/events\/july-celebration\" target=\"_blank\" rel=\"noopener\">Six Flags Magic Mountain<\/a><br \/>\n26101 Magic Mountain Pkwy<br \/>\nJeudi 4 juillet -6| 21h15<br \/>\nCo\u00fbt : Prix du billet d'entr\u00e9e<\/p>\n<\/div>\n                                <\/div>\n    <\/div>\n<\/section>\n\n\n\n<section class=\"two-images container-max sm-block  sm-block\">\n    <div class=\"two-images__container\">\n\n        <div class=\"two-images__column\">\n            <div class=\"two-images__content\">\n                <div class=\"two-images__content-header-container\">\n                                            <h2 class=\"two-images__content-header\">D\u00e9couvrez les \u00e9v\u00e9nements de Santa Monica<\/h2>                                    <\/div>\n                                    <div class=\"two-images__content-body wysiwyg\">\n                        <p>Santa Monica est un endroit id\u00e9al pour assister \u00e0 un \u00e9v\u00e9nement gr\u00e2ce \u00e0 son climat doux tout au long de l'ann\u00e9e, \u00e0 sa proximit\u00e9 avec Los Angeles et \u00e0 ses lieux d'\u00e9v\u00e9nements uniques. Marchez, faites du v\u00e9lo ou prenez la ligne E du m\u00e9tro et profitez des nombreux \u00e9v\u00e9nements de Santa Monica. Cette escapade en bord de mer propose des \u00e9v\u00e9nements et des divertissements uniques tout au long de l'ann\u00e9e, dont beaucoup sont gratuits et se d\u00e9roulent en plein air ! Emmenez votre famille d\u00e9couvrir l'embl\u00e9matique Pacific Park, ou planifiez votre parfaite sortie du samedi en d\u00e9couvrant les \u00e9v\u00e9nements organis\u00e9s \u00e0 Los Angeles ce week-end.<\/p>\n                    <\/div>\n                                                    <div class=\"two-images__content-cta\">\n                        <a class=\"two-images__cta\" href=\"https:\/\/www.santamonica.com\/fr\/evenements\/evenements-annuels\/\" target=\"\">Voir les \u00e9v\u00e9nements les plus importants<\/a>\n                    <\/div>\n                            <\/div>\n        <\/div>\n\n        <div class=\"two-images__column\">\n                            <div class=\"two-images__image-container\">\n                    <img decoding=\"async\" width=\"425\" height=\"505\" src=\"https:\/\/www.santamonica.com\/wp-content\/uploads\/2022\/06\/events-santa-monica.jpg\" class=\"two-images__image\" alt=\"\u00e9v\u00e9nements santa monica\" loading=\"lazy\" srcset=\"https:\/\/www.santamonica.com\/wp-content\/uploads\/2022\/06\/events-santa-monica.jpg 425w, https:\/\/www.santamonica.com\/wp-content\/uploads\/2022\/06\/events-santa-monica-252x300.jpg 252w, https:\/\/www.santamonica.com\/wp-content\/uploads\/2022\/06\/events-santa-monica-126x150.jpg 126w\" sizes=\"auto, (max-width: 425px) 100vw, 425px\" title=\"\">                    \n\n                <\/div>\n                    <\/div>\n\n        <div class=\"two-images__column\">\n                            <div class=\"two-images__image-container\">\n                    <img decoding=\"async\" width=\"600\" height=\"565\" src=\"https:\/\/www.santamonica.com\/wp-content\/uploads\/2022\/06\/fall-events-santa-monica.jpg\" class=\"two-images__image\" alt=\"\u00e9v\u00e9nements d&#039;automne santa monica\" loading=\"lazy\" srcset=\"https:\/\/www.santamonica.com\/wp-content\/uploads\/2022\/06\/fall-events-santa-monica.jpg 600w, https:\/\/www.santamonica.com\/wp-content\/uploads\/2022\/06\/fall-events-santa-monica-300x283.jpg 300w, https:\/\/www.santamonica.com\/wp-content\/uploads\/2022\/06\/fall-events-santa-monica-159x150.jpg 159w\" sizes=\"auto, (max-width: 600px) 100vw, 600px\" title=\"\">                    \n\n                <\/div>\n                    <\/div>\n\n    <\/div>\n<\/section>\n\n\n<section class=\"blog-feed --theme8 sm-block\">\n    <div class=\"blog-feed__content\">\n        <div class=\"blog-feed__intro\">\n                            <div class=\"blog-feed__eyebrow eyebrow\">Blogs<\/div>                                        <h2 class=\"blog-feed__headline\">D\u00e9couvrir Santa Monica<\/h2>                                        <div class=\"blog-feed__body\"><p>Explorez les itin\u00e9raires, les conseils locaux, les points chauds et les aventures organis\u00e9es pour \u00eatre s\u00fbr de profiter au maximum de votre exp\u00e9rience \u00e0 Santa Monica.<\/p>\n<\/div>\n                                        <a class=\"blog-feed__cta\" href=\"https:\/\/www.santamonica.com\/fr\/articles-de-blog\/\">Voir tous les blogs<\/a>\n                    <\/div>\n\n        <ul class=\"blog-feed__list\">\n                                                <li class=\"blog-feed__item\">\n                        <a href=\"https:\/\/www.santamonica.com\/fr\/mother-road-modern-meetings-route-66-meeting-spaces-set-to-shine-for-centennial-in-santa-monica\/\" class=\"blog-feed__item-link\">\n                            <div class=\"blog-feed__image-ratio\">\n                                <img decoding=\"async\" class=\"blog-feed__image\" src=\"https:\/\/www.santamonica.com\/wp-content\/uploads\/2025\/12\/untitledJuly20162C2020180010-182-2-400x400.jpg\" alt=\"ROUTE MATERNELLE, R\u00c9UNIONS MODERNES : LES ESPACES DE R\u00c9UNION DE LA ROUTE 66 S&#039;APPR\u00caTENT \u00c0 BRILLER POUR LE CENTENAIRE \u00c0 SANTA MONICA\" title=\"\">\n                            <\/div>\n                            <div class=\"blog-feed__card-title\">ROUTE MATERNELLE, R\u00c9UNIONS MODERNES : LES ESPACES DE R\u00c9UNION DE LA ROUTE 66 S'APPR\u00caTENT \u00c0 BRILLER POUR LE CENTENAIRE \u00c0 SANTA MONICA<\/div>\n                        <\/a>\n                    <\/li>\n                                                                <li class=\"blog-feed__item\">\n                        <a href=\"https:\/\/www.santamonica.com\/fr\/media\/news-release\/santa-monica-announces-song-contest-in-celebration-of-route-66-centennial\/\" class=\"blog-feed__item-link\">\n                            <div class=\"blog-feed__image-ratio\">\n                                <img decoding=\"async\" class=\"blog-feed__image\" src=\"https:\/\/www.santamonica.com\/wp-content\/uploads\/2025\/11\/DSC01084-400x400.jpg\" alt=\"SANTA MONICA ANNONCE UN CONCOURS DE CHANSONS POUR C\u00c9L\u00c9BRER LE CENTENAIRE DE LA ROUTE 66\" title=\"\">\n                            <\/div>\n                            <div class=\"blog-feed__card-title\">SANTA MONICA ANNONCE UN CONCOURS DE CHANSONS POUR C\u00c9L\u00c9BRER LE CENTENAIRE DE LA ROUTE 66<\/div>\n                        <\/a>\n                    <\/li>\n                                                                <li class=\"blog-feed__item\">\n                        <a href=\"https:\/\/www.santamonica.com\/fr\/media\/news-release\/where-to-watch-the-world-series-in-santa-monica\/\" class=\"blog-feed__item-link\">\n                            <div class=\"blog-feed__image-ratio\">\n                                <img decoding=\"async\" class=\"blog-feed__image\" src=\"https:\/\/www.santamonica.com\/wp-content\/uploads\/2025\/10\/dodgers-logo-1-400x400.jpg\" alt=\"O\u00d9 REGARDER LES CHAMPIONNATS DU MONDE \u00c0 SANTA MONICA\" title=\"\">\n                            <\/div>\n                            <div class=\"blog-feed__card-title\">O\u00d9 REGARDER LES CHAMPIONNATS DU MONDE \u00c0 SANTA MONICA<\/div>\n                        <\/a>\n                    <\/li>\n                                    <\/ul>\n    <\/div>\n<\/section>","protected":false},"excerpt":{"rendered":"","protected":false},"author":1450,"featured_media":343332,"parent":0,"menu_order":0,"comment_status":"closed","ping_status":"closed","template":"template-editorial.php","meta":{"_acf_changed":false,"inline_featured_image":false,"footnotes":""},"silos":[3899],"class_list":["post-342957","page","type-page","status-publish","has-post-thumbnail","hentry"],"acf":[],"_links":{"self":[{"href":"https:\/\/www.santamonica.com\/fr\/wp-json\/wp\/v2\/pages\/342957","targetHints":{"allow":["GET"]}}],"collection":[{"href":"https:\/\/www.santamonica.com\/fr\/wp-json\/wp\/v2\/pages"}],"about":[{"href":"https:\/\/www.santamonica.com\/fr\/wp-json\/wp\/v2\/types\/page"}],"author":[{"embeddable":true,"href":"https:\/\/www.santamonica.com\/fr\/wp-json\/wp\/v2\/users\/1450"}],"replies":[{"embeddable":true,"href":"https:\/\/www.santamonica.com\/fr\/wp-json\/wp\/v2\/comments?post=342957"}],"version-history":[{"count":93,"href":"https:\/\/www.santamonica.com\/fr\/wp-json\/wp\/v2\/pages\/342957\/revisions"}],"predecessor-version":[{"id":767997,"href":"https:\/\/www.santamonica.com\/fr\/wp-json\/wp\/v2\/pages\/342957\/revisions\/767997"}],"wp:featuredmedia":[{"embeddable":true,"href":"https:\/\/www.santamonica.com\/fr\/wp-json\/wp\/v2\/media\/343332"}],"wp:attachment":[{"href":"https:\/\/www.santamonica.com\/fr\/wp-json\/wp\/v2\/media?parent=342957"}],"wp:term":[{"taxonomy":"silos","embeddable":true,"href":"https:\/\/www.santamonica.com\/fr\/wp-json\/wp\/v2\/silos?post=342957"}],"curies":[{"name":"wp","href":"https:\/\/api.w.org\/{rel}","templated":true}]}}