{"id":342861,"date":"2022-06-24T07:45:55","date_gmt":"2022-06-24T14:45:55","guid":{"rendered":"https:\/\/www.santamonica.com\/?page_id=342861"},"modified":"2026-01-12T07:47:04","modified_gmt":"2026-01-12T15:47:04","slug":"voyages-de-groupe","status":"publish","type":"page","link":"https:\/\/www.santamonica.com\/fr\/travel-trade\/group-tours\/","title":{"rendered":"Voyages en groupe"},"content":{"rendered":"<section class=\"two-images container-max sm-block --flip sm-block\">\n    <div class=\"two-images__container --flip\">\n\n        <div class=\"two-images__column\">\n            <div class=\"two-images__content\">\n                <div class=\"two-images__content-header-container\">\n                                            <h2 class=\"two-images__content-header\">Nouvelles zones de chargement des bus<\/h2>                                    <\/div>\n                                    <div class=\"two-images__content-body wysiwyg\">\n                        <p>\u00c0 compter du 1er juin 2023, la ville de Santa Monica a d\u00e9plac\u00e9 plusieurs des zones de chargement\/d\u00e9chargement actives des bus touristiques. Il y a maintenant une zone d\u00e9di\u00e9e sur le c\u00f4t\u00e9 ouest d'Ocean Ave, entre autres changements, pour un acc\u00e8s direct et facile \u00e0 Santa Monica Place, au centre-ville de Santa Monica et \u00e0 la c\u00e9l\u00e8bre jet\u00e9e de Santa Monica.<\/p>\n<p><a href=\"https:\/\/www.santamonica.com\/wp-content\/uploads\/2025\/10\/2024-Tour-Bus-Final-24.pdf\">Consultez la carte et la liste compl\u00e8te des zones de chargement\/d\u00e9chargement actives.<\/a><\/p>\n                    <\/div>\n                                            <\/div>\n        <\/div>\n\n        <div class=\"two-images__column\">\n                            <div class=\"two-images__image-container\">\n                    <img decoding=\"async\" width=\"425\" height=\"505\" src=\"https:\/\/www.santamonica.com\/wp-content\/uploads\/2022\/06\/santa-monica-group-tours.jpg\" class=\"two-images__image\" alt=\"visites de groupes \u00e0 santa monica\" loading=\"lazy\" srcset=\"https:\/\/www.santamonica.com\/wp-content\/uploads\/2022\/06\/santa-monica-group-tours.jpg 425w, https:\/\/www.santamonica.com\/wp-content\/uploads\/2022\/06\/santa-monica-group-tours-252x300.jpg 252w, https:\/\/www.santamonica.com\/wp-content\/uploads\/2022\/06\/santa-monica-group-tours-126x150.jpg 126w\" sizes=\"auto, (max-width: 425px) 100vw, 425px\" title=\"\">                    \n\n            <div class=\"img-lctn-tag --no-link two-images__image-caption --right\">Jet\u00e9e de Santa Monica<\/div>\n                    <\/div>\n                    <\/div>\n\n        <div class=\"two-images__column\">\n                            <div class=\"two-images__image-container\">\n                    <img decoding=\"async\" width=\"600\" height=\"565\" src=\"https:\/\/www.santamonica.com\/wp-content\/uploads\/2022\/06\/group-tours-bus-parking.jpg\" class=\"two-images__image\" alt=\"visites de groupe parking pour autobus\" loading=\"lazy\" srcset=\"https:\/\/www.santamonica.com\/wp-content\/uploads\/2022\/06\/group-tours-bus-parking.jpg 600w, https:\/\/www.santamonica.com\/wp-content\/uploads\/2022\/06\/group-tours-bus-parking-300x283.jpg 300w, https:\/\/www.santamonica.com\/wp-content\/uploads\/2022\/06\/group-tours-bus-parking-159x150.jpg 159w\" sizes=\"auto, (max-width: 600px) 100vw, 600px\" title=\"\">                    \n\n            <div class=\"img-lctn-tag --no-link two-images__image-caption --right\">Centre-ville \/ Promenade de la troisi\u00e8me rue<\/div>\n                    <\/div>\n                    <\/div>\n\n    <\/div>\n<\/section>\n\n\n<section class=\"sun-title sm-block --theme6 sm-block\">\n            <h2 class=\"sun-title__headline\">Programme de permis de stationnement pour les autocars de tourisme<\/h2>    \n            <div class=\"sun-title__body  wysiwyg\">\n                    <p>La ville de Santa Monica, en collaboration avec Santa Monica Travel &amp; Tourism (SMTT) et Downtown Santa Monica, souhaite la bienvenue aux op\u00e9rateurs de bus touristiques dans notre communaut\u00e9. La ville souhaite \u00e9tendre le stationnement de courtoisie et l'utilisation des zones d\u00e9sign\u00e9es dans la ville aux op\u00e9rateurs de bus touristiques qui sont certifi\u00e9s par SMTT pour leur contribution \u00e0 l'industrie du tourisme \u00e0 Santa Monica.<\/p>\n<p>Si vous \u00eates un op\u00e9rateur d'autobus touristiques int\u00e9ress\u00e9 par la certification et l'acc\u00e8s \u00e0 un parking de courtoisie, <a href=\"https:\/\/www.santamonica.com\/wp-content\/uploads\/2025\/06\/25-26-Tour-Bus-Application-FINAL.pdf\" target=\"_blank\" rel=\"noopener\">t\u00e9l\u00e9charger le dossier de candidature<\/a>. Veuillez envoyer par courrier \u00e9lectronique les candidatures d\u00fbment remplies, accompagn\u00e9es d'au moins un exemple d'itin\u00e9raire incluant Santa Monica pour un minimum de quatre heures, \u00e0 l'adresse suivante <a href=\"mailto:trade@santamonica.com\">trade@santamonica.com<\/a>.<\/p>\n                        <\/div>\n    <\/section>\n\n\n<section class=\"sun-title sm-block --theme6 sm-block\">\n            <h2 class=\"sun-title__headline\">Parking bus payant<\/h2>    \n            <div class=\"sun-title__body  wysiwyg\">\n                    <p>Un parking payant est actuellement disponible dans le lot 4 sud (2030 Barnard Way). Le parking est ouvert du lever au coucher du soleil. <a href=\"https:\/\/www.santamonica.com\/wp-content\/uploads\/2024\/05\/2023-Santa-Monica-Parking-Rate-Table.pdf\" target=\"_blank\" rel=\"noopener\">taux<\/a> varient selon la saison. Veuillez envoyer un courriel \u00e0\u00a0 <a href=\"mailto:parking@santamonica.gov\">parking@santamonica.gov<\/a>\u00a0pour plus d'informations.<\/p>\n<p>Des places de stationnement de nuit pour les bus sont \u00e9galement disponibles \u00e0 Marina del Rey, non loin de l\u00e0. Un pr\u00e9avis est n\u00e9cessaire pour r\u00e9server un parking de nuit pour les autocars de tourisme et les v\u00e9hicules surdimensionn\u00e9s. <a href=\"https:\/\/beaches.lacounty.gov\/marina-del-rey-overnight-parking\/\" target=\"_blank\" rel=\"noopener\">Plus d'informations.<\/a><\/p>\n                        <\/div>\n    <\/section>\n\n\n<section class=\"image-slider --theme1 sm-block\" >\n    <div class=\"image-slider__wrapper\">\n                    <div class=\"image-slider__copy wysiwyg\"><h2>Restauration \u00e0 Santa Monica<\/h2>\n<p><a href=\"https:\/\/www.santamonica.com\/fr\/restaurants\/\">Restaurants de Santa Monica<\/a> offrent certains des restaurants les plus vari\u00e9s et les plus r\u00e9put\u00e9s de Los Angeles et du sud de la Californie. De la cuisine biologique et v\u00e9g\u00e9tarienne \u00e0 la cuisine fusion californienne, en passant par les fruits de mer frais et les meilleurs steaks, il y a des options pour toutes les palettes, tous les go\u00fbts et tous les budgets.<\/p>\n<\/div>\n                <div class=\"image-slider__slider right\">\n                            <!-- Slider main container -->\n                <div class=\"swiper\">\n                    <!-- Additional required wrapper -->\n                    <div class=\"swiper-wrapper\">\n                        <!-- Slides -->\n                                                    <div class=\"swiper-slide\">\n                                <img decoding=\"async\" width=\"1024\" height=\"576\" src=\"https:\/\/www.santamonica.com\/wp-content\/uploads\/2022\/06\/group-dining-3.jpg\" class=\"swiper-slide__image\" alt=\"repas de groupe\" loading=\"lazy\" srcset=\"https:\/\/www.santamonica.com\/wp-content\/uploads\/2022\/06\/group-dining-3.jpg 1024w, https:\/\/www.santamonica.com\/wp-content\/uploads\/2022\/06\/group-dining-3-300x169.jpg 300w, https:\/\/www.santamonica.com\/wp-content\/uploads\/2022\/06\/group-dining-3-267x150.jpg 267w, https:\/\/www.santamonica.com\/wp-content\/uploads\/2022\/06\/group-dining-3-768x432.jpg 768w\" sizes=\"auto, (max-width: 1024px) 100vw, 1024px\" title=\"\">                                \n\n            <a href=\"https:\/\/www.santamonica.com\/fr\/restaurants\/bord-de-mer-sur-la-jetee\/\" class=\"img-lctn-tag --right\">\n            <div class=\"img-lctn-tag-inside-link image-slider__image-caption right\">Bord de mer sur la jet\u00e9e<\/div>\n        <\/a>\n                                <\/div>\n                                            <\/div>\n                                    <\/div>\n                    <\/div>\n    <\/div>\n<\/section>\n\n\n<section class=\"blog-feed --theme8 sm-block\">\n    <div class=\"blog-feed__content\">\n        <div class=\"blog-feed__intro\">\n                            <div class=\"blog-feed__eyebrow eyebrow\">Blogs<\/div>                                        <h2 class=\"blog-feed__headline\">D\u00e9couvrir Santa Monica<\/h2>                                        <div class=\"blog-feed__body\"><p>Explorez les itin\u00e9raires, les conseils locaux, les points chauds et les aventures organis\u00e9es pour \u00eatre s\u00fbr de profiter au maximum de votre exp\u00e9rience \u00e0 Santa Monica.<\/p>\n<\/div>\n                                        <a class=\"blog-feed__cta\" href=\"https:\/\/www.santamonica.com\/fr\/articles-de-blog\/\">Voir tous les blogs<\/a>\n                    <\/div>\n\n        <ul class=\"blog-feed__list\">\n                                                <li class=\"blog-feed__item\">\n                        <a href=\"https:\/\/www.santamonica.com\/fr\/mother-road-modern-meetings-route-66-meeting-spaces-set-to-shine-for-centennial-in-santa-monica\/\" class=\"blog-feed__item-link\">\n                            <div class=\"blog-feed__image-ratio\">\n                                <img decoding=\"async\" class=\"blog-feed__image\" src=\"https:\/\/www.santamonica.com\/wp-content\/uploads\/2025\/12\/untitledJuly20162C2020180010-182-2-400x400.jpg\" alt=\"ROUTE MATERNELLE, R\u00c9UNIONS MODERNES : LES ESPACES DE R\u00c9UNION DE LA ROUTE 66 S&#039;APPR\u00caTENT \u00c0 BRILLER POUR LE CENTENAIRE \u00c0 SANTA MONICA\" title=\"\">\n                            <\/div>\n                            <div class=\"blog-feed__card-title\">ROUTE MATERNELLE, R\u00c9UNIONS MODERNES : LES ESPACES DE R\u00c9UNION DE LA ROUTE 66 S'APPR\u00caTENT \u00c0 BRILLER POUR LE CENTENAIRE \u00c0 SANTA MONICA<\/div>\n                        <\/a>\n                    <\/li>\n                                                                <li class=\"blog-feed__item\">\n                        <a href=\"https:\/\/www.santamonica.com\/fr\/media\/news-release\/santa-monica-announces-song-contest-in-celebration-of-route-66-centennial\/\" class=\"blog-feed__item-link\">\n                            <div class=\"blog-feed__image-ratio\">\n                                <img decoding=\"async\" class=\"blog-feed__image\" src=\"https:\/\/www.santamonica.com\/wp-content\/uploads\/2025\/11\/DSC01084-400x400.jpg\" alt=\"SANTA MONICA ANNONCE UN CONCOURS DE CHANSONS POUR C\u00c9L\u00c9BRER LE CENTENAIRE DE LA ROUTE 66\" title=\"\">\n                            <\/div>\n                            <div class=\"blog-feed__card-title\">SANTA MONICA ANNONCE UN CONCOURS DE CHANSONS POUR C\u00c9L\u00c9BRER LE CENTENAIRE DE LA ROUTE 66<\/div>\n                        <\/a>\n                    <\/li>\n                                                                <li class=\"blog-feed__item\">\n                        <a href=\"https:\/\/www.santamonica.com\/fr\/media\/news-release\/where-to-watch-the-world-series-in-santa-monica\/\" class=\"blog-feed__item-link\">\n                            <div class=\"blog-feed__image-ratio\">\n                                <img decoding=\"async\" class=\"blog-feed__image\" src=\"https:\/\/www.santamonica.com\/wp-content\/uploads\/2025\/10\/dodgers-logo-1-400x400.jpg\" alt=\"O\u00d9 REGARDER LES CHAMPIONNATS DU MONDE \u00c0 SANTA MONICA\" title=\"\">\n                            <\/div>\n                            <div class=\"blog-feed__card-title\">O\u00d9 REGARDER LES CHAMPIONNATS DU MONDE \u00c0 SANTA MONICA<\/div>\n                        <\/a>\n                    <\/li>\n                                    <\/ul>\n    <\/div>\n<\/section>","protected":false},"excerpt":{"rendered":"","protected":false},"author":1450,"featured_media":343233,"parent":0,"menu_order":0,"comment_status":"closed","ping_status":"closed","template":"template-meetings-editorial-detail.php","meta":{"_acf_changed":false,"inline_featured_image":false,"footnotes":""},"silos":[3908],"class_list":["post-342861","page","type-page","status-publish","has-post-thumbnail","hentry"],"acf":[],"_links":{"self":[{"href":"https:\/\/www.santamonica.com\/fr\/wp-json\/wp\/v2\/pages\/342861","targetHints":{"allow":["GET"]}}],"collection":[{"href":"https:\/\/www.santamonica.com\/fr\/wp-json\/wp\/v2\/pages"}],"about":[{"href":"https:\/\/www.santamonica.com\/fr\/wp-json\/wp\/v2\/types\/page"}],"author":[{"embeddable":true,"href":"https:\/\/www.santamonica.com\/fr\/wp-json\/wp\/v2\/users\/1450"}],"replies":[{"embeddable":true,"href":"https:\/\/www.santamonica.com\/fr\/wp-json\/wp\/v2\/comments?post=342861"}],"version-history":[{"count":77,"href":"https:\/\/www.santamonica.com\/fr\/wp-json\/wp\/v2\/pages\/342861\/revisions"}],"predecessor-version":[{"id":774606,"href":"https:\/\/www.santamonica.com\/fr\/wp-json\/wp\/v2\/pages\/342861\/revisions\/774606"}],"wp:featuredmedia":[{"embeddable":true,"href":"https:\/\/www.santamonica.com\/fr\/wp-json\/wp\/v2\/media\/343233"}],"wp:attachment":[{"href":"https:\/\/www.santamonica.com\/fr\/wp-json\/wp\/v2\/media?parent=342861"}],"wp:term":[{"taxonomy":"silos","embeddable":true,"href":"https:\/\/www.santamonica.com\/fr\/wp-json\/wp\/v2\/silos?post=342861"}],"curies":[{"name":"wp","href":"https:\/\/api.w.org\/{rel}","templated":true}]}}