{"id":342771,"date":"2022-06-24T07:01:25","date_gmt":"2022-06-24T14:01:25","guid":{"rendered":"https:\/\/www.santamonica.com\/?page_id=342771"},"modified":"2026-02-23T17:31:28","modified_gmt":"2026-02-24T01:31:28","slug":"boite-a-outils-de-planification","status":"publish","type":"page","link":"https:\/\/www.santamonica.com\/fr\/travel-trade\/planning-toolkit\/","title":{"rendered":"Bo\u00eete \u00e0 outils de planification"},"content":{"rendered":"<section class=\"two-images container-max sm-block --flip sm-block\">\n    <div class=\"two-images__container --flip\">\n\n        <div class=\"two-images__column\">\n            <div class=\"two-images__content\">\n                <div class=\"two-images__content-header-container\">\n                                            <h2 class=\"two-images__content-header\">Programme de formation de Santa Monica<\/h2>                                    <\/div>\n                                    <div class=\"two-images__content-body wysiwyg\">\n                        <p>Devenez une California STAR ! Visitez le site de la Californie <a href=\"https:\/\/santamonica.thesource.travel\/\" target=\"_blank\" rel=\"noopener\">Programme de formation STAR<\/a> (disponible pour les ordinateurs de bureau, les t\u00e9l\u00e9phones portables et les tablettes) comprend les ressources et les informations essentielles pour devenir un expert de la Californie.<\/p>\n<p>Une fois que vous aurez termin\u00e9 la formation d'introduction \u00e0 la Californie, vous pourrez suivre le module Santa Monica pour devenir un expert de la vente de la ville baln\u00e9aire de Los Angeles.<\/p>\n                    <\/div>\n                                            <\/div>\n        <\/div>\n\n        <div class=\"two-images__column\">\n                            <div class=\"two-images__image-container\">\n                    <img decoding=\"async\" width=\"424\" height=\"504\" src=\"https:\/\/www.santamonica.com\/wp-content\/uploads\/2025\/01\/Bikes_PlanningToolkit.jpg\" class=\"two-images__image\" alt=\"\" loading=\"lazy\" srcset=\"https:\/\/www.santamonica.com\/wp-content\/uploads\/2025\/01\/Bikes_PlanningToolkit.jpg 424w, https:\/\/www.santamonica.com\/wp-content\/uploads\/2025\/01\/Bikes_PlanningToolkit-252x300.jpg 252w, https:\/\/www.santamonica.com\/wp-content\/uploads\/2025\/01\/Bikes_PlanningToolkit-126x150.jpg 126w\" sizes=\"auto, (max-width: 424px) 100vw, 424px\" title=\"\">                    \n\n                <\/div>\n                    <\/div>\n\n        <div class=\"two-images__column\">\n                            <div class=\"two-images__image-container\">\n                    <img decoding=\"async\" width=\"600\" height=\"564\" src=\"https:\/\/www.santamonica.com\/wp-content\/uploads\/2025\/01\/PierSign_PlanningToolkit.jpg\" class=\"two-images__image\" alt=\"\" loading=\"lazy\" srcset=\"https:\/\/www.santamonica.com\/wp-content\/uploads\/2025\/01\/PierSign_PlanningToolkit.jpg 600w, https:\/\/www.santamonica.com\/wp-content\/uploads\/2025\/01\/PierSign_PlanningToolkit-300x282.jpg 300w, https:\/\/www.santamonica.com\/wp-content\/uploads\/2025\/01\/PierSign_PlanningToolkit-160x150.jpg 160w\" sizes=\"auto, (max-width: 600px) 100vw, 600px\" title=\"\">                    \n\n                <\/div>\n                    <\/div>\n\n    <\/div>\n<\/section>\n\n\n<section class=\"sun-title sm-block --theme6 sm-block\">\n            <h2 class=\"sun-title__headline\">Exemples d'itin\u00e9raires<\/h2>    \n            <div class=\"sun-title__body  wysiwyg\">\n                    <p>Que vos clients soient en visite pour la semaine ou le week-end, nous avons compil\u00e9 nos itin\u00e9raires des meilleures choses \u00e0 voir, \u00e0 faire et \u00e0 manger \u00e0 Santa Monica. Ces itin\u00e9raires comprennent les principales attractions et des conseils pour vivre comme un habitant. Explorez nos itin\u00e9raires amusants pour un, deux, trois jours ou une semaine enti\u00e8re ! De plus, procurez-vous votre <a href=\"https:\/\/issuu.com\/santamonicatravelandtourism\/docs\/santa_monica_insider\" target=\"_blank\" rel=\"noopener\">Santa Monica Insider<\/a> et <a href=\"https:\/\/www.santamonica.com\/wp-content\/uploads\/2024\/11\/English-itinerary-SINGLE-PAGES-2024-10-08.pdf\" target=\"_blank\" rel=\"noopener\">Guide des trois jours<\/a> (anglais) et <a href=\"https:\/\/www.santamonica.com\/wp-content\/uploads\/2026\/02\/SMTT-LUX-French-lowres.pdf\">Guide des trois jours<\/a> (fran\u00e7ais) pour profiter au mieux de votre aventure.<\/p>\n                        <\/div>\n    <\/section>\n\n\n<section class=\"links-grid --theme3 sm-block\">\n    <div class=\"links-grid__wrapper\">\n                                                    <a href=\"https:\/\/www.santamonica.com\/fr\/trip-planner\/one-day-itinerary\/\" class=\"links-grid__card-link\" aria-label=\"Itin\u00e9raire d&#039;une journ\u00e9e\">\n                    <div class=\"links-grid__card\">\n                                                    <div class=\"links-grid__card-image-wrapper\">\n                                <img decoding=\"async\" width=\"400\" height=\"400\" src=\"https:\/\/www.santamonica.com\/wp-content\/uploads\/2025\/01\/OneDayItinerary-400x400.jpg\" class=\"links-grid__card-image\" alt=\"Itin\u00e9raire d&#039;une journ\u00e9e\" loading=\"lazy\" title=\"\">                            <\/div>\n                                                <div class=\"links-grid__card-text\">\n                                                            <div class=\"links-grid__card-title\">Itin\u00e9raire d'une journ\u00e9e<\/div>\n                                                                                <\/div>\n                    <\/div>\n                <\/a>\n                                            <a href=\"https:\/\/www.santamonica.com\/fr\/trip-planner\/two-day-itinerary\/\" class=\"links-grid__card-link\" aria-label=\"Itin\u00e9raire de deux jours\">\n                    <div class=\"links-grid__card\">\n                                                    <div class=\"links-grid__card-image-wrapper\">\n                                <img decoding=\"async\" width=\"400\" height=\"400\" src=\"https:\/\/www.santamonica.com\/wp-content\/uploads\/2022\/06\/two-day-itinerary-400x400.jpg\" class=\"links-grid__card-image\" alt=\"itin\u00e9raire de deux jours\" loading=\"lazy\" title=\"\">                            <\/div>\n                                                <div class=\"links-grid__card-text\">\n                                                            <div class=\"links-grid__card-title\">Itin\u00e9raire de deux jours<\/div>\n                                                                                <\/div>\n                    <\/div>\n                <\/a>\n                                            <a href=\"https:\/\/www.santamonica.com\/fr\/trip-planner\/three-day-itinerary\/\" class=\"links-grid__card-link\" aria-label=\"Itin\u00e9raire de trois jours\">\n                    <div class=\"links-grid__card\">\n                                                    <div class=\"links-grid__card-image-wrapper\">\n                                <img decoding=\"async\" width=\"400\" height=\"400\" src=\"https:\/\/www.santamonica.com\/wp-content\/uploads\/2022\/06\/three-day-itinerary-400x400.jpg\" class=\"links-grid__card-image\" alt=\"Choses \u00e0 faire \u00e0 Santa Monica ce week-end\" loading=\"lazy\" title=\"\">                            <\/div>\n                                                <div class=\"links-grid__card-text\">\n                                                            <div class=\"links-grid__card-title\">Itin\u00e9raire de trois jours<\/div>\n                                                                                <\/div>\n                    <\/div>\n                <\/a>\n                                            <a href=\"https:\/\/www.santamonica.com\/fr\/trip-planner\/seven-day-itinerary\/\" class=\"links-grid__card-link\" aria-label=\"Itin\u00e9raire de la semaine\">\n                    <div class=\"links-grid__card\">\n                                                    <div class=\"links-grid__card-image-wrapper\">\n                                <img decoding=\"async\" width=\"400\" height=\"400\" src=\"https:\/\/www.santamonica.com\/wp-content\/uploads\/2022\/06\/santa-monica-seven-day-itinerary-400x400.jpg\" class=\"links-grid__card-image\" alt=\"itin\u00e9raire de sept jours \u00e0 santa monica\" loading=\"lazy\" title=\"\">                            <\/div>\n                                                <div class=\"links-grid__card-text\">\n                                                            <div class=\"links-grid__card-title\">Itin\u00e9raire de la semaine<\/div>\n                                                                                <\/div>\n                    <\/div>\n                <\/a>\n                        <\/div>\n<\/section>\n\n\n\n<section class=\"image-slider --theme1 sm-block\" >\n    <div class=\"image-slider__wrapper\">\n                    <div class=\"image-slider__copy wysiwyg\"><p><strong>Luxe d\u00e9contract\u00e9<\/strong><br \/>\nL'alliance de la beaut\u00e9 naturelle de Santa Monica, des restaurants prim\u00e9s et des boutiques r\u00e9put\u00e9es, le tout sur l'un des rivages les plus embl\u00e9matiques de Californie, offre une exp\u00e9rience de luxe vraiment d\u00e9contract\u00e9e. Pour en savoir plus, explorez le site <a href=\"https:\/\/issuu.com\/santamonicatravelandtourism\/docs\/santa_monica_insider\" target=\"_blank\" rel=\"noopener\">Santa Monica Insider<\/a>.<\/p>\n<p><strong>Road Trip en Californie du Sud<\/strong><br \/>\nLe meilleur de la Californie du Sud comprend trois r\u00e9gions \u00e9tonnantes et uniques, toutes situ\u00e9es \u00e0 quelques heures l'une de l'autre : Santa Monica, Greater Palm Springs et San Diego.<\/p>\n<p>Que vous soyez un amateur de plage ou un connaisseur de la culture, vous appr\u00e9cierez les <a href=\"https:\/\/www.santamonica.com\/fr\/planificateur-de-voyage\/voyage-en-californie-du-sud\/\">la diversit\u00e9 des exp\u00e9riences<\/a> qui vous attendent dans chaque destination - et qui peuvent \u00eatre appr\u00e9ci\u00e9es en seulement 10 jours.<\/p>\n<\/div>\n                <div class=\"image-slider__slider right\">\n                            <!-- Slider main container -->\n                <div class=\"swiper\">\n                    <!-- Additional required wrapper -->\n                    <div class=\"swiper-wrapper\">\n                        <!-- Slides -->\n                                                    <div class=\"swiper-slide\">\n                                <img decoding=\"async\" width=\"1024\" height=\"580\" src=\"https:\/\/www.santamonica.com\/wp-content\/uploads\/2025\/01\/LaidBackLuxury_PlanningToolkit.jpg\" class=\"swiper-slide__image\" alt=\"\" loading=\"lazy\" srcset=\"https:\/\/www.santamonica.com\/wp-content\/uploads\/2025\/01\/LaidBackLuxury_PlanningToolkit.jpg 1024w, https:\/\/www.santamonica.com\/wp-content\/uploads\/2025\/01\/LaidBackLuxury_PlanningToolkit-300x170.jpg 300w, https:\/\/www.santamonica.com\/wp-content\/uploads\/2025\/01\/LaidBackLuxury_PlanningToolkit-265x150.jpg 265w, https:\/\/www.santamonica.com\/wp-content\/uploads\/2025\/01\/LaidBackLuxury_PlanningToolkit-768x435.jpg 768w\" sizes=\"auto, (max-width: 1024px) 100vw, 1024px\" title=\"\">                                \n\n                            <\/div>\n                                            <\/div>\n                                    <\/div>\n                    <\/div>\n    <\/div>\n<\/section>\n\n\n<section class=\"sun-title sm-block --theme6 sm-block\">\n            <h2 class=\"sun-title__headline\">Voyager de mani\u00e8re responsable<\/h2>    \n            <div class=\"sun-title__body  wysiwyg\">\n                    <p>Santa Monica vous accueillera toujours, vous et vos clients, \u00e0 bras ouverts, et nous voulons vous aider \u00e0 tirer le meilleur parti de vos vacances au bord de la mer. Obtenez des conseils sur la fa\u00e7on de planifier \u00e0 l'avance, <a href=\"https:\/\/www.santamonica.com\/fr\/voyager-de-maniere-responsable\/\">voyager de mani\u00e8re responsable<\/a>, set expectations and take appropriate precautions as you explore Santa Monica and beyond.<\/p>\n                        <\/div>\n    <\/section>\n\n\n\n<section class=\"two-images container-max sm-block  sm-block\">\n    <div class=\"two-images__container\">\n\n        <div class=\"two-images__column\">\n            <div class=\"two-images__content\">\n                <div class=\"two-images__content-header-container\">\n                                            <h2 class=\"two-images__content-header\">Images libres de droits<\/h2>                                    <\/div>\n                                    <div class=\"two-images__content-body wysiwyg\">\n                        <p><a href=\"https:\/\/www.santamonica.com\/fr\/medias\/formulaire-de-demande-de-photos-et-de-videos\/\">Demande de photographies pittoresques libres de droits<\/a> de Santa Monica pour vos d\u00e9pliants et brochures.<\/p>\n                    <\/div>\n                                            <\/div>\n        <\/div>\n\n        <div class=\"two-images__column\">\n                            <div class=\"two-images__image-container\">\n                    <img decoding=\"async\" width=\"425\" height=\"505\" src=\"https:\/\/www.santamonica.com\/wp-content\/uploads\/2022\/06\/request-royalty-free-photos-santa-monica.jpg\" class=\"two-images__image\" alt=\"demande de photos libres de droits santa monica\" loading=\"lazy\" srcset=\"https:\/\/www.santamonica.com\/wp-content\/uploads\/2022\/06\/request-royalty-free-photos-santa-monica.jpg 425w, https:\/\/www.santamonica.com\/wp-content\/uploads\/2022\/06\/request-royalty-free-photos-santa-monica-252x300.jpg 252w, https:\/\/www.santamonica.com\/wp-content\/uploads\/2022\/06\/request-royalty-free-photos-santa-monica-126x150.jpg 126w\" sizes=\"auto, (max-width: 425px) 100vw, 425px\" title=\"\">                    \n\n                <\/div>\n                    <\/div>\n\n        <div class=\"two-images__column\">\n                            <div class=\"two-images__image-container\">\n                    <img decoding=\"async\" width=\"600\" height=\"565\" src=\"https:\/\/www.santamonica.com\/wp-content\/uploads\/2022\/06\/santa-monica-royalty-free-images.jpg\" class=\"two-images__image\" alt=\"santa monica royalty free images\" loading=\"lazy\" srcset=\"https:\/\/www.santamonica.com\/wp-content\/uploads\/2022\/06\/santa-monica-royalty-free-images.jpg 600w, https:\/\/www.santamonica.com\/wp-content\/uploads\/2022\/06\/santa-monica-royalty-free-images-300x283.jpg 300w, https:\/\/www.santamonica.com\/wp-content\/uploads\/2022\/06\/santa-monica-royalty-free-images-159x150.jpg 159w\" sizes=\"auto, (max-width: 600px) 100vw, 600px\" title=\"\">                    \n\n                <\/div>\n                    <\/div>\n\n    <\/div>\n<\/section>\n\n\n<section class=\"image-slider --theme1 sm-block\" >\n    <div class=\"image-slider__wrapper\">\n                    <div class=\"image-slider__copy wysiwyg\"><h2>Activit\u00e9s gratuites<\/h2>\n<p>En savoir plus sur <a href=\"https:\/\/www.santamonica.com\/fr\/choses-a-faire\/100-activites-gratuites-a-santa-monica\/\">choses gratuites \u00e0 faire \u00e0 Santa Monica<\/a> y compris des concerts d'\u00e9t\u00e9, des visites de la ville, des activit\u00e9s de plage et bien plus encore !<\/p>\n<\/div>\n                <div class=\"image-slider__slider right\">\n                            <!-- Slider main container -->\n                <div class=\"swiper\">\n                    <!-- Additional required wrapper -->\n                    <div class=\"swiper-wrapper\">\n                        <!-- Slides -->\n                                                    <div class=\"swiper-slide\">\n                                <img decoding=\"async\" width=\"1024\" height=\"576\" src=\"https:\/\/www.santamonica.com\/wp-content\/uploads\/2022\/06\/santa-monica-free-activities.jpg\" class=\"swiper-slide__image\" alt=\"activit\u00e9s gratuites \u00e0 santa monica\" loading=\"lazy\" srcset=\"https:\/\/www.santamonica.com\/wp-content\/uploads\/2022\/06\/santa-monica-free-activities.jpg 1024w, https:\/\/www.santamonica.com\/wp-content\/uploads\/2022\/06\/santa-monica-free-activities-300x169.jpg 300w, https:\/\/www.santamonica.com\/wp-content\/uploads\/2022\/06\/santa-monica-free-activities-267x150.jpg 267w, https:\/\/www.santamonica.com\/wp-content\/uploads\/2022\/06\/santa-monica-free-activities-768x432.jpg 768w\" sizes=\"auto, (max-width: 1024px) 100vw, 1024px\" title=\"\">                                \n\n                            <\/div>\n                                            <\/div>\n                                    <\/div>\n                    <\/div>\n    <\/div>\n<\/section>\n\n\n<section class=\"sun-title sm-block --theme6 sm-block\">\n            <h2 class=\"sun-title__headline\">Demande de mat\u00e9riel<\/h2>    \n            <div class=\"sun-title__body  wysiwyg\">\n                    <p>Santa Monica Travel &amp; Tourism propose un certain nombre de guides complets pour aider vos clients \u00e0 se familiariser avec la destination. Pour demander des guides imprim\u00e9s ou pour toute autre question ou information sur la formation, veuillez contacter notre \u00e9quipe de vente \u00e0 l'adresse suivante <a href=\"tel:3103196263\">(310) 319.6263<\/a> ou <a href=\"mailto:trade@santamonica.com\">trade@santamonica.com<\/a>.<\/p>\n<p><a href=\"https:\/\/www.santamonica.com\/fr\/demander-le-guide-touristique-de-santa-monica\/\" rel=\"noopener\">Guide officiel des visiteurs et carte de Santa Monica<\/a><\/p>\n                        <\/div>\n    <\/section>\n\n\n\n<section class=\"two-images container-max sm-block  sm-block\">\n    <div class=\"two-images__container\">\n\n        <div class=\"two-images__column\">\n            <div class=\"two-images__content\">\n                <div class=\"two-images__content-header-container\">\n                                            <h2 class=\"two-images__content-header\">Centre d'accueil des visiteurs Services \/ Commerce de d\u00e9tail<\/h2>                                    <\/div>\n                                    <div class=\"two-images__content-body wysiwyg\">\n                        <p>Vous avez un client sp\u00e9cial qui vient \u00e0 Santa Monica et vous voulez l'impressionner ? Contactez Santa Monica Travel &amp; Tourism et nous serons ravis de leur remettre en main propre un sac cadeau de bienvenue \u00e0 Santa Monica, avec une note personnelle de SMTT, un guide officiel des visiteurs de Santa Monica, une carte des visiteurs de Santa Monica et un cadeau souvenir sp\u00e9cial de Santa Monica. Pour plus d'informations, veuillez contacter\u00a0<a href=\"mailto:trade@santamonica.com\">trade@santamonica.com<\/a>.<\/p>\n                    <\/div>\n                                            <\/div>\n        <\/div>\n\n        <div class=\"two-images__column\">\n                            <div class=\"two-images__image-container\">\n                    <img decoding=\"async\" width=\"425\" height=\"505\" src=\"https:\/\/www.santamonica.com\/wp-content\/uploads\/2022\/06\/visitor-center-retail.jpg\" class=\"two-images__image\" alt=\"centre d&#039;accueil des visiteurs commerce de d\u00e9tail\" loading=\"lazy\" srcset=\"https:\/\/www.santamonica.com\/wp-content\/uploads\/2022\/06\/visitor-center-retail.jpg 425w, https:\/\/www.santamonica.com\/wp-content\/uploads\/2022\/06\/visitor-center-retail-252x300.jpg 252w, https:\/\/www.santamonica.com\/wp-content\/uploads\/2022\/06\/visitor-center-retail-126x150.jpg 126w\" sizes=\"auto, (max-width: 425px) 100vw, 425px\" title=\"\">                    \n\n            <div class=\"img-lctn-tag --no-link two-images__image-caption --right\">Pier Shop<\/div>\n                    <\/div>\n                    <\/div>\n\n        <div class=\"two-images__column\">\n                            <div class=\"two-images__image-container\">\n                    <img decoding=\"async\" width=\"600\" height=\"565\" src=\"https:\/\/www.santamonica.com\/wp-content\/uploads\/2022\/06\/santa-monica-visitors-center.jpg\" class=\"two-images__image\" alt=\"centre des visiteurs de santa monica\" loading=\"lazy\" srcset=\"https:\/\/www.santamonica.com\/wp-content\/uploads\/2022\/06\/santa-monica-visitors-center.jpg 600w, https:\/\/www.santamonica.com\/wp-content\/uploads\/2022\/06\/santa-monica-visitors-center-300x283.jpg 300w, https:\/\/www.santamonica.com\/wp-content\/uploads\/2022\/06\/santa-monica-visitors-center-159x150.jpg 159w\" sizes=\"auto, (max-width: 600px) 100vw, 600px\" title=\"\">                    \n\n            <div class=\"img-lctn-tag --no-link two-images__image-caption --right\">Pier Shop &amp; Visitor Center<\/div>\n                    <\/div>\n                    <\/div>\n\n    <\/div>\n<\/section>\n\n\n<section class=\"blog-feed --theme8 sm-block\">\n    <div class=\"blog-feed__content\">\n        <div class=\"blog-feed__intro\">\n                            <div class=\"blog-feed__eyebrow eyebrow\">Blogs<\/div>                                        <h2 class=\"blog-feed__headline\">D\u00e9couvrir Santa Monica<\/h2>                                        <div class=\"blog-feed__body\"><p>Explorez les itin\u00e9raires, les conseils locaux, les points chauds et les aventures organis\u00e9es pour \u00eatre s\u00fbr de profiter au maximum de votre exp\u00e9rience \u00e0 Santa Monica.<\/p>\n<\/div>\n                                        <a class=\"blog-feed__cta\" href=\"https:\/\/www.santamonica.com\/fr\/articles-de-blog\/\">Voir tous les blogs<\/a>\n                    <\/div>\n\n        <ul class=\"blog-feed__list\">\n                                                <li class=\"blog-feed__item\">\n                        <a href=\"https:\/\/www.santamonica.com\/fr\/mother-road-modern-meetings-route-66-meeting-spaces-set-to-shine-for-centennial-in-santa-monica\/\" class=\"blog-feed__item-link\">\n                            <div class=\"blog-feed__image-ratio\">\n                                <img decoding=\"async\" class=\"blog-feed__image\" src=\"https:\/\/www.santamonica.com\/wp-content\/uploads\/2025\/12\/untitledJuly20162C2020180010-182-2-400x400.jpg\" alt=\"ROUTE MATERNELLE, R\u00c9UNIONS MODERNES : LES ESPACES DE R\u00c9UNION DE LA ROUTE 66 S&#039;APPR\u00caTENT \u00c0 BRILLER POUR LE CENTENAIRE \u00c0 SANTA MONICA\" title=\"\">\n                            <\/div>\n                            <div class=\"blog-feed__card-title\">ROUTE MATERNELLE, R\u00c9UNIONS MODERNES : LES ESPACES DE R\u00c9UNION DE LA ROUTE 66 S'APPR\u00caTENT \u00c0 BRILLER POUR LE CENTENAIRE \u00c0 SANTA MONICA<\/div>\n                        <\/a>\n                    <\/li>\n                                                                <li class=\"blog-feed__item\">\n                        <a href=\"https:\/\/www.santamonica.com\/fr\/media\/news-release\/santa-monica-announces-song-contest-in-celebration-of-route-66-centennial\/\" class=\"blog-feed__item-link\">\n                            <div class=\"blog-feed__image-ratio\">\n                                <img decoding=\"async\" class=\"blog-feed__image\" src=\"https:\/\/www.santamonica.com\/wp-content\/uploads\/2025\/11\/DSC01084-400x400.jpg\" alt=\"SANTA MONICA ANNONCE UN CONCOURS DE CHANSONS POUR C\u00c9L\u00c9BRER LE CENTENAIRE DE LA ROUTE 66\" title=\"\">\n                            <\/div>\n                            <div class=\"blog-feed__card-title\">SANTA MONICA ANNONCE UN CONCOURS DE CHANSONS POUR C\u00c9L\u00c9BRER LE CENTENAIRE DE LA ROUTE 66<\/div>\n                        <\/a>\n                    <\/li>\n                                                                <li class=\"blog-feed__item\">\n                        <a href=\"https:\/\/www.santamonica.com\/fr\/media\/news-release\/where-to-watch-the-world-series-in-santa-monica\/\" class=\"blog-feed__item-link\">\n                            <div class=\"blog-feed__image-ratio\">\n                                <img decoding=\"async\" class=\"blog-feed__image\" src=\"https:\/\/www.santamonica.com\/wp-content\/uploads\/2025\/10\/dodgers-logo-1-400x400.jpg\" alt=\"O\u00d9 REGARDER LES CHAMPIONNATS DU MONDE \u00c0 SANTA MONICA\" title=\"\">\n                            <\/div>\n                            <div class=\"blog-feed__card-title\">O\u00d9 REGARDER LES CHAMPIONNATS DU MONDE \u00c0 SANTA MONICA<\/div>\n                        <\/a>\n                    <\/li>\n                                    <\/ul>\n    <\/div>\n<\/section>","protected":false},"excerpt":{"rendered":"","protected":false},"author":1450,"featured_media":342804,"parent":0,"menu_order":0,"comment_status":"closed","ping_status":"closed","template":"template-editorial.php","meta":{"_acf_changed":false,"inline_featured_image":false,"footnotes":""},"silos":[3908],"class_list":["post-342771","page","type-page","status-publish","has-post-thumbnail","hentry"],"acf":[],"_links":{"self":[{"href":"https:\/\/www.santamonica.com\/fr\/wp-json\/wp\/v2\/pages\/342771","targetHints":{"allow":["GET"]}}],"collection":[{"href":"https:\/\/www.santamonica.com\/fr\/wp-json\/wp\/v2\/pages"}],"about":[{"href":"https:\/\/www.santamonica.com\/fr\/wp-json\/wp\/v2\/types\/page"}],"author":[{"embeddable":true,"href":"https:\/\/www.santamonica.com\/fr\/wp-json\/wp\/v2\/users\/1450"}],"replies":[{"embeddable":true,"href":"https:\/\/www.santamonica.com\/fr\/wp-json\/wp\/v2\/comments?post=342771"}],"version-history":[{"count":58,"href":"https:\/\/www.santamonica.com\/fr\/wp-json\/wp\/v2\/pages\/342771\/revisions"}],"predecessor-version":[{"id":787260,"href":"https:\/\/www.santamonica.com\/fr\/wp-json\/wp\/v2\/pages\/342771\/revisions\/787260"}],"wp:featuredmedia":[{"embeddable":true,"href":"https:\/\/www.santamonica.com\/fr\/wp-json\/wp\/v2\/media\/342804"}],"wp:attachment":[{"href":"https:\/\/www.santamonica.com\/fr\/wp-json\/wp\/v2\/media?parent=342771"}],"wp:term":[{"taxonomy":"silos","embeddable":true,"href":"https:\/\/www.santamonica.com\/fr\/wp-json\/wp\/v2\/silos?post=342771"}],"curies":[{"name":"wp","href":"https:\/\/api.w.org\/{rel}","templated":true}]}}