{"id":342651,"date":"2022-06-23T18:35:44","date_gmt":"2022-06-24T01:35:44","guid":{"rendered":"https:\/\/www.santamonica.com\/?page_id=342651"},"modified":"2026-01-12T07:32:16","modified_gmt":"2026-01-12T15:32:16","slug":"laccessibilite-des-transports","status":"publish","type":"page","link":"https:\/\/www.santamonica.com\/fr\/meetings-conventions\/transportation-accessibility\/","title":{"rendered":"Accessibilit\u00e9 et transport"},"content":{"rendered":"<section class=\"sun-title sm-block --theme6 sm-block\">\n            <h2 class=\"sun-title__headline\">Marcher \u00e0 Santa Monica<\/h2>    \n            <div class=\"sun-title__body  wysiwyg\">\n                    <p>Avec une superficie de 8,3 miles carr\u00e9s, la plupart des attractions, des commerces et des restaurants de Santa Monica sont facilement accessibles \u00e0 pied. Se promener dans les rues dot\u00e9es de larges trottoirs adapt\u00e9s aux pi\u00e9tons est un excellent moyen de d\u00e9couvrir les quartiers locaux.<\/p>\n                        <\/div>\n    <\/section>\n\n\n\n<section class=\"two-images container-max sm-block  sm-block\">\n    <div class=\"two-images__container\">\n\n        <div class=\"two-images__column\">\n            <div class=\"two-images__content\">\n                <div class=\"two-images__content-header-container\">\n                                            <h2 class=\"two-images__content-header\">V\u00e9lo Santa Monica<\/h2>                                    <\/div>\n                                    <div class=\"two-images__content-body wysiwyg\">\n                        <p>Entre la piste cyclable Marvin Braude, longue de 22 miles, et les nombreux miles de voies cyclables vertes \u00e0 travers la ville, il y a beaucoup d'itin\u00e9raires pour se d\u00e9placer \u00e0 v\u00e9lo dans Santa Monica. Visitez notre <a href=\"https:\/\/www.santamonica.com\/fr\/choses-a-faire\/velo-et-location-de-velos\/\">V\u00e9lo Santa Monica<\/a> pour obtenir des informations sur la location de v\u00e9los.<\/p>\n                    <\/div>\n                                            <\/div>\n        <\/div>\n\n        <div class=\"two-images__column\">\n                            <div class=\"two-images__image-container\">\n                    <img decoding=\"async\" width=\"340\" height=\"610\" src=\"https:\/\/www.santamonica.com\/wp-content\/uploads\/2022\/06\/group-biking.jpg\" class=\"two-images__image\" alt=\"v\u00e9lo en groupe\" loading=\"lazy\" srcset=\"https:\/\/www.santamonica.com\/wp-content\/uploads\/2022\/06\/group-biking.jpg 340w, https:\/\/www.santamonica.com\/wp-content\/uploads\/2022\/06\/group-biking-167x300.jpg 167w, https:\/\/www.santamonica.com\/wp-content\/uploads\/2022\/06\/group-biking-84x150.jpg 84w\" sizes=\"auto, (max-width: 340px) 100vw, 340px\" title=\"\">                    \n\n                <\/div>\n                    <\/div>\n\n        <div class=\"two-images__column\">\n                            <div class=\"two-images__image-container\">\n                    <img decoding=\"async\" width=\"600\" height=\"565\" src=\"https:\/\/www.santamonica.com\/wp-content\/uploads\/2022\/06\/beach-biking-trail.jpg\" class=\"two-images__image\" alt=\"piste cyclable de la plage\" loading=\"lazy\" srcset=\"https:\/\/www.santamonica.com\/wp-content\/uploads\/2022\/06\/beach-biking-trail.jpg 600w, https:\/\/www.santamonica.com\/wp-content\/uploads\/2022\/06\/beach-biking-trail-300x283.jpg 300w, https:\/\/www.santamonica.com\/wp-content\/uploads\/2022\/06\/beach-biking-trail-159x150.jpg 159w\" sizes=\"auto, (max-width: 600px) 100vw, 600px\" title=\"\">                    \n\n            <div class=\"img-lctn-tag --no-link two-images__image-caption --right\">Piste cyclable Marvin Braude<\/div>\n                    <\/div>\n                    <\/div>\n\n    <\/div>\n<\/section>\n\n\n<section class=\"image-slider --theme1 sm-block\" >\n    <div class=\"image-slider__wrapper\">\n                    <div class=\"image-slider__copy wysiwyg\"><h2>M\u00e9tro E Light Rail<\/h2>\n<p>Le <a href=\"https:\/\/www.santamonica.com\/fr\/le-transport\/metro-de-santa-monica\/\" target=\"_blank\" rel=\"noopener\">Ligne E du m\u00e9tro<\/a> relie Santa Monica au centre-ville de Los Angeles en moins de 50 minutes. Avec trois stations r\u00e9parties dans Santa Monica - du quartier du centre-ville \u00e0 Mid-City - la Metro E Line est un excellent moyen de voyager dans la destination, et de se connecter \u00e0 Pasadena, San Fernando Valley, South Bay, Long Beach et \u00e0 des dizaines d'autres points entre les deux.<\/p>\n<\/div>\n                <div class=\"image-slider__slider right\">\n                            <!-- Slider main container -->\n                <div class=\"swiper\">\n                    <!-- Additional required wrapper -->\n                    <div class=\"swiper-wrapper\">\n                        <!-- Slides -->\n                                                    <div class=\"swiper-slide\">\n                                <img decoding=\"async\" width=\"1024\" height=\"576\" src=\"https:\/\/www.santamonica.com\/wp-content\/uploads\/2022\/06\/santa-monica-transportation-1.jpg\" class=\"swiper-slide__image\" alt=\"transport \u00e0 santa monica\" loading=\"lazy\" srcset=\"https:\/\/www.santamonica.com\/wp-content\/uploads\/2022\/06\/santa-monica-transportation-1.jpg 1024w, https:\/\/www.santamonica.com\/wp-content\/uploads\/2022\/06\/santa-monica-transportation-1-300x169.jpg 300w, https:\/\/www.santamonica.com\/wp-content\/uploads\/2022\/06\/santa-monica-transportation-1-267x150.jpg 267w, https:\/\/www.santamonica.com\/wp-content\/uploads\/2022\/06\/santa-monica-transportation-1-768x432.jpg 768w\" sizes=\"auto, (max-width: 1024px) 100vw, 1024px\" title=\"\">                                \n\n                            <\/div>\n                                            <\/div>\n                                    <\/div>\n                    <\/div>\n    <\/div>\n<\/section>\n\n\n<section class=\"sun-title sm-block --theme6 sm-block\">\n            <h2 class=\"sun-title__headline\">Bus de Santa Monica<\/h2>    \n            <div class=\"sun-title__body  wysiwyg\">\n                    <p>Le <a href=\"https:\/\/www.bigbluebus.com\/\" target=\"_blank\" rel=\"noopener\">Big Blue Bus<\/a> part du LAX City Bus Center via la Route 3 ou Rapid 3 ; c'est une excellente option pour rejoindre Santa Monica depuis LAX. Les billets ne co\u00fbtent que $1,25. Une fois \u00e0 Santa Monica, le Santa Monica Big Blue Bus est \u00e9galement un moyen de transport tr\u00e8s efficace.<\/p>\n                        <\/div>\n    <\/section>\n\n\n\n<section class=\"two-images container-max sm-block  sm-block\">\n    <div class=\"two-images__container\">\n\n        <div class=\"two-images__column\">\n            <div class=\"two-images__content\">\n                <div class=\"two-images__content-header-container\">\n                                            <h2 class=\"two-images__content-header\">Circuit de Santa Monica<\/h2>                                    <\/div>\n                                    <div class=\"two-images__content-body wysiwyg\">\n                        <p>Les pi\u00e9tons peuvent utiliser une application pour h\u00e9ler le <a href=\"https:\/\/www.santamonica.com\/fr\/le-transport\/circuit-de-free-ride\/\">Circuit de Santa Monica<\/a>, Les taxis sont des taxis de type voiturette de golf qui offrent un service gratuit partout dans leur zone de service entre le boulevard Wilshire et Marine Street, et de l'oc\u00e9an \u00e0 la 5e rue. Les voitures fonctionnent de 11h30 \u00e0 21h, tous les jours. De nombreux h\u00f4tels locaux proposent \u00e9galement un service de voiturettes en ville.<\/p>\n                    <\/div>\n                                            <\/div>\n        <\/div>\n\n        <div class=\"two-images__column\">\n                            <div class=\"two-images__image-container\">\n                    <img decoding=\"async\" width=\"425\" height=\"505\" src=\"https:\/\/www.santamonica.com\/wp-content\/uploads\/2022\/06\/santa-monica-free-transportation.jpg\" class=\"two-images__image\" alt=\"santa monica free transportation\" loading=\"lazy\" srcset=\"https:\/\/www.santamonica.com\/wp-content\/uploads\/2022\/06\/santa-monica-free-transportation.jpg 425w, https:\/\/www.santamonica.com\/wp-content\/uploads\/2022\/06\/santa-monica-free-transportation-252x300.jpg 252w, https:\/\/www.santamonica.com\/wp-content\/uploads\/2022\/06\/santa-monica-free-transportation-126x150.jpg 126w\" sizes=\"auto, (max-width: 425px) 100vw, 425px\" title=\"\">                    \n\n                <\/div>\n                    <\/div>\n\n        <div class=\"two-images__column\">\n                            <div class=\"two-images__image-container\">\n                    <img decoding=\"async\" width=\"600\" height=\"564\" src=\"https:\/\/www.santamonica.com\/wp-content\/uploads\/2022\/07\/Circuit-Santa-Monica-600x564-1.jpg\" class=\"two-images__image\" alt=\"\" loading=\"lazy\" srcset=\"https:\/\/www.santamonica.com\/wp-content\/uploads\/2022\/07\/Circuit-Santa-Monica-600x564-1.jpg 600w, https:\/\/www.santamonica.com\/wp-content\/uploads\/2022\/07\/Circuit-Santa-Monica-600x564-1-300x282.jpg 300w, https:\/\/www.santamonica.com\/wp-content\/uploads\/2022\/07\/Circuit-Santa-Monica-600x564-1-160x150.jpg 160w\" sizes=\"auto, (max-width: 600px) 100vw, 600px\" title=\"\">                    \n\n                <\/div>\n                    <\/div>\n\n    <\/div>\n<\/section>\n\n\n<section class=\"image-slider --theme1 sm-block\" >\n    <div class=\"image-slider__wrapper\">\n                    <div class=\"image-slider__copy wysiwyg\"><h2>Scooters et v\u00e9los \u00e9lectriques<\/h2>\n<p><a href=\"https:\/\/www.veoride.com\/\" target=\"_blank\" rel=\"noopener\">Veo<\/a> et <a href=\"https:\/\/www.spin.app\/\" target=\"_blank\" rel=\"noopener\">La rotation<\/a> sont les deux marques de scooters et de v\u00e9los \u00e9lectriques qui op\u00e8rent actuellement \u00e0 Santa Monica. Spin propose des scooters debout \u00e0 2 et 3 roues et Veo des scooters debout \u00e0 2 roues et des v\u00e9los \u00e9lectriques de classe 2. <a href=\"https:\/\/www.santamonica.com\/fr\/le-transport\/comment-faire-du-scooter-en-toute-securite-a-santa-monica\/\">Cliquez ici<\/a> pour en savoir plus sur les scooters et v\u00e9los \u00e9lectriques de Santa Monica.<\/p>\n<\/div>\n                <div class=\"image-slider__slider right\">\n                            <!-- Slider main container -->\n                <div class=\"swiper\">\n                    <!-- Additional required wrapper -->\n                    <div class=\"swiper-wrapper\">\n                        <!-- Slides -->\n                                                    <div class=\"swiper-slide\">\n                                <img decoding=\"async\" width=\"1024\" height=\"580\" src=\"https:\/\/www.santamonica.com\/wp-content\/uploads\/2022\/07\/Bike-Santa-Monica-Third-Street-Promenade-1024x580-1.jpg\" class=\"swiper-slide__image\" alt=\"\" loading=\"lazy\" srcset=\"https:\/\/www.santamonica.com\/wp-content\/uploads\/2022\/07\/Bike-Santa-Monica-Third-Street-Promenade-1024x580-1.jpg 1024w, https:\/\/www.santamonica.com\/wp-content\/uploads\/2022\/07\/Bike-Santa-Monica-Third-Street-Promenade-1024x580-1-300x170.jpg 300w, https:\/\/www.santamonica.com\/wp-content\/uploads\/2022\/07\/Bike-Santa-Monica-Third-Street-Promenade-1024x580-1-265x150.jpg 265w, https:\/\/www.santamonica.com\/wp-content\/uploads\/2022\/07\/Bike-Santa-Monica-Third-Street-Promenade-1024x580-1-768x435.jpg 768w\" sizes=\"auto, (max-width: 1024px) 100vw, 1024px\" title=\"\">                                \n\n                            <\/div>\n                                            <\/div>\n                                    <\/div>\n                    <\/div>\n    <\/div>\n<\/section>\n\n\n<section class=\"sun-title sm-block --theme6 sm-block\">\n            <h2 class=\"sun-title__headline\">La s\u00e9curit\u00e9 avant tout<\/h2>    \n            <div class=\"sun-title__body  wysiwyg\">\n                    <p>Que vous vous d\u00e9placiez en voiture, en train, \u00e0 v\u00e9lo, en scooter \u00e9lectrique ou \u00e0 pied, Santa Monica met toujours l'accent sur la s\u00e9curit\u00e9 ! Ne manquez pas de lire notre <a href=\"https:\/\/www.santamonica.com\/fr\/le-transport\/informations-sur-la-securite-se-deplacer-a-santa-monica\/\">conseils de s\u00e9curit\u00e9<\/a> pour vous aider \u00e0 naviguer dans la ville.<\/p>\n<p>Pour plus d'informations sur les possibilit\u00e9s de mobilit\u00e9 dans l'ensemble de Santa Monica, consultez le site web de la Commission europ\u00e9enne. <a href=\"https:\/\/www.santamonica.gov\/categories\/getting-around\" target=\"_blank\" rel=\"noopener\">Site web de la ville de Santa Monica<\/a>.<\/p>\n                        <\/div>\n    <\/section>\n\n\n<section class=\"blog-feed --theme8 sm-block\">\n    <div class=\"blog-feed__content\">\n        <div class=\"blog-feed__intro\">\n                            <div class=\"blog-feed__eyebrow eyebrow\">Blogs<\/div>                                        <h2 class=\"blog-feed__headline\">D\u00e9couvrir Santa Monica<\/h2>                                        <div class=\"blog-feed__body\"><p>Explorez les itin\u00e9raires, les conseils locaux, les points chauds et les aventures organis\u00e9es pour \u00eatre s\u00fbr de profiter au maximum de votre exp\u00e9rience \u00e0 Santa Monica.<\/p>\n<\/div>\n                                        <a class=\"blog-feed__cta\" href=\"https:\/\/www.santamonica.com\/fr\/articles-de-blog\/\">Voir tous les blogs<\/a>\n                    <\/div>\n\n        <ul class=\"blog-feed__list\">\n                                                <li class=\"blog-feed__item\">\n                        <a href=\"https:\/\/www.santamonica.com\/fr\/mother-road-modern-meetings-route-66-meeting-spaces-set-to-shine-for-centennial-in-santa-monica\/\" class=\"blog-feed__item-link\">\n                            <div class=\"blog-feed__image-ratio\">\n                                <img decoding=\"async\" class=\"blog-feed__image\" src=\"https:\/\/www.santamonica.com\/wp-content\/uploads\/2025\/12\/untitledJuly20162C2020180010-182-2-400x400.jpg\" alt=\"ROUTE MATERNELLE, R\u00c9UNIONS MODERNES : LES ESPACES DE R\u00c9UNION DE LA ROUTE 66 S&#039;APPR\u00caTENT \u00c0 BRILLER POUR LE CENTENAIRE \u00c0 SANTA MONICA\" title=\"\">\n                            <\/div>\n                            <div class=\"blog-feed__card-title\">ROUTE MATERNELLE, R\u00c9UNIONS MODERNES : LES ESPACES DE R\u00c9UNION DE LA ROUTE 66 S'APPR\u00caTENT \u00c0 BRILLER POUR LE CENTENAIRE \u00c0 SANTA MONICA<\/div>\n                        <\/a>\n                    <\/li>\n                                                                <li class=\"blog-feed__item\">\n                        <a href=\"https:\/\/www.santamonica.com\/fr\/media\/news-release\/santa-monica-announces-song-contest-in-celebration-of-route-66-centennial\/\" class=\"blog-feed__item-link\">\n                            <div class=\"blog-feed__image-ratio\">\n                                <img decoding=\"async\" class=\"blog-feed__image\" src=\"https:\/\/www.santamonica.com\/wp-content\/uploads\/2025\/11\/DSC01084-400x400.jpg\" alt=\"SANTA MONICA ANNONCE UN CONCOURS DE CHANSONS POUR C\u00c9L\u00c9BRER LE CENTENAIRE DE LA ROUTE 66\" title=\"\">\n                            <\/div>\n                            <div class=\"blog-feed__card-title\">SANTA MONICA ANNONCE UN CONCOURS DE CHANSONS POUR C\u00c9L\u00c9BRER LE CENTENAIRE DE LA ROUTE 66<\/div>\n                        <\/a>\n                    <\/li>\n                                                                <li class=\"blog-feed__item\">\n                        <a href=\"https:\/\/www.santamonica.com\/fr\/media\/news-release\/where-to-watch-the-world-series-in-santa-monica\/\" class=\"blog-feed__item-link\">\n                            <div class=\"blog-feed__image-ratio\">\n                                <img decoding=\"async\" class=\"blog-feed__image\" src=\"https:\/\/www.santamonica.com\/wp-content\/uploads\/2025\/10\/dodgers-logo-1-400x400.jpg\" alt=\"O\u00d9 REGARDER LES CHAMPIONNATS DU MONDE \u00c0 SANTA MONICA\" title=\"\">\n                            <\/div>\n                            <div class=\"blog-feed__card-title\">O\u00d9 REGARDER LES CHAMPIONNATS DU MONDE \u00c0 SANTA MONICA<\/div>\n                        <\/a>\n                    <\/li>\n                                    <\/ul>\n    <\/div>\n<\/section>","protected":false},"excerpt":{"rendered":"","protected":false},"author":1450,"featured_media":350243,"parent":0,"menu_order":0,"comment_status":"closed","ping_status":"closed","template":"template-meetings-editorial-detail.php","meta":{"_acf_changed":false,"inline_featured_image":false,"footnotes":""},"silos":[3894],"class_list":["post-342651","page","type-page","status-publish","has-post-thumbnail","hentry"],"acf":[],"_links":{"self":[{"href":"https:\/\/www.santamonica.com\/fr\/wp-json\/wp\/v2\/pages\/342651","targetHints":{"allow":["GET"]}}],"collection":[{"href":"https:\/\/www.santamonica.com\/fr\/wp-json\/wp\/v2\/pages"}],"about":[{"href":"https:\/\/www.santamonica.com\/fr\/wp-json\/wp\/v2\/types\/page"}],"author":[{"embeddable":true,"href":"https:\/\/www.santamonica.com\/fr\/wp-json\/wp\/v2\/users\/1450"}],"replies":[{"embeddable":true,"href":"https:\/\/www.santamonica.com\/fr\/wp-json\/wp\/v2\/comments?post=342651"}],"version-history":[{"count":62,"href":"https:\/\/www.santamonica.com\/fr\/wp-json\/wp\/v2\/pages\/342651\/revisions"}],"predecessor-version":[{"id":424599,"href":"https:\/\/www.santamonica.com\/fr\/wp-json\/wp\/v2\/pages\/342651\/revisions\/424599"}],"wp:featuredmedia":[{"embeddable":true,"href":"https:\/\/www.santamonica.com\/fr\/wp-json\/wp\/v2\/media\/350243"}],"wp:attachment":[{"href":"https:\/\/www.santamonica.com\/fr\/wp-json\/wp\/v2\/media?parent=342651"}],"wp:term":[{"taxonomy":"silos","embeddable":true,"href":"https:\/\/www.santamonica.com\/fr\/wp-json\/wp\/v2\/silos?post=342651"}],"curies":[{"name":"wp","href":"https:\/\/api.w.org\/{rel}","templated":true}]}}