{"id":341396,"date":"2022-06-22T16:06:57","date_gmt":"2022-06-22T23:06:57","guid":{"rendered":"https:\/\/www.santamonica.com\/?page_id=341396"},"modified":"2023-02-15T10:33:18","modified_gmt":"2023-02-15T18:33:18","slug":"grands-groupes","status":"publish","type":"page","link":"https:\/\/www.santamonica.com\/fr\/meetings-conventions\/large-groups\/","title":{"rendered":"Grands groupes"},"content":{"rendered":"<section class=\"links-grid --theme3 sm-block\">\n    <div class=\"links-grid__wrapper\">\n                                                    <a href=\"https:\/\/www.santamonica.com\/fr\/hotels\/\" class=\"links-grid__card-link\" aria-label=\"Trouvez l&#039;h\u00f4tel id\u00e9al\" >\n                    <div class=\"links-grid__card\">\n                                                    <div class=\"links-grid__card-image-wrapper\">\n                                <img decoding=\"async\" width=\"366\" height=\"330\" src=\"https:\/\/www.santamonica.com\/wp-content\/uploads\/2022\/07\/Hotel366x330.jpg\" class=\"links-grid__card-image\" alt=\"Deux h\u00f4tels c\u00f4te \u00e0 c\u00f4te sur la plage avec des palmiers\" loading=\"lazy\" srcset=\"https:\/\/www.santamonica.com\/wp-content\/uploads\/2022\/07\/Hotel366x330.jpg 366w, https:\/\/www.santamonica.com\/wp-content\/uploads\/2022\/07\/Hotel366x330-300x270.jpg 300w, https:\/\/www.santamonica.com\/wp-content\/uploads\/2022\/07\/Hotel366x330-166x150.jpg 166w\" sizes=\"auto, (max-width: 366px) 100vw, 366px\" title=\"\">                            <\/div>\n                                                <div class=\"links-grid__card-text\">\n                                                            <div class=\"links-grid__card-title\">Trouvez l'h\u00f4tel id\u00e9al<\/div>\n                                                                                        <div class=\"links-grid__card-description\">\u00c9chappez \u00e0 la moyenne des r\u00e9unions en dehors du bureau en r\u00e9servant dans un h\u00f4tel situ\u00e9 \u00e0 quelques pas de la plage. Vous y trouverez des \u00e9quipements luxueux, des restaurants et une ambiance qui conviendront \u00e0 toutes les occasions.<\/div>\n                                                    <\/div>\n                    <\/div>\n                <\/a>\n                                            <a href=\"https:\/\/www.santamonica.com\/fr\/meetings-conventions\/team-building-activities\/\" class=\"links-grid__card-link\" aria-label=\"Activit\u00e9s de renforcement de l&#039;esprit d&#039;\u00e9quipe\" >\n                    <div class=\"links-grid__card\">\n                                                    <div class=\"links-grid__card-image-wrapper\">\n                                <img decoding=\"async\" width=\"366\" height=\"330\" src=\"https:\/\/www.santamonica.com\/wp-content\/uploads\/2022\/07\/TeamBuilding366x330.jpg\" class=\"links-grid__card-image\" alt=\"Groupe de personnes en v\u00eatements professionnels apprenant \u00e0 surfer sur la plage\" loading=\"lazy\" srcset=\"https:\/\/www.santamonica.com\/wp-content\/uploads\/2022\/07\/TeamBuilding366x330.jpg 366w, https:\/\/www.santamonica.com\/wp-content\/uploads\/2022\/07\/TeamBuilding366x330-300x270.jpg 300w, https:\/\/www.santamonica.com\/wp-content\/uploads\/2022\/07\/TeamBuilding366x330-166x150.jpg 166w\" sizes=\"auto, (max-width: 366px) 100vw, 366px\" title=\"\">                            <\/div>\n                                                <div class=\"links-grid__card-text\">\n                                                            <div class=\"links-grid__card-title\">Activit\u00e9s de renforcement de l'esprit d'\u00e9quipe<\/div>\n                                                                                        <div class=\"links-grid__card-description\">Faites de votre prochain rassemblement un moment inoubliable en r\u00e9servant des activit\u00e9s de team building uniques en leur genre.<\/div>\n                                                    <\/div>\n                    <\/div>\n                <\/a>\n                                            <a href=\"https:\/\/www.santamonica.com\/fr\/things-to-do\/wellness-activities\/\" class=\"links-grid__card-link\" aria-label=\"Bien-\u00eatre\" >\n                    <div class=\"links-grid__card\">\n                                                    <div class=\"links-grid__card-image-wrapper\">\n                                <img decoding=\"async\" width=\"366\" height=\"330\" src=\"https:\/\/www.santamonica.com\/wp-content\/uploads\/2022\/07\/Wellness366x330.jpg\" class=\"links-grid__card-image\" alt=\"Groupe faisant du yoga sur la plage\" loading=\"lazy\" srcset=\"https:\/\/www.santamonica.com\/wp-content\/uploads\/2022\/07\/Wellness366x330.jpg 366w, https:\/\/www.santamonica.com\/wp-content\/uploads\/2022\/07\/Wellness366x330-300x270.jpg 300w, https:\/\/www.santamonica.com\/wp-content\/uploads\/2022\/07\/Wellness366x330-166x150.jpg 166w\" sizes=\"auto, (max-width: 366px) 100vw, 366px\" title=\"\">                            <\/div>\n                                                <div class=\"links-grid__card-text\">\n                                                            <div class=\"links-grid__card-title\">Bien-\u00eatre<\/div>\n                                                                                        <div class=\"links-grid__card-description\">Reposez-vous et rechargez-vous avec une exp\u00e9rience de bien-\u00eatre pour votre groupe et d\u00e9tendez-vous loin du bureau. Il y a beaucoup de zen \u00e0 trouver au bord de la mer !<\/div>\n                                                    <\/div>\n                    <\/div>\n                <\/a>\n                                            <a href=\"https:\/\/www.santamonica.com\/fr\/meetings-conventions\/submit-an-rfp\/\" class=\"links-grid__card-link\" aria-label=\"Soumettre un appel d&#039;offres\" >\n                    <div class=\"links-grid__card\">\n                                                    <div class=\"links-grid__card-image-wrapper\">\n                                <img decoding=\"async\" width=\"366\" height=\"330\" src=\"https:\/\/www.santamonica.com\/wp-content\/uploads\/2022\/07\/Hotel366x330-1.jpg\" class=\"links-grid__card-image\" alt=\"Image de l&#039;espace de r\u00e9union de l&#039;h\u00f4tel avec \u00e9clairage naturel et espace int\u00e9rieur\/ext\u00e9rieur ; fruits et petit-d\u00e9jeuner dispos\u00e9s sur le bar\" loading=\"lazy\" srcset=\"https:\/\/www.santamonica.com\/wp-content\/uploads\/2022\/07\/Hotel366x330-1.jpg 366w, https:\/\/www.santamonica.com\/wp-content\/uploads\/2022\/07\/Hotel366x330-1-300x270.jpg 300w, https:\/\/www.santamonica.com\/wp-content\/uploads\/2022\/07\/Hotel366x330-1-166x150.jpg 166w\" sizes=\"auto, (max-width: 366px) 100vw, 366px\" title=\"\">                            <\/div>\n                                                <div class=\"links-grid__card-text\">\n                                                            <div class=\"links-grid__card-title\">Soumettre un appel d'offres<\/div>\n                                                                                        <div class=\"links-grid__card-description\">Laissez Santa Monica Travel &amp; Tourism vous aider \u00e0 recommander les entreprises et les services qui r\u00e9pondent le mieux aux besoins de votre groupe.<\/div>\n                                                    <\/div>\n                    <\/div>\n                <\/a>\n                        <\/div>\n<\/section>\n\n\n\n<section class=\"sun-title sm-block --theme6 sm-block\">\n            <h2 class=\"sun-title__headline\">Restauration<\/h2>    \n            <div class=\"sun-title__body  wysiwyg\">\n                    <p>Des plongeons populaires \u00e0 la cuisine \u00e9toil\u00e9e, il y a beaucoup de choses \u00e0 d\u00e9couvrir. <a href=\"https:\/\/www.santamonica.com\/fr\/restaurants\/\">repas de groupe<\/a> de Santa Monica. D\u00e9couvrez les restaurants pr\u00e9f\u00e9r\u00e9s, les terrasses sur le toit et bien d'autres choses encore en consultant la liste des restaurants de Santa Monica. <a href=\"https:\/\/www.santamonica.com\/fr\/restaurants\/guide-gastronomique\/\">guide gastronomique<\/a> et d\u00e9couvrir <a href=\"https:\/\/www.santamonica.com\/fr\/restaurants\/salle-a-manger-dexterieur\/\">salle \u00e0 manger d'ext\u00e9rieur<\/a> L'h\u00f4tel propose des options de restauration qui permettent aux groupes de profiter de la brise marine. Avec des plats et des boissons qui ne manqueront pas de satisfaire les palais les plus raffin\u00e9s ou les envies les plus traditionnelles, tous les rassemblements seront un succ\u00e8s.<\/p>\n                        <\/div>\n    <\/section>\n\n\n<section class=\"meetings-contact-us sm-block\">\n    <div class=\"meetings-contact-us__inner\">\n        <div class=\"meetings-contact-us__image-wrap\">\n            <img decoding=\"async\" width=\"1024\" height=\"304\" src=\"https:\/\/www.santamonica.com\/wp-content\/uploads\/2022\/07\/Help1280x380-1024x304.jpg\" class=\"attachment-large size-large\" alt=\"Image du b\u00e2timent du centre des visiteurs ; b\u00e2timent gris avec un panneau d&#039;information au-dessus.\" srcset=\"https:\/\/www.santamonica.com\/wp-content\/uploads\/2022\/07\/Help1280x380-1024x304.jpg 1024w, https:\/\/www.santamonica.com\/wp-content\/uploads\/2022\/07\/Help1280x380-300x89.jpg 300w, https:\/\/www.santamonica.com\/wp-content\/uploads\/2022\/07\/Help1280x380-270x80.jpg 270w, https:\/\/www.santamonica.com\/wp-content\/uploads\/2022\/07\/Help1280x380-768x228.jpg 768w, https:\/\/www.santamonica.com\/wp-content\/uploads\/2022\/07\/Help1280x380.jpg 1280w\" sizes=\"(max-width: 1024px) 100vw, 1024px\" title=\"\">        <\/div>\n        <div class=\"meetings-contact-us__body\">\n            <h1 class=\"meetings-contact-us__heading\">\n                Vous avez des questions ?            <\/h1>\n            <p class=\"meetings-contact-us__intro\">\n                Vous vous sentirez soutenu lorsque vous contacterez l'\u00e9quipe d'experts de Santa Monica Travel &amp; Tourism d\u00e8s aujourd'hui !            <\/p>\n            <div class=\"meetings-contact-us__phone-numbers wysiwyg\">\n                                                            <\/div>\n            <div class=\"meetings-contact-us__ctas\">\n                                            <a class=\"meetings-contact-us__primary-cta\" href=\"https:\/\/www.santamonica.com\/fr\/reunions-conventions\/reunions-nous-contacter\/\">Nous contacter<\/a>\n                                                    <\/div>\n        <\/div>\n    <\/div>\n\n<\/section>\n\n\n<section class=\"blog-feed --theme8 sm-block\">\n    <div class=\"blog-feed__content\">\n        <div class=\"blog-feed__intro\">\n                            <div class=\"blog-feed__eyebrow eyebrow\">Blogs<\/div>                                        <h2 class=\"blog-feed__headline\">D\u00e9couvrir Santa Monica<\/h2>                                        <div class=\"blog-feed__body\"><p>Explorez les itin\u00e9raires, les conseils locaux, les points chauds et les aventures organis\u00e9es pour \u00eatre s\u00fbr de profiter au maximum de votre exp\u00e9rience \u00e0 Santa Monica.<\/p>\n<\/div>\n                                        <a class=\"blog-feed__cta\" href=\"https:\/\/www.santamonica.com\/fr\/articles-de-blog\/\">Voir tous les blogs<\/a>\n                    <\/div>\n\n        <ul class=\"blog-feed__list\">\n                                                <li class=\"blog-feed__item\">\n                        <a href=\"https:\/\/www.santamonica.com\/fr\/shopping\/most-loved-ways-to-buy-local\/\" class=\"blog-feed__item-link\">\n                            <div class=\"blog-feed__image-ratio\">\n                                <img decoding=\"async\" class=\"blog-feed__image\" src=\"https:\/\/www.santamonica.com\/wp-content\/uploads\/2021\/06\/ShoppingFeature520x546-400x400.jpg\" alt=\"Les moyens les plus appr\u00e9ci\u00e9s d&#039;acheter local \u00e0 Santa Monica\" title=\"\">\n                            <\/div>\n                            <div class=\"blog-feed__card-title\">Les moyens les plus appr\u00e9ci\u00e9s d'acheter local \u00e0 Santa Monica<\/div>\n                        <\/a>\n                    <\/li>\n                                                                <li class=\"blog-feed__item\">\n                        <a href=\"https:\/\/www.santamonica.com\/fr\/restaurants\/quick-lunches-on-the-go\/\" class=\"blog-feed__item-link\">\n                            <div class=\"blog-feed__image-ratio\">\n                                <img decoding=\"async\" class=\"blog-feed__image\" src=\"https:\/\/www.santamonica.com\/wp-content\/uploads\/2019\/08\/feature-e1565290970211-400x400.jpg\" alt=\"D\u00e9jeuners rapides sur le pouce\" title=\"\">\n                            <\/div>\n                            <div class=\"blog-feed__card-title\">D\u00e9jeuners rapides sur le pouce<\/div>\n                        <\/a>\n                    <\/li>\n                                                                <li class=\"blog-feed__item\">\n                        <a href=\"https:\/\/www.santamonica.com\/fr\/shopping\/noteworthy-santa-monica-shopping-experiences\/\" class=\"blog-feed__item-link\">\n                            <div class=\"blog-feed__image-ratio\">\n                                <img decoding=\"async\" class=\"blog-feed__image\" src=\"https:\/\/www.santamonica.com\/wp-content\/uploads\/2019\/07\/feature-2-400x400.jpg\" alt=\"Exp\u00e9riences de shopping dignes d&#039;int\u00e9r\u00eat \u00e0 Santa Monica\" title=\"\">\n                            <\/div>\n                            <div class=\"blog-feed__card-title\">Exp\u00e9riences de shopping dignes d'int\u00e9r\u00eat \u00e0 Santa Monica<\/div>\n                        <\/a>\n                    <\/li>\n                                    <\/ul>\n    <\/div>\n<\/section>","protected":false},"excerpt":{"rendered":"","protected":false},"author":1421,"featured_media":348621,"parent":0,"menu_order":0,"comment_status":"closed","ping_status":"closed","template":"template-meetings-editorial-detail.php","meta":{"_acf_changed":false,"inline_featured_image":false,"footnotes":""},"silos":[3894],"class_list":["post-341396","page","type-page","status-publish","has-post-thumbnail","hentry"],"acf":[],"_links":{"self":[{"href":"https:\/\/www.santamonica.com\/fr\/wp-json\/wp\/v2\/pages\/341396","targetHints":{"allow":["GET"]}}],"collection":[{"href":"https:\/\/www.santamonica.com\/fr\/wp-json\/wp\/v2\/pages"}],"about":[{"href":"https:\/\/www.santamonica.com\/fr\/wp-json\/wp\/v2\/types\/page"}],"author":[{"embeddable":true,"href":"https:\/\/www.santamonica.com\/fr\/wp-json\/wp\/v2\/users\/1421"}],"replies":[{"embeddable":true,"href":"https:\/\/www.santamonica.com\/fr\/wp-json\/wp\/v2\/comments?post=341396"}],"version-history":[{"count":36,"href":"https:\/\/www.santamonica.com\/fr\/wp-json\/wp\/v2\/pages\/341396\/revisions"}],"predecessor-version":[{"id":375346,"href":"https:\/\/www.santamonica.com\/fr\/wp-json\/wp\/v2\/pages\/341396\/revisions\/375346"}],"wp:featuredmedia":[{"embeddable":true,"href":"https:\/\/www.santamonica.com\/fr\/wp-json\/wp\/v2\/media\/348621"}],"wp:attachment":[{"href":"https:\/\/www.santamonica.com\/fr\/wp-json\/wp\/v2\/media?parent=341396"}],"wp:term":[{"taxonomy":"silos","embeddable":true,"href":"https:\/\/www.santamonica.com\/fr\/wp-json\/wp\/v2\/silos?post=341396"}],"curies":[{"name":"wp","href":"https:\/\/api.w.org\/{rel}","templated":true}]}}