{"id":341277,"date":"2022-06-22T14:05:37","date_gmt":"2022-06-22T21:05:37","guid":{"rendered":"https:\/\/www.santamonica.com\/?page_id=341277"},"modified":"2022-08-18T12:05:39","modified_gmt":"2022-08-18T19:05:39","slug":"sites-hoteliers","status":"publish","type":"page","link":"https:\/\/www.santamonica.com\/fr\/meetings-conventions\/hotels-venues\/","title":{"rendered":"H\u00f4tels et sites"},"content":{"rendered":"<section class=\"two-images container-max sm-block  sm-block\">\n    <div class=\"two-images__container\">\n\n        <div class=\"two-images__column\">\n            <div class=\"two-images__content\">\n                <div class=\"two-images__content-header-container\">\n                                            <h2 class=\"two-images__content-header\">Espaces \u00e9v\u00e9nementiels uniques \u00e0 Santa Monica<\/h2>                                    <\/div>\n                                    <div class=\"two-images__content-body wysiwyg\">\n                        <p>Non seulement Santa Monica est une destination unique, mais la s\u00e9lection de salles de r\u00e9union, de lieux d'\u00e9v\u00e9nements sp\u00e9ciaux et d'espaces en plein air apporte une touche distinctive que l'on ne trouve nulle part ailleurs. Avec plus de 120 000 m\u00b2 d'espaces cr\u00e9atifs, de restaurants, d'espaces de team building, de galeries d'art et autres, vous pouvez organiser une r\u00e9ception priv\u00e9e, un \u00e9v\u00e9nement ou une grande conf\u00e9rence, le tout \u00e0 proximit\u00e9 de commodit\u00e9s recherch\u00e9es telles que l'oc\u00e9an, <a href=\"https:\/\/www.santamonica.com\/fr\/choses-a-faire\/visite-de-la-jetee-de-santa-monica\/\">Jet\u00e9e de Santa Monica<\/a> et <a href=\"https:\/\/www.santamonica.com\/fr\/experience-santa-monica\/quartiers\/centre-ville-de-santa-monica-promenade-de-la-3e-rue\/\">Promenade de la troisi\u00e8me rue.<\/a><\/p>\n                    <\/div>\n                                                    <div class=\"two-images__content-cta\">\n                        <a class=\"two-images__cta\" href=\"https:\/\/www.santamonica.com\/fr\/reunions-conventions\/planifiez-votre-reunion\/\" target=\"\">Planifiez votre r\u00e9union<\/a>\n                    <\/div>\n                            <\/div>\n        <\/div>\n\n        <div class=\"two-images__column\">\n                            <div class=\"two-images__image-container\">\n                    <img decoding=\"async\" width=\"425\" height=\"505\" src=\"https:\/\/www.santamonica.com\/wp-content\/uploads\/2022\/06\/meeting-venues.jpg\" class=\"two-images__image\" alt=\"lieux de r\u00e9union\" loading=\"lazy\" srcset=\"https:\/\/www.santamonica.com\/wp-content\/uploads\/2022\/06\/meeting-venues.jpg 425w, https:\/\/www.santamonica.com\/wp-content\/uploads\/2022\/06\/meeting-venues-252x300.jpg 252w, https:\/\/www.santamonica.com\/wp-content\/uploads\/2022\/06\/meeting-venues-126x150.jpg 126w\" sizes=\"auto, (max-width: 425px) 100vw, 425px\" title=\"\">                    \n\n                <\/div>\n                    <\/div>\n\n        <div class=\"two-images__column\">\n                            <div class=\"two-images__image-container\">\n                    <img decoding=\"async\" width=\"600\" height=\"565\" src=\"https:\/\/www.santamonica.com\/wp-content\/uploads\/2022\/06\/event-spaces-santa-monica.jpg\" class=\"two-images__image\" alt=\"espaces \u00e9v\u00e9nementiels santa monica\" loading=\"lazy\" srcset=\"https:\/\/www.santamonica.com\/wp-content\/uploads\/2022\/06\/event-spaces-santa-monica.jpg 600w, https:\/\/www.santamonica.com\/wp-content\/uploads\/2022\/06\/event-spaces-santa-monica-300x283.jpg 300w, https:\/\/www.santamonica.com\/wp-content\/uploads\/2022\/06\/event-spaces-santa-monica-159x150.jpg 159w\" sizes=\"auto, (max-width: 600px) 100vw, 600px\" title=\"\">                    \n\n                <\/div>\n                    <\/div>\n\n    <\/div>\n<\/section>\n\n\n<section class=\"blog-feed --theme8 sm-block\">\n    <div class=\"blog-feed__content\">\n        <div class=\"blog-feed__intro\">\n                            <div class=\"blog-feed__eyebrow eyebrow\">Blogs<\/div>                                        <h3 class=\"blog-feed__headline\">Trouvez votre Santa Monica<\/h3>                                        <div class=\"blog-feed__body\"><p>Explorez les environs, trouvez des conseils locaux et organisez votre prochaine aventure \u00e0 Santa Monica.<\/p>\n<\/div>\n                                        <a class=\"blog-feed__cta\" href=\"https:\/\/www.santamonica.com\/fr\/articles-de-blog\/\">Voir tous les blogs<\/a>\n                    <\/div>\n\n        <ul class=\"blog-feed__list\">\n                                                <li class=\"blog-feed__item\">\n                        <a href=\"https:\/\/www.santamonica.com\/fr\/shopping\/most-loved-ways-to-buy-local\/\" class=\"blog-feed__item-link\">\n                            <div class=\"blog-feed__image-ratio\">\n                                <img decoding=\"async\" class=\"blog-feed__image\" src=\"https:\/\/www.santamonica.com\/wp-content\/uploads\/2021\/06\/ShoppingFeature520x546-400x400.jpg\" alt=\"Les moyens les plus appr\u00e9ci\u00e9s d&#039;acheter local \u00e0 Santa Monica\" title=\"\">\n                            <\/div>\n                            <div class=\"blog-feed__card-title\">Les moyens les plus appr\u00e9ci\u00e9s d'acheter local \u00e0 Santa Monica<\/div>\n                        <\/a>\n                    <\/li>\n                                                                <li class=\"blog-feed__item\">\n                        <a href=\"https:\/\/www.santamonica.com\/fr\/restaurants\/quick-lunches-on-the-go\/\" class=\"blog-feed__item-link\">\n                            <div class=\"blog-feed__image-ratio\">\n                                <img decoding=\"async\" class=\"blog-feed__image\" src=\"https:\/\/www.santamonica.com\/wp-content\/uploads\/2019\/08\/feature-e1565290970211-400x400.jpg\" alt=\"D\u00e9jeuners rapides sur le pouce\" title=\"\">\n                            <\/div>\n                            <div class=\"blog-feed__card-title\">D\u00e9jeuners rapides sur le pouce<\/div>\n                        <\/a>\n                    <\/li>\n                                                                <li class=\"blog-feed__item\">\n                        <a href=\"https:\/\/www.santamonica.com\/fr\/shopping\/noteworthy-santa-monica-shopping-experiences\/\" class=\"blog-feed__item-link\">\n                            <div class=\"blog-feed__image-ratio\">\n                                <img decoding=\"async\" class=\"blog-feed__image\" src=\"https:\/\/www.santamonica.com\/wp-content\/uploads\/2019\/07\/feature-2-400x400.jpg\" alt=\"Exp\u00e9riences de shopping dignes d&#039;int\u00e9r\u00eat \u00e0 Santa Monica\" title=\"\">\n                            <\/div>\n                            <div class=\"blog-feed__card-title\">Exp\u00e9riences de shopping dignes d'int\u00e9r\u00eat \u00e0 Santa Monica<\/div>\n                        <\/a>\n                    <\/li>\n                                    <\/ul>\n    <\/div>\n<\/section>","protected":false},"excerpt":{"rendered":"","protected":false},"author":1450,"featured_media":342145,"parent":0,"menu_order":0,"comment_status":"closed","ping_status":"closed","template":"template-venue-listing.php","meta":{"_acf_changed":false,"inline_featured_image":false,"footnotes":""},"silos":[3894],"class_list":["post-341277","page","type-page","status-publish","has-post-thumbnail","hentry"],"acf":[],"_links":{"self":[{"href":"https:\/\/www.santamonica.com\/fr\/wp-json\/wp\/v2\/pages\/341277","targetHints":{"allow":["GET"]}}],"collection":[{"href":"https:\/\/www.santamonica.com\/fr\/wp-json\/wp\/v2\/pages"}],"about":[{"href":"https:\/\/www.santamonica.com\/fr\/wp-json\/wp\/v2\/types\/page"}],"author":[{"embeddable":true,"href":"https:\/\/www.santamonica.com\/fr\/wp-json\/wp\/v2\/users\/1450"}],"replies":[{"embeddable":true,"href":"https:\/\/www.santamonica.com\/fr\/wp-json\/wp\/v2\/comments?post=341277"}],"version-history":[{"count":24,"href":"https:\/\/www.santamonica.com\/fr\/wp-json\/wp\/v2\/pages\/341277\/revisions"}],"predecessor-version":[{"id":358165,"href":"https:\/\/www.santamonica.com\/fr\/wp-json\/wp\/v2\/pages\/341277\/revisions\/358165"}],"wp:featuredmedia":[{"embeddable":true,"href":"https:\/\/www.santamonica.com\/fr\/wp-json\/wp\/v2\/media\/342145"}],"wp:attachment":[{"href":"https:\/\/www.santamonica.com\/fr\/wp-json\/wp\/v2\/media?parent=341277"}],"wp:term":[{"taxonomy":"silos","embeddable":true,"href":"https:\/\/www.santamonica.com\/fr\/wp-json\/wp\/v2\/silos?post=341277"}],"curies":[{"name":"wp","href":"https:\/\/api.w.org\/{rel}","templated":true}]}}