{"id":341076,"date":"2022-06-22T10:32:46","date_gmt":"2022-06-22T17:32:46","guid":{"rendered":"https:\/\/www.santamonica.com\/?page_id=341076"},"modified":"2024-05-01T15:51:14","modified_gmt":"2024-05-01T22:51:14","slug":"planifiez-votre-reunion","status":"publish","type":"page","link":"https:\/\/www.santamonica.com\/fr\/meetings-conventions\/plan-your-meeting\/","title":{"rendered":"Planifiez votre r\u00e9union"},"content":{"rendered":"<section class=\"travel-tips --theme7 sm-block\">\n    <div class=\"travel-tips__inner\">\n        <div class=\"travel-tips__body-col\">\n                            <img decoding=\"async\" src=\"https:\/\/www.santamonica.com\/wp-content\/uploads\/2022\/06\/responsible-badge-1.svg\" alt=\"Voyager de mani\u00e8re responsable \u00e0 Santa Monica\" title=\"\">\n                                        <p class=\"travel-tips__intro\">Rencontrez-vous \u00e0 Santa Monica et passez du bon temps avec vos coll\u00e8gues, vos amis ou votre famille - ou tout cela \u00e0 la fois - gr\u00e2ce \u00e0 ces conseils utiles.<\/p>\n                    <\/div>\n        <div class=\"travel-tips__links-col\">\n                        <div class=\"travel-tips__link-row\">\n                                    <img decoding=\"async\" src=\"https:\/\/www.santamonica.com\/wp-content\/uploads\/2022\/06\/Parking-Information.svg\" alt=\"Stationnement \u00e0 Santa Monica\" title=\"\">\n                                                    <a class=\"travel-tips__link\" href=\"https:\/\/www.santamonica.com\/fr\/le-transport\/stationnement\/\">\n                        Informations sur le stationnement                    <\/a>\n                            <\/div>\n                        <div class=\"travel-tips__link-row\">\n                                    <img decoding=\"async\" src=\"https:\/\/www.santamonica.com\/wp-content\/uploads\/2022\/06\/What-to-Pack.svg\" alt=\"Pr\u00e9parer sa valise pour un voyage \u00e0 Santa Monica\" title=\"\">\n                                                    <a class=\"travel-tips__link\" href=\"https:\/\/www.santamonica.com\/fr\/experience-santa-monica\/ce-quil-faut-emballer\/\">\n                        Ce qu'il faut emporter                    <\/a>\n                            <\/div>\n                        <div class=\"travel-tips__link-row\">\n                                    <img decoding=\"async\" src=\"https:\/\/www.santamonica.com\/wp-content\/uploads\/2022\/06\/Health-and-Safety.svg\" alt=\"Conseils de s\u00e9curit\u00e9 pour les voyages \u00e0 Santa Monica\" title=\"\">\n                                                    <a class=\"travel-tips__link\" href=\"https:\/\/www.santamonica.com\/fr\/experience-santa-monica\/la-securite\/\">\n                        Sant\u00e9 et s\u00e9curit\u00e9                    <\/a>\n                            <\/div>\n                        <div class=\"travel-tips__link-row\">\n                                    <img decoding=\"async\" src=\"https:\/\/www.santamonica.com\/wp-content\/uploads\/2022\/06\/The-Essentials.svg\" alt=\"Les essentiels du voyage \u00e0 Santa Monica\" title=\"\">\n                                                    <a class=\"travel-tips__link\" href=\"https:\/\/www.santamonica.com\/fr\/experience-santa-monica\/essentiels\/\">\n                        L'essentiel                    <\/a>\n                            <\/div>\n                    <\/div>\n\n    <\/div>\n<\/section>\n\n\n<section class=\"sun-title sm-block --theme6 sm-block\">\n            <h2 class=\"sun-title__headline\">Des exp\u00e9riences inoubliables <\/h2>    \n            <div class=\"sun-title__body  wysiwyg\">\n                    <p>Vous pensez peut-\u00eatre que l'oc\u00e9an Pacifique est le principal attrait de Santa Monica, mais ce qui fait vraiment de cette ville de bord de mer un lieu de r\u00e9sidence id\u00e9al, c'est sa proximit\u00e9 avec de nombreuses attractions de la Californie du Sud. Situ\u00e9e \u00e0 seulement 15 miles du centre-ville de Los Angeles, \u00e0 moins de 10 miles de l'a\u00e9roport international de Los Angeles (LAX) et \u00e0 proximit\u00e9 de nombreux autres sites d'int\u00e9r\u00eat, Santa Monica se trouve en plein c\u0153ur de l'action. Les visiteurs se sentent comme chez eux dans un h\u00e9bergement luxueux, avec un acc\u00e8s \u00e0 d'innombrables restaurants prim\u00e9s, \u00e0 un nombre infini d'activit\u00e9s passionnantes et \u00e0 une multitude d'attractions. <a href=\"https:\/\/www.santamonica.com\/fr\/reunions-conventions\/activites-de-groupe\/\">exp\u00e9riences de groupe<\/a> et de nombreuses activit\u00e9s de plein air pour profiter pleinement du soleil californien.<\/p>\n                        <\/div>\n    <\/section>\n\n\n\n    \n    <section class=\"subpage-links container-max sm-block\">\n        <div class=\"subpage-links__diamonds\"><\/div>\n                <div class=\"subpage-links__content\">\n            <div class=\"subpage-links__card\">\n                <div class=\"subpage-links__card-wrapper\">\n                    <a href=\"https:\/\/www.santamonica.com\/fr\/reunions-conventions\/petits-groupes\/\" class=\"subpage-links__card-link\" aria-label=\"Petits groupes\">\n                                                    <img decoding=\"async\" width=\"550\" height=\"785\" src=\"https:\/\/www.santamonica.com\/wp-content\/uploads\/2022\/06\/small-group-meeting-planners.jpg\" class=\"subpage-links__card-image\" alt=\"planificateurs de r\u00e9unions en petits groupes\" loading=\"lazy\" srcset=\"https:\/\/www.santamonica.com\/wp-content\/uploads\/2022\/06\/small-group-meeting-planners.jpg 550w, https:\/\/www.santamonica.com\/wp-content\/uploads\/2022\/06\/small-group-meeting-planners-210x300.jpg 210w, https:\/\/www.santamonica.com\/wp-content\/uploads\/2022\/06\/small-group-meeting-planners-105x150.jpg 105w\" sizes=\"auto, (max-width: 550px) 100vw, 550px\" title=\"\">                                                                            <div class=\"subpage-links__card-description\">\n                                <span class=\"subpage-links__card-title\">Petits groupes<\/span>\n                                <div class=\"subpage-links__card-button card-arrow\">Explorer<\/div>\n                            <\/div>\n                                            <\/a>\n                <\/div>\n            <\/div>\n            <div class=\"subpage-links__card\">\n                <div class=\"subpage-links__card-wrapper\">\n                    <a href=\"https:\/\/www.santamonica.com\/fr\/reunions-conventions\/grands-groupes\/\" class=\"subpage-links__card-link\" aria-label=\"Grands groupes\">\n                                                    <img decoding=\"async\" width=\"550\" height=\"785\" src=\"https:\/\/www.santamonica.com\/wp-content\/uploads\/2022\/06\/large-groups-2.jpg\" class=\"subpage-links__card-image\" alt=\"grands groupes\" loading=\"lazy\" srcset=\"https:\/\/www.santamonica.com\/wp-content\/uploads\/2022\/06\/large-groups-2.jpg 550w, https:\/\/www.santamonica.com\/wp-content\/uploads\/2022\/06\/large-groups-2-210x300.jpg 210w, https:\/\/www.santamonica.com\/wp-content\/uploads\/2022\/06\/large-groups-2-105x150.jpg 105w\" sizes=\"auto, (max-width: 550px) 100vw, 550px\" title=\"\">                                                                            <div class=\"subpage-links__card-description\">\n                                <div class=\"subpage-links__card-title\">Grands groupes<\/div>\n                                <div class=\"subpage-links__card-button card-arrow\">Explorer<\/div>\n                            <\/div>\n                                            <\/a>\n                <\/div>\n            <\/div>\n            <div class=\"subpage-links__card\">\n                <div class=\"subpage-links__card-wrapper\">\n                    <a href=\"https:\/\/www.santamonica.com\/fr\/reunions-conventions\/activites-de-renforcement-de-lesprit-dequipe\/\" class=\"subpage-links__card-link\" aria-label=\"Renforcement de l&#039;esprit d&#039;\u00e9quipe\">\n                                                    <img decoding=\"async\" width=\"550\" height=\"785\" src=\"https:\/\/www.santamonica.com\/wp-content\/uploads\/2022\/06\/group-incentives-1.jpg\" class=\"subpage-links__card-image\" alt=\"incitations collectives\" loading=\"lazy\" srcset=\"https:\/\/www.santamonica.com\/wp-content\/uploads\/2022\/06\/group-incentives-1.jpg 550w, https:\/\/www.santamonica.com\/wp-content\/uploads\/2022\/06\/group-incentives-1-210x300.jpg 210w, https:\/\/www.santamonica.com\/wp-content\/uploads\/2022\/06\/group-incentives-1-105x150.jpg 105w\" sizes=\"auto, (max-width: 550px) 100vw, 550px\" title=\"\">                                                                            <div class=\"subpage-links__card-description\">\n                                <div class=\"subpage-links__card-title\">Renforcement de l'esprit d'\u00e9quipe<\/div>\n                                <div class=\"subpage-links__card-button card-arrow\">Explorer<\/div>\n                            <\/div>\n                                            <\/a>\n                <\/div>\n            <\/div>\n        <\/div>\n            <\/section>\n\n\n<section class=\"links-grid --theme3 sm-block\">\n    <div class=\"links-grid__wrapper\">\n                                                    <a href=\"https:\/\/www.santamonica.com\/fr\/meetings-conventions\/outdoor-venues\/\" class=\"links-grid__card-link\" aria-label=\"R\u00e9unions en plein air\" >\n                    <div class=\"links-grid__card\">\n                                                    <div class=\"links-grid__card-image-wrapper\">\n                                <img decoding=\"async\" width=\"400\" height=\"400\" src=\"https:\/\/www.santamonica.com\/wp-content\/uploads\/2022\/06\/hotels-with-meeting-spaces-400x400.jpg\" class=\"links-grid__card-image\" alt=\"h\u00f4tels avec espaces de r\u00e9union\" loading=\"lazy\" title=\"\">                            <\/div>\n                                                <div class=\"links-grid__card-text\">\n                                                            <div class=\"links-grid__card-title\">R\u00e9unions en plein air<\/div>\n                                                                                <\/div>\n                    <\/div>\n                <\/a>\n                                            <a href=\"https:\/\/www.santamonica.com\/fr\/meetings-conventions\/transportation-accessibility\/\" class=\"links-grid__card-link\" aria-label=\"Accessibilit\u00e9 et transport\" >\n                    <div class=\"links-grid__card\">\n                                                    <div class=\"links-grid__card-image-wrapper\">\n                                <img decoding=\"async\" width=\"400\" height=\"400\" src=\"https:\/\/www.santamonica.com\/wp-content\/uploads\/2022\/07\/Santa-Monica-Circuit-540x540-1-400x400.jpg\" class=\"links-grid__card-image\" alt=\"Transports publics de Santa Monica\" loading=\"lazy\" srcset=\"https:\/\/www.santamonica.com\/wp-content\/uploads\/2022\/07\/Santa-Monica-Circuit-540x540-1-400x400.jpg 400w, https:\/\/www.santamonica.com\/wp-content\/uploads\/2022\/07\/Santa-Monica-Circuit-540x540-1-300x300.jpg 300w, https:\/\/www.santamonica.com\/wp-content\/uploads\/2022\/07\/Santa-Monica-Circuit-540x540-1-150x150.jpg 150w, https:\/\/www.santamonica.com\/wp-content\/uploads\/2022\/07\/Santa-Monica-Circuit-540x540-1.jpg 540w\" sizes=\"auto, (max-width: 400px) 100vw, 400px\" title=\"\">                            <\/div>\n                                                <div class=\"links-grid__card-text\">\n                                                            <div class=\"links-grid__card-title\">Accessibilit\u00e9 et transport<\/div>\n                                                                                <\/div>\n                    <\/div>\n                <\/a>\n                                            <a href=\"https:\/\/www.santamonica.com\/fr\/travel-trade\/group-tours\/\" class=\"links-grid__card-link\" aria-label=\"Voyages en groupe\" >\n                    <div class=\"links-grid__card\">\n                                                    <div class=\"links-grid__card-image-wrapper\">\n                                <img decoding=\"async\" width=\"400\" height=\"400\" src=\"https:\/\/www.santamonica.com\/wp-content\/uploads\/2022\/06\/tours-400x400.jpg\" class=\"links-grid__card-image\" alt=\"tourn\u00e9es\" loading=\"lazy\" title=\"\">                            <\/div>\n                                                <div class=\"links-grid__card-text\">\n                                                            <div class=\"links-grid__card-title\">Voyages en groupe<\/div>\n                                                                                <\/div>\n                    <\/div>\n                <\/a>\n                                            <a href=\"https:\/\/www.santamonica.com\/fr\/meetings-conventions\/group-dining\/\" class=\"links-grid__card-link\" aria-label=\"D\u00eener de groupe\" >\n                    <div class=\"links-grid__card\">\n                                                    <div class=\"links-grid__card-image-wrapper\">\n                                <img decoding=\"async\" width=\"400\" height=\"400\" src=\"https:\/\/www.santamonica.com\/wp-content\/uploads\/2022\/07\/Group-dining-540x540-1-400x400.jpg\" class=\"links-grid__card-image\" alt=\"Restaurants de Santa Monica pour grands groupes\" loading=\"lazy\" srcset=\"https:\/\/www.santamonica.com\/wp-content\/uploads\/2022\/07\/Group-dining-540x540-1-400x400.jpg 400w, https:\/\/www.santamonica.com\/wp-content\/uploads\/2022\/07\/Group-dining-540x540-1-300x300.jpg 300w, https:\/\/www.santamonica.com\/wp-content\/uploads\/2022\/07\/Group-dining-540x540-1-150x150.jpg 150w, https:\/\/www.santamonica.com\/wp-content\/uploads\/2022\/07\/Group-dining-540x540-1.jpg 540w\" sizes=\"auto, (max-width: 400px) 100vw, 400px\" title=\"\">                            <\/div>\n                                                <div class=\"links-grid__card-text\">\n                                                            <div class=\"links-grid__card-title\">D\u00eener de groupe<\/div>\n                                                                                <\/div>\n                    <\/div>\n                <\/a>\n                                            <a href=\"https:\/\/www.santamonica.com\/fr\/experience-santa-monica\/sustainability\/\" class=\"links-grid__card-link\" aria-label=\"Voyages durables\" >\n                    <div class=\"links-grid__card\">\n                                                    <div class=\"links-grid__card-image-wrapper\">\n                                <img decoding=\"async\" width=\"400\" height=\"400\" src=\"https:\/\/www.santamonica.com\/wp-content\/uploads\/2022\/06\/santa-monica-sustainable-travel-400x400.jpg\" class=\"links-grid__card-image\" alt=\"santa monica voyage durable\" loading=\"lazy\" title=\"\">                            <\/div>\n                                                <div class=\"links-grid__card-text\">\n                                                            <div class=\"links-grid__card-title\">Voyages durables<\/div>\n                                                                                <\/div>\n                    <\/div>\n                <\/a>\n                                            <a href=\"https:\/\/www.santamonica.com\/fr\/travel-responsibly\/\" class=\"links-grid__card-link\" aria-label=\"Voyager de mani\u00e8re responsable\" >\n                    <div class=\"links-grid__card\">\n                                                    <div class=\"links-grid__card-image-wrapper\">\n                                <img decoding=\"async\" width=\"400\" height=\"400\" src=\"https:\/\/www.santamonica.com\/wp-content\/uploads\/2022\/06\/los-angeles-santa-monica-1-400x400.jpg\" class=\"links-grid__card-image\" alt=\"Los Angeles Santa Monica\" loading=\"lazy\" title=\"\">                            <\/div>\n                                                <div class=\"links-grid__card-text\">\n                                                            <div class=\"links-grid__card-title\">Voyager de mani\u00e8re responsable<\/div>\n                                                                                <\/div>\n                    <\/div>\n                <\/a>\n                                            <a href=\"https:\/\/www.santamonica.com\/fr\/request-santa-monica-vistors-guide\/\" class=\"links-grid__card-link\" aria-label=\"Guide du visiteur\" >\n                    <div class=\"links-grid__card\">\n                                                    <div class=\"links-grid__card-image-wrapper\">\n                                <img decoding=\"async\" width=\"400\" height=\"400\" src=\"https:\/\/www.santamonica.com\/wp-content\/uploads\/2022\/06\/visitor-guide-400x400.jpg\" class=\"links-grid__card-image\" alt=\"Obtenir le guide de voyage de Santa Monica\" loading=\"lazy\" title=\"\">                            <\/div>\n                                                <div class=\"links-grid__card-text\">\n                                                            <div class=\"links-grid__card-title\">Guide du visiteur<\/div>\n                                                                                <\/div>\n                    <\/div>\n                <\/a>\n                                            <a href=\"https:\/\/www.santamonica.com\/fr\/about\/contact-us\/\" class=\"links-grid__card-link\" aria-label=\"Nous contacter\" >\n                    <div class=\"links-grid__card\">\n                                                    <div class=\"links-grid__card-image-wrapper\">\n                                <img decoding=\"async\" width=\"400\" height=\"400\" src=\"https:\/\/www.santamonica.com\/wp-content\/uploads\/2022\/06\/smtt-contact-400x400.jpg\" class=\"links-grid__card-image\" alt=\"contact smtt\" loading=\"lazy\" title=\"\">                            <\/div>\n                                                <div class=\"links-grid__card-text\">\n                                                            <div class=\"links-grid__card-title\">Nous contacter<\/div>\n                                                                                <\/div>\n                    <\/div>\n                <\/a>\n                        <\/div>\n<\/section>\n\n\n\n\n<section class=\"two-images container-max sm-block  sm-block\">\n    <div class=\"two-images__container\">\n\n        <div class=\"two-images__column\">\n            <div class=\"two-images__content\">\n                <div class=\"two-images__content-header-container\">\n                                            <h3 class=\"two-images__content-header\">R\u00e9ussites de la r\u00e9union de Santa Monica<\/h3>                                    <\/div>\n                                    <div class=\"two-images__content-body wysiwyg\">\n                        <p>Les r\u00e9unions et les \u00e9v\u00e9nements organis\u00e9s \u00e0 Santa Monica sont inoubliables, mais ne nous croyez pas sur parole.<\/p>\n                    <\/div>\n                                                    <div class=\"two-images__content-cta\">\n                        <a class=\"two-images__cta\" href=\"https:\/\/www.santamonica.com\/fr\/reunions-conventions\/temoignages-etudes-de-cas\/\" target=\"\">Racontez-nous votre histoire<\/a>\n                    <\/div>\n                            <\/div>\n        <\/div>\n\n        <div class=\"two-images__column\">\n                            <div class=\"two-images__image-container\">\n                    <img decoding=\"async\" width=\"425\" height=\"505\" src=\"https:\/\/www.santamonica.com\/wp-content\/uploads\/2022\/06\/santa-monica-testimonials.jpg\" class=\"two-images__image\" alt=\"t\u00e9moignages de santa monica\" loading=\"lazy\" srcset=\"https:\/\/www.santamonica.com\/wp-content\/uploads\/2022\/06\/santa-monica-testimonials.jpg 425w, https:\/\/www.santamonica.com\/wp-content\/uploads\/2022\/06\/santa-monica-testimonials-252x300.jpg 252w, https:\/\/www.santamonica.com\/wp-content\/uploads\/2022\/06\/santa-monica-testimonials-126x150.jpg 126w\" sizes=\"auto, (max-width: 425px) 100vw, 425px\" title=\"\">                    \n\n                <\/div>\n                    <\/div>\n\n        <div class=\"two-images__column\">\n                            <div class=\"two-images__image-container\">\n                    <img decoding=\"async\" width=\"600\" height=\"565\" src=\"https:\/\/www.santamonica.com\/wp-content\/uploads\/2022\/06\/meeting-planners-testimonials.jpg\" class=\"two-images__image\" alt=\"t\u00e9moignages de planificateurs de r\u00e9unions\" loading=\"lazy\" srcset=\"https:\/\/www.santamonica.com\/wp-content\/uploads\/2022\/06\/meeting-planners-testimonials.jpg 600w, https:\/\/www.santamonica.com\/wp-content\/uploads\/2022\/06\/meeting-planners-testimonials-300x283.jpg 300w, https:\/\/www.santamonica.com\/wp-content\/uploads\/2022\/06\/meeting-planners-testimonials-159x150.jpg 159w\" sizes=\"auto, (max-width: 600px) 100vw, 600px\" title=\"\">                    \n\n                <\/div>\n                    <\/div>\n\n    <\/div>\n<\/section>\n\n\n<section class=\"crowdriff-stories --theme6  sm-block\" >\n    <div class=\"crowdriff-stories__content\">\n                    <h3 class=\"crowdriff-stories__headline\">Histoires visuelles<\/h3>        \n        <!-- Begin amp.travel gallery code -->\n                    <script>\n                (function(u, w, d, a, q, e) {\n                    if (w.amptravel) return;\n                    q = [];\n                    a = w.amptravel = function(a, p) {\n                        w.amptravel.q.push({\n                            a: a,\n                            p: p\n                        });\n                    };\n                    a.q = q;\n                    a.v = \"2\";\n                    e = d.createElement(\"script\");\n                    e.setAttribute(\"src\", u + \"\/v\" + a.v + \"\/js\");\n                    d.head.appendChild(e);\n                })(\n                    \"https:\/\/g.amp.travel\",\n                    window,\n                    document\n                );\n            <\/script>\n            <div data-amp-travel-gallery-id=\"f6a6909f-a821-4445-ae20-d9801a7b4ee2\" data-amp-travel=\"gallery-container\"><\/div>\n            <!-- End amp.travel gallery code -->\n            <\/div>\n<\/section>\n\n\n<section class=\"blog-feed --theme8 sm-block\">\n    <div class=\"blog-feed__content\">\n        <div class=\"blog-feed__intro\">\n                            <div class=\"blog-feed__eyebrow eyebrow\">Blogs<\/div>                                        <h2 class=\"blog-feed__headline\">D\u00e9couvrir Santa Monica<\/h2>                                        <div class=\"blog-feed__body\"><p>Explorez les itin\u00e9raires, les conseils locaux, les points chauds et les aventures organis\u00e9es pour \u00eatre s\u00fbr de profiter au maximum de votre exp\u00e9rience \u00e0 Santa Monica.<\/p>\n<\/div>\n                                        <a class=\"blog-feed__cta\" href=\"https:\/\/www.santamonica.com\/fr\/articles-de-blog\/\">Voir tous les blogs<\/a>\n                    <\/div>\n\n        <ul class=\"blog-feed__list\">\n                                                <li class=\"blog-feed__item\">\n                        <a href=\"https:\/\/www.santamonica.com\/fr\/shopping\/most-loved-ways-to-buy-local\/\" class=\"blog-feed__item-link\">\n                            <div class=\"blog-feed__image-ratio\">\n                                <img decoding=\"async\" class=\"blog-feed__image\" src=\"https:\/\/www.santamonica.com\/wp-content\/uploads\/2021\/06\/ShoppingFeature520x546-400x400.jpg\" alt=\"Les moyens les plus appr\u00e9ci\u00e9s d&#039;acheter local \u00e0 Santa Monica\" title=\"\">\n                            <\/div>\n                            <div class=\"blog-feed__card-title\">Les moyens les plus appr\u00e9ci\u00e9s d'acheter local \u00e0 Santa Monica<\/div>\n                        <\/a>\n                    <\/li>\n                                                                <li class=\"blog-feed__item\">\n                        <a href=\"https:\/\/www.santamonica.com\/fr\/restaurants\/quick-lunches-on-the-go\/\" class=\"blog-feed__item-link\">\n                            <div class=\"blog-feed__image-ratio\">\n                                <img decoding=\"async\" class=\"blog-feed__image\" src=\"https:\/\/www.santamonica.com\/wp-content\/uploads\/2019\/08\/feature-e1565290970211-400x400.jpg\" alt=\"D\u00e9jeuners rapides sur le pouce\" title=\"\">\n                            <\/div>\n                            <div class=\"blog-feed__card-title\">D\u00e9jeuners rapides sur le pouce<\/div>\n                        <\/a>\n                    <\/li>\n                                                                <li class=\"blog-feed__item\">\n                        <a href=\"https:\/\/www.santamonica.com\/fr\/shopping\/noteworthy-santa-monica-shopping-experiences\/\" class=\"blog-feed__item-link\">\n                            <div class=\"blog-feed__image-ratio\">\n                                <img decoding=\"async\" class=\"blog-feed__image\" src=\"https:\/\/www.santamonica.com\/wp-content\/uploads\/2019\/07\/feature-2-400x400.jpg\" alt=\"Exp\u00e9riences de shopping dignes d&#039;int\u00e9r\u00eat \u00e0 Santa Monica\" title=\"\">\n                            <\/div>\n                            <div class=\"blog-feed__card-title\">Exp\u00e9riences de shopping dignes d'int\u00e9r\u00eat \u00e0 Santa Monica<\/div>\n                        <\/a>\n                    <\/li>\n                                    <\/ul>\n    <\/div>\n<\/section>","protected":false},"excerpt":{"rendered":"","protected":false},"author":1450,"featured_media":342580,"parent":0,"menu_order":0,"comment_status":"closed","ping_status":"closed","template":"template-meetings-editorial-hub.php","meta":{"_acf_changed":false,"inline_featured_image":false,"footnotes":""},"silos":[3894],"class_list":["post-341076","page","type-page","status-publish","has-post-thumbnail","hentry"],"acf":[],"_links":{"self":[{"href":"https:\/\/www.santamonica.com\/fr\/wp-json\/wp\/v2\/pages\/341076","targetHints":{"allow":["GET"]}}],"collection":[{"href":"https:\/\/www.santamonica.com\/fr\/wp-json\/wp\/v2\/pages"}],"about":[{"href":"https:\/\/www.santamonica.com\/fr\/wp-json\/wp\/v2\/types\/page"}],"author":[{"embeddable":true,"href":"https:\/\/www.santamonica.com\/fr\/wp-json\/wp\/v2\/users\/1450"}],"replies":[{"embeddable":true,"href":"https:\/\/www.santamonica.com\/fr\/wp-json\/wp\/v2\/comments?post=341076"}],"version-history":[{"count":124,"href":"https:\/\/www.santamonica.com\/fr\/wp-json\/wp\/v2\/pages\/341076\/revisions"}],"predecessor-version":[{"id":413876,"href":"https:\/\/www.santamonica.com\/fr\/wp-json\/wp\/v2\/pages\/341076\/revisions\/413876"}],"wp:featuredmedia":[{"embeddable":true,"href":"https:\/\/www.santamonica.com\/fr\/wp-json\/wp\/v2\/media\/342580"}],"wp:attachment":[{"href":"https:\/\/www.santamonica.com\/fr\/wp-json\/wp\/v2\/media?parent=341076"}],"wp:term":[{"taxonomy":"silos","embeddable":true,"href":"https:\/\/www.santamonica.com\/fr\/wp-json\/wp\/v2\/silos?post=341076"}],"curies":[{"name":"wp","href":"https:\/\/api.w.org\/{rel}","templated":true}]}}