{"id":340563,"date":"2022-06-21T13:43:32","date_gmt":"2022-06-21T20:43:32","guid":{"rendered":"https:\/\/www.santamonica.com\/?page_id=340563"},"modified":"2025-10-03T09:16:30","modified_gmt":"2025-10-03T16:16:30","slug":"stationnement","status":"publish","type":"page","link":"https:\/\/www.santamonica.com\/fr\/transportation\/parking\/","title":{"rendered":"Parking"},"content":{"rendered":"<section class=\"sun-title sm-block --theme6 --2col sm-block\">\n            <h2 class=\"sun-title__headline\">Parking de la plage de Santa Monica<\/h2>    \n            <div class=\"sun-title__body  --2col wysiwyg\">\n                    <div class=\"column-1\">\n                <p>Le stationnement sur la plage de Santa Monica est divis\u00e9 en trois zones :<\/p>\n<ul>\n<li>Zone sud : Lot 4 Sud et Lot 5 Sud<\/li>\n<li>Zone centrale : Lot 1 Nord (\u00e9galement appel\u00e9 \u201clot de plage\u201d), lot 3 Nord, lot 1 Sud, lot 2 Sud et lot 3 Sud.<\/li>\n<li>Zone Nord : Du lot 4 Nord au lot 9 Nord<\/li>\n<\/ul>\n                            <\/div>\n            <div class=\"column-2\">\n                <p><strong><a href=\"https:\/\/www.parkme.com\/santa-monica-parking\" target=\"_blank\" rel=\"noopener\">Informations sur le stationnement en temps r\u00e9el<\/a><\/strong> et une application t\u00e9l\u00e9chargeable sont disponibles aupr\u00e8s de la ville. De nombreux parkings de la plage de Santa Monica proposent des options de branchement \u00e9lectrique et sont :<\/p>\n<ul>\n<li>Ouvert du lever au coucher du soleil (\u00e0 l'exception du lot 1 Nord qui est ouvert de 6h00 \u00e0 2h00 du matin).<\/li>\n<li><span style=\"font-weight: 400;\">$7 \u00e0 $18 par jour (le prix varie en fonction du jour et de la saison ; pas de droit d'entr\u00e9e et de sortie)<\/span><\/li>\n<\/ul>\n                            <\/div>\n            <\/div>\n    <\/section>\n\n\n\n<section class=\"two-images container-max sm-block  sm-block\">\n    <div class=\"two-images__container\">\n\n        <div class=\"two-images__column\">\n            <div class=\"two-images__content\">\n                <div class=\"two-images__content-header-container\">\n                                            <h3 class=\"two-images__content-header\">Parking de la jet\u00e9e de Santa Monica<\/h3>                                    <\/div>\n                                    <div class=\"two-images__content-body wysiwyg\">\n                        <p>Il existe quelques autres possibilit\u00e9s de stationnement pour acc\u00e9der \u00e0 la jet\u00e9e de Santa Monica et \u00e0 la plage voisine de Santa Monica :<\/p>\n<ul>\n<li>Le parking de l'embarcad\u00e8re : Un nombre limit\u00e9 de places de stationnement est g\u00e9n\u00e9ralement disponible du lundi au jeudi, de 9 heures \u00e0 20 heures.<\/li>\n<li>Civic Center Garage : Ce parking de Santa Monica est situ\u00e9 juste \u00e0 c\u00f4t\u00e9 de la sortie de l'autoroute 10 West, sur la 4e et Olympic, en face de l'h\u00f4tel de ville.<\/li>\n<li><a href=\"https:\/\/www.santamonica.com\/fr\/le-transport\/metro-de-santa-monica\/\">La ligne E du m\u00e9tro<\/a>: Si vous voulez un moyen pratique d'acc\u00e9der \u00e0 la jet\u00e9e de Santa Monica, essayez de vous garer dans l'un des parkings de l'arr\u00eat Metro Expo et montez dans le train. Le stationnement commence \u00e0 $3 et comme il n'y a pas de p\u00e9nalit\u00e9s pour la nuit, c'est un endroit id\u00e9al pour une exploration prolong\u00e9e de Santa Monica.<\/li>\n<\/ul>\n                    <\/div>\n                                            <\/div>\n        <\/div>\n\n        <div class=\"two-images__column\">\n                            <div class=\"two-images__image-container\">\n                    <img decoding=\"async\" width=\"425\" height=\"505\" src=\"https:\/\/www.santamonica.com\/wp-content\/uploads\/2022\/06\/santa-monica-beach-parking.jpg\" class=\"two-images__image\" alt=\"parking de la plage de santa monica\" loading=\"lazy\" srcset=\"https:\/\/www.santamonica.com\/wp-content\/uploads\/2022\/06\/santa-monica-beach-parking.jpg 425w, https:\/\/www.santamonica.com\/wp-content\/uploads\/2022\/06\/santa-monica-beach-parking-252x300.jpg 252w, https:\/\/www.santamonica.com\/wp-content\/uploads\/2022\/06\/santa-monica-beach-parking-126x150.jpg 126w\" sizes=\"auto, (max-width: 425px) 100vw, 425px\" title=\"\">                    \n\n                <\/div>\n                    <\/div>\n\n        <div class=\"two-images__column\">\n                            <div class=\"two-images__image-container\">\n                    <img decoding=\"async\" width=\"600\" height=\"565\" src=\"https:\/\/www.santamonica.com\/wp-content\/uploads\/2022\/06\/santa-monica-pier-parking.jpg\" class=\"two-images__image\" alt=\"parking de la jet\u00e9e de santa monica\" loading=\"lazy\" srcset=\"https:\/\/www.santamonica.com\/wp-content\/uploads\/2022\/06\/santa-monica-pier-parking.jpg 600w, https:\/\/www.santamonica.com\/wp-content\/uploads\/2022\/06\/santa-monica-pier-parking-300x283.jpg 300w, https:\/\/www.santamonica.com\/wp-content\/uploads\/2022\/06\/santa-monica-pier-parking-159x150.jpg 159w\" sizes=\"auto, (max-width: 600px) 100vw, 600px\" title=\"\">                    \n\n            <div class=\"img-lctn-tag --no-link two-images__image-caption --right\">Jet\u00e9e de Santa Monica<\/div>\n                    <\/div>\n                    <\/div>\n\n    <\/div>\n<\/section>\n\n\n<section class=\"image-slider --theme1 sm-block\" >\n    <div class=\"image-slider__wrapper\">\n                    <div class=\"image-slider__copy wysiwyg\"><h2>Parking du centre-ville de Santa Monica<\/h2>\n<p>Il existe plusieurs parkings publics et structures le long de la 2e rue et de la 4e rue. <strong><a href=\"https:\/\/www.santamonica.com\/fr\/experience-santa-monica\/quartiers\/centre-ville-de-santa-monica-promenade-de-la-3e-rue\/\">Centre-ville de Santa Monica<\/a><\/strong> qui permettent d'acc\u00e9der facilement \u00e0 la Third Street Promenade et au quartier Downtown Santa Monica.<\/p>\n<p>Les structures de stationnement disponibles dans le centre-ville de Santa Monica sont #1-2, 4-8 et le Ken Edwards Center :<\/p>\n<ul>\n<li>Fonctionnement 24 heures sur 24<\/li>\n<li>Gratuit pour les 90 premi\u00e8res minutes ; ensuite, les tarifs varient en fonction du jour et de la dur\u00e9e du stationnement. <strong><a href=\"https:\/\/www.santamonica.gov\/places\/parking-lots\" target=\"_blank\" rel=\"noopener\">Voir les tarifs sp\u00e9cifiques<\/a><\/strong> fourni par la ville de Santa Monica.<\/li>\n<\/ul>\n<\/div>\n                <div class=\"image-slider__slider right\">\n                            <!-- Slider main container -->\n                <div class=\"swiper\">\n                    <!-- Additional required wrapper -->\n                    <div class=\"swiper-wrapper\">\n                        <!-- Slides -->\n                                                    <div class=\"swiper-slide\">\n                                <img decoding=\"async\" width=\"1024\" height=\"576\" src=\"https:\/\/www.santamonica.com\/wp-content\/uploads\/2022\/06\/parking-santa-monica.jpg\" class=\"swiper-slide__image\" alt=\"parking santa monica\" loading=\"lazy\" srcset=\"https:\/\/www.santamonica.com\/wp-content\/uploads\/2022\/06\/parking-santa-monica.jpg 1024w, https:\/\/www.santamonica.com\/wp-content\/uploads\/2022\/06\/parking-santa-monica-300x169.jpg 300w, https:\/\/www.santamonica.com\/wp-content\/uploads\/2022\/06\/parking-santa-monica-267x150.jpg 267w, https:\/\/www.santamonica.com\/wp-content\/uploads\/2022\/06\/parking-santa-monica-768x432.jpg 768w\" sizes=\"auto, (max-width: 1024px) 100vw, 1024px\" title=\"\">                                \n\n            <a href=\"https:\/\/www.santamonica.com\/fr\/experience-santa-monica\/quartiers\/centre-ville-de-santa-monica-promenade-de-la-3e-rue\/\" class=\"img-lctn-tag --right\">\n            <div class=\"img-lctn-tag-inside-link image-slider__image-caption right\">Centre-ville \/ Promenade de la troisi\u00e8me rue<\/div>\n        <\/a>\n                                <\/div>\n                                            <\/div>\n                                    <\/div>\n                    <\/div>\n    <\/div>\n<\/section>\n\n\n<section class=\"sun-title sm-block --theme6 sm-block\">\n            <h2 class=\"sun-title__headline\">Informations utiles sur le stationnement<\/h2>    \n            <div class=\"sun-title__body  wysiwyg\">\n                    <p>Santa Monica dispose d'horodateurs dans toute la ville, qui acceptent tous les paiements par pi\u00e8ces de monnaie ou par carte de cr\u00e9dit.<\/p>\n                        <\/div>\n    <\/section>\n\n\n\n<div class=\"wp-block-columns is-layout-flex wp-container-core-columns-is-layout-28f84493 wp-block-columns-is-layout-flex base-block\">\n<div class=\"wp-block-column is-layout-flow wp-block-column-is-layout-flow base-block\">\n<h3 class=\"wp-block-heading base-block\">Compteurs de rue \u00e0 Santa Monica<\/h3>\n\n\n\n<p class=\"base-block\">Les parcom\u00e8tres et les distributeurs automatiques de billets dans les parcs de stationnement de la ville sont g\u00e9n\u00e9ralement de $2 par heure dans les zones de parcom\u00e8tres du centre-ville et de la plage et de $1 par heure dans toutes les autres zones de parcom\u00e8tres \u00e0 l'\u00e9chelle de la ville.<\/p>\n\n\n\n<p class=\"base-block\">Pour \u00e9viter une contravention lorsque vous vous garez dans un parcm\u00e8tre, n'oubliez pas qu'il n'y a pas de stationnement gratuit \u00e0 Santa Monica le dimanche, donc n'oubliez pas de payer le parcm\u00e8tre lors de votre sortie de fin de semaine.<\/p>\n<\/div>\n\n\n\n<div class=\"wp-block-column is-layout-flow wp-block-column-is-layout-flow base-block\">\n<h3 class=\"wp-block-heading base-block\">Permis de stationnement de Santa Monica et stationnement pour les personnes handicap\u00e9es<\/h3>\n\n\n\n<p class=\"base-block\">Le stationnement \u00e0 Santa Monica pour les visiteurs munis d'une carte ou d'une plaque d'invalidit\u00e9 est gratuit dans les zones de stationnement mentionn\u00e9es ci-dessus.<\/p>\n\n\n\n<p class=\"base-block\">Les visiteurs qui ont besoin d'une autorisation sp\u00e9ciale de stationnement pour quelque raison que ce soit doivent s'adresser au service municipal de l'urbanisme et de l'am\u00e9nagement du territoire. <a href=\"https:\/\/www.santamonica.gov\/categories\/getting-around\/parking\" target=\"_blank\" rel=\"noopener\">service du stationnement<\/a> pour les options d'autorisation.<\/p>\n<\/div>\n\n\n\n<div class=\"wp-block-column is-layout-flow wp-block-column-is-layout-flow base-block\">\n<h3 class=\"wp-block-heading base-block\">Parking pour v\u00e9hicules \u00e9lectriques<\/h3>\n\n\n\n<p class=\"base-block\">Si vous avez une voiture \u00e9lectrique, il existe plusieurs endroits o\u00f9 vous pouvez recharger votre v\u00e9hicule tout en explorant la ville \u00e0 pied ! Recherchez les bornes de recharge dans l'un des 20 sites de la ville.<\/p>\n\n\n\n<p class=\"base-block\">En outre, des bornes de recharge rapide EVgo DC sont situ\u00e9es dans le lot 29, le lot 27 et la structure de stationnement du centre civique.<\/p>\n\n\n\n<p class=\"base-block\">Voir tous les sites de la ville <a href=\"https:\/\/santamonica.gov\/topic-explainers\/electric-vehicles\" target=\"_blank\" rel=\"noreferrer noopener\">Ports de recharge pour VE<\/a>.<\/p>\n<\/div>\n<\/div>\n\n\n<section class=\"sun-title sm-block --theme6 sm-block\">\n            <h2 class=\"sun-title__headline\">Questions fr\u00e9quemment pos\u00e9es sur le stationnement \u00e0 Santa Monica <\/h2>    \n            <div class=\"sun-title__body  wysiwyg\">\n                    <h3>Le stationnement est-il gratuit sur la plage de Santa Monica ?<\/h3>\n<p>Santa Monica Beach ne dispose pas de parking gratuit. Santa Monica Beach dispose de nombreux parkings diff\u00e9rents ainsi que de places de stationnement dans la rue. Le co\u00fbt du stationnement varie de $6 \u00e0 $15 pour une journ\u00e9e compl\u00e8te.<\/p>\n<h3>Comment payer le stationnement dans la rue \u00e0 Santa Monica ?<\/h3>\n<p>Pour le stationnement dans les rues et les parkings publics de Santa Monica, recherchez des parcom\u00e8tres ou des distributeurs de tickets de stationnement acceptant les cartes de cr\u00e9dit ou les pi\u00e8ces de monnaie.<\/p>\n<h3>Pouvez-vous vous garer gratuitement avec une plaque de handicap \u00e0 Santa Monica ?<\/h3>\n<p>En Californie, le stationnement public est gratuit sur toutes les places munies d'un compteur, \u00e0 condition de pr\u00e9senter une carte d'invalidit\u00e9. Le stationnement sur les plages est gratuit en dehors des jours f\u00e9ri\u00e9s et en semaine avec une carte d'invalidit\u00e9 visible. Pour le stationnement sur les plages \u00e0 d'autres moments, veuillez vous r\u00e9f\u00e9rer \u00e0 l'adresse suivante <strong><a href=\"https:\/\/www.santamonica.gov\/categories\/getting-around\/parking\" target=\"_blank\" rel=\"noopener\">Page des parkings de la ville de Santa Monica<\/a><\/strong> pour obtenir les informations les plus r\u00e9centes sur le stationnement.<\/p>\n                        <\/div>\n    <\/section>\n\n\n<section class=\"blog-feed --theme8 sm-block\">\n    <div class=\"blog-feed__content\">\n        <div class=\"blog-feed__intro\">\n                            <div class=\"blog-feed__eyebrow eyebrow\">Blogs<\/div>                                        <h2 class=\"blog-feed__headline\">D\u00e9couvrir Santa Monica<\/h2>                                        <div class=\"blog-feed__body\"><p>Explorez les itin\u00e9raires, les conseils locaux, les points chauds et les aventures organis\u00e9es pour \u00eatre s\u00fbr de profiter au maximum de votre exp\u00e9rience \u00e0 Santa Monica.<\/p>\n<\/div>\n                                        <a class=\"blog-feed__cta\" href=\"https:\/\/www.santamonica.com\/fr\/articles-de-blog\/\">Voir tous les blogs<\/a>\n                    <\/div>\n\n        <ul class=\"blog-feed__list\">\n                                                <li class=\"blog-feed__item\">\n                        <a href=\"https:\/\/www.santamonica.com\/fr\/mother-road-modern-meetings-route-66-meeting-spaces-set-to-shine-for-centennial-in-santa-monica\/\" class=\"blog-feed__item-link\">\n                            <div class=\"blog-feed__image-ratio\">\n                                <img decoding=\"async\" class=\"blog-feed__image\" src=\"https:\/\/www.santamonica.com\/wp-content\/uploads\/2025\/12\/untitledJuly20162C2020180010-182-2-400x400.jpg\" alt=\"ROUTE MATERNELLE, R\u00c9UNIONS MODERNES : LES ESPACES DE R\u00c9UNION DE LA ROUTE 66 S&#039;APPR\u00caTENT \u00c0 BRILLER POUR LE CENTENAIRE \u00c0 SANTA MONICA\" title=\"\">\n                            <\/div>\n                            <div class=\"blog-feed__card-title\">ROUTE MATERNELLE, R\u00c9UNIONS MODERNES : LES ESPACES DE R\u00c9UNION DE LA ROUTE 66 S'APPR\u00caTENT \u00c0 BRILLER POUR LE CENTENAIRE \u00c0 SANTA MONICA<\/div>\n                        <\/a>\n                    <\/li>\n                                                                <li class=\"blog-feed__item\">\n                        <a href=\"https:\/\/www.santamonica.com\/fr\/media\/news-release\/santa-monica-announces-song-contest-in-celebration-of-route-66-centennial\/\" class=\"blog-feed__item-link\">\n                            <div class=\"blog-feed__image-ratio\">\n                                <img decoding=\"async\" class=\"blog-feed__image\" src=\"https:\/\/www.santamonica.com\/wp-content\/uploads\/2025\/11\/DSC01084-400x400.jpg\" alt=\"SANTA MONICA ANNONCE UN CONCOURS DE CHANSONS POUR C\u00c9L\u00c9BRER LE CENTENAIRE DE LA ROUTE 66\" title=\"\">\n                            <\/div>\n                            <div class=\"blog-feed__card-title\">SANTA MONICA ANNONCE UN CONCOURS DE CHANSONS POUR C\u00c9L\u00c9BRER LE CENTENAIRE DE LA ROUTE 66<\/div>\n                        <\/a>\n                    <\/li>\n                                                                <li class=\"blog-feed__item\">\n                        <a href=\"https:\/\/www.santamonica.com\/fr\/media\/news-release\/where-to-watch-the-world-series-in-santa-monica\/\" class=\"blog-feed__item-link\">\n                            <div class=\"blog-feed__image-ratio\">\n                                <img decoding=\"async\" class=\"blog-feed__image\" src=\"https:\/\/www.santamonica.com\/wp-content\/uploads\/2025\/10\/dodgers-logo-1-400x400.jpg\" alt=\"O\u00d9 REGARDER LES CHAMPIONNATS DU MONDE \u00c0 SANTA MONICA\" title=\"\">\n                            <\/div>\n                            <div class=\"blog-feed__card-title\">O\u00d9 REGARDER LES CHAMPIONNATS DU MONDE \u00c0 SANTA MONICA<\/div>\n                        <\/a>\n                    <\/li>\n                                    <\/ul>\n    <\/div>\n<\/section>","protected":false},"excerpt":{"rendered":"<p>Street Meters in Santa Monica On-street parking meters and pay machines at City lots are typically $2 per hour in the Downtown and Beach Meter Zones and $1 per hour [&hellip;]<\/p>\n","protected":false},"author":1450,"featured_media":340650,"parent":0,"menu_order":0,"comment_status":"closed","ping_status":"closed","template":"template-editorial.php","meta":{"_acf_changed":false,"inline_featured_image":false,"footnotes":""},"silos":[3906],"class_list":["post-340563","page","type-page","status-publish","has-post-thumbnail","hentry"],"acf":[],"_links":{"self":[{"href":"https:\/\/www.santamonica.com\/fr\/wp-json\/wp\/v2\/pages\/340563","targetHints":{"allow":["GET"]}}],"collection":[{"href":"https:\/\/www.santamonica.com\/fr\/wp-json\/wp\/v2\/pages"}],"about":[{"href":"https:\/\/www.santamonica.com\/fr\/wp-json\/wp\/v2\/types\/page"}],"author":[{"embeddable":true,"href":"https:\/\/www.santamonica.com\/fr\/wp-json\/wp\/v2\/users\/1450"}],"replies":[{"embeddable":true,"href":"https:\/\/www.santamonica.com\/fr\/wp-json\/wp\/v2\/comments?post=340563"}],"version-history":[{"count":88,"href":"https:\/\/www.santamonica.com\/fr\/wp-json\/wp\/v2\/pages\/340563\/revisions"}],"predecessor-version":[{"id":419938,"href":"https:\/\/www.santamonica.com\/fr\/wp-json\/wp\/v2\/pages\/340563\/revisions\/419938"}],"wp:featuredmedia":[{"embeddable":true,"href":"https:\/\/www.santamonica.com\/fr\/wp-json\/wp\/v2\/media\/340650"}],"wp:attachment":[{"href":"https:\/\/www.santamonica.com\/fr\/wp-json\/wp\/v2\/media?parent=340563"}],"wp:term":[{"taxonomy":"silos","embeddable":true,"href":"https:\/\/www.santamonica.com\/fr\/wp-json\/wp\/v2\/silos?post=340563"}],"curies":[{"name":"wp","href":"https:\/\/api.w.org\/{rel}","templated":true}]}}