{"id":340053,"date":"2022-06-21T04:30:02","date_gmt":"2022-06-21T11:30:02","guid":{"rendered":"https:\/\/www.santamonica.com\/?page_id=340053"},"modified":"2024-05-23T17:08:25","modified_gmt":"2024-05-24T00:08:25","slug":"partenaires","status":"publish","type":"page","link":"https:\/\/www.santamonica.com\/fr\/partners\/","title":{"rendered":"Partenaires"},"content":{"rendered":"<section class=\"travel-tips --theme7 sm-block base-block\">\n    <div class=\"travel-tips__inner\">\n        <div class=\"travel-tips__body-col\">\n                            <img decoding=\"async\" src=\"https:\/\/www.santamonica.com\/wp-content\/uploads\/2022\/06\/responsible-badge-1.svg\" alt=\"Voyager de mani\u00e8re responsable \u00e0 Santa Monica\" title=\"\">\n                                        <p class=\"travel-tips__intro\">Voyagez en toute s\u00e9curit\u00e9 et de mani\u00e8re durable pour contribuer \u00e0 pr\u00e9server la beaut\u00e9 de Santa Monica tout en restant en bonne sant\u00e9 gr\u00e2ce \u00e0 ces conseils.<\/p>\n                    <\/div>\n        <div class=\"travel-tips__links-col\">\n                        <div class=\"travel-tips__link-row\">\n                                    <img decoding=\"async\" src=\"https:\/\/www.santamonica.com\/wp-content\/uploads\/2022\/06\/Parking-Information.svg\" alt=\"Stationnement \u00e0 Santa Monica\" title=\"\">\n                                                    <a class=\"travel-tips__link\" href=\"https:\/\/www.santamonica.com\/fr\/le-transport\/stationnement\/\">\n                        Informations sur le stationnement                    <\/a>\n                            <\/div>\n                        <div class=\"travel-tips__link-row\">\n                                    <img decoding=\"async\" src=\"https:\/\/www.santamonica.com\/wp-content\/uploads\/2022\/06\/What-to-Pack.svg\" alt=\"Pr\u00e9parer sa valise pour un voyage \u00e0 Santa Monica\" title=\"\">\n                                                    <a class=\"travel-tips__link\" href=\"https:\/\/www.santamonica.com\/fr\/experience-santa-monica\/ce-quil-faut-emballer\/\">\n                        Ce qu'il faut emporter                    <\/a>\n                            <\/div>\n                        <div class=\"travel-tips__link-row\">\n                                    <img decoding=\"async\" src=\"https:\/\/www.santamonica.com\/wp-content\/uploads\/2022\/06\/Health-and-Safety.svg\" alt=\"Conseils de s\u00e9curit\u00e9 pour les voyages \u00e0 Santa Monica\" title=\"\">\n                                                    <a class=\"travel-tips__link\" href=\"https:\/\/www.santamonica.com\/fr\/experience-santa-monica\/la-securite\/\">\n                        Sant\u00e9 et s\u00e9curit\u00e9                    <\/a>\n                            <\/div>\n                        <div class=\"travel-tips__link-row\">\n                                    <img decoding=\"async\" src=\"https:\/\/www.santamonica.com\/wp-content\/uploads\/2022\/06\/The-Essentials.svg\" alt=\"Les essentiels du voyage \u00e0 Santa Monica\" title=\"\">\n                                                    <a class=\"travel-tips__link\" href=\"https:\/\/www.santamonica.com\/fr\/experience-santa-monica\/essentiels\/\">\n                        L'essentiel                    <\/a>\n                            <\/div>\n                    <\/div>\n\n    <\/div>\n<\/section>\n\n\n\n    \n    <section class=\"subpage-links container-max sm-block\">\n        <div class=\"subpage-links__diamonds\"><\/div>\n                <div class=\"subpage-links__content\">\n            <div class=\"subpage-links__card\">\n                <div class=\"subpage-links__card-wrapper\">\n                    <a href=\"https:\/\/www.santamonica.com\/fr\/commerce-de-voyage\/boite-a-outils\/\" class=\"subpage-links__card-link\" aria-label=\"Bo\u00eete \u00e0 outils pour les partenaires\">\n                                                    <img decoding=\"async\" width=\"478\" height=\"680\" src=\"https:\/\/www.santamonica.com\/wp-content\/uploads\/2022\/06\/attractions.jpg\" class=\"subpage-links__card-image\" alt=\"attractions\" loading=\"lazy\" srcset=\"https:\/\/www.santamonica.com\/wp-content\/uploads\/2022\/06\/attractions.jpg 478w, https:\/\/www.santamonica.com\/wp-content\/uploads\/2022\/06\/attractions-211x300.jpg 211w, https:\/\/www.santamonica.com\/wp-content\/uploads\/2022\/06\/attractions-105x150.jpg 105w\" sizes=\"auto, (max-width: 478px) 100vw, 478px\" title=\"\">                                                                            <div class=\"subpage-links__card-description\">\n                                <span class=\"subpage-links__card-title\">Bo\u00eete \u00e0 outils pour les partenaires<\/span>\n                                <div class=\"subpage-links__card-button card-arrow\">Explorer<\/div>\n                            <\/div>\n                                            <\/a>\n                <\/div>\n            <\/div>\n            <div class=\"subpage-links__card\">\n                <div class=\"subpage-links__card-wrapper\">\n                    <a href=\"https:\/\/www.santamonica.com\/fr\/partenaires\/formulaire-dopportunites-de-partenariat\/\" class=\"subpage-links__card-link\" aria-label=\"Possibilit\u00e9s de partenariat\">\n                                                    <img decoding=\"async\" width=\"478\" height=\"680\" src=\"https:\/\/www.santamonica.com\/wp-content\/uploads\/2022\/06\/sm-beach-guide.jpg\" class=\"subpage-links__card-image\" alt=\"\" loading=\"lazy\" srcset=\"https:\/\/www.santamonica.com\/wp-content\/uploads\/2022\/06\/sm-beach-guide.jpg 478w, https:\/\/www.santamonica.com\/wp-content\/uploads\/2022\/06\/sm-beach-guide-211x300.jpg 211w, https:\/\/www.santamonica.com\/wp-content\/uploads\/2022\/06\/sm-beach-guide-105x150.jpg 105w\" sizes=\"auto, (max-width: 478px) 100vw, 478px\" title=\"\">                                                                            <div class=\"subpage-links__card-description\">\n                                <div class=\"subpage-links__card-title\">Possibilit\u00e9s de partenariat<\/div>\n                                <div class=\"subpage-links__card-button card-arrow\">Explorer<\/div>\n                            <\/div>\n                                            <\/a>\n                <\/div>\n            <\/div>\n            <div class=\"subpage-links__card\">\n                <div class=\"subpage-links__card-wrapper\">\n                    <a href=\"https:\/\/www.santamonica.com\/fr\/partenaires\/portail-des-partenaires\/\" class=\"subpage-links__card-link\" aria-label=\"Portail des partenaires\">\n                                                    <img decoding=\"async\" width=\"478\" height=\"680\" src=\"https:\/\/www.santamonica.com\/wp-content\/uploads\/2022\/06\/pier.jpg\" class=\"subpage-links__card-image\" alt=\"jet\u00e9e de santa monica\" loading=\"lazy\" srcset=\"https:\/\/www.santamonica.com\/wp-content\/uploads\/2022\/06\/pier.jpg 478w, https:\/\/www.santamonica.com\/wp-content\/uploads\/2022\/06\/pier-211x300.jpg 211w, https:\/\/www.santamonica.com\/wp-content\/uploads\/2022\/06\/pier-105x150.jpg 105w\" sizes=\"auto, (max-width: 478px) 100vw, 478px\" title=\"\">                                                                            <div class=\"subpage-links__card-description\">\n                                <div class=\"subpage-links__card-title\">Portail des partenaires<\/div>\n                                <div class=\"subpage-links__card-button card-arrow\">Explorer<\/div>\n                            <\/div>\n                                            <\/a>\n                <\/div>\n            <\/div>\n        <\/div>\n            <\/section>\n\n\n<section class=\"links-grid --theme3 sm-block\">\n    <div class=\"links-grid__wrapper\">\n                                                    <a href=\"https:\/\/www.santamonica.com\/fr\/i-am-santa-monica\/\" class=\"links-grid__card-link\" aria-label=\"Je suis Santa Monica\" >\n                    <div class=\"links-grid__card\">\n                                                    <div class=\"links-grid__card-image-wrapper\">\n                                <img decoding=\"async\" width=\"400\" height=\"400\" src=\"https:\/\/www.santamonica.com\/wp-content\/uploads\/2022\/07\/I-Am-Santa-Monica-employee-540x540-1-400x400.jpg\" class=\"links-grid__card-image\" alt=\"Le programme I Am Santa Monica\" loading=\"lazy\" srcset=\"https:\/\/www.santamonica.com\/wp-content\/uploads\/2022\/07\/I-Am-Santa-Monica-employee-540x540-1-400x400.jpg 400w, https:\/\/www.santamonica.com\/wp-content\/uploads\/2022\/07\/I-Am-Santa-Monica-employee-540x540-1-300x300.jpg 300w, https:\/\/www.santamonica.com\/wp-content\/uploads\/2022\/07\/I-Am-Santa-Monica-employee-540x540-1-150x150.jpg 150w, https:\/\/www.santamonica.com\/wp-content\/uploads\/2022\/07\/I-Am-Santa-Monica-employee-540x540-1.jpg 540w\" sizes=\"auto, (max-width: 400px) 100vw, 400px\" title=\"\">                            <\/div>\n                                                <div class=\"links-grid__card-text\">\n                                                            <div class=\"links-grid__card-title\">Je suis Santa Monica<\/div>\n                                                                                <\/div>\n                    <\/div>\n                <\/a>\n                                            <a href=\"https:\/\/www.santamonica.com\/fr\/spirit-award\/\" class=\"links-grid__card-link\" aria-label=\"Prix Thelma Parks de l&#039;esprit touristique\" >\n                    <div class=\"links-grid__card\">\n                                                    <div class=\"links-grid__card-image-wrapper\">\n                                <img decoding=\"async\" width=\"400\" height=\"400\" src=\"https:\/\/www.santamonica.com\/wp-content\/uploads\/2022\/07\/Thelma-Parks-540x540-1-400x400.jpg\" class=\"links-grid__card-image\" alt=\"Prix Thelma Parks de l&#039;esprit touristique\" loading=\"lazy\" srcset=\"https:\/\/www.santamonica.com\/wp-content\/uploads\/2022\/07\/Thelma-Parks-540x540-1-400x400.jpg 400w, https:\/\/www.santamonica.com\/wp-content\/uploads\/2022\/07\/Thelma-Parks-540x540-1-300x300.jpg 300w, https:\/\/www.santamonica.com\/wp-content\/uploads\/2022\/07\/Thelma-Parks-540x540-1-150x150.jpg 150w, https:\/\/www.santamonica.com\/wp-content\/uploads\/2022\/07\/Thelma-Parks-540x540-1.jpg 540w\" sizes=\"auto, (max-width: 400px) 100vw, 400px\" title=\"\">                            <\/div>\n                                                <div class=\"links-grid__card-text\">\n                                                            <div class=\"links-grid__card-title\">Prix Thelma Parks de l'esprit touristique<\/div>\n                                                                                <\/div>\n                    <\/div>\n                <\/a>\n                                            <a href=\"https:\/\/www.santamonica.com\/fr\/partners\/volunteer\/\" class=\"links-grid__card-link\" aria-label=\"Possibilit\u00e9s de b\u00e9n\u00e9volat\" >\n                    <div class=\"links-grid__card\">\n                                                    <div class=\"links-grid__card-image-wrapper\">\n                                <img decoding=\"async\" width=\"400\" height=\"400\" src=\"https:\/\/www.santamonica.com\/wp-content\/uploads\/2022\/07\/Santa-Monica-Pier-Sign-540x540-1-400x400.jpg\" class=\"links-grid__card-image\" alt=\"Possibilit\u00e9s de b\u00e9n\u00e9volat\" loading=\"lazy\" srcset=\"https:\/\/www.santamonica.com\/wp-content\/uploads\/2022\/07\/Santa-Monica-Pier-Sign-540x540-1-400x400.jpg 400w, https:\/\/www.santamonica.com\/wp-content\/uploads\/2022\/07\/Santa-Monica-Pier-Sign-540x540-1-300x300.jpg 300w, https:\/\/www.santamonica.com\/wp-content\/uploads\/2022\/07\/Santa-Monica-Pier-Sign-540x540-1-150x150.jpg 150w, https:\/\/www.santamonica.com\/wp-content\/uploads\/2022\/07\/Santa-Monica-Pier-Sign-540x540-1.jpg 540w\" sizes=\"auto, (max-width: 400px) 100vw, 400px\" title=\"\">                            <\/div>\n                                                <div class=\"links-grid__card-text\">\n                                                            <div class=\"links-grid__card-title\">Possibilit\u00e9s de b\u00e9n\u00e9volat<\/div>\n                                                                                <\/div>\n                    <\/div>\n                <\/a>\n                        <\/div>\n<\/section>\n\n\n\n<section class=\"sun-title sm-block --theme6 sm-block\">\n            <h2 class=\"sun-title__headline\">Autres ressources<\/h2>    \n            <div class=\"sun-title__body  wysiwyg\">\n                    <ul>\n<li style=\"text-align: left;\"><a href=\"https:\/\/www.santamonica.com\/fr\/partenaires\/promouvoir-votre-entreprise\/\">Comment travailler avec le SMTT<\/a><\/li>\n<li style=\"text-align: left;\"><a href=\"https:\/\/www.santamonica.com\/fr\/valeur-economique-du-tourisme\/\">Valeur \u00e9conomique du tourisme<\/a><\/li>\n<li style=\"text-align: left;\"><a href=\"https:\/\/www.santamonica.com\/fr\/evenements\/2022-sommet-du-tourisme-des-smtt\/\">Sommet du tourisme de Santa Monica<\/a><\/li>\n<\/ul>\n                        <\/div>\n    <\/section>\n\n\n\n<p class=\"base-block\"><\/p>\n\n\n<section class=\"blog-feed --theme8 sm-block\">\n    <div class=\"blog-feed__content\">\n        <div class=\"blog-feed__intro\">\n                                        <h1 class=\"blog-feed__headline\">DANS LA PRESSE<\/h1>                                            <\/div>\n\n        <ul class=\"blog-feed__list\">\n                                                <li class=\"blog-feed__item\">\n                        <a href=\"https:\/\/www.santamonica.com\/fr\/santa-monica-hotels-offer-spring-staycation-discounts-to-residents-of-los-angeles-county-2\/\" class=\"blog-feed__item-link\">\n                            <div class=\"blog-feed__image-ratio\">\n                                <img decoding=\"async\" class=\"blog-feed__image\" src=\"https:\/\/www.santamonica.com\/wp-content\/uploads\/2026\/03\/1-240423_01_SMTT_1143-400x400.jpg\" alt=\"LES H\u00d4TELS DE SANTA MONICA OFFRENT DES R\u00c9DUCTIONS POUR LES S\u00c9JOURS DE PRINTEMPS AUX R\u00c9SIDENTS DU COMT\u00c9 DE LOS ANGELES\" title=\"\">\n                            <\/div>\n                            <div class=\"blog-feed__card-title\">LES H\u00d4TELS DE SANTA MONICA OFFRENT DES R\u00c9DUCTIONS POUR LES S\u00c9JOURS DE PRINTEMPS AUX R\u00c9SIDENTS DU COMT\u00c9 DE LOS ANGELES<\/div>\n                        <\/a>\n                    <\/li>\n                                                                <li class=\"blog-feed__item\">\n                        <a href=\"https:\/\/www.santamonica.com\/fr\/whats-new-in-santa-monica-winter-2026\/\" class=\"blog-feed__item-link\">\n                            <div class=\"blog-feed__image-ratio\">\n                                <img decoding=\"async\" class=\"blog-feed__image\" src=\"https:\/\/www.santamonica.com\/wp-content\/uploads\/2026\/02\/Hotel-Casa-del-Mar-400x400.jpg\" alt=\"QUOI DE NEUF \u00c0 SANTA MONICA - HIVER 2026\" title=\"\">\n                            <\/div>\n                            <div class=\"blog-feed__card-title\">QUOI DE NEUF \u00c0 SANTA MONICA - HIVER 2026<\/div>\n                        <\/a>\n                    <\/li>\n                                                                <li class=\"blog-feed__item\">\n                        <a href=\"https:\/\/www.santamonica.com\/fr\/media\/news-release\/base-yourself-beachside-in-santa-monica-for-fifa-world-cup-2026\/\" class=\"blog-feed__item-link\">\n                            <div class=\"blog-feed__image-ratio\">\n                                <img decoding=\"async\" class=\"blog-feed__image\" src=\"https:\/\/www.santamonica.com\/wp-content\/uploads\/2026\/02\/0-4-1-400x400.jpg\" alt=\"BASEZ-VOUS SUR LA PLAGE \u00c0 SANTA MONICA POUR LA COUPE DU MONDE DE LA FIFA 2026\u2122\" title=\"\">\n                            <\/div>\n                            <div class=\"blog-feed__card-title\">BASEZ-VOUS SUR LA PLAGE \u00c0 SANTA MONICA POUR LA COUPE DU MONDE DE LA FIFA 2026\u2122<\/div>\n                        <\/a>\n                    <\/li>\n                                    <\/ul>\n    <\/div>\n<\/section>","protected":false},"excerpt":{"rendered":"","protected":false},"author":1450,"featured_media":343089,"parent":0,"menu_order":0,"comment_status":"closed","ping_status":"closed","template":"template-things-to-do.php","meta":{"_acf_changed":false,"inline_featured_image":false,"footnotes":""},"silos":[],"class_list":["post-340053","page","type-page","status-publish","has-post-thumbnail","hentry"],"acf":[],"_links":{"self":[{"href":"https:\/\/www.santamonica.com\/fr\/wp-json\/wp\/v2\/pages\/340053","targetHints":{"allow":["GET"]}}],"collection":[{"href":"https:\/\/www.santamonica.com\/fr\/wp-json\/wp\/v2\/pages"}],"about":[{"href":"https:\/\/www.santamonica.com\/fr\/wp-json\/wp\/v2\/types\/page"}],"author":[{"embeddable":true,"href":"https:\/\/www.santamonica.com\/fr\/wp-json\/wp\/v2\/users\/1450"}],"replies":[{"embeddable":true,"href":"https:\/\/www.santamonica.com\/fr\/wp-json\/wp\/v2\/comments?post=340053"}],"version-history":[{"count":44,"href":"https:\/\/www.santamonica.com\/fr\/wp-json\/wp\/v2\/pages\/340053\/revisions"}],"predecessor-version":[{"id":415945,"href":"https:\/\/www.santamonica.com\/fr\/wp-json\/wp\/v2\/pages\/340053\/revisions\/415945"}],"wp:featuredmedia":[{"embeddable":true,"href":"https:\/\/www.santamonica.com\/fr\/wp-json\/wp\/v2\/media\/343089"}],"wp:attachment":[{"href":"https:\/\/www.santamonica.com\/fr\/wp-json\/wp\/v2\/media?parent=340053"}],"wp:term":[{"taxonomy":"silos","embeddable":true,"href":"https:\/\/www.santamonica.com\/fr\/wp-json\/wp\/v2\/silos?post=340053"}],"curies":[{"name":"wp","href":"https:\/\/api.w.org\/{rel}","templated":true}]}}