{"id":340039,"date":"2022-06-21T04:26:16","date_gmt":"2022-06-21T11:26:16","guid":{"rendered":"https:\/\/www.santamonica.com\/?page_id=340039"},"modified":"2025-09-08T07:26:10","modified_gmt":"2025-09-08T14:26:10","slug":"pourquoi-santa-monica","status":"publish","type":"page","link":"https:\/\/www.santamonica.com\/fr\/travel-trade\/why-santa-monica\/","title":{"rendered":"Pourquoi Santa Monica"},"content":{"rendered":"<section class=\"sun-title sm-block --theme6 sm-block\">\n            <h2 class=\"sun-title__headline\">Comment profiter pleinement de la plage de Santa Monica<\/h2>    \n            <div class=\"sun-title__body  wysiwyg\">\n                    <p>Perch\u00e9e sur l'oc\u00e9an Pacifique et situ\u00e9e le long de trois miles et demi de c\u00f4te scintillante, la ville de Santa Monica, en bord de mer, offre \u00e0 vos clients d'innombrables possibilit\u00e9s d'adopter le style de vie de Santa Monica et le large \u00e9ventail d'activit\u00e9s en bord de mer qui l'accompagnent. Si l'on ajoute \u00e0 cela le climat doux et temp\u00e9r\u00e9 de Santa Monica tout au long de l'ann\u00e9e et plus de 280 jours de soleil par an, il n'est pas surprenant que le National Geographic ait class\u00e9 Santa Monica parmi les \u201cdix meilleures villes de plage du monde\u201d et qu'un tel endroit poss\u00e8de quelques-unes des plus belles plages du monde.\u00a0<a title=\"Visiter la plage de Santa Monica\" href=\"https:\/\/www.santamonica.com\/fr\/choses-a-faire\/plage-de-santa-monica\/\">les meilleures activit\u00e9s de plage<\/a>\u00a0\u00e0 la disposition de ceux qui posent le pied sur son rivage.\u00a0<a href=\"https:\/\/www.santamonica.com\/fr\/choses-a-faire\/video-360-une-visite-a-santa-monica\/\">Explorez Santa Monica gr\u00e2ce \u00e0 la r\u00e9alit\u00e9 virtuelle (VR).<\/a><\/p>\n                        <\/div>\n    <\/section>\n\n\n\n<section class=\"image-section-break sm-block\">\n    <div class=\"image-section-break__image-wrapper\">\n                    <picture>\n                    <source\n                        media=\"(min-width: 768px)\"\n                        srcset=\"https:\/\/www.santamonica.com\/wp-content\/uploads\/2022\/06\/the-penthouse-santa-monica-scaled.jpg\"\n                    >\n                    <img decoding=\"async\" src=\"https:\/\/www.santamonica.com\/wp-content\/uploads\/2022\/06\/the-penthouse-santa-monica-scaled.jpg\" class=\"image-section-break__image\" alt=\"Le Penthouse Santa Monica\" title=\"\">\n            <\/picture>\n                \n\n            <a href=\"https:\/\/www.santamonica.com\/fr\/restaurants\/le-penthouse\/\"  class=\"img-lctn-tag --right\">\n            <div class=\"img-lctn-tag-inside-link image-section-break__image-caption right\">Le Penthouse<\/div>\n        <\/a>\n        <\/div>\n    <div class=\"image-section-break__text-content\">\n        <div class=\"image-section-break__first-content --theme3\">\n                                        <h2 class=\"image-section-break__title\">Un avant-go\u00fbt des exp\u00e9riences culinaires de Santa Monica<\/h2>\n                                        <div class=\"image-section-break__body-copy wysiwyg\"><p>Santa Monica est une destination culinaire internationale et reste dans le peloton de t\u00eate des restaurants am\u00e9ricains gr\u00e2ce \u00e0 ses nombreux chefs c\u00e9l\u00e8bres et aux nouveaux innovateurs culinaires qui continuent \u00e0 revigorer la r\u00e9gion.\u00a0<a title=\"Alimentation et boissons\" href=\"https:\/\/www.santamonica.com\/fr\/restaurants\/\">la sc\u00e8ne gastronomique de la ville<\/a>.<\/p>\n<\/div>\n                                <\/div>\n        <div class=\"image-section-break__second-content\">\n                            <div class=\"image-section-break__body-copy wysiwyg\"><p>Santa Monica a \u00e9t\u00e9 \u00e0 l'avant-garde du mouvement de l'alimentation locale bien avant qu'il ne devienne courant, et l'utilisation d'ingr\u00e9dients durables et biologiques est au c\u0153ur de l'approche culinaire des grands chefs de la ville. <a href=\"https:\/\/www.santamonica.com\/fr\/reunions-conventions\/repas-de-groupe\/\">Explorer les possibilit\u00e9s de restauration pour les groupes.<\/a><\/p>\n<\/div>\n                                <\/div>\n    <\/div>\n<\/section>\n\n\n\n<section class=\"two-images container-max sm-block  sm-block\">\n    <div class=\"two-images__container\">\n\n        <div class=\"two-images__column\">\n            <div class=\"two-images__content\">\n                <div class=\"two-images__content-header-container\">\n                                            <h2 class=\"two-images__content-header\">Une escapade \u00e0 la plage avec une touche d'histoire<\/h2>                                    <\/div>\n                                    <div class=\"two-images__content-body wysiwyg\">\n                        <p>Santa Monica n'a cess\u00e9 de se faire une place dans l'histoire en tant que l'une des destinations baln\u00e9aires les plus appr\u00e9ci\u00e9es au monde depuis sa cr\u00e9ation en 1875, lorsque le fondateur de Santa Monica, John P. Jones, a achet\u00e9 et trac\u00e9 les 8,3 miles carr\u00e9s de la ville. De l'ouverture de la premi\u00e8re jet\u00e9e de plaisance de l'Ouest en 1909 \u00e0 la naissance d'une collection d'h\u00f4tels l\u00e9gendaires dans les ann\u00e9es 1980, en passant par la transformation de la ville en terrain de jeu pour les c\u00e9l\u00e9brit\u00e9s d'Hollywood et en lieu de pr\u00e9dilection de la mode internationale du fitness dans les ann\u00e9es 1920, la riche histoire de Santa Monica continue d'influencer la charmante ville baln\u00e9aire qui est devenue une destination de voyage privil\u00e9gi\u00e9e pour les gens du monde entier.<\/p>\n                    <\/div>\n                                            <\/div>\n        <\/div>\n\n        <div class=\"two-images__column\">\n                            <div class=\"two-images__image-container\">\n                    <img decoding=\"async\" width=\"424\" height=\"504\" src=\"https:\/\/www.santamonica.com\/wp-content\/uploads\/2022\/08\/shutters-on-the-beach424x504.jpg\" class=\"two-images__image\" alt=\"Vue de la salle \u00e0 manger de l&#039;h\u00f4tel vers les doubles portes ouvertes ; deux chaises en peluche install\u00e9es sur la terrasse ext\u00e9rieure avec une table et des roses ; plage \u00e0 l&#039;arri\u00e8re-plan ; d\u00eener au coucher du soleil\" loading=\"lazy\" srcset=\"https:\/\/www.santamonica.com\/wp-content\/uploads\/2022\/08\/shutters-on-the-beach424x504.jpg 424w, https:\/\/www.santamonica.com\/wp-content\/uploads\/2022\/08\/shutters-on-the-beach424x504-252x300.jpg 252w, https:\/\/www.santamonica.com\/wp-content\/uploads\/2022\/08\/shutters-on-the-beach424x504-126x150.jpg 126w\" sizes=\"auto, (max-width: 424px) 100vw, 424px\" title=\"\">                    \n\n                <\/div>\n                    <\/div>\n\n        <div class=\"two-images__column\">\n                            <div class=\"two-images__image-container\">\n                    <img decoding=\"async\" width=\"600\" height=\"464\" src=\"https:\/\/www.santamonica.com\/wp-content\/uploads\/2022\/07\/Beach600x464.jpg\" class=\"two-images__image\" alt=\"Plage de Santa Monica\" loading=\"lazy\" srcset=\"https:\/\/www.santamonica.com\/wp-content\/uploads\/2022\/07\/Beach600x464.jpg 600w, https:\/\/www.santamonica.com\/wp-content\/uploads\/2022\/07\/Beach600x464-300x232.jpg 300w, https:\/\/www.santamonica.com\/wp-content\/uploads\/2022\/07\/Beach600x464-194x150.jpg 194w\" sizes=\"auto, (max-width: 600px) 100vw, 600px\" title=\"\">                    \n\n                <\/div>\n                    <\/div>\n\n    <\/div>\n<\/section>\n\n\n\n<section class=\"two-images container-max sm-block --flip sm-block\">\n    <div class=\"two-images__container --flip\">\n\n        <div class=\"two-images__column\">\n            <div class=\"two-images__content\">\n                <div class=\"two-images__content-header-container\">\n                                            <h2 class=\"two-images__content-header\">Santa Monica Incentive At It's Finest<\/h2>                                    <\/div>\n                                    <div class=\"two-images__content-body wysiwyg\">\n                        <section class=\"content-block\">\n<div class=\"width-restrict --content\">\n<article class=\"post-content \/ subpage-intro\">\n<div class=\"subpage-intro__content wizzywig\">\n<p>La beaut\u00e9 naturelle de Santa Monica, ses restaurants prim\u00e9s et ses h\u00f4tels et boutiques incomparables en font une destination id\u00e9ale pour les groupes qui souhaitent se d\u00e9lecter dans le luxe. Qu'il s'agisse de se pr\u00e9lasser dans l'un des\u00a0<a title=\"H\u00f4tels\" href=\"https:\/\/www.santamonica.com\/fr\/hotels\/\">les meilleurs h\u00f4tels de la ville<\/a>, Qu'il s'agisse de s'\u00e9lancer sur l'un des parcours de golf des environs ou de passer une journ\u00e9e \u00e0 se faire dorloter dans un spa somptueux, cette partie embl\u00e9matique du littoral californien est l'endroit id\u00e9al pour permettre \u00e0 vos participants de d\u00e9couvrir le meilleur de la Californie du Sud.<\/p>\n<\/div>\n<\/article>\n<\/div>\n<\/section>\n                    <\/div>\n                                            <\/div>\n        <\/div>\n\n        <div class=\"two-images__column\">\n                            <div class=\"two-images__image-container\">\n                    <img decoding=\"async\" width=\"937\" height=\"700\" src=\"https:\/\/www.santamonica.com\/wp-content\/uploads\/2022\/06\/the-ambrose-hotel-premium-hotels.jpg\" class=\"two-images__image\" alt=\"The Ambrose Hotel Premium Hotels\" loading=\"lazy\" srcset=\"https:\/\/www.santamonica.com\/wp-content\/uploads\/2022\/06\/the-ambrose-hotel-premium-hotels.jpg 937w, https:\/\/www.santamonica.com\/wp-content\/uploads\/2022\/06\/the-ambrose-hotel-premium-hotels-300x224.jpg 300w, https:\/\/www.santamonica.com\/wp-content\/uploads\/2022\/06\/the-ambrose-hotel-premium-hotels-201x150.jpg 201w, https:\/\/www.santamonica.com\/wp-content\/uploads\/2022\/06\/the-ambrose-hotel-premium-hotels-768x574.jpg 768w\" sizes=\"auto, (max-width: 937px) 100vw, 937px\" title=\"\">                    \n\n                <\/div>\n                    <\/div>\n\n        <div class=\"two-images__column\">\n                            <div class=\"two-images__image-container\">\n                    <img decoding=\"async\" width=\"650\" height=\"866\" src=\"https:\/\/www.santamonica.com\/wp-content\/uploads\/2022\/06\/ocean-santa-monica-hotels-premium-expereince.jpg\" class=\"two-images__image\" alt=\"Oceana Hotel Premium Experience\" loading=\"lazy\" srcset=\"https:\/\/www.santamonica.com\/wp-content\/uploads\/2022\/06\/ocean-santa-monica-hotels-premium-expereince.jpg 650w, https:\/\/www.santamonica.com\/wp-content\/uploads\/2022\/06\/ocean-santa-monica-hotels-premium-expereince-225x300.jpg 225w, https:\/\/www.santamonica.com\/wp-content\/uploads\/2022\/06\/ocean-santa-monica-hotels-premium-expereince-113x150.jpg 113w\" sizes=\"auto, (max-width: 650px) 100vw, 650px\" title=\"\">                    \n\n                <\/div>\n                    <\/div>\n\n    <\/div>\n<\/section>\n\n\n\n<div class=\"wp-block-columns is-layout-flex wp-container-core-columns-is-layout-28f84493 wp-block-columns-is-layout-flex base-block\">\n<div class=\"wp-block-column is-layout-flow wp-block-column-is-layout-flow base-block\">\n<figure class=\"wp-block-image size-full base-block\"><img decoding=\"async\" width=\"200\" height=\"140\" src=\"https:\/\/www.santamonica.com\/wp-content\/uploads\/2022\/06\/Travel_USA_.png\" alt=\"Vist USA Travel\" class=\"wp-image-340158\" title=\"\"><\/figure>\n\n\n<\/figure><\/div>\n\n\n\n<div class=\"wp-block-column is-layout-flow wp-block-column-is-layout-flow base-block\">\n<figure class=\"wp-block-image size-large is-resized base-block\"><img decoding=\"async\" width=\"1024\" height=\"321\" src=\"https:\/\/www.santamonica.com\/wp-content\/uploads\/2022\/06\/Visit-California-Travel-Logo-1024x321.png\" alt=\"\" class=\"wp-image-340161\" style=\"width:292px;height:92px\" title=\"\" srcset=\"https:\/\/www.santamonica.com\/wp-content\/uploads\/2022\/06\/Visit-California-Travel-Logo-1024x321.png 1024w, https:\/\/www.santamonica.com\/wp-content\/uploads\/2022\/06\/Visit-California-Travel-Logo-300x94.png 300w, https:\/\/www.santamonica.com\/wp-content\/uploads\/2022\/06\/Visit-California-Travel-Logo-270x85.png 270w, https:\/\/www.santamonica.com\/wp-content\/uploads\/2022\/06\/Visit-California-Travel-Logo-768x241.png 768w, https:\/\/www.santamonica.com\/wp-content\/uploads\/2022\/06\/Visit-California-Travel-Logo-1536x481.png 1536w, https:\/\/www.santamonica.com\/wp-content\/uploads\/2022\/06\/Visit-California-Travel-Logo-2048x642.png 2048w\" sizes=\"(max-width: 1024px) 100vw, 1024px\" \/><\/figure>\n\n\n<\/figure><\/div>\n<\/div>\n\n\n<section class=\"meetings-contact-us sm-block\">\n    <div class=\"meetings-contact-us__inner\">\n        <div class=\"meetings-contact-us__image-wrap\">\n            <img decoding=\"async\" width=\"1024\" height=\"304\" src=\"https:\/\/www.santamonica.com\/wp-content\/uploads\/2022\/07\/Help1280x380-1024x304.jpg\" class=\"attachment-large size-large\" alt=\"Image du b\u00e2timent du centre des visiteurs ; b\u00e2timent gris avec un panneau d&#039;information au-dessus.\" srcset=\"https:\/\/www.santamonica.com\/wp-content\/uploads\/2022\/07\/Help1280x380-1024x304.jpg 1024w, https:\/\/www.santamonica.com\/wp-content\/uploads\/2022\/07\/Help1280x380-300x89.jpg 300w, https:\/\/www.santamonica.com\/wp-content\/uploads\/2022\/07\/Help1280x380-270x80.jpg 270w, https:\/\/www.santamonica.com\/wp-content\/uploads\/2022\/07\/Help1280x380-768x228.jpg 768w, https:\/\/www.santamonica.com\/wp-content\/uploads\/2022\/07\/Help1280x380.jpg 1280w\" sizes=\"(max-width: 1024px) 100vw, 1024px\" title=\"\">        <\/div>\n        <div class=\"meetings-contact-us__body\">\n            <h1 class=\"meetings-contact-us__heading\">\n                Vous avez des questions ?            <\/h1>\n            <p class=\"meetings-contact-us__intro\">\n                Vous vous sentirez soutenu lorsque vous contacterez l'\u00e9quipe d'experts de Santa Monica Travel &amp; Tourism d\u00e8s aujourd'hui !            <\/p>\n            <div class=\"meetings-contact-us__phone-numbers wysiwyg\">\n                                                            <\/div>\n            <div class=\"meetings-contact-us__ctas\">\n                                            <a class=\"meetings-contact-us__primary-cta\" href=\"https:\/\/www.santamonica.com\/fr\/commerce-de-voyage\/contacter-les-ventes\/\">Nous contacter<\/a>\n                                                    <\/div>\n        <\/div>\n    <\/div>\n\n<\/section>","protected":false},"excerpt":{"rendered":"","protected":false},"author":1450,"featured_media":343993,"parent":0,"menu_order":0,"comment_status":"closed","ping_status":"closed","template":"template-meetings-editorial-detail.php","meta":{"_acf_changed":false,"inline_featured_image":false,"footnotes":""},"silos":[3908],"class_list":["post-340039","page","type-page","status-publish","has-post-thumbnail","hentry"],"acf":[],"_links":{"self":[{"href":"https:\/\/www.santamonica.com\/fr\/wp-json\/wp\/v2\/pages\/340039","targetHints":{"allow":["GET"]}}],"collection":[{"href":"https:\/\/www.santamonica.com\/fr\/wp-json\/wp\/v2\/pages"}],"about":[{"href":"https:\/\/www.santamonica.com\/fr\/wp-json\/wp\/v2\/types\/page"}],"author":[{"embeddable":true,"href":"https:\/\/www.santamonica.com\/fr\/wp-json\/wp\/v2\/users\/1450"}],"replies":[{"embeddable":true,"href":"https:\/\/www.santamonica.com\/fr\/wp-json\/wp\/v2\/comments?post=340039"}],"version-history":[{"count":65,"href":"https:\/\/www.santamonica.com\/fr\/wp-json\/wp\/v2\/pages\/340039\/revisions"}],"predecessor-version":[{"id":772339,"href":"https:\/\/www.santamonica.com\/fr\/wp-json\/wp\/v2\/pages\/340039\/revisions\/772339"}],"wp:featuredmedia":[{"embeddable":true,"href":"https:\/\/www.santamonica.com\/fr\/wp-json\/wp\/v2\/media\/343993"}],"wp:attachment":[{"href":"https:\/\/www.santamonica.com\/fr\/wp-json\/wp\/v2\/media?parent=340039"}],"wp:term":[{"taxonomy":"silos","embeddable":true,"href":"https:\/\/www.santamonica.com\/fr\/wp-json\/wp\/v2\/silos?post=340039"}],"curies":[{"name":"wp","href":"https:\/\/api.w.org\/{rel}","templated":true}]}}