{"id":340025,"date":"2022-06-21T04:11:23","date_gmt":"2022-06-21T11:11:23","guid":{"rendered":"https:\/\/www.santamonica.com\/?page_id=340025"},"modified":"2026-03-19T12:12:57","modified_gmt":"2026-03-19T19:12:57","slug":"conseils-et-comites","status":"publish","type":"page","link":"https:\/\/www.santamonica.com\/fr\/about\/boards-and-committees\/","title":{"rendered":"Conseils et comit\u00e9s"},"content":{"rendered":"<section class=\"sun-title sm-block --theme6 sm-block\">\n            <h2 class=\"sun-title__headline\">Rencontrez notre conseil d'administration SMTT 2026\/2027<\/h2>    \n    <\/section>\n\n\n\n<p class=\"base-block\"><br><br><strong>Charlie Lopez-Quintana<\/strong>&nbsp;- Pr\u00e9sident<em><br>Vice-pr\u00e9sident et directeur g\u00e9n\u00e9ral, ETC Hotels<\/em><\/p>\n\n\n\n<p class=\"base-block\"><strong>Jeff Klocke<\/strong>&nbsp;- Vice-pr\u00e9sident<br><em>Directeur g\u00e9n\u00e9ral, Pacific Park<\/em><\/p>\n\n\n\n<p class=\"base-block\"><strong>Simon Fricker<\/strong>&nbsp;- Tr\u00e9sorier<br><em>Directeur g\u00e9n\u00e9ral, Fairmont Miramar Hotel &amp; Bungalows<\/em><\/p>\n\n\n\n<p class=\"base-block\"><strong>Karen Ginsberg<\/strong>&nbsp;- Secr\u00e9taire<br><em>R\u00e9sident<\/em><\/p>\n\n\n\n<p class=\"base-block\"><strong>Neil Carrey<\/strong>&nbsp;- Membre<br><em>R\u00e9sident<\/em><\/p>\n\n\n\n<p class=\"base-block\"><strong>Darlene Evans<\/strong>&nbsp;- Membre<br><em>R\u00e9sident<\/em><\/p>\n\n\n\n<p class=\"base-block\"><strong>Tim Defuria<\/strong>&nbsp;- Membre<br><em>R\u00e9sident<\/em><\/p>\n\n\n\n<p class=\"base-block\"><strong>Lauralee Asch<\/strong>&nbsp;- Membre<br><em>R\u00e9sident<\/em><\/p>\n\n\n\n<p class=\"base-block\"><strong>Jan Williamson<\/strong>&nbsp;- Membre<br><em>Directeur ex\u00e9cutif, 18th Street Arts Cente<\/em>r<\/p>\n\n\n\n<p class=\"base-block\"><strong>Jessica Rincon<\/strong>&nbsp;- Membre<br><em>Directeur g\u00e9n\u00e9ral,<\/em> <em>Sandbourne Santa Monica<\/em><\/p>\n\n\n\n<p class=\"base-block\"><strong>Oliver Chi<\/strong>&nbsp;- Membre<br><em>Directeur municipal, ville de Santa Monica<\/em><\/p>\n\n\n\n<p class=\"base-block\"><strong>Judy Kruger<\/strong>&nbsp;- Liaison avec la Chambre<br><em>Pr\u00e9sident-directeur g\u00e9n\u00e9ral de la Chambre de commerce de Santa Monica<\/em><\/p>\n\n\n<section class=\"sun-title sm-block --theme6 sm-block\">\n            <h2 class=\"sun-title__headline\">Pr\u00e9sentation de notre comit\u00e9 2026 TMD<\/h2>    \n    <\/section>\n\n\n\n<p class=\"base-block\"><br><br><\/p>\n\n\n\n<p class=\"base-block\"><strong>Aileen Carreon<\/strong> - Pr\u00e9sident<br><em>Vice-pr\u00e9sident VP des ventes et du marketing, ETC Hotels<\/em><\/p>\n\n\n\n<p class=\"base-block\"><strong>Juan Viramontes<\/strong> - Vice-pr\u00e9sident<br><em>Directeur g\u00e9n\u00e9ral, The Gateway Hotel Santa Monica<\/em><\/p>\n\n\n\n<p class=\"base-block\"><strong>Armando Campos<\/strong> - Secr\u00e9taire\/Tr\u00e9sorier<br><em>Directeur g\u00e9n\u00e9ral,<\/em> <em>Santa Monica Proper Hotel<\/em><\/p>\n\n\n\n<p class=\"base-block\"><strong>Simon Fricker<\/strong> - Membre<br><em>Directeur g\u00e9n\u00e9ral, Fairmont Miramar Hotel &amp; Bungalows<\/em><\/p>\n\n\n\n<p class=\"base-block\"><strong><strong>Sonia Metz<\/strong><\/strong> - Membre<br><em>Gestion, Sea Shore Motel<\/em><\/p>\n\n\n\n<p class=\"base-block\"><strong><strong>Karina Sedigh<\/strong><\/strong> - Membre<br><em>Directeur g\u00e9n\u00e9ral, The Pierside Hotel<\/em><\/p>\n\n\n\n<p class=\"base-block\"><strong>Shahid Kayani<\/strong> - Membre<br><em>Directeur r\u00e9gional des op\u00e9rations,<\/em> <em>Hilton Santa Monica Hotel &amp; Suites<\/em><\/p>\n\n\n\n<p class=\"base-block\"><strong>Kenneth Clark<\/strong> - Membre<br><em>Directeur g\u00e9n\u00e9ral du complexe,<\/em> <em>Hampton Inn &amp; Suites Santa Monica<\/em><\/p>\n\n\n\n<p class=\"base-block\"><strong>Inessa Udovchenko<\/strong> - Membre<br><em>Directeur g\u00e9n\u00e9ral,<\/em> <em>H\u00f4tel Shore<\/em><\/p>\n\n\n<section class=\"sun-title sm-block --theme6 sm-block\">\n            <h2 class=\"sun-title__headline\">Archive des ordres du jour\/proc\u00e8s-verbaux des r\u00e9unions du comit\u00e9 TMD<\/h2>    \n            <div class=\"sun-title__body  wysiwyg\">\n                    <p>&nbsp;<\/p>\n<p>&nbsp;<\/p>\n                        <\/div>\n    <\/section>\n\n\n\n<div class=\"wp-block-columns is-layout-flex wp-container-core-columns-is-layout-28f84493 wp-block-columns-is-layout-flex base-block\">\n<div class=\"wp-block-column is-layout-flow wp-block-column-is-layout-flow base-block\">\n<p class=\"base-block\">17 mars 2026 - <a href=\"https:\/\/www.santamonica.com\/wp-content\/uploads\/2026\/03\/1.-3.17.26-Special-Tourism-Marketing-District-Agenda.pdf\" target=\"_blank\" rel=\"noreferrer noopener\">Ordre du jour<\/a> <br><br>12 novembre 2025 - <a href=\"https:\/\/www.santamonica.com\/wp-content\/uploads\/2025\/11\/11.12-Special-Tourism-Marketing-District-Agenda-2.pdf\" target=\"_blank\" rel=\"noreferrer noopener\">Ordre du jour<\/a> | <a href=\"https:\/\/www.santamonica.com\/wp-content\/uploads\/2026\/03\/11.12.25-Special-TMD-Meeting-Minutes.pdf\" data-type=\"link\" data-id=\"https:\/\/www.santamonica.com\/wp-content\/uploads\/2026\/03\/11.12.25-Special-TMD-Meeting-Minutes.pdf\">Proc\u00e8s-verbal<\/a><br><br>16 septembre 2025 - <a href=\"https:\/\/www.santamonica.com\/wp-content\/uploads\/2025\/09\/9.16-Special-Tourism-Marketing-District-Agenda-.pdf\">Ordre du jour<\/a> | <a href=\"https:\/\/www.santamonica.com\/wp-content\/uploads\/2025\/11\/2.-9.16-Special-TMD-Meeting-Minutes.pdf\" target=\"_blank\" rel=\"noreferrer noopener\">Proc\u00e8s-verbal<\/a><br><br>4 juin 2025 - <a href=\"https:\/\/www.santamonica.com\/wp-content\/uploads\/2025\/08\/6.4.25-Annual-Joint-BOD-and-TMD-Meeting-Agenda-copy.pdf\" target=\"_blank\" rel=\"noreferrer noopener\">Ordre du jour<\/a> | <a href=\"https:\/\/www.santamonica.com\/wp-content\/uploads\/2026\/01\/2.-Annual-Joint-Board-of-Directors-TMD-Meeting-Minutes_6.4.25-.pdf\" target=\"_blank\" rel=\"noreferrer noopener\">Proc\u00e8s-verbal<\/a><br><br>8 avril 2025 - <a href=\"https:\/\/www.santamonica.com\/wp-content\/uploads\/2025\/08\/4.8.25-Regular-Tourism-Marketing-District-Agenda.pdf\" target=\"_blank\" rel=\"noreferrer noopener\">Ordre du jour<\/a> | <a href=\"https:\/\/www.santamonica.com\/wp-content\/uploads\/2025\/08\/4.8.25-TMD-Meeting-Minutes.pdf\" target=\"_blank\" rel=\"noreferrer noopener\">Proc\u00e8s-verbal<\/a><br><br>6 mars 2025 - <a href=\"https:\/\/www.santamonica.com\/wp-content\/uploads\/2025\/08\/3.6.25-Special-TOURISM-MARKETING-DISTRICT-COMMITTEE-MEETING-AGENDA-copy.pdf\" target=\"_blank\" rel=\"noreferrer noopener\">Ordre du jour<\/a> | <a href=\"https:\/\/www.santamonica.com\/wp-content\/uploads\/2025\/08\/3.6.25-Special-TMD-Meeting-Minutes-.pdf\" target=\"_blank\" rel=\"noreferrer noopener\">Proc\u00e8s-verbal<\/a><br><br>11 f\u00e9vrier 2025 - <a href=\"https:\/\/www.santamonica.com\/wp-content\/uploads\/2025\/02\/1.-REGULAR-TOURISM-MARKETING-DISTRICT-COMMITTEE-MEETING-AGENDA-2-11-251.pdf\" target=\"_blank\" rel=\"noreferrer noopener\">Ordre du jour<\/a> | <a href=\"https:\/\/www.santamonica.com\/wp-content\/uploads\/2025\/08\/2.11.25-TMD-MEETING-MINUTES.pdf\" target=\"_blank\" rel=\"noreferrer noopener\">Proc\u00e8s-verbal<\/a><br><br>12 novembre 2024 - <a href=\"https:\/\/www.santamonica.com\/wp-content\/uploads\/2025\/01\/4.-REGULAR-TOURISM-MARKETING-DISTRICT-COMMITTEE-MEETING-AGENDA-11-12-241-1.pdf\" target=\"_blank\" rel=\"noreferrer noopener\">Ordre du jour<\/a> | <a href=\"https:\/\/www.santamonica.com\/wp-content\/uploads\/2025\/02\/TMD-Meeting-Minutes-11.12.24.pdf\">Proc\u00e8s-verbal<\/a><br><br>2 octobre 2024 - <a href=\"https:\/\/www.santamonica.com\/wp-content\/uploads\/2024\/09\/1.-TMD-Agenda-Oct-2-20241.pdf\">Ordre du jour<\/a> | <a href=\"https:\/\/www.santamonica.com\/wp-content\/uploads\/2025\/01\/5.-Special-TMD-Meeting-Minutes-Oct-2-2024.pdf\" target=\"_blank\" rel=\"noreferrer noopener\">Proc\u00e8s-verbal<\/a><br><br><\/p>\n<\/div>\n\n\n\n<div class=\"wp-block-column is-layout-flow wp-block-column-is-layout-flow base-block\">\n<p class=\"base-block\">29 mai 2024 - <a href=\"https:\/\/www.santamonica.com\/wp-content\/uploads\/2024\/07\/1.-May-29-2024-Joint-Board-of-Directors-and-TMD-Committee-Meeting-Agenda.pdf\" target=\"_blank\" rel=\"noreferrer noopener\">Ordre du jour<\/a> | <a href=\"https:\/\/www.santamonica.com\/wp-content\/uploads\/2024\/07\/2.-APPROVED-Meeting-Minutes-Joint-BOD-TMD-May-29-2024.pdf\" target=\"_blank\" rel=\"noreferrer noopener\">Proc\u00e8s-verbal<\/a><br><br>6 mars 2024 - <a href=\"https:\/\/www.santamonica.com\/wp-content\/uploads\/2024\/03\/1.-March-6-2024-TMD-Committee-Meeting-Agenda.pdf\" target=\"_blank\" rel=\"noreferrer noopener\">Ordre du jour<\/a> | <a href=\"https:\/\/www.santamonica.com\/wp-content\/uploads\/2024\/07\/2.-Mar-6-Special-TMD-Committee-Meeting-Minutes.pdf\" target=\"_blank\" rel=\"noreferrer noopener\">Proc\u00e8s-verbal<\/a><br><br>10 mai 2023 - <a href=\"https:\/\/www.santamonica.com\/wp-content\/uploads\/2023\/05\/1.-May-10-2023-Joint-Board-of-Directors-and-TMD-Committee-Meeting-Agenda1.pdf\" target=\"_blank\" rel=\"noreferrer noopener\">Ordre du jour<\/a> | <a href=\"https:\/\/www.santamonica.com\/wp-content\/uploads\/2024\/03\/2.-May-10-2023-Special-Annual-Joint-Board-of-Directors-TMD-Committee-Meeting-Minutes-.pdf\" target=\"_blank\" rel=\"noreferrer noopener\">Proc\u00e8s-verbal<\/a><br><br>18 avril 2023 - <a href=\"https:\/\/www.santamonica.com\/wp-content\/uploads\/2023\/05\/1.-April-18-2023-TMD-Committee-Meeting-Agenda.pdf\" target=\"_blank\" rel=\"noreferrer noopener\">Ordre du jour<\/a> | <a href=\"https:\/\/www.santamonica.com\/wp-content\/uploads\/2023\/05\/2.-TMD-Meeting-Minutes-April-18-2023.pdf\" target=\"_blank\" rel=\"noreferrer noopener\">Proc\u00e8s-verbal<\/a><br><br>14 f\u00e9vrier 2023 - <a href=\"https:\/\/www.santamonica.com\/wp-content\/uploads\/2023\/02\/1.-February-14-2023-TMD-Committee-Meeting-Agenda.pdf\" target=\"_blank\" rel=\"noreferrer noopener\">Ordre du jour<\/a> | <a href=\"https:\/\/www.santamonica.com\/wp-content\/uploads\/2023\/04\/2.February-14-2023-TMD-Meeting-Minutes.pdf\" target=\"_blank\" rel=\"noreferrer noopener\">Proc\u00e8s-verbal<\/a><br><br>8 novembre 2022 - <a href=\"https:\/\/www.santamonica.com\/wp-content\/uploads\/2022\/11\/1.-November-8-2022-TMD-Commitee-Meeting-Agenda.pdf\">Ordre du jour<\/a> | <a href=\"https:\/\/www.santamonica.com\/wp-content\/uploads\/2023\/02\/2.-November-8-2022-TMD-Meeting-Minutes.pdf\" target=\"_blank\" rel=\"noreferrer noopener\">Proc\u00e8s-verbal<\/a><br><br>13 septembre 2022 - <a href=\"https:\/\/www.santamonica.com\/wp-content\/uploads\/2022\/09\/1.-September-13-2022-TMD-Agenda.pdf\">Ordre du jour<\/a> | <a href=\"https:\/\/www.santamonica.com\/wp-content\/uploads\/2022\/11\/2.-TMD-Minutes-September-13-2022.pdf\" target=\"_blank\" rel=\"noreferrer noopener\">Proc\u00e8s-verbal<\/a><br><br>21 juin 2022 -&nbsp;<a href=\"https:\/\/www.santamonica.com\/wp-content\/uploads\/2022\/08\/June-21-2022-Joint-BODTMD-Agenda.pdf\" target=\"_blank\" rel=\"noreferrer noopener\">Ordre du jour<\/a> | <a href=\"https:\/\/www.santamonica.com\/wp-content\/uploads\/2022\/09\/Approved-June-21-2022-Joint-Board-TMD-Meeting-Minutes.pdf\" target=\"_blank\" rel=\"noreferrer noopener\">Proc\u00e8s-verbal<\/a><br><br>8 f\u00e9vrier 2022 -&nbsp;<a href=\"https:\/\/www.santamonica.com\/wp-content\/uploads\/2022\/08\/February-8-2022-TMD-Agenda.pdf\" target=\"_blank\" rel=\"noreferrer noopener\">Ordre du jour<\/a>&nbsp;| <a href=\"https:\/\/www.santamonica.com\/wp-content\/uploads\/2022\/08\/February-8-2022-TMD-Minutes.pdf\" target=\"_blank\" rel=\"noreferrer noopener\">Proc\u00e8s-verbal<\/a><\/p>\n<\/div>\n<\/div>\n\n\n<section class=\"sun-title sm-block --theme6 sm-block\">\n            <h2 class=\"sun-title__headline\">Archive des ordres du jour et des proc\u00e8s-verbaux des r\u00e9unions du conseil d'administration<\/h2>    \n    <\/section>\n\n\n\n<div class=\"wp-block-columns is-layout-flex wp-container-core-columns-is-layout-28f84493 wp-block-columns-is-layout-flex base-block\">\n<div class=\"wp-block-column is-layout-flow wp-block-column-is-layout-flow base-block\">\n<p class=\"base-block\">18 mars 2026 - <a href=\"https:\/\/www.santamonica.com\/wp-content\/uploads\/2026\/03\/3.18.26-SPECIAL-BOARD-OF-DIRECTORS-MEETING-AGENDA.pdf\" target=\"_blank\" rel=\"noreferrer noopener\">Ordre du jour<\/a><br><br>14 janvier 2026 - <a href=\"https:\/\/www.santamonica.com\/wp-content\/uploads\/2026\/01\/1.14.26-REGULAR-BOARD-OF-DIRECTORS-MEETING-AGENDA.pdf\" target=\"_blank\" rel=\"noreferrer noopener\">Ordre du jour<\/a> | <a href=\"https:\/\/www.santamonica.com\/wp-content\/uploads\/2026\/03\/SMTT-BOD_1.14.26-Meeting-Minutes.pdf\" data-type=\"link\" data-id=\"https:\/\/www.santamonica.com\/wp-content\/uploads\/2026\/03\/SMTT-BOD_1.14.26-Meeting-Minutes.pdf\">Proc\u00e8s-verbal<\/a><br><br>12 novembre 2025 - <a href=\"https:\/\/www.santamonica.com\/wp-content\/uploads\/2025\/11\/11.12-REGULAR-BOARD-OF-DIRECTORS-MEETING-AGENDA-2.pdf\" target=\"_blank\" rel=\"noreferrer noopener\">Ordre du jour<\/a> | <a href=\"https:\/\/www.santamonica.com\/wp-content\/uploads\/2026\/03\/2.-11.12.25-Regular-BOD-Meeting-Minutes.pdf\" target=\"_blank\" rel=\"noreferrer noopener\">Proc\u00e8s-verbal<\/a><br><br>10 septembre 2025 - <a href=\"https:\/\/www.santamonica.com\/wp-content\/uploads\/2025\/10\/REGULAR-BOARD-OF-DIRECTORS-MEETING-AGENDA.pdf\">Ordre du jour<\/a> | <a href=\"https:\/\/www.santamonica.com\/wp-content\/uploads\/2025\/11\/9.10-BOD-Meeting-Minutes-Updated.pdf\" target=\"_blank\" rel=\"noreferrer noopener\">Proc\u00e8s-verbal<\/a><br><br>9 juillet 2025 - <a href=\"https:\/\/www.santamonica.com\/wp-content\/uploads\/2025\/07\/BOARD-OF-DIRECTORS-MEETING-AGENDA-7.9.25.pdf\">Ordre du jour<\/a> | <a href=\"https:\/\/www.santamonica.com\/wp-content\/uploads\/2025\/09\/7.9-BOD-Meeting-Minutes-Edits1.pdf\" target=\"_blank\" rel=\"noreferrer noopener\">Proc\u00e8s-verbal<\/a><br><br>4 juin 2025 - <a href=\"https:\/\/www.santamonica.com\/wp-content\/uploads\/2025\/06\/1.-Annual-Joint-BOD-and-TMD-Meeting-Agenda-6.4.25.pdf\" target=\"_blank\" rel=\"noreferrer noopener\">Ordre du jour<\/a> | <a href=\"https:\/\/www.santamonica.com\/wp-content\/uploads\/2025\/07\/1.-Annual-Joint-BOD-and-TMD-Meeting-Agenda-6.4.25.pdf\">Proc\u00e8s-verbal<\/a><br><br>5 f\u00e9vrier 2025 - <a href=\"https:\/\/www.santamonica.com\/wp-content\/uploads\/2025\/02\/1.-Regular-Board-of-Directors-Meeting-Agenda-2-5-25.pdf\" target=\"_blank\" rel=\"noreferrer noopener\">Ordre du jour<\/a> | <a href=\"https:\/\/www.santamonica.com\/wp-content\/uploads\/2025\/03\/2.-BOD-Meeting-Minutes-2.5.25-.pdf\">Proc\u00e8s-verbal<\/a><br><br>13 novembre 2024 - <a href=\"https:\/\/www.santamonica.com\/wp-content\/uploads\/2025\/01\/3.-REGULAR-BOARD-OF-DIRECTORS-MEETING-AGENDA-11-13-241.pdf\" target=\"_blank\" rel=\"noreferrer noopener\">Ordre du jour<\/a> | <a href=\"https:\/\/www.santamonica.com\/wp-content\/uploads\/2025\/01\/2.-Regular-Board-of-Directors-Meeting-Minutes-11.13.24-1.pdf\" target=\"_blank\" rel=\"noreferrer noopener\">Proc\u00e8s-verbal<\/a><br><br>18 septembre 2024 - <a href=\"https:\/\/www.santamonica.com\/wp-content\/uploads\/2024\/09\/1.-BOD-Agenda-Sept-18-2024.pdf\" target=\"_blank\" rel=\"noreferrer noopener\">Ordre du jour<\/a> | <a href=\"https:\/\/www.santamonica.com\/wp-content\/uploads\/2025\/01\/2.-BOD-Minutes-Sept-18-2024-11.pdf\" target=\"_blank\" rel=\"noreferrer noopener\">Proc\u00e8s-verbal<\/a><br><br>17 juillet 2024 - <a href=\"https:\/\/www.santamonica.com\/wp-content\/uploads\/2024\/07\/7.17-BOD-Meeting-Agenda-approved.pdf\" target=\"_blank\" rel=\"noreferrer noopener\">Ordre du jour<\/a> | <a href=\"https:\/\/www.santamonica.com\/wp-content\/uploads\/2024\/09\/2.-BOD-Minutes-July-17-2024.pdf\" target=\"_blank\" rel=\"noreferrer noopener\">Proc\u00e8s-verbal<\/a><br><br>29 mai 2024 - <a href=\"https:\/\/www.santamonica.com\/wp-content\/uploads\/2024\/07\/1.-May-29-2024-Joint-Board-of-Directors-and-TMD-Committee-Meeting-Agenda.pdf\" target=\"_blank\" rel=\"noreferrer noopener\">Ordre du jour<\/a> | <a href=\"https:\/\/www.santamonica.com\/wp-content\/uploads\/2024\/07\/2.-APPROVED-Meeting-Minutes-Joint-BOD-TMD-May-29-2024.pdf\" target=\"_blank\" rel=\"noreferrer noopener\">Proc\u00e8s-verbal<\/a><br><br>20 mars 2024 - <a href=\"https:\/\/www.santamonica.com\/wp-content\/uploads\/2024\/03\/1.-March-20-2024-Board-of-Directors-Meeting-Agenda.pdf\" target=\"_blank\" rel=\"noreferrer noopener\">Ordre du jour<\/a> | <a href=\"https:\/\/www.santamonica.com\/wp-content\/uploads\/2024\/07\/4.-BOD-Minutes-March-20-2024.pdf\" target=\"_blank\" rel=\"noreferrer noopener\">Proc\u00e8s-verbal<\/a><br><br>10 janvier 2024 - <a href=\"https:\/\/www.santamonica.com\/wp-content\/uploads\/2024\/03\/1.-January-10-2024-Board-of-Directors-Meeting-Agenda.pdf\" target=\"_blank\" rel=\"noreferrer noopener\">Ordre du jour<\/a> | <a href=\"https:\/\/www.santamonica.com\/wp-content\/uploads\/2024\/03\/4.-Jan-10-2024-Board-of-Directors-Meeting-Minutes.pdf\" target=\"_blank\" rel=\"noreferrer noopener\">Proc\u00e8s-verbal<\/a><br><\/p>\n<\/div>\n\n\n\n<div class=\"wp-block-column is-layout-flow wp-block-column-is-layout-flow base-block\">\n<p class=\"base-block\">8 novembre 2023 - <a href=\"https:\/\/www.santamonica.com\/wp-content\/uploads\/2024\/03\/1.-November-8-2023-Board-of-Directors-Meeting-Agenda.pdf\" target=\"_blank\" rel=\"noreferrer noopener\">Ordre du jour<\/a> | <a href=\"https:\/\/www.santamonica.com\/wp-content\/uploads\/2024\/03\/2.-Nov-8-2023-Board-of-Directors-Meeting-Minutes.pdf\" target=\"_blank\" rel=\"noreferrer noopener\">Proc\u00e8s-verbal<\/a><br><br>13 septembre 2023 - <a href=\"https:\/\/www.santamonica.com\/wp-content\/uploads\/2024\/03\/1.-September-13-2023-Board-of-Directors-Meeting-Agenda.pdf\" target=\"_blank\" rel=\"noreferrer noopener\">Ordre du jour<\/a> | <a href=\"https:\/\/www.santamonica.com\/wp-content\/uploads\/2024\/03\/2.-Sept-13-2023-Minutes.pdf\" target=\"_blank\" rel=\"noreferrer noopener\">Proc\u00e8s-verbal<\/a><br><br>12 juillet 2023 - <a href=\"https:\/\/www.santamonica.com\/wp-content\/uploads\/2023\/07\/1.-July-12-2023-Board-of-Directors-Meeting-Agenda.pdf\" target=\"_blank\" rel=\"noreferrer noopener\">Ordre du jour<\/a> | <a href=\"https:\/\/www.santamonica.com\/wp-content\/uploads\/2024\/03\/2.-July-12-2023-Board-of-Directors-Meeting-Minutes.pdf\" target=\"_blank\" rel=\"noreferrer noopener\">Proc\u00e8s-verbal<\/a><br><br>10 mai 2023 - <a href=\"https:\/\/www.santamonica.com\/wp-content\/uploads\/2023\/05\/1.-May-10-2023-Joint-Board-of-Directors-and-TMD-Committee-Meeting-Agenda1.pdf\" target=\"_blank\" rel=\"noreferrer noopener\">Ordre du jour<\/a> | <a href=\"https:\/\/www.santamonica.com\/wp-content\/uploads\/2023\/07\/2.-May-10-2023-Special-Annual-Joint-Board-of-Directors-TMD-Committee-Meeting-Minutes-.pdf\" target=\"_blank\" rel=\"noreferrer noopener\">Proc\u00e8s-verbal<\/a><br><br>8 mars 2023 - <a href=\"https:\/\/www.santamonica.com\/wp-content\/uploads\/2023\/03\/1.-March-8-2023-Board-of-Directors-Agenda1.pdf\" target=\"_blank\" rel=\"noreferrer noopener\">Ordre du jour<\/a> | <a href=\"https:\/\/www.santamonica.com\/wp-content\/uploads\/2023\/05\/4.-Board-of-Directors-Meeting-Minutes-March-8-2023-.pdf\" target=\"_blank\" rel=\"noreferrer noopener\">Proc\u00e8s-verbal<\/a><br><br>11 janvier 2023 - <a href=\"https:\/\/www.santamonica.com\/wp-content\/uploads\/2023\/01\/1.-January-11-2023-Board-of-Directors-Agenda.pdf\" target=\"_blank\" rel=\"noreferrer noopener\">Ordre du jour<\/a> | <a href=\"https:\/\/www.santamonica.com\/wp-content\/uploads\/2023\/03\/2.January-11-2023-Board-of-Directors-Meeting-Minutes.pdf\" target=\"_blank\" rel=\"noreferrer noopener\">Proc\u00e8s-verbal<\/a><br><br>9 novembre 2022 - <a href=\"https:\/\/www.santamonica.com\/wp-content\/uploads\/2022\/11\/1.-November-9-2022-Board-of-Directors-Agenda.pdf\" target=\"_blank\" rel=\"noreferrer noopener\">Ordre du jour<\/a> | <a href=\"https:\/\/www.santamonica.com\/wp-content\/uploads\/2023\/01\/2.-November-9-2022-Board-of-Directors-Meeting-Minutes.pdf\" target=\"_blank\" rel=\"noreferrer noopener\">Proc\u00e8s-verbal<\/a><br><br>14 septembre 2022 - <a href=\"https:\/\/www.santamonica.com\/wp-content\/uploads\/2022\/09\/1.-September-14-2022-Board-of-Directors-Agenda.pdf\">Ordre du jour<\/a> | <a href=\"https:\/\/www.santamonica.com\/wp-content\/uploads\/2022\/11\/2.-September-14-2022-Board-of-Directors-Meeting-Minutes.pdf\" target=\"_blank\" rel=\"noreferrer noopener\">Proc\u00e8s-verbal<\/a><br><br>21 juin 2022 -&nbsp;<a href=\"https:\/\/www.santamonica.com\/wp-content\/uploads\/2022\/08\/June-21-2022-Joint-BODTMD-Agenda.pdf\" target=\"_blank\" rel=\"noreferrer noopener\">Ordre du jour<\/a> | <a href=\"https:\/\/www.santamonica.com\/wp-content\/uploads\/2022\/09\/Approved-June-21-2022-Joint-Board-TMD-Meeting-Minutes.pdf\" target=\"_blank\" rel=\"noreferrer noopener\">Proc\u00e8s-verbal<\/a><br><br>9 mars 2022 - <a href=\"https:\/\/www.santamonica.com\/wp-content\/uploads\/2022\/08\/March-9-2022-Board-Agenda.pdf\" target=\"_blank\" rel=\"noreferrer noopener\">Ordre du jour<\/a> | <a href=\"https:\/\/www.santamonica.com\/wp-content\/uploads\/2022\/08\/March-9-2022-Board-Minutes.pdf\" target=\"_blank\" rel=\"noreferrer noopener\">Proc\u00e8s-verbal<\/a><br><br>12 janvier 2022 -&nbsp;<a href=\"https:\/\/www.santamonica.com\/wp-content\/uploads\/2022\/08\/January-12-2022-Board-Agenda.pdf\" target=\"_blank\" rel=\"noreferrer noopener\">Ordre du jour<\/a> | <a href=\"https:\/\/www.santamonica.com\/wp-content\/uploads\/2022\/08\/January-12-2022-Board-Minutes.pdf\" target=\"_blank\" rel=\"noreferrer noopener\">Proc\u00e8s-verbal<\/a><\/p>\n<\/div>\n<\/div>\n\n\n\n<p class=\"base-block\">Pour demander des ordres du jour et\/ou des proc\u00e8s-verbaux ant\u00e9rieurs, veuillez contacter Haylee Miller, assistante ex\u00e9cutive du SMTT, en envoyant un courrier \u00e9lectronique \u00e0 l'adresse suivante <a href=\"mailto:hmiller@santamonica.com\">hmiller@santamonica.com<\/a>.<\/p>\n\n\n\n<p class=\"base-block\"><\/p>","protected":false},"excerpt":{"rendered":"<p>Younes Atallah \u2013 ChairGeneral Manager, Regent Santa Monica Beach Hotel Charlie Lopez-Quintana \u2013 Vice ChairVP &#038; Managing Director, ETC Hotels Karen Ginsberg \u2013 TreasurerResident Lauralee Asch \u2013\u00a0SecretaryResident Neil Carrey \u2013 MemberResident Darlene Evans \u2013 MemberResident Tim Defuria \u2013 MemberResident Simon Fricker \u2013 MemberGeneral Manager, Fairmont Miramar Hotel &#038; Bungalows Jeff Klocke \u2013 MemberVice President &#038; General Manager, Pacific Park Jan Williamson \u2013 MemberExecutive Director, 18th Street Arts Center Judy Kruger \u2013 Chamber LiaisonPresident &#038; CEO, Santa Monica Chamber of Commerce Younes Atallah \u2013 ChairGeneral Manager, Regent Santa Monica Beach Aileen Carreon \u2013 Vice ChairVP of Sales and Marketing, ETC Hotels [\u2026]<\/p>\n","protected":false},"author":1450,"featured_media":343000,"parent":0,"menu_order":0,"comment_status":"closed","ping_status":"closed","template":"template-editorial.php","meta":{"_acf_changed":false,"inline_featured_image":false,"footnotes":""},"silos":[3909],"class_list":["post-340025","page","type-page","status-publish","has-post-thumbnail","hentry"],"acf":[],"_links":{"self":[{"href":"https:\/\/www.santamonica.com\/fr\/wp-json\/wp\/v2\/pages\/340025","targetHints":{"allow":["GET"]}}],"collection":[{"href":"https:\/\/www.santamonica.com\/fr\/wp-json\/wp\/v2\/pages"}],"about":[{"href":"https:\/\/www.santamonica.com\/fr\/wp-json\/wp\/v2\/types\/page"}],"author":[{"embeddable":true,"href":"https:\/\/www.santamonica.com\/fr\/wp-json\/wp\/v2\/users\/1450"}],"replies":[{"embeddable":true,"href":"https:\/\/www.santamonica.com\/fr\/wp-json\/wp\/v2\/comments?post=340025"}],"version-history":[{"count":243,"href":"https:\/\/www.santamonica.com\/fr\/wp-json\/wp\/v2\/pages\/340025\/revisions"}],"predecessor-version":[{"id":791515,"href":"https:\/\/www.santamonica.com\/fr\/wp-json\/wp\/v2\/pages\/340025\/revisions\/791515"}],"wp:featuredmedia":[{"embeddable":true,"href":"https:\/\/www.santamonica.com\/fr\/wp-json\/wp\/v2\/media\/343000"}],"wp:attachment":[{"href":"https:\/\/www.santamonica.com\/fr\/wp-json\/wp\/v2\/media?parent=340025"}],"wp:term":[{"taxonomy":"silos","embeddable":true,"href":"https:\/\/www.santamonica.com\/fr\/wp-json\/wp\/v2\/silos?post=340025"}],"curies":[{"name":"wp","href":"https:\/\/api.w.org\/{rel}","templated":true}]}}