{"id":339968,"date":"2022-06-23T12:21:24","date_gmt":"2022-06-23T19:21:24","guid":{"rendered":"https:\/\/www.santamonica.com\/?page_id=339968"},"modified":"2025-08-21T16:23:54","modified_gmt":"2025-08-21T23:23:54","slug":"promouvoir-votre-entreprise","status":"publish","type":"page","link":"https:\/\/www.santamonica.com\/fr\/partners\/promote-your-business\/","title":{"rendered":"Promouvoir votre entreprise"},"content":{"rendered":"<section class=\"image-section-break sm-block\">\n    <div class=\"image-section-break__image-wrapper\">\n                    <picture>\n                    <source\n                        media=\"(min-width: 768px)\"\n                        srcset=\"https:\/\/www.santamonica.com\/wp-content\/uploads\/2025\/06\/MainStreetVIC-hor.jpg\"\n                    >\n                    <img decoding=\"async\" src=\"https:\/\/www.santamonica.com\/wp-content\/uploads\/2025\/06\/MainStreetVIC-650x866-1.jpg\" class=\"image-section-break__image\" alt=\"\" title=\"\">\n            <\/picture>\n                \n\n    <\/div>\n    <div class=\"image-section-break__text-content\">\n        <div class=\"image-section-break__first-content --theme3\">\n                                        <h2 class=\"image-section-break__title\">Marketing<\/h2>\n                                        <div class=\"image-section-break__body-copy wysiwyg\"><p><span style=\"font-weight: 400;\">Il y a plusieurs fa\u00e7ons de faire du marketing avec Santa Monica Travel &amp; Tourism :<\/span><\/p>\n<p><span style=\"font-weight: 400;\"><strong>Site officiel<\/strong><\/span><\/p>\n<p><span style=\"font-weight: 400;\"><a href=\"https:\/\/www.santamonica.com\/fr\/\">SantaMonica.com<\/a> fournit des informations sur l'h\u00e9bergement, la restauration, le shopping, les activit\u00e9s \u00e0 faire et bien plus encore. Avec plus de 100 000 visites mensuelles sur le site web, il s'agit d'une source principale pour les visiteurs en ligne lorsqu'ils planifient leur escapade \u00e0 Los Angeles et \u00e0 la plage. Profitez de ces opportunit\u00e9s gratuites et fortement promues pour pr\u00e9senter votre entreprise sur notre site web.<\/span><\/p>\n<\/div>\n                                <\/div>\n        <div class=\"image-section-break__second-content\">\n                            <div class=\"image-section-break__body-copy wysiwyg\"><p><span style=\"font-weight: 400;\"><strong>*Pages d'inscription des entreprises<\/strong><\/span><\/p>\n<p><span style=\"font-weight: 400;\">Cr\u00e9ez une page d'inscription d\u00e9di\u00e9e sur santamonica.com gr\u00e2ce \u00e0 notre site web <a href=\"https:\/\/www.santamonica.com\/fr\/partenaires\/portail-des-partenaires\/\">Portail des partenaires<\/a>. Ce service est accessible aux entreprises de tourisme disposant d'une licence commerciale de la ville de Santa Monica. Les entreprises peuvent partager des informations op\u00e9rationnelles, des vid\u00e9os et des photos. Pour plus d'informations, veuillez envoyer un courriel \u00e0 <a href=\"mailto:partnerportal@santamonica.com\">partnerportal@santamonica.com<\/a> ou appeler le 310-319-6263.<\/span><\/p>\n<p><span style=\"font-weight: 400;\"><strong>Publicit\u00e9<\/strong><\/span><\/p>\n<p><span style=\"font-weight: 400;\">Pour en savoir plus sur les possibilit\u00e9s de publicit\u00e9 dans l'Official Santa Monica Visitor Guide and Map, sur santamonica.com, sur les m\u00e9dias sociaux et sur d'autres possibilit\u00e9s de communication directe avec les visiteurs, veuillez contacter <a href=\"mailto:marketing@santamonica.com\">marketing@santamonica.com<\/a>.<\/span><\/p>\n<\/div>\n                                <\/div>\n    <\/div>\n<\/section>\n\n\n\n<div class=\"wp-block-columns is-layout-flex wp-container-core-columns-is-layout-28f84493 wp-block-columns-is-layout-flex base-block\">\n<div class=\"wp-block-column is-layout-flow wp-block-column-is-layout-flow base-block\">\n<p class=\"base-block\"><strong>*Offres de partage<\/strong><\/p>\n\n\n\n<p class=\"base-block\">Nous recueillons constamment des offres sp\u00e9ciales et des offres pour les visiteurs afin d'aider \u00e0 faire conna\u00eetre les offres commerciales actuelles. Veuillez remplir ce formulaire <a href=\"https:\/\/www.santamonica.com\/fr\/formulaire-de-soumission-des-offres-speciales-des-entreprises\/\">formulaire en ligne<\/a> afin que nous puissions vous aider \u00e0 promouvoir vos offres sp\u00e9ciales sur nos pages d'atterrissage d\u00e9di\u00e9es et nos canaux de m\u00e9dias sociaux. Si vous avez des modifications \u00e0 apporter \u00e0 votre offre apr\u00e8s l'avoir soumise, veuillez envoyer un courriel \u00e0 l'adresse suivante <a href=\"mailto:marketing@santamonica.com\">marketing@santamonica.com<\/a>.<\/p>\n<\/div>\n\n\n\n<div class=\"wp-block-column is-layout-flow wp-block-column-is-layout-flow base-block\">\n<p class=\"base-block\"><strong>*Promouvoir les \u00e9v\u00e9nements<\/strong><\/p>\n\n\n\n<p class=\"base-block\">Le calendrier des \u00e9v\u00e9nements est l'une des pages les plus visit\u00e9es de SantaMonica.com. Les entreprises sont invit\u00e9es \u00e0 soumettre des \u00e9v\u00e9nements \u00e0 inclure dans le calendrier. Remarque : certaines exclusions peuvent s'appliquer. Voir les exigences relatives aux \u00e9v\u00e9nements au bas du formulaire de soumission. <a href=\"https:\/\/www.santamonica.com\/fr\/events-listing\/communaute\/ajouter\/\">Soumettre un \u00e9v\u00e9nement.<\/a><\/p>\n<\/div>\n\n\n\n<div class=\"wp-block-column is-layout-flow wp-block-column-is-layout-flow base-block\">\n<p class=\"base-block\"><strong>*Trip Planner<\/strong><\/p>\n\n\n\n<p class=\"base-block\">Les visiteurs en ligne peuvent s'engager dans un planificateur interactif qui les aidera \u00e0 planifier un voyage \u00e0 Santa Monica en leur recommandant des restaurants, des boutiques et des choses \u00e0 faire en fonction de leurs centres d'int\u00e9r\u00eat. Pour figurer dans cet outil, veuillez mettre \u00e0 jour votre liste sur le site web du SMTT et actualiser votre page avec les informations, les promotions, les photos et les vid\u00e9os les plus r\u00e9centes.<\/p>\n<\/div>\n<\/div>\n\n\n\n<div class=\"wp-block-columns is-layout-flex wp-container-core-columns-is-layout-28f84493 wp-block-columns-is-layout-flex base-block\">\n<div class=\"wp-block-column is-layout-flow wp-block-column-is-layout-flow base-block\">\n<p class=\"base-block\">*<strong>Visites virtuelles \u00e0 360<\/strong><\/p>\n\n\n\n<p class=\"base-block\">Le SMTT s'est associ\u00e9 \u00e0 Threshold 360 pour r\u00e9aliser gratuitement une visite virtuelle de votre entreprise touristique. Les images sont affich\u00e9es sur la page d'accueil de votre entreprise sur notre site web, sur votre page d'inscription Google et dans les pr\u00e9sentations du SMTT. <a href=\"https:\/\/www.threshold360.com\/schedule\" target=\"_blank\" rel=\"noreferrer noopener\">Programmez d\u00e8s maintenant.<\/a> Pour toute question, veuillez envoyer un courriel \u00e0 <a href=\"mailto:marketing@santamonica.com\">marketing@santamonica.com<\/a>.<\/p>\n<\/div>\n\n\n\n<div class=\"wp-block-column is-layout-flow wp-block-column-is-layout-flow base-block\">\n<p class=\"base-block\"><strong>*M\u00e9dias sociaux<\/strong><\/p>\n\n\n\n<p class=\"base-block\">SMTT est heureux d'utiliser ses plateformes de m\u00e9dias sociaux pour mettre en \u00e9vidence les \u00e9v\u00e9nements et\/ou la couverture m\u00e9diatique dont b\u00e9n\u00e9ficie votre entreprise. Postez, marquez ou envoyez un courriel <a href=\"mailto:media@santamonica.com\">media@santamonica.com<\/a> vos \u00e9v\u00e9nements et votre couverture pour des opportunit\u00e9s promotionnelles via notre pr\u00e9sence sur le site de destination <a href=\"https:\/\/www.instagram.com\/seesantamonica\/\" target=\"_blank\" rel=\"noreferrer noopener\">Instagram<\/a>, <a href=\"https:\/\/www.facebook.com\/visitsantamonica\" target=\"_blank\" rel=\"noreferrer noopener\">Facebook<\/a>, <a href=\"https:\/\/twitter.com\/GoSantaMonica\" target=\"_blank\" rel=\"noopener\">X<\/a> (anciennement connu sous le nom de Twitter) et <a href=\"https:\/\/www.youtube.com\/user\/TravelSantaMonica\" target=\"_blank\" rel=\"noreferrer noopener\">YouTube<\/a>.<\/p>\n<\/div>\n\n\n\n<div class=\"wp-block-column is-layout-flow wp-block-column-is-layout-flow base-block\">\n<p class=\"base-block\"><strong>*Contenu g\u00e9n\u00e9r\u00e9 par les utilisateurs<\/strong><\/p>\n\n\n\n<p class=\"base-block\">SMTT invite ses partenaires locaux \u00e0 soumettre des photos de leur entreprise en vue d'une \u00e9ventuelle publication sur les comptes de m\u00e9dias sociaux de SMTT et\/ou sur SantaMonica.com. Les photos doivent : \u00eatre en haute r\u00e9solution ; \u00eatre dans le format original (c'est-\u00e0-dire sans filtre) ; avoir l'air candide et authentique - comme si elles pouvaient \u00eatre d'autres contenus g\u00e9n\u00e9r\u00e9s par l'utilisateur (UGC). <a href=\"https:\/\/upload.crowdriff.com\/santa-monica-ugc\" target=\"_blank\" rel=\"noreferrer noopener\">Soumettez vos photos ici.<\/a><\/p>\n<\/div>\n<\/div>\n\n\n\n<section class=\"image-section-break sm-block\">\n    <div class=\"image-section-break__image-wrapper\">\n                    <picture>\n                    <source\n                        media=\"(min-width: 768px)\"\n                        srcset=\"https:\/\/www.santamonica.com\/wp-content\/uploads\/2022\/07\/Santa-Monica-Viceroy-Sugar-Palm_1656x574.png\"\n                    >\n                    <img decoding=\"async\" src=\"https:\/\/www.santamonica.com\/wp-content\/uploads\/2022\/07\/Santa-Monica-Viceroy-Sugar-Palm_650x866.png\" class=\"image-section-break__image\" alt=\"D\u00eener de groupe \u00e0 l&#039;ext\u00e9rieur par une journ\u00e9e ensoleill\u00e9e au Sugar Palm de l&#039;h\u00f4tel Viceroy de Santa Monica.\" title=\"\">\n            <\/picture>\n                \n\n            <div class=\"img-lctn-tag --no-link image-section-break__image-caption --right\">Palmier \u00e0 sucre<\/div>\n        <\/div>\n    <div class=\"image-section-break__text-content\">\n        <div class=\"image-section-break__first-content --theme3\">\n                                        <h2 class=\"image-section-break__title\">Relations publiques<\/h2>\n                                        <div class=\"image-section-break__body-copy wysiwyg\"><p><span style=\"font-weight: 400;\"><strong>Visites de familiarisation (FAM) et visites des m\u00e9dias<\/strong><\/span><\/p>\n<p><span style=\"font-weight: 400;\">Augmentez vos mentions dans les m\u00e9dias en accueillant des m\u00e9dias qualifi\u00e9s pour leur faire conna\u00eetre votre entreprise. Le SMTT propose \u00e9galement des moyens de participer \u00e0 des visites FAM \u201cvirtuelles\u201d de votre propri\u00e9t\u00e9 ou de votre entreprise.<\/span><\/p>\n<p><span style=\"font-weight: 400;\"><strong>*Couverture m\u00e9diatique<\/strong><\/span><\/p>\n<p><span style=\"font-weight: 400;\">L'\u00e9quipe des relations publiques du SMTT s'efforce d'assurer l'acc\u00e8s \u00e0 l'information. <a href=\"https:\/\/www.santamonica.com\/fr\/medias\/article-de-presse\/\">couverture m\u00e9diatique<\/a> dans la destination par le biais de diverses strat\u00e9gies.\u00a0<\/span><\/p>\n<\/div>\n                                <\/div>\n        <div class=\"image-section-break__second-content\">\n                            <div class=\"image-section-break__body-copy wysiwyg\"><p><span style=\"font-weight: 400;\"><strong>*Communiqu\u00e9s de presse et pr\u00e9sentations<\/strong><\/span><\/p>\n<p><span style=\"font-weight: 400;\">Soumettez des informations, des photos et des communiqu\u00e9s de presse actuels ou des nouvelles sur votre entreprise afin qu'ils soient inclus dans les nouvelles pr\u00e9sentations et les histoires en \u00e9volution que SMTT utilise pour susciter l'int\u00e9r\u00eat des m\u00e9dias pour Santa Monica en tant que destination de voyage de premier plan.\u00a0<\/span><\/p>\n<p><span style=\"font-weight: 400;\">Pour plus d'informations ou pour conna\u00eetre les possibilit\u00e9s en mati\u00e8re de relations publiques, veuillez envoyer un courrier \u00e9lectronique \u00e0 l'adresse suivante <\/span><a href=\"mailto:media@santamonica.com\"><strong>media@santamonica.com<\/strong><\/a><span style=\"font-weight: 400;\">.<\/span><\/p>\n<\/div>\n                                <\/div>\n    <\/div>\n<\/section>\n\n\n\n<section class=\"image-section-break sm-block\">\n    <div class=\"image-section-break__image-wrapper\">\n                    <picture>\n                    <source\n                        media=\"(min-width: 768px)\"\n                        srcset=\"https:\/\/www.santamonica.com\/wp-content\/uploads\/2022\/07\/Santa-Monica-IPW-Booth-2022-1656x574-1.png\"\n                    >\n                    <img decoding=\"async\" src=\"https:\/\/www.santamonica.com\/wp-content\/uploads\/2022\/07\/Santa-Monica-IPW-Booth-2022-650x866-1.png\" class=\"image-section-break__image\" alt=\"Le stand de Santa Monica \u00e0 l&#039;IPW en 2022.\" title=\"\">\n            <\/picture>\n                \n\n    <\/div>\n    <div class=\"image-section-break__text-content\">\n        <div class=\"image-section-break__first-content --theme3\">\n                                        <h2 class=\"image-section-break__title\">Vente<\/h2>\n                                        <div class=\"image-section-break__body-copy wysiwyg\"><p><span style=\"font-weight: 400;\">L'\u00e9quipe de vente propose diff\u00e9rents moyens de promouvoir votre entreprise aupr\u00e8s d'un public plus large :<\/span><\/p>\n<p><span style=\"font-weight: 400;\"><strong>*Opportunit\u00e9s d'affaires et pistes industrielles<\/strong><\/span><\/p>\n<p><span style=\"font-weight: 400;\">Recevoir des pistes qualifi\u00e9es pour les nuit\u00e9es de groupe, les espaces \u00e9v\u00e9nementiels, les repas de groupe et les activit\u00e9s hors site. recevoir un acc\u00e8s direct aux r\u00e9unions, conf\u00e9rences et activit\u00e9s de groupe. Pour toute question ou information compl\u00e9mentaire, envoyez un courriel \u00e0 l'adresse suivante <a href=\"mailto:meet@santamonica.com\">meet@santamonica.com<\/a>.<\/span><\/p>\n<p><span style=\"font-weight: 400;\"><strong>Missions de vente et salons<\/strong><\/span><\/p>\n<p><span style=\"font-weight: 400;\">Nous travaillons avec les tour-op\u00e9rateurs, les agents de voyage et les professionnels des r\u00e9unions et des incitations au niveau national et international pour vendre Santa Monica comme une destination d'affaires et de loisirs de premier plan. SMTT offre aux entreprises locales la possibilit\u00e9 de participer \u00e0 des missions et \u00e0 des salons. <a href=\"https:\/\/www.santamonica.com\/fr\/partenaires\/formulaire-dopportunites-de-partenariat\/\">Voir les opportunit\u00e9s \u00e0 venir.<\/a><\/span><\/p>\n<\/div>\n                                <\/div>\n        <div class=\"image-section-break__second-content\">\n                            <div class=\"image-section-break__body-copy wysiwyg\"><p><span style=\"font-weight: 400;\"><strong>Visites de familiarisation (FAM)<\/strong><\/span><\/p>\n<p><span class=\"s1\">SMTT est fi\u00e8re de s'associer \u00e0 des entreprises de Santa Monica sp\u00e9cialis\u00e9es dans le tourisme par le biais de visites de familiarisation (FAM). Un FAM est con\u00e7u pour que les participants, qu'il s'agisse d'agents de voyage, de journalistes ou d'influenceurs, d\u00e9couvrent de premi\u00e8re main ce que Santa Monica a \u00e0 offrir, ce qui leur permet de mieux promouvoir et vendre la ville \u00e0 leurs clients, aux lecteurs de leurs publications, aux adeptes des m\u00e9dias sociaux et \u00e0 bien d'autres. SMTT organise la visite FAM du d\u00e9but \u00e0 la fin et travaille avec les entreprises locales pour offrir des exp\u00e9riences gratuites ou \u00e0 prix r\u00e9duit aux participants tout au long de leur s\u00e9jour dans la ville. Les visites FAM offrent aux entreprises participantes l'occasion non seulement de se faire conna\u00eetre et d'\u00e9tablir des relations, mais aussi de pr\u00e9senter des produits, des exp\u00e9riences et bien d'autres choses encore.\u00a0<\/span><span style=\"font-weight: 400;\">Pour toute question ou information compl\u00e9mentaire, envoyez un courriel \u00e0 l'adresse suivante <a title=\"mailto:clientservices@santamonica.com\" contenteditable=\"false\" href=\"mailto:clientservices@santamonica.com\">clientservices@santamonica.com<\/a>.<\/span><\/p>\n<\/div>\n                                <\/div>\n    <\/div>\n<\/section>\n\n\n\n<section class=\"image-section-break sm-block\">\n    <div class=\"image-section-break__image-wrapper\">\n                    <picture>\n                    <source\n                        media=\"(min-width: 768px)\"\n                        srcset=\"https:\/\/www.santamonica.com\/wp-content\/uploads\/2022\/07\/Santa-Monica-Pier-Aerial-1656x574-1.png\"\n                    >\n                    <img decoding=\"async\" src=\"https:\/\/www.santamonica.com\/wp-content\/uploads\/2022\/07\/Santa-Monica-Pier-Aerial-650x866-1.png\" class=\"image-section-break__image\" alt=\"Vue a\u00e9rienne de la jet\u00e9e de Santa Monica et du parc du Pacifique.\" title=\"\">\n            <\/picture>\n                \n\n            <div class=\"img-lctn-tag --no-link image-section-break__image-caption --right\">Jet\u00e9e de Santa Monica<\/div>\n        <\/div>\n    <div class=\"image-section-break__text-content\">\n        <div class=\"image-section-break__first-content --theme3\">\n                                        <h2 class=\"image-section-break__title\">Services<\/h2>\n                                        <div class=\"image-section-break__body-copy wysiwyg\"><p><span style=\"font-weight: 400;\">*<strong>Je suis Santa Monica<\/strong><\/span><\/p>\n<p><span style=\"font-weight: 400;\">Un atelier pour ceux qui souhaitent en savoir plus sur la ville dans laquelle ils travaillent et vivent. <a href=\"https:\/\/www.santamonica.com\/fr\/je-suis-santa-monica\/\">En savoir plus<\/a> pour devenir ambassadeur de l'information officielle.<\/span><\/p>\n<p><span style=\"font-weight: 400;\">*<strong>Ateliers et \u00e9v\u00e9nements \u00e9ducatifs<\/strong><\/span><\/p>\n<p><span style=\"font-weight: 400;\">Des sessions de tables rondes pour former les entreprises locales sur la fa\u00e7on de maximiser leurs activit\u00e9s touristiques et commerciales de groupe. En outre, le SMTT organise tout au long de l'ann\u00e9e une s\u00e9rie d'\u00e9v\u00e9nements qui vous permettent de nouer des contacts avec des professionnels de l'industrie locale. Pour toute question ou information compl\u00e9mentaire, envoyez un courriel \u00e0 l'adresse suivante <a href=\"mailto:clientservices@santamonica.com\">clientservices@santamonica.com<\/a>.<\/span><\/p>\n<\/div>\n                                <\/div>\n        <div class=\"image-section-break__second-content\">\n                            <div class=\"image-section-break__body-copy wysiwyg\"><p><span style=\"font-weight: 400;\">*<strong>Prix Thelma Parks de l'esprit touristique<\/strong><\/span><\/p>\n<p><span style=\"font-weight: 400;\">Nominez un employ\u00e9 pour le concours de Santa Monica <a href=\"https:\/\/www.santamonica.com\/fr\/prix-de-lesprit\/\">Prix Thelma Parks de l'esprit touristique<\/a> pour une reconnaissance \u00e0 l'occasion de notre <a href=\"https:\/\/www.santamonica.com\/fr\/sommet-du-voyage-et-du-tourisme\/\">Sommet du tourisme<\/a>.<\/span><\/p>\n<p><span style=\"font-weight: 400;\">*<strong>Guides et cartes officiels de Santa Monica<\/strong><\/span><\/p>\n<p><span style=\"font-weight: 400;\">Pour offrir gratuitement nos guides et cartes touristiques \u00e0 vos clients, envoyez un courriel \u00e0 l'adresse suivante <a href=\"mailto:marketing@santamonica.com\">marketing@santamonica.com<\/a> ou appelez le 310-319-6263. Des pr\u00e9sentoirs de marque sont \u00e9galement disponibles pour afficher gratuitement les cartes. <a href=\"https:\/\/www.santamonica.com\/fr\/demander-le-guide-touristique-de-santa-monica\/\">T\u00e9l\u00e9charger ou visualiser<\/a> le guide du visiteur et la carte.<\/span><\/p>\n<\/div>\n                                <\/div>\n    <\/div>\n<\/section>","protected":false},"excerpt":{"rendered":"<p>*Share Offers We are constantly collecting specials and deals for visitors to help spread the word about current business offerings. Please fill out this online form so we can help [&hellip;]<\/p>\n","protected":false},"author":1421,"featured_media":336928,"parent":0,"menu_order":0,"comment_status":"closed","ping_status":"closed","template":"template-editorial.php","meta":{"_acf_changed":false,"inline_featured_image":false,"footnotes":""},"silos":[3910],"class_list":["post-339968","page","type-page","status-publish","has-post-thumbnail","hentry"],"acf":[],"_links":{"self":[{"href":"https:\/\/www.santamonica.com\/fr\/wp-json\/wp\/v2\/pages\/339968","targetHints":{"allow":["GET"]}}],"collection":[{"href":"https:\/\/www.santamonica.com\/fr\/wp-json\/wp\/v2\/pages"}],"about":[{"href":"https:\/\/www.santamonica.com\/fr\/wp-json\/wp\/v2\/types\/page"}],"author":[{"embeddable":true,"href":"https:\/\/www.santamonica.com\/fr\/wp-json\/wp\/v2\/users\/1421"}],"replies":[{"embeddable":true,"href":"https:\/\/www.santamonica.com\/fr\/wp-json\/wp\/v2\/comments?post=339968"}],"version-history":[{"count":127,"href":"https:\/\/www.santamonica.com\/fr\/wp-json\/wp\/v2\/pages\/339968\/revisions"}],"predecessor-version":[{"id":771374,"href":"https:\/\/www.santamonica.com\/fr\/wp-json\/wp\/v2\/pages\/339968\/revisions\/771374"}],"wp:featuredmedia":[{"embeddable":true,"href":"https:\/\/www.santamonica.com\/fr\/wp-json\/wp\/v2\/media\/336928"}],"wp:attachment":[{"href":"https:\/\/www.santamonica.com\/fr\/wp-json\/wp\/v2\/media?parent=339968"}],"wp:term":[{"taxonomy":"silos","embeddable":true,"href":"https:\/\/www.santamonica.com\/fr\/wp-json\/wp\/v2\/silos?post=339968"}],"curies":[{"name":"wp","href":"https:\/\/api.w.org\/{rel}","templated":true}]}}