{"id":339851,"date":"2022-06-17T10:05:48","date_gmt":"2022-06-17T17:05:48","guid":{"rendered":"https:\/\/www.santamonica.com\/?page_id=339851"},"modified":"2025-05-07T16:48:44","modified_gmt":"2025-05-07T23:48:44","slug":"cabines-de-piscine","status":"publish","type":"page","link":"https:\/\/www.santamonica.com\/fr\/hotels\/pool-cabanas\/","title":{"rendered":"Piscines et cabanas"},"content":{"rendered":"<section class=\"two-images container-max sm-block --flip sm-block\">\n    <div class=\"two-images__container --flip\">\n\n        <div class=\"two-images__column\">\n            <div class=\"two-images__content\">\n                <div class=\"two-images__content-header-container\">\n                                            <h2 class=\"two-images__content-header\">Location de cabanes \u00e0 Santa Monica<\/h2>                                    <\/div>\n                                    <div class=\"two-images__content-body wysiwyg\">\n                        <p>Vous cherchez un endroit o\u00f9 vous pouvez sortir de chez vous et \u00eatre \u00e0 quelques pas du sable ? Ne cherchez pas plus loin. Il existe plusieurs locations de cabanes sur la plage de Santa Monica, vous n'aurez donc pas \u00e0 vous \u00e9loigner pour trouver la location de vacances id\u00e9ale pour votre voyage sur la c\u00f4te californienne. D\u00e9couvrez quelques-unes de nos locations pr\u00e9f\u00e9r\u00e9es et n'oubliez pas de r\u00e9server \u00e0 l'avance, car ces superbes installations se remplissent rapidement !<\/p>\n                    <\/div>\n                                            <\/div>\n        <\/div>\n\n        <div class=\"two-images__column\">\n                            <div class=\"two-images__image-container\">\n                    <img decoding=\"async\" width=\"425\" height=\"505\" src=\"https:\/\/www.santamonica.com\/wp-content\/uploads\/2022\/06\/santa-monica-day-beachfront-pool.jpg\" class=\"two-images__image\" alt=\"Shore Hotel Pool Santa Monica\" loading=\"lazy\" srcset=\"https:\/\/www.santamonica.com\/wp-content\/uploads\/2022\/06\/santa-monica-day-beachfront-pool.jpg 425w, https:\/\/www.santamonica.com\/wp-content\/uploads\/2022\/06\/santa-monica-day-beachfront-pool-252x300.jpg 252w, https:\/\/www.santamonica.com\/wp-content\/uploads\/2022\/06\/santa-monica-day-beachfront-pool-126x150.jpg 126w\" sizes=\"auto, (max-width: 425px) 100vw, 425px\" title=\"\">                    \n\n                <\/div>\n                    <\/div>\n\n        <div class=\"two-images__column\">\n                            <div class=\"two-images__image-container\">\n                    <img decoding=\"async\" width=\"1024\" height=\"765\" src=\"https:\/\/www.santamonica.com\/wp-content\/uploads\/2022\/06\/los-angeles-area-poolside-cabanas-1024x765.jpg\" class=\"two-images__image\" alt=\"\" loading=\"lazy\" srcset=\"https:\/\/www.santamonica.com\/wp-content\/uploads\/2022\/06\/los-angeles-area-poolside-cabanas-1024x765.jpg 1024w, https:\/\/www.santamonica.com\/wp-content\/uploads\/2022\/06\/los-angeles-area-poolside-cabanas-300x224.jpg 300w, https:\/\/www.santamonica.com\/wp-content\/uploads\/2022\/06\/los-angeles-area-poolside-cabanas-201x150.jpg 201w, https:\/\/www.santamonica.com\/wp-content\/uploads\/2022\/06\/los-angeles-area-poolside-cabanas-768x574.jpg 768w, https:\/\/www.santamonica.com\/wp-content\/uploads\/2022\/06\/los-angeles-area-poolside-cabanas.jpg 1339w\" sizes=\"auto, (max-width: 1024px) 100vw, 1024px\" title=\"\">                    \n\n                <\/div>\n                    <\/div>\n\n    <\/div>\n<\/section>\n\n\n<section class=\"sun-title sm-block --theme6 sm-block\">\n            <h3 class=\"sun-title__headline\">Viceroy Santa Monica<\/h3>    \n            <div class=\"sun-title__body  wysiwyg\">\n                    <p>A<a href=\"https:\/\/www.santamonica.com\/fr\/hotels\/viceroy-santa-monica\/\">\u00a0Viceroy Santa Monica<\/a>\u00a0La location d'une cabane Viceroy offre la possibilit\u00e9 de d\u00e9couvrir des cabanes luxueuses, au design cr\u00e9atif, \u00e0 proximit\u00e9 de la plage de Santa Monica et des meilleurs restaurants et boutiques de la ville. Avec plusieurs unit\u00e9s, de nombreuses locations de cabanes Viceroy sont en plein air (pour que vous puissiez profiter de la brise de l'oc\u00e9an) et offrent de vastes vues sur l'oc\u00e9an. En outre, le Viceroy Santa Monica vous invite \u00e0 vivre une exp\u00e9rience de d\u00e9tente ultime avec une piscine ext\u00e9rieure impeccable, des chaises longues gratuites et un restaurant int\u00e9rieur-ext\u00e9rieur. Des cabanas et l'acc\u00e8s \u00e0 la piscine sont disponibles gr\u00e2ce \u00e0 des cartes journali\u00e8res pour les personnes ne r\u00e9sidant pas \u00e0 l'h\u00f4tel.<\/p>\n                        <\/div>\n    <\/section>\n\n\n<section class=\"sun-title sm-block --theme6 sm-block\">\n            <h3 class=\"sun-title__headline\">Sandbourne Santa Monica<\/h3>    \n            <div class=\"sun-title__body  wysiwyg\">\n                    <p class=\"p1\">Situ\u00e9 au 1740 Ocean Avenue, <a href=\"https:\/\/www.santamonica.com\/fr\/hotels\/le-merigot-santa-monica\/\">Sandbourne Santa Monica<\/a> pr\u00e9sente 175 chambres et suites m\u00e9ticuleusement con\u00e7ues. La piscine haut de gamme, agr\u00e9ment\u00e9e de cabanas, compl\u00e8te la toile de fond embl\u00e9matique de la plage de Santa Monica. Notre centre de remise en forme int\u00e9rieur\/ext\u00e9rieur ultramoderne s'adresse aux amateurs de bien-\u00eatre, tandis qu'un parc pour chiens et une ruche d'abeilles sur place renforcent notre engagement en faveur d'une exp\u00e9rience diversifi\u00e9e et durable pour les clients.<\/p>\n                        <\/div>\n    <\/section>\n\n\n<section class=\"sun-title sm-block --theme6 sm-block\">\n            <h3 class=\"sun-title__headline\">L'h\u00f4tel Pierside<\/h3>    \n            <div class=\"sun-title__body  wysiwyg\">\n                    <p>Se d\u00e9tendre dans l'eau apr\u00e8s une journ\u00e9e de tourisme \u00e0 <a href=\"https:\/\/www.santamonica.com\/fr\/hotels\/the-pierside-hotel-santa-monica\/\">L'h\u00f4tel Pierside<\/a>\u2019La piscine chauff\u00e9e de l'h\u00f4tel Pierside. Destination de r\u00eave pour faire trempette et s'abriter du soleil de Santa Monica, l'h\u00f4tel Pierside propose la location de fauteuils et de canap\u00e9s pour accompagner la piscine de boissons et d'en-cas propos\u00e9s par l'h\u00f4tel. <a href=\"https:\/\/www.santamonica.com\/fr\/restaurants\/le-renard-surfeur\/\">Le renard surfeur<\/a>. La location de meubles et l'acc\u00e8s \u00e0 la piscine sont possibles gr\u00e2ce \u00e0 des cartes journali\u00e8res pour les personnes ne r\u00e9sidant pas \u00e0 l'h\u00f4tel.<\/p>\n                        <\/div>\n    <\/section>\n\n\n\n<section class=\"two-images container-max sm-block  sm-block\">\n    <div class=\"two-images__container\">\n\n        <div class=\"two-images__column\">\n            <div class=\"two-images__content\">\n                <div class=\"two-images__content-header-container\">\n                                            <h2 class=\"two-images__content-header\">Trouver une location de cabane pr\u00e8s de Los Angeles<\/h2>                                    <\/div>\n                                    <div class=\"two-images__content-body wysiwyg\">\n                        <p>Mettons les choses au clair. Il y a beaucoup de locations de cabanes \u00e0 Santa Monica. Il n'y a que 15 miles en voiture entre Santa Monica et le centre-ville de Los Angeles ! Si vous souhaitez vous \u00e9loigner du tumulte de la m\u00e9tropole, tout en conservant un acc\u00e8s facile \u00e0 toutes les offres urbaines, une location de cabane \u00e0 Santa Monica constitue le cadre id\u00e9al. Voici quelques-unes des meilleures locations de cabanes \u00e0 Santa Monica avec piscine ext\u00e9rieure chauff\u00e9e.<\/p>\n                    <\/div>\n                                            <\/div>\n        <\/div>\n\n        <div class=\"two-images__column\">\n                            <div class=\"two-images__image-container\">\n                    <img decoding=\"async\" width=\"425\" height=\"505\" src=\"https:\/\/www.santamonica.com\/wp-content\/uploads\/2022\/06\/downtown-hotels-with-pool.jpg\" class=\"two-images__image\" alt=\"Downtown Santa Monica H\u00f4tels avec piscine\" loading=\"lazy\" srcset=\"https:\/\/www.santamonica.com\/wp-content\/uploads\/2022\/06\/downtown-hotels-with-pool.jpg 425w, https:\/\/www.santamonica.com\/wp-content\/uploads\/2022\/06\/downtown-hotels-with-pool-252x300.jpg 252w, https:\/\/www.santamonica.com\/wp-content\/uploads\/2022\/06\/downtown-hotels-with-pool-126x150.jpg 126w\" sizes=\"auto, (max-width: 425px) 100vw, 425px\" title=\"\">                    \n\n                <\/div>\n                    <\/div>\n\n        <div class=\"two-images__column\">\n                            <div class=\"two-images__image-container\">\n                    <img decoding=\"async\" width=\"1024\" height=\"765\" src=\"https:\/\/www.santamonica.com\/wp-content\/uploads\/2022\/06\/downtown-santa-monica-hotel-with-pool-1024x765.jpg\" class=\"two-images__image\" alt=\"\" loading=\"lazy\" srcset=\"https:\/\/www.santamonica.com\/wp-content\/uploads\/2022\/06\/downtown-santa-monica-hotel-with-pool-1024x765.jpg 1024w, https:\/\/www.santamonica.com\/wp-content\/uploads\/2022\/06\/downtown-santa-monica-hotel-with-pool-300x224.jpg 300w, https:\/\/www.santamonica.com\/wp-content\/uploads\/2022\/06\/downtown-santa-monica-hotel-with-pool-201x150.jpg 201w, https:\/\/www.santamonica.com\/wp-content\/uploads\/2022\/06\/downtown-santa-monica-hotel-with-pool-768x574.jpg 768w, https:\/\/www.santamonica.com\/wp-content\/uploads\/2022\/06\/downtown-santa-monica-hotel-with-pool.jpg 1339w\" sizes=\"auto, (max-width: 1024px) 100vw, 1024px\" title=\"\">                    \n\n                <\/div>\n                    <\/div>\n\n    <\/div>\n<\/section>\n\n\n<section class=\"sun-title sm-block --theme6 sm-block\">\n            <h3 class=\"sun-title__headline\">Santa Monica Proper Hotel<\/h3>    \n            <div class=\"sun-title__body  wysiwyg\">\n                    <p>La modernit\u00e9<a href=\"https:\/\/www.santamonica.com\/fr\/hotels\/santa-monica-proper-hotel\/\">\u00a0Santa Monica Proper Hotel<\/a>\u00a0propose des locations de cabanons qui se caract\u00e9risent par une opulence organique. L'h\u00f4tel a tir\u00e9 parti de la lumi\u00e8re naturelle de la ville et des brises oc\u00e9aniques pour proposer des cabanas priv\u00e9es avec des chambres joliment meubl\u00e9es et tr\u00e8s lumineuses. L'h\u00f4tel dispose d'une piscine sur le toit, d'un restaurant et d'un bar, ainsi que du Surya Spa, qui propose des programmes ax\u00e9s sur la sant\u00e9 spirituelle, mentale et \u00e9motionnelle. R\u00e9servez votre s\u00e9jour \u00e0 l'avance, car les locations de cabanes du Santa Monica Proper Hotel sont tr\u00e8s demand\u00e9es !<\/p>\n                        <\/div>\n    <\/section>\n\n\n<section class=\"sun-title sm-block --theme6 sm-block\">\n            <h3 class=\"sun-title__headline\">Courtyard By Marriott Santa Monica<\/h3>    \n            <div class=\"sun-title__body  wysiwyg\">\n                    <p>Situ\u00e9 au c\u0153ur du centre-ville de Santa Monica, \u00e0 quelques pas de la jet\u00e9e et de la plage, le<a href=\"https:\/\/www.santamonica.com\/fr\/hotels\/courtyard-by-marriott-santa-monica\/\"> Courtyard by Marriott Santa Monica<\/a>\u00a0est r\u00e9put\u00e9 pour ses \u00e9quipements modernes et sa literie luxueuse. Sur la terrasse de la piscine, l'h\u00f4tel Courtyard propose des cabanas priv\u00e9es qu'il n'est pas n\u00e9cessaire de r\u00e9server \u00e0 l'avance ! Profitez des excellents restaurants et boissons du centre-ville, promenez-vous jusqu'\u00e0 la plage de Santa Monica pour admirer le coucher du soleil, ou d\u00e9tendez-vous simplement au bord de la piscine chauff\u00e9e. Le choix vous appartient lorsque vous s\u00e9journez au Courtyard by Marriott !<\/p>\n                        <\/div>\n    <\/section>\n\n\n<section class=\"sun-title sm-block --theme6 sm-block\">\n            <h3 class=\"sun-title__headline\">Hilton Santa Monica Hotel &amp; Suites<\/h3>    \n            <div class=\"sun-title__body  wysiwyg\">\n                    <p>Id\u00e9alement situ\u00e9 \u00e0 quelques pas de la plage, sur la 4e rue, le<a href=\"https:\/\/www.santamonica.com\/fr\/hotels\/hilton-santa-monica-hotel-and-suites\/\"> Hilton Santa Monica Hotel &amp; Suites<\/a>\u00a0a ouvert de toutes nouvelles installations en avril 2021, y compris une piscine pour les invit\u00e9s et de magnifiques cabanas priv\u00e9es. D\u00e9couvrez cette piscine familiale et profitez d'une journ\u00e9e de d\u00e9tente.\u00a0\u00a0<b>\u00a0<\/b><\/p>\n                        <\/div>\n    <\/section>\n\n\n\n<section class=\"two-images container-max sm-block --flip sm-block\">\n    <div class=\"two-images__container --flip\">\n\n        <div class=\"two-images__column\">\n            <div class=\"two-images__content\">\n                <div class=\"two-images__content-header-container\">\n                                            <h2 class=\"two-images__content-header\">Plus d'options de cabanes de luxe \u00e0 Santa Monica<\/h2>                                    <\/div>\n                                    <div class=\"two-images__content-body wysiwyg\">\n                        <p>Vous \u00eates toujours \u00e0 la recherche de la retraite id\u00e9ale ? Il existe de nombreux h\u00f4tels de luxe le long de la c\u00f4te de Santa Monica qui proposent des suites \u00e0 plusieurs chambres pour les familles ou les amis. Que vous souhaitiez profiter d'une piscine sur le toit ou vous pr\u00e9lasser sur la plage, vous trouverez ici les meilleurs h\u00e9bergements de luxe.<\/p>\n                    <\/div>\n                                            <\/div>\n        <\/div>\n\n        <div class=\"two-images__column\">\n                            <div class=\"two-images__image-container\">\n                    <img decoding=\"async\" width=\"425\" height=\"505\" src=\"https:\/\/www.santamonica.com\/wp-content\/uploads\/2022\/06\/poolside-santa-monica-downtown.jpg\" class=\"two-images__image\" alt=\"\" loading=\"lazy\" srcset=\"https:\/\/www.santamonica.com\/wp-content\/uploads\/2022\/06\/poolside-santa-monica-downtown.jpg 425w, https:\/\/www.santamonica.com\/wp-content\/uploads\/2022\/06\/poolside-santa-monica-downtown-252x300.jpg 252w, https:\/\/www.santamonica.com\/wp-content\/uploads\/2022\/06\/poolside-santa-monica-downtown-126x150.jpg 126w\" sizes=\"auto, (max-width: 425px) 100vw, 425px\" title=\"\">                    \n\n                <\/div>\n                    <\/div>\n\n        <div class=\"two-images__column\">\n                            <div class=\"two-images__image-container\">\n                    <img decoding=\"async\" width=\"1024\" height=\"765\" src=\"https:\/\/www.santamonica.com\/wp-content\/uploads\/2022\/06\/luxury-hotel-pools-la-1024x765.jpg\" class=\"two-images__image\" alt=\"\" loading=\"lazy\" srcset=\"https:\/\/www.santamonica.com\/wp-content\/uploads\/2022\/06\/luxury-hotel-pools-la-1024x765.jpg 1024w, https:\/\/www.santamonica.com\/wp-content\/uploads\/2022\/06\/luxury-hotel-pools-la-300x224.jpg 300w, https:\/\/www.santamonica.com\/wp-content\/uploads\/2022\/06\/luxury-hotel-pools-la-201x150.jpg 201w, https:\/\/www.santamonica.com\/wp-content\/uploads\/2022\/06\/luxury-hotel-pools-la-768x574.jpg 768w, https:\/\/www.santamonica.com\/wp-content\/uploads\/2022\/06\/luxury-hotel-pools-la.jpg 1339w\" sizes=\"auto, (max-width: 1024px) 100vw, 1024px\" title=\"\">                    \n\n                <\/div>\n                    <\/div>\n\n    <\/div>\n<\/section>\n\n\n<section class=\"sun-title sm-block --theme6 sm-block\">\n            <h3 class=\"sun-title__headline\">Volets sur la plage<\/h3>    \n            <div class=\"sun-title__body  wysiwyg\">\n                    <p>Avec des kilom\u00e8tres de bonheur au bord de la mer,<a href=\"https:\/\/www.santamonica.com\/fr\/hotels\/volets-sur-la-plage\/\">\u00a0Volets sur la plage<\/a>\u00a0\u00e0 Santa Monica est votre maison au bord de la mer, loin de chez vous. \u00c0 la fois confortable et luxueux, l'h\u00f4tel Shutters on the Beach propose des chambres et des suites spacieuses avec vue sur l'oc\u00e9an et un d\u00e9cor de maison de plage de bon go\u00fbt. En outre, cette retraite \u00e9l\u00e9gante dispose de restaurants raffin\u00e9s proposant une cuisine c\u00f4ti\u00e8re et des services de conciergerie sur place. L'h\u00f4tel Shutters on the Beach est l'une des rares piscines de Santa Monica \u00e0 donner sur la plage. Il propose \u00e9galement des chaises longues et des parasols sur le sable.<\/p>\n                        <\/div>\n    <\/section>\n\n\n<section class=\"sun-title sm-block --theme6 sm-block\">\n            <h3 class=\"sun-title__headline\">H\u00f4tel Casa Del Mar<\/h3>    \n            <div class=\"sun-title__body  wysiwyg\">\n                    <p><a href=\"https:\/\/www.santamonica.com\/fr\/hotels\/hotel-casa-del-mar\/\">H\u00f4tel Casa Del Mar<\/a>\u00a0propose une option \u201cmini cabane\u201d avec chaise de plage et parasol sur le sable de la plage d'\u00c9tat de Santa Monica pour que ses clients puissent profiter des vagues dans le luxe.<\/p>\n                        <\/div>\n    <\/section>\n\n\n<section class=\"sun-title sm-block --theme6 sm-block\">\n            <h3 class=\"sun-title__headline\">HYATT CENTRIC DELFINA SANTA MONICA<\/h3>    \n            <div class=\"sun-title__body  wysiwyg\">\n                    <section class=\"content-block\">\n<div class=\"width-restrict --content\">\n<article class=\"post-content \/ subpage-intro\">\n<div class=\"subpage-intro__content wizzywig\">\n<p>Profitez de la vue sur la ville et l'oc\u00e9an Pacifique en s\u00e9journant au <a href=\"https:\/\/www.santamonica.com\/fr\/hotels\/hyatt-centric-delfina-santa-monica\/\">Hyatt Centric Delfina Santa Monica<\/a>. Cet h\u00f4tel contemporain se trouve \u00e0 distance de marche de la jet\u00e9e de Santa Monica et propose gratuitement la location de v\u00e9los, ainsi qu'un service de voiturier et du champagne. Les chambres et les suites offrent des vues sur l'oc\u00e9an, des balcons priv\u00e9s et un mobilier moderne.<\/p>\n<\/div>\n<\/article>\n<\/div>\n<\/section>\n                        <\/div>\n    <\/section>","protected":false},"excerpt":{"rendered":"","protected":false},"author":1450,"featured_media":340926,"parent":0,"menu_order":0,"comment_status":"closed","ping_status":"closed","template":"template-editorial.php","meta":{"_acf_changed":false,"inline_featured_image":false,"footnotes":""},"silos":[3890],"class_list":["post-339851","page","type-page","status-publish","has-post-thumbnail","hentry"],"acf":[],"_links":{"self":[{"href":"https:\/\/www.santamonica.com\/fr\/wp-json\/wp\/v2\/pages\/339851","targetHints":{"allow":["GET"]}}],"collection":[{"href":"https:\/\/www.santamonica.com\/fr\/wp-json\/wp\/v2\/pages"}],"about":[{"href":"https:\/\/www.santamonica.com\/fr\/wp-json\/wp\/v2\/types\/page"}],"author":[{"embeddable":true,"href":"https:\/\/www.santamonica.com\/fr\/wp-json\/wp\/v2\/users\/1450"}],"replies":[{"embeddable":true,"href":"https:\/\/www.santamonica.com\/fr\/wp-json\/wp\/v2\/comments?post=339851"}],"version-history":[{"count":106,"href":"https:\/\/www.santamonica.com\/fr\/wp-json\/wp\/v2\/pages\/339851\/revisions"}],"predecessor-version":[{"id":766078,"href":"https:\/\/www.santamonica.com\/fr\/wp-json\/wp\/v2\/pages\/339851\/revisions\/766078"}],"wp:featuredmedia":[{"embeddable":true,"href":"https:\/\/www.santamonica.com\/fr\/wp-json\/wp\/v2\/media\/340926"}],"wp:attachment":[{"href":"https:\/\/www.santamonica.com\/fr\/wp-json\/wp\/v2\/media?parent=339851"}],"wp:term":[{"taxonomy":"silos","embeddable":true,"href":"https:\/\/www.santamonica.com\/fr\/wp-json\/wp\/v2\/silos?post=339851"}],"curies":[{"name":"wp","href":"https:\/\/api.w.org\/{rel}","templated":true}]}}