{"id":338406,"date":"2022-06-21T13:08:16","date_gmt":"2022-06-21T20:08:16","guid":{"rendered":"https:\/\/www.santamonica.com\/?page_id=338406"},"modified":"2025-12-09T08:38:24","modified_gmt":"2025-12-09T16:38:24","slug":"informations-sur-la-securite-se-deplacer-a-santa-monica","status":"publish","type":"page","link":"https:\/\/www.santamonica.com\/fr\/transportation\/safety-information-getting-around-santa-monica\/","title":{"rendered":"Se d\u00e9placer en toute s\u00e9curit\u00e9"},"content":{"rendered":"<section class=\"image-section-break sm-block\" id=\"Walking\">\n    <div class=\"image-section-break__image-wrapper\">\n                    <picture>\n                    <source\n                        media=\"(min-width: 768px)\"\n                        srcset=\"https:\/\/www.santamonica.com\/wp-content\/uploads\/2022\/07\/Santa-Monica-Crosswalk-Pedestrians.png\"\n                    >\n                    <img decoding=\"async\" src=\"https:\/\/www.santamonica.com\/wp-content\/uploads\/2022\/07\/Santa-Monica-Crosswalk-Pedestrians-mobile.png\" class=\"image-section-break__image\" alt=\"Passage pour pi\u00e9tons de Santa Monica\" title=\"\">\n            <\/picture>\n                \n\n    <\/div>\n    <div class=\"image-section-break__text-content\">\n        <div class=\"image-section-break__first-content --theme3\">\n                            <div class=\"image-section-break__eyebrow-text\">Conseils de s\u00e9curit\u00e9<\/div>\n                                        <h2 class=\"image-section-break__title\">La marche<\/h2>\n                                        <div class=\"image-section-break__body-copy wysiwyg\"><ul>\n<li><span style=\"font-weight: 400;\">Bien que les pi\u00e9tons aient la priorit\u00e9 sur les passages pi\u00e9tons, soyez prudent et regardez les conducteurs dans les yeux pour vous assurer qu'ils vous ont vu et qu'ils arr\u00eatent leur v\u00e9hicule.<\/span><\/li>\n<li><span style=\"font-weight: 400;\">L'envoi de SMS, le port d'un casque ou d'\u00e9couteurs et l'\u00e9coute de musique pendant la marche nuisent \u00e0 l'audition et peuvent \u00eatre source de distraction.<\/span><\/li>\n<li><span style=\"font-weight: 400;\">Les pi\u00e9tons ne peuvent traverser que dans les passages pi\u00e9tons marqu\u00e9s. Traverser en dehors d'un passage pi\u00e9ton marqu\u00e9 - marcher \u00e0 pied - est une infraction qui peut donner lieu \u00e0 une contravention de police en cas d'infraction.<\/span><\/li>\n<\/ul>\n<\/div>\n                                <\/div>\n        <div class=\"image-section-break__second-content\">\n                            <div class=\"image-section-break__body-copy wysiwyg\"><ul>\n<li><span style=\"font-weight: 400;\">Ne traversez qu'au feu vert ou lorsque le panneau \u201cwalk\u201d est activ\u00e9. Des embrouilles pour pi\u00e9tons sont en place dans tout le centre-ville de Santa Monica. \u00c0 ces intersections, une phase r\u00e9serv\u00e9e aux pi\u00e9tons est incluse dans le cycle des feux de signalisation, ce qui permet aux pi\u00e9tons et aux cyclistes de traverser dans toutes les directions, y compris en diagonale, en m\u00eame temps.<\/span><\/li>\n<li><span style=\"font-weight: 400;\">Soyez tr\u00e8s prudent lorsque vous traversez avec des enfants. N'oubliez pas que les conducteurs peuvent ne pas voir les petits ; tenez-leur la main lorsque vous traversez.<\/span><\/li>\n<li><span style=\"font-weight: 400;\">Ne vous disputez pas la priorit\u00e9 avec un v\u00e9hicule roulant \u00e0 vive allure. Laissez aux v\u00e9hicules le temps de s'arr\u00eater.<\/span><\/li>\n<\/ul>\n<\/div>\n                                <\/div>\n    <\/div>\n<\/section>\n\n\n\n<section class=\"image-section-break sm-block\" id=\"Biking\">\n    <div class=\"image-section-break__image-wrapper\">\n                    <picture>\n                    <source\n                        media=\"(min-width: 768px)\"\n                        srcset=\"https:\/\/www.santamonica.com\/wp-content\/uploads\/2022\/07\/Santa-Monica-Bike-Path-1.png\"\n                    >\n                    <img decoding=\"async\" src=\"https:\/\/www.santamonica.com\/wp-content\/uploads\/2022\/07\/Santa-Monica-Bike-Path-Mobile-1.png\" class=\"image-section-break__image\" alt=\"Piste cyclable de Santa Monica\" title=\"\">\n            <\/picture>\n                \n\n    <\/div>\n    <div class=\"image-section-break__text-content\">\n        <div class=\"image-section-break__first-content --theme3\">\n                            <div class=\"image-section-break__eyebrow-text\">Rouler en toute s\u00e9curit\u00e9<\/div>\n                                        <h2 class=\"image-section-break__title\">V\u00e9lo<\/h2>\n                                        <div class=\"image-section-break__body-copy wysiwyg\"><ul>\n<li style=\"font-weight: 400;\" aria-level=\"1\"><span style=\"font-weight: 400;\">Soyez attentifs et restez vigilants.<\/span><\/li>\n<li style=\"font-weight: 400;\" aria-level=\"1\"><span style=\"font-weight: 400;\">Portez toujours un casque. (La loi oblige les conducteurs de moins de 18 ans \u00e0 porter un casque.) Santa Monica Travel &amp; Tourism's three\u00a0<a href=\"https:\/\/www.santamonica.com\/fr\/a-propos-de\/centres-de-visiteurs\/\">Centres d'information pour les visiteurs<\/a> offrent gratuitement des casques \u201c\u00e0 taille unique\u201d ainsi que le recyclage gratuit des casques.<\/span><\/li>\n<li><span style=\"font-weight: 400;\">Respecter le code de la route et la signalisation. S'arr\u00eater aux panneaux d'arr\u00eat et aux feux rouges.<\/span><\/li>\n<\/ul>\n<\/div>\n                                <\/div>\n        <div class=\"image-section-break__second-content\">\n                            <div class=\"image-section-break__body-copy wysiwyg\"><ul>\n<li><span style=\"font-weight: 400;\">Rouler contre le trafic est ill\u00e9gal et dangereux. Roulez sur le c\u00f4t\u00e9 droit de la route, avec la circulation, et utilisez la bande cyclable lorsqu'elle est disponible.<\/span><\/li>\n<li style=\"font-weight: 400;\" aria-level=\"1\"><span style=\"font-weight: 400;\">Utilisez les signes de la main et le contact visuel pour communiquer avec les automobilistes, les autres cyclistes et les pi\u00e9tons.<\/span><\/li>\n<li style=\"font-weight: 400;\" aria-level=\"1\"><span style=\"font-weight: 400;\">Soyez visible pour les conducteurs, surtout la nuit. Utilisez des lumi\u00e8res et des r\u00e9flecteurs et portez des v\u00eatements clairs.<\/span><\/li>\n<li style=\"font-weight: 400;\" aria-level=\"1\"><span style=\"font-weight: 400;\">Aux passages pour pi\u00e9tons, traversez lorsque le feu de signalisation sp\u00e9cifique aux v\u00e9los s'allume avec un symbole de v\u00e9lo vert.<\/span><\/li>\n<\/ul>\n<\/div>\n                                <\/div>\n    <\/div>\n<\/section>\n\n\n\n<section class=\"image-section-break sm-block\" id=\"Driving\">\n    <div class=\"image-section-break__image-wrapper\">\n                \n\n    <\/div>\n    <div class=\"image-section-break__text-content\">\n        <div class=\"image-section-break__first-content --theme3\">\n                            <div class=\"image-section-break__eyebrow-text\">Se d\u00e9placer en toute s\u00e9curit\u00e9<\/div>\n                                        <h2 class=\"image-section-break__title\">Conduite<\/h2>\n                                        <div class=\"image-section-break__body-copy wysiwyg\"><ul>\n<li><span style=\"font-weight: 400;\">Santa Monica est une ville active. Restez toujours concentr\u00e9 sur la route.<\/span><\/li>\n<li><span style=\"font-weight: 400;\">Les conducteurs et les passagers doivent toujours porter la ceinture de s\u00e9curit\u00e9. Les enfants \u00e2g\u00e9s de moins de 8 ans et mesurant moins de 4 pieds 9 pouces doivent utiliser un si\u00e8ge de s\u00e9curit\u00e9.<\/span><\/li>\n<li><span style=\"font-weight: 400;\">Les pi\u00e9tons ont la priorit\u00e9 aux passages pour pi\u00e9tons. Les feux rouges clignotants indiquent que les conducteurs doivent s'arr\u00eater. Attendez toujours que les pi\u00e9tons traversent en toute s\u00e9curit\u00e9.<\/span><\/li>\n<li><span style=\"font-weight: 400;\">Lorsque vous vous garez, gardez vos objets de valeur hors de vue ou emportez-les avec vous.<\/span><\/li>\n<\/ul>\n<\/div>\n                                <\/div>\n        <div class=\"image-section-break__second-content\">\n                            <div class=\"image-section-break__body-copy wysiwyg\"><ul>\n<li><span style=\"font-weight: 400;\">\u00c0 l'exception des embuscades pour pi\u00e9tons, lorsque le feu \u201cmarche\u201d est allum\u00e9 ou lorsqu'il est signal\u00e9, les conducteurs peuvent tourner \u00e0 droite \u00e0 un feu rouge apr\u00e8s avoir marqu\u00e9 un arr\u00eat complet, tant que la circulation est libre.\u00a0<\/span><\/li>\n<li><span style=\"font-weight: 400;\">Les voitures ne sont pas autoris\u00e9es \u00e0 circuler dans les couloirs de bus, sauf pour tourner \u00e0 droite, ce qui est limit\u00e9 aux heures de pointe.<\/span><\/li>\n<li><span style=\"font-weight: 400;\">Respectez les limitations de vitesse affich\u00e9es.<\/span><\/li>\n<li><span style=\"font-weight: 400;\">Les conducteurs sont tenus de s'arr\u00eater pour laisser passer les v\u00e9hicules des forces de l'ordre et les v\u00e9hicules d'urgence dont les feux et les sir\u00e8nes sont allum\u00e9s.<\/span><\/li>\n<li><span style=\"font-weight: 400;\">N'envoyez pas de SMS et ne manipulez pas votre t\u00e9l\u00e9phone en conduisant. C'est ill\u00e9gal et cela multiplie par 23,2 le risque de collision par rapport \u00e0 une conduite sans facult\u00e9s affaiblies.<\/span><\/li>\n<\/ul>\n<\/div>\n                                <\/div>\n    <\/div>\n<\/section>\n\n\n\n<section class=\"image-section-break sm-block\" id=\"Riding\">\n    <div class=\"image-section-break__image-wrapper\">\n                    <picture>\n                    <source\n                        media=\"(min-width: 768px)\"\n                        srcset=\"https:\/\/www.santamonica.com\/wp-content\/uploads\/2022\/07\/Santa-Monica-Metro-2.png\"\n                    >\n                    <img decoding=\"async\" src=\"https:\/\/www.santamonica.com\/wp-content\/uploads\/2022\/07\/Santa-Monica-Metro-Mobile-2.png\" class=\"image-section-break__image\" alt=\"Station de m\u00e9tro Santa Monica\" title=\"\">\n            <\/picture>\n                \n\n    <\/div>\n    <div class=\"image-section-break__text-content\">\n        <div class=\"image-section-break__first-content --theme3\">\n                            <div class=\"image-section-break__eyebrow-text\">Conseils pour le m\u00e9tro<\/div>\n                                        <h2 class=\"image-section-break__title\">Rouler sur le rail<\/h2>\n                                        <div class=\"image-section-break__body-copy wysiwyg\"><ul>\n<li style=\"font-weight: 400;\" aria-level=\"1\"><span style=\"font-weight: 400;\">Gardez toujours vos distances avec un train en marche. Ne vous approchez pas du bord du quai, ne courez jamais derri\u00e8re ou \u00e0 c\u00f4t\u00e9 d'un train en mouvement et attendez l'arr\u00eat complet du train avant de vous en approcher.<\/span><\/li>\n<li style=\"font-weight: 400;\" aria-level=\"1\"><span style=\"font-weight: 400;\">Tenez vos enfants \u00e0 l'approche d'un train pour \u00e9viter qu'ils ne s'approchent trop pr\u00e8s des voies.<\/span><\/li>\n<li style=\"font-weight: 400;\" aria-level=\"1\"><span style=\"font-weight: 400;\">Ne patinez pas et ne faites pas de v\u00e9lo sur les quais, les escaliers et les escalators.<\/span><\/li>\n<\/ul>\n<\/div>\n                                <\/div>\n        <div class=\"image-section-break__second-content\">\n                            <div class=\"image-section-break__body-copy wysiwyg\"><ul>\n<li><span style=\"font-weight: 400;\">Lors de l'embarquement, soyez prudent lorsque vous traversez l'espace entre le quai et le train.<\/span><\/li>\n<li style=\"font-weight: 400;\" aria-level=\"1\"><span style=\"font-weight: 400;\">Se tenir \u00e0 l'\u00e9cart des portes du train ; les toucher ou s'appuyer dessus pourrait entraver leur mouvement.<\/span><\/li>\n<li style=\"font-weight: 400;\" aria-level=\"1\"><span style=\"font-weight: 400;\">Ne jamais grimper sur les v\u00e9hicules ferroviaires ni marcher sur les voies.<\/span><\/li>\n<li style=\"font-weight: 400;\" aria-level=\"1\"><span style=\"font-weight: 400;\">Faites attention aux barri\u00e8res abaiss\u00e9es des passages \u00e0 niveau. N'essayez jamais de devancer le train en contournant les barri\u00e8res. Attendez plut\u00f4t qu'elles se rel\u00e8vent apr\u00e8s le passage du train.<\/span><\/li>\n<li style=\"font-weight: 400;\" aria-level=\"1\"><span style=\"font-weight: 400;\">En tant que pi\u00e9ton, regardez et \u00e9coutez les trains dans toutes les directions.<\/span><\/li>\n<\/ul>\n<\/div>\n                                <\/div>\n    <\/div>\n<\/section>\n\n\n\n<section class=\"image-section-break sm-block\" id=\"Scootering\">\n    <div class=\"image-section-break__image-wrapper\">\n                    <picture>\n                    <source\n                        media=\"(min-width: 768px)\"\n                        srcset=\"https:\/\/www.santamonica.com\/wp-content\/uploads\/2023\/08\/Veo-scooter-Santa-Monica-1656x574-1.jpg\"\n                    >\n                    <img decoding=\"async\" src=\"https:\/\/www.santamonica.com\/wp-content\/uploads\/2023\/08\/Veo-scooter-Santa-Monica-650x866-1.jpg\" class=\"image-section-break__image\" alt=\"\" title=\"\">\n            <\/picture>\n                \n\n    <\/div>\n    <div class=\"image-section-break__text-content\">\n        <div class=\"image-section-break__first-content --theme3\">\n                            <div class=\"image-section-break__eyebrow-text\">Rouler en toute s\u00e9curit\u00e9<\/div>\n                                        <h2 class=\"image-section-break__title\">Scooter<\/h2>\n                                        <div class=\"image-section-break__body-copy wysiwyg\"><ul>\n<li style=\"font-weight: 400;\" aria-level=\"1\"><span style=\"font-weight: 400;\">Les casques sont <\/span><span style=\"font-weight: 400;\">requis pour <\/span><span style=\"font-weight: 400;\">les cavaliers de moins de 18 ans. Santa Monica Travel &amp; Tourism's three <a href=\"https:\/\/www.santamonica.com\/fr\/a-propos-de\/centres-de-visiteurs\/\">Centres d'information pour les visiteurs<\/a> offrent gratuitement des casques \u201c\u00e0 taille unique\u201d ainsi que le recyclage gratuit des casques.<\/span><\/li>\n<li style=\"font-weight: 400;\" aria-level=\"1\"><span style=\"font-weight: 400;\">Il est interdit de conduire le scooter avec plus d'un passager.<\/span><\/li>\n<\/ul>\n<\/div>\n                                <\/div>\n        <div class=\"image-section-break__second-content\">\n                            <div class=\"image-section-break__body-copy wysiwyg\"><ul>\n<li><span style=\"font-weight: 400;\">Les scooters motoris\u00e9s doivent \u00eatre conduits sur la route, jamais sur le trottoir, et ne peuvent pas \u00eatre gar\u00e9s sur le trottoir pour g\u00eaner la circulation des pi\u00e9tons. Les conducteurs doivent respecter le code de la route.<\/span><\/li>\n<li style=\"font-weight: 400;\" aria-level=\"1\"><span style=\"font-weight: 400;\">Les scooters motoris\u00e9s ne sont pas autoris\u00e9s sur les pistes cyclables de la plage, sur la jet\u00e9e de Santa Monica, sur la promenade de la troisi\u00e8me rue ou dans les parcs municipaux, y compris le parc des Palissades.<\/span><\/li>\n<li style=\"font-weight: 400;\" aria-level=\"1\"><span style=\"font-weight: 400;\">L'utilisation nocturne de scooters motoris\u00e9s d\u00e9pourvus d'\u00e9quipement d'\u00e9clairage ad\u00e9quat est ill\u00e9gale.<\/span><\/li>\n<\/ul>\n<\/div>\n                                <\/div>\n    <\/div>\n<\/section>\n\n\n<section class=\"travel-tips --theme7 sm-block base-block\">\n    <div class=\"travel-tips__inner\">\n        <div class=\"travel-tips__body-col\">\n                            <img decoding=\"async\" src=\"https:\/\/www.santamonica.com\/wp-content\/uploads\/2022\/06\/responsible-badge-1.svg\" alt=\"Voyager de mani\u00e8re responsable \u00e0 Santa Monica\" title=\"\">\n                                        <p class=\"travel-tips__intro\">Voyagez en toute s\u00e9curit\u00e9 et de mani\u00e8re durable pour contribuer \u00e0 pr\u00e9server la beaut\u00e9 de Santa Monica tout en restant en bonne sant\u00e9 gr\u00e2ce \u00e0 ces conseils.<\/p>\n                    <\/div>\n        <div class=\"travel-tips__links-col\">\n                        <div class=\"travel-tips__link-row\">\n                                    <img decoding=\"async\" src=\"https:\/\/www.santamonica.com\/wp-content\/uploads\/2022\/06\/Parking-Information.svg\" alt=\"Stationnement \u00e0 Santa Monica\" title=\"\">\n                                                    <a class=\"travel-tips__link\" href=\"https:\/\/www.santamonica.com\/fr\/le-transport\/stationnement\/\">\n                        Informations sur le stationnement                    <\/a>\n                            <\/div>\n                        <div class=\"travel-tips__link-row\">\n                                    <img decoding=\"async\" src=\"https:\/\/www.santamonica.com\/wp-content\/uploads\/2022\/06\/What-to-Pack.svg\" alt=\"Pr\u00e9parer sa valise pour un voyage \u00e0 Santa Monica\" title=\"\">\n                                                    <a class=\"travel-tips__link\" href=\"https:\/\/www.santamonica.com\/fr\/experience-santa-monica\/ce-quil-faut-emballer\/\">\n                        Ce qu'il faut emporter                    <\/a>\n                            <\/div>\n                        <div class=\"travel-tips__link-row\">\n                                    <img decoding=\"async\" src=\"https:\/\/www.santamonica.com\/wp-content\/uploads\/2022\/06\/Health-and-Safety.svg\" alt=\"Conseils de s\u00e9curit\u00e9 pour les voyages \u00e0 Santa Monica\" title=\"\">\n                                                    <a class=\"travel-tips__link\" href=\"https:\/\/www.santamonica.com\/fr\/experience-santa-monica\/la-securite\/\">\n                        Sant\u00e9 et s\u00e9curit\u00e9                    <\/a>\n                            <\/div>\n                        <div class=\"travel-tips__link-row\">\n                                    <img decoding=\"async\" src=\"https:\/\/www.santamonica.com\/wp-content\/uploads\/2022\/06\/The-Essentials.svg\" alt=\"Les essentiels du voyage \u00e0 Santa Monica\" title=\"\">\n                                                    <a class=\"travel-tips__link\" href=\"https:\/\/www.santamonica.com\/fr\/experience-santa-monica\/essentiels\/\">\n                        L'essentiel                    <\/a>\n                            <\/div>\n                    <\/div>\n\n    <\/div>\n<\/section>\n\n\n<section class=\"blog-feed --theme8 sm-block\">\n    <div class=\"blog-feed__content\">\n        <div class=\"blog-feed__intro\">\n                            <div class=\"blog-feed__eyebrow eyebrow\">Blogs<\/div>                                        <h1 class=\"blog-feed__headline\">D\u00e9couvrir Santa Monica<\/h1>                                        <div class=\"blog-feed__body\"><p>Explorez les itin\u00e9raires, les conseils locaux, les points chauds et les aventures organis\u00e9es pour \u00eatre s\u00fbr de profiter au maximum de votre exp\u00e9rience \u00e0 Santa Monica.<\/p>\n<\/div>\n                                        <a class=\"blog-feed__cta\" href=\"https:\/\/www.santamonica.com\/fr\/articles-de-blog\/\">Voir tous les blogs<\/a>\n                    <\/div>\n\n        <ul class=\"blog-feed__list\">\n                                                <li class=\"blog-feed__item\">\n                        <a href=\"https:\/\/www.santamonica.com\/fr\/things-to-do\/outdoors\/\" class=\"blog-feed__item-link\">\n                            <div class=\"blog-feed__image-ratio\">\n                                <img decoding=\"async\" class=\"blog-feed__image\" src=\"https:\/\/www.santamonica.com\/wp-content\/uploads\/2020\/04\/Santa-Monica-Virtual-Beach-blog-post-featured-400x400.jpg\" alt=\"Sortez et profitez de l&#039;air frais et de la brise marine \u00e0 Santa Monica\" title=\"\">\n                            <\/div>\n                            <div class=\"blog-feed__card-title\">Sortez et profitez de l'air frais et de la brise marine \u00e0 Santa Monica<\/div>\n                        <\/a>\n                    <\/li>\n                                                                <li class=\"blog-feed__item\">\n                        <a href=\"https:\/\/www.santamonica.com\/fr\/things-to-do\/coastal-chronicles-the-history-of-santa-monicas-libraries\/\" class=\"blog-feed__item-link\">\n                            <div class=\"blog-feed__image-ratio\">\n                                <img decoding=\"async\" class=\"blog-feed__image\" src=\"https:\/\/www.santamonica.com\/wp-content\/uploads\/2024\/04\/Untitled-design-34-400x400.jpg\" alt=\"Chroniques c\u00f4ti\u00e8res : L&#039;histoire des biblioth\u00e8ques de Santa Monica\" title=\"\">\n                            <\/div>\n                            <div class=\"blog-feed__card-title\">Chroniques c\u00f4ti\u00e8res : L'histoire des biblioth\u00e8ques de Santa Monica<\/div>\n                        <\/a>\n                    <\/li>\n                                                                <li class=\"blog-feed__item\">\n                        <a href=\"https:\/\/www.santamonica.com\/fr\/experience-santa-monica\/15-movies-to-satiate-your-santa-monica-wanderlust\/\" class=\"blog-feed__item-link\">\n                            <div class=\"blog-feed__image-ratio\">\n                                <img decoding=\"async\" class=\"blog-feed__image\" src=\"https:\/\/www.santamonica.com\/wp-content\/uploads\/2020\/03\/Movies-Filmed-in-Santa-Monica-blog-post-featured-400x400.jpg\" alt=\"Films et s\u00e9ries t\u00e9l\u00e9vis\u00e9es pour satisfaire votre envie d&#039;explorer Santa Monica\" title=\"\">\n                            <\/div>\n                            <div class=\"blog-feed__card-title\">Films et s\u00e9ries t\u00e9l\u00e9vis\u00e9es pour satisfaire votre envie d'explorer Santa Monica<\/div>\n                        <\/a>\n                    <\/li>\n                                    <\/ul>\n    <\/div>\n<\/section>","protected":false},"excerpt":{"rendered":"","protected":false},"author":1421,"featured_media":350184,"parent":0,"menu_order":0,"comment_status":"closed","ping_status":"closed","template":"template-editorial.php","meta":{"_acf_changed":false,"inline_featured_image":false,"footnotes":""},"silos":[3906],"class_list":["post-338406","page","type-page","status-publish","has-post-thumbnail","hentry"],"acf":[],"_links":{"self":[{"href":"https:\/\/www.santamonica.com\/fr\/wp-json\/wp\/v2\/pages\/338406","targetHints":{"allow":["GET"]}}],"collection":[{"href":"https:\/\/www.santamonica.com\/fr\/wp-json\/wp\/v2\/pages"}],"about":[{"href":"https:\/\/www.santamonica.com\/fr\/wp-json\/wp\/v2\/types\/page"}],"author":[{"embeddable":true,"href":"https:\/\/www.santamonica.com\/fr\/wp-json\/wp\/v2\/users\/1421"}],"replies":[{"embeddable":true,"href":"https:\/\/www.santamonica.com\/fr\/wp-json\/wp\/v2\/comments?post=338406"}],"version-history":[{"count":140,"href":"https:\/\/www.santamonica.com\/fr\/wp-json\/wp\/v2\/pages\/338406\/revisions"}],"predecessor-version":[{"id":387365,"href":"https:\/\/www.santamonica.com\/fr\/wp-json\/wp\/v2\/pages\/338406\/revisions\/387365"}],"wp:featuredmedia":[{"embeddable":true,"href":"https:\/\/www.santamonica.com\/fr\/wp-json\/wp\/v2\/media\/350184"}],"wp:attachment":[{"href":"https:\/\/www.santamonica.com\/fr\/wp-json\/wp\/v2\/media?parent=338406"}],"wp:term":[{"taxonomy":"silos","embeddable":true,"href":"https:\/\/www.santamonica.com\/fr\/wp-json\/wp\/v2\/silos?post=338406"}],"curies":[{"name":"wp","href":"https:\/\/api.w.org\/{rel}","templated":true}]}}