{"id":338356,"date":"2022-06-10T16:55:00","date_gmt":"2022-06-10T23:55:00","guid":{"rendered":"https:\/\/www.santamonica.com\/?page_id=338356"},"modified":"2026-03-19T15:25:36","modified_gmt":"2026-03-19T22:25:36","slug":"prix-de-lesprit","status":"publish","type":"page","link":"https:\/\/www.santamonica.com\/fr\/spirit-award\/","title":{"rendered":"Prix Thelma Parks de l'esprit touristique"},"content":{"rendered":"<section class=\"sun-title sm-block --theme6 --2col sm-block\">\n            <h2 class=\"sun-title__headline\">Proposez la candidature du laur\u00e9at du prix Thelma Parks de l'esprit touristique de cette ann\u00e9e !<\/h2>    \n            <div class=\"sun-title__body  --2col wysiwyg\">\n                    <div class=\"column-1\">\n                <h5>Description :<\/h5>\n<p>Quelqu'un a fait de votre journ\u00e9e une r\u00e9ussite ? Le secteur dynamique du tourisme et de l'h\u00f4tellerie de Santa Monica g\u00e9n\u00e8re plus de $1 milliard d'euros par an, gr\u00e2ce aux personnes d\u00e9vou\u00e9es qui en font une destination de classe mondiale. Pour honorer un service exceptionnel, Santa Monica Travel &amp; Tourism (SMTT) a cr\u00e9\u00e9 le prix de l'excellence. <strong data-start=\"273\" data-end=\"310\">Prix Thelma Parks de l'esprit touristique<\/strong>, L'association a \u00e9t\u00e9 nomm\u00e9e en l'honneur d'une employ\u00e9e bien-aim\u00e9e du SMTT qui a travaill\u00e9 pendant 23 ans et qui a fait preuve de d\u00e9vouement et d'hospitalit\u00e9 avant de d\u00e9c\u00e9der en 2011.<\/p>\n<p class=\"\" data-start=\"430\" data-end=\"752\">Ce prix annuel, d\u00e9cern\u00e9 chaque ann\u00e9e en mai lors du Santa Monica Travel &amp; Tourism Summit en partenariat avec la chambre de commerce de Santa Monica, r\u00e9compense les personnes qui se surpassent dans le secteur. Les nominations sont ouvertes aux entreprises, aux r\u00e9sidents et aux visiteurs, et les laur\u00e9ats sont s\u00e9lectionn\u00e9s par un panel de pairs et de leaders du secteur.<\/p>\n<h5 data-start=\"430\" data-end=\"752\">Date limite de d\u00e9p\u00f4t des candidatures :<\/h5>\n<p data-start=\"430\" data-end=\"752\">1er juin 2026<\/p>\n                                <a href=\"https:\/\/www.santamonica.com\/fr\/je-suis-santa-monica\/formulaire-de-nomination-pour-le-prix-de-lesprit\/\" class=\"sun-title__cta-col1 button --primary-teal-button\" >Nommer ici<\/a>                            <\/div>\n            <div class=\"column-2\">\n                <h5>R\u00e8gles de nomination :<\/h5>\n<ul>\n<li>L'entreprise doit \u00eatre en r\u00e8gle avec la ville de Santa Monica et le SMTT.<\/li>\n<li>Disposer de tous les permis et licences requis par la loi.<\/li>\n<li>Tous les textes soumis deviennent la propri\u00e9t\u00e9 du SMTT et, en soumettant un texte, vous accordez irr\u00e9vocablement au SMTT le droit d'\u00e9diter, de reproduire, de publier, de diffuser et d'afficher le texte et tout mat\u00e9riel connexe que vous avez soumis. En soumettant une participation, vous d\u00e9clarez en outre que celle-ci ne viole aucun droit d'auteur, droit de publicit\u00e9 ou droit \u00e0 la vie priv\u00e9e, et vous acceptez de d\u00e9fendre et d'indemniser le SMTT pour toute r\u00e9clamation de ce type d\u00e9pos\u00e9e contre lui.<\/li>\n<li>Les candidats doivent \u00eatre dipl\u00f4m\u00e9s de l'atelier I Am Santa Monica.<\/li>\n<li>Tous les finalistes\/gagnants s\u00e9lectionn\u00e9s se verront offrir une place pour assister au Santa Monica Travel &amp; Tourism Summit en mai et devront accepter que leur nom et leur image soient utilis\u00e9s dans les promotions.<\/li>\n<li>Un (1) laur\u00e9at recevra le prix Thelma Parks Tourism Spirit Award et le nom du laur\u00e9at sera annonc\u00e9 lors du Travel &amp; Tourism Summit au mois de mai.<\/li>\n<li>Les nominations doivent \u00eatre soumises \u00e0 l'aide du formulaire ci-dessous.<\/li>\n<\/ul>\n                            <\/div>\n            <\/div>\n    <\/section>\n\n\n\n<div class=\"wp-block-columns is-layout-flex wp-container-core-columns-is-layout-28f84493 wp-block-columns-is-layout-flex base-block\">\n<div class=\"wp-block-column is-layout-flow wp-block-column-is-layout-flow base-block\">\n<h2 class=\"wp-block-heading base-block\">Parmi les anciens laur\u00e9ats, on peut citer<\/h2>\n\n\n\n<ul class=\"wp-block-list base-block\">\n<li class=\"base-block\">Chef Vittorio Lucariello, chef ex\u00e9cutif de Shutters on the Beach<\/li>\n\n\n\n<li class=\"base-block\">Ramon Jimenez-Bravo, superviseur de la r\u00e9ception \u00e0 l'h\u00f4tel Shore<\/li>\n\n\n\n<li class=\"base-block\">Modesta Melchor, Fairmont Miramar Hotel &amp; Bungalows<\/li>\n\n\n\n<li class=\"base-block\">Darius Smiley, Hyatt Centric Delfina Santa Monica<\/li>\n\n\n\n<li class=\"base-block\">Manju Raman, Huntley Santa Monica Beach<\/li>\n\n\n\n<li class=\"base-block\">Barbara Moss, Fairmont Miramar Hotel &amp; Bungalows<\/li>\n\n\n\n<li class=\"base-block\">Kat Wells, Circuit Santa Monica<\/li>\n\n\n\n<li class=\"base-block\">Melanie Lawson, Hilton Santa Monica Hotel &amp; Suites<\/li>\n\n\n\n<li class=\"base-block\">Derek Davis, ambassadeur du centre-ville de Santa Monica<\/li>\n\n\n\n<li class=\"base-block\">Jessica Mahone, responsable de la r\u00e9ception au Sandbourne Santa Monica<\/li>\n\n\n\n<li class=\"base-block\">Mickey Barnes, serveur au Lobster<\/li>\n\n\n\n<li class=\"base-block\">Elizabeth Wilsonhoyles, directrice des services aux visiteurs au Huntley Santa Monica Beach<\/li>\n<\/ul>\n<\/div>\n<\/div>\n\n\n\n<section class=\"image-section-break sm-block\">\n    <div class=\"image-section-break__image-wrapper\">\n                    <picture>\n                    <source\n                        media=\"(min-width: 768px)\"\n                        srcset=\"https:\/\/www.santamonica.com\/wp-content\/uploads\/2022\/07\/Santa-Monica-The-Bungalow-Employee-1656x574-1.png\"\n                    >\n                    <img decoding=\"async\" src=\"https:\/\/www.santamonica.com\/wp-content\/uploads\/2022\/07\/Santa-Monica-The-Bungalow-Employee-650x866-1.png\" class=\"image-section-break__image\" alt=\"Employ\u00e9 derri\u00e8re le bar du Bungalow \u00e0 Santa Monica.\" title=\"\">\n            <\/picture>\n                \n\n            <div class=\"img-lctn-tag --no-link image-section-break__image-caption --right\">Le bungalow<\/div>\n        <\/div>\n    <div class=\"image-section-break__text-content\">\n        <div class=\"image-section-break__first-content --theme3\">\n                                        <h2 class=\"image-section-break__title\">Quelqu'un vous a fait plaisir ?<\/h2>\n                                        <div class=\"image-section-break__body-copy wysiwyg\"><p>Santa Monica est un lieu de vie et de travail dynamique et recherch\u00e9. Son succ\u00e8s est d\u00fb en grande partie aux personnes qui sont \u00e0 l'origine du milliard de dollars g\u00e9n\u00e9r\u00e9 chaque ann\u00e9e par les recettes et les taxes du tourisme et de l'h\u00f4tellerie.<\/p>\n<p>Santa Monica Travel &amp; Tourism (SMTT) a eu la chance d'avoir une employ\u00e9e extraordinaire pendant 23 ans, Thelma Parks, qui est d\u00e9c\u00e9d\u00e9e en janvier 2011. En son honneur, nous avons cr\u00e9\u00e9 le \u201cThelma Parks Tourism Spirit Award\u201d pour r\u00e9compenser les services exceptionnels rendus \u00e0 l'industrie.<\/p>\n<\/div>\n                                <\/div>\n        <div class=\"image-section-break__second-content\">\n                            <div class=\"image-section-break__body-copy wysiwyg\"><p>Ce prix joue un r\u00f4le essentiel en encourageant et en r\u00e9compensant l'excellence, l'innovation et l'engagement dans l'industrie du tourisme et de l'h\u00f4tellerie. Les entreprises, les r\u00e9sidences et les visiteurs peuvent proposer des candidatures, qui seront examin\u00e9es et s\u00e9lectionn\u00e9es par un comit\u00e9 de pairs, d'experts et de dirigeants du secteur.<\/p>\n<p>Les laur\u00e9ats seront s\u00e9lectionn\u00e9s et honor\u00e9s chaque ann\u00e9e, en partenariat avec la chambre de commerce de Santa Monica. Le prix Thelma Parks Tourism Spirit Award est d\u00e9cern\u00e9 chaque ann\u00e9e au mois de mai lors du Santa Monica Travel &amp; Tourism Summit.<\/p>\n<\/div>\n                                <\/div>\n    <\/div>\n<\/section>\n\n\n\n<section class=\"image-section-break sm-block\">\n    <div class=\"image-section-break__image-wrapper\">\n                    <picture>\n                    <source\n                        media=\"(min-width: 768px)\"\n                        srcset=\"https:\/\/www.santamonica.com\/wp-content\/uploads\/2022\/07\/Santa-Monica-Pier-Aerial-1656x574-1.png\"\n                    >\n                    <img decoding=\"async\" src=\"https:\/\/www.santamonica.com\/wp-content\/uploads\/2022\/07\/Santa-Monica-Pier-Aerial-650x866-1.png\" class=\"image-section-break__image\" alt=\"Vue a\u00e9rienne de la jet\u00e9e de Santa Monica et du parc du Pacifique.\" title=\"\">\n            <\/picture>\n                \n\n            <div class=\"img-lctn-tag --no-link image-section-break__image-caption --right\">Jet\u00e9e de Santa Monica<\/div>\n        <\/div>\n    <div class=\"image-section-break__text-content\">\n        <div class=\"image-section-break__first-content --theme3\">\n                                        <h2 class=\"image-section-break__title\">Comment participer ? <\/h2>\n                                        <div class=\"image-section-break__body-copy wysiwyg\"><h4><span style=\"font-weight: 400;\">R\u00c8GLES DE NOMINATION :<\/span><\/h4>\n<ul>\n<li style=\"font-weight: 400;\" aria-level=\"1\"><span style=\"font-weight: 400;\">L'entreprise doit \u00eatre en r\u00e8gle avec la ville de Santa Monica et le SMTT.<\/span><\/li>\n<li style=\"font-weight: 400;\" aria-level=\"1\"><span style=\"font-weight: 400;\">Disposer de tous les permis et licences requis par la loi.<\/span><\/li>\n<li style=\"font-weight: 400;\" aria-level=\"1\"><span style=\"font-weight: 400;\">Tous les textes soumis deviennent la propri\u00e9t\u00e9 du SMTT et, en soumettant un texte, vous accordez irr\u00e9vocablement au SMTT le droit d'\u00e9diter, de reproduire, de publier, de diffuser et d'afficher le texte et tout mat\u00e9riel connexe que vous avez soumis. En soumettant une participation, vous d\u00e9clarez en outre que celle-ci ne viole aucun droit d'auteur, droit de publicit\u00e9 ou droit \u00e0 la vie priv\u00e9e, et vous acceptez de d\u00e9fendre et d'indemniser le SMTT pour toute r\u00e9clamation de ce type d\u00e9pos\u00e9e contre lui.<\/span><\/li>\n<\/ul>\n<\/div>\n                                <\/div>\n        <div class=\"image-section-break__second-content\">\n                            <div class=\"image-section-break__body-copy wysiwyg\"><ul>\n<li style=\"font-weight: 400;\" aria-level=\"1\"><span style=\"font-weight: 400;\">Les candidats doivent \u00eatre dipl\u00f4m\u00e9s de l <\/span><a href=\"https:\/\/www.santamonica.com\/fr\/je-suis-santa-monica\/\"><span style=\"font-weight: 400;\"><strong>Je suis Santa Monica<\/strong><\/span><\/a>\u00a0<span style=\"font-weight: 400;\">atelier.<\/span><\/li>\n<li style=\"font-weight: 400;\" aria-level=\"1\"><span style=\"font-weight: 400;\">Tous les finalistes\/gagnants s\u00e9lectionn\u00e9s se verront offrir une place pour assister au Santa Monica Travel &amp; Tourism Summit en mai et devront accepter que leur nom et leur image soient utilis\u00e9s dans les promotions.<\/span><\/li>\n<li style=\"font-weight: 400;\" aria-level=\"1\"><span style=\"font-weight: 400;\">Un (1) laur\u00e9at recevra le prix Thelma Parks Tourism Spirit Award et le nom du laur\u00e9at sera annonc\u00e9 lors du Travel &amp; Tourism Summit au mois de mai.<\/span><\/li>\n<li style=\"font-weight: 400;\" aria-level=\"1\"><span style=\"font-weight: 400;\">Les nominations doivent \u00eatre soumises en utilisant <strong><a href=\"https:\/\/www.santamonica.com\/fr\/je-suis-santa-monica\/formulaire-de-nomination-pour-le-prix-de-lesprit\/\">ce formulaire<\/a><\/strong>.<\/span><\/li>\n<\/ul>\n<p><span style=\"font-weight: 400;\">Merci de nous aider \u00e0 c\u00e9l\u00e9brer les employ\u00e9s qui cr\u00e9ent des exp\u00e9riences inoubliables pour nos visiteurs \u00e0 Santa Monica ! Si vous avez des questions concernant le prix Thelma Parks Tourism Spirit Award, veuillez contacter <\/span><a href=\"mailto:clientservices@santamonica.com\"><span style=\"font-weight: 400;\"><strong>clientservices@santamonica.com<\/strong><\/span><\/a><span style=\"font-weight: 400;\"> ou appeler le 310-319-6263.<\/span><\/p>\n<\/div>\n                                <\/div>\n    <\/div>\n<\/section>","protected":false},"excerpt":{"rendered":"<p>Parmi les anciens laur\u00e9ats, on peut citer<\/p>","protected":false},"author":1421,"featured_media":348388,"parent":0,"menu_order":0,"comment_status":"closed","ping_status":"closed","template":"template-editorial.php","meta":{"_acf_changed":false,"inline_featured_image":false,"footnotes":""},"silos":[],"class_list":["post-338356","page","type-page","status-publish","has-post-thumbnail","hentry"],"acf":[],"_links":{"self":[{"href":"https:\/\/www.santamonica.com\/fr\/wp-json\/wp\/v2\/pages\/338356","targetHints":{"allow":["GET"]}}],"collection":[{"href":"https:\/\/www.santamonica.com\/fr\/wp-json\/wp\/v2\/pages"}],"about":[{"href":"https:\/\/www.santamonica.com\/fr\/wp-json\/wp\/v2\/types\/page"}],"author":[{"embeddable":true,"href":"https:\/\/www.santamonica.com\/fr\/wp-json\/wp\/v2\/users\/1421"}],"replies":[{"embeddable":true,"href":"https:\/\/www.santamonica.com\/fr\/wp-json\/wp\/v2\/comments?post=338356"}],"version-history":[{"count":83,"href":"https:\/\/www.santamonica.com\/fr\/wp-json\/wp\/v2\/pages\/338356\/revisions"}],"predecessor-version":[{"id":791546,"href":"https:\/\/www.santamonica.com\/fr\/wp-json\/wp\/v2\/pages\/338356\/revisions\/791546"}],"wp:featuredmedia":[{"embeddable":true,"href":"https:\/\/www.santamonica.com\/fr\/wp-json\/wp\/v2\/media\/348388"}],"wp:attachment":[{"href":"https:\/\/www.santamonica.com\/fr\/wp-json\/wp\/v2\/media?parent=338356"}],"wp:term":[{"taxonomy":"silos","embeddable":true,"href":"https:\/\/www.santamonica.com\/fr\/wp-json\/wp\/v2\/silos?post=338356"}],"curies":[{"name":"wp","href":"https:\/\/api.w.org\/{rel}","templated":true}]}}