{"id":337201,"date":"2022-06-06T16:02:43","date_gmt":"2022-06-06T23:02:43","guid":{"rendered":"https:\/\/www.santamonica.com\/?page_id=337201"},"modified":"2025-12-09T08:29:27","modified_gmt":"2025-12-09T16:29:27","slug":"pourquoi-faire-des-achats-a-santa-monica","status":"publish","type":"page","link":"https:\/\/www.santamonica.com\/fr\/shopping\/why-shop-in-santa-monica\/","title":{"rendered":"Pourquoi faire ses courses \u00e0 Santa Monica"},"content":{"rendered":"<section class=\"stakeholder-feed sm-block js-stk-root sm-block\">\n    <div class=\"stakeholder-feed__top\">\n        <div class=\"stakeholder-feed__intro\">\n                            <h2 class=\"stakeholder-feed__headline\">Trouver le cadeau id\u00e9al<\/h2>                                        <div class=\"stakeholder-feed__intro-body wysiwyg\">\n                    <p>Commencez au centre-ville \u00e0 <a href=\"https:\/\/www.santamonica.com\/fr\/achats\/santa-monica-place\/\">Place Santa Monica<\/a>. Cette zone commerciale de luxe abrite des magasins de renomm\u00e9e mondiale tels que <a href=\"https:\/\/www.santamonica.com\/fr\/achats\/louis-vuitton\/\">Louis Vuitton<\/a>, <a href=\"https:\/\/www.santamonica.com\/fr\/achats\/nike\/\">Nike<\/a> et <a href=\"https:\/\/www.santamonica.com\/fr\/achats\/tiffany-co\/\">Tiffany &amp; Co<\/a>. De plus, avec le service de livraison le jour m\u00eame de Santa Monica Place, vous \u00eates libre d'acheter autant que vous le souhaitez...<em>sans<\/em> Vous n'avez pas \u00e0 vous soucier de la fa\u00e7on dont vous le ram\u00e8nerez \u00e0 votre h\u00f4tel.<\/p>\n                <\/div>\n                    <\/div>\n        <div class=\"stakeholder-feed__nav-section\">\n                            <h3 class=\"stakeholder-feed__feed-title\">Voir tous les magasins<\/h3>                                        <a href=\"https:\/\/www.santamonica.com\/fr\/achats\/\" class=\"stakeholder-feed__feed-cta button --primary-teal-button\" >Voir tout<\/a>            \n                        <div class=\"stakeholder-feed__pagination xxx--desktop-hide\">\n                <div class=\"swiper-button-prev stakeholder-feed__pagination-prev\"><\/div>\n                <div class=\"swiper-button-next stakeholder-feed__pagination-next\"><\/div>\n            <\/div>\n        <\/div>\n    <\/div>\n    <div class=\"stakeholder-feed__bottom\">\n        <div class=\"stakeholder-feed__feed-list-wrapper swiper js-stk-swiper\">\n            <ul class=\"stakeholder-feed__feed-list swiper-wrapper js-stk-wrapper\">\n                    <li class=\"swiper-slide stakeholder-card --theme3\">\n        <a class=\"stakeholder-card__link\" href=\"https:\/\/www.santamonica.com\/fr\/westwood-appliance\/\">\n            <div class=\"stakeholder-card__image\">\n                <img decoding=\"async\" src=\"https:\/\/www.santamonica.com\/wp-content\/uploads\/2024\/05\/placeholder_style-400x400.jpg\" alt=\"Westwood Appliance\" title=\"\">\n            <\/div>\n            <div class=\"stakeholder-card__stk-info\">\n                <div class=\"stakeholder-card__stk-name\">Westwood Appliance<\/div>\n                <div class=\"stakeholder-card__stk-cat\">Achats<\/div>\n            <\/div>\n        <\/a>\n    <\/li>\n        <li class=\"swiper-slide stakeholder-card --theme3\">\n        <a class=\"stakeholder-card__link\" href=\"https:\/\/www.santamonica.com\/fr\/shopping\/brows-by-naomi\/\">\n            <div class=\"stakeholder-card__image\">\n                <img decoding=\"async\" src=\"https:\/\/assets.simpleviewinc.com\/simpleview\/image\/upload\/crm\/santamonica\/THE-BROW-FIXX-COVER-PHOTO_459FDFBF-816D-46D5-9C8B804671E97593_84280fc4-2fe1-44eb-b6c04f0425c4dc6e.png\" alt=\"La fixation des sourcils\" title=\"\">\n            <\/div>\n            <div class=\"stakeholder-card__stk-info\">\n                <div class=\"stakeholder-card__stk-name\">La fixation des sourcils<\/div>\n                <div class=\"stakeholder-card__stk-cat\">Cosm\u00e9tique\/beaut\u00e9<\/div>\n            <\/div>\n        <\/a>\n    <\/li>\n        <li class=\"swiper-slide stakeholder-card --theme3\">\n        <a class=\"stakeholder-card__link\" href=\"https:\/\/www.santamonica.com\/fr\/shopping\/montana-optometry\/\">\n            <div class=\"stakeholder-card__image\">\n                <img decoding=\"async\" src=\"https:\/\/www.santamonica.com\/wp-content\/uploads\/2024\/05\/placeholder_style-400x400.jpg\" alt=\"Montana Optom\u00e9trie\" title=\"\">\n            <\/div>\n            <div class=\"stakeholder-card__stk-info\">\n                <div class=\"stakeholder-card__stk-name\">Montana Optom\u00e9trie<\/div>\n                <div class=\"stakeholder-card__stk-cat\">Achats<\/div>\n            <\/div>\n        <\/a>\n    <\/li>\n        <li class=\"swiper-slide stakeholder-card --theme3\">\n        <a class=\"stakeholder-card__link\" href=\"https:\/\/www.santamonica.com\/fr\/shopping\/deluxe-nail-bar-and-spa\/\">\n            <div class=\"stakeholder-card__image\">\n                <img decoding=\"async\" src=\"https:\/\/www.santamonica.com\/wp-content\/uploads\/2024\/05\/placeholder_style-400x400.jpg\" alt=\"Bar \u00e0 ongles et spa de luxe\" title=\"\">\n            <\/div>\n            <div class=\"stakeholder-card__stk-info\">\n                <div class=\"stakeholder-card__stk-name\">Bar \u00e0 ongles et spa de luxe<\/div>\n                <div class=\"stakeholder-card__stk-cat\">Salon de coiffure<\/div>\n            <\/div>\n        <\/a>\n    <\/li>\n                <\/ul>\n        <\/div>\n    <\/div>\n<\/section>\n\n\n\n<div class=\"wp-block-columns is-layout-flex wp-container-core-columns-is-layout-28f84493 wp-block-columns-is-layout-flex base-block\">\n<div class=\"wp-block-column is-layout-flow wp-block-column-is-layout-flow base-block\">\n<h4 class=\"wp-block-heading base-block\">Styles uniques<\/h4>\n\n\n\n<p class=\"base-block\">Trouvez des cadeaux sympas et des robes mignonnes sur le site <a href=\"https:\/\/www.santamonica.com\/fr\/achats\/magasin-de-brats\/\">Magasin de brats<\/a>, Le site Internet de l'association de l'industrie du textile et de l'habillement, ainsi que les v\u00eatements et les accessoires \u00e0 caract\u00e8re international, sont disponibles sur le site <a href=\"https:\/\/www.santamonica.com\/fr\/achats\/boutique-kathmandou\/\">Boutique Katmandou<\/a>.<\/p>\n<\/div>\n\n\n\n<div class=\"wp-block-column is-layout-flow wp-block-column-is-layout-flow base-block\">\n<h4 class=\"wp-block-heading base-block\">Produits verts<\/h4>\n\n\n\n<p class=\"base-block\">Au sud de Pico Boulevard, pr\u00e8s de la plage, Main Street abrite plusieurs magasins ind\u00e9pendants et respectueux de l'environnement, probablement inspir\u00e9s par la culture de plein air de Santa Monica.<\/p>\n<\/div>\n\n\n\n<div class=\"wp-block-column is-layout-flow wp-block-column-is-layout-flow base-block\">\n<h4 class=\"wp-block-heading base-block\">M\u00e9dia Vintage<\/h4>\n\n\n\n<p class=\"base-block\">Vous aimez les m\u00e9dias anciens ? Les rats de biblioth\u00e8que et les amateurs de vinyle devraient se rendre \u00e0 l'adresse suivante <a href=\"https:\/\/www.santamonica.com\/fr\/achats\/livres-de-la-ville-des-anges\/\">Angel City Books<\/a> pour une s\u00e9lection \u00e9clectique de disques vinyles et de livres d'occasion.<\/p>\n<\/div>\n<\/div>\n\n\n\n<section class=\"image-section-break sm-block\">\n    <div class=\"image-section-break__image-wrapper\">\n                    <picture>\n                    <source\n                        media=\"(min-width: 768px)\"\n                        srcset=\"https:\/\/www.santamonica.com\/wp-content\/uploads\/2022\/07\/Promenade1656x574.jpg\"\n                    >\n                    <img decoding=\"async\" src=\"https:\/\/www.santamonica.com\/wp-content\/uploads\/2022\/07\/Promenade650x866.jpg\" class=\"image-section-break__image\" alt=\"Personnes marchant sur la promenade pendant la journ\u00e9e ; Third Street Promenade\" title=\"\">\n            <\/picture>\n                \n\n    <\/div>\n    <div class=\"image-section-break__text-content\">\n        <div class=\"image-section-break__first-content --theme3\">\n                            <div class=\"image-section-break__eyebrow-text\">Lieux de shopping c\u00e9l\u00e8bres<\/div>\n                                        <h2 class=\"image-section-break__title\">Magasins connus<\/h2>\n                                        <div class=\"image-section-break__body-copy wysiwyg\"><p>\u00c0 un p\u00e2t\u00e9 de maisons au nord de Santa Monica Place, au c\u0153ur du centre-ville de Santa Monica, se trouve <a href=\"https:\/\/www.santamonica.com\/fr\/experience-santa-monica\/quartiers\/centre-ville-de-santa-monica-promenade-de-la-3e-rue\/\">Promenade de la troisi\u00e8me rue<\/a>\u00a0qui s'\u00e9tend de Wilshire \u00e0 Broadway. Elle a \u00e9t\u00e9 ferm\u00e9e aux voitures en 1965, cr\u00e9ant ainsi un havre de paix pour les pi\u00e9tons. Bien qu'il soit principalement bord\u00e9 de magasins de v\u00eatements plus classiques tels que <a href=\"https:\/\/www.santamonica.com\/fr\/achats\/gap-babygap-gapkids\/\">\u00c9cart<\/a>, <a href=\"https:\/\/www.santamonica.com\/fr\/achats\/anthropologie\/\">Anthropologie<\/a>, <a href=\"https:\/\/www.santamonica.com\/fr\/achats\/chaussures-adidas\/\">Adidas<\/a> et <a href=\"https:\/\/www.santamonica.com\/fr\/achats\/sephora\/\">Sephora<\/a>, Il conserve une ambiance typiquement sud-californienne.<\/p>\n<\/div>\n                                <\/div>\n        <div class=\"image-section-break__second-content\">\n                            <div class=\"image-section-break__body-copy wysiwyg\"><p>En vous d\u00e9tendant sur un banc entour\u00e9 de palmiers et de magnifiques fleurs, vous pourrez appr\u00e9cier les talents des divers artistes de rue qui se pressent sur cette portion de trois p\u00e2t\u00e9s de maisons. Si vous quittez la Promenade pour vous rendre sur la deuxi\u00e8me ou la quatri\u00e8me rue, vous trouverez de petites boutiques de Santa Monica qui proposent des cadeaux uniques.<\/p>\n<p>Rendez-vous \u00e0 l'adresse suivante <a href=\"https:\/\/www.santamonica.com\/fr\/achats\/camionnettes\/\">Vans<\/a> situ\u00e9 en face de Santa Monica Place, l'un des premiers points de vente de la soci\u00e9t\u00e9, pour d\u00e9couvrir les derni\u00e8res \u00e9ditions des chaussures \u00e0 pont embl\u00e9matiques de la marque, devenues populaires aupr\u00e8s des skateurs du sud de la Californie \u00e0 la fin des ann\u00e9es 1960.<\/p>\n<\/div>\n                                <\/div>\n    <\/div>\n<\/section>\n\n\n\n<section class=\"two-images container-max sm-block  sm-block\">\n    <div class=\"two-images__container\">\n\n        <div class=\"two-images__column\">\n            <div class=\"two-images__content\">\n                <div class=\"two-images__content-header-container\">\n                                            <h2 class=\"two-images__content-header\">Seulement \u00e0 Santa Monica<\/h2>                                    <\/div>\n                                    <div class=\"two-images__content-body wysiwyg\">\n                        <p>De Lincoln \u00e0 la 17e rue, Montana Avenue est parsem\u00e9e de boutiques haut de gamme de Santa Monica et de boutiques de pr\u00eat-\u00e0-porter f\u00e9minin proposant des marques que l'on ne trouve habituellement que dans les grandes surfaces.<\/p>\n<p>\u00c9tiquettes comme <a href=\"https:\/\/www.santamonica.com\/fr\/achats\/splendide\/\">Splendide<\/a>, <a href=\"https:\/\/www.santamonica.com\/fr\/achats\/jill-roberts\/\">Jill Roberts<\/a> et <a href=\"https:\/\/www.santamonica.com\/fr\/achats\/margaret-oleary\/\">Margaret O'Leary<\/a> ont leurs propres espaces d\u00e9di\u00e9s ici, offrant des s\u00e9lections plus larges et plus vari\u00e9es.<\/p>\n<p>Ne manquez pas de consacrer du temps \u00e0 des boutiques typiquement californiennes telles que <a href=\"https:\/\/www.santamonica.com\/fr\/achats\/bijoux-de-fantaisie\/\">Accents Jewelry Design<\/a>, une boutique d'accessoires consacr\u00e9e aux cr\u00e9ateurs locaux.<\/p>\n                    <\/div>\n                                            <\/div>\n        <\/div>\n\n        <div class=\"two-images__column\">\n                            <div class=\"two-images__image-container\">\n                    <img decoding=\"async\" width=\"425\" height=\"505\" src=\"https:\/\/www.santamonica.com\/wp-content\/uploads\/2022\/06\/only-in-santa-monica-shopping.jpg\" class=\"two-images__image\" alt=\"uniquement \u00e0 santa monica shopping\" loading=\"lazy\" srcset=\"https:\/\/www.santamonica.com\/wp-content\/uploads\/2022\/06\/only-in-santa-monica-shopping.jpg 425w, https:\/\/www.santamonica.com\/wp-content\/uploads\/2022\/06\/only-in-santa-monica-shopping-252x300.jpg 252w, https:\/\/www.santamonica.com\/wp-content\/uploads\/2022\/06\/only-in-santa-monica-shopping-126x150.jpg 126w\" sizes=\"auto, (max-width: 425px) 100vw, 425px\" title=\"\">                    \n\n            <div class=\"img-lctn-tag --no-link two-images__image-caption --right\">Accents Jewelry Design<\/div>\n                    <\/div>\n                    <\/div>\n\n        <div class=\"two-images__column\">\n                            <div class=\"two-images__image-container\">\n                    <img decoding=\"async\" width=\"600\" height=\"464\" src=\"https:\/\/www.santamonica.com\/wp-content\/uploads\/2022\/07\/Shop600x464.jpg\" class=\"two-images__image\" alt=\"Caissi\u00e8re souriant et remettant son sac au client ; chapeaux plac\u00e9s sur le mur derri\u00e8re elle\" loading=\"lazy\" srcset=\"https:\/\/www.santamonica.com\/wp-content\/uploads\/2022\/07\/Shop600x464.jpg 600w, https:\/\/www.santamonica.com\/wp-content\/uploads\/2022\/07\/Shop600x464-300x232.jpg 300w, https:\/\/www.santamonica.com\/wp-content\/uploads\/2022\/07\/Shop600x464-194x150.jpg 194w\" sizes=\"auto, (max-width: 600px) 100vw, 600px\" title=\"\">                    \n\n            <div class=\"img-lctn-tag --no-link two-images__image-caption --right\">Texture : Un magasin de pulls<\/div>\n                    <\/div>\n                    <\/div>\n\n    <\/div>\n<\/section>\n\n\n<section class=\"blog-feed --theme8 sm-block\">\n    <div class=\"blog-feed__content\">\n        <div class=\"blog-feed__intro\">\n                            <div class=\"blog-feed__eyebrow eyebrow\">Blogs<\/div>                                        <h2 class=\"blog-feed__headline\">Acheter, ne pas laisser tomber <\/h2>                                        <div class=\"blog-feed__body\"><p>Gr\u00e2ce \u00e0 un syst\u00e8me de transport public tr\u00e8s r\u00e9pandu et \u00e0 de nombreuses pistes cyclables, il est incroyablement facile de se d\u00e9placer \u00e0 Santa Monica et d'y faire ses courses.<\/p>\n<\/div>\n                                        <a class=\"blog-feed__cta\" href=\"https:\/\/www.santamonica.com\/fr\/articles-de-blog\/\">Voir tous les blogs<\/a>\n                    <\/div>\n\n        <ul class=\"blog-feed__list\">\n                                                <li class=\"blog-feed__item\">\n                        <a href=\"https:\/\/www.santamonica.com\/fr\/trip-planner\/santa-monica-travel-hacks\/\" class=\"blog-feed__item-link\">\n                            <div class=\"blog-feed__image-ratio\">\n                                <img decoding=\"async\" class=\"blog-feed__image\" src=\"https:\/\/www.santamonica.com\/wp-content\/uploads\/2021\/05\/Santa-Monica-Travel-Hacks-Featured-400x400.jpg\" alt=\"Conseils de voyage pour des vacances inoubliables \u00e0 Santa Monica\" title=\"\">\n                            <\/div>\n                            <div class=\"blog-feed__card-title\">Conseils de voyage pour des vacances inoubliables \u00e0 Santa Monica<\/div>\n                        <\/a>\n                    <\/li>\n                                                                <li class=\"blog-feed__item\">\n                        <a href=\"https:\/\/www.santamonica.com\/fr\/shopping\/santa-monica-shopping-splurge-save\/\" class=\"blog-feed__item-link\">\n                            <div class=\"blog-feed__image-ratio\">\n                                <img decoding=\"async\" class=\"blog-feed__image\" src=\"https:\/\/www.santamonica.com\/wp-content\/uploads\/2019\/10\/shopping-400x400.jpg\" alt=\"Santa Monica Shopping : Faire des folies ou \u00e9conomiser\" title=\"\">\n                            <\/div>\n                            <div class=\"blog-feed__card-title\">Santa Monica Shopping : Faire des folies ou \u00e9conomiser<\/div>\n                        <\/a>\n                    <\/li>\n                                    <\/ul>\n    <\/div>\n<\/section>\n\n\n\n<p class=\"base-block\"><\/p>","protected":false},"excerpt":{"rendered":"<p>Unique Styles Find cool gifts and cute dresses at the Brat Store, plus clothing and accessories with an international flair at Kathmandu Boutique. Green Products South of Pico Boulevard near the beach, Main Street is home to several indie, eco-friendly stores\u2013possibly inspired by Santa Monica\u2019s outdoor culture. Vintage Media Love vintage media? Bookworms and vinyl nerds should hit up Angel City Books for a curated and eclectic selection of vinyl records and used books.<\/p>","protected":false},"author":1450,"featured_media":337218,"parent":0,"menu_order":0,"comment_status":"closed","ping_status":"closed","template":"template-editorial.php","meta":{"_acf_changed":false,"inline_featured_image":false,"footnotes":""},"silos":[3898],"class_list":["post-337201","page","type-page","status-publish","has-post-thumbnail","hentry"],"acf":[],"_links":{"self":[{"href":"https:\/\/www.santamonica.com\/fr\/wp-json\/wp\/v2\/pages\/337201","targetHints":{"allow":["GET"]}}],"collection":[{"href":"https:\/\/www.santamonica.com\/fr\/wp-json\/wp\/v2\/pages"}],"about":[{"href":"https:\/\/www.santamonica.com\/fr\/wp-json\/wp\/v2\/types\/page"}],"author":[{"embeddable":true,"href":"https:\/\/www.santamonica.com\/fr\/wp-json\/wp\/v2\/users\/1450"}],"replies":[{"embeddable":true,"href":"https:\/\/www.santamonica.com\/fr\/wp-json\/wp\/v2\/comments?post=337201"}],"version-history":[{"count":48,"href":"https:\/\/www.santamonica.com\/fr\/wp-json\/wp\/v2\/pages\/337201\/revisions"}],"predecessor-version":[{"id":778660,"href":"https:\/\/www.santamonica.com\/fr\/wp-json\/wp\/v2\/pages\/337201\/revisions\/778660"}],"wp:featuredmedia":[{"embeddable":true,"href":"https:\/\/www.santamonica.com\/fr\/wp-json\/wp\/v2\/media\/337218"}],"wp:attachment":[{"href":"https:\/\/www.santamonica.com\/fr\/wp-json\/wp\/v2\/media?parent=337201"}],"wp:term":[{"taxonomy":"silos","embeddable":true,"href":"https:\/\/www.santamonica.com\/fr\/wp-json\/wp\/v2\/silos?post=337201"}],"curies":[{"name":"wp","href":"https:\/\/api.w.org\/{rel}","templated":true}]}}