{"id":336491,"date":"2022-05-27T16:36:34","date_gmt":"2022-05-27T23:36:34","guid":{"rendered":"https:\/\/www.santamonica.com\/?page_id=336491"},"modified":"2025-11-10T07:54:43","modified_gmt":"2025-11-10T15:54:43","slug":"meilleure-periode-pour-visiter","status":"publish","type":"page","link":"https:\/\/www.santamonica.com\/fr\/experience-santa-monica\/best-time-to-visit\/","title":{"rendered":"Meilleure p\u00e9riode pour visiter"},"content":{"rendered":"<section class=\"sun-title sm-block --theme6 sm-block\">\n            <h2 class=\"sun-title__headline\">Visiter Santa Monica en \u00e9t\u00e9<\/h2>    \n            <div class=\"sun-title__body  wysiwyg\">\n                    <p>L'\u00e9t\u00e9 \u00e0 Santa Monica, c'est l'heure de la plage : soleil chaud, \u00e9v\u00e9nements chauds et, malheureusement, prix chauds. Les bonnes affaires (comme la pluie) sont rares \u00e0 cette \u00e9poque de l'ann\u00e9e, mais cela ne doit pas vous emp\u00eacher de passer \u00e0 c\u00f4t\u00e9 d'activit\u00e9s saisonni\u00e8res embl\u00e9matiques. Voici la r\u00e9partition des \u00e9v\u00e9nements mois par mois pour vous aider \u00e0 planifier.<\/p>\n<p>En <strong>Juin<\/strong>, En ce d\u00e9but d'ann\u00e9e, nous saluons la LA Pride et le d\u00e9but des vacances d'\u00e9t\u00e9. Le temps est ensoleill\u00e9, avec une moyenne de 66\u00b0 au plus haut et de 59\u00b0 au plus bas.<\/p>\n<p>En <strong>Juillet<\/strong>, Santa Monica c\u00e9l\u00e8bre le Jour de l'Ind\u00e9pendance dans le plus pur style californien. Le temps est ensoleill\u00e9, avec une moyenne de 69\u00b0 au plus haut et de 62\u00b0 au plus bas.<\/p>\n<p>En <strong>Ao\u00fbt<\/strong>, En cette fin de vacances d'\u00e9t\u00e9, les habitants et les touristes continuent de profiter du soleil. Le temps est ensoleill\u00e9, avec une moyenne de 70\u00b0 au plus haut et de 63\u00b0 au plus bas.<\/p>\n                        <\/div>\n    <\/section>\n\n\n\n<section class=\"two-images container-max sm-block  sm-block\">\n    <div class=\"two-images__container\">\n\n        <div class=\"two-images__column\">\n            <div class=\"two-images__content\">\n                <div class=\"two-images__content-header-container\">\n                                            <h2 class=\"two-images__content-header\">L'automne \u00e0 Santa Monica<\/h2>                                    <\/div>\n                                    <div class=\"two-images__content-body wysiwyg\">\n                        <p>L'automne est le moment id\u00e9al pour visiter Santa Monica : le temps (et les prix) se rafra\u00eechissent et les bonnes affaires abondent.<\/p>\n<p>En <strong>Septembre<\/strong>, L'\u00e9t\u00e9, les estivants rentrent chez eux. Le temps est ensoleill\u00e9 avec une moyenne de 71\u00b0 au plus haut et de 63\u00b0 au plus bas.<\/p>\n<p>En <strong>Octobre<\/strong>, Le festival Abbot Kinney attire les foules. Le temps est ensoleill\u00e9, avec une moyenne de 70\u00b0 au plus haut et de 59\u00b0 au plus bas.<\/p>\n<p>En <strong>Novembre<\/strong>, Les visiteurs du monde entier affluent \u00e0 l'American Film Market. Le temps est ensoleill\u00e9, avec une moyenne de 67\u00b0 au plus haut et de 54\u00b0 au plus bas.<\/p>\n                    <\/div>\n                                            <\/div>\n        <\/div>\n\n        <div class=\"two-images__column\">\n                            <div class=\"two-images__image-container\">\n                    <img decoding=\"async\" width=\"425\" height=\"505\" src=\"https:\/\/www.santamonica.com\/wp-content\/uploads\/2022\/05\/santa-monica-weather.jpg\" class=\"two-images__image\" alt=\"m\u00e9t\u00e9o de santa monica\" loading=\"lazy\" srcset=\"https:\/\/www.santamonica.com\/wp-content\/uploads\/2022\/05\/santa-monica-weather.jpg 425w, https:\/\/www.santamonica.com\/wp-content\/uploads\/2022\/05\/santa-monica-weather-252x300.jpg 252w, https:\/\/www.santamonica.com\/wp-content\/uploads\/2022\/05\/santa-monica-weather-126x150.jpg 126w\" sizes=\"auto, (max-width: 425px) 100vw, 425px\" title=\"\">                    \n\n                <\/div>\n                    <\/div>\n\n        <div class=\"two-images__column\">\n                            <div class=\"two-images__image-container\">\n                    <img decoding=\"async\" width=\"600\" height=\"565\" src=\"https:\/\/www.santamonica.com\/wp-content\/uploads\/2022\/05\/when-visit-santa-monica.jpg\" class=\"two-images__image\" alt=\"quand visiter santa monica\" loading=\"lazy\" srcset=\"https:\/\/www.santamonica.com\/wp-content\/uploads\/2022\/05\/when-visit-santa-monica.jpg 600w, https:\/\/www.santamonica.com\/wp-content\/uploads\/2022\/05\/when-visit-santa-monica-300x283.jpg 300w, https:\/\/www.santamonica.com\/wp-content\/uploads\/2022\/05\/when-visit-santa-monica-159x150.jpg 159w\" sizes=\"auto, (max-width: 600px) 100vw, 600px\" title=\"\">                    \n\n            <div class=\"img-lctn-tag --no-link two-images__image-caption --right\">Parc des Palissades<\/div>\n                    <\/div>\n                    <\/div>\n\n    <\/div>\n<\/section>\n\n\n<section class=\"image-slider --theme1 sm-block\" >\n    <div class=\"image-slider__wrapper\">\n                    <div class=\"image-slider__copy wysiwyg\"><h2>L'hiver \u00e0 Santa Monica<\/h2>\n<p>L'hiver est la p\u00e9riode de l'ann\u00e9e la plus abordable pour visiter Santa Monica, avec de nombreuses offres et des \u00e9v\u00e9nements sympas.<\/p>\n<p>En <strong>D\u00e9cembre<\/strong>, Apr\u00e8s les f\u00eates de fin d'ann\u00e9e, les vacances de No\u00ebl et le r\u00e9veillon du Nouvel An sont \u00e0 l'ordre du jour. Le temps est partiellement ensoleill\u00e9, avec un maximum de 65\u00b0 et un minimum de 51\u00b0.<\/p>\n<p>En <strong>Janvier<\/strong>, La semaine des restaurants de Santa Monica et de Dine LA se d\u00e9roule sous le signe de la gastronomie. Le temps est partiellement ensoleill\u00e9, avec un maximum de 64\u00b0 et un minimum de 50\u00b0.<\/p>\n<p>En <strong>F\u00e9vrier<\/strong>, Le temps est au beau fixe, c'est l'heure de la remise des Oscars. Le temps est partiellement ensoleill\u00e9 avec un maximum de 63\u00b0 et un minimum de 51\u00b0.<\/p>\n<\/div>\n                <div class=\"image-slider__slider right\">\n                            <!-- Slider main container -->\n                <div class=\"swiper\">\n                    <!-- Additional required wrapper -->\n                    <div class=\"swiper-wrapper\">\n                        <!-- Slides -->\n                                                    <div class=\"swiper-slide\">\n                                <img decoding=\"async\" width=\"1024\" height=\"576\" src=\"https:\/\/www.santamonica.com\/wp-content\/uploads\/2022\/05\/winter-santa-monica.jpg\" class=\"swiper-slide__image\" alt=\"hiver santa monica\" loading=\"lazy\" srcset=\"https:\/\/www.santamonica.com\/wp-content\/uploads\/2022\/05\/winter-santa-monica.jpg 1024w, https:\/\/www.santamonica.com\/wp-content\/uploads\/2022\/05\/winter-santa-monica-300x169.jpg 300w, https:\/\/www.santamonica.com\/wp-content\/uploads\/2022\/05\/winter-santa-monica-267x150.jpg 267w, https:\/\/www.santamonica.com\/wp-content\/uploads\/2022\/05\/winter-santa-monica-768x432.jpg 768w\" sizes=\"auto, (max-width: 1024px) 100vw, 1024px\" title=\"\">                                \n\n            <a href=\"https:\/\/www.santamonica.com\/fr\/choses-a-faire\/parc-des-palissades\/\"  class=\"img-lctn-tag --right\">\n            <div class=\"img-lctn-tag-inside-link image-slider__image-caption right\">Parc des Palissades<\/div>\n        <\/a>\n                                <\/div>\n                                            <\/div>\n                                    <\/div>\n                    <\/div>\n    <\/div>\n<\/section>\n\n\n\n<div class=\"wp-block-columns is-layout-flex wp-container-core-columns-is-layout-28f84493 wp-block-columns-is-layout-flex base-block\">\n<div class=\"wp-block-column is-layout-flow wp-block-column-is-layout-flow base-block\">\n<h4 class=\"wp-block-heading base-block\">Mars<\/h4>\n\n\n\n<p class=\"base-block\">Lorsque le printemps - enfin, les printemps - commence \u00e0 se r\u00e9chauffer, il en va de m\u00eame pour le temps : partiellement ensoleill\u00e9 avec une moyenne de 62\u00b0 au plus haut et de 52\u00b0 au plus bas. Les vacanciers se rendent sur les magnifiques plages de Santa Monica et les amateurs de jogging se lancent dans le marathon annuel de Los Angeles.<\/p>\n<\/div>\n\n\n\n<div class=\"wp-block-column is-layout-flow wp-block-column-is-layout-flow base-block\">\n<h4 class=\"wp-block-heading base-block\">Avril<\/h4>\n\n\n\n<p class=\"base-block\">La f\u00eate ne s'arr\u00eate pas l\u00e0 : les voyageurs en vacances de printemps continuent de profiter des temp\u00e9ratures douces de Santa Monica pendant le mois d'avril. Heureusement, les prix baissent, mais seulement pour un temps. Le temps est ensoleill\u00e9, avec une moyenne de 63\u00b0 au plus haut et de 54\u00b0 au plus bas.<\/p>\n<\/div>\n\n\n\n<div class=\"wp-block-column is-layout-flow wp-block-column-is-layout-flow base-block\">\n<h4 class=\"wp-block-heading base-block\">Mai<\/h4>\n\n\n\n<p class=\"base-block\">En mai, les habitants de Santa Monica se pr\u00e9parent \u00e0 l'\u00e9t\u00e9, tout comme les visiteurs. C'est le moment id\u00e9al pour visiter et profiter de temp\u00e9ratures parfaites \u00e0 des prix parfaits. Attention : les bonnes affaires sont difficiles \u00e0 trouver. Le temps est ensoleill\u00e9, avec une moyenne de 64\u00b0 au plus haut et de 56\u00b0 au plus bas.<\/p>\n<\/div>\n<\/div>\n\n\n<section class=\"stakeholder-feed sm-block js-stk-root sm-block\">\n    <div class=\"stakeholder-feed__top\">\n        <div class=\"stakeholder-feed__intro\">\n                            <h2 class=\"stakeholder-feed__headline\">R\u00e9servez votre h\u00f4tel <\/h2>                                        <div class=\"stakeholder-feed__intro-body wysiwyg\">\n                    <p>Hiver, printemps, \u00e9t\u00e9 ou automne, c'est toujours le moment id\u00e9al pour visiter Santa Monica. Pourquoi ? Parce qu'il y a toujours quelque chose de g\u00e9nial \u00e0 faire ici. R\u00e9servez votre h\u00e9bergement d\u00e8s aujourd'hui et trouvez le s\u00e9jour id\u00e9al pour votre voyage !<\/p>\n                <\/div>\n                    <\/div>\n        <div class=\"stakeholder-feed__nav-section\">\n                            <h3 class=\"stakeholder-feed__feed-title\">Santa Monica H\u00f4tels<\/h3>                                        <a href=\"https:\/\/www.santamonica.com\/fr\/hotels\/\" class=\"stakeholder-feed__feed-cta button --primary-teal-button\" >Voir tout<\/a>            \n                        <div class=\"stakeholder-feed__pagination xxx--desktop-hide\">\n                <div class=\"swiper-button-prev stakeholder-feed__pagination-prev\"><\/div>\n                <div class=\"swiper-button-next stakeholder-feed__pagination-next\"><\/div>\n            <\/div>\n        <\/div>\n    <\/div>\n    <div class=\"stakeholder-feed__bottom\">\n        <div class=\"stakeholder-feed__feed-list-wrapper swiper js-stk-swiper\">\n            <ul class=\"stakeholder-feed__feed-list swiper-wrapper js-stk-wrapper\">\n                    <li class=\"swiper-slide stakeholder-card --theme3\">\n        <a class=\"stakeholder-card__link\" href=\"https:\/\/www.santamonica.com\/fr\/hotels\/the-georgian-hotel\/\">\n            <div class=\"stakeholder-card__image\">\n                <img decoding=\"async\" src=\"https:\/\/assets.simpleviewinc.com\/simpleview\/image\/upload\/crm\/santamonica\/Georgian_View-_Primary_E6CD6239-0817-1DBA-BD3F6AE428260169-e6cd504af57e577_e6cd7aab-acb2-d188-bff249b6c0e27919.jpg\" alt=\"L&#039;h\u00f4tel Georgian\" title=\"\">\n            <\/div>\n            <div class=\"stakeholder-card__stk-info\">\n                <div class=\"stakeholder-card__stk-name\">L'h\u00f4tel Georgian<\/div>\n                <div class=\"stakeholder-card__stk-cat\">Historique<\/div>\n            <\/div>\n        <\/a>\n    <\/li>\n        <li class=\"swiper-slide stakeholder-card --theme3\">\n        <a class=\"stakeholder-card__link\" href=\"https:\/\/www.santamonica.com\/fr\/hotels\/ocean-park-hotel\/\">\n            <div class=\"stakeholder-card__image\">\n                <img decoding=\"async\" src=\"https:\/\/api.threshold360.com\/step\/v2\/locations\/1221142\/thumbnail\" alt=\"H\u00f4tel Ocean Park\" title=\"\">\n            <\/div>\n            <div class=\"stakeholder-card__stk-info\">\n                <div class=\"stakeholder-card__stk-name\">H\u00f4tel Ocean Park<\/div>\n                <div class=\"stakeholder-card__stk-cat\">H\u00e9bergement<\/div>\n            <\/div>\n        <\/a>\n    <\/li>\n        <li class=\"swiper-slide stakeholder-card --theme3\">\n        <a class=\"stakeholder-card__link\" href=\"https:\/\/www.santamonica.com\/fr\/hotels\/ocean-lodge-hotel-santa-monica-beach\/\">\n            <div class=\"stakeholder-card__image\">\n                <img decoding=\"async\" src=\"https:\/\/assets.simpleviewinc.com\/simpleview\/image\/upload\/crm\/santamonica\/59FCD332-DFBB-431A-ADC6-4BAFF97B95E4_E2E1221E-41CC-46EC-B72ACE4DCACEF7ED_d6d988f8-116a-4105-b38d0b802dbcefdc.jpg\" alt=\"H\u00f4tel Ocean Lodge\" title=\"\">\n            <\/div>\n            <div class=\"stakeholder-card__stk-info\">\n                <div class=\"stakeholder-card__stk-name\">H\u00f4tel Ocean Lodge<\/div>\n                <div class=\"stakeholder-card__stk-cat\">Boutique<\/div>\n            <\/div>\n        <\/a>\n    <\/li>\n        <li class=\"swiper-slide stakeholder-card --theme3\">\n        <a class=\"stakeholder-card__link\" href=\"https:\/\/www.santamonica.com\/fr\/hotels\/sea-shore-motel\/\">\n            <div class=\"stakeholder-card__image\">\n                <img decoding=\"async\" src=\"https:\/\/assets.simpleviewinc.com\/simpleview\/image\/upload\/crm\/santamonica\/_O5C60710-e6bbd78e5056b36_e6bbe64d-5056-b365-ab6821cfd565722c.jpg\" alt=\"Motel Sea Shore\" title=\"\">\n            <\/div>\n            <div class=\"stakeholder-card__stk-info\">\n                <div class=\"stakeholder-card__stk-name\">Motel Sea Shore<\/div>\n                <div class=\"stakeholder-card__stk-cat\">H\u00e9bergement<\/div>\n            <\/div>\n        <\/a>\n    <\/li>\n                <\/ul>\n        <\/div>\n    <\/div>\n<\/section>\n\n\n    <section class=\"booking-cta --theme5 sm-block\">\n    <div id=\"widget-container-2070\"><\/div>\n<script type=\"text\/javascript\">\n  (function() {\n    var script = document.createElement('script');\n    script.type = 'text\/javascript';\n    script.async = 'true';\n    script.src = \"https:\/\/admin.bookdirect.net\/hs4\/widgets\/2070.js?widget_element=widget-container-2070\";\n    document.body.appendChild(script);\n  })();\n<\/script>\n    <\/section>\n\n\n\n<section class=\"blog-feed --theme8 sm-block\">\n    <div class=\"blog-feed__content\">\n        <div class=\"blog-feed__intro\">\n                            <div class=\"blog-feed__eyebrow eyebrow\">Blogs<\/div>                                        <h2 class=\"blog-feed__headline\">D\u00e9couvrir Santa Monica<\/h2>                                        <div class=\"blog-feed__body\"><p>Explorez les itin\u00e9raires, les conseils locaux, les points chauds et les aventures organis\u00e9es pour \u00eatre s\u00fbr de profiter au maximum de votre exp\u00e9rience \u00e0 Santa Monica.<\/p>\n<\/div>\n                                        <a class=\"blog-feed__cta\" href=\"https:\/\/www.santamonica.com\/fr\/articles-de-blog\/\">Voir tous les blogs<\/a>\n                    <\/div>\n\n        <ul class=\"blog-feed__list\">\n                                                <li class=\"blog-feed__item\">\n                        <a href=\"https:\/\/www.santamonica.com\/fr\/mother-road-modern-meetings-route-66-meeting-spaces-set-to-shine-for-centennial-in-santa-monica\/\" class=\"blog-feed__item-link\">\n                            <div class=\"blog-feed__image-ratio\">\n                                <img decoding=\"async\" class=\"blog-feed__image\" src=\"https:\/\/www.santamonica.com\/wp-content\/uploads\/2025\/12\/untitledJuly20162C2020180010-182-2-400x400.jpg\" alt=\"ROUTE MATERNELLE, R\u00c9UNIONS MODERNES : LES ESPACES DE R\u00c9UNION DE LA ROUTE 66 S&#039;APPR\u00caTENT \u00c0 BRILLER POUR LE CENTENAIRE \u00c0 SANTA MONICA\" title=\"\">\n                            <\/div>\n                            <div class=\"blog-feed__card-title\">ROUTE MATERNELLE, R\u00c9UNIONS MODERNES : LES ESPACES DE R\u00c9UNION DE LA ROUTE 66 S'APPR\u00caTENT \u00c0 BRILLER POUR LE CENTENAIRE \u00c0 SANTA MONICA<\/div>\n                        <\/a>\n                    <\/li>\n                                                                <li class=\"blog-feed__item\">\n                        <a href=\"https:\/\/www.santamonica.com\/fr\/media\/news-release\/santa-monica-announces-song-contest-in-celebration-of-route-66-centennial\/\" class=\"blog-feed__item-link\">\n                            <div class=\"blog-feed__image-ratio\">\n                                <img decoding=\"async\" class=\"blog-feed__image\" src=\"https:\/\/www.santamonica.com\/wp-content\/uploads\/2025\/11\/DSC01084-400x400.jpg\" alt=\"SANTA MONICA ANNONCE UN CONCOURS DE CHANSONS POUR C\u00c9L\u00c9BRER LE CENTENAIRE DE LA ROUTE 66\" title=\"\">\n                            <\/div>\n                            <div class=\"blog-feed__card-title\">SANTA MONICA ANNONCE UN CONCOURS DE CHANSONS POUR C\u00c9L\u00c9BRER LE CENTENAIRE DE LA ROUTE 66<\/div>\n                        <\/a>\n                    <\/li>\n                                                                <li class=\"blog-feed__item\">\n                        <a href=\"https:\/\/www.santamonica.com\/fr\/media\/news-release\/where-to-watch-the-world-series-in-santa-monica\/\" class=\"blog-feed__item-link\">\n                            <div class=\"blog-feed__image-ratio\">\n                                <img decoding=\"async\" class=\"blog-feed__image\" src=\"https:\/\/www.santamonica.com\/wp-content\/uploads\/2025\/10\/dodgers-logo-1-400x400.jpg\" alt=\"O\u00d9 REGARDER LES CHAMPIONNATS DU MONDE \u00c0 SANTA MONICA\" title=\"\">\n                            <\/div>\n                            <div class=\"blog-feed__card-title\">O\u00d9 REGARDER LES CHAMPIONNATS DU MONDE \u00c0 SANTA MONICA<\/div>\n                        <\/a>\n                    <\/li>\n                                    <\/ul>\n    <\/div>\n<\/section>","protected":false},"excerpt":{"rendered":"<p>March When spring\u2013well, springs\u2013prices start to warm up, just like the weather: partly sunny with an average high of 62\u00b0 and low of 52\u00b0. Spring breakers head to Santa Monica\u2019s gorgeous beaches, and jogging aficionados make a sprint for the annual LA Marathon. April The party doesn\u2019t end here: spring break travelers continue to bask in the mild Santa Monica temperatures during April. Prices, thankfully, come down\u2013just for a little while, though. The weather is sunny with an average high of 63\u00b0 and low of 54\u00b0. May In May, Santa Monica locals are preparing for summer\u2013and so are visitors. Now [\u2026]<\/p>\n","protected":false},"author":1450,"featured_media":336508,"parent":0,"menu_order":0,"comment_status":"closed","ping_status":"closed","template":"template-editorial.php","meta":{"_acf_changed":false,"inline_featured_image":false,"footnotes":""},"silos":[3887],"class_list":["post-336491","page","type-page","status-publish","has-post-thumbnail","hentry"],"acf":[],"_links":{"self":[{"href":"https:\/\/www.santamonica.com\/fr\/wp-json\/wp\/v2\/pages\/336491","targetHints":{"allow":["GET"]}}],"collection":[{"href":"https:\/\/www.santamonica.com\/fr\/wp-json\/wp\/v2\/pages"}],"about":[{"href":"https:\/\/www.santamonica.com\/fr\/wp-json\/wp\/v2\/types\/page"}],"author":[{"embeddable":true,"href":"https:\/\/www.santamonica.com\/fr\/wp-json\/wp\/v2\/users\/1450"}],"replies":[{"embeddable":true,"href":"https:\/\/www.santamonica.com\/fr\/wp-json\/wp\/v2\/comments?post=336491"}],"version-history":[{"count":39,"href":"https:\/\/www.santamonica.com\/fr\/wp-json\/wp\/v2\/pages\/336491\/revisions"}],"predecessor-version":[{"id":775604,"href":"https:\/\/www.santamonica.com\/fr\/wp-json\/wp\/v2\/pages\/336491\/revisions\/775604"}],"wp:featuredmedia":[{"embeddable":true,"href":"https:\/\/www.santamonica.com\/fr\/wp-json\/wp\/v2\/media\/336508"}],"wp:attachment":[{"href":"https:\/\/www.santamonica.com\/fr\/wp-json\/wp\/v2\/media?parent=336491"}],"wp:term":[{"taxonomy":"silos","embeddable":true,"href":"https:\/\/www.santamonica.com\/fr\/wp-json\/wp\/v2\/silos?post=336491"}],"curies":[{"name":"wp","href":"https:\/\/api.w.org\/{rel}","templated":true}]}}