{"id":336295,"date":"2022-06-15T14:43:51","date_gmt":"2022-06-15T21:43:51","guid":{"rendered":"https:\/\/www.santamonica.com\/?page_id=336295"},"modified":"2024-11-14T17:01:58","modified_gmt":"2024-11-15T01:01:58","slug":"commerces-de-proximite","status":"publish","type":"page","link":"https:\/\/www.santamonica.com\/fr\/shopping\/local-shops\/","title":{"rendered":"Commerces de proximit\u00e9"},"content":{"rendered":"<section class=\"two-images container-max sm-block --flip sm-block\">\n    <div class=\"two-images__container --flip\">\n\n        <div class=\"two-images__column\">\n            <div class=\"two-images__content\">\n                <div class=\"two-images__content-header-container\">\n                                            <h2 class=\"two-images__content-header\">Rue principale<\/h2>                                    <\/div>\n                                    <div class=\"two-images__content-body wysiwyg\">\n                        <p>Santa Monica's <a href=\"https:\/\/www.santamonica.com\/fr\/experience-santa-monica\/quartiers\/rue-principale\/\"><strong>Rue principale<\/strong><\/a> a longtemps eu une ambiance de surfeur local et cela continue avec ses offres de shopping. Ne manquez pas de vous arr\u00eater \u00e0 <a href=\"https:\/\/www.santamonica.com\/fr\/achats\/livres-de-la-ville-des-anges\/\">Librairie Angel City<\/a> qui pr\u00e9sente une impressionnante collection de livres et de vinyles rares et anciens. Bien que de nombreuses personnes connaissent le Downtown Santa Monica <a href=\"https:\/\/www.santamonica.com\/fr\/experience-santa-monica\/marches-de-producteurs\/\">march\u00e9 de producteurs<\/a>, Le dimanche matin, Main Street poss\u00e8de son propre march\u00e9 fermier, plus intime.<\/p>\n                    <\/div>\n                                            <\/div>\n        <\/div>\n\n        <div class=\"two-images__column\">\n                            <div class=\"two-images__image-container\">\n                    <img decoding=\"async\" width=\"425\" height=\"505\" src=\"https:\/\/www.santamonica.com\/wp-content\/uploads\/2022\/06\/farmers-market-dining.jpg\" class=\"two-images__image\" alt=\"repas du march\u00e9 de producteurs\" loading=\"lazy\" srcset=\"https:\/\/www.santamonica.com\/wp-content\/uploads\/2022\/06\/farmers-market-dining.jpg 425w, https:\/\/www.santamonica.com\/wp-content\/uploads\/2022\/06\/farmers-market-dining-252x300.jpg 252w, https:\/\/www.santamonica.com\/wp-content\/uploads\/2022\/06\/farmers-market-dining-126x150.jpg 126w\" sizes=\"auto, (max-width: 425px) 100vw, 425px\" title=\"\">                    \n\n                <\/div>\n                    <\/div>\n\n        <div class=\"two-images__column\">\n                            <div class=\"two-images__image-container\">\n                    <img decoding=\"async\" width=\"600\" height=\"565\" src=\"https:\/\/www.santamonica.com\/wp-content\/uploads\/2022\/06\/biking-downtown-santa-monica.jpg\" class=\"two-images__image\" alt=\"v\u00e9lo dans le centre de santa monica\" loading=\"lazy\" srcset=\"https:\/\/www.santamonica.com\/wp-content\/uploads\/2022\/06\/biking-downtown-santa-monica.jpg 600w, https:\/\/www.santamonica.com\/wp-content\/uploads\/2022\/06\/biking-downtown-santa-monica-300x283.jpg 300w, https:\/\/www.santamonica.com\/wp-content\/uploads\/2022\/06\/biking-downtown-santa-monica-159x150.jpg 159w\" sizes=\"auto, (max-width: 600px) 100vw, 600px\" title=\"\">                    \n\n                <\/div>\n                    <\/div>\n\n    <\/div>\n<\/section>\n\n\n<section class=\"image-slider --theme1 sm-block\" >\n    <div class=\"image-slider__wrapper\">\n                    <div class=\"image-slider__copy wysiwyg\"><h2>Avenue Montana<\/h2>\n<p>L'endroit id\u00e9al pour faire du shopping \u00e0 Santa Monica est Montana Avenue, le c\u0153ur d'un quartier r\u00e9sidentiel dynamique situ\u00e9 juste \u00e0 c\u00f4t\u00e9 d'Ocean Avenue. Les boutiques et les caf\u00e9s commencent \u00e0 la 7e rue et s'\u00e9tendent sur 10 p\u00e2t\u00e9s de maisons jusqu'\u00e0 la 17e rue. En vous promenant le long de cette rue bord\u00e9e d'arbres, vous pourrez d\u00e9couvrir des boutiques de mode et des magasins sp\u00e9cialis\u00e9s tels que <a href=\"https:\/\/www.santamonica.com\/fr\/achats\/splendide\/\">Splendide<\/a>, <a href=\"https:\/\/www.santamonica.com\/fr\/achats\/kiehls-depuis-1851\/\">Kiehl's depuis 1851<\/a>, <a href=\"https:\/\/www.santamonica.com\/fr\/achats\/rachel-ashwell-shabby-chic-couture\/\">Rachel Ashwell Shabby Chic Couture<\/a> et <a href=\"https:\/\/www.santamonica.com\/fr\/achats\/benefit-cosmetics\/\">Cosm\u00e9tiques Benefit<\/a>. Coupez l'app\u00e9tit avec quelque chose de sucr\u00e9 de <a href=\"https:\/\/www.santamonica.com\/fr\/restaurants\/john-kelly-chocolats\/\">John Kelly Chocolates,<\/a> qui propose de d\u00e9licieux chocolats artisanaux \u00e9labor\u00e9s avec pr\u00e9cision et aux saveurs exquises, et qui ravit aussi bien les habitants que les visiteurs.<\/p>\n<\/div>\n                <div class=\"image-slider__slider left\">\n                            <!-- Slider main container -->\n                <div class=\"swiper js-image-slider\">\n                    <!-- Additional required wrapper -->\n                    <div class=\"swiper-wrapper\">\n                        <!-- Slides -->\n                                                    <div class=\"swiper-slide\">\n                                <img decoding=\"async\" width=\"764\" height=\"597\" src=\"https:\/\/www.santamonica.com\/wp-content\/uploads\/2022\/07\/spfstudios_montana_ave_sm-5.png\" class=\"swiper-slide__image\" alt=\"Art&#039;s-Table-Montana-Ave\" loading=\"lazy\" srcset=\"https:\/\/www.santamonica.com\/wp-content\/uploads\/2022\/07\/spfstudios_montana_ave_sm-5.png 764w, https:\/\/www.santamonica.com\/wp-content\/uploads\/2022\/07\/spfstudios_montana_ave_sm-5-300x234.png 300w, https:\/\/www.santamonica.com\/wp-content\/uploads\/2022\/07\/spfstudios_montana_ave_sm-5-192x150.png 192w\" sizes=\"auto, (max-width: 764px) 100vw, 764px\" title=\"\">                                \n\n            <a href=\"https:\/\/www.santamonica.com\/fr\/restaurants\/table-des-arts\/\"  class=\"img-lctn-tag --right\">\n            <div class=\"img-lctn-tag-inside-link image-slider__image-caption right\">La table de l'art<\/div>\n        <\/a>\n                                <\/div>\n                                                    <div class=\"swiper-slide\">\n                                <img decoding=\"async\" width=\"1024\" height=\"576\" src=\"https:\/\/www.santamonica.com\/wp-content\/uploads\/2022\/06\/sweet-lady-jane.jpg\" class=\"swiper-slide__image\" alt=\"Sweet Lady Jane Bakery\" loading=\"lazy\" srcset=\"https:\/\/www.santamonica.com\/wp-content\/uploads\/2022\/06\/sweet-lady-jane.jpg 1024w, https:\/\/www.santamonica.com\/wp-content\/uploads\/2022\/06\/sweet-lady-jane-300x169.jpg 300w, https:\/\/www.santamonica.com\/wp-content\/uploads\/2022\/06\/sweet-lady-jane-267x150.jpg 267w, https:\/\/www.santamonica.com\/wp-content\/uploads\/2022\/06\/sweet-lady-jane-768x432.jpg 768w\" sizes=\"auto, (max-width: 1024px) 100vw, 1024px\" title=\"\">                                \n\n            <a href=\"https:\/\/www.santamonica.com\/fr\/restaurants\/la-boulangerie-sweet-lady-jane\/\"  class=\"img-lctn-tag --right\">\n            <div class=\"img-lctn-tag-inside-link image-slider__image-caption right\">Sweet Lady Jane Bakery<\/div>\n        <\/a>\n                                <\/div>\n                                            <\/div>\n                                            <div class=\"image-slider__swiper-controls-wrapper-relocator\">\n                            <div class=\"image-slider__swiper-controls-wrapper\">\n                                <div class=\"swiper-pagination\"><\/div>\n                                <div class=\"swiper-button-prev-custom\">\n                                    <div class=\"arrow-button-left\"><\/div>\n                                <\/div>\n                                <div class=\"swiper-button-next-custom\">\n                                    <div class=\"arrow-button-right\"><\/div>\n                                <\/div>\n                            <\/div>\n                        <\/div>\n                                    <\/div>\n                    <\/div>\n    <\/div>\n<\/section>\n\n\n<section class=\"sun-title sm-block --theme6 sm-block\">\n            <h2 class=\"sun-title__headline\">Boulevard Pico<\/h2>    \n            <div class=\"sun-title__body  wysiwyg\">\n                    <p>S'\u00e9tendant de l'oc\u00e9an jusqu'au centre-ville et au-del\u00e0, Pico Boulevard abrite plusieurs boutiques embl\u00e9matiques de Santa Monica. Un lieu historique plus \u00e0 l'est de Pico est <a href=\"https:\/\/www.santamonica.com\/fr\/achats\/mccabes-guitar-shop\/\">McCabe's Guitar Shop<\/a>, McCabe's est en activit\u00e9 depuis 1958. Outre la vente et la location d'instruments de musique et l'organisation de cours sur divers instruments, McCabe's organise \u00e9galement des soir\u00e9es musicales. Au fil des ans, de nombreux artistes folkloriques c\u00e9l\u00e8bres s'y sont produits, notamment Joni Mitchell, Beck et Tom Waits.<\/p>\n                        <\/div>\n    <\/section>\n\n\n\n<section class=\"two-images container-max sm-block  sm-block\">\n    <div class=\"two-images__container\">\n\n        <div class=\"two-images__column\">\n            <div class=\"two-images__content\">\n                <div class=\"two-images__content-header-container\">\n                                            <h2 class=\"two-images__content-header\">Boulevard Wilshire<\/h2>                                    <\/div>\n                                    <div class=\"two-images__content-body wysiwyg\">\n                        <p><a href=\"https:\/\/www.santamonica.com\/fr\/achats\/grandes-etiquettes\/\">Grandes \u00e9tiquettes<\/a>, Le magasin de consignation de luxe pour les personnes soucieuses de leur budget est un v\u00e9ritable paradis de la couture avec 3 000 pi\u00e8ces de v\u00eatements haut de gamme, 250 paires de chaussures de marque et plus de 100 sacs \u00e0 main. Chaque article est tri\u00e9 sur le volet, certains provenant de c\u00e9l\u00e9brit\u00e9s hollywoodiennes. Parmi les cr\u00e9ateurs, on trouve Chanel, Jimmy Choo, Prada, Gucci et Manolo Blahnik. Les acheteurs peuvent faire tourner la roue pour obtenir des r\u00e9ductions suppl\u00e9mentaires.<\/p>\n                    <\/div>\n                                            <\/div>\n        <\/div>\n\n        <div class=\"two-images__column\">\n                            <div class=\"two-images__image-container\">\n                    <img decoding=\"async\" width=\"425\" height=\"505\" src=\"https:\/\/www.santamonica.com\/wp-content\/uploads\/2022\/06\/wilshire-shops.jpg\" class=\"two-images__image\" alt=\"magasins du wilshire\" loading=\"lazy\" srcset=\"https:\/\/www.santamonica.com\/wp-content\/uploads\/2022\/06\/wilshire-shops.jpg 425w, https:\/\/www.santamonica.com\/wp-content\/uploads\/2022\/06\/wilshire-shops-252x300.jpg 252w, https:\/\/www.santamonica.com\/wp-content\/uploads\/2022\/06\/wilshire-shops-126x150.jpg 126w\" sizes=\"auto, (max-width: 425px) 100vw, 425px\" title=\"\">                    \n\n                <\/div>\n                    <\/div>\n\n        <div class=\"two-images__column\">\n                            <div class=\"two-images__image-container\">\n                    <img decoding=\"async\" width=\"600\" height=\"565\" src=\"https:\/\/www.santamonica.com\/wp-content\/uploads\/2022\/06\/wilshire-boulevard-shops.jpg\" class=\"two-images__image\" alt=\"magasins du boulevard wilshire\" loading=\"lazy\" srcset=\"https:\/\/www.santamonica.com\/wp-content\/uploads\/2022\/06\/wilshire-boulevard-shops.jpg 600w, https:\/\/www.santamonica.com\/wp-content\/uploads\/2022\/06\/wilshire-boulevard-shops-300x283.jpg 300w, https:\/\/www.santamonica.com\/wp-content\/uploads\/2022\/06\/wilshire-boulevard-shops-159x150.jpg 159w\" sizes=\"auto, (max-width: 600px) 100vw, 600px\" title=\"\">                    \n\n            <a href=\"https:\/\/www.santamonica.com\/fr\/experience-santa-monica\/quartiers\/boulevard-du-wilshire\/\"  class=\"img-lctn-tag --right\">\n            <div class=\"img-lctn-tag-inside-link two-images__image-caption right\">Boulevard Wilshire<\/div>\n        <\/a>\n                    <\/div>\n                    <\/div>\n\n    <\/div>\n<\/section>\n\n\n<section class=\"links-grid --theme3 sm-block base-block\">\n    <div class=\"links-grid__wrapper\">\n                                                    <a href=\"https:\/\/www.santamonica.com\/fr\/shopping\/why-shop-in-santa-monica\/\" class=\"links-grid__card-link\" aria-label=\"Pourquoi faire ses courses \u00e0 Santa Monica\" >\n                    <div class=\"links-grid__card\">\n                                                    <div class=\"links-grid__card-image-wrapper\">\n                                <img decoding=\"async\" width=\"400\" height=\"400\" src=\"https:\/\/www.santamonica.com\/wp-content\/uploads\/2022\/06\/santa-monica-shopping-guide-400x400.jpg\" class=\"links-grid__card-image\" alt=\"Shopping \u00e0 Santa Monica\" loading=\"lazy\" title=\"\">                            <\/div>\n                                                <div class=\"links-grid__card-text\">\n                                                            <div class=\"links-grid__card-title\">Pourquoi faire ses courses \u00e0 Santa Monica<\/div>\n                                                                                <\/div>\n                    <\/div>\n                <\/a>\n                                            <a href=\"https:\/\/www.santamonica.com\/fr\/shopping\/shops-by-neighborhood\/\" class=\"links-grid__card-link\" aria-label=\"Magasins par quartier\" >\n                    <div class=\"links-grid__card\">\n                                                    <div class=\"links-grid__card-image-wrapper\">\n                                <img decoding=\"async\" width=\"400\" height=\"400\" src=\"https:\/\/www.santamonica.com\/wp-content\/uploads\/2023\/06\/third-street-promenade-400x400.jpg\" class=\"links-grid__card-image\" alt=\"promenade de la troisi\u00e8me rue\" loading=\"lazy\" title=\"\">                            <\/div>\n                                                <div class=\"links-grid__card-text\">\n                                                            <div class=\"links-grid__card-title\">Magasins par quartier<\/div>\n                                                                                <\/div>\n                    <\/div>\n                <\/a>\n                                            <a href=\"https:\/\/www.santamonica.com\/fr\/shopping\/unique-shops\/\" class=\"links-grid__card-link\" aria-label=\"Boutiques uniques\" >\n                    <div class=\"links-grid__card\">\n                                                    <div class=\"links-grid__card-image-wrapper\">\n                                <img decoding=\"async\" width=\"400\" height=\"400\" src=\"https:\/\/www.santamonica.com\/wp-content\/uploads\/2022\/06\/santa-monica-unique-shops-400x400.jpg\" class=\"links-grid__card-image\" alt=\"boutiques uniques de santa monica\" loading=\"lazy\" title=\"\">                            <\/div>\n                                                <div class=\"links-grid__card-text\">\n                                                            <div class=\"links-grid__card-title\">Boutiques uniques<\/div>\n                                                                                <\/div>\n                    <\/div>\n                <\/a>\n                                            <a href=\"https:\/\/www.santamonica.com\/fr\/shopping\/\" class=\"links-grid__card-link\" aria-label=\"Achats\" >\n                    <div class=\"links-grid__card\">\n                                                    <div class=\"links-grid__card-image-wrapper\">\n                                <img decoding=\"async\" width=\"400\" height=\"400\" src=\"https:\/\/www.santamonica.com\/wp-content\/uploads\/2022\/06\/santa-monica-shopping-2-400x400.jpg\" class=\"links-grid__card-image\" alt=\"santa monica shopping\" loading=\"lazy\" title=\"\">                            <\/div>\n                                                <div class=\"links-grid__card-text\">\n                                                            <div class=\"links-grid__card-title\">Achats<\/div>\n                                                                                <\/div>\n                    <\/div>\n                <\/a>\n                        <\/div>\n<\/section>\n\n\n\n<section class=\"blog-feed --theme8 sm-block\">\n    <div class=\"blog-feed__content\">\n        <div class=\"blog-feed__intro\">\n                            <div class=\"blog-feed__eyebrow eyebrow\">Blogs<\/div>                                        <h2 class=\"blog-feed__headline\">D\u00e9couvrir Santa Monica<\/h2>                                        <div class=\"blog-feed__body\"><p>Explorez les itin\u00e9raires, les conseils locaux, les points chauds et les aventures organis\u00e9es pour \u00eatre s\u00fbr de profiter au maximum de votre exp\u00e9rience \u00e0 Santa Monica.<\/p>\n<\/div>\n                                        <a class=\"blog-feed__cta\" href=\"https:\/\/www.santamonica.com\/fr\/articles-de-blog\/\">Voir tous les blogs<\/a>\n                    <\/div>\n\n        <ul class=\"blog-feed__list\">\n                                                <li class=\"blog-feed__item\">\n                        <a href=\"https:\/\/www.santamonica.com\/fr\/shopping\/most-loved-ways-to-buy-local\/\" class=\"blog-feed__item-link\">\n                            <div class=\"blog-feed__image-ratio\">\n                                <img decoding=\"async\" class=\"blog-feed__image\" src=\"https:\/\/www.santamonica.com\/wp-content\/uploads\/2021\/06\/ShoppingFeature520x546-400x400.jpg\" alt=\"Les moyens les plus appr\u00e9ci\u00e9s d&#039;acheter local \u00e0 Santa Monica\" title=\"\">\n                            <\/div>\n                            <div class=\"blog-feed__card-title\">Les moyens les plus appr\u00e9ci\u00e9s d'acheter local \u00e0 Santa Monica<\/div>\n                        <\/a>\n                    <\/li>\n                                                                <li class=\"blog-feed__item\">\n                        <a href=\"https:\/\/www.santamonica.com\/fr\/shopping\/clothing-essentials\/\" class=\"blog-feed__item-link\">\n                            <div class=\"blog-feed__image-ratio\">\n                                <img decoding=\"async\" class=\"blog-feed__image\" src=\"https:\/\/www.santamonica.com\/wp-content\/uploads\/2021\/06\/Santa-Monica-Third-Street-Promenade-Shopping-Featured-400x400.jpg\" alt=\"Les v\u00eatements essentiels et o\u00f9 les trouver \u00e0 Santa Monica\" title=\"\">\n                            <\/div>\n                            <div class=\"blog-feed__card-title\">Les v\u00eatements essentiels et o\u00f9 les trouver \u00e0 Santa Monica<\/div>\n                        <\/a>\n                    <\/li>\n                                                                <li class=\"blog-feed__item\">\n                        <a href=\"https:\/\/www.santamonica.com\/fr\/trip-planner\/santa-monica-travel-hacks\/\" class=\"blog-feed__item-link\">\n                            <div class=\"blog-feed__image-ratio\">\n                                <img decoding=\"async\" class=\"blog-feed__image\" src=\"https:\/\/www.santamonica.com\/wp-content\/uploads\/2021\/05\/Santa-Monica-Travel-Hacks-Featured-400x400.jpg\" alt=\"Conseils de voyage pour des vacances inoubliables \u00e0 Santa Monica\" title=\"\">\n                            <\/div>\n                            <div class=\"blog-feed__card-title\">Conseils de voyage pour des vacances inoubliables \u00e0 Santa Monica<\/div>\n                        <\/a>\n                    <\/li>\n                                    <\/ul>\n    <\/div>\n<\/section>","protected":false},"excerpt":{"rendered":"","protected":false},"author":1450,"featured_media":346449,"parent":0,"menu_order":0,"comment_status":"closed","ping_status":"closed","template":"template-editorial.php","meta":{"_acf_changed":false,"inline_featured_image":false,"footnotes":""},"silos":[3898],"class_list":["post-336295","page","type-page","status-publish","has-post-thumbnail","hentry"],"acf":[],"_links":{"self":[{"href":"https:\/\/www.santamonica.com\/fr\/wp-json\/wp\/v2\/pages\/336295","targetHints":{"allow":["GET"]}}],"collection":[{"href":"https:\/\/www.santamonica.com\/fr\/wp-json\/wp\/v2\/pages"}],"about":[{"href":"https:\/\/www.santamonica.com\/fr\/wp-json\/wp\/v2\/types\/page"}],"author":[{"embeddable":true,"href":"https:\/\/www.santamonica.com\/fr\/wp-json\/wp\/v2\/users\/1450"}],"replies":[{"embeddable":true,"href":"https:\/\/www.santamonica.com\/fr\/wp-json\/wp\/v2\/comments?post=336295"}],"version-history":[{"count":84,"href":"https:\/\/www.santamonica.com\/fr\/wp-json\/wp\/v2\/pages\/336295\/revisions"}],"predecessor-version":[{"id":434239,"href":"https:\/\/www.santamonica.com\/fr\/wp-json\/wp\/v2\/pages\/336295\/revisions\/434239"}],"wp:featuredmedia":[{"embeddable":true,"href":"https:\/\/www.santamonica.com\/fr\/wp-json\/wp\/v2\/media\/346449"}],"wp:attachment":[{"href":"https:\/\/www.santamonica.com\/fr\/wp-json\/wp\/v2\/media?parent=336295"}],"wp:term":[{"taxonomy":"silos","embeddable":true,"href":"https:\/\/www.santamonica.com\/fr\/wp-json\/wp\/v2\/silos?post=336295"}],"curies":[{"name":"wp","href":"https:\/\/api.w.org\/{rel}","templated":true}]}}