{"id":335401,"date":"2022-05-13T17:18:01","date_gmt":"2022-05-14T00:18:01","guid":{"rendered":"https:\/\/www.santamonica.com\/?page_id=335401"},"modified":"2022-08-30T17:37:08","modified_gmt":"2022-08-31T00:37:08","slug":"nous-contacter","status":"publish","type":"page","link":"https:\/\/www.santamonica.com\/fr\/about\/contact-us\/","title":{"rendered":"Nous contacter"},"content":{"rendered":"<div class=\"wp-block-columns is-layout-flex wp-container-core-columns-is-layout-28f84493 wp-block-columns-is-layout-flex base-block\">\n<div class=\"wp-block-column is-layout-flow wp-block-column-is-layout-flow base-block\">\n<h2 class=\"wp-block-heading base-block\" style=\"font-size:2rem\">Informations pour les visiteurs<\/h2>\n\n\n\n<p class=\"base-block\">Courriel&nbsp;<a href=\"mailto:info@santamonica.com\">info@santamonica.com<\/a>, si vous en avez besoin :<\/p>\n\n\n\n<ul class=\"wp-block-list base-block\"><li>Aide \u00e0 la pr\u00e9paration d'un voyage \u00e0 Santa Monica<\/li><li>pour commander un guide des visiteurs ou une carte<\/li><li>vous avez une question d'ordre g\u00e9n\u00e9ral sur le voyage \u00e0 Santa Monica<\/li><\/ul>\n<\/div>\n\n\n\n<div class=\"wp-block-column is-layout-flow wp-block-column-is-layout-flow base-block\">\n<h2 class=\"wp-block-heading base-block\" style=\"font-size:2rem\">Professionnels de la r\u00e9union<\/h2>\n\n\n\n<p class=\"base-block\">Courriel&nbsp;<a href=\"mailto:meet@santamonica.com\">meet@santamonica.com<\/a>, si vous en avez besoin :<\/p>\n\n\n\n<ul class=\"wp-block-list base-block\"><li>aide \u00e0 la planification d'un \u00e9v\u00e9nement de groupe<\/li><li>vous souhaitez obtenir plus d'informations sur l'organisation d'un \u00e9v\u00e9nement<\/li><\/ul>\n<\/div>\n\n\n\n<div class=\"wp-block-column is-layout-flow wp-block-column-is-layout-flow base-block\">\n<h2 class=\"wp-block-heading base-block\" style=\"font-size:2rem\">Commerce des voyages<\/h2>\n\n\n\n<p class=\"base-block\">Courriel&nbsp;<a href=\"mailto:trade@santamonica.com\">trade@santamonica.com<\/a>, si vous en avez besoin :<\/p>\n\n\n\n<ul class=\"wp-block-list base-block\"><li>aide \u00e0 la planification d'un voyage de groupe<\/li><li>informations sur les visites FAM<\/li><\/ul>\n<\/div>\n<\/div>\n\n\n\n<div class=\"wp-block-columns is-layout-flex wp-container-core-columns-is-layout-28f84493 wp-block-columns-is-layout-flex base-block\">\n<div class=\"wp-block-column is-layout-flow wp-block-column-is-layout-flow base-block\">\n<h2 class=\"wp-block-heading base-block\" style=\"font-size:2rem\">Marketing<\/h2>\n\n\n\n<p class=\"base-block\">Courriel&nbsp;<a href=\"mailto:marketing@santamonica.com\">marketing@santamonica.com<\/a>, si vous en avez besoin :<\/p>\n\n\n\n<ul class=\"wp-block-list base-block\"><li>aider \u00e0 r\u00e9pondre aux demandes d'information et de publication<\/li><li>informations concernant les possibilit\u00e9s de publicit\u00e9<\/li><li>des questions concernant les efforts de marketing en ligne, y compris SantaMonica.com.<\/li><\/ul>\n<\/div>\n\n\n\n<div class=\"wp-block-column is-layout-flow wp-block-column-is-layout-flow base-block\">\n<h2 class=\"wp-block-heading base-block\" style=\"font-size:2rem\">M\u00e9dias\/Relations publiques<\/h2>\n\n\n\n<p class=\"base-block\">Courriel&nbsp;<a href=\"mailto:media@santamonica.com\">media@santamonica.com<\/a>, si vous en avez besoin :<\/p>\n\n\n\n<ul class=\"wp-block-list base-block\"><li>Aide \u00e0 la pr\u00e9paration d'un article sur Santa Monica<\/li><li>photographie ou rouleau compresseur de Santa Monica<\/li><li>une citation sur le tourisme \u00e0 Santa Monica<\/li><\/ul>\n<\/div>\n\n\n\n<div class=\"wp-block-column is-layout-flow wp-block-column-is-layout-flow base-block\">\n<p class=\"base-block\"><\/p>\n<\/div>\n<\/div>","protected":false},"excerpt":{"rendered":"<p>Visitor Information Email&nbsp;info@santamonica.com, if you need: help planning a trip to Santa Monica to order a visitors guide or map have a general question about travel to Santa Monica Meeting [&hellip;]<\/p>\n","protected":false},"author":1450,"featured_media":340703,"parent":0,"menu_order":0,"comment_status":"closed","ping_status":"closed","template":"template-editorial.php","meta":{"_acf_changed":false,"inline_featured_image":false,"footnotes":""},"silos":[3909],"class_list":["post-335401","page","type-page","status-publish","has-post-thumbnail","hentry"],"acf":[],"_links":{"self":[{"href":"https:\/\/www.santamonica.com\/fr\/wp-json\/wp\/v2\/pages\/335401","targetHints":{"allow":["GET"]}}],"collection":[{"href":"https:\/\/www.santamonica.com\/fr\/wp-json\/wp\/v2\/pages"}],"about":[{"href":"https:\/\/www.santamonica.com\/fr\/wp-json\/wp\/v2\/types\/page"}],"author":[{"embeddable":true,"href":"https:\/\/www.santamonica.com\/fr\/wp-json\/wp\/v2\/users\/1450"}],"replies":[{"embeddable":true,"href":"https:\/\/www.santamonica.com\/fr\/wp-json\/wp\/v2\/comments?post=335401"}],"version-history":[{"count":39,"href":"https:\/\/www.santamonica.com\/fr\/wp-json\/wp\/v2\/pages\/335401\/revisions"}],"predecessor-version":[{"id":360726,"href":"https:\/\/www.santamonica.com\/fr\/wp-json\/wp\/v2\/pages\/335401\/revisions\/360726"}],"wp:featuredmedia":[{"embeddable":true,"href":"https:\/\/www.santamonica.com\/fr\/wp-json\/wp\/v2\/media\/340703"}],"wp:attachment":[{"href":"https:\/\/www.santamonica.com\/fr\/wp-json\/wp\/v2\/media?parent=335401"}],"wp:term":[{"taxonomy":"silos","embeddable":true,"href":"https:\/\/www.santamonica.com\/fr\/wp-json\/wp\/v2\/silos?post=335401"}],"curies":[{"name":"wp","href":"https:\/\/api.w.org\/{rel}","templated":true}]}}