{"id":335386,"date":"2022-05-13T17:16:19","date_gmt":"2022-05-14T00:16:19","guid":{"rendered":"https:\/\/www.santamonica.com\/?page_id=335386"},"modified":"2025-11-13T06:41:39","modified_gmt":"2025-11-13T14:41:39","slug":"a-propos-de","status":"publish","type":"page","link":"https:\/\/www.santamonica.com\/fr\/about\/","title":{"rendered":"A propos de nous"},"content":{"rendered":"<div class=\"wp-block-columns is-layout-flex wp-container-core-columns-is-layout-28f84493 wp-block-columns-is-layout-flex base-block\">\n<div class=\"wp-block-column is-layout-flow wp-block-column-is-layout-flow base-block\">\n<h2 class=\"wp-block-heading base-block\" style=\"font-size:2rem\">Notre mission<\/h2>\n\n\n\n<p class=\"base-block\">Santa Monica Travel &amp; Tourism s'efforce de renforcer notre \u00e9conomie locale en am\u00e9liorant et en promouvant notre communaut\u00e9 en tant que destination de voyage distinctive, attrayante et accueillante.<\/p>\n<\/div>\n\n\n\n<div class=\"wp-block-column is-layout-flow wp-block-column-is-layout-flow base-block\">\n<h4 class=\"wp-block-heading base-block\" style=\"font-size:2rem\">Notre vision<\/h4>\n\n\n\n<p class=\"base-block\">Faire en sorte que Santa Monica soit reconnue comme la premi\u00e8re ville baln\u00e9aire du monde.<\/p>\n<\/div>\n\n\n\n<div class=\"wp-block-column is-layout-flow wp-block-column-is-layout-flow base-block\">\n<h4 class=\"wp-block-heading base-block\" style=\"font-size:2rem\">Notre promesse de marque<\/h4>\n\n\n\n<p class=\"base-block\">Santa Monica... une exp\u00e9rience inoubliable dans une ville baln\u00e9aire, avec des gens qui attirent l'attention, une culture de pointe et des innovations audacieuses. C'est l'essence m\u00eame du style de vie californien.<\/p>\n<\/div>\n<\/div>\n\n\n\n    \n    <section class=\"subpage-links container-max sm-block\">\n        <div class=\"subpage-links__diamonds\"><\/div>\n                <div class=\"subpage-links__content\">\n            <div class=\"subpage-links__card\">\n                <div class=\"subpage-links__card-wrapper\">\n                    <a href=\"https:\/\/www.santamonica.com\/fr\/a-propos-de\/conseils-et-comites\/\" class=\"subpage-links__card-link\" aria-label=\"Conseils et comit\u00e9s\">\n                                                    <img decoding=\"async\" width=\"550\" height=\"785\" src=\"https:\/\/www.santamonica.com\/wp-content\/uploads\/2022\/06\/smtt.jpg\" class=\"subpage-links__card-image\" alt=\"smtt\" loading=\"lazy\" srcset=\"https:\/\/www.santamonica.com\/wp-content\/uploads\/2022\/06\/smtt.jpg 550w, https:\/\/www.santamonica.com\/wp-content\/uploads\/2022\/06\/smtt-210x300.jpg 210w, https:\/\/www.santamonica.com\/wp-content\/uploads\/2022\/06\/smtt-105x150.jpg 105w\" sizes=\"auto, (max-width: 550px) 100vw, 550px\" title=\"\">                                                                            <div class=\"subpage-links__card-description\">\n                                <span class=\"subpage-links__card-title\">Conseils et comit\u00e9s<\/span>\n                                <div class=\"subpage-links__card-button card-arrow\">Explorer<\/div>\n                            <\/div>\n                                            <\/a>\n                <\/div>\n            <\/div>\n            <div class=\"subpage-links__card\">\n                <div class=\"subpage-links__card-wrapper\">\n                    <a href=\"https:\/\/www.santamonica.com\/fr\/valeur-economique-du-tourisme\/\" class=\"subpage-links__card-link\" aria-label=\"Tourisme \u00e0 Santa Monica\">\n                                                    <img decoding=\"async\" width=\"550\" height=\"785\" src=\"https:\/\/www.santamonica.com\/wp-content\/uploads\/2022\/06\/monica-tour.jpg\" class=\"subpage-links__card-image\" alt=\"tour de monica\" loading=\"lazy\" srcset=\"https:\/\/www.santamonica.com\/wp-content\/uploads\/2022\/06\/monica-tour.jpg 550w, https:\/\/www.santamonica.com\/wp-content\/uploads\/2022\/06\/monica-tour-210x300.jpg 210w, https:\/\/www.santamonica.com\/wp-content\/uploads\/2022\/06\/monica-tour-105x150.jpg 105w\" sizes=\"auto, (max-width: 550px) 100vw, 550px\" title=\"\">                                                                            <div class=\"subpage-links__card-description\">\n                                <div class=\"subpage-links__card-title\">Tourisme \u00e0 Santa Monica<\/div>\n                                <div class=\"subpage-links__card-button card-arrow\">Explorer<\/div>\n                            <\/div>\n                                            <\/a>\n                <\/div>\n            <\/div>\n            <div class=\"subpage-links__card\">\n                <div class=\"subpage-links__card-wrapper\">\n                    <a href=\"https:\/\/www.santamonica.com\/fr\/a-propos-de\/centres-de-visiteurs\/\" class=\"subpage-links__card-link\" aria-label=\"Centres d&#039;accueil\">\n                                                    <img decoding=\"async\" width=\"550\" height=\"785\" src=\"https:\/\/www.santamonica.com\/wp-content\/uploads\/2022\/06\/santa-monica-tourism-and-travel.jpg\" class=\"subpage-links__card-image\" alt=\"tourisme et voyages \u00e0 santa monica\" loading=\"lazy\" srcset=\"https:\/\/www.santamonica.com\/wp-content\/uploads\/2022\/06\/santa-monica-tourism-and-travel.jpg 550w, https:\/\/www.santamonica.com\/wp-content\/uploads\/2022\/06\/santa-monica-tourism-and-travel-210x300.jpg 210w, https:\/\/www.santamonica.com\/wp-content\/uploads\/2022\/06\/santa-monica-tourism-and-travel-105x150.jpg 105w\" sizes=\"auto, (max-width: 550px) 100vw, 550px\" title=\"\">                                                                            <div class=\"subpage-links__card-description\">\n                                <div class=\"subpage-links__card-title\">Centres d'accueil<\/div>\n                                <div class=\"subpage-links__card-button card-arrow\">Explorer<\/div>\n                            <\/div>\n                                            <\/a>\n                <\/div>\n            <\/div>\n        <\/div>\n            <\/section>\n\n\n<section class=\"links-grid --theme3 sm-block\">\n    <div class=\"links-grid__wrapper\">\n                                                    <a href=\"https:\/\/www.santamonica.com\/fr\/i-am-santa-monica\/\" class=\"links-grid__card-link\" aria-label=\"Je suis Santa Monica\" >\n                    <div class=\"links-grid__card\">\n                                                    <div class=\"links-grid__card-image-wrapper\">\n                                <img decoding=\"async\" width=\"400\" height=\"400\" src=\"https:\/\/www.santamonica.com\/wp-content\/uploads\/2022\/06\/santa-monica-travel-400x400.jpg\" class=\"links-grid__card-image\" alt=\"voyage \u00e0 santa monica\" loading=\"lazy\" title=\"\">                            <\/div>\n                                                <div class=\"links-grid__card-text\">\n                                                            <div class=\"links-grid__card-title\">Je suis Santa Monica<\/div>\n                                                                                <\/div>\n                    <\/div>\n                <\/a>\n                                            <a href=\"https:\/\/www.santamonica.com\/fr\/about\/careers\/\" class=\"links-grid__card-link\" aria-label=\"Carri\u00e8res\" >\n                    <div class=\"links-grid__card\">\n                                                    <div class=\"links-grid__card-image-wrapper\">\n                                <img decoding=\"async\" width=\"400\" height=\"400\" src=\"https:\/\/www.santamonica.com\/wp-content\/uploads\/2025\/01\/Things-To-Do-Activities-and-Attractions-alt-400x400.jpg\" class=\"links-grid__card-image\" alt=\"Carri\u00e8res\" loading=\"lazy\" title=\"\">                            <\/div>\n                                                <div class=\"links-grid__card-text\">\n                                                            <div class=\"links-grid__card-title\">Carri\u00e8res<\/div>\n                                                                                <\/div>\n                    <\/div>\n                <\/a>\n                                            <a href=\"https:\/\/www.santamonica.com\/fr\/about\/staff\/\" class=\"links-grid__card-link\" aria-label=\"\u00c0 propos du SMTT - Rencontrer l&#039;\u00e9quipe\" >\n                    <div class=\"links-grid__card\">\n                                                    <div class=\"links-grid__card-image-wrapper\">\n                                <img decoding=\"async\" width=\"400\" height=\"400\" src=\"https:\/\/www.santamonica.com\/wp-content\/uploads\/2022\/06\/smtt-staff-400x400.jpg\" class=\"links-grid__card-image\" alt=\"personnel du smtt\" loading=\"lazy\" title=\"\">                            <\/div>\n                                                <div class=\"links-grid__card-text\">\n                                                            <div class=\"links-grid__card-title\">\u00c0 propos du SMTT - Rencontrer l'\u00e9quipe<\/div>\n                                                                                <\/div>\n                    <\/div>\n                <\/a>\n                                            <a href=\"https:\/\/www.santamonica.com\/fr\/about\/contact-us\/\" class=\"links-grid__card-link\" aria-label=\"Nous contacter\" >\n                    <div class=\"links-grid__card\">\n                                                    <div class=\"links-grid__card-image-wrapper\">\n                                <img decoding=\"async\" width=\"400\" height=\"400\" src=\"https:\/\/www.santamonica.com\/wp-content\/uploads\/2022\/06\/smtt-contact-400x400.jpg\" class=\"links-grid__card-image\" alt=\"contact smtt\" loading=\"lazy\" title=\"\">                            <\/div>\n                                                <div class=\"links-grid__card-text\">\n                                                            <div class=\"links-grid__card-title\">Nous contacter<\/div>\n                                                                                <\/div>\n                    <\/div>\n                <\/a>\n                        <\/div>\n<\/section>\n\n\n\n<section class=\"blog-feed --theme8 sm-block\">\n    <div class=\"blog-feed__content\">\n        <div class=\"blog-feed__intro\">\n                            <div class=\"blog-feed__eyebrow eyebrow\">Blogs<\/div>                                        <h2 class=\"blog-feed__headline\">Communiqu\u00e9s de presse<\/h2>                                        <div class=\"blog-feed__body\"><p>Explorez les itin\u00e9raires, les conseils locaux, les points chauds et les aventures organis\u00e9es pour \u00eatre s\u00fbr de profiter au maximum de votre exp\u00e9rience \u00e0 Santa Monica.<\/p>\n<\/div>\n                                        <a class=\"blog-feed__cta\" href=\"https:\/\/www.santamonica.com\/fr\/articles-de-blog\/\">Voir tous les blogs<\/a>\n                    <\/div>\n\n        <ul class=\"blog-feed__list\">\n                                                <li class=\"blog-feed__item\">\n                        <a href=\"https:\/\/www.santamonica.com\/fr\/santa-monica-hotels-offer-spring-staycation-discounts-to-residents-of-los-angeles-county-2\/\" class=\"blog-feed__item-link\">\n                            <div class=\"blog-feed__image-ratio\">\n                                <img decoding=\"async\" class=\"blog-feed__image\" src=\"https:\/\/www.santamonica.com\/wp-content\/uploads\/2026\/03\/1-240423_01_SMTT_1143-400x400.jpg\" alt=\"LES H\u00d4TELS DE SANTA MONICA OFFRENT DES R\u00c9DUCTIONS POUR LES S\u00c9JOURS DE PRINTEMPS AUX R\u00c9SIDENTS DU COMT\u00c9 DE LOS ANGELES\" title=\"\">\n                            <\/div>\n                            <div class=\"blog-feed__card-title\">LES H\u00d4TELS DE SANTA MONICA OFFRENT DES R\u00c9DUCTIONS POUR LES S\u00c9JOURS DE PRINTEMPS AUX R\u00c9SIDENTS DU COMT\u00c9 DE LOS ANGELES<\/div>\n                        <\/a>\n                    <\/li>\n                                                                <li class=\"blog-feed__item\">\n                        <a href=\"https:\/\/www.santamonica.com\/fr\/whats-new-in-santa-monica-winter-2026\/\" class=\"blog-feed__item-link\">\n                            <div class=\"blog-feed__image-ratio\">\n                                <img decoding=\"async\" class=\"blog-feed__image\" src=\"https:\/\/www.santamonica.com\/wp-content\/uploads\/2026\/02\/Hotel-Casa-del-Mar-400x400.jpg\" alt=\"QUOI DE NEUF \u00c0 SANTA MONICA - HIVER 2026\" title=\"\">\n                            <\/div>\n                            <div class=\"blog-feed__card-title\">QUOI DE NEUF \u00c0 SANTA MONICA - HIVER 2026<\/div>\n                        <\/a>\n                    <\/li>\n                                                                <li class=\"blog-feed__item\">\n                        <a href=\"https:\/\/www.santamonica.com\/fr\/media\/news-release\/base-yourself-beachside-in-santa-monica-for-fifa-world-cup-2026\/\" class=\"blog-feed__item-link\">\n                            <div class=\"blog-feed__image-ratio\">\n                                <img decoding=\"async\" class=\"blog-feed__image\" src=\"https:\/\/www.santamonica.com\/wp-content\/uploads\/2026\/02\/0-4-1-400x400.jpg\" alt=\"BASEZ-VOUS SUR LA PLAGE \u00c0 SANTA MONICA POUR LA COUPE DU MONDE DE LA FIFA 2026\u2122\" title=\"\">\n                            <\/div>\n                            <div class=\"blog-feed__card-title\">BASEZ-VOUS SUR LA PLAGE \u00c0 SANTA MONICA POUR LA COUPE DU MONDE DE LA FIFA 2026\u2122<\/div>\n                        <\/a>\n                    <\/li>\n                                    <\/ul>\n    <\/div>\n<\/section>","protected":false},"excerpt":{"rendered":"<p>Our Mission Statement Santa Monica Travel &#038; Tourism works to strengthen our local economy by enhancing and promoting our community as a distinctive, compelling and welcoming travel destination. Our Vision To ensure Santa Monica is recognized as the premier beach-city destination in the world. Our Brand Promise Santa Monica\u2026 an unforgettable beach city experience filled with eye-catching people, cutting edge culture and bold innovations. It\u2019s the essence of the California lifestyle.<\/p>","protected":false},"author":1450,"featured_media":757805,"parent":0,"menu_order":0,"comment_status":"closed","ping_status":"closed","template":"template-editorial.php","meta":{"_acf_changed":false,"inline_featured_image":false,"footnotes":""},"silos":[],"class_list":["post-335386","page","type-page","status-publish","has-post-thumbnail","hentry"],"acf":[],"_links":{"self":[{"href":"https:\/\/www.santamonica.com\/fr\/wp-json\/wp\/v2\/pages\/335386","targetHints":{"allow":["GET"]}}],"collection":[{"href":"https:\/\/www.santamonica.com\/fr\/wp-json\/wp\/v2\/pages"}],"about":[{"href":"https:\/\/www.santamonica.com\/fr\/wp-json\/wp\/v2\/types\/page"}],"author":[{"embeddable":true,"href":"https:\/\/www.santamonica.com\/fr\/wp-json\/wp\/v2\/users\/1450"}],"replies":[{"embeddable":true,"href":"https:\/\/www.santamonica.com\/fr\/wp-json\/wp\/v2\/comments?post=335386"}],"version-history":[{"count":67,"href":"https:\/\/www.santamonica.com\/fr\/wp-json\/wp\/v2\/pages\/335386\/revisions"}],"predecessor-version":[{"id":775875,"href":"https:\/\/www.santamonica.com\/fr\/wp-json\/wp\/v2\/pages\/335386\/revisions\/775875"}],"wp:featuredmedia":[{"embeddable":true,"href":"https:\/\/www.santamonica.com\/fr\/wp-json\/wp\/v2\/media\/757805"}],"wp:attachment":[{"href":"https:\/\/www.santamonica.com\/fr\/wp-json\/wp\/v2\/media?parent=335386"}],"wp:term":[{"taxonomy":"silos","embeddable":true,"href":"https:\/\/www.santamonica.com\/fr\/wp-json\/wp\/v2\/silos?post=335386"}],"curies":[{"name":"wp","href":"https:\/\/api.w.org\/{rel}","templated":true}]}}