{"id":335305,"date":"2022-05-13T15:00:53","date_gmt":"2022-05-13T22:00:53","guid":{"rendered":"https:\/\/www.santamonica.com\/?page_id=335305"},"modified":"2026-01-13T13:47:54","modified_gmt":"2026-01-13T21:47:54","slug":"ce-quil-faut-emballer","status":"publish","type":"page","link":"https:\/\/www.santamonica.com\/fr\/experience-santa-monica\/what-to-pack\/","title":{"rendered":"Ce qu'il faut emporter"},"content":{"rendered":"<section class=\"two-images container-max sm-block --flip sm-block\">\n    <div class=\"two-images__container --flip\">\n\n        <div class=\"two-images__column\">\n            <div class=\"two-images__content\">\n                <div class=\"two-images__content-header-container\">\n                                            <h2 class=\"two-images__content-header\">Que dois-je porter \u00e0 Santa Monica ?<\/h2>                                    <\/div>\n                                    <div class=\"two-images__content-body wysiwyg\">\n                        <p><span style=\"font-weight: 400;\">Parce que <\/span><span style=\"font-weight: 400;\">Santa Monica<\/span><span style=\"font-weight: 400;\"> est situ\u00e9 au bord de la plage, le style quotidien tend \u00e0 \u00eatre plus d\u00e9contract\u00e9 que dans d'autres quartiers de Los Angeles. Pendant les jours les plus chauds, vous verrez de nombreuses personnes portant des t-shirts ou des d\u00e9bardeurs, des shorts et des v\u00eatements de sport \u00e9l\u00e9gants, qui se prom\u00e8nent le long de la plage. <\/span><strong><a href=\"https:\/\/www.santamonica.com\/fr\/experience-santa-monica\/quartiers\/centre-ville-de-santa-monica-promenade-de-la-3e-rue\/\">Promenade de la troisi\u00e8me rue<\/a><\/strong><span style=\"font-weight: 400;\"> ou d'explorer les <\/span><strong><a href=\"https:\/\/www.santamonica.com\/fr\/experience-santa-monica\/quartiers\/avenue-montana\/\">magasins sur l'avenue Montana<\/a><\/strong><span style=\"font-weight: 400;\">.<\/span><\/p>\n                    <\/div>\n                                            <\/div>\n        <\/div>\n\n        <div class=\"two-images__column\">\n                            <div class=\"two-images__image-container\">\n                    <img decoding=\"async\" width=\"425\" height=\"505\" src=\"https:\/\/www.santamonica.com\/wp-content\/uploads\/2023\/09\/santa-monica-beach.jpg\" class=\"two-images__image\" alt=\"plage de santa monica\" loading=\"lazy\" srcset=\"https:\/\/www.santamonica.com\/wp-content\/uploads\/2023\/09\/santa-monica-beach.jpg 425w, https:\/\/www.santamonica.com\/wp-content\/uploads\/2023\/09\/santa-monica-beach-252x300.jpg 252w, https:\/\/www.santamonica.com\/wp-content\/uploads\/2023\/09\/santa-monica-beach-126x150.jpg 126w\" sizes=\"auto, (max-width: 425px) 100vw, 425px\" title=\"\">                    \n\n                <\/div>\n                    <\/div>\n\n        <div class=\"two-images__column\">\n                            <div class=\"two-images__image-container\">\n                    <img decoding=\"async\" width=\"600\" height=\"565\" src=\"https:\/\/www.santamonica.com\/wp-content\/uploads\/2023\/09\/couple-at-santa-monica.jpg\" class=\"two-images__image\" alt=\"couple \u00e0 santa monica\" loading=\"lazy\" srcset=\"https:\/\/www.santamonica.com\/wp-content\/uploads\/2023\/09\/couple-at-santa-monica.jpg 600w, https:\/\/www.santamonica.com\/wp-content\/uploads\/2023\/09\/couple-at-santa-monica-300x283.jpg 300w, https:\/\/www.santamonica.com\/wp-content\/uploads\/2023\/09\/couple-at-santa-monica-159x150.jpg 159w\" sizes=\"auto, (max-width: 600px) 100vw, 600px\" title=\"\">                    \n\n                <\/div>\n                    <\/div>\n\n    <\/div>\n<\/section>\n\n\n<section class=\"image-slider --theme1 sm-block\" >\n    <div class=\"image-slider__wrapper\">\n                    <div class=\"image-slider__copy wysiwyg\"><p><span style=\"font-weight: 400;\">Lorsque la temp\u00e9rature se rafra\u00eechit le soir, les habitants passent souvent au jean ; de nombreuses femmes compl\u00e8tent leur look avec une robe l\u00e9g\u00e8re. <\/span><span style=\"font-weight: 400;\">veste ou cardigan<\/span><span style=\"font-weight: 400;\">. Selon <\/span><span style=\"font-weight: 400;\">sur<\/span><span style=\"font-weight: 400;\"> la saison<\/span><span style=\"font-weight: 400;\">\u00a0vous planifiez votre voyage \u00e0 <\/span><span style=\"font-weight: 400;\">Santa Monica<\/span><span style=\"font-weight: 400;\">, Les nuits d'hiver peuvent descendre en dessous de 50 degr\u00e9s Fahrenheit (10 degr\u00e9s Celcius). Il est conseill\u00e9 de superposer plusieurs couches de v\u00eatements afin de pouvoir enlever des pi\u00e8ces suppl\u00e9mentaires si les temp\u00e9ratures sont un peu plus chaudes que pr\u00e9vu. <\/span><span style=\"font-weight: 400;\">Ne vous inqui\u00e9tez pas si vous oubliez quelque chose \u00e0 la maison<\/span><span style=\"font-weight: 400;\">; pulls<\/span><span style=\"font-weight: 400;\">,<\/span>\u00a0<span style=\"font-weight: 400;\">sweats \u00e0 capuche<\/span><span style=\"font-weight: 400;\"> et des chemises \u00e0 manches longues<\/span><span style=\"font-weight: 400;\"> sont largement disponibles aupr\u00e8s de l'un des <\/span><span style=\"font-weight: 400;\">Santa Monica<\/span><span style=\"font-weight: 400;\">\u2019Les nombreuses caract\u00e9ristiques uniques de l <\/span><a href=\"https:\/\/www.santamonica.com\/fr\/achats\/magasins-par-quartier\/\"><span style=\"font-weight: 400;\"><strong>magasins<\/strong><\/span><\/a><span style=\"font-weight: 400;\">.<\/span><\/p>\n<p>Lorsque vous r\u00e9fl\u00e9chissez \u00e0 ce que vous devez emporter pour vos vacances \u00e0 Santa Monica, n'oubliez pas votre maillot de bain ! <span style=\"font-weight: 400;\">De la fin du printemps au d\u00e9but de l'automne, vous pouvez certainement vous baigner en bikini ou en short de bain. Si vous avez un maillot de bain trop voyant pour la piscine communautaire de votre domicile, c'est le moment de le montrer ! Vous pouvez \u00e9galement emporter un maillot de bain l\u00e9ger<\/span><span style=\"font-weight: 400;\"> \u00e0 utiliser<\/span><span style=\"font-weight: 400;\"> pour visiter le snack ou se promener sur la jet\u00e9e.<\/span><\/p>\n<\/div>\n                <div class=\"image-slider__slider left\">\n                            <!-- Slider main container -->\n                <div class=\"swiper\">\n                    <!-- Additional required wrapper -->\n                    <div class=\"swiper-wrapper\">\n                        <!-- Slides -->\n                                                    <div class=\"swiper-slide\">\n                                <img decoding=\"async\" width=\"1024\" height=\"683\" src=\"https:\/\/www.santamonica.com\/wp-content\/uploads\/2023\/09\/santa-monica-sun-bathing-1-1024x683.webp\" class=\"swiper-slide__image\" alt=\"santa monica bain de soleil\" loading=\"lazy\" srcset=\"https:\/\/www.santamonica.com\/wp-content\/uploads\/2023\/09\/santa-monica-sun-bathing-1-1024x683.webp 1024w, https:\/\/www.santamonica.com\/wp-content\/uploads\/2023\/09\/santa-monica-sun-bathing-1-300x200.webp 300w, https:\/\/www.santamonica.com\/wp-content\/uploads\/2023\/09\/santa-monica-sun-bathing-1-225x150.webp 225w, https:\/\/www.santamonica.com\/wp-content\/uploads\/2023\/09\/santa-monica-sun-bathing-1-768x512.webp 768w, https:\/\/www.santamonica.com\/wp-content\/uploads\/2023\/09\/santa-monica-sun-bathing-1-1536x1024.webp 1536w, https:\/\/www.santamonica.com\/wp-content\/uploads\/2023\/09\/santa-monica-sun-bathing-1.webp 2048w\" sizes=\"auto, (max-width: 1024px) 100vw, 1024px\" title=\"\">                                \n\n                            <\/div>\n                                            <\/div>\n                                    <\/div>\n                    <\/div>\n    <\/div>\n<\/section>\n\n\n\n<div class=\"wp-block-columns is-layout-flex wp-container-core-columns-is-layout-28f84493 wp-block-columns-is-layout-flex base-block\">\n<div class=\"wp-block-column is-layout-flow wp-block-column-is-layout-flow base-block\">\n<h4 class=\"wp-block-heading base-block\">Rester classe<\/h4>\n\n\n\n<p class=\"base-block\">La plupart des <a href=\"https:\/\/www.santamonica.com\/fr\/restaurants\/guide-gastronomique\/\">Restaurants de Santa Monica<\/a>, Les h\u00f4tels, les bars et les discoth\u00e8ques ont un code vestimentaire d\u00e9contract\u00e9 qui convient parfaitement \u00e0 une tenue de vacances d\u00e9contract\u00e9e. Toutefois, vous devez pr\u00e9voir au moins une tenue haut de gamme : un pantalon sans jean et une chemise \u00e0 col, un joli chemisier ou une robe et des accessoires \u00e9l\u00e9gants.<\/p>\n<\/div>\n\n\n\n<div class=\"wp-block-column is-layout-flow wp-block-column-is-layout-flow base-block\">\n<h4 class=\"wp-block-heading base-block\">Faire preuve de souplesse<\/h4>\n\n\n\n<p class=\"base-block\">Aucun restaurant de Santa Monica n'exige un manteau et une cravate. Pour les dames, une robe longue s'accorde bien avec des sandales pour fl\u00e2ner dans les magasins. <a href=\"https:\/\/www.santamonica.com\/fr\/experience-santa-monica\/marches-de-producteurs\/\">march\u00e9 de producteurs<\/a>, Le t-shirt et le jean sont parfaits pour de nombreuses occasions, mais ils sont aussi tr\u00e8s chics lorsqu'ils sont associ\u00e9s \u00e0 des bijoux audacieux et \u00e0 des talons compens\u00e9s une fois le soleil couch\u00e9. Pour les hommes, un t-shirt et un jean seront parfaits pour de nombreuses occasions. N'oubliez pas d'emporter une veste l\u00e9g\u00e8re s'il fait froid le soir. &nbsp;<\/p>\n<\/div>\n\n\n\n<div class=\"wp-block-column is-layout-flow wp-block-column-is-layout-flow base-block\">\n<h4 class=\"wp-block-heading base-block\">Apporter un sac<\/h4>\n\n\n\n<p class=\"base-block\">Pr\u00e9voyez un petit sac \u00e0 main ou un sac de jour pour transporter vos affaires. Si vous marchez beaucoup, un grand sac \u00e0 main ou un sac fourre-tout ne fera que vous alourdir. Apportez un sac de plage si vous pr\u00e9voyez de passer du temps sur le sable. Il est pr\u00e9f\u00e9rable d'opter pour un sac plus l\u00e9ger, de pr\u00e9f\u00e9rence avec une bandouli\u00e8re ou une sangle transversale pour garder les mains libres et pr\u00eates \u00e0 prendre des photos !<\/p>\n<\/div>\n<\/div>\n\n\n\n<section class=\"two-images container-max sm-block --flip sm-block\">\n    <div class=\"two-images__container --flip\">\n\n        <div class=\"two-images__column\">\n            <div class=\"two-images__content\">\n                <div class=\"two-images__content-header-container\">\n                                            <h2 class=\"two-images__content-header\">Les chaussures \u00e0 emporter \u00e0 Santa Monica<\/h2>                                    <\/div>\n                                    <div class=\"two-images__content-body wysiwyg\">\n                        <p><span style=\"font-weight: 400;\">Confortable<\/span><span style=\"font-weight: 400;\"> marche<\/span><span style=\"font-weight: 400;\"> Les chaussures sont essentielles pour pr\u00e9parer un voyage \u00e0 l'\u00e9tranger. <\/span><span style=\"font-weight: 400;\">Santa Monica<\/span><span style=\"font-weight: 400;\">. Parce que la ville ne s'\u00e9tend que sur 8,3 miles carr\u00e9s <\/span><span style=\"font-weight: 400;\">(21,5 km\u00b2)<\/span><span style=\"font-weight: 400;\">, Vous pouvez obtenir presque tous les <\/span><a href=\"https:\/\/www.santamonica.com\/fr\/le-transport\/les-transports-publics\/\"><span style=\"font-weight: 400;\"><strong>partout o\u00f9 vous voulez aller \u00e0 pied<\/strong><\/span><\/a><span style=\"font-weight: 400;\">. <\/span><\/p>\n<p><span style=\"font-weight: 400;\">Pr\u00e9voir une ou deux paires de<\/span><span style=\"font-weight: 400;\"> tongs<\/span><span style=\"font-weight: 400;\">\u00a0\u00e0 porter sur la belle <\/span><strong><a href=\"https:\/\/www.santamonica.com\/fr\/choses-a-faire\/plage-de-santa-monica\/\">Plage de Santa Monica<\/a><\/strong><span style=\"font-weight: 400;\">,<\/span><span style=\"font-weight: 400;\"> mais assurez-vous d'avoir aussi quelque chose qui puisse r\u00e9sister \u00e0 de longues heures de visite dans les galeries d'art, de shopping, etc. <\/span><span style=\"font-weight: 400;\">\u00e0<\/span> <strong><a href=\"https:\/\/www.santamonica.com\/fr\/achats\/santa-monica-place\/\">Place Santa Monica<\/a><\/strong><span style=\"font-weight: 400;\">, ou de s'impr\u00e9gner de l'ambiance sonore et visuelle de l'h\u00f4tel de ville. <\/span><strong><a href=\"https:\/\/www.santamonica.com\/fr\/choses-a-faire\/visite-de-la-jetee-de-santa-monica\/\">Jet\u00e9e de Santa Monica<\/a><\/strong><span style=\"font-weight: 400;\">. Gardez les chaussures plus habill\u00e9es pour <\/span><strong><a href=\"https:\/\/www.santamonica.com\/fr\/vie-nocturne\/\">Nuits \u00e0 Santa Monica<\/a><\/strong><span style=\"font-weight: 400;\">.<\/span><\/p>\n                    <\/div>\n                                            <\/div>\n        <\/div>\n\n        <div class=\"two-images__column\">\n                            <div class=\"two-images__image-container\">\n                    <img decoding=\"async\" width=\"425\" height=\"505\" src=\"https:\/\/www.santamonica.com\/wp-content\/uploads\/2023\/09\/person-next-to-santa-monica-66-sign.jpg\" class=\"two-images__image\" alt=\"personne \u00e0 c\u00f4t\u00e9 du panneau santa monica 66\" loading=\"lazy\" srcset=\"https:\/\/www.santamonica.com\/wp-content\/uploads\/2023\/09\/person-next-to-santa-monica-66-sign.jpg 425w, https:\/\/www.santamonica.com\/wp-content\/uploads\/2023\/09\/person-next-to-santa-monica-66-sign-252x300.jpg 252w, https:\/\/www.santamonica.com\/wp-content\/uploads\/2023\/09\/person-next-to-santa-monica-66-sign-126x150.jpg 126w\" sizes=\"auto, (max-width: 425px) 100vw, 425px\" title=\"\">                    \n\n                <\/div>\n                    <\/div>\n\n        <div class=\"two-images__column\">\n                            <div class=\"two-images__image-container\">\n                    <img decoding=\"async\" width=\"600\" height=\"565\" src=\"https:\/\/www.santamonica.com\/wp-content\/uploads\/2023\/09\/santa-monica-pier.jpg\" class=\"two-images__image\" alt=\"jet\u00e9e de santa monica\" loading=\"lazy\" srcset=\"https:\/\/www.santamonica.com\/wp-content\/uploads\/2023\/09\/santa-monica-pier.jpg 600w, https:\/\/www.santamonica.com\/wp-content\/uploads\/2023\/09\/santa-monica-pier-300x283.jpg 300w, https:\/\/www.santamonica.com\/wp-content\/uploads\/2023\/09\/santa-monica-pier-159x150.jpg 159w\" sizes=\"auto, (max-width: 600px) 100vw, 600px\" title=\"\">                    \n\n                <\/div>\n                    <\/div>\n\n    <\/div>\n<\/section>\n\n\n<section class=\"sun-title sm-block --theme6 sm-block\">\n            <h2 class=\"sun-title__headline\">Toujours emballer ces articles<\/h2>    \n            <div class=\"sun-title__body  wysiwyg\">\n                    <p><span style=\"font-weight: 400;\">Quelle que soit la saison <\/span><span style=\"font-weight: 400;\">Santa Monica<\/span><span style=\"font-weight: 400;\">, Pour les vacances, n'oubliez pas d'emporter les v\u00eatements suivants : une paire de lunettes de soleil, une casquette ou un chapeau de soleil et un flacon de cr\u00e8me solaire.<\/span><\/p>\n<p><span style=\"font-weight: 400;\">Les rayons du soleil peuvent \u00eatre tr\u00e8s forts, m\u00eame lorsque les temp\u00e9ratures sont plus basses ou que le ciel est couvert. Vous devez prot\u00e9ger vos yeux de l'\u00e9blouissement et votre peau d'\u00e9ventuels coups de soleil. M\u00eame si vous avez tendance \u00e0 bronzer facilement, il est toujours prudent d'appliquer un \u00e9cran solaire 30 minutes avant de quitter votre domicile. <\/span><strong><a href=\"https:\/\/www.santamonica.com\/fr\/hotels\/sejour-a-santa-monica\/\">h\u00f4tel <\/a><\/strong><span style=\"font-weight: 400;\">et ensuite toutes les deux heures pendant lesquelles vous \u00eates \u00e0 l'ext\u00e9rieur.<\/span><\/p>\n<p><span style=\"font-weight: 400;\">Si vous avez envie de vous baigner dans le Pacifique pendant votre s\u00e9jour (et nous pouvons presque parier que vous le ferez), vous serez heureux d'avoir un peu plus de SPF dans votre sac \u00e0 dos. <\/span><span style=\"font-weight: 400;\">Santa Monica<\/span><span style=\"font-weight: 400;\"> sac de jour.<\/span><\/p>\n                        <\/div>\n    <\/section>\n\n\n<section class=\"image-slider --theme1 sm-block\" >\n    <div class=\"image-slider__wrapper\">\n                    <div class=\"image-slider__copy wysiwyg\"><p><span style=\"font-weight: 400;\">Si vous avez besoin d'un endroit pour ranger vos objets ou vos bagages pendant que vous explorez Santa Monica, le Santa Monica Bike Center dispose de casiers. Le co\u00fbt est de $10 par jour et par objet ou de $5 par jour et par objet avec l'achat d'un v\u00e9lo de location. Tous les sacs et effets personnels doivent \u00eatre r\u00e9cup\u00e9r\u00e9s avant la fermeture des bureaux, c'est-\u00e0-dire \u00e0 19 heures tous les jours.<\/span><\/p>\n<p><span style=\"font-weight: 400;\">T\u00e9l\u00e9charger le<\/span><a href=\"https:\/\/usebounce.com\/\" target=\"_blank\" rel=\"noopener\"><span style=\"font-weight: 400;\"><strong> Application Bounce<\/strong><\/span><\/a><span style=\"font-weight: 400;\">\u00a0 pour obtenir d'autres lieux de stockage de bagages \u00e0 Santa Monica, y compris les deux sites Sand n\u2019 Surf, pour un stockage d'une journ\u00e9e, d'une nuit ou de plusieurs jours.<\/span><\/p>\n<\/div>\n                <div class=\"image-slider__slider right\">\n                            <!-- Slider main container -->\n                <div class=\"swiper\">\n                    <!-- Additional required wrapper -->\n                    <div class=\"swiper-wrapper\">\n                        <!-- Slides -->\n                                                    <div class=\"swiper-slide\">\n                                <img decoding=\"async\" width=\"1024\" height=\"576\" src=\"https:\/\/www.santamonica.com\/wp-content\/uploads\/2023\/09\/santa-monica.jpg\" class=\"swiper-slide__image\" alt=\"santa monica\" loading=\"lazy\" srcset=\"https:\/\/www.santamonica.com\/wp-content\/uploads\/2023\/09\/santa-monica.jpg 1024w, https:\/\/www.santamonica.com\/wp-content\/uploads\/2023\/09\/santa-monica-300x169.jpg 300w, https:\/\/www.santamonica.com\/wp-content\/uploads\/2023\/09\/santa-monica-267x150.jpg 267w, https:\/\/www.santamonica.com\/wp-content\/uploads\/2023\/09\/santa-monica-768x432.jpg 768w\" sizes=\"auto, (max-width: 1024px) 100vw, 1024px\" title=\"\">                                \n\n            <a href=\"https:\/\/www.santamonica.com\/fr\/choses-a-faire\/centre-de-velo-de-santa-monica\/\" class=\"img-lctn-tag --right\">\n            <div class=\"img-lctn-tag-inside-link image-slider__image-caption right\">Centre de v\u00e9lo de Santa Monica<\/div>\n        <\/a>\n                                <\/div>\n                                            <\/div>\n                                    <\/div>\n                    <\/div>\n    <\/div>\n<\/section>","protected":false},"excerpt":{"rendered":"<p>Stay classy Most Santa Monica restaurants, bars, and clubs have a casual dress code that is perfect for relaxed vacation wear. However, you still should pack at least one upscale outfit\u2014a pair of non-denim pants and a collared shirt, a nice blouse or a dress and stylish accessories. Be flexible No restaurants in Santa Monica require a coat and tie. For the ladies, a maxi dress works well with sandals while browsing the farmers\u2019 market, but it also looks chic when paired with bold jewelry and wedge heels after the sun goes down. For the guys, a t-shirt and jeans [\u2026]<\/p>\n","protected":false},"author":1450,"featured_media":757765,"parent":0,"menu_order":0,"comment_status":"closed","ping_status":"closed","template":"template-editorial.php","meta":{"_acf_changed":false,"inline_featured_image":false,"footnotes":""},"silos":[3887],"class_list":["post-335305","page","type-page","status-publish","has-post-thumbnail","hentry"],"acf":[],"_links":{"self":[{"href":"https:\/\/www.santamonica.com\/fr\/wp-json\/wp\/v2\/pages\/335305","targetHints":{"allow":["GET"]}}],"collection":[{"href":"https:\/\/www.santamonica.com\/fr\/wp-json\/wp\/v2\/pages"}],"about":[{"href":"https:\/\/www.santamonica.com\/fr\/wp-json\/wp\/v2\/types\/page"}],"author":[{"embeddable":true,"href":"https:\/\/www.santamonica.com\/fr\/wp-json\/wp\/v2\/users\/1450"}],"replies":[{"embeddable":true,"href":"https:\/\/www.santamonica.com\/fr\/wp-json\/wp\/v2\/comments?post=335305"}],"version-history":[{"count":71,"href":"https:\/\/www.santamonica.com\/fr\/wp-json\/wp\/v2\/pages\/335305\/revisions"}],"predecessor-version":[{"id":781578,"href":"https:\/\/www.santamonica.com\/fr\/wp-json\/wp\/v2\/pages\/335305\/revisions\/781578"}],"wp:featuredmedia":[{"embeddable":true,"href":"https:\/\/www.santamonica.com\/fr\/wp-json\/wp\/v2\/media\/757765"}],"wp:attachment":[{"href":"https:\/\/www.santamonica.com\/fr\/wp-json\/wp\/v2\/media?parent=335305"}],"wp:term":[{"taxonomy":"silos","embeddable":true,"href":"https:\/\/www.santamonica.com\/fr\/wp-json\/wp\/v2\/silos?post=335305"}],"curies":[{"name":"wp","href":"https:\/\/api.w.org\/{rel}","templated":true}]}}