{"id":335287,"date":"2022-05-13T14:57:37","date_gmt":"2022-05-13T21:57:37","guid":{"rendered":"https:\/\/www.santamonica.com\/?page_id=335287"},"modified":"2025-08-05T12:17:19","modified_gmt":"2025-08-05T19:17:19","slug":"vie-nocturne","status":"publish","type":"page","link":"https:\/\/www.santamonica.com\/fr\/nightlife\/","title":{"rendered":"Vie nocturne"},"content":{"rendered":"<section class=\"sun-title sm-block --theme6 sm-block\">\n            <h2 class=\"sun-title__headline\">Bars sur les toits<\/h2>    \n            <div class=\"sun-title__body  wysiwyg\">\n                    <div class=\"is-layout-flow wp-block-column is-vertically-aligned-center base-block\">\n<p class=\"base-block\">Les bars sur les toits de Santa Monica offrent une exp\u00e9rience unique et inoubliable aux habitants et aux visiteurs. Avec des vues panoramiques \u00e9poustouflantes sur la ville et l'oc\u00e9an Pacifique, ces bars constituent la toile de fond id\u00e9ale pour une soir\u00e9e de cocktails et de rencontres entre amis. Que vous recherchiez un cadre luxueux, comme le Coco Club, ou une ambiance plus d\u00e9contract\u00e9e, comme le LouLou at Santa Monica Place, Santa Monica offre de nombreuses options.<\/p>\n<\/div>\n<div class=\"is-layout-flow wp-block-column is-vertically-aligned-center base-block\"><\/div>\n                        <\/div>\n    <\/section>\n\n\n<section class=\"image-slider --theme1 sm-block\" >\n    <div class=\"image-slider__wrapper\">\n                    <div class=\"image-slider__copy wysiwyg\"><h3>Elephante<\/h3>\n<p>Le toit de l'h\u00f4tel <strong><a href=\"https:\/\/www.santamonica.com\/fr\/restaurants\/elephante-beach-house\/\">Elephante<\/a><\/strong> est une destination incontournable pour ceux qui souhaitent profiter d'une vue imprenable, d'une cuisine d\u00e9licieuse et de cocktails artisanaux. Le bar sur le toit propose un menu d'inspiration m\u00e9diterran\u00e9enne qui met en valeur les saveurs et les ingr\u00e9dients de la r\u00e9gion.<\/p>\n<h3>Calabre<\/h3>\n<p><strong><a href=\"https:\/\/www.santamonica.com\/fr\/restaurants\/calabre\/\">Calabra's<\/a><\/strong> Le bar et restaurant sur le toit de l'h\u00f4tel Santa Monica Proper est situ\u00e9 au 5\u00e8me \u00e9tage de l'h\u00f4tel. Ce bar sophistiqu\u00e9 offre une exp\u00e9rience unique qui ne manquera pas d'impressionner. Le bar lui-m\u00eame est d\u00e9cor\u00e9 avec style dans un style moderne et minimaliste, avec des si\u00e8ges confortables et un \u00e9clairage d'ambiance qui cr\u00e9e une atmosph\u00e8re chaleureuse et accueillante.<\/p>\n<\/div>\n                <div class=\"image-slider__slider right\">\n                            <!-- Slider main container -->\n                <div class=\"swiper js-image-slider\">\n                    <!-- Additional required wrapper -->\n                    <div class=\"swiper-wrapper\">\n                        <!-- Slides -->\n                                                    <div class=\"swiper-slide\">\n                                <img decoding=\"async\" width=\"1024\" height=\"580\" src=\"https:\/\/www.santamonica.com\/wp-content\/uploads\/2023\/05\/1024x580-Elephante-Rooftop-Restaurant-and-Bar-Santa-Monica.jpg\" class=\"swiper-slide__image\" alt=\"Restaurant et bar sur le toit d&#039;Elephante\" loading=\"lazy\" srcset=\"https:\/\/www.santamonica.com\/wp-content\/uploads\/2023\/05\/1024x580-Elephante-Rooftop-Restaurant-and-Bar-Santa-Monica.jpg 1024w, https:\/\/www.santamonica.com\/wp-content\/uploads\/2023\/05\/1024x580-Elephante-Rooftop-Restaurant-and-Bar-Santa-Monica-300x170.jpg 300w, https:\/\/www.santamonica.com\/wp-content\/uploads\/2023\/05\/1024x580-Elephante-Rooftop-Restaurant-and-Bar-Santa-Monica-265x150.jpg 265w, https:\/\/www.santamonica.com\/wp-content\/uploads\/2023\/05\/1024x580-Elephante-Rooftop-Restaurant-and-Bar-Santa-Monica-768x435.jpg 768w\" sizes=\"auto, (max-width: 1024px) 100vw, 1024px\" title=\"\">                                \n\n            <div class=\"img-lctn-tag --no-link image-slider__image-caption --right\">Restaurant et bar sur le toit d'Elephante<\/div>\n                                <\/div>\n                                                    <div class=\"swiper-slide\">\n                                <img decoding=\"async\" width=\"1024\" height=\"576\" src=\"https:\/\/www.santamonica.com\/wp-content\/uploads\/2022\/05\/santa-monica-proper-hotel.jpg\" class=\"swiper-slide__image\" alt=\"Santa Monica Proper Hotel\" loading=\"lazy\" srcset=\"https:\/\/www.santamonica.com\/wp-content\/uploads\/2022\/05\/santa-monica-proper-hotel.jpg 1024w, https:\/\/www.santamonica.com\/wp-content\/uploads\/2022\/05\/santa-monica-proper-hotel-300x169.jpg 300w, https:\/\/www.santamonica.com\/wp-content\/uploads\/2022\/05\/santa-monica-proper-hotel-267x150.jpg 267w, https:\/\/www.santamonica.com\/wp-content\/uploads\/2022\/05\/santa-monica-proper-hotel-768x432.jpg 768w\" sizes=\"auto, (max-width: 1024px) 100vw, 1024px\" title=\"\">                                \n\n            <a href=\"https:\/\/www.santamonica.com\/fr\/hotels\/santa-monica-proper-hotel\/\"  class=\"img-lctn-tag --right\">\n            <div class=\"img-lctn-tag-inside-link image-slider__image-caption right\">Santa Monica Proper Hotel<\/div>\n        <\/a>\n                                <\/div>\n                                            <\/div>\n                                            <div class=\"image-slider__swiper-controls-wrapper-relocator\">\n                            <div class=\"image-slider__swiper-controls-wrapper\">\n                                <div class=\"swiper-pagination\"><\/div>\n                                <div class=\"swiper-button-prev-custom\">\n                                    <div class=\"arrow-button-left\"><\/div>\n                                <\/div>\n                                <div class=\"swiper-button-next-custom\">\n                                    <div class=\"arrow-button-right\"><\/div>\n                                <\/div>\n                            <\/div>\n                        <\/div>\n                                    <\/div>\n                    <\/div>\n    <\/div>\n<\/section>\n\n\n<section class=\"image-slider --theme1 sm-block\" >\n    <div class=\"image-slider__wrapper\">\n                    <div class=\"image-slider__copy wysiwyg\"><h3>Le Coco Club<\/h3>\n<p>Le bar sur le toit de\u00a0<strong><a href=\"https:\/\/www.santamonica.com\/fr\/reunions\/le-coco-club\/\">Le Coco Club<\/a><\/strong>\u00a0est situ\u00e9 au 6e \u00e9tage de l'h\u00f4tel Beacon et offre une vue imprenable sur l'oc\u00e9an Pacifique et le littoral de Santa Monica. Le bar est une destination branch\u00e9e et \u00e9l\u00e9gante pour ceux qui recherchent une exp\u00e9rience unique et haut de gamme dans l'une des villes de bord de mer les plus embl\u00e9matiques de Californie.<\/p>\n<h3>LouLou<\/h3>\n<p><strong><a href=\"https:\/\/www.santamonica.com\/fr\/reunions\/loulou-rooftop-restaurant-lounge-venue\/\">LouLou Santa Monica<\/a><\/strong>\u00a0est un bar-restaurant \u00e9l\u00e9gant et sophistiqu\u00e9 situ\u00e9 sur le toit de Santa Monica Place. Il offre une atmosph\u00e8re relaxante et une vue imprenable sur l'oc\u00e9an et la ville environnante. Ce restaurant fran\u00e7ais et californien propose des si\u00e8ges en peluche, des chaises longues confortables et un d\u00e9cor \u00e9pur\u00e9 qui respire l'\u00e9l\u00e9gance et la modernit\u00e9. Le patio ext\u00e9rieur est \u00e9galement chauff\u00e9 et peut accueillir des groupes plus importants.<\/p>\n<\/div>\n                <div class=\"image-slider__slider left\">\n                            <!-- Slider main container -->\n                <div class=\"swiper js-image-slider\">\n                    <!-- Additional required wrapper -->\n                    <div class=\"swiper-wrapper\">\n                        <!-- Slides -->\n                                                    <div class=\"swiper-slide\">\n                                <img decoding=\"async\" width=\"1024\" height=\"580\" src=\"https:\/\/www.santamonica.com\/wp-content\/uploads\/2024\/03\/The-Coco-Club-Santa-Monica.jpg\" class=\"swiper-slide__image\" alt=\"Vue sur l&#039;oc\u00e9an au Coco Club\" loading=\"lazy\" srcset=\"https:\/\/www.santamonica.com\/wp-content\/uploads\/2024\/03\/The-Coco-Club-Santa-Monica.jpg 1024w, https:\/\/www.santamonica.com\/wp-content\/uploads\/2024\/03\/The-Coco-Club-Santa-Monica-300x170.jpg 300w, https:\/\/www.santamonica.com\/wp-content\/uploads\/2024\/03\/The-Coco-Club-Santa-Monica-265x150.jpg 265w, https:\/\/www.santamonica.com\/wp-content\/uploads\/2024\/03\/The-Coco-Club-Santa-Monica-768x435.jpg 768w\" sizes=\"auto, (max-width: 1024px) 100vw, 1024px\" title=\"\">                                \n\n            <a href=\"https:\/\/www.santamonica.com\/fr\/reunions\/le-coco-club\/\"  class=\"img-lctn-tag --right\">\n            <div class=\"img-lctn-tag-inside-link image-slider__image-caption right\">Le Coco Club<\/div>\n        <\/a>\n                                <\/div>\n                                                    <div class=\"swiper-slide\">\n                                <img decoding=\"async\" width=\"1024\" height=\"683\" src=\"https:\/\/www.santamonica.com\/wp-content\/uploads\/2023\/05\/Loulous-Nightlife-1024x683.webp\" class=\"swiper-slide__image\" alt=\"Loulou Santa Monica nightlife\" loading=\"lazy\" srcset=\"https:\/\/www.santamonica.com\/wp-content\/uploads\/2023\/05\/Loulous-Nightlife-1024x683.webp 1024w, https:\/\/www.santamonica.com\/wp-content\/uploads\/2023\/05\/Loulous-Nightlife-300x200.webp 300w, https:\/\/www.santamonica.com\/wp-content\/uploads\/2023\/05\/Loulous-Nightlife-225x150.webp 225w, https:\/\/www.santamonica.com\/wp-content\/uploads\/2023\/05\/Loulous-Nightlife-768x512.webp 768w, https:\/\/www.santamonica.com\/wp-content\/uploads\/2023\/05\/Loulous-Nightlife.webp 1313w\" sizes=\"auto, (max-width: 1024px) 100vw, 1024px\" title=\"\">                                \n\n            <div class=\"img-lctn-tag --no-link image-slider__image-caption --right\">Loulou Santa Monica nightlife<\/div>\n                                <\/div>\n                                            <\/div>\n                                            <div class=\"image-slider__swiper-controls-wrapper-relocator\">\n                            <div class=\"image-slider__swiper-controls-wrapper\">\n                                <div class=\"swiper-pagination\"><\/div>\n                                <div class=\"swiper-button-prev-custom\">\n                                    <div class=\"arrow-button-left\"><\/div>\n                                <\/div>\n                                <div class=\"swiper-button-next-custom\">\n                                    <div class=\"arrow-button-right\"><\/div>\n                                <\/div>\n                            <\/div>\n                        <\/div>\n                                    <\/div>\n                    <\/div>\n    <\/div>\n<\/section>\n\n\n<section class=\"sun-title sm-block --theme6 --2col sm-block\">\n            <h2 class=\"sun-title__headline\">Bars haut de gamme<\/h2>    \n            <div class=\"sun-title__body  --2col wysiwyg\">\n                    <div class=\"column-1\">\n                <p><span style=\"font-weight: 400;\">Les bars haut de gamme de Santa Monica offrent une exp\u00e9rience nocturne luxueuse et sophistiqu\u00e9e \u00e0 ceux qui recherchent une atmosph\u00e8re plus \u00e9lev\u00e9e. <\/span><strong><a href=\"https:\/\/www.santamonica.com\/fr\/restaurants\/le-bungalow\/\">Le bungalow<\/a><\/strong><span style=\"font-weight: 400;\"> \u00e0 la <\/span><span style=\"font-weight: 400;\">H\u00f4tel Fairmont Miramar<\/span><span style=\"font-weight: 400;\"> est l'un des bars les plus populaires, o\u00f9 vous aurez l'impression d'avoir \u00e9t\u00e9 invit\u00e9 \u00e0 la f\u00eate la plus chic de Californie. Le d\u00e9cor accueillant, avec ses tables de ping-pong et ses jeux de soci\u00e9t\u00e9, donne un ton d\u00e9contract\u00e9 et accueillant. <\/span><\/p>\n                            <\/div>\n            <div class=\"column-2\">\n                <p><span style=\"font-weight: 400;\">Visiter <\/span><strong><a href=\"https:\/\/www.santamonica.com\/fr\/restaurants\/le-penthouse\/\">Le Penthouse<\/a><\/strong><span style=\"font-weight: 400;\"> pour une vue in\u00e9gal\u00e9e sur le Pacifique, situ\u00e9 au sommet de l'h\u00f4tel haut de gamme Huntley Santa Monica Beach, en face de l'h\u00f4tel de l'universit\u00e9 de Santa Monica. <\/span><span style=\"font-weight: 400;\">Plage de Santa Monica<\/span><span style=\"font-weight: 400;\">. Savourez une cuisine californienne et des cocktails artisanaux dans l'une des cabanes de ce restaurant chic, tout en profitant d'une vue \u00e0 360 degr\u00e9s sur la ville, la plage et l'oc\u00e9an Pacifique. Les bars haut de gamme de Santa Monica sont la destination id\u00e9ale pour ceux qui recherchent une exp\u00e9rience nocturne sophistiqu\u00e9e et inoubliable.<\/span><\/p>\n                            <\/div>\n            <\/div>\n    <\/section>\n\n\n\n<section class=\"two-images container-max sm-block  sm-block\">\n    <div class=\"two-images__container\">\n\n        <div class=\"two-images__column\">\n            <div class=\"two-images__content\">\n                <div class=\"two-images__content-header-container\">\n                                            <h2 class=\"two-images__content-header\">Santa Monica Pier Happy Hour Specials<\/h2>                                    <\/div>\n                                    <div class=\"two-images__content-body wysiwyg\">\n                        <p><span style=\"font-weight: 400;\">D\u00e9couvrez l'incroyable <\/span><strong><a href=\"https:\/\/www.santamonica.com\/fr\/restaurants\/happy-hour\/\">Sp\u00e9cialit\u00e9s de l'happy hour<\/a><\/strong><span style=\"font-weight: 400;\"> disponible \u00e0 Santa Monica ! Profitez de boissons et d'ap\u00e9ritifs \u00e0 prix r\u00e9duit pour seulement $5 dans divers bars et restaurants de la r\u00e9gion. C'est l'occasion id\u00e9ale de savourer les diverses saveurs de Santa Monica sans se ruiner. Pourquoi se limiter \u00e0 un seul endroit quand on peut en explorer plusieurs ? <\/span><span style=\"font-weight: 400;\">happy hour<\/span><span style=\"font-weight: 400;\"> \u00e0 Santa Monica ? A la sant\u00e9 des prix avantageux et des exp\u00e9riences encore meilleures !<\/span><\/p>\n                    <\/div>\n                                            <\/div>\n        <\/div>\n\n        <div class=\"two-images__column\">\n                            <div class=\"two-images__image-container\">\n                    <img decoding=\"async\" width=\"425\" height=\"505\" src=\"https:\/\/www.santamonica.com\/wp-content\/uploads\/2023\/05\/upscale-southern-california-nightlife.jpg\" class=\"two-images__image\" alt=\"vie nocturne haut de gamme en californie du sud\" loading=\"lazy\" srcset=\"https:\/\/www.santamonica.com\/wp-content\/uploads\/2023\/05\/upscale-southern-california-nightlife.jpg 425w, https:\/\/www.santamonica.com\/wp-content\/uploads\/2023\/05\/upscale-southern-california-nightlife-252x300.jpg 252w, https:\/\/www.santamonica.com\/wp-content\/uploads\/2023\/05\/upscale-southern-california-nightlife-126x150.jpg 126w\" sizes=\"auto, (max-width: 425px) 100vw, 425px\" title=\"\">                    \n\n                <\/div>\n                    <\/div>\n\n        <div class=\"two-images__column\">\n                            <div class=\"two-images__image-container\">\n                    <img decoding=\"async\" width=\"600\" height=\"565\" src=\"https:\/\/www.santamonica.com\/wp-content\/uploads\/2023\/05\/bar-in-santa-monica.jpg\" class=\"two-images__image\" alt=\"bar \u00e0 santa monica\" loading=\"lazy\" srcset=\"https:\/\/www.santamonica.com\/wp-content\/uploads\/2023\/05\/bar-in-santa-monica.jpg 600w, https:\/\/www.santamonica.com\/wp-content\/uploads\/2023\/05\/bar-in-santa-monica-300x283.jpg 300w, https:\/\/www.santamonica.com\/wp-content\/uploads\/2023\/05\/bar-in-santa-monica-159x150.jpg 159w\" sizes=\"auto, (max-width: 600px) 100vw, 600px\" title=\"\">                    \n\n                <\/div>\n                    <\/div>\n\n    <\/div>\n<\/section>\n\n\n<section class=\"sun-title sm-block --theme6 sm-block\">\n            <h2 class=\"sun-title__headline\">Santa Monica a-t-elle une bonne vie nocturne ?<\/h2>    \n            <div class=\"sun-title__body  wysiwyg\">\n                    <p><span style=\"font-weight: 400;\">Santa Monica poss\u00e8de une vie nocturne dynamique et diversifi\u00e9e, avec de nombreuses options pour tous les go\u00fbts. Que vous recherchiez un bar sur le toit avec une vue imprenable, un bar anim\u00e9 avec de la musique live ou un salon haut de gamme pour une soir\u00e9e plus sophistiqu\u00e9e, Santa Monica a tout ce qu'il faut. Avec ses belles plages, son temps ensoleill\u00e9 et ses options de vie nocturne passionnantes, Santa Monica est l'endroit id\u00e9al pour passer une nuit m\u00e9morable avec des amis ou des proches. Apr\u00e8s une longue nuit d'exp\u00e9rience de la vie nocturne de Santa Monica, r\u00e9cup\u00e9rez avec quelques fantastiques <\/span><strong><a href=\"https:\/\/www.santamonica.com\/fr\/restaurants\/brunch\/\">brunch \u00e0 Santa Monica<\/a><\/strong><span style=\"font-weight: 400;\">.\u00a0 <\/span><\/p>\n                        <\/div>\n    <\/section>\n\n\n<section class=\"sun-title sm-block --theme6 sm-block\">\n            <h2 class=\"sun-title__headline\">D\u00e9couvrez les meilleurs clubs de Santa Monica, les bars de plong\u00e9e, les lieux de musique, les bars sur les toits, les bars sportifs et bien plus encore !<\/h2>    \n            <div class=\"sun-title__body  wysiwyg\">\n                    <p><span style=\"font-weight: 400;\">Que vous soyez \u00e0 la recherche d'un lieu peu \u00e9clair\u00e9 <\/span><strong><a href=\"https:\/\/www.santamonica.com\/fr\/vie-nocturne\/guide-des-bars-de-santa-monica\/bars-a-vin\/\">bar \u00e0 vin<\/a><\/strong><span style=\"font-weight: 400;\"> ou un endroit o\u00f9 vous pouvez porter vos tongs apr\u00e8s avoir pass\u00e9 une journ\u00e9e \u00e0 l'h\u00f4tel. <\/span><a href=\"https:\/\/www.santamonica.com\/fr\/choses-a-faire\/plage-de-santa-monica\/\"><span style=\"font-weight: 400;\"><strong>Plage de Santa Monica<\/strong><\/span><\/a><span style=\"font-weight: 400;\">,<\/span><span style=\"font-weight: 400;\"> il y a d'excellentes options dans tous les quartiers. Consultez <\/span><span style=\"font-weight: 400;\">notre <\/span><strong><a href=\"https:\/\/www.santamonica.com\/fr\/vie-nocturne\/guide-des-bars-de-santa-monica\/\">Guide des bars de Santa Monica<\/a><\/strong><span style=\"font-weight: 400;\"> pour trouver les meilleurs endroits<\/span><span style=\"font-weight: 400;\">\u00a0pour regarder un grand match, plonge avec <\/span><span style=\"font-weight: 400;\">bi\u00e8re artisanale<\/span><span style=\"font-weight: 400;\"> Les listes de bo\u00eetes de nuit o\u00f9 vous pouvez danser jusqu'au bout de la nuit \u00e0 Santa Monica, CA, sont longues de plus d'un kilom\u00e8tre !<\/span><\/p>\n                        <\/div>\n    <\/section>","protected":false},"excerpt":{"rendered":"","protected":false},"author":1450,"featured_media":379999,"parent":0,"menu_order":0,"comment_status":"closed","ping_status":"closed","template":"template-stakeholder-listing.php","meta":{"_acf_changed":false,"inline_featured_image":false,"footnotes":""},"silos":[],"class_list":["post-335287","page","type-page","status-publish","has-post-thumbnail","hentry"],"acf":[],"_links":{"self":[{"href":"https:\/\/www.santamonica.com\/fr\/wp-json\/wp\/v2\/pages\/335287","targetHints":{"allow":["GET"]}}],"collection":[{"href":"https:\/\/www.santamonica.com\/fr\/wp-json\/wp\/v2\/pages"}],"about":[{"href":"https:\/\/www.santamonica.com\/fr\/wp-json\/wp\/v2\/types\/page"}],"author":[{"embeddable":true,"href":"https:\/\/www.santamonica.com\/fr\/wp-json\/wp\/v2\/users\/1450"}],"replies":[{"embeddable":true,"href":"https:\/\/www.santamonica.com\/fr\/wp-json\/wp\/v2\/comments?post=335287"}],"version-history":[{"count":48,"href":"https:\/\/www.santamonica.com\/fr\/wp-json\/wp\/v2\/pages\/335287\/revisions"}],"predecessor-version":[{"id":431477,"href":"https:\/\/www.santamonica.com\/fr\/wp-json\/wp\/v2\/pages\/335287\/revisions\/431477"}],"wp:featuredmedia":[{"embeddable":true,"href":"https:\/\/www.santamonica.com\/fr\/wp-json\/wp\/v2\/media\/379999"}],"wp:attachment":[{"href":"https:\/\/www.santamonica.com\/fr\/wp-json\/wp\/v2\/media?parent=335287"}],"wp:term":[{"taxonomy":"silos","embeddable":true,"href":"https:\/\/www.santamonica.com\/fr\/wp-json\/wp\/v2\/silos?post=335287"}],"curies":[{"name":"wp","href":"https:\/\/api.w.org\/{rel}","templated":true}]}}