{"id":335275,"date":"2022-05-13T14:56:40","date_gmt":"2022-05-13T21:56:40","guid":{"rendered":"https:\/\/www.santamonica.com\/?page_id=335275"},"modified":"2026-01-13T13:39:19","modified_gmt":"2026-01-13T21:39:19","slug":"restaurants","status":"publish","type":"page","link":"https:\/\/www.santamonica.com\/fr\/restaurants\/","title":{"rendered":"Trouver un restaurant"},"content":{"rendered":"<section class=\"sun-title sm-block --theme6 --2col sm-block\">\n            <h3 class=\"sun-title__headline\">Se faire plaisir \u00e0 Santa Monica<\/h3>    \n            <div class=\"sun-title__body  --2col wysiwyg\">\n                    <div class=\"column-1\">\n                <p>Les restaurants de Santa Monica deviennent rapidement un r\u00eave pour les gourmets, avec des innovations culinaires qui peuvent retenir l'attention des mangeurs les plus exigeants.<\/p>\n<p>Il est facile de trouver les meilleurs restaurants de Santa Monica gr\u00e2ce \u00e0 notre <a href=\"https:\/\/www.santamonica.com\/fr\/restaurants\/guide-gastronomique\/\">Guide des restaurants de Santa Monica<\/a>, qui pr\u00e9sente un assortiment de cuisines telles que l'Asie du Sud-Est et l'Am\u00e9rique fran\u00e7aise. Le guide des restaurants de Santa Monica vous permet de choisir facilement entre de d\u00e9licieuses charcuteries italiennes, telles que <a href=\"https:\/\/www.santamonica.com\/fr\/restaurant\/bay-cities-italian-deli\/\">Bay Cities Italian Deli<\/a>, des restaurants frais de la ferme \u00e0 la table comme <a href=\"https:\/\/www.santamonica.com\/fr\/restaurant\/restaurant-de-la-figue\/\">FIG<\/a> et des options de restauration raffin\u00e9e, comme le restaurant deux \u00e9toiles Michelin de Josiah Citrin, <a href=\"https:\/\/www.santamonica.com\/fr\/restaurant\/melisse\/\">M\u00e9lisse<\/a> et une \u00e9toile <a href=\"https:\/\/www.santamonica.com\/fr\/restaurants\/citrine\/\">Citrine<\/a>.<\/p>\n<p>Commencez votre matin\u00e9e par une promenade sur l'avenue Montana, qui regorge de caf\u00e9s et d'\u00e9tablissements de restauration.<a href=\"https:\/\/www.santamonica.com\/fr\/restaurant\/bureau-des-peres\/\"> Bureau du p\u00e8re<\/a> pour go\u00fbter au fameux \u201cOffice Burger\u201d pour le d\u00e9jeuner. Pour une boisson saine \u00e0 tout moment de la journ\u00e9e, passez \u00e0 l'adresse suivante <a href=\"https:\/\/www.santamonica.com\/fr\/restaurant\/kreation-kafe-juicery\/\">Kreation Kafe<\/a> pour une vari\u00e9t\u00e9 de jus fra\u00eechement press\u00e9s.<\/p>\n                            <\/div>\n            <div class=\"column-2\">\n                <p>Rendez-vous \u00e0 la 3rd Street Promenade, dans le centre-ville de Santa Monica, pour une soir\u00e9e en amoureux o\u00f9 vous pourrez prendre l'ascenseur jusqu'au 18e \u00e9tage de l'immeuble de l'universit\u00e9 de Santa Monica. <a href=\"https:\/\/www.santamonica.com\/fr\/restaurant\/le-penthouse\/\">Le Penthouse<\/a> L'h\u00f4tel Huntley Santa Monica Beach propose des cocktails \u00e0 l'heure de l'ap\u00e9ritif ou un verre de vin sec tout en admirant le paysage pittoresque de l'oc\u00e9an. Apr\u00e8s avoir admir\u00e9 la vue, faites monter la romance et aventurez-vous dans l'un des restaurants raffin\u00e9s de Santa Monica, <a href=\"https:\/\/www.santamonica.com\/fr\/restaurants\/canyon-rustique\/\">Canyon rustique<\/a>, <a href=\"https:\/\/www.santamonica.com\/fr\/restaurants\/pasjoli\/\">Pasjoli<\/a> ou <a href=\"https:\/\/www.santamonica.com\/fr\/restaurants\/capo\/\">Capo<\/a>. Pour un d\u00eener en famille, vous pourrez d\u00e9guster des sp\u00e9cialit\u00e9s locales telles que <a href=\"https:\/\/www.santamonica.com\/fr\/restaurants\/lunette\/\">Lunetta<\/a> ou <a href=\"https:\/\/www.santamonica.com\/fr\/restaurants\/roses-de-goudron\/\">Goudron et roses<\/a>, o\u00f9 le Los Angeles Times a affirm\u00e9 que \u201c...pourrait \u00e9galement marquer la premi\u00e8re fois dans l'histoire de notre pays o\u00f9 le chou-fleur est devenu plus d\u00e9licieux qu'un steak de premier choix\u201d.\u201d<\/p>\n<p>N'oubliez pas de vous sucrer le bec. Arr\u00eatez-vous sur le boulevard Wilshire pour <a href=\"https:\/\/www.santamonica.com\/fr\/restaurants\/lextremite-du-beurre\/\">L'extr\u00e9mit\u00e9 du beurre<\/a> des biscuits extravagants fra\u00eechement sortis du four, des scones, des g\u00e2teaux et bien d'autres choses encore.<\/p>\n<p>Il va sans dire que Santa Monica propose des options de restauration pour toutes les occasions et tous les go\u00fbts. D\u00e9couvrez ci-dessous le guide des restaurants de Santa Monica.<\/p>\n                            <\/div>\n            <\/div>\n    <\/section>\n\n\n<section class=\"links-grid --theme3 sm-block\">\n    <div class=\"links-grid__wrapper\">\n                                                    <a href=\"https:\/\/www.santamonica.com\/fr\/restaurants\/beach-restaurants\/\" class=\"links-grid__card-link\" aria-label=\"Restaurants de plage\" >\n                    <div class=\"links-grid__card\">\n                                                    <div class=\"links-grid__card-image-wrapper\">\n                                <img decoding=\"async\" width=\"400\" height=\"400\" src=\"https:\/\/www.santamonica.com\/wp-content\/uploads\/2022\/06\/beach-restaurants-400x400.jpg\" class=\"links-grid__card-image\" alt=\"Restaurants de Santa Monica Beach\" loading=\"lazy\" title=\"\">                            <\/div>\n                                                <div class=\"links-grid__card-text\">\n                                                            <div class=\"links-grid__card-title\">Restaurants de plage<\/div>\n                                                                                <\/div>\n                    <\/div>\n                <\/a>\n                                            <a href=\"https:\/\/www.santamonica.com\/fr\/restaurants\/local-restaurants\/\" class=\"links-grid__card-link\" aria-label=\"Favoris locaux\" >\n                    <div class=\"links-grid__card\">\n                                                    <div class=\"links-grid__card-image-wrapper\">\n                                <img decoding=\"async\" width=\"400\" height=\"400\" src=\"https:\/\/www.santamonica.com\/wp-content\/uploads\/2023\/12\/friends-eating-brunch-in-local-santa-monica-400x400.webp\" class=\"links-grid__card-image\" alt=\"amis mangeant un brunch dans la ville de santa monica\" loading=\"lazy\" title=\"\">                            <\/div>\n                                                <div class=\"links-grid__card-text\">\n                                                            <div class=\"links-grid__card-title\">Favoris locaux<\/div>\n                                                                                <\/div>\n                    <\/div>\n                <\/a>\n                                            <a href=\"https:\/\/www.santamonica.com\/fr\/experience-santa-monica\/farmers-markets\/\" class=\"links-grid__card-link\" aria-label=\"March\u00e9 de producteurs\" >\n                    <div class=\"links-grid__card\">\n                                                    <div class=\"links-grid__card-image-wrapper\">\n                                <img decoding=\"async\" width=\"400\" height=\"400\" src=\"https:\/\/www.santamonica.com\/wp-content\/uploads\/2022\/06\/santa-monica-farmers-market-1-400x400.jpg\" class=\"links-grid__card-image\" alt=\"March\u00e9 fermier de Santa Monica\" loading=\"lazy\" title=\"\">                            <\/div>\n                                                <div class=\"links-grid__card-text\">\n                                                            <div class=\"links-grid__card-title\">March\u00e9 de producteurs<\/div>\n                                                                                <\/div>\n                    <\/div>\n                <\/a>\n                                            <a href=\"https:\/\/www.santamonica.com\/fr\/nightlife\/\" class=\"links-grid__card-link\" aria-label=\"Vie nocturne\" >\n                    <div class=\"links-grid__card\">\n                                                    <div class=\"links-grid__card-image-wrapper\">\n                                <img decoding=\"async\" width=\"400\" height=\"400\" src=\"https:\/\/www.santamonica.com\/wp-content\/uploads\/2022\/06\/bars-and-nightlife-400x400.jpg\" class=\"links-grid__card-image\" alt=\"bars et vie nocturne\" loading=\"lazy\" title=\"\">                            <\/div>\n                                                <div class=\"links-grid__card-text\">\n                                                            <div class=\"links-grid__card-title\">Vie nocturne<\/div>\n                                                                                <\/div>\n                    <\/div>\n                <\/a>\n                        <\/div>\n<\/section>\n\n\n\n<section class=\"blog-feed --theme8 sm-block\">\n    <div class=\"blog-feed__content\">\n        <div class=\"blog-feed__intro\">\n                            <div class=\"blog-feed__eyebrow eyebrow\">Blogs<\/div>                                        <h2 class=\"blog-feed__headline\">D\u00e9couvrir Santa Monica<\/h2>                                        <div class=\"blog-feed__body\"><p>Explorez les itin\u00e9raires, les conseils locaux, les points chauds et les aventures organis\u00e9es pour \u00eatre s\u00fbr de profiter au maximum de votre exp\u00e9rience \u00e0 Santa Monica.<\/p>\n<\/div>\n                                        <a class=\"blog-feed__cta\" href=\"https:\/\/www.santamonica.com\/fr\/articles-de-blog\/\">Voir tous les blogs<\/a>\n                    <\/div>\n\n        <ul class=\"blog-feed__list\">\n                                                <li class=\"blog-feed__item\">\n                        <a href=\"https:\/\/www.santamonica.com\/fr\/things-to-do\/coastal-chronicles-the-history-of-santa-monicas-libraries\/\" class=\"blog-feed__item-link\">\n                            <div class=\"blog-feed__image-ratio\">\n                                <img decoding=\"async\" class=\"blog-feed__image\" src=\"https:\/\/www.santamonica.com\/wp-content\/uploads\/2024\/04\/Untitled-design-34-400x400.jpg\" alt=\"Chroniques c\u00f4ti\u00e8res : L&#039;histoire des biblioth\u00e8ques de Santa Monica\" title=\"\">\n                            <\/div>\n                            <div class=\"blog-feed__card-title\">Chroniques c\u00f4ti\u00e8res : L'histoire des biblioth\u00e8ques de Santa Monica<\/div>\n                        <\/a>\n                    <\/li>\n                                                                <li class=\"blog-feed__item\">\n                        <a href=\"https:\/\/www.santamonica.com\/fr\/things-to-do\/sweets-for-your-sweet-desserts-to-celebrate-valentines-day\/\" class=\"blog-feed__item-link\">\n                            <div class=\"blog-feed__image-ratio\">\n                                <img decoding=\"async\" class=\"blog-feed__image\" src=\"https:\/\/www.santamonica.com\/wp-content\/uploads\/2024\/01\/Couple-Drinking-600x564-2-400x400.jpg\" alt=\"Des sucreries pour votre douce : Desserts pour c\u00e9l\u00e9brer la Saint-Valentin\" title=\"\">\n                            <\/div>\n                            <div class=\"blog-feed__card-title\">Des sucreries pour votre douce : Desserts pour c\u00e9l\u00e9brer la Saint-Valentin<\/div>\n                        <\/a>\n                    <\/li>\n                                                                <li class=\"blog-feed__item\">\n                        <a href=\"https:\/\/www.santamonica.com\/fr\/restaurants\/santa-monica-coffee-shops\/\" class=\"blog-feed__item-link\">\n                            <div class=\"blog-feed__image-ratio\">\n                                <img decoding=\"async\" class=\"blog-feed__image\" src=\"https:\/\/www.santamonica.com\/wp-content\/uploads\/2023\/10\/best-santa-monica-coffee-shops-400x400.jpg\" alt=\"11 meilleurs caf\u00e9s et salons de th\u00e9 de Santa Monica\" title=\"\">\n                            <\/div>\n                            <div class=\"blog-feed__card-title\">11 meilleurs caf\u00e9s et salons de th\u00e9 de Santa Monica<\/div>\n                        <\/a>\n                    <\/li>\n                                    <\/ul>\n    <\/div>\n<\/section>","protected":false},"excerpt":{"rendered":"","protected":false},"author":1450,"featured_media":341423,"parent":0,"menu_order":0,"comment_status":"closed","ping_status":"closed","template":"template-stakeholder-listing.php","meta":{"_acf_changed":false,"inline_featured_image":false,"footnotes":""},"silos":[],"class_list":["post-335275","page","type-page","status-publish","has-post-thumbnail","hentry"],"acf":[],"_links":{"self":[{"href":"https:\/\/www.santamonica.com\/fr\/wp-json\/wp\/v2\/pages\/335275","targetHints":{"allow":["GET"]}}],"collection":[{"href":"https:\/\/www.santamonica.com\/fr\/wp-json\/wp\/v2\/pages"}],"about":[{"href":"https:\/\/www.santamonica.com\/fr\/wp-json\/wp\/v2\/types\/page"}],"author":[{"embeddable":true,"href":"https:\/\/www.santamonica.com\/fr\/wp-json\/wp\/v2\/users\/1450"}],"replies":[{"embeddable":true,"href":"https:\/\/www.santamonica.com\/fr\/wp-json\/wp\/v2\/comments?post=335275"}],"version-history":[{"count":47,"href":"https:\/\/www.santamonica.com\/fr\/wp-json\/wp\/v2\/pages\/335275\/revisions"}],"predecessor-version":[{"id":781558,"href":"https:\/\/www.santamonica.com\/fr\/wp-json\/wp\/v2\/pages\/335275\/revisions\/781558"}],"wp:featuredmedia":[{"embeddable":true,"href":"https:\/\/www.santamonica.com\/fr\/wp-json\/wp\/v2\/media\/341423"}],"wp:attachment":[{"href":"https:\/\/www.santamonica.com\/fr\/wp-json\/wp\/v2\/media?parent=335275"}],"wp:term":[{"taxonomy":"silos","embeddable":true,"href":"https:\/\/www.santamonica.com\/fr\/wp-json\/wp\/v2\/silos?post=335275"}],"curies":[{"name":"wp","href":"https:\/\/api.w.org\/{rel}","templated":true}]}}