{"id":335263,"date":"2022-05-13T14:55:42","date_gmt":"2022-05-13T21:55:42","guid":{"rendered":"https:\/\/www.santamonica.com\/?page_id=335263"},"modified":"2026-03-16T09:11:22","modified_gmt":"2026-03-16T16:11:22","slug":"mariages","status":"publish","type":"page","link":"https:\/\/www.santamonica.com\/fr\/experience-santa-monica\/weddings\/","title":{"rendered":"Mariages"},"content":{"rendered":"<section class=\"two-images container-max sm-block --flip sm-block\">\n    <div class=\"two-images__container --flip\">\n\n        <div class=\"two-images__column\">\n            <div class=\"two-images__content\">\n                <div class=\"two-images__content-header-container\">\n                                            <h2 class=\"two-images__content-header\">Mariages sur la plage<\/h2>                                    <\/div>\n                                    <div class=\"two-images__content-body wysiwyg\">\n                        <p>Les mariages sur la plage sont autoris\u00e9s sur <a href=\"https:\/\/www.santamonica.com\/fr\/choses-a-faire\/plage-de-santa-monica\/\">Plage d'\u00c9tat de Santa Monica<\/a> et en <a href=\"https:\/\/www.santamonica.com\/fr\/choses-a-faire\/parc-des-palissades\/\">Parc des Palissades<\/a>. La ville ne d\u00e9livre pas de permis pour les c\u00e9r\u00e9monies de mariage (ou autres petits rassemblements) sur la plage, mais toutes les r\u00e8gles doivent \u00eatre respect\u00e9es :<\/p>\n<ul>\n<li>Les mariages peuvent \u00eatre c\u00e9l\u00e9br\u00e9s n'importe o\u00f9 sur la plage, \u00e0 condition que la vue des sauveteurs ne soit pas obstru\u00e9e.<\/li>\n<li>Les places sont disponibles selon le principe du premier arriv\u00e9, premier servi.<\/li>\n<li>Les mariages doivent compter moins de 150 participants sur place.<\/li>\n<li>Les mariages peuvent \u00e9galement \u00eatre c\u00e9l\u00e9br\u00e9s au parc des Palissades.<\/li>\n<\/ul>\n                    <\/div>\n                                            <\/div>\n        <\/div>\n\n        <div class=\"two-images__column\">\n                            <div class=\"two-images__image-container\">\n                    <img decoding=\"async\" width=\"425\" height=\"505\" src=\"https:\/\/www.santamonica.com\/wp-content\/uploads\/2022\/06\/weddings-on-the-beach.jpg\" class=\"two-images__image\" alt=\"mariages sur la plage\" loading=\"lazy\" srcset=\"https:\/\/www.santamonica.com\/wp-content\/uploads\/2022\/06\/weddings-on-the-beach.jpg 425w, https:\/\/www.santamonica.com\/wp-content\/uploads\/2022\/06\/weddings-on-the-beach-252x300.jpg 252w, https:\/\/www.santamonica.com\/wp-content\/uploads\/2022\/06\/weddings-on-the-beach-126x150.jpg 126w\" sizes=\"auto, (max-width: 425px) 100vw, 425px\" title=\"\">                    \n\n            <div class=\"img-lctn-tag --no-link two-images__image-caption --right\">Santa Monica Picnic Co<\/div>\n                    <\/div>\n                    <\/div>\n\n        <div class=\"two-images__column\">\n                            <div class=\"two-images__image-container\">\n                    <img decoding=\"async\" width=\"600\" height=\"565\" src=\"https:\/\/www.santamonica.com\/wp-content\/uploads\/2022\/06\/beach-weddings.jpg\" class=\"two-images__image\" alt=\"mariages sur la plage\" loading=\"lazy\" srcset=\"https:\/\/www.santamonica.com\/wp-content\/uploads\/2022\/06\/beach-weddings.jpg 600w, https:\/\/www.santamonica.com\/wp-content\/uploads\/2022\/06\/beach-weddings-300x283.jpg 300w, https:\/\/www.santamonica.com\/wp-content\/uploads\/2022\/06\/beach-weddings-159x150.jpg 159w\" sizes=\"auto, (max-width: 600px) 100vw, 600px\" title=\"\">                    \n\n            <div class=\"img-lctn-tag --no-link two-images__image-caption --right\">Santa Monica Picnic Co<\/div>\n                    <\/div>\n                    <\/div>\n\n    <\/div>\n<\/section>\n\n\n<section class=\"image-slider --theme1 sm-block\" >\n    <div class=\"image-slider__wrapper\">\n                    <div class=\"image-slider__copy wysiwyg\"><p><strong>Autoris\u00e9 :<\/strong><\/p>\n<ul>\n<li>Tables, chaises, chemins de table et petites arcades<\/li>\n<li>Auvents de moins de 400 pieds carr\u00e9s<\/li>\n<li>Stages de moins de 30 pouces de haut<\/li>\n<li>Sonorisation amplifi\u00e9e entre 8h00 et 22h00.<\/li>\n<\/ul>\n<p><strong>Non autoris\u00e9 :<\/strong><\/p>\n<ul>\n<li>Structures n\u00e9cessitant un permis de construire et de s\u00e9curit\u00e9 ou un permis de feu<\/li>\n<li>Tentes avec panneaux lat\u00e9raux<\/li>\n<li>V\u00e9hicules sur le gazon ou les sentiers du parc, le sable, la piste cyclable ou l'Ocean Front Walk<\/li>\n<li>Fixer quoi que ce soit dans le gazon ou attacher quoi que ce soit aux arbres, arbustes, installations et autres am\u00e9nagements.<\/li>\n<li>Blocage des trottoirs ou des voies pi\u00e9tonnes<\/li>\n<li>Feux, cuisine, alcool, r\u00e9cipients en verre et tabagisme<\/li>\n<li>G\u00e9n\u00e9rateurs dans les parcs ou sur la plage<\/li>\n<\/ul>\n<\/div>\n                <div class=\"image-slider__slider left\">\n                            <!-- Slider main container -->\n                <div class=\"swiper js-image-slider\">\n                    <!-- Additional required wrapper -->\n                    <div class=\"swiper-wrapper\">\n                        <!-- Slides -->\n                                                    <div class=\"swiper-slide\">\n                                <img decoding=\"async\" width=\"1024\" height=\"683\" src=\"https:\/\/www.santamonica.com\/wp-content\/uploads\/2025\/01\/Santa_Monica_Beach_Couple_01-1024x683.jpg\" class=\"swiper-slide__image\" alt=\"\" loading=\"lazy\" srcset=\"https:\/\/www.santamonica.com\/wp-content\/uploads\/2025\/01\/Santa_Monica_Beach_Couple_01-1024x683.jpg 1024w, https:\/\/www.santamonica.com\/wp-content\/uploads\/2025\/01\/Santa_Monica_Beach_Couple_01-300x200.jpg 300w, https:\/\/www.santamonica.com\/wp-content\/uploads\/2025\/01\/Santa_Monica_Beach_Couple_01-225x150.jpg 225w, https:\/\/www.santamonica.com\/wp-content\/uploads\/2025\/01\/Santa_Monica_Beach_Couple_01-768x512.jpg 768w, https:\/\/www.santamonica.com\/wp-content\/uploads\/2025\/01\/Santa_Monica_Beach_Couple_01-1536x1025.jpg 1536w, https:\/\/www.santamonica.com\/wp-content\/uploads\/2025\/01\/Santa_Monica_Beach_Couple_01-2048x1366.jpg 2048w\" sizes=\"auto, (max-width: 1024px) 100vw, 1024px\" title=\"\">                                \n\n            <div class=\"img-lctn-tag --no-link image-slider__image-caption --right\">Plage d'\u00c9tat de Santa Monica<\/div>\n                                <\/div>\n                                                    <div class=\"swiper-slide\">\n                                <img decoding=\"async\" width=\"1024\" height=\"576\" src=\"https:\/\/www.santamonica.com\/wp-content\/uploads\/2022\/06\/beach-weddings-santa-monica.jpg\" class=\"swiper-slide__image\" alt=\"mariages \u00e0 la plage santa monica\" loading=\"lazy\" srcset=\"https:\/\/www.santamonica.com\/wp-content\/uploads\/2022\/06\/beach-weddings-santa-monica.jpg 1024w, https:\/\/www.santamonica.com\/wp-content\/uploads\/2022\/06\/beach-weddings-santa-monica-300x169.jpg 300w, https:\/\/www.santamonica.com\/wp-content\/uploads\/2022\/06\/beach-weddings-santa-monica-267x150.jpg 267w, https:\/\/www.santamonica.com\/wp-content\/uploads\/2022\/06\/beach-weddings-santa-monica-768x432.jpg 768w\" sizes=\"auto, (max-width: 1024px) 100vw, 1024px\" title=\"\">                                \n\n            <div class=\"img-lctn-tag --no-link image-slider__image-caption --right\">Plage d'\u00c9tat de Santa Monica<\/div>\n                                <\/div>\n                                            <\/div>\n                                            <div class=\"image-slider__swiper-controls-wrapper-relocator\">\n                            <div class=\"image-slider__swiper-controls-wrapper\">\n                                <div class=\"swiper-pagination\"><\/div>\n                                <div class=\"swiper-button-prev-custom\">\n                                    <div class=\"arrow-button-left\"><\/div>\n                                <\/div>\n                                <div class=\"swiper-button-next-custom\">\n                                    <div class=\"arrow-button-right\"><\/div>\n                                <\/div>\n                            <\/div>\n                        <\/div>\n                                    <\/div>\n                    <\/div>\n    <\/div>\n<\/section>\n\n\n\n<section class=\"two-images container-max sm-block --flip sm-block\">\n    <div class=\"two-images__container --flip\">\n\n        <div class=\"two-images__column\">\n            <div class=\"two-images__content\">\n                <div class=\"two-images__content-header-container\">\n                                            <h2 class=\"two-images__content-header\">Un lieu de mariage avec vue<\/h2>                                    <\/div>\n                                    <div class=\"two-images__content-body wysiwyg\">\n                        <p>Situ\u00e9 sur la plage d'\u00c9tat de Santa Monica, le <a href=\"https:\/\/www.santamonica.com\/fr\/choses-a-faire\/maison-de-plage-de-la-communaute-dannenberg-2\/\">Maison de plage de la communaut\u00e9 d'Annenberg<\/a> peut accueillir des mariages de 10 \u00e0 400 personnes. Il s'agit d'une option populaire pour les mariages sur la plage en \u00e9t\u00e9, o\u00f9 les c\u00e9r\u00e9monies en bord de mer peuvent facilement se transformer en c\u00e9l\u00e9brations nocturnes.<\/p>\n<p>Pour plus d'informations sur l'Annenberg Community Beach House, appelez le <a href=\"tel:3104584934\">(310) 458-4934<\/a>.<\/p>\n                    <\/div>\n                                            <\/div>\n        <\/div>\n\n        <div class=\"two-images__column\">\n                            <div class=\"two-images__image-container\">\n                    <img decoding=\"async\" width=\"424\" height=\"504\" src=\"https:\/\/www.santamonica.com\/wp-content\/uploads\/2022\/08\/Annenberg-424x504-1.jpg\" class=\"two-images__image\" alt=\"Photo d&#039;un b\u00e2timent historique blanc\" loading=\"lazy\" srcset=\"https:\/\/www.santamonica.com\/wp-content\/uploads\/2022\/08\/Annenberg-424x504-1.jpg 424w, https:\/\/www.santamonica.com\/wp-content\/uploads\/2022\/08\/Annenberg-424x504-1-252x300.jpg 252w, https:\/\/www.santamonica.com\/wp-content\/uploads\/2022\/08\/Annenberg-424x504-1-126x150.jpg 126w\" sizes=\"auto, (max-width: 424px) 100vw, 424px\" title=\"\">                    \n\n                <\/div>\n                    <\/div>\n\n        <div class=\"two-images__column\">\n                            <div class=\"two-images__image-container\">\n                    <img decoding=\"async\" width=\"600\" height=\"464\" src=\"https:\/\/www.santamonica.com\/wp-content\/uploads\/2022\/08\/Annenberg-600x464-1.jpg\" class=\"two-images__image\" alt=\"Salon de la maison de plage de la communaut\u00e9 d&#039;Annenberg ; murs blancs avec des photos en noir et blanc et un coin salon avec des coussins rouges.\" loading=\"lazy\" srcset=\"https:\/\/www.santamonica.com\/wp-content\/uploads\/2022\/08\/Annenberg-600x464-1.jpg 600w, https:\/\/www.santamonica.com\/wp-content\/uploads\/2022\/08\/Annenberg-600x464-1-300x232.jpg 300w, https:\/\/www.santamonica.com\/wp-content\/uploads\/2022\/08\/Annenberg-600x464-1-194x150.jpg 194w\" sizes=\"auto, (max-width: 600px) 100vw, 600px\" title=\"\">                    \n\n                <\/div>\n                    <\/div>\n\n    <\/div>\n<\/section>\n\n\n<section class=\"stakeholder-feed sm-block js-stk-root sm-block\">\n    <div class=\"stakeholder-feed__top\">\n        <div class=\"stakeholder-feed__intro\">\n                            <h2 class=\"stakeholder-feed__headline\">Sites de mariage dans les h\u00f4tels<\/h2>                                        <div class=\"stakeholder-feed__intro-body wysiwyg\">\n                    <p>De nombreux h\u00f4tels de Santa Monica proposent des salles de mariage et de r\u00e9ception, ainsi que des \u00e9quipements, des possibilit\u00e9s de restauration et d'autres services. Le d\u00e9partement des ventes de Santa Monica Travel &amp; Tourism peut vous aider \u00e0 r\u00e9server des blocs de chambres (g\u00e9n\u00e9ralement 10 chambres ou plus par nuit) \u00e0 tous les prix. Appeler le <a href=\"tel:8007712322\">(800) 771-2322<\/a> ou par courriel <a href=\"mailto:meet@santamonica.com\">meet@santamonica.com<\/a>.<\/p>\n                <\/div>\n                    <\/div>\n        <div class=\"stakeholder-feed__nav-section\">\n                            <h3 class=\"stakeholder-feed__feed-title\">Parcourir tous les lieux<\/h3>                                        <a href=\"https:\/\/www.santamonica.com\/fr\/reunions-conventions\/sites-hoteliers\/\" class=\"stakeholder-feed__feed-cta button --primary-teal-button\" >Voir tout<\/a>            \n                        <div class=\"stakeholder-feed__pagination xxx--desktop-hide\">\n                <div class=\"swiper-button-prev stakeholder-feed__pagination-prev\"><\/div>\n                <div class=\"swiper-button-next stakeholder-feed__pagination-next\"><\/div>\n            <\/div>\n        <\/div>\n    <\/div>\n    <div class=\"stakeholder-feed__bottom\">\n        <div class=\"stakeholder-feed__feed-list-wrapper swiper js-stk-swiper\">\n            <ul class=\"stakeholder-feed__feed-list swiper-wrapper js-stk-wrapper\">\n                    <li class=\"swiper-slide stakeholder-card --theme3\">\n        <a class=\"stakeholder-card__link\" href=\"https:\/\/www.santamonica.com\/fr\/meetings\/shutters-on-the-beach-venue\/\">\n            <div class=\"stakeholder-card__image\">\n                <img decoding=\"async\" src=\"https:\/\/assets.simpleviewinc.com\/simpleview\/image\/upload\/crm\/santamonica\/LOBBY11_4CDCB0D1-DDF2-B8D5-7657223C89CB20AE-4cdc9dc8d0723a9_4cdcc1a4-fce6-3733-b6a1fe99457dbb14.jpg\" alt=\"Volets sur la plage\" title=\"\">\n            <\/div>\n            <div class=\"stakeholder-card__stk-info\">\n                <div class=\"stakeholder-card__stk-name\">Volets sur la plage<\/div>\n                <div class=\"stakeholder-card__stk-cat\"><\/div>\n            <\/div>\n        <\/a>\n    <\/li>\n        <li class=\"swiper-slide stakeholder-card --theme3\">\n        <a class=\"stakeholder-card__link\" href=\"https:\/\/www.santamonica.com\/fr\/meetings\/hyatt-centric-delfina-santa-monica-venue\/\">\n            <div class=\"stakeholder-card__image\">\n                <img decoding=\"async\" src=\"https:\/\/assets.simpleviewinc.com\/simpleview\/image\/upload\/crm\/santamonica\/Delfina-Ballroom-2_17656EDC-D293-BEE5-7045CE979B6D8448-17656c469c33578_176573a7-d505-cd27-f4139d6a9238f973.jpg\" alt=\"Hyatt Centric Delfina Santa Monica\" title=\"\">\n            <\/div>\n            <div class=\"stakeholder-card__stk-info\">\n                <div class=\"stakeholder-card__stk-name\">Hyatt Centric Delfina Santa Monica<\/div>\n                <div class=\"stakeholder-card__stk-cat\"><\/div>\n            <\/div>\n        <\/a>\n    <\/li>\n        <li class=\"swiper-slide stakeholder-card --theme3\">\n        <a class=\"stakeholder-card__link\" href=\"https:\/\/www.santamonica.com\/fr\/meetings\/fairmont-miramar-hotel-bungalows-venue\/\">\n            <div class=\"stakeholder-card__image\">\n                <img decoding=\"async\" src=\"https:\/\/assets.simpleviewinc.com\/simpleview\/image\/upload\/crm\/santamonica\/FMH2-POOL-CHRISTIANHORAN_POOL_LANDSCAPE_4F5BEADA-C28C-ACDB-3CD68CA70751D488-4f5be18eaa3c8d4_4f5befc1-acd3-a019-80bb9d8ff86df3aa.jpg\" alt=\"Fairmont Miramar Hotel &amp; Bungalows\" title=\"\">\n            <\/div>\n            <div class=\"stakeholder-card__stk-info\">\n                <div class=\"stakeholder-card__stk-name\">Fairmont Miramar Hotel &amp; Bungalows<\/div>\n                <div class=\"stakeholder-card__stk-cat\"><\/div>\n            <\/div>\n        <\/a>\n    <\/li>\n                <\/ul>\n        <\/div>\n    <\/div>\n<\/section>\n\n\n<section class=\"blog-feed --theme8 sm-block\">\n    <div class=\"blog-feed__content\">\n        <div class=\"blog-feed__intro\">\n                            <div class=\"blog-feed__eyebrow eyebrow\">Blogs<\/div>                                        <h2 class=\"blog-feed__headline\">D\u00e9couvrir Santa Monica<\/h2>                                        <div class=\"blog-feed__body\"><p>Explorez les itin\u00e9raires, les conseils locaux, les points chauds et les aventures organis\u00e9es pour \u00eatre s\u00fbr de profiter au maximum de votre exp\u00e9rience \u00e0 Santa Monica.<\/p>\n<\/div>\n                                        <a class=\"blog-feed__cta\" href=\"https:\/\/www.santamonica.com\/fr\/articles-de-blog\/\">Voir tous les blogs<\/a>\n                    <\/div>\n\n        <ul class=\"blog-feed__list\">\n                                                <li class=\"blog-feed__item\">\n                        <a href=\"https:\/\/www.santamonica.com\/fr\/mother-road-modern-meetings-route-66-meeting-spaces-set-to-shine-for-centennial-in-santa-monica\/\" class=\"blog-feed__item-link\">\n                            <div class=\"blog-feed__image-ratio\">\n                                <img decoding=\"async\" class=\"blog-feed__image\" src=\"https:\/\/www.santamonica.com\/wp-content\/uploads\/2025\/12\/untitledJuly20162C2020180010-182-2-400x400.jpg\" alt=\"ROUTE MATERNELLE, R\u00c9UNIONS MODERNES : LES ESPACES DE R\u00c9UNION DE LA ROUTE 66 S&#039;APPR\u00caTENT \u00c0 BRILLER POUR LE CENTENAIRE \u00c0 SANTA MONICA\" title=\"\">\n                            <\/div>\n                            <div class=\"blog-feed__card-title\">ROUTE MATERNELLE, R\u00c9UNIONS MODERNES : LES ESPACES DE R\u00c9UNION DE LA ROUTE 66 S'APPR\u00caTENT \u00c0 BRILLER POUR LE CENTENAIRE \u00c0 SANTA MONICA<\/div>\n                        <\/a>\n                    <\/li>\n                                                                <li class=\"blog-feed__item\">\n                        <a href=\"https:\/\/www.santamonica.com\/fr\/media\/news-release\/santa-monica-announces-song-contest-in-celebration-of-route-66-centennial\/\" class=\"blog-feed__item-link\">\n                            <div class=\"blog-feed__image-ratio\">\n                                <img decoding=\"async\" class=\"blog-feed__image\" src=\"https:\/\/www.santamonica.com\/wp-content\/uploads\/2025\/11\/DSC01084-400x400.jpg\" alt=\"SANTA MONICA ANNONCE UN CONCOURS DE CHANSONS POUR C\u00c9L\u00c9BRER LE CENTENAIRE DE LA ROUTE 66\" title=\"\">\n                            <\/div>\n                            <div class=\"blog-feed__card-title\">SANTA MONICA ANNONCE UN CONCOURS DE CHANSONS POUR C\u00c9L\u00c9BRER LE CENTENAIRE DE LA ROUTE 66<\/div>\n                        <\/a>\n                    <\/li>\n                                                                <li class=\"blog-feed__item\">\n                        <a href=\"https:\/\/www.santamonica.com\/fr\/media\/news-release\/where-to-watch-the-world-series-in-santa-monica\/\" class=\"blog-feed__item-link\">\n                            <div class=\"blog-feed__image-ratio\">\n                                <img decoding=\"async\" class=\"blog-feed__image\" src=\"https:\/\/www.santamonica.com\/wp-content\/uploads\/2025\/10\/dodgers-logo-1-400x400.jpg\" alt=\"O\u00d9 REGARDER LES CHAMPIONNATS DU MONDE \u00c0 SANTA MONICA\" title=\"\">\n                            <\/div>\n                            <div class=\"blog-feed__card-title\">O\u00d9 REGARDER LES CHAMPIONNATS DU MONDE \u00c0 SANTA MONICA<\/div>\n                        <\/a>\n                    <\/li>\n                                    <\/ul>\n    <\/div>\n<\/section>","protected":false},"excerpt":{"rendered":"","protected":false},"author":1450,"featured_media":350862,"parent":0,"menu_order":0,"comment_status":"closed","ping_status":"closed","template":"template-editorial.php","meta":{"_acf_changed":false,"inline_featured_image":false,"footnotes":""},"silos":[3887],"class_list":["post-335263","page","type-page","status-publish","has-post-thumbnail","hentry"],"acf":[],"_links":{"self":[{"href":"https:\/\/www.santamonica.com\/fr\/wp-json\/wp\/v2\/pages\/335263","targetHints":{"allow":["GET"]}}],"collection":[{"href":"https:\/\/www.santamonica.com\/fr\/wp-json\/wp\/v2\/pages"}],"about":[{"href":"https:\/\/www.santamonica.com\/fr\/wp-json\/wp\/v2\/types\/page"}],"author":[{"embeddable":true,"href":"https:\/\/www.santamonica.com\/fr\/wp-json\/wp\/v2\/users\/1450"}],"replies":[{"embeddable":true,"href":"https:\/\/www.santamonica.com\/fr\/wp-json\/wp\/v2\/comments?post=335263"}],"version-history":[{"count":133,"href":"https:\/\/www.santamonica.com\/fr\/wp-json\/wp\/v2\/pages\/335263\/revisions"}],"predecessor-version":[{"id":790761,"href":"https:\/\/www.santamonica.com\/fr\/wp-json\/wp\/v2\/pages\/335263\/revisions\/790761"}],"wp:featuredmedia":[{"embeddable":true,"href":"https:\/\/www.santamonica.com\/fr\/wp-json\/wp\/v2\/media\/350862"}],"wp:attachment":[{"href":"https:\/\/www.santamonica.com\/fr\/wp-json\/wp\/v2\/media?parent=335263"}],"wp:term":[{"taxonomy":"silos","embeddable":true,"href":"https:\/\/www.santamonica.com\/fr\/wp-json\/wp\/v2\/silos?post=335263"}],"curies":[{"name":"wp","href":"https:\/\/api.w.org\/{rel}","templated":true}]}}