{"id":335196,"date":"2022-05-13T14:44:08","date_gmt":"2022-05-13T21:44:08","guid":{"rendered":"https:\/\/www.santamonica.com\/?page_id=335196"},"modified":"2026-01-13T13:47:45","modified_gmt":"2026-01-13T21:47:45","slug":"hotels","status":"publish","type":"page","link":"https:\/\/www.santamonica.com\/fr\/hotels\/","title":{"rendered":"Trouvez l'h\u00f4tel id\u00e9al"},"content":{"rendered":"<h2 class=\"wp-block-heading has-text-align-center base-block\">Explorer les exp\u00e9riences h\u00f4teli\u00e8res<\/h2>\n\n\n<section class=\"links-grid --theme3 sm-block\">\n    <div class=\"links-grid__wrapper\">\n                                                    <a href=\"https:\/\/www.santamonica.com\/fr\/hotels\/staying-in-santa-monica\/\" class=\"links-grid__card-link\" aria-label=\"S\u00e9journer \u00e0 Santa Monica\" >\n                    <div class=\"links-grid__card\">\n                                                    <div class=\"links-grid__card-image-wrapper\">\n                                <img decoding=\"async\" width=\"400\" height=\"400\" src=\"https:\/\/www.santamonica.com\/wp-content\/uploads\/2022\/06\/santa-monica-lodging-400x400.jpg\" class=\"links-grid__card-image\" alt=\"Lieux de s\u00e9jour \u00e0 Santa Monica\" loading=\"lazy\" title=\"\">                            <\/div>\n                                                <div class=\"links-grid__card-text\">\n                                                            <div class=\"links-grid__card-title\">S\u00e9journer \u00e0 Santa Monica<\/div>\n                                                                                        <div class=\"links-grid__card-description\">Santa Monica propose une grande vari\u00e9t\u00e9 d'h\u00f4tels, du plus luxueux au plus \u00e9conomique.<\/div>\n                                                    <\/div>\n                    <\/div>\n                <\/a>\n                                            <a href=\"https:\/\/www.santamonica.com\/fr\/hotels\/hotels-near-santa-monica-pier\/\" class=\"links-grid__card-link\" aria-label=\"Bord de mer\" >\n                    <div class=\"links-grid__card\">\n                                                    <div class=\"links-grid__card-image-wrapper\">\n                                <img decoding=\"async\" width=\"400\" height=\"400\" src=\"https:\/\/www.santamonica.com\/wp-content\/uploads\/2024\/01\/Beach-front-hotels-400x400.jpg\" class=\"links-grid__card-image\" alt=\"H\u00f4tels pr\u00e8s de Santa Monica Pier\" loading=\"lazy\" title=\"\">                            <\/div>\n                                                <div class=\"links-grid__card-text\">\n                                                            <div class=\"links-grid__card-title\">Bord de mer<\/div>\n                                                                                        <div class=\"links-grid__card-description\">Aucune autre ville baln\u00e9aire de Los Angeles ne dispose d'une telle vari\u00e9t\u00e9 d'h\u00f4tels donnant sur l'oc\u00e9an Pacifique.<\/div>\n                                                    <\/div>\n                    <\/div>\n                <\/a>\n                                            <a href=\"https:\/\/www.santamonica.com\/fr\/hotels\/hotels-by-budget\/\" class=\"links-grid__card-link\" aria-label=\"H\u00f4tels par budget\" >\n                    <div class=\"links-grid__card\">\n                                                    <div class=\"links-grid__card-image-wrapper\">\n                                <img decoding=\"async\" width=\"400\" height=\"400\" src=\"https:\/\/www.santamonica.com\/wp-content\/uploads\/2022\/06\/santa-monica-hotels-2-400x400.jpg\" class=\"links-grid__card-image\" alt=\"H\u00f4tels bon march\u00e9 \u00e0 Santa Monica\" loading=\"lazy\" title=\"\">                            <\/div>\n                                                <div class=\"links-grid__card-text\">\n                                                            <div class=\"links-grid__card-title\">H\u00f4tels par budget<\/div>\n                                                                                        <div class=\"links-grid__card-description\">Les h\u00f4tels de Santa Monica varient en termes de prix et de budget en fonction de leur emplacement et de leurs \u00e9quipements.<\/div>\n                                                    <\/div>\n                    <\/div>\n                <\/a>\n                                            <a href=\"https:\/\/www.santamonica.com\/fr\/hotels\/hotels-by-neighborhood\/\" class=\"links-grid__card-link\" aria-label=\"H\u00f4tels par quartier\" >\n                    <div class=\"links-grid__card\">\n                                                    <div class=\"links-grid__card-image-wrapper\">\n                                <img decoding=\"async\" width=\"400\" height=\"400\" src=\"https:\/\/www.santamonica.com\/wp-content\/uploads\/2022\/07\/Santa-Monica-city-aerial-view-540x540-1-400x400.jpg\" class=\"links-grid__card-image\" alt=\"Lieux de s\u00e9jour \u00e0 Santa Monica\" loading=\"lazy\" srcset=\"https:\/\/www.santamonica.com\/wp-content\/uploads\/2022\/07\/Santa-Monica-city-aerial-view-540x540-1-400x400.jpg 400w, https:\/\/www.santamonica.com\/wp-content\/uploads\/2022\/07\/Santa-Monica-city-aerial-view-540x540-1-300x300.jpg 300w, https:\/\/www.santamonica.com\/wp-content\/uploads\/2022\/07\/Santa-Monica-city-aerial-view-540x540-1-150x150.jpg 150w, https:\/\/www.santamonica.com\/wp-content\/uploads\/2022\/07\/Santa-Monica-city-aerial-view-540x540-1.jpg 540w\" sizes=\"auto, (max-width: 400px) 100vw, 400px\" title=\"\">                            <\/div>\n                                                <div class=\"links-grid__card-text\">\n                                                            <div class=\"links-grid__card-title\">H\u00f4tels par quartier<\/div>\n                                                                                        <div class=\"links-grid__card-description\">Santa Monica est plus qu'une simple ville de plage ; il y a huit superbes quartiers juste \u00e0 c\u00f4t\u00e9 de la plage !<\/div>\n                                                    <\/div>\n                    <\/div>\n                <\/a>\n                        <\/div>\n<\/section>\n\n\n\n<section class=\"sun-title sm-block --theme6 sm-block\">\n            <h2 class=\"sun-title__headline\">Questions fr\u00e9quemment pos\u00e9es<\/h2>    \n            <div class=\"sun-title__body  wysiwyg\">\n                    <h3>Cela vaut-il la peine de rester \u00e0 Santa Monica ?<\/h3>\n<p>S\u00e9journer \u00e0 Santa Monica est une bonne option pour les visiteurs qui souhaitent un acc\u00e8s proche aux activit\u00e9s, notamment aux restaurants et \u00e0 la plage. Tous les h\u00f4tels se trouvent \u00e0 moins de quatre miles de l'oc\u00e9an, et la plupart sont adjacents \u00e0 la plage ou accessibles \u00e0 pied, ce qui vous \u00e9vitera les tracas et les frais li\u00e9s \u00e0 la recherche d'un parking.<\/p>\n<h3>Quel est le meilleur h\u00f4tel de Santa Monica ?<\/h3>\n<p>Santa Monica propose certains des meilleurs h\u00f4tels de Californie, r\u00e9pondant \u00e0 des pr\u00e9f\u00e9rences diverses en termes d'emplacement, d'\u00e9quipements et d'atmosph\u00e8re g\u00e9n\u00e9rale. Si vous recherchez le luxe, vous trouverez de nombreux h\u00f4tels haut de gamme, parfaits pour se d\u00e9tendre avec style. Pour une ambiance plus d\u00e9contract\u00e9e, Santa Monica dispose \u00e9galement d'une gamme d'h\u00e9bergements de qualit\u00e9, allant du <a href=\"https:\/\/www.santamonica.com\/fr\/hotels\/hotels-par-budget\/#mid-range-hotels\">h\u00f4tels de charme et de milieu de gamme<\/a> \u00e0 <a href=\"https:\/\/www.santamonica.com\/fr\/hotels\/hotels-par-budget\/#budget-friendly-hotels\">des options avantageuses pour le budget<\/a>.<\/p>\n<h3>Quels sont les meilleurs halls d'entr\u00e9e d'h\u00f4tel \u00e0 Santa Monica, CA ?<\/h3>\n<p><strong><a href=\"https:\/\/www.santamonica.com\/fr\/hotels\/lhotel-ambrose\/\">L'h\u00f4tel Ambrose<\/a><\/strong> Il dispose de beaux espaces communs remplis de plantes et de si\u00e8ges accueillants et se trouve \u00e0 seulement 7 minutes en voiture de la plage. <strong><a href=\"https:\/\/www.santamonica.com\/fr\/hotels\/hotel-casa-del-mar\/\">H\u00f4tel Casa Del Mar<\/a><\/strong> L'h\u00f4tel est situ\u00e9 sur la plage et propose plusieurs options de restauration, notamment le restaurant Terrazza qui donne sur la mer (il est conseill\u00e9 de r\u00e9server). Le salon du hall propose des cocktails artisanaux dans une atmosph\u00e8re \u00e9l\u00e9gante.<\/p>\n<p>En fonction de vos go\u00fbts, la plupart des halls d'h\u00f4tel proposent des si\u00e8ges confortables et un espace de convivialit\u00e9, ainsi que des services tels que des boissons gratuites, une connexion Wi-Fi et des si\u00e8ges confortables pour les clients. De nombreux halls d'h\u00f4tel comprennent \u00e9galement des bars ou des restaurants, mais nous vous recommandons d'appeler ou de consulter la liste des h\u00f4tels pour en savoir plus sur les services qu'ils proposent.<\/p>\n                        <\/div>\n    <\/section>\n\n\n<section class=\"blog-feed --theme8 sm-block\">\n    <div class=\"blog-feed__content\">\n        <div class=\"blog-feed__intro\">\n                            <div class=\"blog-feed__eyebrow eyebrow\">Blogs<\/div>                                        <h2 class=\"blog-feed__headline\">D\u00e9couvrir Santa Monica<\/h2>                                        <div class=\"blog-feed__body\"><p>Explorez les itin\u00e9raires, les conseils locaux, les points chauds et les aventures organis\u00e9es pour \u00eatre s\u00fbr de profiter au maximum de votre exp\u00e9rience \u00e0 Santa Monica.<\/p>\n<\/div>\n                                        <a class=\"blog-feed__cta\" href=\"https:\/\/www.santamonica.com\/fr\/articles-de-blog\/\">Voir tous les blogs<\/a>\n                    <\/div>\n\n        <ul class=\"blog-feed__list\">\n                                                <li class=\"blog-feed__item\">\n                        <a href=\"https:\/\/www.santamonica.com\/fr\/restaurants\/a-guide-to-santa-monicas-hotel-bars\/\" class=\"blog-feed__item-link\">\n                            <div class=\"blog-feed__image-ratio\">\n                                <img decoding=\"async\" class=\"blog-feed__image\" src=\"https:\/\/www.santamonica.com\/wp-content\/uploads\/2019\/07\/desktop-1-e1563912356679-400x400.jpg\" alt=\"Guide des bars d&#039;h\u00f4tels de Santa Monica\" title=\"\">\n                            <\/div>\n                            <div class=\"blog-feed__card-title\">Guide des bars d'h\u00f4tels de Santa Monica<\/div>\n                        <\/a>\n                    <\/li>\n                                                                <li class=\"blog-feed__item\">\n                        <a href=\"https:\/\/www.santamonica.com\/fr\/experience-santa-monica\/a-guide-to-santa-monicas-laid-back-luxury\/\" class=\"blog-feed__item-link\">\n                            <div class=\"blog-feed__image-ratio\">\n                                <img decoding=\"async\" class=\"blog-feed__image\" src=\"https:\/\/www.santamonica.com\/wp-content\/uploads\/2019\/07\/feature-400x400.jpg\" alt=\"Guide du luxe d\u00e9contract\u00e9 de Santa Monica\" title=\"\">\n                            <\/div>\n                            <div class=\"blog-feed__card-title\">Guide du luxe d\u00e9contract\u00e9 de Santa Monica<\/div>\n                        <\/a>\n                    <\/li>\n                                                                <li class=\"blog-feed__item\">\n                        <a href=\"https:\/\/www.santamonica.com\/fr\/hotels\/family-friendly-hotels-in-santa-monica\/\" class=\"blog-feed__item-link\">\n                            <div class=\"blog-feed__image-ratio\">\n                                <img decoding=\"async\" class=\"blog-feed__image\" src=\"https:\/\/www.santamonica.com\/wp-content\/uploads\/2019\/03\/family-friendly-hotels-featured-400x400.jpg\" alt=\"H\u00f4tels familiaux \u00e0 Santa Monica\" title=\"\">\n                            <\/div>\n                            <div class=\"blog-feed__card-title\">H\u00f4tels familiaux \u00e0 Santa Monica<\/div>\n                        <\/a>\n                    <\/li>\n                                    <\/ul>\n    <\/div>\n<\/section>","protected":false},"excerpt":{"rendered":"<p>Explorer les exp\u00e9riences h\u00f4teli\u00e8res<\/p>","protected":false},"author":1450,"featured_media":24774,"parent":0,"menu_order":0,"comment_status":"closed","ping_status":"closed","template":"template-stakeholder-listing.php","meta":{"_acf_changed":false,"inline_featured_image":false,"footnotes":""},"silos":[],"class_list":["post-335196","page","type-page","status-publish","has-post-thumbnail","hentry"],"acf":[],"_links":{"self":[{"href":"https:\/\/www.santamonica.com\/fr\/wp-json\/wp\/v2\/pages\/335196","targetHints":{"allow":["GET"]}}],"collection":[{"href":"https:\/\/www.santamonica.com\/fr\/wp-json\/wp\/v2\/pages"}],"about":[{"href":"https:\/\/www.santamonica.com\/fr\/wp-json\/wp\/v2\/types\/page"}],"author":[{"embeddable":true,"href":"https:\/\/www.santamonica.com\/fr\/wp-json\/wp\/v2\/users\/1450"}],"replies":[{"embeddable":true,"href":"https:\/\/www.santamonica.com\/fr\/wp-json\/wp\/v2\/comments?post=335196"}],"version-history":[{"count":70,"href":"https:\/\/www.santamonica.com\/fr\/wp-json\/wp\/v2\/pages\/335196\/revisions"}],"predecessor-version":[{"id":781574,"href":"https:\/\/www.santamonica.com\/fr\/wp-json\/wp\/v2\/pages\/335196\/revisions\/781574"}],"wp:featuredmedia":[{"embeddable":true,"href":"https:\/\/www.santamonica.com\/fr\/wp-json\/wp\/v2\/media\/24774"}],"wp:attachment":[{"href":"https:\/\/www.santamonica.com\/fr\/wp-json\/wp\/v2\/media?parent=335196"}],"wp:term":[{"taxonomy":"silos","embeddable":true,"href":"https:\/\/www.santamonica.com\/fr\/wp-json\/wp\/v2\/silos?post=335196"}],"curies":[{"name":"wp","href":"https:\/\/api.w.org\/{rel}","templated":true}]}}