{"id":767357,"date":"2025-06-06T09:36:16","date_gmt":"2025-06-06T16:36:16","guid":{"rendered":"https:\/\/www.santamonica.com\/?page_id=767357"},"modified":"2025-10-03T09:12:05","modified_gmt":"2025-10-03T16:12:05","slug":"voleibol-de-playa","status":"publish","type":"page","link":"https:\/\/www.santamonica.com\/es\/beach-volleyball\/","title":{"rendered":"Voleibol de playa"},"content":{"rendered":"<section class=\"image-section-break sm-block\">\n    <div class=\"image-section-break__image-wrapper\">\n                    <picture>\n                    <source\n                        media=\"(min-width: 768px)\"\n                        srcset=\"https:\/\/www.santamonica.com\/wp-content\/uploads\/2025\/06\/2025-Beach-Volleyball_History_Wide.png\"\n                    >\n                    <img decoding=\"async\" src=\"https:\/\/www.santamonica.com\/wp-content\/uploads\/2025\/06\/2025-Beach-Volleyball_History_Mobile.png\" class=\"image-section-break__image\" alt=\"Voleibol de playa en Santa M\u00f3nica\" title=\"\">\n            <\/picture>\n                \n\n    <\/div>\n    <div class=\"image-section-break__text-content\">\n        <div class=\"image-section-break__first-content --theme3\">\n                            <div class=\"image-section-break__eyebrow-text\">Historia<\/div>\n                                        <h2 class=\"image-section-break__title\">Donde comenz\u00f3 el voleibol de playa<\/h2>\n                                        <div class=\"image-section-break__body-copy wysiwyg\"><p>Las ra\u00edces del voleibol de playa est\u00e1n profundamente arraigadas en Santa M\u00f3nica, donde este deporte pas\u00f3 de ser un juego informal entre amigos a convertirse en un fen\u00f3meno mundial. A principios del siglo XX, los lugare\u00f1os comenzaron a jugar partidos informales a lo largo de las amplias costas arenosas, a menudo cerca de lo que hoy se conoce como el <a href=\"https:\/\/www.santamonica.com\/es\/cosas-que-hacer\/muscle-beach-original\/\">Original Muscle Beach<\/a>. En las d\u00e9cadas de 1960 y 1970, el juego competitivo cobr\u00f3 impulso, atrayendo a multitudes y a los mejores talentos. En 1983, este deporte dio un gran salto adelante con la fundaci\u00f3n de la Asociaci\u00f3n de Profesionales de Voleibol (AVP) en Santa M\u00f3nica. Hoy en d\u00eda, la ciudad es considerada la cuna del voleibol de playa moderno, un centro neur\u00e1lgico donde siguen jugando tanto leyendas como principiantes.<\/p>\n<\/div>\n                                <\/div>\n        <div class=\"image-section-break__second-content\">\n                            <div class=\"image-section-break__body-copy wysiwyg\"><p>Cada verano, la cultura del voleibol de playa de Santa M\u00f3nica brilla durante el <a href=\"https:\/\/www.santamonica.com\/es\/eventos\/eventos-anuales\/\">Muelle 360<\/a> celebraci\u00f3n en el muelle de Santa M\u00f3nica, con el Campeonato Nacional de Voleibol de Playa de la AAU, adem\u00e1s de m\u00fasica, competiciones de surf y el ambiente cl\u00e1sico del sur de California. Santa M\u00f3nica, cuna de la AVP y lugar de entrenamiento favorito de los atletas ol\u00edmpicos, suele acoger a algunos de los jugadores m\u00e1s emblem\u00e1ticos de este deporte, muchos de los cuales siguen jugando de forma ocasional a pocos pasos del oc\u00e9ano. Con los Juegos Ol\u00edmpicos a la vuelta de la esquina, no hay mejor momento para <a href=\"https:\/\/www.santamonica.com\/es\/hoteles\/alojamiento-en-santa-monica\/\">planifique su estancia<\/a> y sea testigo del deporte donde todo comenz\u00f3.<\/p>\n<\/div>\n                                <\/div>\n    <\/div>\n<\/section>\n\n\n\n<section class=\"two-images container-max sm-block --flip sm-block\">\n    <div class=\"two-images__container --flip\">\n\n        <div class=\"two-images__column\">\n            <div class=\"two-images__content\">\n                <div class=\"two-images__content-header-container\">\n                                            <h1 class=\"two-images__content-header\">Encuentre su equipo<\/h1>                                    <\/div>\n                                    <div class=\"two-images__content-body wysiwyg\">\n                        <p>Prepararse para ir a la playa es muy f\u00e1cil en Santa M\u00f3nica. <a href=\"https:\/\/www.santamonica.com\/es\/restaurantes\/perrys-cafe-y-alquiler-de-articulos-de-playa\/\">Perry's Caf\u00e9 y alquiler de art\u00edculos de playa<\/a>, con m\u00faltiples ubicaciones a lo largo de la arena, y <a href=\"https:\/\/www.santamonica.com\/es\/cosas-que-hacer\/casa-de-playa-comunitaria-annenberg\/\">Casa de la Playa de la Comunidad Annenberg<\/a> ofrecen un c\u00f3modo servicio de alquiler de pelotas de voleibol a pocos pasos de las canchas. Tambi\u00e9n encontrar\u00e1s pelotas de playa y otros art\u00edculos esenciales en las tiendas del muelle de Santa M\u00f3nica y en todo el centro de la ciudad. \u00bfTe quedas a pasar la noche? Muchos hoteles locales ofrecen alquiler de equipo de playa para sus hu\u00e9spedes; solo tienes que preguntar al conserje y dirigirte directamente a la arena. No olvides el protector solar, las gafas de sol y mucha agua para mantenerte seguro y jugar m\u00e1s tiempo bajo el sol de Santa M\u00f3nica.<\/p>\n                    <\/div>\n                                            <\/div>\n        <\/div>\n\n        <div class=\"two-images__column\">\n                            <div class=\"two-images__image-container\">\n                    <img decoding=\"async\" width=\"1024\" height=\"683\" src=\"https:\/\/www.santamonica.com\/wp-content\/uploads\/2025\/06\/20180623SMTT_Pier360_305-1024x683.jpg\" class=\"two-images__image\" alt=\"\" loading=\"lazy\" srcset=\"https:\/\/www.santamonica.com\/wp-content\/uploads\/2025\/06\/20180623SMTT_Pier360_305-1024x683.jpg 1024w, https:\/\/www.santamonica.com\/wp-content\/uploads\/2025\/06\/20180623SMTT_Pier360_305-300x200.jpg 300w, https:\/\/www.santamonica.com\/wp-content\/uploads\/2025\/06\/20180623SMTT_Pier360_305-225x150.jpg 225w, https:\/\/www.santamonica.com\/wp-content\/uploads\/2025\/06\/20180623SMTT_Pier360_305-768x512.jpg 768w, https:\/\/www.santamonica.com\/wp-content\/uploads\/2025\/06\/20180623SMTT_Pier360_305-1536x1024.jpg 1536w, https:\/\/www.santamonica.com\/wp-content\/uploads\/2025\/06\/20180623SMTT_Pier360_305-2048x1365.jpg 2048w\" sizes=\"auto, (max-width: 1024px) 100vw, 1024px\" title=\"\">                    \n\n                <\/div>\n                    <\/div>\n\n        <div class=\"two-images__column\">\n                            <div class=\"two-images__image-container\">\n                    <img decoding=\"async\" width=\"1024\" height=\"678\" src=\"https:\/\/www.santamonica.com\/wp-content\/uploads\/2025\/06\/DSC_0239-1024x678.jpg\" class=\"two-images__image\" alt=\"\" loading=\"lazy\" srcset=\"https:\/\/www.santamonica.com\/wp-content\/uploads\/2025\/06\/DSC_0239-1024x678.jpg 1024w, https:\/\/www.santamonica.com\/wp-content\/uploads\/2025\/06\/DSC_0239-300x199.jpg 300w, https:\/\/www.santamonica.com\/wp-content\/uploads\/2025\/06\/DSC_0239-227x150.jpg 227w, https:\/\/www.santamonica.com\/wp-content\/uploads\/2025\/06\/DSC_0239-768x509.jpg 768w, https:\/\/www.santamonica.com\/wp-content\/uploads\/2025\/06\/DSC_0239-1536x1017.jpg 1536w, https:\/\/www.santamonica.com\/wp-content\/uploads\/2025\/06\/DSC_0239-2048x1356.jpg 2048w\" sizes=\"auto, (max-width: 1024px) 100vw, 1024px\" title=\"\">                    \n\n                <\/div>\n                    <\/div>\n\n    <\/div>\n<\/section>\n\n\n<section class=\"stakeholder-feed sm-block js-stk-root sm-block\">\n    <div class=\"stakeholder-feed__top\">\n        <div class=\"stakeholder-feed__intro\">\n                            <h1 class=\"stakeholder-feed__headline\">Alquiler y compras de voleibol de playa<\/h1>                                <\/div>\n        <div class=\"stakeholder-feed__nav-section\">\n                            <h1 class=\"stakeholder-feed__feed-title\">Prep\u00e1rate para divertirte con el voleibol de playa<\/h1>                        \n                        <div class=\"stakeholder-feed__pagination xxx--desktop-hide\">\n                <div class=\"swiper-button-prev stakeholder-feed__pagination-prev\"><\/div>\n                <div class=\"swiper-button-next stakeholder-feed__pagination-next\"><\/div>\n            <\/div>\n        <\/div>\n    <\/div>\n    <div class=\"stakeholder-feed__bottom\">\n        <div class=\"stakeholder-feed__feed-list-wrapper swiper js-stk-swiper\">\n            <ul class=\"stakeholder-feed__feed-list swiper-wrapper js-stk-wrapper\">\n                    <li class=\"swiper-slide stakeholder-card --theme3\">\n        <a class=\"stakeholder-card__link\" href=\"https:\/\/www.santamonica.com\/es\/restaurants\/perrys-at-the-beach\/\">\n            <div class=\"stakeholder-card__image\">\n                <img decoding=\"async\" src=\"https:\/\/assets.simpleviewinc.com\/simpleview\/image\/upload\/crm\/santamonica\/shop-2-glass-fire_bf7d640c-5056-b365-ab08dbfcbe6d0734.jpg\" alt=\"Perry&#039;s Caf\u00e9 y alquiler de art\u00edculos de playa\" title=\"\">\n            <\/div>\n            <div class=\"stakeholder-card__stk-info\">\n                <div class=\"stakeholder-card__stk-name\">Perry's Caf\u00e9 y alquiler de art\u00edculos de playa<\/div>\n                <div class=\"stakeholder-card__stk-cat\">estadounidense<\/div>\n            <\/div>\n        <\/a>\n    <\/li>\n        <li class=\"swiper-slide stakeholder-card --theme3\">\n        <a class=\"stakeholder-card__link\" href=\"https:\/\/www.santamonica.com\/es\/shopping\/big-5-sporting-goods\/\">\n            <div class=\"stakeholder-card__image\">\n                <img decoding=\"async\" src=\"https:\/\/assets.simpleviewinc.com\/simpleview\/image\/upload\/crm\/santamonica\/Screenshot-2024-10-22-at-3.24.32-PM_1F63304B-D1F6-AB66-57A5C373523A1FEC-1f632a799a0bec6_1f633fcc-fe9f-7a21-e494bf99fbbd8ee2.png\" alt=\"Big 5 Art\u00edculos deportivos\" title=\"\">\n            <\/div>\n            <div class=\"stakeholder-card__stk-info\">\n                <div class=\"stakeholder-card__stk-name\">Big 5 Art\u00edculos deportivos<\/div>\n                <div class=\"stakeholder-card__stk-cat\">Deportes\/Actividades al aire libre<\/div>\n            <\/div>\n        <\/a>\n    <\/li>\n        <li class=\"swiper-slide stakeholder-card --theme3\">\n        <a class=\"stakeholder-card__link\" href=\"https:\/\/www.santamonica.com\/es\/shopping\/marlenes-beachcomber\/\">\n            <div class=\"stakeholder-card__image\">\n                <img decoding=\"async\" src=\"https:\/\/api.threshold360.com\/step\/v2\/locations\/2098558\/thumbnail\" alt=\"La recolectora de playas de Marlene\" title=\"\">\n            <\/div>\n            <div class=\"stakeholder-card__stk-info\">\n                <div class=\"stakeholder-card__stk-name\">La recolectora de playas de Marlene<\/div>\n                <div class=\"stakeholder-card__stk-cat\">Compras<\/div>\n            <\/div>\n        <\/a>\n    <\/li>\n        <li class=\"swiper-slide stakeholder-card --theme3\">\n        <a class=\"stakeholder-card__link\" href=\"https:\/\/www.santamonica.com\/es\/shopping\/target\/\">\n            <div class=\"stakeholder-card__image\">\n                <img decoding=\"async\" src=\"https:\/\/www.santamonica.com\/wp-content\/uploads\/2024\/05\/placeholder_style-400x400.jpg\" alt=\"Objetivo\" title=\"\">\n            <\/div>\n            <div class=\"stakeholder-card__stk-info\">\n                <div class=\"stakeholder-card__stk-name\">Objetivo<\/div>\n                <div class=\"stakeholder-card__stk-cat\">Tienda departamental<\/div>\n            <\/div>\n        <\/a>\n    <\/li>\n                <\/ul>\n        <\/div>\n    <\/div>\n<\/section>\n\n\n\n<p class=\"base-block\"><\/p>\n\n\n\n<section class=\"image-section-break sm-block\">\n    <div class=\"image-section-break__image-wrapper\">\n                    <picture>\n                    <source\n                        media=\"(min-width: 768px)\"\n                        srcset=\"https:\/\/www.santamonica.com\/wp-content\/uploads\/2025\/06\/1U2B1803-scaled.jpg\"\n                    >\n                    <img decoding=\"async\" src=\"https:\/\/www.santamonica.com\/wp-content\/uploads\/2025\/06\/1U2B1803-scaled.jpg\" class=\"image-section-break__image\" alt=\"\" title=\"\">\n            <\/picture>\n                \n\n    <\/div>\n    <div class=\"image-section-break__text-content\">\n        <div class=\"image-section-break__first-content --theme3\">\n                            <div class=\"image-section-break__eyebrow-text\">D\u00f3nde jugar<\/div>\n                                        <h2 class=\"image-section-break__title\">Ubicaciones de los tribunales<\/h2>\n                                        <div class=\"image-section-break__body-copy wysiwyg\"><p>La playa estatal de Santa M\u00f3nica ofrece docenas de canchas de voleibol: seis \u00e1reas designadas, incluyendo lugares en Ocean Park South\/North, Tournament Beach, Sorrento Beach, Pier Courts (con luces para jugar por la noche) y el <a href=\"https:\/\/www.santamonica.com\/es\/cosas-que-hacer\/casa-de-playa-comunitaria-annenberg\/\">Casa de la Playa de la Comunidad Annenberg<\/a>\u2014todas ellas disponibles para reservar con antelaci\u00f3n. Adem\u00e1s, muchas canchas p\u00fablicas, especialmente al norte y al sur del muelle, est\u00e1n abiertas por orden de llegada.<\/p>\n<p>Si planeas con anticipaci\u00f3n, puedes reservar una cancha en l\u00ednea o en persona a trav\u00e9s del sistema ActiveNet de la ciudad (requerido para Annenberg, Pier Courts, Ocean Park, Sorrento y m\u00e1s), con hasta 28 d\u00edas de anticipaci\u00f3n, a un costo aproximado de $15 por hora. Algunas \u00e1reas pueden ofrecer opciones de reserva por hora por correo electr\u00f3nico o por tel\u00e9fono. No se necesita reservaci\u00f3n para las canchas de juego libre: el primero en llegar se queda con la cancha.<\/p>\n<\/div>\n                                <\/div>\n        <div class=\"image-section-break__second-content\">\n                            <div class=\"image-section-break__body-copy wysiwyg\"><p data-start=\"77\" data-end=\"593\"><strong data-start=\"196\" data-end=\"216\">Parque Oce\u00e1nico Sur<\/strong> (2600 Ocean Front Walk) \u2013 9 canchas (reservables)<\/p>\n<p data-start=\"77\" data-end=\"593\"><strong data-start=\"308\" data-end=\"328\">Parque Oce\u00e1nico Norte<\/strong> (100 Hollister Ave) \u2013 16 canchas (reservables) + 8 canchas por orden de llegada<\/p>\n<p data-start=\"77\" data-end=\"593\"><strong data-start=\"439\" data-end=\"467\">Canchas del muelle de Santa M\u00f3nica<\/strong> (1560 Appian Way) \u2013 4 canchas iluminadas para jugar por la noche (se pueden reservar).<\/p>\n<p data-start=\"77\" data-end=\"593\"><strong data-start=\"582\" data-end=\"602\">Playa del Torneo<\/strong> (1200 Pacific Coast Hwy) \u2013 15 canchas (reservables)<\/p>\n<p data-start=\"77\" data-end=\"593\"><strong data-start=\"696\" data-end=\"714\">Playa de Sorrento<\/strong> (810 Pacific Coast Hwy) \u2013 16 canchas (reservables)<\/p>\n<p data-start=\"77\" data-end=\"593\"><strong data-start=\"807\" data-end=\"842\">Casa de la Playa de la Comunidad Annenberg<\/strong> (415 Pacific Coast Hwy) \u2013 6 canchas (3 con reserva, 3 de juego libre)<\/p>\n<\/div>\n                                <\/div>\n    <\/div>\n<\/section>\n\n\n<section class=\"image-slider --theme1 sm-block\" >\n    <div class=\"image-slider__wrapper\">\n                    <div class=\"image-slider__copy wysiwyg\"><h5>Los mejores momentos para jugar<\/h5>\n<p>Las condiciones ideales para jugar son por la ma\u00f1ana (de 8 a 11) y al final de la tarde (de 4 a 7). Durante estas horas, es habitual encontrar tanto partidos informales como competiciones m\u00e1s organizadas, especialmente en primavera y verano. Los d\u00edas laborables suelen ofrecer un ambiente m\u00e1s relajado, mientras que los fines de semana las pistas se llenan de energ\u00eda. Para jugar por la noche, dir\u00edjase a las pistas Pier Courts, que est\u00e1n equipadas con iluminaci\u00f3n para partidos nocturnos.<\/p>\n<\/div>\n                <div class=\"image-slider__slider right\">\n                            <!-- Slider main container -->\n                <div class=\"swiper\">\n                    <!-- Additional required wrapper -->\n                    <div class=\"swiper-wrapper\">\n                        <!-- Slides -->\n                                                    <div class=\"swiper-slide\">\n                                <img decoding=\"async\" width=\"1024\" height=\"580\" src=\"https:\/\/www.santamonica.com\/wp-content\/uploads\/2025\/06\/Volleyball.png\" class=\"swiper-slide__image\" alt=\"\" loading=\"lazy\" srcset=\"https:\/\/www.santamonica.com\/wp-content\/uploads\/2025\/06\/Volleyball.png 1024w, https:\/\/www.santamonica.com\/wp-content\/uploads\/2025\/06\/Volleyball-300x170.png 300w, https:\/\/www.santamonica.com\/wp-content\/uploads\/2025\/06\/Volleyball-265x150.png 265w, https:\/\/www.santamonica.com\/wp-content\/uploads\/2025\/06\/Volleyball-768x435.png 768w\" sizes=\"auto, (max-width: 1024px) 100vw, 1024px\" title=\"\">                                \n\n                            <\/div>\n                                            <\/div>\n                                    <\/div>\n                    <\/div>\n    <\/div>\n<\/section>\n\n\n<section class=\"stakeholder-feed sm-block js-stk-root sm-block\" id=\"surflessons\">\n    <div class=\"stakeholder-feed__top\">\n        <div class=\"stakeholder-feed__intro\">\n                            <h1 class=\"stakeholder-feed__headline\">Clases de voleibol de playa en Santa M\u00f3nica<\/h1>                                        <div class=\"stakeholder-feed__intro-body wysiwyg\">\n                    <p>\u00bfTe interesa aprender o mejorar tu juego? Los instructores locales y los programas de voleibol de playa ofrecen clases privadas y grupales directamente en la arena, perfectas para principiantes, ni\u00f1os o cualquier persona que desee mejorar sus habilidades en un entorno divertido frente al mar.<\/p>\n                <\/div>\n                    <\/div>\n        <div class=\"stakeholder-feed__nav-section\">\n                            <h1 class=\"stakeholder-feed__feed-title\">Clases, cursos y campamentos<\/h1>                        \n                        <div class=\"stakeholder-feed__pagination xxx--desktop-hide\">\n                <div class=\"swiper-button-prev stakeholder-feed__pagination-prev\"><\/div>\n                <div class=\"swiper-button-next stakeholder-feed__pagination-next\"><\/div>\n            <\/div>\n        <\/div>\n    <\/div>\n    <div class=\"stakeholder-feed__bottom\">\n        <div class=\"stakeholder-feed__feed-list-wrapper swiper js-stk-swiper\">\n            <ul class=\"stakeholder-feed__feed-list swiper-wrapper js-stk-wrapper\">\n                    <li class=\"swiper-slide stakeholder-card --theme3\">\n        <a class=\"stakeholder-card__link\" href=\"https:\/\/www.santamonica.com\/es\/stakeholder\/sinjin-smiths-beach-volleyball-camp\/\">\n            <div class=\"stakeholder-card__image\">\n                <img decoding=\"async\" src=\"https:\/\/assets.simpleviewinc.com\/simpleview\/image\/upload\/crm\/santamonica\/o_B664737A-B8EE-1A8F-845B2EB14F93EB87-b6647298afd7ca1_b6647e0a-0d61-c4cb-429ff4a8c522a059.jpg\" alt=\"Campamento de voleibol de playa de Sinjin Smith\" title=\"\">\n            <\/div>\n            <div class=\"stakeholder-card__stk-info\">\n                <div class=\"stakeholder-card__stk-name\">Campamento de voleibol de playa de Sinjin Smith<\/div>\n                <div class=\"stakeholder-card__stk-cat\">Playa\/Aire libre<\/div>\n            <\/div>\n        <\/a>\n    <\/li>\n        <li class=\"swiper-slide stakeholder-card --theme3\">\n        <a class=\"stakeholder-card__link\" href=\"https:\/\/www.santamonica.com\/es\/things-to-do\/santa-monica-beach-volleyball\/\">\n            <div class=\"stakeholder-card__image\">\n                <img decoding=\"async\" src=\"https:\/\/assets.simpleviewinc.com\/simpleview\/image\/upload\/crm\/santamonica\/DSC_0526-EDIT_Original_3913CB4F-E4AD-4510-A87DCBDA620C1C49_848da3f7-dba3-4d75-b5f011c3b7d8ddc0.jpg\" alt=\"Santa Monica Beach Volleyball Co.\" title=\"\">\n            <\/div>\n            <div class=\"stakeholder-card__stk-info\">\n                <div class=\"stakeholder-card__stk-name\">Santa Monica Beach Volleyball Co.<\/div>\n                <div class=\"stakeholder-card__stk-cat\">Playa\/Aire libre<\/div>\n            <\/div>\n        <\/a>\n    <\/li>\n        <li class=\"swiper-slide stakeholder-card --theme3\">\n        <a class=\"stakeholder-card__link\" href=\"https:\/\/www.santamonica.com\/es\/things-to-do\/annenberg-community-beach-house\/\">\n            <div class=\"stakeholder-card__image\">\n                <img decoding=\"async\" src=\"https:\/\/assets.simpleviewinc.com\/simpleview\/image\/upload\/crm\/santamonica\/bart-bartholomew-photo-for-info-card-S150_bff66770-5056-b365-ab703cfb83549b24.jpg\" alt=\"Casa de la Playa de la Comunidad Annenberg\" title=\"\">\n            <\/div>\n            <div class=\"stakeholder-card__stk-info\">\n                <div class=\"stakeholder-card__stk-name\">Casa de la Playa de la Comunidad Annenberg<\/div>\n                <div class=\"stakeholder-card__stk-cat\">Lugar para eventos especiales<\/div>\n            <\/div>\n        <\/a>\n    <\/li>\n                <\/ul>\n        <\/div>\n    <\/div>\n<\/section>\n\n\n<section class=\"blog-feed --theme8 sm-block\">\n    <div class=\"blog-feed__content\">\n        <div class=\"blog-feed__intro\">\n                            <div class=\"blog-feed__eyebrow eyebrow\">Blogs<\/div>                                        <h2 class=\"blog-feed__headline\">Descubre Santa M\u00f3nica<\/h2>                                        <div class=\"blog-feed__body\"><p>Explore itinerarios, consejos locales, lugares de inter\u00e9s y aventuras seleccionadas para sacar el m\u00e1ximo partido a su experiencia en Santa M\u00f3nica.<\/p>\n<\/div>\n                                        <a class=\"blog-feed__cta\" href=\"https:\/\/www.santamonica.com\/es\/entradas-de-blog\/\">Ver todos los blogs<\/a>\n                    <\/div>\n\n        <ul class=\"blog-feed__list\">\n                                                <li class=\"blog-feed__item\">\n                        <a href=\"https:\/\/www.santamonica.com\/es\/mother-road-modern-meetings-route-66-meeting-spaces-set-to-shine-for-centennial-in-santa-monica\/\" class=\"blog-feed__item-link\">\n                            <div class=\"blog-feed__image-ratio\">\n                                <img decoding=\"async\" class=\"blog-feed__image\" src=\"https:\/\/www.santamonica.com\/wp-content\/uploads\/2025\/12\/untitledJuly20162C2020180010-182-2-400x400.jpg\" alt=\"MOTHER ROAD, REUNIONES MODERNAS: LOS ESPACIOS DE REUNI\u00d3N DE LA RUTA 66 LISTOS PARA BRILLAR EN EL CENTENARIO EN SANTA M\u00d3NICA\" title=\"\">\n                            <\/div>\n                            <div class=\"blog-feed__card-title\">MOTHER ROAD, REUNIONES MODERNAS: LOS ESPACIOS DE REUNI\u00d3N DE LA RUTA 66 LISTOS PARA BRILLAR EN EL CENTENARIO EN SANTA M\u00d3NICA<\/div>\n                        <\/a>\n                    <\/li>\n                                                                <li class=\"blog-feed__item\">\n                        <a href=\"https:\/\/www.santamonica.com\/es\/media\/news-release\/santa-monica-announces-song-contest-in-celebration-of-route-66-centennial\/\" class=\"blog-feed__item-link\">\n                            <div class=\"blog-feed__image-ratio\">\n                                <img decoding=\"async\" class=\"blog-feed__image\" src=\"https:\/\/www.santamonica.com\/wp-content\/uploads\/2025\/11\/DSC01084-400x400.jpg\" alt=\"SANTA M\u00d3NICA ANUNCIA UN CONCURSO DE CANCIONES PARA CELEBRAR EL CENTENARIO DE LA RUTA 66\" title=\"\">\n                            <\/div>\n                            <div class=\"blog-feed__card-title\">SANTA M\u00d3NICA ANUNCIA UN CONCURSO DE CANCIONES PARA CELEBRAR EL CENTENARIO DE LA RUTA 66<\/div>\n                        <\/a>\n                    <\/li>\n                                                                <li class=\"blog-feed__item\">\n                        <a href=\"https:\/\/www.santamonica.com\/es\/media\/news-release\/where-to-watch-the-world-series-in-santa-monica\/\" class=\"blog-feed__item-link\">\n                            <div class=\"blog-feed__image-ratio\">\n                                <img decoding=\"async\" class=\"blog-feed__image\" src=\"https:\/\/www.santamonica.com\/wp-content\/uploads\/2025\/10\/dodgers-logo-1-400x400.jpg\" alt=\"D\u00d3NDE VER LAS SERIES MUNDIALES EN SANTA MONICA\" title=\"\">\n                            <\/div>\n                            <div class=\"blog-feed__card-title\">D\u00d3NDE VER LAS SERIES MUNDIALES EN SANTA MONICA<\/div>\n                        <\/a>\n                    <\/li>\n                                    <\/ul>\n    <\/div>\n<\/section>","protected":false},"excerpt":{"rendered":"","protected":false},"author":1421,"featured_media":767360,"parent":0,"menu_order":0,"comment_status":"closed","ping_status":"closed","template":"template-editorial.php","meta":{"_acf_changed":false,"inline_featured_image":false,"footnotes":""},"silos":[3899],"class_list":["post-767357","page","type-page","status-publish","has-post-thumbnail","hentry"],"acf":[],"_links":{"self":[{"href":"https:\/\/www.santamonica.com\/es\/wp-json\/wp\/v2\/pages\/767357","targetHints":{"allow":["GET"]}}],"collection":[{"href":"https:\/\/www.santamonica.com\/es\/wp-json\/wp\/v2\/pages"}],"about":[{"href":"https:\/\/www.santamonica.com\/es\/wp-json\/wp\/v2\/types\/page"}],"author":[{"embeddable":true,"href":"https:\/\/www.santamonica.com\/es\/wp-json\/wp\/v2\/users\/1421"}],"replies":[{"embeddable":true,"href":"https:\/\/www.santamonica.com\/es\/wp-json\/wp\/v2\/comments?post=767357"}],"version-history":[{"count":16,"href":"https:\/\/www.santamonica.com\/es\/wp-json\/wp\/v2\/pages\/767357\/revisions"}],"predecessor-version":[{"id":767559,"href":"https:\/\/www.santamonica.com\/es\/wp-json\/wp\/v2\/pages\/767357\/revisions\/767559"}],"wp:featuredmedia":[{"embeddable":true,"href":"https:\/\/www.santamonica.com\/es\/wp-json\/wp\/v2\/media\/767360"}],"wp:attachment":[{"href":"https:\/\/www.santamonica.com\/es\/wp-json\/wp\/v2\/media?parent=767357"}],"wp:term":[{"taxonomy":"silos","embeddable":true,"href":"https:\/\/www.santamonica.com\/es\/wp-json\/wp\/v2\/silos?post=767357"}],"curies":[{"name":"wp","href":"https:\/\/api.w.org\/{rel}","templated":true}]}}