{"id":765600,"date":"2025-04-23T11:36:30","date_gmt":"2025-04-23T18:36:30","guid":{"rendered":"https:\/\/www.santamonica.com\/?page_id=765600"},"modified":"2025-05-05T15:33:18","modified_gmt":"2025-05-05T22:33:18","slug":"cinco-de-mayo","status":"publish","type":"page","link":"https:\/\/www.santamonica.com\/es\/things-to-do\/cinco-de-mayo\/","title":{"rendered":"Cinco de Mayo en Santa M\u00f3nica"},"content":{"rendered":"<section class=\"two-images container-max sm-block --flip sm-block\">\n    <div class=\"two-images__container --flip\">\n\n        <div class=\"two-images__column\">\n            <div class=\"two-images__content\">\n                <div class=\"two-images__content-header-container\">\n                                            <h3 class=\"two-images__content-header\">Eventos<\/h3>                                    <\/div>\n                                    <div class=\"two-images__content-body wysiwyg\">\n                        <p><strong>Downtown Santa Monica, Inc. (Evento Promenade)<br \/>\n<\/strong><em>Domingo 4 de mayo de 15.00 a 18.00 horas<br \/>\n<\/em><span data-sheets-root=\"1\">M\u00fasica en directo, celebraci\u00f3n familiar en el paseo de la calle Tercera. <a href=\"https:\/\/www.eventbrite.com\/e\/2025-cinco-de-mayo-on-the-promenade-tickets-1324163742399\" target=\"_blank\" rel=\"noopener\">M\u00e1s informaci\u00f3n.<\/a><\/span><\/p>\n<p><strong>ALPFA Los \u00c1ngeles<br \/>\n<\/strong><em>S\u00e1bado, 3 de mayo - 7:30 - 11:00 horas<br \/>\n<\/em><span data-sheets-root=\"1\">Organizado por ALPFA Los \u00c1ngeles, incluye una carrera popular y un encuentro comunitario. <a href=\"https:\/\/www.eventbrite.com\/e\/alpfa-los-angeles-cinco-de-mayo-run-tickets-1312031504549\" target=\"_blank\" rel=\"noopener\">M\u00e1s informaci\u00f3n.<\/a><\/span><\/p>\n<p><strong>Viceroy Santa M\u00f3nica<br \/>\n<\/strong><em>Lunes 5 de mayo<br \/>\n<\/em><span data-sheets-root=\"1\">Fiesta con ofertas especiales de comida y bebida, ambiente junto a la piscina. <a href=\"https:\/\/www.viceroyhotelsandresorts.com\/santa-monica\/activities\/calendar\/cinco-de-mayo-fiesta\" target=\"_blank\" rel=\"noopener\">Visite el sitio web.<\/a><\/span><\/p>\n<p><strong>Tacos y Margaritas<\/strong><br \/>\n<em>S\u00e1bado 3 de mayo, de 14.00 a 19.00 horas<br \/>\n<\/em>Prep\u00e1rate para animar tu fin de semana del Cinco de Mayo en el Santa Monica Tacos &amp; Margs Crawl. <a href=\"https:\/\/www.santamonica.com\/es\/evento\/ruta-gastronomica-de-tacos-y-margaritas-en-santa-monica\/\" target=\"_blank\" rel=\"noopener\">M\u00e1s informaci\u00f3n.<\/a><\/p>\n                    <\/div>\n                                            <\/div>\n        <\/div>\n\n        <div class=\"two-images__column\">\n                            <div class=\"two-images__image-container\">\n                    <img decoding=\"async\" width=\"424\" height=\"504\" src=\"https:\/\/www.santamonica.com\/wp-content\/uploads\/2025\/04\/cinco_424x504-1.jpg\" class=\"two-images__image\" alt=\"\" loading=\"lazy\" srcset=\"https:\/\/www.santamonica.com\/wp-content\/uploads\/2025\/04\/cinco_424x504-1.jpg 424w, https:\/\/www.santamonica.com\/wp-content\/uploads\/2025\/04\/cinco_424x504-1-252x300.jpg 252w, https:\/\/www.santamonica.com\/wp-content\/uploads\/2025\/04\/cinco_424x504-1-126x150.jpg 126w\" sizes=\"auto, (max-width: 424px) 100vw, 424px\" title=\"\">                    \n\n                <\/div>\n                    <\/div>\n\n        <div class=\"two-images__column\">\n                            <div class=\"two-images__image-container\">\n                    <img decoding=\"async\" width=\"600\" height=\"564\" src=\"https:\/\/www.santamonica.com\/wp-content\/uploads\/2025\/04\/Cinco_600x564-1.jpg\" class=\"two-images__image\" alt=\"\" loading=\"lazy\" srcset=\"https:\/\/www.santamonica.com\/wp-content\/uploads\/2025\/04\/Cinco_600x564-1.jpg 600w, https:\/\/www.santamonica.com\/wp-content\/uploads\/2025\/04\/Cinco_600x564-1-300x282.jpg 300w, https:\/\/www.santamonica.com\/wp-content\/uploads\/2025\/04\/Cinco_600x564-1-160x150.jpg 160w\" sizes=\"auto, (max-width: 600px) 100vw, 600px\" title=\"\">                    \n\n                <\/div>\n                    <\/div>\n\n    <\/div>\n<\/section>\n\n\n<section class=\"sun-title sm-block --theme6 sm-block\">\n            <h3 class=\"sun-title__headline\">Especiales del Cinco de Mayo<\/h3>    \n            <div class=\"sun-title__body  wysiwyg\">\n                    <p><strong>Caf\u00e9 y mercado Thyme<br \/>\n<\/strong>Men\u00fa de catering para el Cinco de Mayo que incluye el paquete Fiesta para seis personas, platos, sopas, ensaladas, entrantes, guarniciones y postres en <a href=\"https:\/\/www.santamonica.com\/es\/restaurantes\/mercado-del-cafe-thyme\/\">Caf\u00e9 y mercado Thyme<\/a>. Los precios var\u00edan. Pedidos con 3 d\u00edas de antelaci\u00f3n por correo electr\u00f3nico.<\/p>\n<p><strong>El Bungalow<br \/>\n<\/strong>Bebidas especiales con mariachi en directo y DJ Maxv en <a href=\"https:\/\/www.santamonica.com\/es\/restaurantes\/el-bungalo\/\">El Bungalow<\/a>.<strong><br \/>\n<\/strong><\/p>\n<p><strong>Taco Blue Plate<\/strong><br \/>\nCompre 2 tacos y ll\u00e9vese el tercero gratis en el <a href=\"https:\/\/www.santamonica.com\/es\/restaurantes\/taco-de-plato-azul\/\" target=\"_blank\" rel=\"noopener\">Blue Plate Taco.<\/a><\/p>\n<p><span data-sheets-root=\"1\"><strong>Lunetta<\/strong><br \/>\nSabor a Puerto Nuevo + Brunch del Cinco de Mayo en <a href=\"https:\/\/www.santamonica.com\/es\/restaurantes\/luneta\/\">Lunetta.<\/a><br \/>\n<\/span><\/p>\n<p><strong>Captura en el Pac\u00edfico<\/strong><br \/>\nMen\u00fa del Cinco de Mayo y ofertas especiales en <a href=\"https:\/\/www.santamonica.com\/es\/restaurantes\/captura-del-pacifico\/\">Captura en el Pac\u00edfico<\/a>.<\/p>\n<p><strong data-start=\"497\" data-end=\"530\">Casa Martin Autentico Mexicano<\/strong><br data-start=\"530\" data-end=\"533\" \/><em data-start=\"533\" data-end=\"573\">Domingo, 5 de mayo de 2025 | DJ en directo a partir de las 5PM<\/em><br data-start=\"573\" data-end=\"576\" \/>\u00danete a la fiesta con un DJ en directo y disfruta de $10 margaritas, $24 vuelos y $12 tacos en <a href=\"https:\/\/www.santamonica.com\/es\/restaurantes\/casa-martin-12513\/\" target=\"_blank\" rel=\"noopener\">Casa Martin<\/a>. Por orden de llegada<\/p>\n                        <\/div>\n    <\/section>\n\n\n\n<p class=\"has-text-align-center base-block\"><br><em>\u00bfEs usted un negocio de Santa M\u00f3nica con un especial o evento que le gustar\u00eda incluir en esta p\u00e1gina? <a href=\"https:\/\/www.santamonica.com\/es\/formulario-de-envio-de-ofertas-especiales-para-empresas\/\">Env\u00ede su especial aqu\u00ed.<\/a><\/em><\/p>\n\n\n<section class=\"blog-feed --theme8 sm-block\">\n    <div class=\"blog-feed__content\">\n        <div class=\"blog-feed__intro\">\n                            <div class=\"blog-feed__eyebrow eyebrow\">Blogs<\/div>                                        <h2 class=\"blog-feed__headline\">Descubre Santa M\u00f3nica<\/h2>                                        <div class=\"blog-feed__body\"><p>Explore itinerarios, consejos locales, lugares de inter\u00e9s y aventuras seleccionadas para sacar el m\u00e1ximo partido a su experiencia en Santa M\u00f3nica.<\/p>\n<\/div>\n                                        <a class=\"blog-feed__cta\" href=\"https:\/\/www.santamonica.com\/es\/entradas-de-blog\/\">Ver todos los blogs<\/a>\n                    <\/div>\n\n        <ul class=\"blog-feed__list\">\n                                                <li class=\"blog-feed__item\">\n                        <a href=\"https:\/\/www.santamonica.com\/es\/mother-road-modern-meetings-route-66-meeting-spaces-set-to-shine-for-centennial-in-santa-monica\/\" class=\"blog-feed__item-link\">\n                            <div class=\"blog-feed__image-ratio\">\n                                <img decoding=\"async\" class=\"blog-feed__image\" src=\"https:\/\/www.santamonica.com\/wp-content\/uploads\/2025\/12\/untitledJuly20162C2020180010-182-2-400x400.jpg\" alt=\"MOTHER ROAD, REUNIONES MODERNAS: LOS ESPACIOS DE REUNI\u00d3N DE LA RUTA 66 LISTOS PARA BRILLAR EN EL CENTENARIO EN SANTA M\u00d3NICA\" title=\"\">\n                            <\/div>\n                            <div class=\"blog-feed__card-title\">MOTHER ROAD, REUNIONES MODERNAS: LOS ESPACIOS DE REUNI\u00d3N DE LA RUTA 66 LISTOS PARA BRILLAR EN EL CENTENARIO EN SANTA M\u00d3NICA<\/div>\n                        <\/a>\n                    <\/li>\n                                                                <li class=\"blog-feed__item\">\n                        <a href=\"https:\/\/www.santamonica.com\/es\/media\/news-release\/santa-monica-announces-song-contest-in-celebration-of-route-66-centennial\/\" class=\"blog-feed__item-link\">\n                            <div class=\"blog-feed__image-ratio\">\n                                <img decoding=\"async\" class=\"blog-feed__image\" src=\"https:\/\/www.santamonica.com\/wp-content\/uploads\/2025\/11\/DSC01084-400x400.jpg\" alt=\"SANTA M\u00d3NICA ANUNCIA UN CONCURSO DE CANCIONES PARA CELEBRAR EL CENTENARIO DE LA RUTA 66\" title=\"\">\n                            <\/div>\n                            <div class=\"blog-feed__card-title\">SANTA M\u00d3NICA ANUNCIA UN CONCURSO DE CANCIONES PARA CELEBRAR EL CENTENARIO DE LA RUTA 66<\/div>\n                        <\/a>\n                    <\/li>\n                                                                <li class=\"blog-feed__item\">\n                        <a href=\"https:\/\/www.santamonica.com\/es\/media\/news-release\/where-to-watch-the-world-series-in-santa-monica\/\" class=\"blog-feed__item-link\">\n                            <div class=\"blog-feed__image-ratio\">\n                                <img decoding=\"async\" class=\"blog-feed__image\" src=\"https:\/\/www.santamonica.com\/wp-content\/uploads\/2025\/10\/dodgers-logo-1-400x400.jpg\" alt=\"D\u00d3NDE VER LAS SERIES MUNDIALES EN SANTA MONICA\" title=\"\">\n                            <\/div>\n                            <div class=\"blog-feed__card-title\">D\u00d3NDE VER LAS SERIES MUNDIALES EN SANTA MONICA<\/div>\n                        <\/a>\n                    <\/li>\n                                    <\/ul>\n    <\/div>\n<\/section>\n\n\n\n<p class=\"base-block\"><\/p>","protected":false},"excerpt":{"rendered":"<p>Are you a Santa Monica business with a special or event that you would like included on this page? Submit your special here.<\/p>","protected":false},"author":1421,"featured_media":765602,"parent":0,"menu_order":0,"comment_status":"closed","ping_status":"closed","template":"template-editorial.php","meta":{"_acf_changed":false,"inline_featured_image":false,"footnotes":""},"silos":[3899],"class_list":["post-765600","page","type-page","status-publish","has-post-thumbnail","hentry"],"acf":[],"_links":{"self":[{"href":"https:\/\/www.santamonica.com\/es\/wp-json\/wp\/v2\/pages\/765600","targetHints":{"allow":["GET"]}}],"collection":[{"href":"https:\/\/www.santamonica.com\/es\/wp-json\/wp\/v2\/pages"}],"about":[{"href":"https:\/\/www.santamonica.com\/es\/wp-json\/wp\/v2\/types\/page"}],"author":[{"embeddable":true,"href":"https:\/\/www.santamonica.com\/es\/wp-json\/wp\/v2\/users\/1421"}],"replies":[{"embeddable":true,"href":"https:\/\/www.santamonica.com\/es\/wp-json\/wp\/v2\/comments?post=765600"}],"version-history":[{"count":18,"href":"https:\/\/www.santamonica.com\/es\/wp-json\/wp\/v2\/pages\/765600\/revisions"}],"predecessor-version":[{"id":765979,"href":"https:\/\/www.santamonica.com\/es\/wp-json\/wp\/v2\/pages\/765600\/revisions\/765979"}],"wp:featuredmedia":[{"embeddable":true,"href":"https:\/\/www.santamonica.com\/es\/wp-json\/wp\/v2\/media\/765602"}],"wp:attachment":[{"href":"https:\/\/www.santamonica.com\/es\/wp-json\/wp\/v2\/media?parent=765600"}],"wp:term":[{"taxonomy":"silos","embeddable":true,"href":"https:\/\/www.santamonica.com\/es\/wp-json\/wp\/v2\/silos?post=765600"}],"curies":[{"name":"wp","href":"https:\/\/api.w.org\/{rel}","templated":true}]}}